{"id":1553,"date":"2025-05-14T08:56:29","date_gmt":"2025-05-14T08:56:29","guid":{"rendered":"https:\/\/www.sknfastener.com\/?post_type=product&#038;p=1553"},"modified":"2025-05-17T18:29:02","modified_gmt":"2025-05-17T10:29:02","slug":"quick-release-pin-supplier","status":"publish","type":"product","link":"https:\/\/www.sknfastener.com\/da\/vare\/quick-release-pin-supplier\/","title":{"rendered":"Leverand\u00f8r af hurtigudl\u00f8serbolte"},"content":{"rendered":"<h5>Som leverand\u00f8r af quick release pins. Quick release pins er pr\u00e6cisionsudviklede fastg\u00f8relsesl\u00f8sninger, der er designet til hurtig montering og demontering uden brug af v\u00e6rkt\u00f8j. Med sikre l\u00e5semekanismer som kuglel\u00e5s eller trykknaptyper sikrer de p\u00e5lidelig ydeevne i kr\u00e6vende anvendelser inden for industri, rumfart, marine og bilindustrien.<\/h5>\n<p><b data-spm-anchor-id=\"a2700.details-description.0.i0.6a35qOHSqOHSKR\">1. Hvordan kan jeg f\u00e5 prisen? <\/b>-Vi giver normalt et tilbud inden for 24 timer efter, at vi har modtaget din foresp\u00f8rgsel (undtagen weekend og helligdage). Hvis du er meget presserende for at f\u00e5 prisen, bedes du sende os en e-mail eller kontakte os p\u00e5 andre m\u00e5der, s\u00e5 vi kan tilbyde dig et tilbud.<\/p>\n<p><b>2. Kan jeg k\u00f8be pr\u00f8ver, n\u00e5r jeg bestiller? <\/b>-Ja, du er velkommen til at kontakte os.<\/p>\n<p><b>3. Hvad er din leveringstid? <\/b>-Det afh\u00e6nger af ordrem\u00e6ngden og den s\u00e6son, du bestiller. -Normalt kan vi sende inden for 7-15 dage for sm\u00e5 m\u00e6ngder og ca. 30 dage for store m\u00e6ngder. <b>4<\/b><\/p>\n<p><b>Hvad er din betalingsfrist? <\/b>-T\/T, Western Union, MoneyGram og Paypal. Dette er til forhandling.<\/p>\n<p><b>5. Hvad er forsendelsesmetoden? <\/b>-Det kan sendes ad s\u00f8vejen, med fly eller med ekspres (EMS, UPS, DHL, TNT, FEDEX og ect). Bekr\u00e6ft venligst med os, f\u00f8r du afgiver ordrer.<\/p>\n<p><b>6. Hvordan skaber du et langsigtet og godt forhold til vores forretning? <\/b>-1. Vi holder god kvalitet og konkurrencedygtig pris for at sikre vores kunder fordel; -2. Vi respekterer hver kunde som vores ven, og vi g\u00f8r oprigtigt forretning og bliver venner med dem, uanset hvor de kommer fra.<\/p>","protected":false},"excerpt":{"rendered":"<p>Quick Release Pin Supplier Push-button release pins giver en kompakt og lavprofileret l\u00e5sel\u00f8sning. Med et fladt knaphoved og en indvendig l\u00e5semekanisme er de perfekte til trange steder og anvendelser, der kr\u00e6ver en ren finish, f.eks. medicinsk udstyr, elektronik eller transportsystemer.<\/p>","protected":false},"featured_media":1792,"comment_status":"closed","ping_status":"closed","template":"","meta":{"site-sidebar-layout":"default","site-content-layout":"","ast-site-content-layout":"default","site-content-style":"default","site-sidebar-style":"default","ast-global-header-display":"","ast-banner-title-visibility":"","ast-main-header-display":"","ast-hfb-above-header-display":"","ast-hfb-below-header-display":"","ast-hfb-mobile-header-display":"","site-post-title":"","ast-breadcrumbs-content":"","ast-featured-img":"","footer-sml-layout":"","ast-disable-related-posts":"","theme-transparent-header-meta":"default","adv-header-id-meta":"","stick-header-meta":"","header-above-stick-meta":"","header-main-stick-meta":"","header-below-stick-meta":"","astra-migrate-meta-layouts":"set","ast-page-background-enabled":"default","ast-page-background-meta":{"desktop":{"background-color":"var(--ast-global-color-4)","background-image":"","background-repeat":"repeat","background-position":"center center","background-size":"auto","background-attachment":"scroll","background-type":"","background-media":"","overlay-type":"","overlay-color":"","overlay-opacity":"","overlay-gradient":""},"tablet":{"background-color":"","background-image":"","background-repeat":"repeat","background-position":"center center","background-size":"auto","background-attachment":"scroll","background-type":"","background-media":"","overlay-type":"","overlay-color":"","overlay-opacity":"","overlay-gradient":""},"mobile":{"background-color":"","background-image":"","background-repeat":"repeat","background-position":"center center","background-size":"auto","background-attachment":"scroll","background-type":"","background-media":"","overlay-type":"","overlay-color":"","overlay-opacity":"","overlay-gradient":""}},"ast-content-background-meta":{"desktop":{"background-color":"var(--ast-global-color-5)","background-image":"","background-repeat":"repeat","background-position":"center center","background-size":"auto","background-attachment":"scroll","background-type":"","background-media":"","overlay-type":"","overlay-color":"","overlay-opacity":"","overlay-gradient":""},"tablet":{"background-color":"var(--ast-global-color-5)","background-image":"","background-repeat":"repeat","background-position":"center center","background-size":"auto","background-attachment":"scroll","background-type":"","background-media":"","overlay-type":"","overlay-color":"","overlay-opacity":"","overlay-gradient":""},"mobile":{"background-color":"var(--ast-global-color-5)","background-image":"","background-repeat":"repeat","background-position":"center center","background-size":"auto","background-attachment":"scroll","background-type":"","background-media":"","overlay-type":"","overlay-color":"","overlay-opacity":"","overlay-gradient":""}}},"product_brand":[],"product_cat":[19],"product_tag":[],"class_list":{"0":"post-1553","1":"product","2":"type-product","3":"status-publish","4":"has-post-thumbnail","6":"product_cat-fasteners","8":"first","9":"instock","10":"shipping-taxable","11":"product-type-simple"},"_links":{"self":[{"href":"https:\/\/www.sknfastener.com\/da\/wp-json\/wp\/v2\/product\/1553","targetHints":{"allow":["GET"]}}],"collection":[{"href":"https:\/\/www.sknfastener.com\/da\/wp-json\/wp\/v2\/product"}],"about":[{"href":"https:\/\/www.sknfastener.com\/da\/wp-json\/wp\/v2\/types\/product"}],"replies":[{"embeddable":true,"href":"https:\/\/www.sknfastener.com\/da\/wp-json\/wp\/v2\/comments?post=1553"}],"version-history":[{"count":2,"href":"https:\/\/www.sknfastener.com\/da\/wp-json\/wp\/v2\/product\/1553\/revisions"}],"predecessor-version":[{"id":1845,"href":"https:\/\/www.sknfastener.com\/da\/wp-json\/wp\/v2\/product\/1553\/revisions\/1845"}],"wp:featuredmedia":[{"embeddable":true,"href":"https:\/\/www.sknfastener.com\/da\/wp-json\/wp\/v2\/media\/1792"}],"wp:attachment":[{"href":"https:\/\/www.sknfastener.com\/da\/wp-json\/wp\/v2\/media?parent=1553"}],"wp:term":[{"taxonomy":"product_brand","embeddable":true,"href":"https:\/\/www.sknfastener.com\/da\/wp-json\/wp\/v2\/product_brand?post=1553"},{"taxonomy":"product_cat","embeddable":true,"href":"https:\/\/www.sknfastener.com\/da\/wp-json\/wp\/v2\/product_cat?post=1553"},{"taxonomy":"product_tag","embeddable":true,"href":"https:\/\/www.sknfastener.com\/da\/wp-json\/wp\/v2\/product_tag?post=1553"}],"curies":[{"name":"wp","href":"https:\/\/api.w.org\/{rel}","templated":true}]}}