{"id":1622,"date":"2025-05-15T06:58:48","date_gmt":"2025-05-15T06:58:48","guid":{"rendered":"https:\/\/www.sknfastener.com\/?post_type=product&#038;p=1622"},"modified":"2025-05-17T18:24:46","modified_gmt":"2025-05-17T10:24:46","slug":"quick-release-ball-lock-pin","status":"publish","type":"product","link":"https:\/\/www.sknfastener.com\/da\/vare\/quick-release-ball-lock-pin\/","title":{"rendered":"Hurtigudl\u00f8sende kuglel\u00e5sestift"},"content":{"rendered":"<ul>\n<li class=\"\" data-start=\"831\" data-end=\"899\">\n<p class=\"\" data-start=\"833\" data-end=\"899\"><strong data-start=\"833\" data-end=\"845\">Materiale<\/strong>: Krop - rustfrit st\u00e5l 304, ring - rustfrit st\u00e5l<\/p>\n<\/li>\n<li class=\"\" data-start=\"900\" data-end=\"943\">\n<p class=\"\" data-start=\"902\" data-end=\"943\"><strong data-start=\"902\" data-end=\"920\">Overfladefinish<\/strong>: Poleret<\/p>\n<\/li>\n<li class=\"\" data-start=\"944\" data-end=\"982\">\n<p class=\"\" data-start=\"946\" data-end=\"982\"><strong data-start=\"946\" data-end=\"967\">Pin-diametre (A)<\/strong>: 5 mm til 25 mm<\/p>\n<\/li>\n<li class=\"\" data-start=\"983\" data-end=\"1039\">\n<p class=\"\" data-start=\"985\" data-end=\"1039\"><strong data-start=\"985\" data-end=\"1007\">Anvendelige l\u00e6ngder (H)<\/strong>: 10 mm til 100 mm (kan tilpasses)<\/p>\n<\/li>\n<li class=\"\" data-start=\"1040\" data-end=\"1075\">\n<p class=\"\" data-start=\"1042\" data-end=\"1075\"><strong data-start=\"1042\" data-end=\"1055\">Tolerance<\/strong>: +0,00 \/ -1,00 mm<\/p>\n<\/li>\n<li class=\"\" data-start=\"1076\" data-end=\"1108\">\n<p class=\"\" data-start=\"1078\" data-end=\"1108\"><strong data-start=\"1078\" data-end=\"1094\">H\u00e5ndtagets stil<\/strong>: Rund ring<\/p>\n<\/li>\n<li class=\"\" data-start=\"1109\" data-end=\"1155\">\n<p class=\"\" data-start=\"1111\" data-end=\"1155\"><strong data-start=\"1111\" data-end=\"1124\">Kugletype<\/strong>: Dobbelt kuglel\u00e5semekanisme<\/p>\n<\/li>\n<li class=\"\" data-start=\"1156\" data-end=\"1225\">\n<p class=\"\" data-start=\"1158\" data-end=\"1225\"><strong data-start=\"1158\" data-end=\"1179\">Anvendelsesomr\u00e5de<\/strong>: Op til 100 cyklusser pr. dag uden deformation<\/p>\n<\/li>\n<\/ul>\n<p>&nbsp;<\/p>\n<h2 class=\"\" data-start=\"1232\" data-end=\"1259\">Dimensionstabel (mm)<\/h2>\n<div class=\"_tableContainer_16hzy_1\">\n<div class=\"_tableWrapper_16hzy_14 group flex w-fit flex-col-reverse\" tabindex=\"-1\">\n<table class=\"w-fit min-w-(--thread-content-width)\" data-start=\"1261\" data-end=\"2467\">\n<thead data-start=\"1261\" data-end=\"1382\">\n<tr data-start=\"1261\" data-end=\"1382\">\n<th data-start=\"1261\" data-end=\"1276\" data-col-size=\"sm\">Diameter (A)<\/th>\n<th data-start=\"1276\" data-end=\"1296\" data-col-size=\"sm\">Anvendelig l\u00e6ngde (H)<\/th>\n<th data-start=\"1296\" data-end=\"1305\" data-col-size=\"sm\">\u03a6A<\/th>\n<th data-start=\"1305\" data-end=\"1315\" data-col-size=\"sm\">B<\/th>\n<th data-start=\"1315\" data-end=\"1326\" data-col-size=\"sm\">C<\/th>\n<th data-start=\"1326\" data-end=\"1336\" data-col-size=\"sm\">D<\/th>\n<th data-start=\"1336\" data-end=\"1346\" data-col-size=\"sm\">E<\/th>\n<th data-start=\"1346\" data-end=\"1356\" data-col-size=\"sm\">G<\/th>\n<th data-start=\"1356\" data-end=\"1366\" data-col-size=\"sm\">H<\/th>\n<th data-start=\"1366\" data-end=\"1376\" data-col-size=\"sm\">I<\/th>\n<th data-start=\"1376\" data-end=\"1382\" data-col-size=\"sm\">J<\/th>\n<\/tr>\n<\/thead>\n<tbody data-start=\"1504\" data-end=\"2467\">\n<tr data-start=\"1504\" data-end=\"1624\">\n<td data-start=\"1504\" data-end=\"1519\" data-col-size=\"sm\">5 mm<\/td>\n<td data-col-size=\"sm\" data-start=\"1519\" data-end=\"1538\">10 - 50 mm<\/td>\n<td data-col-size=\"sm\" data-start=\"1538\" data-end=\"1550\">4.92-4.96<\/td>\n<td data-col-size=\"sm\" data-start=\"1550\" data-end=\"1560\">5.54-7<\/td>\n<td data-col-size=\"sm\" data-start=\"1560\" data-end=\"1574\">\u00b10.00\/-1.00<\/td>\n<td data-col-size=\"sm\" data-start=\"1574\" data-end=\"1584\">6.4-7.9<\/td>\n<td data-col-size=\"sm\" data-start=\"1584\" data-end=\"1595\">7.9-13.5<\/td>\n<td data-col-size=\"sm\" data-start=\"1595\" data-end=\"1607\">18.5-37.8<\/td>\n<td data-col-size=\"sm\" data-start=\"1607\" data-end=\"1619\">26.9-36.8<\/td>\n<td data-col-size=\"sm\" data-start=\"1619\" data-end=\"1624\">2<\/td>\n<td data-col-size=\"sm\"><\/td>\n<\/tr>\n<tr data-start=\"1625\" data-end=\"1745\">\n<td data-start=\"1625\" data-end=\"1640\" data-col-size=\"sm\">6 mm<\/td>\n<td data-col-size=\"sm\" data-start=\"1640\" data-end=\"1659\">10 - 50 mm<\/td>\n<td data-col-size=\"sm\" data-start=\"1659\" data-end=\"1671\">5.92-5.96<\/td>\n<td data-col-size=\"sm\" data-start=\"1671\" data-end=\"1681\">6.54-8<\/td>\n<td data-col-size=\"sm\" data-start=\"1681\" data-end=\"1695\">\u00b10.00\/-1.00<\/td>\n<td data-col-size=\"sm\" data-start=\"1695\" data-end=\"1705\">6.4-7.9<\/td>\n<td data-col-size=\"sm\" data-start=\"1705\" data-end=\"1716\">7.9-13.5<\/td>\n<td data-col-size=\"sm\" data-start=\"1716\" data-end=\"1728\">18.5-37.8<\/td>\n<td data-col-size=\"sm\" data-start=\"1728\" data-end=\"1740\">26.9-36.8<\/td>\n<td data-col-size=\"sm\" data-start=\"1740\" data-end=\"1745\">2<\/td>\n<td data-col-size=\"sm\"><\/td>\n<\/tr>\n<tr data-start=\"1746\" data-end=\"1866\">\n<td data-start=\"1746\" data-end=\"1761\" data-col-size=\"sm\">8 mm<\/td>\n<td data-col-size=\"sm\" data-start=\"1761\" data-end=\"1780\">10 - 50 mm<\/td>\n<td data-col-size=\"sm\" data-start=\"1780\" data-end=\"1792\">7.92-7.96<\/td>\n<td data-col-size=\"sm\" data-start=\"1792\" data-end=\"1802\">8.54-9<\/td>\n<td data-col-size=\"sm\" data-start=\"1802\" data-end=\"1816\">\u00b10.00\/-1.00<\/td>\n<td data-col-size=\"sm\" data-start=\"1816\" data-end=\"1826\">6.4-7.9<\/td>\n<td data-col-size=\"sm\" data-start=\"1826\" data-end=\"1837\">7.9-13.5<\/td>\n<td data-col-size=\"sm\" data-start=\"1837\" data-end=\"1849\">18.5-37.8<\/td>\n<td data-col-size=\"sm\" data-start=\"1849\" data-end=\"1861\">26.9-36.8<\/td>\n<td data-col-size=\"sm\" data-start=\"1861\" data-end=\"1866\">2<\/td>\n<td data-col-size=\"sm\"><\/td>\n<\/tr>\n<tr data-start=\"1867\" data-end=\"1987\">\n<td data-start=\"1867\" data-end=\"1882\" data-col-size=\"sm\">10 mm<\/td>\n<td data-col-size=\"sm\" data-start=\"1882\" data-end=\"1901\">10 - 50 mm<\/td>\n<td data-col-size=\"sm\" data-start=\"1901\" data-end=\"1913\">9.92-9.96<\/td>\n<td data-col-size=\"sm\" data-start=\"1913\" data-end=\"1923\">11.86-9<\/td>\n<td data-col-size=\"sm\" data-start=\"1923\" data-end=\"1937\">\u00b10.00\/-1.00<\/td>\n<td data-col-size=\"sm\" data-start=\"1937\" data-end=\"1947\">7.6-9.9<\/td>\n<td data-col-size=\"sm\" data-start=\"1947\" data-end=\"1958\">11.4-16.5<\/td>\n<td data-col-size=\"sm\" data-start=\"1958\" data-end=\"1970\">23.9-37.8<\/td>\n<td data-col-size=\"sm\" data-start=\"1970\" data-end=\"1982\">26.9-36.8<\/td>\n<td data-col-size=\"sm\" data-start=\"1982\" data-end=\"1987\">2<\/td>\n<td data-col-size=\"sm\"><\/td>\n<\/tr>\n<tr data-start=\"1988\" data-end=\"2110\">\n<td data-start=\"1988\" data-end=\"2003\" data-col-size=\"sm\">12 mm<\/td>\n<td data-col-size=\"sm\" data-start=\"2003\" data-end=\"2022\">15 - 60 mm<\/td>\n<td data-col-size=\"sm\" data-start=\"2022\" data-end=\"2036\">11.92-11.96<\/td>\n<td data-col-size=\"sm\" data-start=\"2036\" data-end=\"2047\">14.15-10<\/td>\n<td data-col-size=\"sm\" data-start=\"2047\" data-end=\"2061\">\u00b10.00\/-1.00<\/td>\n<td data-col-size=\"sm\" data-start=\"2061\" data-end=\"2071\">7.6-9.9<\/td>\n<td data-col-size=\"sm\" data-start=\"2071\" data-end=\"2082\">14-18<\/td>\n<td data-col-size=\"sm\" data-start=\"2082\" data-end=\"2094\">24.9-40.1<\/td>\n<td data-col-size=\"sm\" data-start=\"2094\" data-end=\"2105\">27.7-47<\/td>\n<td data-col-size=\"sm\" data-start=\"2105\" data-end=\"2110\">2<\/td>\n<td data-col-size=\"sm\"><\/td>\n<\/tr>\n<tr data-start=\"2111\" data-end=\"2229\">\n<td data-start=\"2111\" data-end=\"2126\" data-col-size=\"sm\">16 mm<\/td>\n<td data-start=\"2126\" data-end=\"2145\" data-col-size=\"sm\">15 - 60 mm<\/td>\n<td data-col-size=\"sm\" data-start=\"2145\" data-end=\"2159\">15.92-15.96<\/td>\n<td data-col-size=\"sm\" data-start=\"2159\" data-end=\"2170\">18.14-14<\/td>\n<td data-col-size=\"sm\" data-start=\"2170\" data-end=\"2184\">\u00b10.00\/-1.00<\/td>\n<td data-col-size=\"sm\" data-start=\"2184\" data-end=\"2195\">14.7-19.1<\/td>\n<td data-col-size=\"sm\" data-start=\"2195\" data-end=\"2206\">23-35.6<\/td>\n<td data-col-size=\"sm\" data-start=\"2206\" data-end=\"2218\">46.7-57.2<\/td>\n<td data-col-size=\"sm\" data-start=\"2218\" data-end=\"2229\">3<\/td>\n<td data-col-size=\"sm\"><\/td>\n<td data-col-size=\"sm\"><\/td>\n<\/tr>\n<tr data-start=\"2230\" data-end=\"2348\">\n<td data-start=\"2230\" data-end=\"2245\" data-col-size=\"sm\">20 mm<\/td>\n<td data-col-size=\"sm\" data-start=\"2245\" data-end=\"2264\">20 - 80 mm<\/td>\n<td data-col-size=\"sm\" data-start=\"2264\" data-end=\"2278\">19.92-19.96<\/td>\n<td data-col-size=\"sm\" data-start=\"2278\" data-end=\"2289\">24.08-17<\/td>\n<td data-col-size=\"sm\" data-start=\"2289\" data-end=\"2303\">\u00b10.00\/-1.00<\/td>\n<td data-col-size=\"sm\" data-start=\"2303\" data-end=\"2314\">14.5-22.2<\/td>\n<td data-col-size=\"sm\" data-start=\"2314\" data-end=\"2325\">26.5-41.3<\/td>\n<td data-col-size=\"sm\" data-start=\"2325\" data-end=\"2337\">50.5-67.3<\/td>\n<td data-col-size=\"sm\" data-start=\"2337\" data-end=\"2348\">3<\/td>\n<td data-col-size=\"sm\"><\/td>\n<td data-col-size=\"sm\"><\/td>\n<\/tr>\n<tr data-start=\"2349\" data-end=\"2467\">\n<td data-start=\"2349\" data-end=\"2364\" data-col-size=\"sm\">25 mm<\/td>\n<td data-start=\"2364\" data-end=\"2383\" data-col-size=\"sm\">30 - 100 mm<\/td>\n<td data-col-size=\"sm\" data-start=\"2383\" data-end=\"2397\">24.92-24.96<\/td>\n<td data-col-size=\"sm\" data-start=\"2397\" data-end=\"2408\">30.94-22<\/td>\n<td data-col-size=\"sm\" data-start=\"2408\" data-end=\"2422\">\u00b10.00\/-1.00<\/td>\n<td data-col-size=\"sm\" data-start=\"2422\" data-end=\"2433\">19.1-29.8<\/td>\n<td data-col-size=\"sm\" data-start=\"2433\" data-end=\"2444\">33.8-50.8<\/td>\n<td data-col-size=\"sm\" data-start=\"2444\" data-end=\"2456\">41.7-78.7<\/td>\n<\/tr>\n<\/tbody>\n<\/table>\n<\/div>\n<h2 class=\"\" data-start=\"2527\" data-end=\"2552\">\u2705 Typiske anvendelser<\/h2>\n<ul data-start=\"2554\" data-end=\"2714\">\n<li class=\"\" data-start=\"2554\" data-end=\"2577\">\n<p class=\"\" data-start=\"2556\" data-end=\"2577\">Systemer til udskiftning af skimmelsvamp<\/p>\n<\/li>\n<li class=\"\" data-start=\"2578\" data-end=\"2607\">\n<p class=\"\" data-start=\"2580\" data-end=\"2607\">Montering af bilramme<\/p>\n<\/li>\n<li class=\"\" data-start=\"2608\" data-end=\"2638\">\n<p class=\"\" data-start=\"2610\" data-end=\"2638\">V\u00e6rkt\u00f8j og jigs til luft- og rumfart<\/p>\n<\/li>\n<li class=\"\" data-start=\"2639\" data-end=\"2675\">\n<p class=\"\" data-start=\"2641\" data-end=\"2675\">Positionering af industrielt udstyr<\/p>\n<\/li>\n<li class=\"\" data-start=\"2676\" data-end=\"2714\">\n<p class=\"\" data-start=\"2678\" data-end=\"2714\">Marine strukturer og rigningsops\u00e6tninger<\/p>\n<\/li>\n<\/ul>\n<hr class=\"\" data-start=\"2716\" data-end=\"2719\" \/>\n<h2 class=\"\" data-start=\"2721\" data-end=\"2745\">\u2705 Funktioner og fordele<\/h2>\n<ul data-start=\"2747\" data-end=\"3091\">\n<li class=\"\" data-start=\"2747\" data-end=\"2804\">\n<p class=\"\" data-start=\"2749\" data-end=\"2804\"><strong data-start=\"2752\" data-end=\"2770\">Hurtig betjening<\/strong> - Inds\u00e6t og slip p\u00e5 f\u00e5 sekunder<\/p>\n<\/li>\n<li class=\"\" data-start=\"2805\" data-end=\"2879\">\n<p class=\"\" data-start=\"2807\" data-end=\"2879\">\ufe0f <strong data-start=\"2811\" data-end=\"2844\">Rustfrit st\u00e5l med h\u00f8j styrke<\/strong> - Fremragende korrosionsbestandighed<\/p>\n<\/li>\n<li class=\"\" data-start=\"2880\" data-end=\"2948\">\n<p class=\"\" data-start=\"2882\" data-end=\"2948\"><strong data-start=\"2885\" data-end=\"2918\">Holdbar fjederbelastet l\u00e5sning<\/strong> - T\u00e5ler gentagen brug<\/p>\n<\/li>\n<li class=\"\" data-start=\"2949\" data-end=\"3033\">\n<p class=\"\" data-start=\"2951\" data-end=\"3033\">\ufe0f <strong data-start=\"2955\" data-end=\"2996\">Grebets l\u00e6ngde og diameter kan tilpasses<\/strong> - Velegnet til unikke anvendelser<\/p>\n<\/li>\n<li class=\"\" data-start=\"3034\" data-end=\"3091\">\n<p class=\"\" data-start=\"3036\" data-end=\"3091\">\ufe0f <strong data-start=\"3040\" data-end=\"3071\">Valgfri logo-laserm\u00e6rkning<\/strong> - OEM\/ODM underst\u00f8ttes<\/p>\n<\/li>\n<\/ul>\n<hr class=\"\" data-start=\"3093\" data-end=\"3096\" \/>\n<h2 class=\"\" data-start=\"3098\" data-end=\"3120\">\u2705 Valgfrie tjenester<\/h2>\n<ul data-start=\"3122\" data-end=\"3276\">\n<li class=\"\" data-start=\"3122\" data-end=\"3145\">\n<p class=\"\" data-start=\"3124\" data-end=\"3145\">Support til OEM-tegninger<\/p>\n<\/li>\n<li class=\"\" data-start=\"3146\" data-end=\"3211\">\n<p class=\"\" data-start=\"3148\" data-end=\"3211\">Brugerdefinerede farver p\u00e5 ring\/h\u00e5ndtag (anodiseret aluminium, sort\/bl\u00e5\/r\u00f8d)<\/p>\n<\/li>\n<li class=\"\" data-start=\"3212\" data-end=\"3238\">\n<p class=\"\" data-start=\"3214\" data-end=\"3238\">CAD-filer (STEP, IGES)<\/p>\n<\/li>\n<li class=\"\" data-start=\"3239\" data-end=\"3276\">\n<p class=\"\" data-start=\"3241\" data-end=\"3276\">Rapport om saltt\u00e5getest tilg\u00e6ngelig<\/p>\n<\/li>\n<\/ul>\n<hr class=\"\" data-start=\"3278\" data-end=\"3281\" \/>\n<h2 class=\"\" data-start=\"3283\" data-end=\"3308\">\u2705 Bestillingsinformation<\/h2>\n<p class=\"\" data-start=\"3310\" data-end=\"3377\">For at afgive en ordre eller anmode om et tilbud, bedes du oplyse f\u00f8lgende:<\/p>\n<ol data-start=\"3379\" data-end=\"3523\">\n<li class=\"\" data-start=\"3379\" data-end=\"3413\">\n<p class=\"\" data-start=\"3382\" data-end=\"3413\">Stiftdiameter (A): f.eks. 10 mm<\/p>\n<\/li>\n<li class=\"\" data-start=\"3414\" data-end=\"3449\">\n<p class=\"\" data-start=\"3417\" data-end=\"3449\">Anvendelig l\u00e6ngde (H): f.eks. 40 mm<\/p>\n<\/li>\n<li class=\"\" data-start=\"3450\" data-end=\"3473\">\n<p class=\"\" data-start=\"3453\" data-end=\"3473\">H\u00e5ndtagets stil: Ring<\/p>\n<\/li>\n<li class=\"\" data-start=\"3474\" data-end=\"3487\">\n<p class=\"\" data-start=\"3477\" data-end=\"3487\">M\u00e6ngde<\/p>\n<\/li>\n<li class=\"\" data-start=\"3488\" data-end=\"3523\">\n<p class=\"\" data-start=\"3491\" data-end=\"3523\">Enhver s\u00e6rlig bel\u00e6gning eller indgravering<\/p>\n<\/li>\n<\/ol>\n<h2 class=\"\" data-start=\"3530\" data-end=\"3547\"><\/h2>\n<p class=\"\" data-start=\"3549\" data-end=\"3675\">\n<\/div>","protected":false},"excerpt":{"rendered":"<p class=\"\" data-start=\"274\" data-end=\"558\">Denne kuglel\u00e5sestift med hurtig frig\u00f8relse er designet til hurtig montering og sikker fastg\u00f8relse i mekaniske, rumfarts- og industrielle applikationer. Med en <strong data-start=\"426\" data-end=\"473\">Pr\u00e6cisionsbearbejdet krop i rustfrit st\u00e5l 304<\/strong> og en <strong data-start=\"480\" data-end=\"503\">Holdbart ringh\u00e5ndtag<\/strong>Den g\u00f8r det muligt at inds\u00e6tte og fjerne den hurtigt uden brug af v\u00e6rkt\u00f8j.<\/p>\n<p class=\"\" data-start=\"560\" data-end=\"803\">Stiften bruger en fjederbelastet kuglemekanisme til positiv l\u00e5sning. N\u00e5r den er sat i, g\u00e5r kuglerne automatisk i indgreb for at forhindre utilsigtet tilbagetr\u00e6kning. Det er den ideelle l\u00f8sning til opgaver, der kr\u00e6ver hyppig, hurtig og sikker indgreb i stiften.<\/p>","protected":false},"featured_media":1807,"comment_status":"closed","ping_status":"closed","template":"","meta":{"site-sidebar-layout":"default","site-content-layout":"","ast-site-content-layout":"default","site-content-style":"default","site-sidebar-style":"default","ast-global-header-display":"","ast-banner-title-visibility":"","ast-main-header-display":"","ast-hfb-above-header-display":"","ast-hfb-below-header-display":"","ast-hfb-mobile-header-display":"","site-post-title":"","ast-breadcrumbs-content":"","ast-featured-img":"","footer-sml-layout":"","ast-disable-related-posts":"","theme-transparent-header-meta":"default","adv-header-id-meta":"","stick-header-meta":"","header-above-stick-meta":"","header-main-stick-meta":"","header-below-stick-meta":"","astra-migrate-meta-layouts":"set","ast-page-background-enabled":"default","ast-page-background-meta":{"desktop":{"background-color":"var(--ast-global-color-4)","background-image":"","background-repeat":"repeat","background-position":"center center","background-size":"auto","background-attachment":"scroll","background-type":"","background-media":"","overlay-type":"","overlay-color":"","overlay-opacity":"","overlay-gradient":""},"tablet":{"background-color":"","background-image":"","background-repeat":"repeat","background-position":"center center","background-size":"auto","background-attachment":"scroll","background-type":"","background-media":"","overlay-type":"","overlay-color":"","overlay-opacity":"","overlay-gradient":""},"mobile":{"background-color":"","background-image":"","background-repeat":"repeat","background-position":"center center","background-size":"auto","background-attachment":"scroll","background-type":"","background-media":"","overlay-type":"","overlay-color":"","overlay-opacity":"","overlay-gradient":""}},"ast-content-background-meta":{"desktop":{"background-color":"var(--ast-global-color-5)","background-image":"","background-repeat":"repeat","background-position":"center center","background-size":"auto","background-attachment":"scroll","background-type":"","background-media":"","overlay-type":"","overlay-color":"","overlay-opacity":"","overlay-gradient":""},"tablet":{"background-color":"var(--ast-global-color-5)","background-image":"","background-repeat":"repeat","background-position":"center center","background-size":"auto","background-attachment":"scroll","background-type":"","background-media":"","overlay-type":"","overlay-color":"","overlay-opacity":"","overlay-gradient":""},"mobile":{"background-color":"var(--ast-global-color-5)","background-image":"","background-repeat":"repeat","background-position":"center center","background-size":"auto","background-attachment":"scroll","background-type":"","background-media":"","overlay-type":"","overlay-color":"","overlay-opacity":"","overlay-gradient":""}}},"product_brand":[],"product_cat":[19],"product_tag":[],"class_list":{"0":"post-1622","1":"product","2":"type-product","3":"status-publish","4":"has-post-thumbnail","6":"product_cat-fasteners","8":"first","9":"instock","10":"shipping-taxable","11":"product-type-simple"},"_links":{"self":[{"href":"https:\/\/www.sknfastener.com\/da\/wp-json\/wp\/v2\/product\/1622","targetHints":{"allow":["GET"]}}],"collection":[{"href":"https:\/\/www.sknfastener.com\/da\/wp-json\/wp\/v2\/product"}],"about":[{"href":"https:\/\/www.sknfastener.com\/da\/wp-json\/wp\/v2\/types\/product"}],"replies":[{"embeddable":true,"href":"https:\/\/www.sknfastener.com\/da\/wp-json\/wp\/v2\/comments?post=1622"}],"version-history":[{"count":2,"href":"https:\/\/www.sknfastener.com\/da\/wp-json\/wp\/v2\/product\/1622\/revisions"}],"predecessor-version":[{"id":1843,"href":"https:\/\/www.sknfastener.com\/da\/wp-json\/wp\/v2\/product\/1622\/revisions\/1843"}],"wp:featuredmedia":[{"embeddable":true,"href":"https:\/\/www.sknfastener.com\/da\/wp-json\/wp\/v2\/media\/1807"}],"wp:attachment":[{"href":"https:\/\/www.sknfastener.com\/da\/wp-json\/wp\/v2\/media?parent=1622"}],"wp:term":[{"taxonomy":"product_brand","embeddable":true,"href":"https:\/\/www.sknfastener.com\/da\/wp-json\/wp\/v2\/product_brand?post=1622"},{"taxonomy":"product_cat","embeddable":true,"href":"https:\/\/www.sknfastener.com\/da\/wp-json\/wp\/v2\/product_cat?post=1622"},{"taxonomy":"product_tag","embeddable":true,"href":"https:\/\/www.sknfastener.com\/da\/wp-json\/wp\/v2\/product_tag?post=1622"}],"curies":[{"name":"wp","href":"https:\/\/api.w.org\/{rel}","templated":true}]}}