{"id":1634,"date":"2025-05-15T07:36:52","date_gmt":"2025-05-15T07:36:52","guid":{"rendered":"https:\/\/www.sknfastener.com\/?post_type=product&#038;p=1634"},"modified":"2025-05-17T18:20:06","modified_gmt":"2025-05-17T10:20:06","slug":"t-handle-quick-release-pin-3","status":"publish","type":"product","link":"https:\/\/www.sknfastener.com\/da\/vare\/t-handle-quick-release-pin-3\/","title":{"rendered":"T-h\u00e5ndtagets quick release pin - rustfrit st\u00e5l 304 | holdbar kuglel\u00e5sepind"},"content":{"rendered":"<h2 class=\"\" data-start=\"1082\" data-end=\"1111\">\u2705 Tekniske specifikationer<\/h2>\n<ul data-start=\"1113\" data-end=\"1526\">\n<li class=\"\" data-start=\"1113\" data-end=\"1226\">\n<p class=\"\" data-start=\"1115\" data-end=\"1128\"><strong data-start=\"1115\" data-end=\"1127\">Materiale<\/strong>:<\/p>\n<ul data-start=\"1131\" data-end=\"1226\">\n<li class=\"\" data-start=\"1131\" data-end=\"1161\">\n<p class=\"\" data-start=\"1133\" data-end=\"1161\">Skaft: Rustfrit st\u00e5l 304<\/p>\n<\/li>\n<li class=\"\" data-start=\"1164\" data-end=\"1226\">\n<p class=\"\" data-start=\"1166\" data-end=\"1226\">H\u00e5ndtag: Sort forst\u00e6rket nylon eller komposit (kan tilpasses)<\/p>\n<\/li>\n<\/ul>\n<\/li>\n<li class=\"\" data-start=\"1227\" data-end=\"1262\">\n<p class=\"\" data-start=\"1229\" data-end=\"1262\"><strong data-start=\"1229\" data-end=\"1239\">F\u00e6rdigg\u00f8r<\/strong>: B\u00f8rstet eller poleret<\/p>\n<\/li>\n<li class=\"\" data-start=\"1263\" data-end=\"1309\">\n<p class=\"\" data-start=\"1265\" data-end=\"1309\"><strong data-start=\"1265\" data-end=\"1292\">Tilg\u00e6ngelige diametre (A)<\/strong>: 5 mm til 25 mm<\/p>\n<\/li>\n<li class=\"\" data-start=\"1310\" data-end=\"1353\">\n<p class=\"\" data-start=\"1312\" data-end=\"1353\"><strong data-start=\"1312\" data-end=\"1334\">Anvendelige l\u00e6ngder (H)<\/strong>: 10 mm til 100 mm<\/p>\n<\/li>\n<li class=\"\" data-start=\"1354\" data-end=\"1389\">\n<p class=\"\" data-start=\"1356\" data-end=\"1389\"><strong data-start=\"1356\" data-end=\"1369\">Tolerance<\/strong>: +0,00 \/ -1,00 mm<\/p>\n<\/li>\n<li class=\"\" data-start=\"1390\" data-end=\"1437\">\n<p class=\"\" data-start=\"1392\" data-end=\"1437\"><strong data-start=\"1392\" data-end=\"1408\">H\u00e5ndtagets stil<\/strong>: T-h\u00e5ndtag med trykknap<\/p>\n<\/li>\n<li class=\"\" data-start=\"1438\" data-end=\"1487\">\n<p class=\"\" data-start=\"1440\" data-end=\"1487\"><strong data-start=\"1440\" data-end=\"1453\">L\u00e5setype<\/strong>: Fjederbelastet system med to kugler<\/p>\n<\/li>\n<li class=\"\" data-start=\"1488\" data-end=\"1526\">\n<p class=\"\" data-start=\"1490\" data-end=\"1526\"><strong data-start=\"1490\" data-end=\"1505\">Belastningsgrad<\/strong>: Op til 10.000 cyklusser<\/p>\n<\/li>\n<\/ul>\n<hr class=\"\" data-start=\"1528\" data-end=\"1531\" \/>\n<h2 class=\"\" data-start=\"1533\" data-end=\"1570\">\u2705 Referencetabel for dimensioner (mm)<\/h2>\n<div class=\"_tableContainer_16hzy_1\">\n<div class=\"_tableWrapper_16hzy_14 group flex w-fit flex-col-reverse\" tabindex=\"-1\">\n<table class=\"w-fit min-w-(--thread-content-width)\" data-start=\"1572\" data-end=\"2778\">\n<thead data-start=\"1572\" data-end=\"1693\">\n<tr data-start=\"1572\" data-end=\"1693\">\n<th data-start=\"1572\" data-end=\"1587\" data-col-size=\"sm\">Diameter (A)<\/th>\n<th data-start=\"1587\" data-end=\"1607\" data-col-size=\"sm\">Anvendelig l\u00e6ngde (H)<\/th>\n<th data-start=\"1607\" data-end=\"1616\" data-col-size=\"sm\">\u03a6A<\/th>\n<th data-start=\"1616\" data-end=\"1626\" data-col-size=\"sm\">B<\/th>\n<th data-start=\"1626\" data-end=\"1637\" data-col-size=\"sm\">C<\/th>\n<th data-start=\"1637\" data-end=\"1647\" data-col-size=\"sm\">D<\/th>\n<th data-start=\"1647\" data-end=\"1657\" data-col-size=\"sm\">E<\/th>\n<th data-start=\"1657\" data-end=\"1667\" data-col-size=\"sm\">G<\/th>\n<th data-start=\"1667\" data-end=\"1677\" data-col-size=\"sm\">H<\/th>\n<th data-start=\"1677\" data-end=\"1687\" data-col-size=\"sm\">I<\/th>\n<th data-start=\"1687\" data-end=\"1693\" data-col-size=\"sm\">J<\/th>\n<\/tr>\n<\/thead>\n<tbody data-start=\"1815\" data-end=\"2778\">\n<tr data-start=\"1815\" data-end=\"1935\">\n<td data-start=\"1815\" data-end=\"1830\" data-col-size=\"sm\">5 mm<\/td>\n<td data-col-size=\"sm\" data-start=\"1830\" data-end=\"1849\">10 - 50 mm<\/td>\n<td data-col-size=\"sm\" data-start=\"1849\" data-end=\"1861\">4.92-4.96<\/td>\n<td data-col-size=\"sm\" data-start=\"1861\" data-end=\"1871\">5.54-7<\/td>\n<td data-col-size=\"sm\" data-start=\"1871\" data-end=\"1885\">\u00b10.00\/-1.00<\/td>\n<td data-col-size=\"sm\" data-start=\"1885\" data-end=\"1895\">6.4-7.9<\/td>\n<td data-col-size=\"sm\" data-start=\"1895\" data-end=\"1906\">7.9-13.5<\/td>\n<td data-col-size=\"sm\" data-start=\"1906\" data-end=\"1918\">18.5-37.8<\/td>\n<td data-col-size=\"sm\" data-start=\"1918\" data-end=\"1930\">26.9-36.8<\/td>\n<td data-col-size=\"sm\" data-start=\"1930\" data-end=\"1935\">2<\/td>\n<td data-col-size=\"sm\"><\/td>\n<\/tr>\n<tr data-start=\"1936\" data-end=\"2056\">\n<td data-start=\"1936\" data-end=\"1951\" data-col-size=\"sm\">6 mm<\/td>\n<td data-col-size=\"sm\" data-start=\"1951\" data-end=\"1970\">10 - 50 mm<\/td>\n<td data-col-size=\"sm\" data-start=\"1970\" data-end=\"1982\">5.92-5.96<\/td>\n<td data-col-size=\"sm\" data-start=\"1982\" data-end=\"1992\">6.54-8<\/td>\n<td data-col-size=\"sm\" data-start=\"1992\" data-end=\"2006\">\u00b10.00\/-1.00<\/td>\n<td data-col-size=\"sm\" data-start=\"2006\" data-end=\"2016\">6.4-7.9<\/td>\n<td data-col-size=\"sm\" data-start=\"2016\" data-end=\"2027\">7.9-13.5<\/td>\n<td data-col-size=\"sm\" data-start=\"2027\" data-end=\"2039\">18.5-37.8<\/td>\n<td data-col-size=\"sm\" data-start=\"2039\" data-end=\"2051\">26.9-36.8<\/td>\n<td data-col-size=\"sm\" data-start=\"2051\" data-end=\"2056\">2<\/td>\n<td data-col-size=\"sm\"><\/td>\n<\/tr>\n<tr data-start=\"2057\" data-end=\"2177\">\n<td data-start=\"2057\" data-end=\"2072\" data-col-size=\"sm\">8 mm<\/td>\n<td data-col-size=\"sm\" data-start=\"2072\" data-end=\"2091\">10 - 50 mm<\/td>\n<td data-col-size=\"sm\" data-start=\"2091\" data-end=\"2103\">7.92-7.96<\/td>\n<td data-col-size=\"sm\" data-start=\"2103\" data-end=\"2113\">8.54-9<\/td>\n<td data-col-size=\"sm\" data-start=\"2113\" data-end=\"2127\">\u00b10.00\/-1.00<\/td>\n<td data-col-size=\"sm\" data-start=\"2127\" data-end=\"2137\">6.4-7.9<\/td>\n<td data-col-size=\"sm\" data-start=\"2137\" data-end=\"2148\">7.9-13.5<\/td>\n<td data-col-size=\"sm\" data-start=\"2148\" data-end=\"2160\">18.5-37.8<\/td>\n<td data-col-size=\"sm\" data-start=\"2160\" data-end=\"2172\">26.9-36.8<\/td>\n<td data-col-size=\"sm\" data-start=\"2172\" data-end=\"2177\">2<\/td>\n<td data-col-size=\"sm\"><\/td>\n<\/tr>\n<tr data-start=\"2178\" data-end=\"2298\">\n<td data-start=\"2178\" data-end=\"2193\" data-col-size=\"sm\">10 mm<\/td>\n<td data-col-size=\"sm\" data-start=\"2193\" data-end=\"2212\">10 - 50 mm<\/td>\n<td data-col-size=\"sm\" data-start=\"2212\" data-end=\"2224\">9.92-9.96<\/td>\n<td data-col-size=\"sm\" data-start=\"2224\" data-end=\"2234\">11.86-9<\/td>\n<td data-col-size=\"sm\" data-start=\"2234\" data-end=\"2248\">\u00b10.00\/-1.00<\/td>\n<td data-col-size=\"sm\" data-start=\"2248\" data-end=\"2258\">7.6-9.9<\/td>\n<td data-col-size=\"sm\" data-start=\"2258\" data-end=\"2269\">11.4-16.5<\/td>\n<td data-col-size=\"sm\" data-start=\"2269\" data-end=\"2281\">23.9-37.8<\/td>\n<td data-col-size=\"sm\" data-start=\"2281\" data-end=\"2293\">26.9-36.8<\/td>\n<td data-col-size=\"sm\" data-start=\"2293\" data-end=\"2298\">2<\/td>\n<td data-col-size=\"sm\"><\/td>\n<\/tr>\n<tr data-start=\"2299\" data-end=\"2421\">\n<td data-start=\"2299\" data-end=\"2314\" data-col-size=\"sm\">12 mm<\/td>\n<td data-start=\"2314\" data-end=\"2333\" data-col-size=\"sm\">15 - 60 mm<\/td>\n<td data-col-size=\"sm\" data-start=\"2333\" data-end=\"2347\">11.92-11.96<\/td>\n<td data-col-size=\"sm\" data-start=\"2347\" data-end=\"2358\">14.15-10<\/td>\n<td data-col-size=\"sm\" data-start=\"2358\" data-end=\"2372\">\u00b10.00\/-1.00<\/td>\n<td data-col-size=\"sm\" data-start=\"2372\" data-end=\"2382\">7.6-9.9<\/td>\n<td data-col-size=\"sm\" data-start=\"2382\" data-end=\"2393\">14-18<\/td>\n<td data-col-size=\"sm\" data-start=\"2393\" data-end=\"2405\">24.9-40.1<\/td>\n<td data-col-size=\"sm\" data-start=\"2405\" data-end=\"2416\">27.7-47<\/td>\n<td data-col-size=\"sm\" data-start=\"2416\" data-end=\"2421\">2<\/td>\n<td data-col-size=\"sm\"><\/td>\n<\/tr>\n<tr data-start=\"2422\" data-end=\"2540\">\n<td data-start=\"2422\" data-end=\"2437\" data-col-size=\"sm\">16 mm<\/td>\n<td data-col-size=\"sm\" data-start=\"2437\" data-end=\"2456\">15 - 60 mm<\/td>\n<td data-col-size=\"sm\" data-start=\"2456\" data-end=\"2470\">15.92-15.96<\/td>\n<td data-col-size=\"sm\" data-start=\"2470\" data-end=\"2481\">18.14-14<\/td>\n<td data-col-size=\"sm\" data-start=\"2481\" data-end=\"2495\">\u00b10.00\/-1.00<\/td>\n<td data-col-size=\"sm\" data-start=\"2495\" data-end=\"2506\">14.7-19.1<\/td>\n<td data-col-size=\"sm\" data-start=\"2506\" data-end=\"2517\">23-35.6<\/td>\n<td data-col-size=\"sm\" data-start=\"2517\" data-end=\"2529\">46.7-57.2<\/td>\n<td data-col-size=\"sm\" data-start=\"2529\" data-end=\"2540\">3<\/td>\n<td data-col-size=\"sm\"><\/td>\n<td data-col-size=\"sm\"><\/td>\n<\/tr>\n<tr data-start=\"2541\" data-end=\"2659\">\n<td data-start=\"2541\" data-end=\"2556\" data-col-size=\"sm\">20 mm<\/td>\n<td data-start=\"2556\" data-end=\"2575\" data-col-size=\"sm\">20 - 80 mm<\/td>\n<td data-col-size=\"sm\" data-start=\"2575\" data-end=\"2589\">19.92-19.96<\/td>\n<td data-col-size=\"sm\" data-start=\"2589\" data-end=\"2600\">24.08-17<\/td>\n<td data-col-size=\"sm\" data-start=\"2600\" data-end=\"2614\">\u00b10.00\/-1.00<\/td>\n<td data-col-size=\"sm\" data-start=\"2614\" data-end=\"2625\">14.5-22.2<\/td>\n<td data-col-size=\"sm\" data-start=\"2625\" data-end=\"2636\">26.5-41.3<\/td>\n<td data-col-size=\"sm\" data-start=\"2636\" data-end=\"2648\">50.5-67.3<\/td>\n<td data-col-size=\"sm\" data-start=\"2648\" data-end=\"2659\">3<\/td>\n<td data-col-size=\"sm\"><\/td>\n<td data-col-size=\"sm\"><\/td>\n<\/tr>\n<tr data-start=\"2660\" data-end=\"2778\">\n<td data-start=\"2660\" data-end=\"2675\" data-col-size=\"sm\">25 mm<\/td>\n<td data-col-size=\"sm\" data-start=\"2675\" data-end=\"2694\">30 - 100 mm<\/td>\n<td data-col-size=\"sm\" data-start=\"2694\" data-end=\"2708\">24.92-24.96<\/td>\n<td data-col-size=\"sm\" data-start=\"2708\" data-end=\"2719\">30.94-22<\/td>\n<td data-col-size=\"sm\" data-start=\"2719\" data-end=\"2733\">\u00b10.00\/-1.00<\/td>\n<td data-col-size=\"sm\" data-start=\"2733\" data-end=\"2744\">19.1-29.8<\/td>\n<td data-col-size=\"sm\" data-start=\"2744\" data-end=\"2755\">33.8-50.8<\/td>\n<td data-col-size=\"sm\" data-start=\"2755\" data-end=\"2767\">41.7-78.7<\/td>\n<td data-col-size=\"sm\" data-start=\"2767\" data-end=\"2778\">3<\/td>\n<td data-col-size=\"sm\"><\/td>\n<td data-col-size=\"sm\"><\/td>\n<\/tr>\n<\/tbody>\n<\/table>\n<div class=\"sticky end-(--thread-content-margin) h-0 self-end select-none\">\n<div class=\"absolute end-0 flex items-end\"><\/div>\n<\/div>\n<\/div>\n<\/div>\n<p class=\"\" data-start=\"2780\" data-end=\"2841\"><em data-start=\"2783\" data-end=\"2841\">Tilpassede dimensioner og tolerancer f\u00e5s p\u00e5 foresp\u00f8rgsel.<\/em><\/p>\n<hr class=\"\" data-start=\"2843\" data-end=\"2846\" \/>\n<h2 class=\"\" data-start=\"2848\" data-end=\"2865\">\u2705 Anvendelser<\/h2>\n<ul data-start=\"2867\" data-end=\"3029\">\n<li class=\"\" data-start=\"2867\" data-end=\"2896\">\n<p class=\"\" data-start=\"2869\" data-end=\"2896\">Systemer til hurtig formskift<\/p>\n<\/li>\n<li class=\"\" data-start=\"2897\" data-end=\"2926\">\n<p class=\"\" data-start=\"2899\" data-end=\"2926\">Opstilling af industrimaskiner<\/p>\n<\/li>\n<li class=\"\" data-start=\"2927\" data-end=\"2957\">\n<p class=\"\" data-start=\"2929\" data-end=\"2957\">Samlev\u00e6rkt\u00f8j til rumfart<\/p>\n<\/li>\n<li class=\"\" data-start=\"2958\" data-end=\"2987\">\n<p class=\"\" data-start=\"2960\" data-end=\"2987\">Modul\u00e6re fiksturer og jigs<\/p>\n<\/li>\n<li class=\"\" data-start=\"2988\" data-end=\"3029\">\n<p class=\"\" data-start=\"2990\" data-end=\"3029\">Vedligeholdelse og reparation (MRO)<\/p>\n<\/li>\n<\/ul>\n<hr class=\"\" data-start=\"3031\" data-end=\"3034\" \/>\n<h2 class=\"\" data-start=\"3036\" data-end=\"3053\">\u2705 N\u00f8glefunktioner<\/h2>\n<ul data-start=\"3055\" data-end=\"3456\">\n<li class=\"\" data-start=\"3055\" data-end=\"3125\">\n<p class=\"\" data-start=\"3057\" data-end=\"3125\"><strong data-start=\"3060\" data-end=\"3089\">Skaft i rustfrit st\u00e5l 304<\/strong> for overlegen korrosionsbestandighed<\/p>\n<\/li>\n<li class=\"\" data-start=\"3126\" data-end=\"3198\">\n<p class=\"\" data-start=\"3128\" data-end=\"3198\"><strong data-start=\"3131\" data-end=\"3165\">Fjederbelastet design med to kugler<\/strong> for hurtigt og sikkert engagement<\/p>\n<\/li>\n<li class=\"\" data-start=\"3199\" data-end=\"3270\">\n<p class=\"\" data-start=\"3201\" data-end=\"3270\"><strong data-start=\"3204\" data-end=\"3226\">Ergonomisk T-h\u00e5ndtag<\/strong> sikrer komfortabel betjening og kontrol<\/p>\n<\/li>\n<li class=\"\" data-start=\"3271\" data-end=\"3335\">\n<p class=\"\" data-start=\"3273\" data-end=\"3335\"><strong data-start=\"3276\" data-end=\"3297\">Intet v\u00e6rkt\u00f8j n\u00f8dvendigt<\/strong> - Inds\u00e6t, l\u00e5s og udl\u00f8s med h\u00e5nden<\/p>\n<\/li>\n<li class=\"\" data-start=\"3336\" data-end=\"3391\">\n<p class=\"\" data-start=\"3338\" data-end=\"3391\">\ufe0f <strong data-start=\"3342\" data-end=\"3389\">F\u00e5s i forskellige st\u00f8rrelser og grebsl\u00e6ngder<\/strong><\/p>\n<\/li>\n<li class=\"\" data-start=\"3392\" data-end=\"3456\">\n<p class=\"\" data-start=\"3394\" data-end=\"3456\">\u270d\ufe0f Brugerdefinerede h\u00e5ndtagsfarver, gravering eller logotryk muligt<\/p>\n<\/li>\n<\/ul>\n<hr class=\"\" data-start=\"3458\" data-end=\"3461\" \/>\n<h2 class=\"\" data-start=\"3463\" data-end=\"3489\">\u2705 Bestillingsvejledning<\/h2>\n<p class=\"\" data-start=\"3491\" data-end=\"3548\">For at anmode om et tilbud eller afgive en ordre, bedes du inkludere:<\/p>\n<ul data-start=\"3549\" data-end=\"3728\">\n<li class=\"\" data-start=\"3549\" data-end=\"3575\">\n<p class=\"\" data-start=\"3551\" data-end=\"3575\">Diameter (f.eks. 10 mm)<\/p>\n<\/li>\n<li class=\"\" data-start=\"3576\" data-end=\"3619\">\n<p class=\"\" data-start=\"3578\" data-end=\"3619\">Grebets l\u00e6ngde (f.eks. 40 mm brugbar l\u00e6ngde)<\/p>\n<\/li>\n<li class=\"\" data-start=\"3620\" data-end=\"3677\">\n<p class=\"\" data-start=\"3622\" data-end=\"3677\">H\u00e5ndtagstype og -materiale (standard: T-h\u00e5ndtag i plast)<\/p>\n<\/li>\n<li class=\"\" data-start=\"3678\" data-end=\"3690\">\n<p class=\"\" data-start=\"3680\" data-end=\"3690\">M\u00e6ngde<\/p>\n<\/li>\n<li class=\"\" data-start=\"3691\" data-end=\"3728\">\n<p class=\"\" data-start=\"3693\" data-end=\"3728\">Eventuelle brugerdefinerede krav eller tegninger<\/p>\n<\/li>\n<\/ul>\n<hr class=\"\" data-start=\"3730\" data-end=\"3733\" \/>\n<h2 class=\"\" data-start=\"3735\" data-end=\"3763\">Kontakt vores salgsteam<\/h2>\n<p class=\"\" data-start=\"3765\" data-end=\"3932\">Har du sp\u00f8rgsm\u00e5l eller brug for en skr\u00e6ddersyet l\u00f8sning?<br data-start=\"3806\" data-end=\"3809\" \/>E-mail: [<a class=\"cursor-pointer\" rel=\"noopener\">sales@sknfastener.com<\/a>]<\/p>","protected":false},"excerpt":{"rendered":"<p class=\"\" data-start=\"323\" data-end=\"589\">Denne <strong data-start=\"328\" data-end=\"358\">T-h\u00e5ndtagets quick release pin<\/strong> er bygget til industrielle milj\u00f8er, der kr\u00e6ver hurtig montering, sikker l\u00e5sning og betjening uden brug af v\u00e6rkt\u00f8j. H\u00e5ndtaget har en ergonomisk form, der g\u00f8r det nemt at gribe og kontrollere, hvilket g\u00f8r det ideelt til gentagen is\u00e6tning og udtagning.<\/p>\n<p class=\"\" data-start=\"591\" data-end=\"882\">Stiftakslen er pr\u00e6cisionsbearbejdet af <strong data-start=\"632\" data-end=\"655\">rustfrit st\u00e5l 304<\/strong>og giver fremragende korrosionsbestandighed og mekanisk holdbarhed. En fjederbelastet <strong data-start=\"740\" data-end=\"771\">Dobbelt kuglel\u00e5semekanisme<\/strong> sikrer, at stiften forbliver sikkert p\u00e5 plads under belastning, men kan udl\u00f8ses \u00f8jeblikkeligt med et tryk p\u00e5 knappen.<\/p>\n<p class=\"\" data-start=\"884\" data-end=\"1075\">Uanset om den bruges i luft- og rumfartsindretninger, jigs, produktionslinjer eller st\u00f8beformsinstallationer, leverer denne hurtigudl\u00f8ser med T-h\u00e5ndtag langvarig ydeevne og p\u00e5lidelighed i kr\u00e6vende anvendelser.<\/p>","protected":false},"featured_media":1796,"comment_status":"closed","ping_status":"closed","template":"","meta":{"site-sidebar-layout":"default","site-content-layout":"","ast-site-content-layout":"default","site-content-style":"default","site-sidebar-style":"default","ast-global-header-display":"","ast-banner-title-visibility":"","ast-main-header-display":"","ast-hfb-above-header-display":"","ast-hfb-below-header-display":"","ast-hfb-mobile-header-display":"","site-post-title":"","ast-breadcrumbs-content":"","ast-featured-img":"","footer-sml-layout":"","ast-disable-related-posts":"","theme-transparent-header-meta":"default","adv-header-id-meta":"","stick-header-meta":"","header-above-stick-meta":"","header-main-stick-meta":"","header-below-stick-meta":"","astra-migrate-meta-layouts":"set","ast-page-background-enabled":"default","ast-page-background-meta":{"desktop":{"background-color":"var(--ast-global-color-4)","background-image":"","background-repeat":"repeat","background-position":"center center","background-size":"auto","background-attachment":"scroll","background-type":"","background-media":"","overlay-type":"","overlay-color":"","overlay-opacity":"","overlay-gradient":""},"tablet":{"background-color":"","background-image":"","background-repeat":"repeat","background-position":"center center","background-size":"auto","background-attachment":"scroll","background-type":"","background-media":"","overlay-type":"","overlay-color":"","overlay-opacity":"","overlay-gradient":""},"mobile":{"background-color":"","background-image":"","background-repeat":"repeat","background-position":"center center","background-size":"auto","background-attachment":"scroll","background-type":"","background-media":"","overlay-type":"","overlay-color":"","overlay-opacity":"","overlay-gradient":""}},"ast-content-background-meta":{"desktop":{"background-color":"var(--ast-global-color-5)","background-image":"","background-repeat":"repeat","background-position":"center center","background-size":"auto","background-attachment":"scroll","background-type":"","background-media":"","overlay-type":"","overlay-color":"","overlay-opacity":"","overlay-gradient":""},"tablet":{"background-color":"var(--ast-global-color-5)","background-image":"","background-repeat":"repeat","background-position":"center center","background-size":"auto","background-attachment":"scroll","background-type":"","background-media":"","overlay-type":"","overlay-color":"","overlay-opacity":"","overlay-gradient":""},"mobile":{"background-color":"var(--ast-global-color-5)","background-image":"","background-repeat":"repeat","background-position":"center center","background-size":"auto","background-attachment":"scroll","background-type":"","background-media":"","overlay-type":"","overlay-color":"","overlay-opacity":"","overlay-gradient":""}}},"product_brand":[],"product_cat":[19],"product_tag":[],"class_list":{"0":"post-1634","1":"product","2":"type-product","3":"status-publish","4":"has-post-thumbnail","6":"product_cat-fasteners","8":"first","9":"instock","10":"shipping-taxable","11":"product-type-simple"},"_links":{"self":[{"href":"https:\/\/www.sknfastener.com\/da\/wp-json\/wp\/v2\/product\/1634","targetHints":{"allow":["GET"]}}],"collection":[{"href":"https:\/\/www.sknfastener.com\/da\/wp-json\/wp\/v2\/product"}],"about":[{"href":"https:\/\/www.sknfastener.com\/da\/wp-json\/wp\/v2\/types\/product"}],"replies":[{"embeddable":true,"href":"https:\/\/www.sknfastener.com\/da\/wp-json\/wp\/v2\/comments?post=1634"}],"version-history":[{"count":1,"href":"https:\/\/www.sknfastener.com\/da\/wp-json\/wp\/v2\/product\/1634\/revisions"}],"predecessor-version":[{"id":1841,"href":"https:\/\/www.sknfastener.com\/da\/wp-json\/wp\/v2\/product\/1634\/revisions\/1841"}],"wp:featuredmedia":[{"embeddable":true,"href":"https:\/\/www.sknfastener.com\/da\/wp-json\/wp\/v2\/media\/1796"}],"wp:attachment":[{"href":"https:\/\/www.sknfastener.com\/da\/wp-json\/wp\/v2\/media?parent=1634"}],"wp:term":[{"taxonomy":"product_brand","embeddable":true,"href":"https:\/\/www.sknfastener.com\/da\/wp-json\/wp\/v2\/product_brand?post=1634"},{"taxonomy":"product_cat","embeddable":true,"href":"https:\/\/www.sknfastener.com\/da\/wp-json\/wp\/v2\/product_cat?post=1634"},{"taxonomy":"product_tag","embeddable":true,"href":"https:\/\/www.sknfastener.com\/da\/wp-json\/wp\/v2\/product_tag?post=1634"}],"curies":[{"name":"wp","href":"https:\/\/api.w.org\/{rel}","templated":true}]}}