{"id":1661,"date":"2025-05-15T08:22:43","date_gmt":"2025-05-15T08:22:43","guid":{"rendered":"https:\/\/www.sknfastener.com\/?post_type=product&#038;p=1661"},"modified":"2025-05-17T16:47:33","modified_gmt":"2025-05-17T08:47:33","slug":"quick-release-pin-manufacturers","status":"publish","type":"product","link":"https:\/\/www.sknfastener.com\/da\/vare\/quick-release-pin-manufacturers\/","title":{"rendered":"producenter af quick release pins"},"content":{"rendered":"<p class=\"\" data-start=\"621\" data-end=\"915\">Producenter af quick release pins Denne kuglel\u00e5sestift er en <strong data-start=\"636\" data-end=\"685\">hurtigudl\u00f8sende kuglel\u00e5s med trykknap<\/strong> designet til hurtig, repeterbar og v\u00e6rkt\u00f8jsfri fastg\u00f8relse i industrielle og mekaniske systemer. Stiften kombinerer en <strong data-start=\"798\" data-end=\"823\">aksel i rustfrit st\u00e5l<\/strong> med en <strong data-start=\"831\" data-end=\"868\">Letv\u00e6gtsh\u00e5ndtag i aluminiumslegering<\/strong>Ergonomisk udformet til smidig betjening.<\/p>\n<p class=\"\" data-start=\"917\" data-end=\"1200\">Indvendigt sikrer en fjeder i rustfrit st\u00e5l en ensartet aktivering, mens <strong data-start=\"990\" data-end=\"1029\">L\u00e5sekugler af h\u00e6rdet kulstofst\u00e5l<\/strong> giver h\u00f8j holdbarhed, n\u00e5r de er sat i. Den \u00f8verste knap (f\u00e5s i forskellige farver) aktiverer en fjederbelastet mekanisme, der tr\u00e6kker kuglerne tilbage, s\u00e5 de kan fjernes med det samme.<\/p>\n<p class=\"\" data-start=\"1202\" data-end=\"1371\">Denne model bruges ofte i <strong data-start=\"1233\" data-end=\"1304\">jigs, fiksturer, robotteknologi, rumfartsv\u00e6rkt\u00f8j og bilsystemer<\/strong>-hvor der er behov for hyppig indgreb i tappen under vibrationer eller belastning.<\/p>\n<h2 class=\"\" data-start=\"1378\" data-end=\"1397\">Specifikationer<\/h2>\n<div class=\"_tableContainer_16hzy_1\">\n<div class=\"_tableWrapper_16hzy_14 group flex w-fit flex-col-reverse\" tabindex=\"-1\">\n<table class=\"w-fit min-w-(--thread-content-width)\" data-start=\"1399\" data-end=\"1702\">\n<thead data-start=\"1399\" data-end=\"1434\">\n<tr data-start=\"1399\" data-end=\"1434\">\n<th data-start=\"1399\" data-end=\"1411\" data-col-size=\"sm\">Komponent<\/th>\n<th data-start=\"1411\" data-end=\"1434\" data-col-size=\"sm\">Materiale<\/th>\n<\/tr>\n<\/thead>\n<tbody data-start=\"1470\" data-end=\"1702\">\n<tr data-start=\"1470\" data-end=\"1504\">\n<td data-start=\"1470\" data-end=\"1481\" data-col-size=\"sm\">N\u00e5l<\/td>\n<td data-col-size=\"sm\" data-start=\"1481\" data-end=\"1504\">Rustfrit st\u00e5l 304<\/td>\n<\/tr>\n<tr data-start=\"1505\" data-end=\"1539\">\n<td data-start=\"1505\" data-end=\"1516\" data-col-size=\"sm\">For\u00e5r<\/td>\n<td data-start=\"1516\" data-end=\"1539\" data-col-size=\"sm\">Rustfrit st\u00e5l 304<\/td>\n<\/tr>\n<tr data-start=\"1540\" data-end=\"1580\">\n<td data-start=\"1540\" data-end=\"1551\" data-col-size=\"sm\">H\u00e5ndtag<\/td>\n<td data-start=\"1551\" data-end=\"1580\" data-col-size=\"sm\">Aluminiumslegering (anodiseret)<\/td>\n<\/tr>\n<tr data-start=\"1581\" data-end=\"1617\">\n<td data-start=\"1581\" data-end=\"1592\" data-col-size=\"sm\">Bold<\/td>\n<td data-start=\"1592\" data-end=\"1617\" data-col-size=\"sm\">H\u00e6rdet kulstofst\u00e5l<\/td>\n<\/tr>\n<tr data-start=\"1618\" data-end=\"1662\">\n<td data-start=\"1618\" data-end=\"1629\" data-col-size=\"sm\">Knap<\/td>\n<td data-col-size=\"sm\" data-start=\"1629\" data-end=\"1662\">Rustfrit st\u00e5l (farvekodet)<\/td>\n<\/tr>\n<tr data-start=\"1663\" data-end=\"1702\">\n<td data-start=\"1663\" data-end=\"1674\" data-col-size=\"sm\">Ring<\/td>\n<td data-start=\"1674\" data-end=\"1702\" data-col-size=\"sm\">Rustfrit st\u00e5l (valgfrit)<\/td>\n<\/tr>\n<\/tbody>\n<\/table>\n<div class=\"sticky end-(--thread-content-margin) h-0 self-end select-none\">\n<div class=\"absolute end-0 flex items-end\"><\/div>\n<\/div>\n<\/div>\n<\/div>\n<ul data-start=\"1704\" data-end=\"1959\">\n<li class=\"\" data-start=\"1704\" data-end=\"1744\">\n<p class=\"\" data-start=\"1706\" data-end=\"1744\"><strong data-start=\"1706\" data-end=\"1728\">Diameteromr\u00e5de (A)<\/strong>: 5 mm - 16 mm<\/p>\n<\/li>\n<li class=\"\" data-start=\"1745\" data-end=\"1784\">\n<p class=\"\" data-start=\"1747\" data-end=\"1784\"><strong data-start=\"1747\" data-end=\"1766\">Grebets l\u00e6ngde (L)<\/strong>: 10 mm - 100 mm<\/p>\n<\/li>\n<li class=\"\" data-start=\"1785\" data-end=\"1838\">\n<p class=\"\" data-start=\"1787\" data-end=\"1838\"><strong data-start=\"1787\" data-end=\"1804\">H\u00e5ndtagets finish<\/strong>: Sort eller brugerdefineret anodiseret farve<\/p>\n<\/li>\n<li class=\"\" data-start=\"1839\" data-end=\"1867\">\n<p class=\"\" data-start=\"1841\" data-end=\"1867\"><strong data-start=\"1841\" data-end=\"1855\">Tolerancer<\/strong>: \u00b10,05 mm<\/p>\n<\/li>\n<li class=\"\" data-start=\"1868\" data-end=\"1910\">\n<p class=\"\" data-start=\"1870\" data-end=\"1910\"><strong data-start=\"1870\" data-end=\"1888\">Levetid<\/strong>: Over 10.000 cyklusser<\/p>\n<\/li>\n<li class=\"\" data-start=\"1911\" data-end=\"1959\">\n<p class=\"\" data-start=\"1913\" data-end=\"1959\"><strong data-start=\"1913\" data-end=\"1931\">Overfladefinish<\/strong>: Naturlig \/ B\u00f8rstet \/ Brugerdefineret<\/p>\n<\/li>\n<\/ul>\n<p class=\"\" data-start=\"1961\" data-end=\"2040\"><em data-start=\"1964\" data-end=\"2040\">Tilpassede st\u00f8rrelser, tr\u00e5dvalg, knapfarver og logogravering er muligt.<\/em><\/p>\n<hr class=\"\" data-start=\"2042\" data-end=\"2045\" \/>\n<h2 class=\"\" data-start=\"2047\" data-end=\"2079\">\u2705 Teknisk tegningsreference<\/h2>\n<p class=\"\" data-start=\"2081\" data-end=\"2161\">Produktet f\u00f8lger en enkel L-h\u00e5ndtagsstruktur med vigtige dimensionelle parametre:<\/p>\n<ul data-start=\"2163\" data-end=\"2316\">\n<li class=\"\" data-start=\"2163\" data-end=\"2186\">\n<p class=\"\" data-start=\"2165\" data-end=\"2186\"><strong data-start=\"2165\" data-end=\"2170\">A<\/strong>: Pindens diameter<\/p>\n<\/li>\n<li class=\"\" data-start=\"2187\" data-end=\"2211\">\n<p class=\"\" data-start=\"2189\" data-end=\"2211\"><strong data-start=\"2189\" data-end=\"2194\">L<\/strong>: Brugbar l\u00e6ngde<\/p>\n<\/li>\n<li class=\"\" data-start=\"2212\" data-end=\"2267\">\n<p class=\"\" data-start=\"2214\" data-end=\"2267\"><strong data-start=\"2214\" data-end=\"2225\">B, C, D<\/strong>: Kuglehoved, skaftbase og knapomr\u00e5de<\/p>\n<\/li>\n<li class=\"\" data-start=\"2268\" data-end=\"2316\">\n<p class=\"\" data-start=\"2270\" data-end=\"2316\"><strong data-start=\"2270\" data-end=\"2278\">H, J<\/strong>: H\u00e5ndtagsdimensioner for greb og komfort<\/p>\n<\/li>\n<\/ul>\n<p class=\"\" data-start=\"2318\" data-end=\"2378\">CAD-tegninger og STEP-filer kan leveres til integration.<\/p>\n<hr class=\"\" data-start=\"2380\" data-end=\"2383\" \/>\n<h2 class=\"\" data-start=\"2385\" data-end=\"2402\">\u2705 Anvendelser<\/h2>\n<ul data-start=\"2404\" data-end=\"2568\">\n<li class=\"\" data-start=\"2404\" data-end=\"2435\">\n<p class=\"\" data-start=\"2406\" data-end=\"2435\">Form- og v\u00e6rkt\u00f8jsskiftesystemer<\/p>\n<\/li>\n<li class=\"\" data-start=\"2436\" data-end=\"2465\">\n<p class=\"\" data-start=\"2438\" data-end=\"2465\">Robotgribere og -arme<\/p>\n<\/li>\n<li class=\"\" data-start=\"2466\" data-end=\"2496\">\n<p class=\"\" data-start=\"2468\" data-end=\"2496\">Positionering af rumfartsv\u00e6rkt\u00f8j<\/p>\n<\/li>\n<li class=\"\" data-start=\"2497\" data-end=\"2524\">\n<p class=\"\" data-start=\"2499\" data-end=\"2524\">L\u00e5sning af modul\u00e6re armaturer<\/p>\n<\/li>\n<li class=\"\" data-start=\"2525\" data-end=\"2568\">\n<p class=\"\" data-start=\"2527\" data-end=\"2568\">Montage- og testplatforme til biler<\/p>\n<\/li>\n<\/ul>\n<hr class=\"\" data-start=\"2570\" data-end=\"2573\" \/>\n<h2 class=\"\" data-start=\"2575\" data-end=\"2599\">\u2705 Funktioner og fordele<\/h2>\n<ul data-start=\"2601\" data-end=\"2909\">\n<li class=\"\" data-start=\"2601\" data-end=\"2661\">\n<p class=\"\" data-start=\"2603\" data-end=\"2661\"><strong data-start=\"2606\" data-end=\"2629\">Udl\u00f8ser med trykknap<\/strong> med sikker dobbeltkuglel\u00e5sning<\/p>\n<\/li>\n<li class=\"\" data-start=\"2662\" data-end=\"2722\">\n<p class=\"\" data-start=\"2664\" data-end=\"2722\"><strong data-start=\"2667\" data-end=\"2690\">Betjening uden brug af v\u00e6rkt\u00f8j<\/strong>ideel til hurtige skift af ops\u00e6tninger<\/p>\n<\/li>\n<li class=\"\" data-start=\"2723\" data-end=\"2779\">\n<p class=\"\" data-start=\"2725\" data-end=\"2779\">\ufe0f <strong data-start=\"2729\" data-end=\"2768\">Korrosionsbestandig rustfri aksel<\/strong> (SUS304)<\/p>\n<\/li>\n<li class=\"\" data-start=\"2780\" data-end=\"2850\">\n<p class=\"\" data-start=\"2782\" data-end=\"2850\"><strong data-start=\"2785\" data-end=\"2816\">Anodiseret letv\u00e6gtsh\u00e5ndtag<\/strong>let at identificere eller farvekode<\/p>\n<\/li>\n<li class=\"\" data-start=\"2851\" data-end=\"2909\">\n<p class=\"\" data-start=\"2853\" data-end=\"2909\">\ufe0f Tilpassede grebsl\u00e6ngder, farver og materialer underst\u00f8ttes<\/p>\n<\/li>\n<\/ul>\n<hr class=\"\" data-start=\"2911\" data-end=\"2914\" \/>\n<h2 class=\"\" data-start=\"2916\" data-end=\"2941\">\u2705 Bestillingsinformation<\/h2>\n<p class=\"\" data-start=\"2943\" data-end=\"2983\">N\u00e5r du sender en foresp\u00f8rgsel, bedes du inkludere:<\/p>\n<ul data-start=\"2984\" data-end=\"3183\">\n<li class=\"\" data-start=\"2984\" data-end=\"3022\">\n<p class=\"\" data-start=\"2986\" data-end=\"3022\">Pindens diameter (A) og grebets l\u00e6ngde (L)<\/p>\n<\/li>\n<li class=\"\" data-start=\"3023\" data-end=\"3035\">\n<p class=\"\" data-start=\"3025\" data-end=\"3035\">M\u00e6ngde<\/p>\n<\/li>\n<li class=\"\" data-start=\"3036\" data-end=\"3088\">\n<p class=\"\" data-start=\"3038\" data-end=\"3088\">Foretrukken h\u00e5ndtagsfarve (sort, bl\u00e5, guld osv.)<\/p>\n<\/li>\n<li class=\"\" data-start=\"3089\" data-end=\"3148\">\n<p class=\"\" data-start=\"3091\" data-end=\"3148\">Valgfrit: brugerdefineret logo, laserm\u00e6rkning eller tilbeh\u00f8rsring<\/p>\n<\/li>\n<li class=\"\" data-start=\"3149\" data-end=\"3183\">\n<p class=\"\" data-start=\"3151\" data-end=\"3183\">Emballage- eller eksportkrav<\/p>\n<\/li>\n<\/ul>","protected":false},"excerpt":{"rendered":"<p><strong data-start=\"351\" data-end=\"415\">Producenter af quick release pin producerede quick release pin med trykknap-aluminiumsh\u00e5ndtag<\/strong>Ideel til v\u00e6rkt\u00f8js-, montage- og rumfartsapplikationer. Fremstillet af rustfrit st\u00e5l af h\u00f8j kvalitet. <strong data-start=\"512\" data-end=\"588\">F\u00e5s i tilpassede diametre, grebsl\u00e6ngder og materialer efter anmodning.<\/strong><\/p>","protected":false},"featured_media":1811,"comment_status":"closed","ping_status":"closed","template":"","meta":{"site-sidebar-layout":"default","site-content-layout":"","ast-site-content-layout":"default","site-content-style":"default","site-sidebar-style":"default","ast-global-header-display":"","ast-banner-title-visibility":"","ast-main-header-display":"","ast-hfb-above-header-display":"","ast-hfb-below-header-display":"","ast-hfb-mobile-header-display":"","site-post-title":"","ast-breadcrumbs-content":"","ast-featured-img":"","footer-sml-layout":"","ast-disable-related-posts":"","theme-transparent-header-meta":"default","adv-header-id-meta":"","stick-header-meta":"","header-above-stick-meta":"","header-main-stick-meta":"","header-below-stick-meta":"","astra-migrate-meta-layouts":"set","ast-page-background-enabled":"default","ast-page-background-meta":{"desktop":{"background-color":"var(--ast-global-color-4)","background-image":"","background-repeat":"repeat","background-position":"center center","background-size":"auto","background-attachment":"scroll","background-type":"","background-media":"","overlay-type":"","overlay-color":"","overlay-opacity":"","overlay-gradient":""},"tablet":{"background-color":"","background-image":"","background-repeat":"repeat","background-position":"center center","background-size":"auto","background-attachment":"scroll","background-type":"","background-media":"","overlay-type":"","overlay-color":"","overlay-opacity":"","overlay-gradient":""},"mobile":{"background-color":"","background-image":"","background-repeat":"repeat","background-position":"center center","background-size":"auto","background-attachment":"scroll","background-type":"","background-media":"","overlay-type":"","overlay-color":"","overlay-opacity":"","overlay-gradient":""}},"ast-content-background-meta":{"desktop":{"background-color":"var(--ast-global-color-5)","background-image":"","background-repeat":"repeat","background-position":"center center","background-size":"auto","background-attachment":"scroll","background-type":"","background-media":"","overlay-type":"","overlay-color":"","overlay-opacity":"","overlay-gradient":""},"tablet":{"background-color":"var(--ast-global-color-5)","background-image":"","background-repeat":"repeat","background-position":"center center","background-size":"auto","background-attachment":"scroll","background-type":"","background-media":"","overlay-type":"","overlay-color":"","overlay-opacity":"","overlay-gradient":""},"mobile":{"background-color":"var(--ast-global-color-5)","background-image":"","background-repeat":"repeat","background-position":"center center","background-size":"auto","background-attachment":"scroll","background-type":"","background-media":"","overlay-type":"","overlay-color":"","overlay-opacity":"","overlay-gradient":""}}},"product_brand":[],"product_cat":[19],"product_tag":[],"class_list":{"0":"post-1661","1":"product","2":"type-product","3":"status-publish","4":"has-post-thumbnail","6":"product_cat-fasteners","8":"first","9":"instock","10":"shipping-taxable","11":"product-type-simple"},"_links":{"self":[{"href":"https:\/\/www.sknfastener.com\/da\/wp-json\/wp\/v2\/product\/1661","targetHints":{"allow":["GET"]}}],"collection":[{"href":"https:\/\/www.sknfastener.com\/da\/wp-json\/wp\/v2\/product"}],"about":[{"href":"https:\/\/www.sknfastener.com\/da\/wp-json\/wp\/v2\/types\/product"}],"replies":[{"embeddable":true,"href":"https:\/\/www.sknfastener.com\/da\/wp-json\/wp\/v2\/comments?post=1661"}],"version-history":[{"count":1,"href":"https:\/\/www.sknfastener.com\/da\/wp-json\/wp\/v2\/product\/1661\/revisions"}],"predecessor-version":[{"id":1835,"href":"https:\/\/www.sknfastener.com\/da\/wp-json\/wp\/v2\/product\/1661\/revisions\/1835"}],"wp:featuredmedia":[{"embeddable":true,"href":"https:\/\/www.sknfastener.com\/da\/wp-json\/wp\/v2\/media\/1811"}],"wp:attachment":[{"href":"https:\/\/www.sknfastener.com\/da\/wp-json\/wp\/v2\/media?parent=1661"}],"wp:term":[{"taxonomy":"product_brand","embeddable":true,"href":"https:\/\/www.sknfastener.com\/da\/wp-json\/wp\/v2\/product_brand?post=1661"},{"taxonomy":"product_cat","embeddable":true,"href":"https:\/\/www.sknfastener.com\/da\/wp-json\/wp\/v2\/product_cat?post=1661"},{"taxonomy":"product_tag","embeddable":true,"href":"https:\/\/www.sknfastener.com\/da\/wp-json\/wp\/v2\/product_tag?post=1661"}],"curies":[{"name":"wp","href":"https:\/\/api.w.org\/{rel}","templated":true}]}}