{"id":1669,"date":"2025-05-15T08:32:19","date_gmt":"2025-05-15T08:32:19","guid":{"rendered":"https:\/\/www.sknfastener.com\/?post_type=product&#038;p=1669"},"modified":"2025-05-15T08:32:19","modified_gmt":"2025-05-15T08:32:19","slug":"stainless-steel-quick-release-pin-2","status":"publish","type":"product","link":"https:\/\/www.sknfastener.com\/da\/vare\/stainless-steel-quick-release-pin-2\/","title":{"rendered":"Quick release pin i rustfrit st\u00e5l"},"content":{"rendered":"<p class=\"\" data-start=\"525\" data-end=\"830\">Denne quick release pin i rustfrit st\u00e5l er en kompakt og enkel l\u00f8sning til opgaver, der kr\u00e6ver hurtig, v\u00e6rkt\u00f8jsfri montering eller positionering. Den har en <strong data-start=\"685\" data-end=\"731\">Sl\u00e6bestift med returfjedermekanisme<\/strong> og en <strong data-start=\"738\" data-end=\"759\">H\u00e5ndtag med rund ring<\/strong>s\u00e5 brugeren hurtigt kan tr\u00e6kke og frig\u00f8re stiften med \u00e9n h\u00e5nd.<\/p>\n<p class=\"\" data-start=\"832\" data-end=\"1086\">Fremstillet af <strong data-start=\"845\" data-end=\"879\">H\u00f8jkvalitets rustfrit st\u00e5l 304<\/strong>Denne pin er rust- og slidbestandig, hvilket g\u00f8r den velegnet til b\u00e5de indend\u00f8rs og udend\u00f8rs brug. Den integrerede ring kan bruges til at fastg\u00f8re til liner, sikkerhedssnore eller blot til at g\u00f8re det lettere at gribe og betjene den.<\/p>\n<p class=\"\" data-start=\"1088\" data-end=\"1301\">Dette design er s\u00e6rligt velegnet til <strong data-start=\"1127\" data-end=\"1151\">let fastg\u00f8relse<\/strong>sm\u00e5 mekaniske komponenter, paneler eller justering af b\u00e6rbare armaturer. Det bruges ogs\u00e5 ofte i fritidsudstyr, l\u00e5se og skibstilbeh\u00f8r.<\/p>\n<h2 class=\"\" data-start=\"1308\" data-end=\"1335\">\u2705 Produktspecifikationer<\/h2>\n<ul data-start=\"1337\" data-end=\"1817\">\n<li class=\"\" data-start=\"1337\" data-end=\"1374\">\n<p class=\"\" data-start=\"1339\" data-end=\"1374\"><strong data-start=\"1339\" data-end=\"1351\">Materiale<\/strong>: Rustfrit st\u00e5l 304<\/p>\n<\/li>\n<li class=\"\" data-start=\"1375\" data-end=\"1432\">\n<p class=\"\" data-start=\"1377\" data-end=\"1432\"><strong data-start=\"1377\" data-end=\"1387\">Design<\/strong>: Slidset stift med spiralfjeder og flad spids<\/p>\n<\/li>\n<li class=\"\" data-start=\"1433\" data-end=\"1481\">\n<p class=\"\" data-start=\"1435\" data-end=\"1481\"><strong data-start=\"1435\" data-end=\"1448\">Ringtype<\/strong>: Rund n\u00f8glering, ikke aftagelig<\/p>\n<\/li>\n<li class=\"\" data-start=\"1482\" data-end=\"1539\">\n<p class=\"\" data-start=\"1484\" data-end=\"1539\"><strong data-start=\"1484\" data-end=\"1495\">Overflade<\/strong>: Poleret \/ Passiveret \/ Mat (valgfrit)<\/p>\n<\/li>\n<li class=\"\" data-start=\"1540\" data-end=\"1579\">\n<p class=\"\" data-start=\"1542\" data-end=\"1579\"><strong data-start=\"1542\" data-end=\"1564\">Omr\u00e5de for stiftdiameter<\/strong>: 2 mm - 8 mm<\/p>\n<\/li>\n<li class=\"\" data-start=\"1580\" data-end=\"1617\">\n<p class=\"\" data-start=\"1582\" data-end=\"1617\"><strong data-start=\"1582\" data-end=\"1600\">Samlet l\u00e6ngde<\/strong>: 30 mm - 80 mm<\/p>\n<\/li>\n<li class=\"\" data-start=\"1618\" data-end=\"1654\">\n<p class=\"\" data-start=\"1620\" data-end=\"1654\"><strong data-start=\"1620\" data-end=\"1637\">Ringens diameter<\/strong>: 20 mm - 35 mm<\/p>\n<\/li>\n<li class=\"\" data-start=\"1655\" data-end=\"1682\">\n<p class=\"\" data-start=\"1657\" data-end=\"1682\"><strong data-start=\"1657\" data-end=\"1670\">Tolerance<\/strong>: \u00b10,05 mm<\/p>\n<\/li>\n<li class=\"\" data-start=\"1683\" data-end=\"1751\">\n<p class=\"\" data-start=\"1685\" data-end=\"1751\"><strong data-start=\"1685\" data-end=\"1703\">Muligheder for finish<\/strong>: B\u00f8rstet, spejlpoleret eller elektropoleret<\/p>\n<\/li>\n<li class=\"\" data-start=\"1752\" data-end=\"1817\">\n<p class=\"\" data-start=\"1754\" data-end=\"1817\"><strong data-start=\"1754\" data-end=\"1772\">Tilpassede indstillinger<\/strong>: OEM-logo, emballage, ringform og l\u00e6ngde<\/p>\n<\/li>\n<\/ul>\n<p class=\"\" data-start=\"1819\" data-end=\"1876\"> CAD-tegninger eller tekniske data f\u00e5s p\u00e5 anmodning.<\/p>\n<hr class=\"\" data-start=\"1878\" data-end=\"1881\" \/>\n<h2 class=\"\" data-start=\"1883\" data-end=\"1908\">\u2705 Typiske anvendelser<\/h2>\n<ul data-start=\"1910\" data-end=\"2091\">\n<li class=\"\" data-start=\"1910\" data-end=\"1938\">\n<p class=\"\" data-start=\"1912\" data-end=\"1938\">L\u00e5se til b\u00e6rbart udstyr<\/p>\n<\/li>\n<li class=\"\" data-start=\"1939\" data-end=\"1977\">\n<p class=\"\" data-start=\"1941\" data-end=\"1977\">Sportsudstyr og hurtigt aftagelige dele<\/p>\n<\/li>\n<li class=\"\" data-start=\"1978\" data-end=\"2022\">\n<p class=\"\" data-start=\"1980\" data-end=\"2022\">Jigs i lille skala eller mekanisk justering<\/p>\n<\/li>\n<li class=\"\" data-start=\"2023\" data-end=\"2063\">\n<p class=\"\" data-start=\"2025\" data-end=\"2063\">Marine tilbeh\u00f8r og panell\u00e5se<\/p>\n<\/li>\n<li class=\"\" data-start=\"2064\" data-end=\"2091\">\n<p class=\"\" data-start=\"2066\" data-end=\"2091\">Anvendelser af g\u00f8r-det-selv-fastg\u00f8relser<\/p>\n<\/li>\n<\/ul>\n<hr class=\"\" data-start=\"2093\" data-end=\"2096\" \/>\n<h2 class=\"\" data-start=\"2098\" data-end=\"2119\">\u2705 Produktfunktioner<\/h2>\n<ul data-start=\"2121\" data-end=\"2441\">\n<li class=\"\" data-start=\"2121\" data-end=\"2185\">\n<p class=\"\" data-start=\"2123\" data-end=\"2185\"> <strong data-start=\"2126\" data-end=\"2154\">Fjederbelastet tilbagetr\u00e6kning<\/strong> til hurtig og gentagelig brug<\/p>\n<\/li>\n<li class=\"\" data-start=\"2186\" data-end=\"2243\">\n<p class=\"\" data-start=\"2188\" data-end=\"2243\"> <strong data-start=\"2191\" data-end=\"2221\">Enkel betjening med tr\u00e6kring<\/strong> - Intet v\u00e6rkt\u00f8j n\u00f8dvendigt<\/p>\n<\/li>\n<li class=\"\" data-start=\"2244\" data-end=\"2313\">\n<p class=\"\" data-start=\"2246\" data-end=\"2313\">\ufe0f <strong data-start=\"2250\" data-end=\"2282\">Konstruktion i rustfrit st\u00e5l<\/strong> sikrer korrosionsbestandighed<\/p>\n<\/li>\n<li class=\"\" data-start=\"2314\" data-end=\"2380\">\n<p class=\"\" data-start=\"2316\" data-end=\"2380\"> <strong data-start=\"2319\" data-end=\"2346\">Kompakt og let stift<\/strong> til hurtig fastg\u00f8relse og frig\u00f8relse<\/p>\n<\/li>\n<li class=\"\" data-start=\"2381\" data-end=\"2441\">\n<p class=\"\" data-start=\"2383\" data-end=\"2441\">\ufe0f <strong data-start=\"2387\" data-end=\"2441\">St\u00f8rrelse og tr\u00e5ddiameter kan tilpasses efter behov<\/strong><\/p>\n<\/li>\n<\/ul>\n<hr class=\"\" data-start=\"2443\" data-end=\"2446\" \/>\n<h2 class=\"\" data-start=\"2448\" data-end=\"2473\">\u2705 Bestillingsinformation<\/h2>\n<p class=\"\" data-start=\"2475\" data-end=\"2528\">Angiv venligst f\u00f8lgende, n\u00e5r du anmoder om et tilbud:<\/p>\n<ul data-start=\"2529\" data-end=\"2675\">\n<li class=\"\" data-start=\"2529\" data-end=\"2557\">\n<p class=\"\" data-start=\"2531\" data-end=\"2557\">Stiftdiameter (f.eks. 4 mm)<\/p>\n<\/li>\n<li class=\"\" data-start=\"2558\" data-end=\"2588\">\n<p class=\"\" data-start=\"2560\" data-end=\"2588\">Anvendelig l\u00e6ngde (f.eks. 50 mm)<\/p>\n<\/li>\n<li class=\"\" data-start=\"2589\" data-end=\"2627\">\n<p class=\"\" data-start=\"2591\" data-end=\"2627\">Ringdiameter (standard eller tilpasset)<\/p>\n<\/li>\n<li class=\"\" data-start=\"2628\" data-end=\"2640\">\n<p class=\"\" data-start=\"2630\" data-end=\"2640\">M\u00e6ngde<\/p>\n<\/li>\n<li class=\"\" data-start=\"2641\" data-end=\"2675\">\n<p class=\"\" data-start=\"2643\" data-end=\"2675\">Krav til finish eller emballage<\/p>\n<\/li>\n<\/ul>","protected":false},"excerpt":{"rendered":"<p>Hurtigudl\u00f8serstift i rustfrit st\u00e5l med n\u00f8gleringsdesign, fremstillet af korrosionsbestandigt rustfrit st\u00e5l 304. Ideel til let fastg\u00f8relse og justering. <strong data-start=\"426\" data-end=\"492\">F\u00e5s i tilpassede diametre og l\u00e6ngder baseret p\u00e5 dine behov.<\/strong><\/p>","protected":false},"featured_media":1670,"comment_status":"open","ping_status":"closed","template":"","meta":{"site-sidebar-layout":"default","site-content-layout":"","ast-site-content-layout":"default","site-content-style":"default","site-sidebar-style":"default","ast-global-header-display":"","ast-banner-title-visibility":"","ast-main-header-display":"","ast-hfb-above-header-display":"","ast-hfb-below-header-display":"","ast-hfb-mobile-header-display":"","site-post-title":"","ast-breadcrumbs-content":"","ast-featured-img":"","footer-sml-layout":"","ast-disable-related-posts":"","theme-transparent-header-meta":"default","adv-header-id-meta":"","stick-header-meta":"","header-above-stick-meta":"","header-main-stick-meta":"","header-below-stick-meta":"","astra-migrate-meta-layouts":"set","ast-page-background-enabled":"default","ast-page-background-meta":{"desktop":{"background-color":"var(--ast-global-color-4)","background-image":"","background-repeat":"repeat","background-position":"center center","background-size":"auto","background-attachment":"scroll","background-type":"","background-media":"","overlay-type":"","overlay-color":"","overlay-opacity":"","overlay-gradient":""},"tablet":{"background-color":"","background-image":"","background-repeat":"repeat","background-position":"center center","background-size":"auto","background-attachment":"scroll","background-type":"","background-media":"","overlay-type":"","overlay-color":"","overlay-opacity":"","overlay-gradient":""},"mobile":{"background-color":"","background-image":"","background-repeat":"repeat","background-position":"center center","background-size":"auto","background-attachment":"scroll","background-type":"","background-media":"","overlay-type":"","overlay-color":"","overlay-opacity":"","overlay-gradient":""}},"ast-content-background-meta":{"desktop":{"background-color":"var(--ast-global-color-5)","background-image":"","background-repeat":"repeat","background-position":"center center","background-size":"auto","background-attachment":"scroll","background-type":"","background-media":"","overlay-type":"","overlay-color":"","overlay-opacity":"","overlay-gradient":""},"tablet":{"background-color":"var(--ast-global-color-5)","background-image":"","background-repeat":"repeat","background-position":"center center","background-size":"auto","background-attachment":"scroll","background-type":"","background-media":"","overlay-type":"","overlay-color":"","overlay-opacity":"","overlay-gradient":""},"mobile":{"background-color":"var(--ast-global-color-5)","background-image":"","background-repeat":"repeat","background-position":"center center","background-size":"auto","background-attachment":"scroll","background-type":"","background-media":"","overlay-type":"","overlay-color":"","overlay-opacity":"","overlay-gradient":""}}},"product_brand":[],"product_cat":[19],"product_tag":[],"class_list":{"0":"post-1669","1":"product","2":"type-product","3":"status-publish","4":"has-post-thumbnail","6":"product_cat-fasteners","8":"first","9":"instock","10":"shipping-taxable","11":"product-type-simple"},"_links":{"self":[{"href":"https:\/\/www.sknfastener.com\/da\/wp-json\/wp\/v2\/product\/1669","targetHints":{"allow":["GET"]}}],"collection":[{"href":"https:\/\/www.sknfastener.com\/da\/wp-json\/wp\/v2\/product"}],"about":[{"href":"https:\/\/www.sknfastener.com\/da\/wp-json\/wp\/v2\/types\/product"}],"replies":[{"embeddable":true,"href":"https:\/\/www.sknfastener.com\/da\/wp-json\/wp\/v2\/comments?post=1669"}],"version-history":[{"count":0,"href":"https:\/\/www.sknfastener.com\/da\/wp-json\/wp\/v2\/product\/1669\/revisions"}],"wp:featuredmedia":[{"embeddable":true,"href":"https:\/\/www.sknfastener.com\/da\/wp-json\/wp\/v2\/media\/1670"}],"wp:attachment":[{"href":"https:\/\/www.sknfastener.com\/da\/wp-json\/wp\/v2\/media?parent=1669"}],"wp:term":[{"taxonomy":"product_brand","embeddable":true,"href":"https:\/\/www.sknfastener.com\/da\/wp-json\/wp\/v2\/product_brand?post=1669"},{"taxonomy":"product_cat","embeddable":true,"href":"https:\/\/www.sknfastener.com\/da\/wp-json\/wp\/v2\/product_cat?post=1669"},{"taxonomy":"product_tag","embeddable":true,"href":"https:\/\/www.sknfastener.com\/da\/wp-json\/wp\/v2\/product_tag?post=1669"}],"curies":[{"name":"wp","href":"https:\/\/api.w.org\/{rel}","templated":true}]}}