{"id":1674,"date":"2025-05-15T08:42:18","date_gmt":"2025-05-15T08:42:18","guid":{"rendered":"https:\/\/www.sknfastener.com\/?post_type=product&#038;p=1674"},"modified":"2025-05-18T12:31:45","modified_gmt":"2025-05-18T04:31:45","slug":"ryobi-link-quick-release-handle-pins","status":"publish","type":"product","link":"https:\/\/www.sknfastener.com\/da\/vare\/ryobi-link-quick-release-handle-pins\/","title":{"rendered":"Ryobi Link Quick Release h\u00e5ndtagsstifter"},"content":{"rendered":"<h2 class=\"\" data-start=\"563\" data-end=\"587\">\u2705 Ryobi Link Quick Release Handle Pins<\/h2>\n<p class=\"\" data-start=\"589\" data-end=\"856\">Denne Ryobi Link Quick Release Handle Pins tilbyder en enkel, p\u00e5lidelig og v\u00e6rkt\u00f8jsfri fastg\u00f8relsesl\u00f8sning til mekaniske, v\u00e6rkt\u00f8js- og generelle monteringsopgaver. Designet med en <strong data-start=\"762\" data-end=\"805\">glat cylindrisk krop og ringh\u00e5ndtag<\/strong>kan stiften s\u00e6ttes i og tr\u00e6kkes ud p\u00e5 f\u00e5 sekunder.<\/p>\n<p class=\"\" data-start=\"858\" data-end=\"1067\">Den integrerede <strong data-start=\"873\" data-end=\"901\">Fjederbelastet st\u00e5lkugle<\/strong> p\u00e5 spidsen l\u00e5ses p\u00e5 plads, n\u00e5r den s\u00e6ttes ind i et parringshul, hvilket hj\u00e6lper med at forhindre utilsigtet frig\u00f8relse. Den <strong data-start=\"1010\" data-end=\"1030\">h\u00e5ndtag med tr\u00e6kring<\/strong> kan nemt fjernes, n\u00e5r det er n\u00f8dvendigt.<\/p>\n<p class=\"\" data-start=\"1069\" data-end=\"1309\">Fremstillet af <strong data-start=\"1087\" data-end=\"1130\">Korrosionsbestandigt rustfrit st\u00e5l 304<\/strong>Denne stift er velegnet til b\u00e5de indend\u00f8rs og udend\u00f8rs milj\u00f8er. Den bruges ofte i <strong data-start=\"1218\" data-end=\"1309\">let positionering, marineudstyr, panell\u00e5sning og hurtigmonteringskonstruktioner.<\/strong><\/p>\n<hr class=\"\" data-start=\"1311\" data-end=\"1314\" \/>\n<h2 class=\"\" data-start=\"1316\" data-end=\"1335\">\u2705 Specifikationer<\/h2>\n<ul data-start=\"1337\" data-end=\"1757\">\n<li class=\"\" data-start=\"1337\" data-end=\"1374\">\n<p class=\"\" data-start=\"1339\" data-end=\"1374\"><strong data-start=\"1339\" data-end=\"1351\">Materiale<\/strong>: Rustfrit st\u00e5l 304<\/p>\n<\/li>\n<li class=\"\" data-start=\"1375\" data-end=\"1426\">\n<p class=\"\" data-start=\"1377\" data-end=\"1426\"><strong data-start=\"1377\" data-end=\"1395\">Overfladefinish<\/strong>: Naturlig \/ Poleret \/ Brugerdefineret<\/p>\n<\/li>\n<li class=\"\" data-start=\"1427\" data-end=\"1472\">\n<p class=\"\" data-start=\"1429\" data-end=\"1472\"><strong data-start=\"1429\" data-end=\"1445\">Pindens diameter<\/strong>: 3 mm - 12 mm (standard)<\/p>\n<\/li>\n<li class=\"\" data-start=\"1473\" data-end=\"1510\">\n<p class=\"\" data-start=\"1475\" data-end=\"1510\"><strong data-start=\"1475\" data-end=\"1493\">Brugbare l\u00e6ngder<\/strong>: 20 mm - 80 mm<\/p>\n<\/li>\n<li class=\"\" data-start=\"1511\" data-end=\"1560\">\n<p class=\"\" data-start=\"1513\" data-end=\"1560\"><strong data-start=\"1513\" data-end=\"1534\">L\u00e5semekanisme<\/strong>: En fjederbelastet kugle<\/p>\n<\/li>\n<li class=\"\" data-start=\"1561\" data-end=\"1612\">\n<p class=\"\" data-start=\"1563\" data-end=\"1612\"><strong data-start=\"1563\" data-end=\"1578\">H\u00e5ndtagstype<\/strong>: Tr\u00e6kring (aftagelig eller fast)<\/p>\n<\/li>\n<li class=\"\" data-start=\"1613\" data-end=\"1641\">\n<p class=\"\" data-start=\"1615\" data-end=\"1641\"><strong data-start=\"1615\" data-end=\"1629\">Tolerancer<\/strong>: \u00b10,05 mm<\/p>\n<\/li>\n<li class=\"\" data-start=\"1642\" data-end=\"1680\">\n<p class=\"\" data-start=\"1644\" data-end=\"1680\"><strong data-start=\"1644\" data-end=\"1658\">Livets cyklus<\/strong>: 10.000+ inds\u00e6ttelser<\/p>\n<\/li>\n<li class=\"\" data-start=\"1681\" data-end=\"1757\">\n<p class=\"\" data-start=\"1683\" data-end=\"1757\"><strong data-start=\"1683\" data-end=\"1700\">Tilpasning<\/strong>: F\u00e5s til diameter, l\u00e6ngde, h\u00e5ndtagsstil, ringtype<\/p>\n<\/li>\n<\/ul>\n<p class=\"\" data-start=\"1759\" data-end=\"1839\">Brugerdefinerede tegninger, lasergravering af logoer og muligheder for kabeltab er tilg\u00e6ngelige.<\/p>\n<hr class=\"\" data-start=\"1841\" data-end=\"1844\" \/>\n<h2 class=\"\" data-start=\"1846\" data-end=\"1863\">\u2705 Anvendelser<\/h2>\n<ul data-start=\"1865\" data-end=\"2058\">\n<li class=\"\" data-start=\"1865\" data-end=\"1892\">\n<p class=\"\" data-start=\"1867\" data-end=\"1892\">L\u00e5sning af fikstur og jig<\/p>\n<\/li>\n<li class=\"\" data-start=\"1893\" data-end=\"1921\">\n<p class=\"\" data-start=\"1895\" data-end=\"1921\">Lukning af paneler og luger<\/p>\n<\/li>\n<li class=\"\" data-start=\"1922\" data-end=\"1953\">\n<p class=\"\" data-start=\"1924\" data-end=\"1953\">B\u00e5d- og trailersamlinger<\/p>\n<\/li>\n<li class=\"\" data-start=\"1954\" data-end=\"1985\">\n<p class=\"\" data-start=\"1956\" data-end=\"1985\">G\u00f8r-det-selv- og hardwarekomponenter<\/p>\n<\/li>\n<li class=\"\" data-start=\"1986\" data-end=\"2021\">\n<p class=\"\" data-start=\"1988\" data-end=\"2021\">Laboratorie- eller automatiseringsops\u00e6tninger<\/p>\n<\/li>\n<li class=\"\" data-start=\"2022\" data-end=\"2058\">\n<p class=\"\" data-start=\"2024\" data-end=\"2058\">Letv\u00e6gts sikkerhedsl\u00e5sesystemer<\/p>\n<\/li>\n<\/ul>\n<hr class=\"\" data-start=\"2060\" data-end=\"2063\" \/>\n<h2 class=\"\" data-start=\"2065\" data-end=\"2089\">\u2705 Funktioner og fordele<\/h2>\n<ul data-start=\"2091\" data-end=\"2347\">\n<li class=\"\" data-start=\"2091\" data-end=\"2142\">\n<p class=\"\" data-start=\"2093\" data-end=\"2142\">Enkel og sikker l\u00e5semekanisme med \u00e9n kugle<\/p>\n<\/li>\n<li class=\"\" data-start=\"2143\" data-end=\"2186\">\n<p class=\"\" data-start=\"2145\" data-end=\"2186\">Hurtig frig\u00f8relse uden brug af v\u00e6rkt\u00f8j<\/p>\n<\/li>\n<li class=\"\" data-start=\"2187\" data-end=\"2248\">\n<p class=\"\" data-start=\"2189\" data-end=\"2248\">Fremstillet af rustfrit st\u00e5l 304 for korrosionsbestandighed<\/p>\n<\/li>\n<li class=\"\" data-start=\"2249\" data-end=\"2302\">\n<p class=\"\" data-start=\"2251\" data-end=\"2302\">Ideel til justering ved lav belastning eller sikkerhedsl\u00e5sning<\/p>\n<\/li>\n<li class=\"\" data-start=\"2303\" data-end=\"2347\">\n<p class=\"\" data-start=\"2305\" data-end=\"2347\">Tilpasset st\u00f8rrelse og OEM-support tilg\u00e6ngelig<\/p>\n<\/li>\n<\/ul>\n<hr class=\"\" data-start=\"2349\" data-end=\"2352\" \/>\n<h2 class=\"\" data-start=\"2354\" data-end=\"2379\">\u2705 Bestillingsinformation<\/h2>\n<p class=\"\" data-start=\"2381\" data-end=\"2434\">Oplys venligst f\u00f8lgende, n\u00e5r du sender en foresp\u00f8rgsel:<\/p>\n<ul data-start=\"2435\" data-end=\"2580\">\n<li class=\"\" data-start=\"2435\" data-end=\"2464\">\n<p class=\"\" data-start=\"2437\" data-end=\"2464\">Stiftdiameter (f.eks. 6 mm)<\/p>\n<\/li>\n<li class=\"\" data-start=\"2465\" data-end=\"2504\">\n<p class=\"\" data-start=\"2467\" data-end=\"2504\">Greb eller brugbar l\u00e6ngde (f.eks. 40 mm)<\/p>\n<\/li>\n<li class=\"\" data-start=\"2505\" data-end=\"2517\">\n<p class=\"\" data-start=\"2507\" data-end=\"2517\">M\u00e6ngde<\/p>\n<\/li>\n<li class=\"\" data-start=\"2518\" data-end=\"2580\">\n<p class=\"\" data-start=\"2520\" data-end=\"2580\">Valgfrie funktioner: laserlogo, anti-tab kabel, farvet ring<\/p>\n<\/li>\n<\/ul>","protected":false},"excerpt":{"rendered":"<p><strong>Holdbare Ryobi Link Quick Release-h\u00e5ndtagspinde\u00a0<\/strong>med ringh\u00e5ndtag og fjederbelastet l\u00e5sekugle. Ideel til opretning, fastl\u00e5sning af armaturer og hurtigskiftesamlinger. <strong data-start=\"483\" data-end=\"556\">Materiale og st\u00f8rrelse kan tilpasses i henhold til dine specifikationer.<\/strong><\/p>","protected":false},"featured_media":1798,"comment_status":"closed","ping_status":"closed","template":"","meta":{"site-sidebar-layout":"default","site-content-layout":"","ast-site-content-layout":"default","site-content-style":"default","site-sidebar-style":"default","ast-global-header-display":"","ast-banner-title-visibility":"","ast-main-header-display":"","ast-hfb-above-header-display":"","ast-hfb-below-header-display":"","ast-hfb-mobile-header-display":"","site-post-title":"","ast-breadcrumbs-content":"","ast-featured-img":"","footer-sml-layout":"","ast-disable-related-posts":"","theme-transparent-header-meta":"default","adv-header-id-meta":"","stick-header-meta":"","header-above-stick-meta":"","header-main-stick-meta":"","header-below-stick-meta":"","astra-migrate-meta-layouts":"set","ast-page-background-enabled":"default","ast-page-background-meta":{"desktop":{"background-color":"var(--ast-global-color-4)","background-image":"","background-repeat":"repeat","background-position":"center center","background-size":"auto","background-attachment":"scroll","background-type":"","background-media":"","overlay-type":"","overlay-color":"","overlay-opacity":"","overlay-gradient":""},"tablet":{"background-color":"","background-image":"","background-repeat":"repeat","background-position":"center center","background-size":"auto","background-attachment":"scroll","background-type":"","background-media":"","overlay-type":"","overlay-color":"","overlay-opacity":"","overlay-gradient":""},"mobile":{"background-color":"","background-image":"","background-repeat":"repeat","background-position":"center center","background-size":"auto","background-attachment":"scroll","background-type":"","background-media":"","overlay-type":"","overlay-color":"","overlay-opacity":"","overlay-gradient":""}},"ast-content-background-meta":{"desktop":{"background-color":"var(--ast-global-color-5)","background-image":"","background-repeat":"repeat","background-position":"center center","background-size":"auto","background-attachment":"scroll","background-type":"","background-media":"","overlay-type":"","overlay-color":"","overlay-opacity":"","overlay-gradient":""},"tablet":{"background-color":"var(--ast-global-color-5)","background-image":"","background-repeat":"repeat","background-position":"center center","background-size":"auto","background-attachment":"scroll","background-type":"","background-media":"","overlay-type":"","overlay-color":"","overlay-opacity":"","overlay-gradient":""},"mobile":{"background-color":"var(--ast-global-color-5)","background-image":"","background-repeat":"repeat","background-position":"center center","background-size":"auto","background-attachment":"scroll","background-type":"","background-media":"","overlay-type":"","overlay-color":"","overlay-opacity":"","overlay-gradient":""}}},"product_brand":[],"product_cat":[159],"product_tag":[],"class_list":{"0":"post-1674","1":"product","2":"type-product","3":"status-publish","4":"has-post-thumbnail","6":"product_cat-quick-release-pin","8":"first","9":"instock","10":"shipping-taxable","11":"product-type-simple"},"_links":{"self":[{"href":"https:\/\/www.sknfastener.com\/da\/wp-json\/wp\/v2\/product\/1674","targetHints":{"allow":["GET"]}}],"collection":[{"href":"https:\/\/www.sknfastener.com\/da\/wp-json\/wp\/v2\/product"}],"about":[{"href":"https:\/\/www.sknfastener.com\/da\/wp-json\/wp\/v2\/types\/product"}],"replies":[{"embeddable":true,"href":"https:\/\/www.sknfastener.com\/da\/wp-json\/wp\/v2\/comments?post=1674"}],"version-history":[{"count":1,"href":"https:\/\/www.sknfastener.com\/da\/wp-json\/wp\/v2\/product\/1674\/revisions"}],"predecessor-version":[{"id":1834,"href":"https:\/\/www.sknfastener.com\/da\/wp-json\/wp\/v2\/product\/1674\/revisions\/1834"}],"wp:featuredmedia":[{"embeddable":true,"href":"https:\/\/www.sknfastener.com\/da\/wp-json\/wp\/v2\/media\/1798"}],"wp:attachment":[{"href":"https:\/\/www.sknfastener.com\/da\/wp-json\/wp\/v2\/media?parent=1674"}],"wp:term":[{"taxonomy":"product_brand","embeddable":true,"href":"https:\/\/www.sknfastener.com\/da\/wp-json\/wp\/v2\/product_brand?post=1674"},{"taxonomy":"product_cat","embeddable":true,"href":"https:\/\/www.sknfastener.com\/da\/wp-json\/wp\/v2\/product_cat?post=1674"},{"taxonomy":"product_tag","embeddable":true,"href":"https:\/\/www.sknfastener.com\/da\/wp-json\/wp\/v2\/product_tag?post=1674"}],"curies":[{"name":"wp","href":"https:\/\/api.w.org\/{rel}","templated":true}]}}