{"id":1681,"date":"2025-05-15T08:51:49","date_gmt":"2025-05-15T08:51:49","guid":{"rendered":"https:\/\/www.sknfastener.com\/?post_type=product&#038;p=1681"},"modified":"2025-05-18T12:31:33","modified_gmt":"2025-05-18T04:31:33","slug":"marine-quick-release-pins","status":"publish","type":"product","link":"https:\/\/www.sknfastener.com\/da\/vare\/marine-quick-release-pins\/","title":{"rendered":"Marine Quick Release Pins Rustfrit st\u00e5l 304 skaft | BLMPI-serien"},"content":{"rendered":"<p class=\"\" data-start=\"596\" data-end=\"961\"><strong>Marine Quick Release Pins<\/strong>\u00a0er konstrueret til <strong data-start=\"665\" data-end=\"719\">hurtig, sikker og gentagelig l\u00e5sning og opl\u00e5sning<\/strong> i applikationer, der kr\u00e6ver hyppig montering og demontering. Den har en <strong data-start=\"798\" data-end=\"827\">Skaft i rustfrit st\u00e5l 304<\/strong>, a <strong data-start=\"831\" data-end=\"876\">Fjederbelastet l\u00e5semekanisme med to kugler<\/strong>og en <strong data-start=\"884\" data-end=\"921\">Holdbart plasth\u00e5ndtag i knop-stil<\/strong> designet til operat\u00f8rens komfort og greb.<\/p>\n<p class=\"\" data-start=\"963\" data-end=\"1236\">Ved blot at trykke p\u00e5 <strong>Marine Quick Release Pins <\/strong>N\u00e5r man trykker p\u00e5 den \u00f8verste knap, tr\u00e6kkes l\u00e5sekuglerne ind i skaftet, s\u00e5 de let kan s\u00e6ttes ind i et forudbearbejdet hul. N\u00e5r knappen slippes, ekspanderer kuglerne automatisk udad og l\u00e5ser stiften sikkert p\u00e5 plads. Hvis man trykker p\u00e5 knappen igen, kan den straks tr\u00e6kkes ud.<\/p>\n<p class=\"\" data-start=\"1238\" data-end=\"1415\">Denne stift er ideel til h\u00f8jvibrationsmilj\u00f8er, mekaniske jigs, opsp\u00e6ndingsplader, rumfartsv\u00e6rkt\u00f8j og modulopbygninger, hvor <strong data-start=\"1366\" data-end=\"1401\">V\u00e6rkt\u00f8jsfri drift med h\u00f8j cyklus<\/strong> er afg\u00f8rende.<\/p>\n<h2 class=\"\" data-start=\"570\" data-end=\"594\"><\/h2>\n<p class=\"\" data-start=\"596\" data-end=\"961\">Den <strong data-start=\"600\" data-end=\"616\">BLPMI-serien<\/strong> Hurtigudl\u00f8seren med trykknap er konstrueret til <strong data-start=\"665\" data-end=\"719\">hurtig, sikker og gentagelig l\u00e5sning og opl\u00e5sning<\/strong> i applikationer, der kr\u00e6ver hyppig montering og demontering. Den har en <strong data-start=\"798\" data-end=\"827\">Skaft i rustfrit st\u00e5l 304<\/strong>, a <strong data-start=\"831\" data-end=\"876\">Fjederbelastet l\u00e5semekanisme med to kugler<\/strong>og en <strong data-start=\"884\" data-end=\"921\">Holdbart plasth\u00e5ndtag i knop-stil<\/strong> designet til operat\u00f8rens komfort og greb.<\/p>\n<p class=\"\" data-start=\"963\" data-end=\"1236\">Ved blot at trykke p\u00e5 den \u00f8verste knap tr\u00e6kkes l\u00e5sekuglerne ind i skaftet, s\u00e5 de let kan s\u00e6ttes ind i et forudbearbejdet hul. N\u00e5r knappen slippes, ekspanderer kuglerne automatisk udad og l\u00e5ser stiften sikkert p\u00e5 plads. Hvis du trykker p\u00e5 knappen igen, kan du tr\u00e6kke den ud med det samme.<\/p>\n<p class=\"\" data-start=\"1238\" data-end=\"1415\">Denne stift er ideel til h\u00f8jvibrationsmilj\u00f8er, mekaniske jigs, opsp\u00e6ndingsplader, rumfartsv\u00e6rkt\u00f8j og modulopbygninger, hvor <strong data-start=\"1366\" data-end=\"1401\">V\u00e6rkt\u00f8jsfri drift med h\u00f8j cyklus<\/strong> er afg\u00f8rende.<\/p>\n<hr class=\"\" data-start=\"1417\" data-end=\"1420\" \/>\n<h2 class=\"\" data-start=\"1422\" data-end=\"1451\">\u2705 Konstruktion og materialer <strong>Marine Quick Release Pins<\/strong><\/h2>\n<div class=\"_tableContainer_16hzy_1\">\n<div class=\"_tableWrapper_16hzy_14 group flex w-fit flex-col-reverse\" tabindex=\"-1\">\n<table class=\"w-fit min-w-(--thread-content-width)\" data-start=\"1453\" data-end=\"1731\">\n<thead data-start=\"1453\" data-end=\"1492\">\n<tr data-start=\"1453\" data-end=\"1492\">\n<th data-start=\"1453\" data-end=\"1467\" data-col-size=\"sm\">Komponent<\/th>\n<th data-start=\"1467\" data-end=\"1492\" data-col-size=\"md\">Materiale<\/th>\n<\/tr>\n<\/thead>\n<tbody data-start=\"1534\" data-end=\"1731\">\n<tr data-start=\"1534\" data-end=\"1574\">\n<td data-start=\"1534\" data-end=\"1548\" data-col-size=\"sm\">N\u00e5l<\/td>\n<td data-start=\"1548\" data-end=\"1574\" data-col-size=\"md\">Rustfrit st\u00e5l 304<\/td>\n<\/tr>\n<tr data-start=\"1575\" data-end=\"1626\">\n<td data-start=\"1575\" data-end=\"1589\" data-col-size=\"sm\">Bolde<\/td>\n<td data-col-size=\"md\" data-start=\"1589\" data-end=\"1626\">H\u00e6rdet rustfrit st\u00e5l (SUS440)<\/td>\n<\/tr>\n<tr data-start=\"1627\" data-end=\"1660\">\n<td data-start=\"1627\" data-end=\"1641\" data-col-size=\"sm\">Knap<\/td>\n<td data-start=\"1641\" data-end=\"1660\" data-col-size=\"md\">Rustfrit st\u00e5l<\/td>\n<\/tr>\n<tr data-start=\"1661\" data-end=\"1731\">\n<td data-start=\"1661\" data-end=\"1675\" data-col-size=\"sm\">H\u00e5ndtagsknap<\/td>\n<td data-col-size=\"md\" data-start=\"1675\" data-end=\"1731\">Teknisk plast (farve: gr\u00e5\/orange, kan tilpasses)<\/td>\n<\/tr>\n<\/tbody>\n<\/table>\n<div class=\"sticky end-(--thread-content-margin) h-0 self-end select-none\">\n<div class=\"absolute end-0 flex items-end\"><\/div>\n<\/div>\n<\/div>\n<\/div>\n<hr class=\"\" data-start=\"1733\" data-end=\"1736\" \/>\n<h2 class=\"\" data-start=\"1738\" data-end=\"1763\">\u2705 Tekniske parametre<\/h2>\n<div class=\"_tableContainer_16hzy_1\">\n<div class=\"_tableWrapper_16hzy_14 group flex w-fit flex-col-reverse\" tabindex=\"-1\">\n<table class=\"w-fit min-w-(--thread-content-width)\" data-start=\"1765\" data-end=\"2456\">\n<thead data-start=\"1765\" data-end=\"1848\">\n<tr data-start=\"1765\" data-end=\"1848\">\n<th data-start=\"1765\" data-end=\"1785\" data-col-size=\"sm\">Pindens diameter (mm)<\/th>\n<th data-start=\"1785\" data-end=\"1816\" data-col-size=\"sm\">Valgfri brugbar l\u00e6ngde (L) mm<\/th>\n<th data-start=\"1816\" data-end=\"1834\" data-col-size=\"sm\">Forskydningsbelastning (kN)<\/th>\n<th data-start=\"1834\" data-end=\"1848\" data-col-size=\"sm\">V\u00e6gt (g)<\/th>\n<\/tr>\n<\/thead>\n<tbody data-start=\"1935\" data-end=\"2456\">\n<tr data-start=\"1935\" data-end=\"2021\">\n<td data-start=\"1935\" data-end=\"1955\" data-col-size=\"sm\">5<\/td>\n<td data-start=\"1955\" data-end=\"1988\" data-col-size=\"sm\">10, 15, 20, 25, 30<\/td>\n<td data-col-size=\"sm\" data-start=\"1988\" data-end=\"2007\">0.07<\/td>\n<td data-col-size=\"sm\" data-start=\"2007\" data-end=\"2021\">30-32<\/td>\n<\/tr>\n<tr data-start=\"2022\" data-end=\"2108\">\n<td data-start=\"2022\" data-end=\"2042\" data-col-size=\"sm\">6<\/td>\n<td data-start=\"2042\" data-end=\"2075\" data-col-size=\"sm\">10, 15, 20, 25, 30, 40, 50<\/td>\n<td data-col-size=\"sm\" data-start=\"2075\" data-end=\"2094\">0.07<\/td>\n<td data-col-size=\"sm\" data-start=\"2094\" data-end=\"2108\">31-39<\/td>\n<\/tr>\n<tr data-start=\"2109\" data-end=\"2195\">\n<td data-start=\"2109\" data-end=\"2129\" data-col-size=\"sm\">8<\/td>\n<td data-col-size=\"sm\" data-start=\"2129\" data-end=\"2162\">10, 20, 25, 30, 40<\/td>\n<td data-col-size=\"sm\" data-start=\"2162\" data-end=\"2181\">0.09<\/td>\n<td data-col-size=\"sm\" data-start=\"2181\" data-end=\"2195\">38-47<\/td>\n<\/tr>\n<tr data-start=\"2196\" data-end=\"2282\">\n<td data-start=\"2196\" data-end=\"2216\" data-col-size=\"sm\">10<\/td>\n<td data-start=\"2216\" data-end=\"2249\" data-col-size=\"sm\">25, 30, 40, 50, 60, 80<\/td>\n<td data-col-size=\"sm\" data-start=\"2249\" data-end=\"2268\">0.90<\/td>\n<td data-col-size=\"sm\" data-start=\"2268\" data-end=\"2282\">76-97<\/td>\n<\/tr>\n<tr data-start=\"2283\" data-end=\"2369\">\n<td data-start=\"2283\" data-end=\"2303\" data-col-size=\"sm\">12<\/td>\n<td data-col-size=\"sm\" data-start=\"2303\" data-end=\"2336\">40, 50, 60, 80<\/td>\n<td data-col-size=\"sm\" data-start=\"2336\" data-end=\"2355\">1.10<\/td>\n<td data-col-size=\"sm\" data-start=\"2355\" data-end=\"2369\">100-135<\/td>\n<\/tr>\n<tr data-start=\"2370\" data-end=\"2456\">\n<td data-start=\"2370\" data-end=\"2390\" data-col-size=\"sm\">16<\/td>\n<td data-start=\"2390\" data-end=\"2423\" data-col-size=\"sm\">60, 80, 100<\/td>\n<td data-col-size=\"sm\" data-start=\"2423\" data-end=\"2442\">1.60<\/td>\n<td data-col-size=\"sm\" data-start=\"2442\" data-end=\"2456\">171-232<\/td>\n<\/tr>\n<\/tbody>\n<\/table>\n<div class=\"sticky end-(--thread-content-margin) h-0 self-end select-none\">\n<div class=\"absolute end-0 flex items-end\"><\/div>\n<\/div>\n<\/div>\n<\/div>\n<p class=\"\" data-start=\"2458\" data-end=\"2621\"><em data-start=\"2461\" data-end=\"2621\">Detaljerede tolerancer, B1-skaftets fastholdelsesl\u00e6ngde og hullets parringsdimension findes p\u00e5 den tekniske tegning. OEM-logo og underst\u00f8ttelse af specielle h\u00e5ndtagsfarver er muligt.<\/em><\/p>\n<hr class=\"\" data-start=\"2623\" data-end=\"2626\" \/>\n<h2 class=\"\" data-start=\"2628\" data-end=\"2663\">\u2705 Betjeningsvejledning (hvordan det virker)<\/h2>\n<ol data-start=\"2665\" data-end=\"2872\">\n<li class=\"\" data-start=\"2665\" data-end=\"2735\">\n<p class=\"\" data-start=\"2668\" data-end=\"2735\"><strong data-start=\"2668\" data-end=\"2678\">Inds\u00e6t<\/strong>: Tryk p\u00e5 knappen, kuglerne tr\u00e6kker sig tilbage, stiften glider ind i hullet<\/p>\n<\/li>\n<li class=\"\" data-start=\"2736\" data-end=\"2806\">\n<p class=\"\" data-start=\"2739\" data-end=\"2806\"><strong data-start=\"2739\" data-end=\"2747\">L\u00e5s<\/strong>: Slip knappen, kuglerne k\u00f8rer ud og l\u00e5ses i position<\/p>\n<\/li>\n<li class=\"\" data-start=\"2807\" data-end=\"2872\">\n<p class=\"\" data-start=\"2810\" data-end=\"2872\"><strong data-start=\"2810\" data-end=\"2821\">Udgivelse<\/strong>: Tryk igen for at tr\u00e6kke kuglerne tilbage og tr\u00e6kke stiften ud<\/p>\n<\/li>\n<\/ol>\n<p class=\"\" data-start=\"2874\" data-end=\"2959\">Systemet sikrer, at <strong data-start=\"2893\" data-end=\"2930\">Sikker, vibrationsresistent l\u00e5sning<\/strong>og ubesv\u00e6ret adskillelse.<\/p>\n<hr class=\"\" data-start=\"2961\" data-end=\"2964\" \/>\n<h2 class=\"\" data-start=\"2966\" data-end=\"2983\">\u2705 Anvendelser<\/h2>\n<ul data-start=\"2985\" data-end=\"3177\">\n<li class=\"\" data-start=\"2985\" data-end=\"3015\">\n<p class=\"\" data-start=\"2987\" data-end=\"3015\">Positionering af rumfartsv\u00e6rkt\u00f8j<\/p>\n<\/li>\n<li class=\"\" data-start=\"3016\" data-end=\"3053\">\n<p class=\"\" data-start=\"3018\" data-end=\"3053\">Pr\u00e6cisionsjigs og opsp\u00e6ndingsplader<\/p>\n<\/li>\n<li class=\"\" data-start=\"3054\" data-end=\"3088\">\n<p class=\"\" data-start=\"3056\" data-end=\"3088\">Robotarme og endeffektorer<\/p>\n<\/li>\n<li class=\"\" data-start=\"3089\" data-end=\"3120\">\n<p class=\"\" data-start=\"3091\" data-end=\"3120\">Ops\u00e6tning af industrimaskiner<\/p>\n<\/li>\n<li class=\"\" data-start=\"3121\" data-end=\"3145\">\n<p class=\"\" data-start=\"3123\" data-end=\"3145\">\u00c6ndringer i form og v\u00e6rkt\u00f8j<\/p>\n<\/li>\n<li class=\"\" data-start=\"3146\" data-end=\"3177\">\n<p class=\"\" data-start=\"3148\" data-end=\"3177\">Bil- og marinesystemer<\/p>\n<\/li>\n<\/ul>\n<hr class=\"\" data-start=\"3179\" data-end=\"3182\" \/>\n<h2 class=\"\" data-start=\"3184\" data-end=\"3201\">\u2705 N\u00f8glefunktioner<\/h2>\n<ul data-start=\"3203\" data-end=\"3519\">\n<li class=\"\" data-start=\"3203\" data-end=\"3275\">\n<p class=\"\" data-start=\"3205\" data-end=\"3275\"><strong data-start=\"3208\" data-end=\"3239\">Hurtig betjening med trykknap<\/strong> med h\u00f8rbar og taktil feedback<\/p>\n<\/li>\n<li class=\"\" data-start=\"3276\" data-end=\"3347\">\n<p class=\"\" data-start=\"3278\" data-end=\"3347\"><strong data-start=\"3281\" data-end=\"3304\">H\u00f8j forskydningsstyrke<\/strong> og korrosionsbestandighed i rustfrit st\u00e5l<\/p>\n<\/li>\n<li class=\"\" data-start=\"3348\" data-end=\"3412\">\n<p class=\"\" data-start=\"3350\" data-end=\"3412\"><strong data-start=\"3353\" data-end=\"3379\">Ergonomisk plastknap<\/strong> - f\u00e5s i flere farver<\/p>\n<\/li>\n<li class=\"\" data-start=\"3413\" data-end=\"3454\">\n<p class=\"\" data-start=\"3415\" data-end=\"3454\">Designet til mere end 10.000 brugscyklusser<\/p>\n<\/li>\n<li class=\"\" data-start=\"3455\" data-end=\"3519\">\n<p class=\"\" data-start=\"3457\" data-end=\"3519\">\ufe0f <strong data-start=\"3461\" data-end=\"3519\">Tilpassede diametre, grebsl\u00e6ngder og finish underst\u00f8ttes<\/strong><\/p>\n<\/li>\n<\/ul>\n<hr class=\"\" data-start=\"3521\" data-end=\"3524\" \/>\n<h2 class=\"\" data-start=\"3526\" data-end=\"3551\">\u2705 Bestillingsinformation<\/h2>\n<p class=\"\" data-start=\"3553\" data-end=\"3606\">For at afgive en ordre eller anmode om et tilbud, bedes du angive:<\/p>\n<ul data-start=\"3607\" data-end=\"3798\">\n<li class=\"\" data-start=\"3607\" data-end=\"3633\">\n<p class=\"\" data-start=\"3609\" data-end=\"3633\">Diameter (f.eks. 10 mm)<\/p>\n<\/li>\n<li class=\"\" data-start=\"3634\" data-end=\"3673\">\n<p class=\"\" data-start=\"3636\" data-end=\"3673\">Brugbar grebsl\u00e6ngde (L, f.eks. 40 mm)<\/p>\n<\/li>\n<li class=\"\" data-start=\"3674\" data-end=\"3724\">\n<p class=\"\" data-start=\"3676\" data-end=\"3724\">H\u00e5ndtagets farvepr\u00e6ference (standard: orange\/gr\u00e5)<\/p>\n<\/li>\n<li class=\"\" data-start=\"3725\" data-end=\"3737\">\n<p class=\"\" data-start=\"3727\" data-end=\"3737\">M\u00e6ngde<\/p>\n<\/li>\n<li class=\"\" data-start=\"3738\" data-end=\"3798\">\n<p class=\"\" data-start=\"3740\" data-end=\"3798\">S\u00e6rlige krav (k\u00e6dehul, sikkerhedskabel, emballage)<\/p>\n<\/li>\n<\/ul>","protected":false},"excerpt":{"rendered":"<p>H\u00f8j styrke <strong>Marine Quick Release Pins<\/strong>\u00a0med ergonomisk plasth\u00e5ndtag i knopstil og skaft i rustfrit st\u00e5l 304. Hurtig og sikker fastg\u00f8relse uden brug af v\u00e6rkt\u00f8j. <strong data-start=\"487\" data-end=\"563\">Tilpasset skaftl\u00e6ngde, diameter og h\u00e5ndtagsfarver f\u00e5s efter anmodning.<\/strong><\/p>","protected":false},"featured_media":1686,"comment_status":"open","ping_status":"closed","template":"","meta":{"site-sidebar-layout":"default","site-content-layout":"","ast-site-content-layout":"default","site-content-style":"default","site-sidebar-style":"default","ast-global-header-display":"","ast-banner-title-visibility":"","ast-main-header-display":"","ast-hfb-above-header-display":"","ast-hfb-below-header-display":"","ast-hfb-mobile-header-display":"","site-post-title":"","ast-breadcrumbs-content":"","ast-featured-img":"","footer-sml-layout":"","ast-disable-related-posts":"","theme-transparent-header-meta":"default","adv-header-id-meta":"","stick-header-meta":"","header-above-stick-meta":"","header-main-stick-meta":"","header-below-stick-meta":"","astra-migrate-meta-layouts":"set","ast-page-background-enabled":"default","ast-page-background-meta":{"desktop":{"background-color":"var(--ast-global-color-4)","background-image":"","background-repeat":"repeat","background-position":"center center","background-size":"auto","background-attachment":"scroll","background-type":"","background-media":"","overlay-type":"","overlay-color":"","overlay-opacity":"","overlay-gradient":""},"tablet":{"background-color":"","background-image":"","background-repeat":"repeat","background-position":"center center","background-size":"auto","background-attachment":"scroll","background-type":"","background-media":"","overlay-type":"","overlay-color":"","overlay-opacity":"","overlay-gradient":""},"mobile":{"background-color":"","background-image":"","background-repeat":"repeat","background-position":"center center","background-size":"auto","background-attachment":"scroll","background-type":"","background-media":"","overlay-type":"","overlay-color":"","overlay-opacity":"","overlay-gradient":""}},"ast-content-background-meta":{"desktop":{"background-color":"var(--ast-global-color-5)","background-image":"","background-repeat":"repeat","background-position":"center center","background-size":"auto","background-attachment":"scroll","background-type":"","background-media":"","overlay-type":"","overlay-color":"","overlay-opacity":"","overlay-gradient":""},"tablet":{"background-color":"var(--ast-global-color-5)","background-image":"","background-repeat":"repeat","background-position":"center center","background-size":"auto","background-attachment":"scroll","background-type":"","background-media":"","overlay-type":"","overlay-color":"","overlay-opacity":"","overlay-gradient":""},"mobile":{"background-color":"var(--ast-global-color-5)","background-image":"","background-repeat":"repeat","background-position":"center center","background-size":"auto","background-attachment":"scroll","background-type":"","background-media":"","overlay-type":"","overlay-color":"","overlay-opacity":"","overlay-gradient":""}}},"product_brand":[],"product_cat":[159],"product_tag":[],"class_list":{"0":"post-1681","1":"product","2":"type-product","3":"status-publish","4":"has-post-thumbnail","6":"product_cat-quick-release-pin","8":"first","9":"instock","10":"shipping-taxable","11":"product-type-simple"},"_links":{"self":[{"href":"https:\/\/www.sknfastener.com\/da\/wp-json\/wp\/v2\/product\/1681","targetHints":{"allow":["GET"]}}],"collection":[{"href":"https:\/\/www.sknfastener.com\/da\/wp-json\/wp\/v2\/product"}],"about":[{"href":"https:\/\/www.sknfastener.com\/da\/wp-json\/wp\/v2\/types\/product"}],"replies":[{"embeddable":true,"href":"https:\/\/www.sknfastener.com\/da\/wp-json\/wp\/v2\/comments?post=1681"}],"version-history":[{"count":2,"href":"https:\/\/www.sknfastener.com\/da\/wp-json\/wp\/v2\/product\/1681\/revisions"}],"predecessor-version":[{"id":1850,"href":"https:\/\/www.sknfastener.com\/da\/wp-json\/wp\/v2\/product\/1681\/revisions\/1850"}],"wp:featuredmedia":[{"embeddable":true,"href":"https:\/\/www.sknfastener.com\/da\/wp-json\/wp\/v2\/media\/1686"}],"wp:attachment":[{"href":"https:\/\/www.sknfastener.com\/da\/wp-json\/wp\/v2\/media?parent=1681"}],"wp:term":[{"taxonomy":"product_brand","embeddable":true,"href":"https:\/\/www.sknfastener.com\/da\/wp-json\/wp\/v2\/product_brand?post=1681"},{"taxonomy":"product_cat","embeddable":true,"href":"https:\/\/www.sknfastener.com\/da\/wp-json\/wp\/v2\/product_cat?post=1681"},{"taxonomy":"product_tag","embeddable":true,"href":"https:\/\/www.sknfastener.com\/da\/wp-json\/wp\/v2\/product_tag?post=1681"}],"curies":[{"name":"wp","href":"https:\/\/api.w.org\/{rel}","templated":true}]}}