{"id":1688,"date":"2025-05-15T09:01:53","date_gmt":"2025-05-15T09:01:53","guid":{"rendered":"https:\/\/www.sknfastener.com\/?post_type=product&#038;p=1688"},"modified":"2025-05-18T12:31:21","modified_gmt":"2025-05-18T04:31:21","slug":"quick-release-pin-push-button","status":"publish","type":"product","link":"https:\/\/www.sknfastener.com\/da\/vare\/quick-release-pin-push-button\/","title":{"rendered":"Trykknap til hurtigudl\u00f8serstift"},"content":{"rendered":"<p><strong>Trykknap til hurtigudl\u00f8serstift<\/strong> giver en sikker, h\u00f8jeffektiv l\u00e5sel\u00f8sning til montage-, v\u00e6rkt\u00f8js- og maskinmilj\u00f8er. Designet har en <strong data-start=\"771\" data-end=\"800\">Skaft i rustfrit st\u00e5l 304<\/strong>, a <strong data-start=\"804\" data-end=\"849\">Fjederbelastet l\u00e5semekanisme med to kugler<\/strong>og en <strong data-start=\"857\" data-end=\"885\">Holdbart T-h\u00e5ndtag i plast<\/strong> med integreret udl\u00f8serknap.<\/p>\n<p class=\"\" data-start=\"919\" data-end=\"1227\">Ved at trykke p\u00e5 den \u00f8verste knap tr\u00e6kkes l\u00e5sekuglerne ind, s\u00e5 stiften let kan glide p\u00e5 plads. N\u00e5r knappen slippes, aktiveres kuglerne, hvilket giver en <strong data-start=\"1089\" data-end=\"1106\">Positiv l\u00e5s<\/strong> inde i parringshullet. Den intuitive h\u00e5ndtagsform sikrer <strong data-start=\"1166\" data-end=\"1196\">komfortabel brug med \u00e9n h\u00e5nd<\/strong>selv i sn\u00e6vre arbejdsomr\u00e5der.<\/p>\n<p class=\"\" data-start=\"1229\" data-end=\"1372\">Dette produkt er ideelt til <strong data-start=\"1255\" data-end=\"1291\">h\u00f8jcyklisk, gentagelig fastg\u00f8relse<\/strong> i modul\u00e6re fixturplader, automatiseringskomponenter og b\u00e6rbare rammekonstruktioner.<\/p>\n<h2 class=\"\" data-start=\"1379\" data-end=\"1408\">\u2705 Materialer og konstruktion<\/h2>\n<div class=\"_tableContainer_16hzy_1\">\n<div class=\"_tableWrapper_16hzy_14 group flex w-fit flex-col-reverse\" tabindex=\"-1\">\n<table class=\"w-fit min-w-(--thread-content-width)\" data-start=\"1410\" data-end=\"1723\">\n<thead data-start=\"1410\" data-end=\"1446\">\n<tr data-start=\"1410\" data-end=\"1446\">\n<th data-start=\"1410\" data-end=\"1422\" data-col-size=\"sm\">Komponent<\/th>\n<th data-start=\"1422\" data-end=\"1446\" data-col-size=\"sm\">Materiale<\/th>\n<\/tr>\n<\/thead>\n<tbody data-start=\"1484\" data-end=\"1723\">\n<tr data-start=\"1484\" data-end=\"1518\">\n<td data-start=\"1484\" data-end=\"1495\" data-col-size=\"sm\">N\u00e5l<\/td>\n<td data-col-size=\"sm\" data-start=\"1495\" data-end=\"1518\">Rustfrit st\u00e5l 304<\/td>\n<\/tr>\n<tr data-start=\"1519\" data-end=\"1553\">\n<td data-start=\"1519\" data-end=\"1530\" data-col-size=\"sm\">For\u00e5r<\/td>\n<td data-start=\"1530\" data-end=\"1553\" data-col-size=\"sm\">Rustfrit st\u00e5l 304<\/td>\n<\/tr>\n<tr data-start=\"1554\" data-end=\"1593\">\n<td data-start=\"1554\" data-end=\"1565\" data-col-size=\"sm\">Bolde<\/td>\n<td data-start=\"1565\" data-end=\"1593\" data-col-size=\"sm\">H\u00e6rdet rustfrit st\u00e5l<\/td>\n<\/tr>\n<tr data-start=\"1594\" data-end=\"1635\">\n<td data-start=\"1594\" data-end=\"1605\" data-col-size=\"sm\">H\u00e5ndtag<\/td>\n<td data-col-size=\"sm\" data-start=\"1605\" data-end=\"1635\">Forst\u00e6rket plastik (sort)<\/td>\n<\/tr>\n<tr data-start=\"1636\" data-end=\"1680\">\n<td data-start=\"1636\" data-end=\"1647\" data-col-size=\"sm\">Knap<\/td>\n<td data-col-size=\"sm\" data-start=\"1647\" data-end=\"1680\">Plastik med h\u00f8j synlighed (r\u00f8d)<\/td>\n<\/tr>\n<tr data-start=\"1681\" data-end=\"1723\">\n<td data-start=\"1681\" data-end=\"1697\" data-col-size=\"sm\">Valgfri ring<\/td>\n<td data-col-size=\"sm\" data-start=\"1697\" data-end=\"1723\">Rustfrit st\u00e5l (tilpasset)<\/td>\n<\/tr>\n<\/tbody>\n<\/table>\n<div class=\"sticky end-(--thread-content-margin) h-0 self-end select-none\">\n<div class=\"absolute end-0 flex items-end\"><\/div>\n<\/div>\n<\/div>\n<\/div>\n<hr class=\"\" data-start=\"1725\" data-end=\"1728\" \/>\n<h2 class=\"\" data-start=\"1730\" data-end=\"1760\">\u2705 Tilg\u00e6ngelige dimensioner (mm)<\/h2>\n<div class=\"_tableContainer_16hzy_1\">\n<div class=\"_tableWrapper_16hzy_14 group flex w-fit flex-col-reverse\" tabindex=\"-1\">\n<table class=\"w-fit min-w-(--thread-content-width)\" data-start=\"1762\" data-end=\"2444\">\n<thead data-start=\"1762\" data-end=\"1844\">\n<tr data-start=\"1762\" data-end=\"1844\">\n<th data-start=\"1762\" data-end=\"1770\" data-col-size=\"sm\">Model<\/th>\n<th data-start=\"1770\" data-end=\"1783\" data-col-size=\"sm\">Diameter A<\/th>\n<th data-start=\"1783\" data-end=\"1809\" data-col-size=\"sm\">Grebets l\u00e6ngde (L) Valgmuligheder<\/th>\n<th data-start=\"1809\" data-end=\"1817\" data-col-size=\"sm\">B<\/th>\n<th data-start=\"1817\" data-end=\"1825\" data-col-size=\"sm\">C<\/th>\n<th data-start=\"1825\" data-end=\"1832\" data-col-size=\"sm\">D<\/th>\n<th data-start=\"1832\" data-end=\"1837\" data-col-size=\"sm\">E<\/th>\n<th data-start=\"1837\" data-end=\"1844\" data-col-size=\"sm\">H<\/th>\n<\/tr>\n<\/thead>\n<tbody data-start=\"1929\" data-end=\"2444\">\n<tr data-start=\"1929\" data-end=\"2014\">\n<td data-start=\"1929\" data-end=\"1937\" data-col-size=\"sm\">5<\/td>\n<td data-col-size=\"sm\" data-start=\"1937\" data-end=\"1950\">4.92-4.96<\/td>\n<td data-col-size=\"sm\" data-start=\"1950\" data-end=\"1978\">10, 15, 20, 25<\/td>\n<td data-col-size=\"sm\" data-start=\"1978\" data-end=\"1986\">5.23<\/td>\n<td data-col-size=\"sm\" data-start=\"1986\" data-end=\"1994\">8.36<\/td>\n<td data-col-size=\"sm\" data-start=\"1994\" data-end=\"2001\">36<\/td>\n<td data-col-size=\"sm\" data-start=\"2001\" data-end=\"2006\">16<\/td>\n<td data-col-size=\"sm\" data-start=\"2006\" data-end=\"2014\">32.5<\/td>\n<\/tr>\n<tr data-start=\"2015\" data-end=\"2100\">\n<td data-start=\"2015\" data-end=\"2023\" data-col-size=\"sm\">6<\/td>\n<td data-col-size=\"sm\" data-start=\"2023\" data-end=\"2036\">5.92-5.96<\/td>\n<td data-col-size=\"sm\" data-start=\"2036\" data-end=\"2064\">30, 35, 40, 45<\/td>\n<td data-col-size=\"sm\" data-start=\"2064\" data-end=\"2072\">6.88<\/td>\n<td data-col-size=\"sm\" data-start=\"2072\" data-end=\"2080\">8.74<\/td>\n<td data-col-size=\"sm\" data-start=\"2080\" data-end=\"2087\">38<\/td>\n<td data-col-size=\"sm\" data-start=\"2087\" data-end=\"2092\">16<\/td>\n<td data-col-size=\"sm\" data-start=\"2092\" data-end=\"2100\">32.5<\/td>\n<\/tr>\n<tr data-start=\"2101\" data-end=\"2186\">\n<td data-start=\"2101\" data-end=\"2109\" data-col-size=\"sm\">8<\/td>\n<td data-start=\"2109\" data-end=\"2122\" data-col-size=\"sm\">7.92-7.96<\/td>\n<td data-col-size=\"sm\" data-start=\"2122\" data-end=\"2150\">50, 55, 60, 65<\/td>\n<td data-col-size=\"sm\" data-start=\"2150\" data-end=\"2158\">9.35<\/td>\n<td data-col-size=\"sm\" data-start=\"2158\" data-end=\"2166\">9.12<\/td>\n<td data-col-size=\"sm\" data-start=\"2166\" data-end=\"2173\">38<\/td>\n<td data-col-size=\"sm\" data-start=\"2173\" data-end=\"2178\">17<\/td>\n<td data-col-size=\"sm\" data-start=\"2178\" data-end=\"2186\">35<\/td>\n<\/tr>\n<tr data-start=\"2187\" data-end=\"2272\">\n<td data-start=\"2187\" data-end=\"2195\" data-col-size=\"sm\">10<\/td>\n<td data-start=\"2195\" data-end=\"2208\" data-col-size=\"sm\">9.92-9.96<\/td>\n<td data-col-size=\"sm\" data-start=\"2208\" data-end=\"2236\">55, 60, 65<\/td>\n<td data-col-size=\"sm\" data-start=\"2236\" data-end=\"2244\">11.58<\/td>\n<td data-col-size=\"sm\" data-start=\"2244\" data-end=\"2252\">9.90<\/td>\n<td data-col-size=\"sm\" data-start=\"2252\" data-end=\"2259\">40<\/td>\n<td data-col-size=\"sm\" data-start=\"2259\" data-end=\"2264\">17<\/td>\n<td data-col-size=\"sm\" data-start=\"2264\" data-end=\"2272\">35<\/td>\n<\/tr>\n<tr data-start=\"2273\" data-end=\"2358\">\n<td data-start=\"2273\" data-end=\"2281\" data-col-size=\"sm\">12<\/td>\n<td data-start=\"2281\" data-end=\"2294\" data-col-size=\"sm\">11.92-11.96<\/td>\n<td data-col-size=\"sm\" data-start=\"2294\" data-end=\"2322\">70, 75, 80, 85<\/td>\n<td data-col-size=\"sm\" data-start=\"2322\" data-end=\"2330\">13.84<\/td>\n<td data-col-size=\"sm\" data-start=\"2330\" data-end=\"2338\">13.11<\/td>\n<td data-col-size=\"sm\" data-start=\"2338\" data-end=\"2345\">47<\/td>\n<td data-col-size=\"sm\" data-start=\"2345\" data-end=\"2350\">20<\/td>\n<td data-col-size=\"sm\" data-start=\"2350\" data-end=\"2358\">40<\/td>\n<\/tr>\n<tr data-start=\"2359\" data-end=\"2444\">\n<td data-start=\"2359\" data-end=\"2367\" data-col-size=\"sm\">16<\/td>\n<td data-col-size=\"sm\" data-start=\"2367\" data-end=\"2380\">15.92-15.96<\/td>\n<td data-col-size=\"sm\" data-start=\"2380\" data-end=\"2408\">90, 95, 100<\/td>\n<td data-col-size=\"sm\" data-start=\"2408\" data-end=\"2416\">18.54<\/td>\n<td data-col-size=\"sm\" data-start=\"2416\" data-end=\"2424\">17.07<\/td>\n<td data-col-size=\"sm\" data-start=\"2424\" data-end=\"2431\">47<\/td>\n<td data-col-size=\"sm\" data-start=\"2431\" data-end=\"2436\">23<\/td>\n<td data-col-size=\"sm\" data-start=\"2436\" data-end=\"2444\">40<\/td>\n<\/tr>\n<\/tbody>\n<\/table>\n<div class=\"sticky end-(--thread-content-margin) h-0 self-end select-none\">\n<div class=\"absolute end-0 flex items-end\"><\/div>\n<\/div>\n<\/div>\n<\/div>\n<p class=\"\" data-start=\"2446\" data-end=\"2500\"><em data-start=\"2449\" data-end=\"2500\">Tolerancer: A = -0,08 \/ -0,04 mm; L = +0,5 \/ 0 mm<\/em><\/p>\n<p class=\"\" data-start=\"2502\" data-end=\"2573\">Tilpassede diametre, l\u00e6ngder eller knapfarver f\u00e5s p\u00e5 foresp\u00f8rgsel.<\/p>\n<hr class=\"\" data-start=\"2575\" data-end=\"2578\" \/>\n<h2 class=\"\" data-start=\"2580\" data-end=\"2603\">\u2705 Anvendelsesomr\u00e5der<\/h2>\n<ul data-start=\"2605\" data-end=\"2798\">\n<li class=\"\" data-start=\"2605\" data-end=\"2640\">\n<p class=\"\" data-start=\"2607\" data-end=\"2640\">Modul\u00e6re jig- og fikseringssystemer<\/p>\n<\/li>\n<li class=\"\" data-start=\"2641\" data-end=\"2677\">\n<p class=\"\" data-start=\"2643\" data-end=\"2677\">Produktionsv\u00e6rkt\u00f8j og -maskiner<\/p>\n<\/li>\n<li class=\"\" data-start=\"2678\" data-end=\"2711\">\n<p class=\"\" data-start=\"2680\" data-end=\"2711\">Hurtig udskiftning af udstyrsrammer<\/p>\n<\/li>\n<li class=\"\" data-start=\"2712\" data-end=\"2755\">\n<p class=\"\" data-start=\"2714\" data-end=\"2755\">Underenheder til luft- og rumfart samt bilindustrien<\/p>\n<\/li>\n<li class=\"\" data-start=\"2756\" data-end=\"2798\">\n<p class=\"\" data-start=\"2758\" data-end=\"2798\">Endeffektorer og afsk\u00e6rmningssystemer til robotter<\/p>\n<\/li>\n<\/ul>\n<hr class=\"\" data-start=\"2800\" data-end=\"2803\" \/>\n<h2 class=\"\" data-start=\"2805\" data-end=\"2822\">\u2705 N\u00f8glefunktioner<\/h2>\n<ul data-start=\"2824\" data-end=\"3209\">\n<li class=\"\" data-start=\"2824\" data-end=\"2889\">\n<p class=\"\" data-start=\"2826\" data-end=\"2889\">\u2705 <strong data-start=\"2828\" data-end=\"2859\">Hurtig aktivering med trykknap<\/strong> til hurtig inds\u00e6ttelse og udl\u00f8sning<\/p>\n<\/li>\n<li class=\"\" data-start=\"2890\" data-end=\"2956\">\n<p class=\"\" data-start=\"2892\" data-end=\"2956\"><strong data-start=\"2895\" data-end=\"2930\">Pr\u00e6cisionstilpasset dobbeltkuglel\u00e5sning<\/strong> for positivt engagement<\/p>\n<\/li>\n<li class=\"\" data-start=\"2957\" data-end=\"3014\">\n<p class=\"\" data-start=\"2959\" data-end=\"3014\">\ufe0f <strong data-start=\"2963\" data-end=\"3012\">Korrosionsbestandig aksel i rustfrit st\u00e5l 304<\/strong><\/p>\n<\/li>\n<li class=\"\" data-start=\"3015\" data-end=\"3080\">\n<p class=\"\" data-start=\"3017\" data-end=\"3080\"><strong data-start=\"3020\" data-end=\"3050\">Ergonomisk T-h\u00e5ndtag i plast<\/strong> for grebskomfort og sikkerhed<\/p>\n<\/li>\n<li class=\"\" data-start=\"3081\" data-end=\"3131\">\n<p class=\"\" data-start=\"3083\" data-end=\"3131\"><strong data-start=\"3086\" data-end=\"3129\">F\u00e5s i flere st\u00f8rrelser og l\u00e6ngder<\/strong><\/p>\n<\/li>\n<li class=\"\" data-start=\"3132\" data-end=\"3209\">\n<p class=\"\" data-start=\"3134\" data-end=\"3209\">\ufe0f <strong data-start=\"3138\" data-end=\"3173\">OEM\/ODM-tilpasning underst\u00f8ttes<\/strong> (gravering, emballage, tilbeh\u00f8r)<\/p>\n<\/li>\n<\/ul>\n<hr class=\"\" data-start=\"3211\" data-end=\"3214\" \/>\n<h2 class=\"\" data-start=\"3216\" data-end=\"3235\">\u2705 Bestillingsvejledning<\/h2>\n<p class=\"\" data-start=\"3237\" data-end=\"3290\">Angiv venligst f\u00f8lgende, n\u00e5r du anmoder om et tilbud:<\/p>\n<ul data-start=\"3291\" data-end=\"3446\">\n<li class=\"\" data-start=\"3291\" data-end=\"3320\">\n<p class=\"\" data-start=\"3293\" data-end=\"3320\">Stiftdiameter (f.eks. 8 mm)<\/p>\n<\/li>\n<li class=\"\" data-start=\"3321\" data-end=\"3347\">\n<p class=\"\" data-start=\"3323\" data-end=\"3347\">Anvendelig grebsl\u00e6ngde (L)<\/p>\n<\/li>\n<li class=\"\" data-start=\"3348\" data-end=\"3360\">\n<p class=\"\" data-start=\"3350\" data-end=\"3360\">M\u00e6ngde<\/p>\n<\/li>\n<li class=\"\" data-start=\"3361\" data-end=\"3408\">\n<p class=\"\" data-start=\"3363\" data-end=\"3408\">H\u00e5ndter farve- eller logo-tilpasning (hvis nogen)<\/p>\n<\/li>\n<li class=\"\" data-start=\"3409\" data-end=\"3446\">\n<p class=\"\" data-start=\"3411\" data-end=\"3446\">S\u00e6rlige behov for emballering eller m\u00e6rkning<\/p>\n<\/li>\n<\/ul>","protected":false},"excerpt":{"rendered":"<p><strong>Quick Release Pin Trykknap-betjening<\/strong>Designet med skaft i rustfrit st\u00e5l 304 og forst\u00e6rket plastgreb. Ideel til modul\u00e6rt inventar, maskinopstillinger og industrielt arbejde. <strong data-start=\"516\" data-end=\"574\">Materiale og dimensioner kan tilpasses efter behov<\/strong><\/p>","protected":false},"featured_media":1790,"comment_status":"closed","ping_status":"closed","template":"","meta":{"site-sidebar-layout":"default","site-content-layout":"","ast-site-content-layout":"default","site-content-style":"default","site-sidebar-style":"default","ast-global-header-display":"","ast-banner-title-visibility":"","ast-main-header-display":"","ast-hfb-above-header-display":"","ast-hfb-below-header-display":"","ast-hfb-mobile-header-display":"","site-post-title":"","ast-breadcrumbs-content":"","ast-featured-img":"","footer-sml-layout":"","ast-disable-related-posts":"","theme-transparent-header-meta":"default","adv-header-id-meta":"","stick-header-meta":"","header-above-stick-meta":"","header-main-stick-meta":"","header-below-stick-meta":"","astra-migrate-meta-layouts":"set","ast-page-background-enabled":"default","ast-page-background-meta":{"desktop":{"background-color":"var(--ast-global-color-4)","background-image":"","background-repeat":"repeat","background-position":"center center","background-size":"auto","background-attachment":"scroll","background-type":"","background-media":"","overlay-type":"","overlay-color":"","overlay-opacity":"","overlay-gradient":""},"tablet":{"background-color":"","background-image":"","background-repeat":"repeat","background-position":"center center","background-size":"auto","background-attachment":"scroll","background-type":"","background-media":"","overlay-type":"","overlay-color":"","overlay-opacity":"","overlay-gradient":""},"mobile":{"background-color":"","background-image":"","background-repeat":"repeat","background-position":"center center","background-size":"auto","background-attachment":"scroll","background-type":"","background-media":"","overlay-type":"","overlay-color":"","overlay-opacity":"","overlay-gradient":""}},"ast-content-background-meta":{"desktop":{"background-color":"var(--ast-global-color-5)","background-image":"","background-repeat":"repeat","background-position":"center center","background-size":"auto","background-attachment":"scroll","background-type":"","background-media":"","overlay-type":"","overlay-color":"","overlay-opacity":"","overlay-gradient":""},"tablet":{"background-color":"var(--ast-global-color-5)","background-image":"","background-repeat":"repeat","background-position":"center center","background-size":"auto","background-attachment":"scroll","background-type":"","background-media":"","overlay-type":"","overlay-color":"","overlay-opacity":"","overlay-gradient":""},"mobile":{"background-color":"var(--ast-global-color-5)","background-image":"","background-repeat":"repeat","background-position":"center center","background-size":"auto","background-attachment":"scroll","background-type":"","background-media":"","overlay-type":"","overlay-color":"","overlay-opacity":"","overlay-gradient":""}}},"product_brand":[],"product_cat":[159],"product_tag":[],"class_list":{"0":"post-1688","1":"product","2":"type-product","3":"status-publish","4":"has-post-thumbnail","6":"product_cat-quick-release-pin","8":"first","9":"instock","10":"shipping-taxable","11":"product-type-simple"},"_links":{"self":[{"href":"https:\/\/www.sknfastener.com\/da\/wp-json\/wp\/v2\/product\/1688","targetHints":{"allow":["GET"]}}],"collection":[{"href":"https:\/\/www.sknfastener.com\/da\/wp-json\/wp\/v2\/product"}],"about":[{"href":"https:\/\/www.sknfastener.com\/da\/wp-json\/wp\/v2\/types\/product"}],"replies":[{"embeddable":true,"href":"https:\/\/www.sknfastener.com\/da\/wp-json\/wp\/v2\/comments?post=1688"}],"version-history":[{"count":1,"href":"https:\/\/www.sknfastener.com\/da\/wp-json\/wp\/v2\/product\/1688\/revisions"}],"predecessor-version":[{"id":1832,"href":"https:\/\/www.sknfastener.com\/da\/wp-json\/wp\/v2\/product\/1688\/revisions\/1832"}],"wp:featuredmedia":[{"embeddable":true,"href":"https:\/\/www.sknfastener.com\/da\/wp-json\/wp\/v2\/media\/1790"}],"wp:attachment":[{"href":"https:\/\/www.sknfastener.com\/da\/wp-json\/wp\/v2\/media?parent=1688"}],"wp:term":[{"taxonomy":"product_brand","embeddable":true,"href":"https:\/\/www.sknfastener.com\/da\/wp-json\/wp\/v2\/product_brand?post=1688"},{"taxonomy":"product_cat","embeddable":true,"href":"https:\/\/www.sknfastener.com\/da\/wp-json\/wp\/v2\/product_cat?post=1688"},{"taxonomy":"product_tag","embeddable":true,"href":"https:\/\/www.sknfastener.com\/da\/wp-json\/wp\/v2\/product_tag?post=1688"}],"curies":[{"name":"wp","href":"https:\/\/api.w.org\/{rel}","templated":true}]}}