{"id":1712,"date":"2025-05-15T09:45:32","date_gmt":"2025-05-15T09:45:32","guid":{"rendered":"https:\/\/www.sknfastener.com\/?post_type=product&#038;p=1712"},"modified":"2025-05-20T20:31:20","modified_gmt":"2025-05-20T12:31:20","slug":"ball-lock-pins-near-me","status":"publish","type":"product","link":"https:\/\/www.sknfastener.com\/da\/vare\/ball-lock-pins-near-me\/","title":{"rendered":"Kuglel\u00e5sestifter i n\u00e6rheden af mig"},"content":{"rendered":"<h2 class=\"\" data-start=\"552\" data-end=\"578\">\u2705 Kuglel\u00e5sestifter i n\u00e6rheden af mig Beskrivelse<\/h2>\n<p class=\"\" data-start=\"580\" data-end=\"847\">Den <strong data-start=\"584\" data-end=\"626\">301-serie kuglel\u00e5s hurtigudl\u00f8serstift<\/strong> er konstrueret til hurtig, gentagelig fastg\u00f8relse i kr\u00e6vende arbejdsmilj\u00f8er. Med en <strong data-start=\"719\" data-end=\"748\">Skaft i rustfrit st\u00e5l 304<\/strong>Denne stift giver styrke, korrosionsbestandighed og stabil ydeevne p\u00e5 tv\u00e6rs af forskellige industrier.<\/p>\n<p class=\"\" data-start=\"849\" data-end=\"1258\">En fjederbelastet trykknap p\u00e5 toppen g\u00f8r det nemt at tr\u00e6kke l\u00e5sekuglerne tilbage, s\u00e5 stiften kan s\u00e6ttes i eller tages ud uden problemer. N\u00e5r den slippes, l\u00e5ses de h\u00e6rdede kugler sikkert p\u00e5 plads. Den <strong data-start=\"1048\" data-end=\"1077\">Ergonomisk h\u00e5ndtag i aluminium<\/strong> giver et fast greb, mens <strong data-start=\"1110\" data-end=\"1153\">Integreret tether-kabel i rustfrit st\u00e5l<\/strong> sikrer, at stiften forbliver fastgjort til din samling eller ramme, s\u00e5 den ikke g\u00e5r tabt under drift eller transport.<\/p>\n<p class=\"\" data-start=\"1260\" data-end=\"1413\">Denne serie underst\u00f8tter flere pin-diametre og grebsl\u00e6ngder, hvilket g\u00f8r den velegnet til modul\u00e6re fiksturer, jigs, rumfartssystemer, transport og meget mere.<\/p>\n<hr class=\"\" data-start=\"1415\" data-end=\"1418\" \/>\n<h2 class=\"\" data-start=\"1420\" data-end=\"1439\">\u2705 Anvendelser<\/h2>\n<ul data-start=\"1441\" data-end=\"1699\">\n<li class=\"\" data-start=\"1441\" data-end=\"1480\">\n<p class=\"\" data-start=\"1443\" data-end=\"1480\">Jordh\u00e5ndteringsudstyr til rumfart<\/p>\n<\/li>\n<li class=\"\" data-start=\"1481\" data-end=\"1519\">\n<p class=\"\" data-start=\"1483\" data-end=\"1519\">Jigs og v\u00e6rkt\u00f8jsops\u00e6tninger til biler<\/p>\n<\/li>\n<li class=\"\" data-start=\"1520\" data-end=\"1544\">\n<p class=\"\" data-start=\"1522\" data-end=\"1544\">Beslag til marined\u00e6k<\/p>\n<\/li>\n<li class=\"\" data-start=\"1545\" data-end=\"1578\">\n<p class=\"\" data-start=\"1547\" data-end=\"1578\">Inventar til industrimaskiner<\/p>\n<\/li>\n<li class=\"\" data-start=\"1579\" data-end=\"1617\">\n<p class=\"\" data-start=\"1581\" data-end=\"1617\">Platforme til vedligeholdelse af vindm\u00f8ller<\/p>\n<\/li>\n<li class=\"\" data-start=\"1618\" data-end=\"1658\">\n<p class=\"\" data-start=\"1620\" data-end=\"1658\">L\u00e5sepunkter til byggestilladser<\/p>\n<\/li>\n<li class=\"\" data-start=\"1659\" data-end=\"1699\">\n<p class=\"\" data-start=\"1661\" data-end=\"1699\">Panelmontering og fastg\u00f8relse af struktur<\/p>\n<\/li>\n<\/ul>\n<hr class=\"\" data-start=\"1701\" data-end=\"1704\" \/>\n<h2 class=\"\" data-start=\"1706\" data-end=\"1735\">\u2705 Tekniske specifikationer<\/h2>\n<div class=\"_tableContainer_16hzy_1\">\n<div class=\"_tableWrapper_16hzy_14 group flex w-fit flex-col-reverse\" tabindex=\"-1\">\n<table class=\"w-fit min-w-(--thread-content-width)\" data-start=\"1737\" data-end=\"2094\">\n<thead data-start=\"1737\" data-end=\"1780\">\n<tr data-start=\"1737\" data-end=\"1780\">\n<th data-start=\"1737\" data-end=\"1757\" data-col-size=\"sm\">Komponent<\/th>\n<th data-start=\"1757\" data-end=\"1780\" data-col-size=\"sm\">Materiale<\/th>\n<\/tr>\n<\/thead>\n<tbody data-start=\"1824\" data-end=\"2094\">\n<tr data-start=\"1824\" data-end=\"1866\">\n<td data-start=\"1824\" data-end=\"1843\" data-col-size=\"sm\">Stiftaksel<\/td>\n<td data-col-size=\"sm\" data-start=\"1843\" data-end=\"1866\">Rustfrit st\u00e5l 304<\/td>\n<\/tr>\n<tr data-start=\"1867\" data-end=\"1905\">\n<td data-start=\"1867\" data-end=\"1886\" data-col-size=\"sm\">For\u00e5r<\/td>\n<td data-col-size=\"sm\" data-start=\"1886\" data-end=\"1905\">Rustfrit st\u00e5l<\/td>\n<\/tr>\n<tr data-start=\"1906\" data-end=\"1937\">\n<td data-start=\"1906\" data-end=\"1925\" data-col-size=\"sm\">H\u00e5ndtag<\/td>\n<td data-col-size=\"sm\" data-start=\"1925\" data-end=\"1937\">Aluminium<\/td>\n<\/tr>\n<tr data-start=\"1938\" data-end=\"1977\">\n<td data-start=\"1938\" data-end=\"1957\" data-col-size=\"sm\">L\u00e5sekugler<\/td>\n<td data-col-size=\"sm\" data-start=\"1957\" data-end=\"1977\">H\u00e6rdet SUS440C<\/td>\n<\/tr>\n<tr data-start=\"1978\" data-end=\"2016\">\n<td data-start=\"1978\" data-end=\"1997\" data-col-size=\"sm\">Knap<\/td>\n<td data-col-size=\"sm\" data-start=\"1997\" data-end=\"2016\">Rustfrit st\u00e5l<\/td>\n<\/tr>\n<tr data-start=\"2017\" data-end=\"2055\">\n<td data-start=\"2017\" data-end=\"2036\" data-col-size=\"sm\">Bindekabel<\/td>\n<td data-start=\"2036\" data-end=\"2055\" data-col-size=\"sm\">Rustfrit st\u00e5l<\/td>\n<\/tr>\n<tr data-start=\"2056\" data-end=\"2094\">\n<td data-start=\"2056\" data-end=\"2075\" data-col-size=\"sm\">Ring (valgfrit)<\/td>\n<td data-col-size=\"sm\" data-start=\"2075\" data-end=\"2094\">Rustfrit st\u00e5l<\/td>\n<\/tr>\n<\/tbody>\n<\/table>\n<div class=\"sticky end-(--thread-content-margin) h-0 self-end select-none\">\n<div class=\"absolute end-0 flex items-end\"><\/div>\n<\/div>\n<\/div>\n<\/div>\n<p class=\"\" data-start=\"2096\" data-end=\"2120\"><strong data-start=\"2096\" data-end=\"2120\">Standardm\u00e5l:<\/strong><\/p>\n<div class=\"_tableContainer_16hzy_1\">\n<div class=\"_tableWrapper_16hzy_14 group flex w-fit flex-col-reverse\" tabindex=\"-1\">\n<table class=\"w-fit min-w-(--thread-content-width)\" data-start=\"2122\" data-end=\"3141\">\n<thead data-start=\"2122\" data-end=\"2223\">\n<tr data-start=\"2122\" data-end=\"2223\">\n<th data-start=\"2122\" data-end=\"2130\" data-col-size=\"sm\">Model<\/th>\n<th data-start=\"2130\" data-end=\"2140\" data-col-size=\"sm\">\u00d8A (mm)<\/th>\n<th data-start=\"2140\" data-end=\"2159\" data-col-size=\"sm\">Grebets l\u00e6ngde (L)<\/th>\n<th data-start=\"2159\" data-end=\"2168\" data-col-size=\"sm\">B (mm)<\/th>\n<th data-start=\"2168\" data-end=\"2177\" data-col-size=\"sm\">C (mm)<\/th>\n<th data-start=\"2177\" data-end=\"2186\" data-col-size=\"sm\">D (mm)<\/th>\n<th data-start=\"2186\" data-end=\"2195\" data-col-size=\"sm\">E (mm)<\/th>\n<th data-start=\"2195\" data-end=\"2204\" data-col-size=\"sm\">G (mm)<\/th>\n<th data-start=\"2204\" data-end=\"2213\" data-col-size=\"sm\">H (mm)<\/th>\n<th data-start=\"2213\" data-end=\"2223\" data-col-size=\"sm\">J (mm)<\/th>\n<\/tr>\n<\/thead>\n<tbody data-start=\"2326\" data-end=\"3141\">\n<tr data-start=\"2326\" data-end=\"2427\">\n<td data-start=\"2326\" data-end=\"2334\" data-col-size=\"sm\">5<\/td>\n<td data-col-size=\"sm\" data-start=\"2334\" data-end=\"2344\">4.92<\/td>\n<td data-col-size=\"sm\" data-start=\"2344\" data-end=\"2363\">10-30<\/td>\n<td data-col-size=\"sm\" data-start=\"2363\" data-end=\"2372\">5.54<\/td>\n<td data-col-size=\"sm\" data-start=\"2372\" data-end=\"2381\">6<\/td>\n<td data-col-size=\"sm\" data-start=\"2381\" data-end=\"2390\">4<\/td>\n<td data-col-size=\"sm\" data-start=\"2390\" data-end=\"2399\">10<\/td>\n<td data-col-size=\"sm\" data-start=\"2399\" data-end=\"2408\">4<\/td>\n<td data-col-size=\"sm\" data-start=\"2408\" data-end=\"2417\">21<\/td>\n<td data-col-size=\"sm\" data-start=\"2417\" data-end=\"2427\">18<\/td>\n<\/tr>\n<tr data-start=\"2428\" data-end=\"2529\">\n<td data-start=\"2428\" data-end=\"2436\" data-col-size=\"sm\">6<\/td>\n<td data-col-size=\"sm\" data-start=\"2436\" data-end=\"2446\">5.92<\/td>\n<td data-col-size=\"sm\" data-start=\"2446\" data-end=\"2465\">10-30<\/td>\n<td data-col-size=\"sm\" data-start=\"2465\" data-end=\"2474\">6.99<\/td>\n<td data-col-size=\"sm\" data-start=\"2474\" data-end=\"2483\">7<\/td>\n<td data-col-size=\"sm\" data-start=\"2483\" data-end=\"2492\">4<\/td>\n<td data-col-size=\"sm\" data-start=\"2492\" data-end=\"2501\">10<\/td>\n<td data-col-size=\"sm\" data-start=\"2501\" data-end=\"2510\">4<\/td>\n<td data-col-size=\"sm\" data-start=\"2510\" data-end=\"2519\">21<\/td>\n<td data-col-size=\"sm\" data-start=\"2519\" data-end=\"2529\">18<\/td>\n<\/tr>\n<tr data-start=\"2530\" data-end=\"2631\">\n<td data-start=\"2530\" data-end=\"2538\" data-col-size=\"sm\">8<\/td>\n<td data-col-size=\"sm\" data-start=\"2538\" data-end=\"2548\">7.92<\/td>\n<td data-col-size=\"sm\" data-start=\"2548\" data-end=\"2567\">10-40<\/td>\n<td data-col-size=\"sm\" data-start=\"2567\" data-end=\"2576\">9.42<\/td>\n<td data-col-size=\"sm\" data-start=\"2576\" data-end=\"2585\">8<\/td>\n<td data-col-size=\"sm\" data-start=\"2585\" data-end=\"2594\">5<\/td>\n<td data-col-size=\"sm\" data-start=\"2594\" data-end=\"2603\">13<\/td>\n<td data-col-size=\"sm\" data-start=\"2603\" data-end=\"2612\">4<\/td>\n<td data-col-size=\"sm\" data-start=\"2612\" data-end=\"2621\">22<\/td>\n<td data-col-size=\"sm\" data-start=\"2621\" data-end=\"2631\">20<\/td>\n<\/tr>\n<tr data-start=\"2632\" data-end=\"2733\">\n<td data-start=\"2632\" data-end=\"2640\" data-col-size=\"sm\">10<\/td>\n<td data-col-size=\"sm\" data-start=\"2640\" data-end=\"2650\">9.92<\/td>\n<td data-col-size=\"sm\" data-start=\"2650\" data-end=\"2669\">10-55<\/td>\n<td data-col-size=\"sm\" data-start=\"2669\" data-end=\"2678\">11.86<\/td>\n<td data-col-size=\"sm\" data-start=\"2678\" data-end=\"2687\">8<\/td>\n<td data-col-size=\"sm\" data-start=\"2687\" data-end=\"2696\">6<\/td>\n<td data-col-size=\"sm\" data-start=\"2696\" data-end=\"2705\">13<\/td>\n<td data-col-size=\"sm\" data-start=\"2705\" data-end=\"2714\">4<\/td>\n<td data-col-size=\"sm\" data-start=\"2714\" data-end=\"2723\">24<\/td>\n<td data-col-size=\"sm\" data-start=\"2723\" data-end=\"2733\">22<\/td>\n<\/tr>\n<tr data-start=\"2734\" data-end=\"2835\">\n<td data-start=\"2734\" data-end=\"2742\" data-col-size=\"sm\">12<\/td>\n<td data-col-size=\"sm\" data-start=\"2742\" data-end=\"2752\">11.92<\/td>\n<td data-col-size=\"sm\" data-start=\"2752\" data-end=\"2771\">60-80<\/td>\n<td data-col-size=\"sm\" data-start=\"2771\" data-end=\"2780\">14.45<\/td>\n<td data-col-size=\"sm\" data-start=\"2780\" data-end=\"2789\">9<\/td>\n<td data-col-size=\"sm\" data-start=\"2789\" data-end=\"2798\">7<\/td>\n<td data-col-size=\"sm\" data-start=\"2798\" data-end=\"2807\">16<\/td>\n<td data-col-size=\"sm\" data-start=\"2807\" data-end=\"2816\">5<\/td>\n<td data-col-size=\"sm\" data-start=\"2816\" data-end=\"2825\">26<\/td>\n<td data-col-size=\"sm\" data-start=\"2825\" data-end=\"2835\">24<\/td>\n<\/tr>\n<tr data-start=\"2836\" data-end=\"2937\">\n<td data-start=\"2836\" data-end=\"2844\" data-col-size=\"sm\">16<\/td>\n<td data-col-size=\"sm\" data-start=\"2844\" data-end=\"2854\">15.92<\/td>\n<td data-col-size=\"sm\" data-start=\"2854\" data-end=\"2873\">65-100<\/td>\n<td data-col-size=\"sm\" data-start=\"2873\" data-end=\"2882\">19<\/td>\n<td data-col-size=\"sm\" data-start=\"2882\" data-end=\"2891\">15<\/td>\n<td data-col-size=\"sm\" data-start=\"2891\" data-end=\"2900\">10<\/td>\n<td data-col-size=\"sm\" data-start=\"2900\" data-end=\"2909\">23.8<\/td>\n<td data-col-size=\"sm\" data-start=\"2909\" data-end=\"2918\">12.5<\/td>\n<td data-col-size=\"sm\" data-start=\"2918\" data-end=\"2927\">29<\/td>\n<td data-col-size=\"sm\" data-start=\"2927\" data-end=\"2937\">44<\/td>\n<\/tr>\n<tr data-start=\"2938\" data-end=\"3039\">\n<td data-start=\"2938\" data-end=\"2946\" data-col-size=\"sm\">20<\/td>\n<td data-col-size=\"sm\" data-start=\"2946\" data-end=\"2956\">19.92<\/td>\n<td data-col-size=\"sm\" data-start=\"2956\" data-end=\"2975\">70-120<\/td>\n<td data-col-size=\"sm\" data-start=\"2975\" data-end=\"2984\">24.08<\/td>\n<td data-col-size=\"sm\" data-start=\"2984\" data-end=\"2993\">17<\/td>\n<td data-col-size=\"sm\" data-start=\"2993\" data-end=\"3002\">13<\/td>\n<td data-col-size=\"sm\" data-start=\"3002\" data-end=\"3011\">30<\/td>\n<td data-col-size=\"sm\" data-start=\"3011\" data-end=\"3020\">12.5<\/td>\n<td data-col-size=\"sm\" data-start=\"3020\" data-end=\"3029\">33<\/td>\n<td data-col-size=\"sm\" data-start=\"3029\" data-end=\"3039\">44<\/td>\n<\/tr>\n<tr data-start=\"3040\" data-end=\"3141\">\n<td data-start=\"3040\" data-end=\"3048\" data-col-size=\"sm\">25<\/td>\n<td data-start=\"3048\" data-end=\"3058\" data-col-size=\"sm\">24.92<\/td>\n<td data-col-size=\"sm\" data-start=\"3058\" data-end=\"3077\">80-150<\/td>\n<td data-col-size=\"sm\" data-start=\"3077\" data-end=\"3086\">30.94<\/td>\n<td data-col-size=\"sm\" data-start=\"3086\" data-end=\"3095\">22<\/td>\n<td data-col-size=\"sm\" data-start=\"3095\" data-end=\"3104\">18<\/td>\n<td data-col-size=\"sm\" data-start=\"3104\" data-end=\"3113\">31.8<\/td>\n<td data-col-size=\"sm\" data-start=\"3113\" data-end=\"3122\">17.4<\/td>\n<td data-col-size=\"sm\" data-start=\"3122\" data-end=\"3131\">37<\/td>\n<td data-col-size=\"sm\" data-start=\"3131\" data-end=\"3141\">53<\/td>\n<\/tr>\n<\/tbody>\n<\/table>\n<div class=\"sticky end-(--thread-content-margin) h-0 self-end select-none\">\n<div class=\"absolute end-0 flex items-end\"><\/div>\n<\/div>\n<\/div>\n<\/div>\n<p class=\"\" data-start=\"3143\" data-end=\"3237\">\ufe0f <em data-start=\"3147\" data-end=\"3237\">Tilpassede diametre, l\u00e6ngder og tilbeh\u00f8r mod tab (f.eks. wire loop, k\u00e6de) underst\u00f8ttes.<\/em><\/p>\n<hr class=\"\" data-start=\"3239\" data-end=\"3242\" \/>\n<h2 class=\"\" data-start=\"3244\" data-end=\"3261\">\u2705 N\u00f8glefunktioner<\/h2>\n<ul data-start=\"3263\" data-end=\"3655\">\n<li class=\"\" data-start=\"3263\" data-end=\"3322\">\n<p class=\"\" data-start=\"3265\" data-end=\"3322\"><strong data-start=\"3268\" data-end=\"3293\">Betjening med trykknap<\/strong> til hurtig l\u00e5sning\/opl\u00e5sning<\/p>\n<\/li>\n<li class=\"\" data-start=\"3323\" data-end=\"3387\">\n<p class=\"\" data-start=\"3325\" data-end=\"3387\"><strong data-start=\"3328\" data-end=\"3356\">Design med dobbelt kuglel\u00e5s<\/strong> sikrer en sikker holdekraft<\/p>\n<\/li>\n<li class=\"\" data-start=\"3388\" data-end=\"3456\">\n<p class=\"\" data-start=\"3390\" data-end=\"3456\"><strong data-start=\"3393\" data-end=\"3413\">Anti-tabs-line<\/strong> forhindrer fejlplacering under demontering<\/p>\n<\/li>\n<li class=\"\" data-start=\"3457\" data-end=\"3531\">\n<p class=\"\" data-start=\"3459\" data-end=\"3531\"><strong data-start=\"3462\" data-end=\"3501\">Skaft i rustfrit st\u00e5l med h\u00f8j styrke<\/strong> til gentagen industriel brug<\/p>\n<\/li>\n<li class=\"\" data-start=\"3532\" data-end=\"3595\">\n<p class=\"\" data-start=\"3534\" data-end=\"3595\">\ufe0f F\u00e5s i et bredt udvalg af diametre og grebsl\u00e6ngder<\/p>\n<\/li>\n<li class=\"\" data-start=\"3596\" data-end=\"3655\">\n<p class=\"\" data-start=\"3598\" data-end=\"3655\">OEM-support til specialtegninger eller ikke-standardst\u00f8rrelser<\/p>\n<\/li>\n<\/ul>\n<hr class=\"\" data-start=\"3657\" data-end=\"3660\" \/>\n<h2 class=\"\" data-start=\"3662\" data-end=\"3681\">\u2705 Bestillingsvejledning<\/h2>\n<p class=\"\" data-start=\"3683\" data-end=\"3734\">Angiv venligst, n\u00e5r du afgiver en ordre eller anmodning:<\/p>\n<ul data-start=\"3735\" data-end=\"3874\">\n<li class=\"\" data-start=\"3735\" data-end=\"3766\">\n<p class=\"\" data-start=\"3737\" data-end=\"3766\">Stiftdiameter (f.eks. \u00d810 mm)<\/p>\n<\/li>\n<li class=\"\" data-start=\"3767\" data-end=\"3796\">\n<p class=\"\" data-start=\"3769\" data-end=\"3796\">Grebets l\u00e6ngde (f.eks. 40 mm)<\/p>\n<\/li>\n<li class=\"\" data-start=\"3797\" data-end=\"3823\">\n<p class=\"\" data-start=\"3799\" data-end=\"3823\">Med eller uden snor<\/p>\n<\/li>\n<li class=\"\" data-start=\"3824\" data-end=\"3836\">\n<p class=\"\" data-start=\"3826\" data-end=\"3836\">M\u00e6ngde<\/p>\n<\/li>\n<li class=\"\" data-start=\"3837\" data-end=\"3874\">\n<p class=\"\" data-start=\"3839\" data-end=\"3874\">Valgfrit laserlogo \/ private label<\/p>\n<\/li>\n<\/ul>","protected":false},"excerpt":{"rendered":"<p>Kraftige kuglel\u00e5sestifter i n\u00e6rheden af mig med aluminiumsh\u00e5ndtag, skaft i rustfrit st\u00e5l 304 og sikkert anti-tab-kabel. Designet til repeterbar positionering og hurtig l\u00e5sning i industrielle og strukturelle applikationer. <strong data-start=\"492\" data-end=\"545\">Materiale og st\u00f8rrelse kan tilpasses efter \u00f8nske.<\/strong><\/p>","protected":false},"featured_media":1811,"comment_status":"closed","ping_status":"closed","template":"","meta":{"site-sidebar-layout":"default","site-content-layout":"","ast-site-content-layout":"default","site-content-style":"default","site-sidebar-style":"default","ast-global-header-display":"","ast-banner-title-visibility":"","ast-main-header-display":"","ast-hfb-above-header-display":"","ast-hfb-below-header-display":"","ast-hfb-mobile-header-display":"","site-post-title":"","ast-breadcrumbs-content":"","ast-featured-img":"","footer-sml-layout":"","ast-disable-related-posts":"","theme-transparent-header-meta":"default","adv-header-id-meta":"","stick-header-meta":"","header-above-stick-meta":"","header-main-stick-meta":"","header-below-stick-meta":"","astra-migrate-meta-layouts":"set","ast-page-background-enabled":"default","ast-page-background-meta":{"desktop":{"background-color":"var(--ast-global-color-4)","background-image":"","background-repeat":"repeat","background-position":"center center","background-size":"auto","background-attachment":"scroll","background-type":"","background-media":"","overlay-type":"","overlay-color":"","overlay-opacity":"","overlay-gradient":""},"tablet":{"background-color":"","background-image":"","background-repeat":"repeat","background-position":"center center","background-size":"auto","background-attachment":"scroll","background-type":"","background-media":"","overlay-type":"","overlay-color":"","overlay-opacity":"","overlay-gradient":""},"mobile":{"background-color":"","background-image":"","background-repeat":"repeat","background-position":"center center","background-size":"auto","background-attachment":"scroll","background-type":"","background-media":"","overlay-type":"","overlay-color":"","overlay-opacity":"","overlay-gradient":""}},"ast-content-background-meta":{"desktop":{"background-color":"var(--ast-global-color-5)","background-image":"","background-repeat":"repeat","background-position":"center center","background-size":"auto","background-attachment":"scroll","background-type":"","background-media":"","overlay-type":"","overlay-color":"","overlay-opacity":"","overlay-gradient":""},"tablet":{"background-color":"var(--ast-global-color-5)","background-image":"","background-repeat":"repeat","background-position":"center center","background-size":"auto","background-attachment":"scroll","background-type":"","background-media":"","overlay-type":"","overlay-color":"","overlay-opacity":"","overlay-gradient":""},"mobile":{"background-color":"var(--ast-global-color-5)","background-image":"","background-repeat":"repeat","background-position":"center center","background-size":"auto","background-attachment":"scroll","background-type":"","background-media":"","overlay-type":"","overlay-color":"","overlay-opacity":"","overlay-gradient":""}}},"product_brand":[],"product_cat":[19],"product_tag":[],"class_list":{"0":"post-1712","1":"product","2":"type-product","3":"status-publish","4":"has-post-thumbnail","6":"product_cat-fasteners","8":"first","9":"instock","10":"shipping-taxable","11":"product-type-simple"},"_links":{"self":[{"href":"https:\/\/www.sknfastener.com\/da\/wp-json\/wp\/v2\/product\/1712","targetHints":{"allow":["GET"]}}],"collection":[{"href":"https:\/\/www.sknfastener.com\/da\/wp-json\/wp\/v2\/product"}],"about":[{"href":"https:\/\/www.sknfastener.com\/da\/wp-json\/wp\/v2\/types\/product"}],"replies":[{"embeddable":true,"href":"https:\/\/www.sknfastener.com\/da\/wp-json\/wp\/v2\/comments?post=1712"}],"version-history":[{"count":1,"href":"https:\/\/www.sknfastener.com\/da\/wp-json\/wp\/v2\/product\/1712\/revisions"}],"predecessor-version":[{"id":1824,"href":"https:\/\/www.sknfastener.com\/da\/wp-json\/wp\/v2\/product\/1712\/revisions\/1824"}],"wp:featuredmedia":[{"embeddable":true,"href":"https:\/\/www.sknfastener.com\/da\/wp-json\/wp\/v2\/media\/1811"}],"wp:attachment":[{"href":"https:\/\/www.sknfastener.com\/da\/wp-json\/wp\/v2\/media?parent=1712"}],"wp:term":[{"taxonomy":"product_brand","embeddable":true,"href":"https:\/\/www.sknfastener.com\/da\/wp-json\/wp\/v2\/product_brand?post=1712"},{"taxonomy":"product_cat","embeddable":true,"href":"https:\/\/www.sknfastener.com\/da\/wp-json\/wp\/v2\/product_cat?post=1712"},{"taxonomy":"product_tag","embeddable":true,"href":"https:\/\/www.sknfastener.com\/da\/wp-json\/wp\/v2\/product_tag?post=1712"}],"curies":[{"name":"wp","href":"https:\/\/api.w.org\/{rel}","templated":true}]}}