{"id":1718,"date":"2025-05-15T09:56:16","date_gmt":"2025-05-15T09:56:16","guid":{"rendered":"https:\/\/www.sknfastener.com\/?post_type=product&#038;p=1718"},"modified":"2025-05-20T20:30:35","modified_gmt":"2025-05-20T12:30:35","slug":"quick-release-pin","status":"publish","type":"product","link":"https:\/\/www.sknfastener.com\/da\/vare\/quick-release-pin\/","title":{"rendered":"Hurtigudl\u00f8sende stift"},"content":{"rendered":"<h2 class=\"\" data-start=\"516\" data-end=\"542\">\u2705 Beskrivelse af quick release pin<\/h2>\n<p class=\"\" data-start=\"544\" data-end=\"916\">Denne Quick Release Pin er en enkel og effektiv l\u00f8sning til hurtig, gentagelig l\u00e5sning i milj\u00f8er med h\u00f8j belastning. Kernestrukturen best\u00e5r af en <strong data-start=\"705\" data-end=\"740\">solidt skaft i rustfrit st\u00e5l 304<\/strong>Konstrueret til styrke og modstandsdygtighed over for korrosion. Det runde hoved har en <strong data-start=\"825\" data-end=\"848\">central trykknap<\/strong>s\u00e5 de to l\u00e5sekugler i spidsen kan tr\u00e6kkes tilbage, n\u00e5r man trykker p\u00e5 dem.<\/p>\n<p class=\"\" data-start=\"918\" data-end=\"1215\">N\u00e5r knappen er sat ind i et parringshul, kan l\u00e5sekuglerne udvide sig og holde stiften sikkert p\u00e5 plads, n\u00e5r man slipper knappen. Denne mekanisme g\u00f8r produktet ideelt til applikationer, der kr\u00e6ver <strong data-start=\"1110\" data-end=\"1153\">hurtig, v\u00e6rkt\u00f8jsfri ind- og udkobling<\/strong>is\u00e6r i ops\u00e6tninger, der \u00e6ndres eller flyttes ofte.<\/p>\n<p class=\"\" data-start=\"1217\" data-end=\"1433\">H\u00e5ndtagets top f\u00e5s i forskellige anodiserede farver for nem identifikation. Denne stift har et kompakt design og er meget holdbar, og den bruges ofte i jigfixtures, rammesamlinger, teststationer og strukturelle samlinger.<\/p>\n<hr class=\"\" data-start=\"1435\" data-end=\"1438\" \/>\n<h2 class=\"\" data-start=\"1440\" data-end=\"1459\">\u2705 Anvendelser<\/h2>\n<ul data-start=\"1461\" data-end=\"1718\">\n<li class=\"\" data-start=\"1461\" data-end=\"1501\">\n<p class=\"\" data-start=\"1463\" data-end=\"1501\">Modul\u00e6re armaturplader og udstyr<\/p>\n<\/li>\n<li class=\"\" data-start=\"1502\" data-end=\"1535\">\n<p class=\"\" data-start=\"1504\" data-end=\"1535\">Robot- og automatiseringsops\u00e6tninger<\/p>\n<\/li>\n<li class=\"\" data-start=\"1536\" data-end=\"1569\">\n<p class=\"\" data-start=\"1538\" data-end=\"1569\">Test- og monteringsstationer<\/p>\n<\/li>\n<li class=\"\" data-start=\"1570\" data-end=\"1618\">\n<p class=\"\" data-start=\"1572\" data-end=\"1618\">Jigs til biler og hurtige positioneringsops\u00e6tninger<\/p>\n<\/li>\n<li class=\"\" data-start=\"1619\" data-end=\"1640\">\n<p class=\"\" data-start=\"1621\" data-end=\"1640\">V\u00e6rkt\u00f8j til rumfart<\/p>\n<\/li>\n<li class=\"\" data-start=\"1641\" data-end=\"1674\">\n<p class=\"\" data-start=\"1643\" data-end=\"1674\">Scene- eller lysriggsystemer<\/p>\n<\/li>\n<li class=\"\" data-start=\"1675\" data-end=\"1718\">\n<p class=\"\" data-start=\"1677\" data-end=\"1718\">Tr\u00e6ningsudstyr eller foldbare strukturer<\/p>\n<\/li>\n<\/ul>\n<hr class=\"\" data-start=\"1720\" data-end=\"1723\" \/>\n<h2 class=\"\" data-start=\"1725\" data-end=\"1756\">\u2705 Tekniske specifikationer<\/h2>\n<div class=\"_tableContainer_16hzy_1\">\n<div class=\"_tableWrapper_16hzy_14 group flex w-fit flex-col-reverse\" tabindex=\"-1\">\n<table class=\"w-fit min-w-(--thread-content-width)\" data-start=\"1758\" data-end=\"2064\">\n<thead data-start=\"1758\" data-end=\"1801\">\n<tr data-start=\"1758\" data-end=\"1801\">\n<th data-start=\"1758\" data-end=\"1777\" data-col-size=\"sm\">Komponent<\/th>\n<th data-start=\"1777\" data-end=\"1801\" data-col-size=\"sm\">Materiale<\/th>\n<\/tr>\n<\/thead>\n<tbody data-start=\"1846\" data-end=\"2064\">\n<tr data-start=\"1846\" data-end=\"1888\">\n<td data-start=\"1846\" data-end=\"1865\" data-col-size=\"sm\">Stift krop<\/td>\n<td data-start=\"1865\" data-end=\"1888\" data-col-size=\"sm\">Rustfrit st\u00e5l 304<\/td>\n<\/tr>\n<tr data-start=\"1889\" data-end=\"1936\">\n<td data-start=\"1889\" data-end=\"1908\" data-col-size=\"sm\">L\u00e5sekugler<\/td>\n<td data-col-size=\"sm\" data-start=\"1908\" data-end=\"1936\">H\u00e6rdet rustfrit st\u00e5l<\/td>\n<\/tr>\n<tr data-start=\"1937\" data-end=\"1975\">\n<td data-start=\"1937\" data-end=\"1956\" data-col-size=\"sm\">Fjedermekanisme<\/td>\n<td data-col-size=\"sm\" data-start=\"1956\" data-end=\"1975\">Rustfrit st\u00e5l<\/td>\n<\/tr>\n<tr data-start=\"1976\" data-end=\"2016\">\n<td data-start=\"1976\" data-end=\"1995\" data-col-size=\"sm\">Knaphoved<\/td>\n<td data-col-size=\"sm\" data-start=\"1995\" data-end=\"2016\">Anodiseret aluminium<\/td>\n<\/tr>\n<tr data-start=\"2017\" data-end=\"2064\">\n<td data-start=\"2017\" data-end=\"2045\" data-col-size=\"sm\">Fastg\u00f8relsesring (valgfrit)<\/td>\n<td data-start=\"2045\" data-end=\"2064\" data-col-size=\"sm\">Rustfrit st\u00e5l<\/td>\n<\/tr>\n<\/tbody>\n<\/table>\n<div class=\"sticky end-(--thread-content-margin) h-0 self-end select-none\">\n<div class=\"absolute end-0 flex items-end\"><\/div>\n<\/div>\n<\/div>\n<\/div>\n<p class=\"\" data-start=\"2066\" data-end=\"2088\"><strong data-start=\"2066\" data-end=\"2086\">Standard r\u00e6kkevidde:<\/strong><\/p>\n<ul data-start=\"2089\" data-end=\"2285\">\n<li class=\"\" data-start=\"2089\" data-end=\"2119\">\n<p class=\"\" data-start=\"2091\" data-end=\"2119\"><strong data-start=\"2091\" data-end=\"2103\">Diameter<\/strong>: 5 mm - 16 mm<\/p>\n<\/li>\n<li class=\"\" data-start=\"2120\" data-end=\"2161\">\n<p class=\"\" data-start=\"2122\" data-end=\"2161\"><strong data-start=\"2122\" data-end=\"2143\">Anvendelig l\u00e6ngde (L)<\/strong>: 10 mm - 120 mm<\/p>\n<\/li>\n<li class=\"\" data-start=\"2162\" data-end=\"2221\">\n<p class=\"\" data-start=\"2164\" data-end=\"2221\"><strong data-start=\"2164\" data-end=\"2177\">Hovedtype<\/strong>: Fladt, rundt hoved med central trykknap<\/p>\n<\/li>\n<li class=\"\" data-start=\"2222\" data-end=\"2285\">\n<p class=\"\" data-start=\"2224\" data-end=\"2285\"><strong data-start=\"2224\" data-end=\"2241\">Farvemuligheder<\/strong>: Sort, bl\u00e5, r\u00f8d, s\u00f8lv (specialanodiseret)<\/p>\n<\/li>\n<\/ul>\n<p class=\"\" data-start=\"2287\" data-end=\"2382\">F\u00e5s i tilpassede l\u00e6ngder, diametre eller h\u00e5ndtagstyper baseret p\u00e5 dine applikationstegninger.<\/p>\n<hr class=\"\" data-start=\"2384\" data-end=\"2387\" \/>\n<h2 class=\"\" data-start=\"2389\" data-end=\"2408\">\u2705 N\u00f8glefunktioner<\/h2>\n<ul data-start=\"2410\" data-end=\"2712\">\n<li class=\"\" data-start=\"2410\" data-end=\"2479\">\n<p class=\"\" data-start=\"2412\" data-end=\"2479\"><strong data-start=\"2415\" data-end=\"2445\">Fjederbelastet kuglel\u00e5sning<\/strong> med enkel udl\u00f8sning med trykknap<\/p>\n<\/li>\n<li class=\"\" data-start=\"2480\" data-end=\"2526\">\n<p class=\"\" data-start=\"2482\" data-end=\"2526\">\ufe0f <strong data-start=\"2486\" data-end=\"2508\">Montering uden brug af v\u00e6rkt\u00f8j<\/strong> og adskillelse<\/p>\n<\/li>\n<li class=\"\" data-start=\"2527\" data-end=\"2603\">\n<p class=\"\" data-start=\"2529\" data-end=\"2603\"><strong data-start=\"2532\" data-end=\"2568\">Robust skaft i rustfrit st\u00e5l 304<\/strong> for holdbarhed ved industriel brug<\/p>\n<\/li>\n<li class=\"\" data-start=\"2604\" data-end=\"2661\">\n<p class=\"\" data-start=\"2606\" data-end=\"2661\"><strong data-start=\"2609\" data-end=\"2635\">Farvekodet knaph\u00e6tte<\/strong> for nem identifikation<\/p>\n<\/li>\n<li class=\"\" data-start=\"2662\" data-end=\"2712\">\n<p class=\"\" data-start=\"2664\" data-end=\"2712\"><strong data-start=\"2667\" data-end=\"2702\">Tilpassede specifikationer underst\u00f8ttes<\/strong> (OEM\/ODM)<\/p>\n<\/li>\n<\/ul>\n<hr class=\"\" data-start=\"2714\" data-end=\"2717\" \/>\n<h2 class=\"\" data-start=\"2719\" data-end=\"2746\">\u2705 Bestilling<\/h2>\n<h1 data-start=\"516\" data-end=\"542\">Hurtigudl\u00f8sende stift<\/h1>\n<p class=\"\" data-start=\"2748\" data-end=\"2790\">Angiv venligst, n\u00e5r du anmoder om et tilbud:<\/p>\n<ul data-start=\"2791\" data-end=\"2963\">\n<li class=\"\" data-start=\"2791\" data-end=\"2823\">\n<p class=\"\" data-start=\"2793\" data-end=\"2823\">Skaftets diameter og grebets l\u00e6ngde<\/p>\n<\/li>\n<li class=\"\" data-start=\"2824\" data-end=\"2845\">\n<p class=\"\" data-start=\"2826\" data-end=\"2845\">N\u00f8dvendig m\u00e6ngde<\/p>\n<\/li>\n<li class=\"\" data-start=\"2846\" data-end=\"2885\">\n<p class=\"\" data-start=\"2848\" data-end=\"2885\">Farve p\u00e5 knap (hvis nogen pr\u00e6ference)<\/p>\n<\/li>\n<li class=\"\" data-start=\"2886\" data-end=\"2923\">\n<p class=\"\" data-start=\"2888\" data-end=\"2923\">Mulighed for ring eller snor (hvis n\u00f8dvendigt)<\/p>\n<\/li>\n<li class=\"\" data-start=\"2924\" data-end=\"2963\">\n<p class=\"\" data-start=\"2926\" data-end=\"2963\">S\u00e6rlige krav til m\u00e6rkning eller logo<\/p>\n<\/li>\n<\/ul>","protected":false},"excerpt":{"rendered":"<p>Pr\u00e6cisionskonstrueret <strong data-start=\"255\" data-end=\"286\">hurtigudl\u00f8sende kuglel\u00e5sestift<\/strong> med skaft i rustfrit st\u00e5l 304 og trykknap i anodiseret aluminium. Designet til v\u00e6rkt\u00f8jsfri fastg\u00f8relse og hurtig l\u00e5sning i modul\u00e6re og industrielle samlinger. <strong data-start=\"448\" data-end=\"509\">Materiale og dimensioner kan tilpasses til din applikation.<\/strong><\/p>","protected":false},"featured_media":1810,"comment_status":"closed","ping_status":"closed","template":"","meta":{"site-sidebar-layout":"default","site-content-layout":"","ast-site-content-layout":"default","site-content-style":"default","site-sidebar-style":"default","ast-global-header-display":"","ast-banner-title-visibility":"","ast-main-header-display":"","ast-hfb-above-header-display":"","ast-hfb-below-header-display":"","ast-hfb-mobile-header-display":"","site-post-title":"","ast-breadcrumbs-content":"","ast-featured-img":"","footer-sml-layout":"","ast-disable-related-posts":"","theme-transparent-header-meta":"default","adv-header-id-meta":"","stick-header-meta":"","header-above-stick-meta":"","header-main-stick-meta":"","header-below-stick-meta":"","astra-migrate-meta-layouts":"set","ast-page-background-enabled":"default","ast-page-background-meta":{"desktop":{"background-color":"var(--ast-global-color-4)","background-image":"","background-repeat":"repeat","background-position":"center center","background-size":"auto","background-attachment":"scroll","background-type":"","background-media":"","overlay-type":"","overlay-color":"","overlay-opacity":"","overlay-gradient":""},"tablet":{"background-color":"","background-image":"","background-repeat":"repeat","background-position":"center center","background-size":"auto","background-attachment":"scroll","background-type":"","background-media":"","overlay-type":"","overlay-color":"","overlay-opacity":"","overlay-gradient":""},"mobile":{"background-color":"","background-image":"","background-repeat":"repeat","background-position":"center center","background-size":"auto","background-attachment":"scroll","background-type":"","background-media":"","overlay-type":"","overlay-color":"","overlay-opacity":"","overlay-gradient":""}},"ast-content-background-meta":{"desktop":{"background-color":"var(--ast-global-color-5)","background-image":"","background-repeat":"repeat","background-position":"center center","background-size":"auto","background-attachment":"scroll","background-type":"","background-media":"","overlay-type":"","overlay-color":"","overlay-opacity":"","overlay-gradient":""},"tablet":{"background-color":"var(--ast-global-color-5)","background-image":"","background-repeat":"repeat","background-position":"center center","background-size":"auto","background-attachment":"scroll","background-type":"","background-media":"","overlay-type":"","overlay-color":"","overlay-opacity":"","overlay-gradient":""},"mobile":{"background-color":"var(--ast-global-color-5)","background-image":"","background-repeat":"repeat","background-position":"center center","background-size":"auto","background-attachment":"scroll","background-type":"","background-media":"","overlay-type":"","overlay-color":"","overlay-opacity":"","overlay-gradient":""}}},"product_brand":[],"product_cat":[19],"product_tag":[],"class_list":{"0":"post-1718","1":"product","2":"type-product","3":"status-publish","4":"has-post-thumbnail","6":"product_cat-fasteners","8":"first","9":"instock","10":"shipping-taxable","11":"product-type-simple"},"_links":{"self":[{"href":"https:\/\/www.sknfastener.com\/da\/wp-json\/wp\/v2\/product\/1718","targetHints":{"allow":["GET"]}}],"collection":[{"href":"https:\/\/www.sknfastener.com\/da\/wp-json\/wp\/v2\/product"}],"about":[{"href":"https:\/\/www.sknfastener.com\/da\/wp-json\/wp\/v2\/types\/product"}],"replies":[{"embeddable":true,"href":"https:\/\/www.sknfastener.com\/da\/wp-json\/wp\/v2\/comments?post=1718"}],"version-history":[{"count":1,"href":"https:\/\/www.sknfastener.com\/da\/wp-json\/wp\/v2\/product\/1718\/revisions"}],"predecessor-version":[{"id":1820,"href":"https:\/\/www.sknfastener.com\/da\/wp-json\/wp\/v2\/product\/1718\/revisions\/1820"}],"wp:featuredmedia":[{"embeddable":true,"href":"https:\/\/www.sknfastener.com\/da\/wp-json\/wp\/v2\/media\/1810"}],"wp:attachment":[{"href":"https:\/\/www.sknfastener.com\/da\/wp-json\/wp\/v2\/media?parent=1718"}],"wp:term":[{"taxonomy":"product_brand","embeddable":true,"href":"https:\/\/www.sknfastener.com\/da\/wp-json\/wp\/v2\/product_brand?post=1718"},{"taxonomy":"product_cat","embeddable":true,"href":"https:\/\/www.sknfastener.com\/da\/wp-json\/wp\/v2\/product_cat?post=1718"},{"taxonomy":"product_tag","embeddable":true,"href":"https:\/\/www.sknfastener.com\/da\/wp-json\/wp\/v2\/product_tag?post=1718"}],"curies":[{"name":"wp","href":"https:\/\/api.w.org\/{rel}","templated":true}]}}