{"id":1724,"date":"2025-05-15T10:04:25","date_gmt":"2025-05-15T10:04:25","guid":{"rendered":"https:\/\/www.sknfastener.com\/?post_type=product&#038;p=1724"},"modified":"2025-05-20T20:30:21","modified_gmt":"2025-05-20T12:30:21","slug":"quick-release-locking-pin","status":"publish","type":"product","link":"https:\/\/www.sknfastener.com\/da\/vare\/quick-release-locking-pin\/","title":{"rendered":"T-h\u00e5ndtag kuglel\u00e5sestift"},"content":{"rendered":"<h1><strong>Hurtigudl\u00f8sende l\u00e5sestift<\/strong><\/h1>\n<p class=\"\" data-start=\"521\" data-end=\"827\">kombinerer enkel betjening med h\u00f8j holdbarhed til industrielle og strukturelle l\u00e5seopgaver. Dens kerneaksel, indvendige fjeder og dobbelte l\u00e5sekugler er alle fremstillet af <strong data-start=\"722\" data-end=\"765\">Korrosionsbestandigt rustfrit st\u00e5l 304<\/strong>og leverer konsekvent ydelse i kr\u00e6vende milj\u00f8er.<\/p>\n<p class=\"\" data-start=\"829\" data-end=\"1111\">Denne pin har en bred <strong data-start=\"854\" data-end=\"881\">T-formet plasth\u00e5ndtag<\/strong>Designet til behageligt greb og hurtig udl\u00f8sning med \u00e9n h\u00e5nd. N\u00e5r der trykkes p\u00e5 den \u00f8verste trykknap, tr\u00e6kkes l\u00e5sekuglerne ind i skaftet, s\u00e5 de kan s\u00e6ttes i eller tages ud. N\u00e5r den slippes, l\u00e5ses kuglerne automatisk p\u00e5 plads.<\/p>\n<p class=\"\" data-start=\"1113\" data-end=\"1250\">Dens struktur er ideel til gentagne monterings- og demonteringsopgaver, is\u00e6r i jigs, fixturer, modulopbyggede rammer og v\u00e6rkt\u00f8jsstationer.<\/p>\n<h2 class=\"\" data-start=\"1257\" data-end=\"1276\">Anvendelser<\/h2>\n<ul data-start=\"1278\" data-end=\"1511\">\n<li class=\"\" data-start=\"1278\" data-end=\"1305\">\n<p class=\"\" data-start=\"1280\" data-end=\"1305\">L\u00e5sning af modul\u00e6re armaturer<\/p>\n<\/li>\n<li class=\"\" data-start=\"1306\" data-end=\"1333\">\n<p class=\"\" data-start=\"1308\" data-end=\"1333\">Udstyr til samleb\u00e5nd<\/p>\n<\/li>\n<li class=\"\" data-start=\"1334\" data-end=\"1369\">\n<p class=\"\" data-start=\"1336\" data-end=\"1369\">Scene- eller belysningssystemer<\/p>\n<\/li>\n<li class=\"\" data-start=\"1370\" data-end=\"1409\">\n<p class=\"\" data-start=\"1372\" data-end=\"1409\">Justering af rammer til sport og fitness<\/p>\n<\/li>\n<li class=\"\" data-start=\"1410\" data-end=\"1431\">\n<p class=\"\" data-start=\"1412\" data-end=\"1431\">V\u00e6rkt\u00f8j til rumfart<\/p>\n<\/li>\n<li class=\"\" data-start=\"1432\" data-end=\"1474\">\n<p class=\"\" data-start=\"1434\" data-end=\"1474\">Jigs og fabrikationsops\u00e6tninger til biler<\/p>\n<\/li>\n<li class=\"\" data-start=\"1475\" data-end=\"1511\">\n<p class=\"\" data-start=\"1477\" data-end=\"1511\">Marine- eller byggestilladser<\/p>\n<\/li>\n<\/ul>\n<hr class=\"\" data-start=\"1513\" data-end=\"1516\" \/>\n<h2 class=\"\" data-start=\"1518\" data-end=\"1549\">\u2705 Tekniske specifikationer<\/h2>\n<div class=\"_tableContainer_16hzy_1\">\n<div class=\"_tableWrapper_16hzy_14 group flex w-fit flex-col-reverse\" tabindex=\"-1\">\n<table class=\"w-fit min-w-(--thread-content-width)\" data-start=\"1551\" data-end=\"1809\">\n<thead data-start=\"1551\" data-end=\"1593\">\n<tr data-start=\"1551\" data-end=\"1593\">\n<th data-start=\"1551\" data-end=\"1571\" data-col-size=\"sm\">Komponent<\/th>\n<th data-start=\"1571\" data-end=\"1593\" data-col-size=\"sm\">Materiale<\/th>\n<\/tr>\n<\/thead>\n<tbody data-start=\"1636\" data-end=\"1809\">\n<tr data-start=\"1636\" data-end=\"1678\">\n<td data-start=\"1636\" data-end=\"1655\" data-col-size=\"sm\">N\u00e5l<\/td>\n<td data-col-size=\"sm\" data-start=\"1655\" data-end=\"1678\">Rustfrit st\u00e5l 304<\/td>\n<\/tr>\n<tr data-start=\"1679\" data-end=\"1721\">\n<td data-start=\"1679\" data-end=\"1698\" data-col-size=\"sm\">For\u00e5r<\/td>\n<td data-start=\"1698\" data-end=\"1721\" data-col-size=\"sm\">Rustfrit st\u00e5l 304<\/td>\n<\/tr>\n<tr data-start=\"1722\" data-end=\"1764\">\n<td data-start=\"1722\" data-end=\"1741\" data-col-size=\"sm\">Bold<\/td>\n<td data-col-size=\"sm\" data-start=\"1741\" data-end=\"1764\">Rustfrit st\u00e5l 304<\/td>\n<\/tr>\n<tr data-start=\"1765\" data-end=\"1809\">\n<td data-start=\"1765\" data-end=\"1784\" data-col-size=\"sm\">H\u00e5ndtag<\/td>\n<td data-start=\"1784\" data-end=\"1809\" data-col-size=\"sm\">Plast med h\u00f8j styrke<\/td>\n<\/tr>\n<\/tbody>\n<\/table>\n<div class=\"sticky end-(--thread-content-margin) h-0 self-end select-none\">\n<div class=\"absolute end-0 flex items-end\"><\/div>\n<\/div>\n<\/div>\n<\/div>\n<p class=\"\" data-start=\"1811\" data-end=\"1849\"><strong data-start=\"1811\" data-end=\"1849\">Standardm\u00e5l (model MT193):<\/strong><\/p>\n<div class=\"_tableContainer_16hzy_1\">\n<div class=\"_tableWrapper_16hzy_14 group flex w-fit flex-col-reverse\" tabindex=\"-1\">\n<table class=\"w-fit min-w-(--thread-content-width)\" data-start=\"1851\" data-end=\"2133\">\n<thead data-start=\"1851\" data-end=\"1881\">\n<tr data-start=\"1851\" data-end=\"1881\">\n<th data-start=\"1851\" data-end=\"1863\" data-col-size=\"sm\">Parameter<\/th>\n<th data-start=\"1863\" data-end=\"1881\" data-col-size=\"sm\">V\u00e6rdi<\/th>\n<\/tr>\n<\/thead>\n<tbody data-start=\"1913\" data-end=\"2133\">\n<tr data-start=\"1913\" data-end=\"1947\">\n<td data-start=\"1913\" data-end=\"1926\" data-col-size=\"sm\">Diameter A<\/td>\n<td data-start=\"1926\" data-end=\"1947\" data-col-size=\"sm\">5mm-20mm (tilpasset)<\/td>\n<\/tr>\n<tr data-start=\"1948\" data-end=\"1988\">\n<td data-start=\"1948\" data-end=\"1964\" data-col-size=\"sm\">Grebets l\u00e6ngde L<\/td>\n<td data-col-size=\"sm\" data-start=\"1964\" data-end=\"1988\">10 mm-100 mm (\u00b10,5 mm)<\/td>\n<\/tr>\n<tr data-start=\"1989\" data-end=\"2032\">\n<td data-start=\"1989\" data-end=\"2003\" data-col-size=\"sm\">H\u00e5ndtagstype<\/td>\n<td data-col-size=\"sm\" data-start=\"2003\" data-end=\"2032\">T-formet, vandret greb<\/td>\n<\/tr>\n<tr data-start=\"2033\" data-end=\"2086\">\n<td data-start=\"2033\" data-end=\"2045\" data-col-size=\"sm\">Betjening<\/td>\n<td data-col-size=\"sm\" data-start=\"2045\" data-end=\"2086\">Kugleindtr\u00e6kningsmekanisme med trykknap<\/td>\n<\/tr>\n<tr data-start=\"2087\" data-end=\"2133\">\n<td data-start=\"2087\" data-end=\"2104\" data-col-size=\"sm\">Fastg\u00f8relsesring<\/td>\n<td data-col-size=\"sm\" data-start=\"2104\" data-end=\"2133\">Valgfrit, rustfrit st\u00e5l<\/td>\n<\/tr>\n<\/tbody>\n<\/table>\n<div class=\"sticky end-(--thread-content-margin) h-0 self-end select-none\">\n<div class=\"absolute end-0 flex items-end\"><\/div>\n<\/div>\n<\/div>\n<\/div>\n<p class=\"\" data-start=\"2135\" data-end=\"2187\">Fuld CAD-support og OEM-tilpasning tilg\u00e6ngelig.<\/p>\n<hr class=\"\" data-start=\"2189\" data-end=\"2192\" \/>\n<h2 class=\"\" data-start=\"2194\" data-end=\"2213\">\u2705 N\u00f8glefunktioner<\/h2>\n<ul data-start=\"2215\" data-end=\"2506\">\n<li class=\"\" data-start=\"2215\" data-end=\"2277\">\n<p class=\"\" data-start=\"2217\" data-end=\"2277\">Push-to-release-mekanisme til hurtig betjening uden brug af v\u00e6rkt\u00f8j<\/p>\n<\/li>\n<li class=\"\" data-start=\"2278\" data-end=\"2327\">\n<p class=\"\" data-start=\"2280\" data-end=\"2327\">Dobbelte l\u00e5sekugler sikrer sikker fastg\u00f8relse<\/p>\n<\/li>\n<li class=\"\" data-start=\"2328\" data-end=\"2403\">\n<p class=\"\" data-start=\"2330\" data-end=\"2403\">Komponenter i rustfrit st\u00e5l 304 giver styrke og korrosionsbestandighed<\/p>\n<\/li>\n<li class=\"\" data-start=\"2404\" data-end=\"2454\">\n<p class=\"\" data-start=\"2406\" data-end=\"2454\">\ufe0f Stort T-h\u00e5ndtag giver et fast, manuelt greb<\/p>\n<\/li>\n<li class=\"\" data-start=\"2455\" data-end=\"2506\">\n<p class=\"\" data-start=\"2457\" data-end=\"2506\">Tilpassede dimensioner og h\u00e5ndtagsmuligheder er tilg\u00e6ngelige<\/p>\n<\/li>\n<\/ul>\n<hr class=\"\" data-start=\"2508\" data-end=\"2511\" \/>\n<h2 class=\"\" data-start=\"2513\" data-end=\"2536\">\u2705 Bestillingsoplysninger<\/h2>\n<p class=\"\" data-start=\"2538\" data-end=\"2575\">Angiv venligst, n\u00e5r du sender en foresp\u00f8rgsel:<\/p>\n<ul data-start=\"2576\" data-end=\"2766\">\n<li class=\"\" data-start=\"2576\" data-end=\"2629\">\n<p class=\"\" data-start=\"2578\" data-end=\"2629\">Stiftdiameter og grebl\u00e6ngde (f.eks. \u00d810 mm x 40 mm)<\/p>\n<\/li>\n<li class=\"\" data-start=\"2630\" data-end=\"2642\">\n<p class=\"\" data-start=\"2632\" data-end=\"2642\">M\u00e6ngde<\/p>\n<\/li>\n<li class=\"\" data-start=\"2643\" data-end=\"2680\">\n<p class=\"\" data-start=\"2645\" data-end=\"2680\">Behov for fastholdelsesring eller snor<\/p>\n<\/li>\n<li class=\"\" data-start=\"2681\" data-end=\"2727\">\n<p class=\"\" data-start=\"2683\" data-end=\"2727\">Brugerdefineret branding eller emballage (hvis n\u00f8dvendigt)<\/p>\n<\/li>\n<li class=\"\" data-start=\"2728\" data-end=\"2766\">\n<p class=\"\" data-start=\"2730\" data-end=\"2766\">Tegningsfil, hvis relevant (PDF\/DWG)<\/p>\n<\/li>\n<\/ul>","protected":false},"excerpt":{"rendered":"<p><strong>Hurtigudl\u00f8sende l\u00e5sestift<\/strong> Med skaft og fjeder i rustfrit st\u00e5l 304 og holdbart plastgreb. Ideel til hurtig l\u00e5sning, positionering og frig\u00f8relse uden brug af v\u00e6rkt\u00f8j. <strong data-start=\"420\" data-end=\"486\">Materiale og dimensioner kan tilpasses til din applikation.<\/strong><\/p>","protected":false},"featured_media":1800,"comment_status":"closed","ping_status":"closed","template":"","meta":{"site-sidebar-layout":"default","site-content-layout":"","ast-site-content-layout":"default","site-content-style":"default","site-sidebar-style":"default","ast-global-header-display":"","ast-banner-title-visibility":"","ast-main-header-display":"","ast-hfb-above-header-display":"","ast-hfb-below-header-display":"","ast-hfb-mobile-header-display":"","site-post-title":"","ast-breadcrumbs-content":"","ast-featured-img":"","footer-sml-layout":"","ast-disable-related-posts":"","theme-transparent-header-meta":"default","adv-header-id-meta":"","stick-header-meta":"","header-above-stick-meta":"","header-main-stick-meta":"","header-below-stick-meta":"","astra-migrate-meta-layouts":"set","ast-page-background-enabled":"default","ast-page-background-meta":{"desktop":{"background-color":"var(--ast-global-color-4)","background-image":"","background-repeat":"repeat","background-position":"center center","background-size":"auto","background-attachment":"scroll","background-type":"","background-media":"","overlay-type":"","overlay-color":"","overlay-opacity":"","overlay-gradient":""},"tablet":{"background-color":"","background-image":"","background-repeat":"repeat","background-position":"center center","background-size":"auto","background-attachment":"scroll","background-type":"","background-media":"","overlay-type":"","overlay-color":"","overlay-opacity":"","overlay-gradient":""},"mobile":{"background-color":"","background-image":"","background-repeat":"repeat","background-position":"center center","background-size":"auto","background-attachment":"scroll","background-type":"","background-media":"","overlay-type":"","overlay-color":"","overlay-opacity":"","overlay-gradient":""}},"ast-content-background-meta":{"desktop":{"background-color":"var(--ast-global-color-5)","background-image":"","background-repeat":"repeat","background-position":"center center","background-size":"auto","background-attachment":"scroll","background-type":"","background-media":"","overlay-type":"","overlay-color":"","overlay-opacity":"","overlay-gradient":""},"tablet":{"background-color":"var(--ast-global-color-5)","background-image":"","background-repeat":"repeat","background-position":"center center","background-size":"auto","background-attachment":"scroll","background-type":"","background-media":"","overlay-type":"","overlay-color":"","overlay-opacity":"","overlay-gradient":""},"mobile":{"background-color":"var(--ast-global-color-5)","background-image":"","background-repeat":"repeat","background-position":"center center","background-size":"auto","background-attachment":"scroll","background-type":"","background-media":"","overlay-type":"","overlay-color":"","overlay-opacity":"","overlay-gradient":""}}},"product_brand":[],"product_cat":[19],"product_tag":[],"class_list":{"0":"post-1724","1":"product","2":"type-product","3":"status-publish","4":"has-post-thumbnail","6":"product_cat-fasteners","8":"first","9":"instock","10":"shipping-taxable","11":"product-type-simple"},"_links":{"self":[{"href":"https:\/\/www.sknfastener.com\/da\/wp-json\/wp\/v2\/product\/1724","targetHints":{"allow":["GET"]}}],"collection":[{"href":"https:\/\/www.sknfastener.com\/da\/wp-json\/wp\/v2\/product"}],"about":[{"href":"https:\/\/www.sknfastener.com\/da\/wp-json\/wp\/v2\/types\/product"}],"replies":[{"embeddable":true,"href":"https:\/\/www.sknfastener.com\/da\/wp-json\/wp\/v2\/comments?post=1724"}],"version-history":[{"count":1,"href":"https:\/\/www.sknfastener.com\/da\/wp-json\/wp\/v2\/product\/1724\/revisions"}],"predecessor-version":[{"id":1819,"href":"https:\/\/www.sknfastener.com\/da\/wp-json\/wp\/v2\/product\/1724\/revisions\/1819"}],"wp:featuredmedia":[{"embeddable":true,"href":"https:\/\/www.sknfastener.com\/da\/wp-json\/wp\/v2\/media\/1800"}],"wp:attachment":[{"href":"https:\/\/www.sknfastener.com\/da\/wp-json\/wp\/v2\/media?parent=1724"}],"wp:term":[{"taxonomy":"product_brand","embeddable":true,"href":"https:\/\/www.sknfastener.com\/da\/wp-json\/wp\/v2\/product_brand?post=1724"},{"taxonomy":"product_cat","embeddable":true,"href":"https:\/\/www.sknfastener.com\/da\/wp-json\/wp\/v2\/product_cat?post=1724"},{"taxonomy":"product_tag","embeddable":true,"href":"https:\/\/www.sknfastener.com\/da\/wp-json\/wp\/v2\/product_tag?post=1724"}],"curies":[{"name":"wp","href":"https:\/\/api.w.org\/{rel}","templated":true}]}}