{"id":1851,"date":"2025-05-20T21:12:27","date_gmt":"2025-05-20T13:12:27","guid":{"rendered":"https:\/\/www.sknfastener.com\/?post_type=product&#038;p=1851"},"modified":"2025-05-20T21:12:27","modified_gmt":"2025-05-20T13:12:27","slug":"steel-shaft-collar-with-set-screw-round-bore","status":"publish","type":"product","link":"https:\/\/www.sknfastener.com\/da\/vare\/steel-shaft-collar-with-set-screw-round-bore\/","title":{"rendered":"Akselkrave i st\u00e5l med stilleskrue | rund boring"},"content":{"rendered":"<p class=\"\" data-start=\"506\" data-end=\"854\">Denne <strong data-start=\"511\" data-end=\"548\">akselkrave i st\u00e5l med stilleskrue<\/strong> giver en sikker, kompakt og omkostningseffektiv l\u00f8sning til aksial positionering, komponentafstand og fastholdelse af akslen. Kraven har en gennemg\u00e5ende boring med pr\u00e6cisionsbearbejdede tolerancer og et gevindhul til en <strong data-start=\"764\" data-end=\"788\">indvendig sekskantet s\u00e6tskrue<\/strong>som l\u00e5ser kraven fast p\u00e5 en rund aksel, n\u00e5r den sp\u00e6ndes.<\/p>\n<p class=\"\" data-start=\"856\" data-end=\"1071\">Denne akselkrave, der ofte bruges i automatiseringsudstyr, industrimaskiner og kraftoverf\u00f8rsler, er nem at installere, kan genbruges og har en solid holdekraft uden at beskadige akseloverfladen.<\/p>\n<p class=\"\" data-start=\"1073\" data-end=\"1243\">Designet er ideelt til opgaver, der kr\u00e6ver hyppig justering, justering eller fjernelse. Den medf\u00f8lgende sekskantskrue giver hurtig tilsp\u00e6nding med en standard unbrakon\u00f8gle.<\/p>","protected":false},"excerpt":{"rendered":"<p>Pr\u00e6cisionsbearbejdet akselkrave i st\u00e5l med stilleskrue til positionering, afstand og fastholdelse af akslen i mekaniske samlinger. F\u00e5s i flere indvendige diametre. <strong data-start=\"417\" data-end=\"471\">Materiale og dimensioner kan tilpasses efter anmodning.<\/strong><\/p>","protected":false},"featured_media":1852,"comment_status":"open","ping_status":"closed","template":"","meta":{"site-sidebar-layout":"default","site-content-layout":"","ast-site-content-layout":"default","site-content-style":"default","site-sidebar-style":"default","ast-global-header-display":"","ast-banner-title-visibility":"","ast-main-header-display":"","ast-hfb-above-header-display":"","ast-hfb-below-header-display":"","ast-hfb-mobile-header-display":"","site-post-title":"","ast-breadcrumbs-content":"","ast-featured-img":"","footer-sml-layout":"","ast-disable-related-posts":"","theme-transparent-header-meta":"default","adv-header-id-meta":"","stick-header-meta":"","header-above-stick-meta":"","header-main-stick-meta":"","header-below-stick-meta":"","astra-migrate-meta-layouts":"set","ast-page-background-enabled":"default","ast-page-background-meta":{"desktop":{"background-color":"var(--ast-global-color-4)","background-image":"","background-repeat":"repeat","background-position":"center center","background-size":"auto","background-attachment":"scroll","background-type":"","background-media":"","overlay-type":"","overlay-color":"","overlay-opacity":"","overlay-gradient":""},"tablet":{"background-color":"","background-image":"","background-repeat":"repeat","background-position":"center center","background-size":"auto","background-attachment":"scroll","background-type":"","background-media":"","overlay-type":"","overlay-color":"","overlay-opacity":"","overlay-gradient":""},"mobile":{"background-color":"","background-image":"","background-repeat":"repeat","background-position":"center center","background-size":"auto","background-attachment":"scroll","background-type":"","background-media":"","overlay-type":"","overlay-color":"","overlay-opacity":"","overlay-gradient":""}},"ast-content-background-meta":{"desktop":{"background-color":"var(--ast-global-color-5)","background-image":"","background-repeat":"repeat","background-position":"center center","background-size":"auto","background-attachment":"scroll","background-type":"","background-media":"","overlay-type":"","overlay-color":"","overlay-opacity":"","overlay-gradient":""},"tablet":{"background-color":"var(--ast-global-color-5)","background-image":"","background-repeat":"repeat","background-position":"center center","background-size":"auto","background-attachment":"scroll","background-type":"","background-media":"","overlay-type":"","overlay-color":"","overlay-opacity":"","overlay-gradient":""},"mobile":{"background-color":"var(--ast-global-color-5)","background-image":"","background-repeat":"repeat","background-position":"center center","background-size":"auto","background-attachment":"scroll","background-type":"","background-media":"","overlay-type":"","overlay-color":"","overlay-opacity":"","overlay-gradient":""}}},"product_brand":[],"product_cat":[156],"product_tag":[],"class_list":{"0":"post-1851","1":"product","2":"type-product","3":"status-publish","4":"has-post-thumbnail","6":"product_cat-dowel-pin","8":"first","9":"instock","10":"shipping-taxable","11":"product-type-simple"},"_links":{"self":[{"href":"https:\/\/www.sknfastener.com\/da\/wp-json\/wp\/v2\/product\/1851","targetHints":{"allow":["GET"]}}],"collection":[{"href":"https:\/\/www.sknfastener.com\/da\/wp-json\/wp\/v2\/product"}],"about":[{"href":"https:\/\/www.sknfastener.com\/da\/wp-json\/wp\/v2\/types\/product"}],"replies":[{"embeddable":true,"href":"https:\/\/www.sknfastener.com\/da\/wp-json\/wp\/v2\/comments?post=1851"}],"version-history":[{"count":1,"href":"https:\/\/www.sknfastener.com\/da\/wp-json\/wp\/v2\/product\/1851\/revisions"}],"predecessor-version":[{"id":1858,"href":"https:\/\/www.sknfastener.com\/da\/wp-json\/wp\/v2\/product\/1851\/revisions\/1858"}],"wp:featuredmedia":[{"embeddable":true,"href":"https:\/\/www.sknfastener.com\/da\/wp-json\/wp\/v2\/media\/1852"}],"wp:attachment":[{"href":"https:\/\/www.sknfastener.com\/da\/wp-json\/wp\/v2\/media?parent=1851"}],"wp:term":[{"taxonomy":"product_brand","embeddable":true,"href":"https:\/\/www.sknfastener.com\/da\/wp-json\/wp\/v2\/product_brand?post=1851"},{"taxonomy":"product_cat","embeddable":true,"href":"https:\/\/www.sknfastener.com\/da\/wp-json\/wp\/v2\/product_cat?post=1851"},{"taxonomy":"product_tag","embeddable":true,"href":"https:\/\/www.sknfastener.com\/da\/wp-json\/wp\/v2\/product_tag?post=1851"}],"curies":[{"name":"wp","href":"https:\/\/api.w.org\/{rel}","templated":true}]}}