{"id":1859,"date":"2025-05-20T21:35:23","date_gmt":"2025-05-20T13:35:23","guid":{"rendered":"https:\/\/www.sknfastener.com\/?post_type=product&#038;p=1859"},"modified":"2025-05-20T21:35:38","modified_gmt":"2025-05-20T13:35:38","slug":"precision-shoulder-bolt-hex-socket-head","status":"publish","type":"product","link":"https:\/\/www.sknfastener.com\/da\/vare\/precision-shoulder-bolt-hex-socket-head\/","title":{"rendered":"Pr\u00e6cisionsskulderbolt - sekskantet hoved"},"content":{"rendered":"<p class=\"\" data-start=\"537\" data-end=\"865\">Denne <strong data-start=\"542\" data-end=\"559\">skulderbolt<\/strong>-ogs\u00e5 kendt som en <strong data-start=\"576\" data-end=\"594\">skulderskrue<\/strong>-er konstrueret til h\u00f8jstyrkeopgaver, der kr\u00e6ver n\u00f8jagtig justering, glidning eller rotation af komponenter. Designet har en lang, pr\u00e6cisionsslebet skulder med en ensartet diameter, parret med en standard gevindsektion og et indvendigt sekskantet hoved til sikker fastg\u00f8relse.<\/p>\n<p class=\"\" data-start=\"867\" data-end=\"1090\">Skulderen fungerer som en dyvel, et afstandsstykke eller en guide, der ofte bruges i jigs, v\u00e6rkt\u00f8jsindretninger, v\u00e6rkt\u00f8jssamlinger, bev\u00e6gelige dele og mekaniske forbindelser. Det indvendige sekskanthoved g\u00f8r det nemt at montere og afmontere med en unbrakon\u00f8gle.<\/p>\n<p class=\"\" data-start=\"1092\" data-end=\"1341\">Udbydes i <strong data-start=\"1103\" data-end=\"1127\">H\u00e6rdet legeret st\u00e5l<\/strong> eller <strong data-start=\"1131\" data-end=\"1158\">rustfrit st\u00e5l 304\/316<\/strong>Denne bolt er velegnet til b\u00e5de almindelig industriel brug og milj\u00f8er med h\u00f8j korrosion. Fuld dimensionel tilpasning er tilg\u00e6ngelig baseret p\u00e5 din tekniske tegning eller pr\u00f8ve.<\/p>\n<h2 class=\"\" data-start=\"1348\" data-end=\"1367\">Anvendelser<\/h2>\n<ul data-start=\"1369\" data-end=\"1575\">\n<li class=\"\" data-start=\"1369\" data-end=\"1406\">\n<p class=\"\" data-start=\"1371\" data-end=\"1406\">Automatisering og montering af armaturer<\/p>\n<\/li>\n<li class=\"\" data-start=\"1407\" data-end=\"1445\">\n<p class=\"\" data-start=\"1409\" data-end=\"1445\">Robotteknologi og line\u00e6re bev\u00e6gelsessystemer<\/p>\n<\/li>\n<li class=\"\" data-start=\"1446\" data-end=\"1478\">\n<p class=\"\" data-start=\"1448\" data-end=\"1478\">Formbaser og stempler<\/p>\n<\/li>\n<li class=\"\" data-start=\"1479\" data-end=\"1513\">\n<p class=\"\" data-start=\"1481\" data-end=\"1513\">Roterende led og drejearme<\/p>\n<\/li>\n<li class=\"\" data-start=\"1514\" data-end=\"1537\">\n<p class=\"\" data-start=\"1516\" data-end=\"1537\">Ops\u00e6tning af v\u00e6rkt\u00f8jsmaskiner<\/p>\n<\/li>\n<li class=\"\" data-start=\"1538\" data-end=\"1575\">\n<p class=\"\" data-start=\"1540\" data-end=\"1575\">Komponenter til biler og rumfart<\/p>\n<\/li>\n<\/ul>\n<hr class=\"\" data-start=\"1577\" data-end=\"1580\" \/>\n<h2 class=\"\" data-start=\"1582\" data-end=\"1613\">\u2705 Tekniske specifikationer<\/h2>\n<div class=\"_tableContainer_16hzy_1\">\n<div class=\"_tableWrapper_16hzy_14 group flex w-fit flex-col-reverse\" tabindex=\"-1\">\n<table class=\"w-fit min-w-(--thread-content-width)\" data-start=\"1615\" data-end=\"1877\">\n<thead data-start=\"1615\" data-end=\"1658\">\n<tr data-start=\"1615\" data-end=\"1658\">\n<th data-start=\"1615\" data-end=\"1634\" data-col-size=\"sm\">Komponent<\/th>\n<th data-start=\"1634\" data-end=\"1658\" data-col-size=\"sm\">Materialevalg<\/th>\n<\/tr>\n<\/thead>\n<tbody data-start=\"1703\" data-end=\"1877\">\n<tr data-start=\"1703\" data-end=\"1766\">\n<td data-start=\"1703\" data-end=\"1723\" data-col-size=\"sm\">Skulder og tr\u00e5d<\/td>\n<td data-col-size=\"sm\" data-start=\"1723\" data-end=\"1766\">Legeret st\u00e5l \/ rustfrit st\u00e5l 304 \/ 316<\/td>\n<\/tr>\n<tr data-start=\"1767\" data-end=\"1822\">\n<td data-start=\"1767\" data-end=\"1786\" data-col-size=\"sm\">Hovedtype<\/td>\n<td data-start=\"1786\" data-end=\"1822\" data-col-size=\"sm\">Sekskantet hoved (standard unbrako)<\/td>\n<\/tr>\n<tr data-start=\"1823\" data-end=\"1877\">\n<td data-start=\"1823\" data-end=\"1842\" data-col-size=\"sm\">Tr\u00e5dtype<\/td>\n<td data-start=\"1842\" data-end=\"1877\" data-col-size=\"sm\">Metrisk \/ UNC \/ UNF (kan tilpasses)<\/td>\n<\/tr>\n<\/tbody>\n<\/table>\n<div class=\"sticky end-(--thread-content-margin) h-0 self-end select-none\">\n<div class=\"absolute end-0 flex items-end\"><\/div>\n<\/div>\n<\/div>\n<\/div>\n<p class=\"\" data-start=\"1879\" data-end=\"1899\"><strong data-start=\"1879\" data-end=\"1899\">Tilg\u00e6ngelige st\u00f8rrelser:<\/strong><\/p>\n<div class=\"_tableContainer_16hzy_1\">\n<div class=\"_tableWrapper_16hzy_14 group flex w-fit flex-col-reverse\" tabindex=\"-1\">\n<table class=\"w-fit min-w-(--thread-content-width)\" data-start=\"1901\" data-end=\"2220\">\n<thead data-start=\"1901\" data-end=\"1951\">\n<tr data-start=\"1901\" data-end=\"1951\">\n<th data-start=\"1901\" data-end=\"1921\" data-col-size=\"sm\">Parameter<\/th>\n<th data-start=\"1921\" data-end=\"1951\" data-col-size=\"sm\">R\u00e6kkevidde<\/th>\n<\/tr>\n<\/thead>\n<tbody data-start=\"2002\" data-end=\"2220\">\n<tr data-start=\"2002\" data-end=\"2038\">\n<td data-start=\"2002\" data-end=\"2022\" data-col-size=\"sm\">Skulderens diameter<\/td>\n<td data-start=\"2022\" data-end=\"2038\" data-col-size=\"sm\">4 mm - 20 mm<\/td>\n<\/tr>\n<tr data-start=\"2039\" data-end=\"2076\">\n<td data-start=\"2039\" data-end=\"2059\" data-col-size=\"sm\">Skulderl\u00e6ngde<\/td>\n<td data-start=\"2059\" data-end=\"2076\" data-col-size=\"sm\">5 mm - 100 mm<\/td>\n<\/tr>\n<tr data-start=\"2077\" data-end=\"2133\">\n<td data-start=\"2077\" data-end=\"2097\" data-col-size=\"sm\">Gevindl\u00e6ngde<\/td>\n<td data-col-size=\"sm\" data-start=\"2097\" data-end=\"2133\">Alt efter st\u00f8rrelse (kan tilpasses)<\/td>\n<\/tr>\n<tr data-start=\"2134\" data-end=\"2174\">\n<td data-start=\"2134\" data-end=\"2154\" data-col-size=\"sm\">Gevindst\u00f8rrelse<\/td>\n<td data-start=\"2154\" data-end=\"2174\" data-col-size=\"sm\">M3-M16 \/ #4-5\/8\"<\/td>\n<\/tr>\n<tr data-start=\"2175\" data-end=\"2220\">\n<td data-start=\"2175\" data-end=\"2195\" data-col-size=\"sm\">Tolerance<\/td>\n<td data-start=\"2195\" data-end=\"2220\" data-col-size=\"sm\">h9 \/ brugerdefineret pr\u00e6cision<\/td>\n<\/tr>\n<\/tbody>\n<\/table>\n<div class=\"sticky end-(--thread-content-margin) h-0 self-end select-none\">\n<div class=\"absolute end-0 flex items-end\"><\/div>\n<\/div>\n<\/div>\n<\/div>\n<p class=\"\" data-start=\"2222\" data-end=\"2291\">OEM-dimensioner og -tolerancer kan laves efter tegning eller CAD-model.<\/p>\n<hr class=\"\" data-start=\"2293\" data-end=\"2296\" \/>\n<h2 class=\"\" data-start=\"2298\" data-end=\"2317\">\u2705 N\u00f8glefunktioner<\/h2>\n<ul data-start=\"2319\" data-end=\"2601\">\n<li class=\"\" data-start=\"2319\" data-end=\"2384\">\n<p class=\"\" data-start=\"2321\" data-end=\"2384\">Pr\u00e6cisionsslebet skulder for ensartet pasform og justering<\/p>\n<\/li>\n<li class=\"\" data-start=\"2385\" data-end=\"2447\">\n<p class=\"\" data-start=\"2387\" data-end=\"2447\">Sekskantet hoved til st\u00e6rk, momentbestandig tilsp\u00e6nding<\/p>\n<\/li>\n<li class=\"\" data-start=\"2448\" data-end=\"2495\">\n<p class=\"\" data-start=\"2450\" data-end=\"2495\">Dobbeltfunktion som b\u00e5de bef\u00e6stelse og skaft<\/p>\n<\/li>\n<li class=\"\" data-start=\"2496\" data-end=\"2556\">\n<p class=\"\" data-start=\"2498\" data-end=\"2556\">Ideel til lokaliserings-, dreje- eller glideopgaver<\/p>\n<\/li>\n<li class=\"\" data-start=\"2557\" data-end=\"2601\">\n<p class=\"\" data-start=\"2559\" data-end=\"2601\">Tilpassede dimensioner og gevind er tilg\u00e6ngelige<\/p>\n<\/li>\n<\/ul>\n<hr class=\"\" data-start=\"2603\" data-end=\"2606\" \/>\n<h2 class=\"\" data-start=\"2608\" data-end=\"2635\">\u2705 Bestillingsinformation<\/h2>\n<p class=\"\" data-start=\"2637\" data-end=\"2668\">Medsend venligst din foresp\u00f8rgsel:<\/p>\n<ul data-start=\"2669\" data-end=\"2840\">\n<li class=\"\" data-start=\"2669\" data-end=\"2699\">\n<p class=\"\" data-start=\"2671\" data-end=\"2699\">Skulderdiameter og -l\u00e6ngde<\/p>\n<\/li>\n<li class=\"\" data-start=\"2700\" data-end=\"2740\">\n<p class=\"\" data-start=\"2702\" data-end=\"2740\">Gevindst\u00f8rrelse og -type (f.eks. M8x1,25)<\/p>\n<\/li>\n<li class=\"\" data-start=\"2741\" data-end=\"2753\">\n<p class=\"\" data-start=\"2743\" data-end=\"2753\">M\u00e6ngde<\/p>\n<\/li>\n<li class=\"\" data-start=\"2754\" data-end=\"2804\">\n<p class=\"\" data-start=\"2756\" data-end=\"2804\">Foretrukket materiale (f.eks. rustfrit st\u00e5l 304)<\/p>\n<\/li>\n<li class=\"\" data-start=\"2805\" data-end=\"2840\">\n<p class=\"\" data-start=\"2807\" data-end=\"2840\">Tegninger eller CAD-filer, hvis de er tilg\u00e6ngelige<\/p>\n<\/li>\n<\/ul>","protected":false},"excerpt":{"rendered":"<p>Pr\u00e6cisionsbearbejdet <strong data-start=\"287\" data-end=\"325\">skulderbolt med indvendigt sekskantet hoved<\/strong>Ideel til lokalisering, drejning eller styring af komponenter i mekaniske samlinger. F\u00e5s i kulstofst\u00e5l eller rustfrit st\u00e5l. <strong data-start=\"451\" data-end=\"502\">Skulderdiameter og l\u00e6ngde kan tilpasses.<\/strong><\/p>","protected":false},"featured_media":1860,"comment_status":"open","ping_status":"closed","template":"","meta":{"site-sidebar-layout":"default","site-content-layout":"","ast-site-content-layout":"default","site-content-style":"default","site-sidebar-style":"default","ast-global-header-display":"","ast-banner-title-visibility":"","ast-main-header-display":"","ast-hfb-above-header-display":"","ast-hfb-below-header-display":"","ast-hfb-mobile-header-display":"","site-post-title":"","ast-breadcrumbs-content":"","ast-featured-img":"","footer-sml-layout":"","ast-disable-related-posts":"","theme-transparent-header-meta":"default","adv-header-id-meta":"","stick-header-meta":"","header-above-stick-meta":"","header-main-stick-meta":"","header-below-stick-meta":"","astra-migrate-meta-layouts":"set","ast-page-background-enabled":"default","ast-page-background-meta":{"desktop":{"background-color":"var(--ast-global-color-4)","background-image":"","background-repeat":"repeat","background-position":"center center","background-size":"auto","background-attachment":"scroll","background-type":"","background-media":"","overlay-type":"","overlay-color":"","overlay-opacity":"","overlay-gradient":""},"tablet":{"background-color":"","background-image":"","background-repeat":"repeat","background-position":"center center","background-size":"auto","background-attachment":"scroll","background-type":"","background-media":"","overlay-type":"","overlay-color":"","overlay-opacity":"","overlay-gradient":""},"mobile":{"background-color":"","background-image":"","background-repeat":"repeat","background-position":"center center","background-size":"auto","background-attachment":"scroll","background-type":"","background-media":"","overlay-type":"","overlay-color":"","overlay-opacity":"","overlay-gradient":""}},"ast-content-background-meta":{"desktop":{"background-color":"var(--ast-global-color-5)","background-image":"","background-repeat":"repeat","background-position":"center center","background-size":"auto","background-attachment":"scroll","background-type":"","background-media":"","overlay-type":"","overlay-color":"","overlay-opacity":"","overlay-gradient":""},"tablet":{"background-color":"var(--ast-global-color-5)","background-image":"","background-repeat":"repeat","background-position":"center center","background-size":"auto","background-attachment":"scroll","background-type":"","background-media":"","overlay-type":"","overlay-color":"","overlay-opacity":"","overlay-gradient":""},"mobile":{"background-color":"var(--ast-global-color-5)","background-image":"","background-repeat":"repeat","background-position":"center center","background-size":"auto","background-attachment":"scroll","background-type":"","background-media":"","overlay-type":"","overlay-color":"","overlay-opacity":"","overlay-gradient":""}}},"product_brand":[],"product_cat":[156],"product_tag":[],"class_list":{"0":"post-1859","1":"product","2":"type-product","3":"status-publish","4":"has-post-thumbnail","6":"product_cat-dowel-pin","8":"first","9":"instock","10":"shipping-taxable","11":"product-type-simple"},"_links":{"self":[{"href":"https:\/\/www.sknfastener.com\/da\/wp-json\/wp\/v2\/product\/1859","targetHints":{"allow":["GET"]}}],"collection":[{"href":"https:\/\/www.sknfastener.com\/da\/wp-json\/wp\/v2\/product"}],"about":[{"href":"https:\/\/www.sknfastener.com\/da\/wp-json\/wp\/v2\/types\/product"}],"replies":[{"embeddable":true,"href":"https:\/\/www.sknfastener.com\/da\/wp-json\/wp\/v2\/comments?post=1859"}],"version-history":[{"count":2,"href":"https:\/\/www.sknfastener.com\/da\/wp-json\/wp\/v2\/product\/1859\/revisions"}],"predecessor-version":[{"id":1868,"href":"https:\/\/www.sknfastener.com\/da\/wp-json\/wp\/v2\/product\/1859\/revisions\/1868"}],"wp:featuredmedia":[{"embeddable":true,"href":"https:\/\/www.sknfastener.com\/da\/wp-json\/wp\/v2\/media\/1860"}],"wp:attachment":[{"href":"https:\/\/www.sknfastener.com\/da\/wp-json\/wp\/v2\/media?parent=1859"}],"wp:term":[{"taxonomy":"product_brand","embeddable":true,"href":"https:\/\/www.sknfastener.com\/da\/wp-json\/wp\/v2\/product_brand?post=1859"},{"taxonomy":"product_cat","embeddable":true,"href":"https:\/\/www.sknfastener.com\/da\/wp-json\/wp\/v2\/product_cat?post=1859"},{"taxonomy":"product_tag","embeddable":true,"href":"https:\/\/www.sknfastener.com\/da\/wp-json\/wp\/v2\/product_tag?post=1859"}],"curies":[{"name":"wp","href":"https:\/\/api.w.org\/{rel}","templated":true}]}}