{"id":1869,"date":"2025-05-20T21:44:58","date_gmt":"2025-05-20T13:44:58","guid":{"rendered":"https:\/\/www.sknfastener.com\/?post_type=product&#038;p=1869"},"modified":"2025-05-20T21:45:39","modified_gmt":"2025-05-20T13:45:39","slug":"flange-mount-shaft-collar","status":"publish","type":"product","link":"https:\/\/www.sknfastener.com\/da\/vare\/flange-mount-shaft-collar\/","title":{"rendered":"Flangemonteret akselkrave med delt klemmedesign"},"content":{"rendered":"<p class=\"\" data-start=\"543\" data-end=\"904\">Denne <strong data-start=\"548\" data-end=\"577\">flangemonteret akselkrave<\/strong> giver b\u00e5de aksial holdekraft og nem installation, idet den kombinerer en pr\u00e6cisionsbearbejdet krave med en integreret <strong data-start=\"690\" data-end=\"709\">monteringsflange<\/strong>. Det delte klemmedesign sikrer et stramt, j\u00e6vnt greb om akslen uden at \u00f8del\u00e6gge eller deformere den, mens flangen giver en stabil base til montering p\u00e5 overflader, plader eller udstyrsrammer.<\/p>\n<p class=\"\" data-start=\"906\" data-end=\"1214\">Kraven fastg\u00f8res ved hj\u00e6lp af en <strong data-start=\"937\" data-end=\"957\">Indvendig sekskantskrue<\/strong>hvilket giver mulighed for hurtig justering og p\u00e5lidelig l\u00e5sning. Dette produkt er ideelt til brug i automatisering, line\u00e6re bev\u00e6gelsessystemer, roterende aksler og armaturer, og det forenkler justeringen, begr\u00e6nser akselbev\u00e6gelsen og fastg\u00f8r komponenter sikkert i faste positioner.<\/p>\n<p class=\"\" data-start=\"1216\" data-end=\"1375\">F\u00e5s i <strong data-start=\"1229\" data-end=\"1253\">letv\u00e6gtsaluminium<\/strong> eller <strong data-start=\"1257\" data-end=\"1296\">Korrosionsbestandigt rustfrit st\u00e5l<\/strong>og tilbydes i en r\u00e6kke forskellige boringsdiametre, monteringsm\u00f8nstre og tykkelser.<\/p>\n<h2 class=\"\" data-start=\"1382\" data-end=\"1401\">Anvendelser<\/h2>\n<ul data-start=\"1403\" data-end=\"1642\">\n<li class=\"\" data-start=\"1403\" data-end=\"1429\">\n<p class=\"\" data-start=\"1405\" data-end=\"1429\">Montering af stepmotor<\/p>\n<\/li>\n<li class=\"\" data-start=\"1430\" data-end=\"1465\">\n<p class=\"\" data-start=\"1432\" data-end=\"1465\">Positionering af gearkasse og enkoder<\/p>\n<\/li>\n<li class=\"\" data-start=\"1466\" data-end=\"1503\">\n<p class=\"\" data-start=\"1468\" data-end=\"1503\">Pneumatiske og hydrauliske cylindre<\/p>\n<\/li>\n<li class=\"\" data-start=\"1504\" data-end=\"1542\">\n<p class=\"\" data-start=\"1506\" data-end=\"1542\">Line\u00e6re aktuatorer og akselst\u00f8tte<\/p>\n<\/li>\n<li class=\"\" data-start=\"1543\" data-end=\"1579\">\n<p class=\"\" data-start=\"1545\" data-end=\"1579\">Tryk- og emballeringsmaskiner<\/p>\n<\/li>\n<li class=\"\" data-start=\"1580\" data-end=\"1611\">\n<p class=\"\" data-start=\"1582\" data-end=\"1611\">CNC- og automatiseringsfiksturer<\/p>\n<\/li>\n<li class=\"\" data-start=\"1612\" data-end=\"1642\">\n<p class=\"\" data-start=\"1614\" data-end=\"1642\">Tilpassede mekaniske samlinger<\/p>\n<\/li>\n<\/ul>\n<hr class=\"\" data-start=\"1644\" data-end=\"1647\" \/>\n<h2 class=\"\" data-start=\"1649\" data-end=\"1680\">\u2705 Tekniske specifikationer<\/h2>\n<div class=\"_tableContainer_16hzy_1\">\n<div class=\"_tableWrapper_16hzy_14 group flex w-fit flex-col-reverse\" tabindex=\"-1\">\n<table class=\"w-fit min-w-(--thread-content-width)\" data-start=\"1682\" data-end=\"1898\">\n<thead data-start=\"1682\" data-end=\"1732\">\n<tr data-start=\"1682\" data-end=\"1732\">\n<th data-start=\"1682\" data-end=\"1703\" data-col-size=\"sm\">Komponent<\/th>\n<th data-start=\"1703\" data-end=\"1732\" data-col-size=\"md\">Materialevalg<\/th>\n<\/tr>\n<\/thead>\n<tbody data-start=\"1783\" data-end=\"1898\">\n<tr data-start=\"1783\" data-end=\"1849\">\n<td data-start=\"1783\" data-end=\"1803\" data-col-size=\"sm\">Krave og flange<\/td>\n<td data-col-size=\"md\" data-start=\"1803\" data-end=\"1849\">Aluminiumslegering \/ rustfrit st\u00e5l 304 \/ 316<\/td>\n<\/tr>\n<tr data-start=\"1850\" data-end=\"1898\">\n<td data-start=\"1850\" data-end=\"1870\" data-col-size=\"sm\">Klemmeskrue<\/td>\n<td data-col-size=\"md\" data-start=\"1870\" data-end=\"1898\">Legeret st\u00e5l (sekskantet sokkel)<\/td>\n<\/tr>\n<\/tbody>\n<\/table>\n<div class=\"sticky end-(--thread-content-margin) h-0 self-end select-none\">\n<div class=\"absolute end-0 flex items-end\"><\/div>\n<\/div>\n<\/div>\n<\/div>\n<p class=\"\" data-start=\"1900\" data-end=\"1925\"><strong data-start=\"1900\" data-end=\"1925\">Tilg\u00e6ngelige dimensioner:<\/strong><\/p>\n<div class=\"_tableContainer_16hzy_1\">\n<div class=\"_tableWrapper_16hzy_14 group flex w-fit flex-col-reverse\" tabindex=\"-1\">\n<table class=\"w-fit min-w-(--thread-content-width)\" data-start=\"1927\" data-end=\"2277\">\n<thead data-start=\"1927\" data-end=\"1979\">\n<tr data-start=\"1927\" data-end=\"1979\">\n<th data-start=\"1927\" data-end=\"1949\" data-col-size=\"sm\">Parameter<\/th>\n<th data-start=\"1949\" data-end=\"1979\" data-col-size=\"sm\">R\u00e6kkevidde<\/th>\n<\/tr>\n<\/thead>\n<tbody data-start=\"2033\" data-end=\"2277\">\n<tr data-start=\"2033\" data-end=\"2086\">\n<td data-start=\"2033\" data-end=\"2055\" data-col-size=\"sm\">Boringsdiameter<\/td>\n<td data-col-size=\"sm\" data-start=\"2055\" data-end=\"2086\">6 mm - 40 mm (kan tilpasses)<\/td>\n<\/tr>\n<tr data-start=\"2087\" data-end=\"2128\">\n<td data-start=\"2087\" data-end=\"2109\" data-col-size=\"sm\">Flangens diameter<\/td>\n<td data-col-size=\"sm\" data-start=\"2109\" data-end=\"2128\">Varierer efter model<\/td>\n<\/tr>\n<tr data-start=\"2129\" data-end=\"2168\">\n<td data-start=\"2129\" data-end=\"2151\" data-col-size=\"sm\">Halsb\u00e5ndets h\u00f8jde<\/td>\n<td data-col-size=\"sm\" data-start=\"2151\" data-end=\"2168\">10 mm - 30 mm<\/td>\n<\/tr>\n<tr data-start=\"2169\" data-end=\"2223\">\n<td data-start=\"2169\" data-end=\"2191\" data-col-size=\"sm\">Hulm\u00f8nster i flange<\/td>\n<td data-col-size=\"sm\" data-start=\"2191\" data-end=\"2223\">3-hullers eller 4-hullers boltcirkel<\/td>\n<\/tr>\n<tr data-start=\"2224\" data-end=\"2277\">\n<td data-start=\"2224\" data-end=\"2246\" data-col-size=\"sm\">Fastg\u00f8relsesmetode<\/td>\n<td data-col-size=\"sm\" data-start=\"2246\" data-end=\"2277\">Enkelt-split med sekskantskrue<\/td>\n<\/tr>\n<\/tbody>\n<\/table>\n<div class=\"sticky end-(--thread-content-margin) h-0 self-end select-none\">\n<div class=\"absolute end-0 flex items-end\"><\/div>\n<\/div>\n<\/div>\n<\/div>\n<p class=\"\" data-start=\"2279\" data-end=\"2338\">OEM-dimensioner og hulm\u00f8nstre f\u00e5s p\u00e5 foresp\u00f8rgsel.<\/p>\n<hr class=\"\" data-start=\"2340\" data-end=\"2343\" \/>\n<h2 class=\"\" data-start=\"2345\" data-end=\"2364\">\u2705 N\u00f8glefunktioner<\/h2>\n<ul data-start=\"2366\" data-end=\"2752\">\n<li class=\"\" data-start=\"2366\" data-end=\"2428\">\n<p class=\"\" data-start=\"2368\" data-end=\"2428\">Flangemontering til sikker fastg\u00f8relse af udstyr<\/p>\n<\/li>\n<li class=\"\" data-start=\"2429\" data-end=\"2495\">\n<p class=\"\" data-start=\"2431\" data-end=\"2495\">Delt klemme sikrer skridsikker fastholdelse af skaftet uden skader<\/p>\n<\/li>\n<li class=\"\" data-start=\"2496\" data-end=\"2553\">\n<p class=\"\" data-start=\"2498\" data-end=\"2553\">Sekskantskrue g\u00f8r det nemt at flytte og stramme.<\/p>\n<\/li>\n<li class=\"\" data-start=\"2554\" data-end=\"2626\">\n<p class=\"\" data-start=\"2556\" data-end=\"2626\">F\u00e5s i aluminium for letv\u00e6gt eller rustfrit for holdbarhed<\/p>\n<\/li>\n<li class=\"\" data-start=\"2627\" data-end=\"2684\">\n<p class=\"\" data-start=\"2629\" data-end=\"2684\">Velegnet til b\u00e5de roterende og line\u00e6re bev\u00e6gelsessystemer<\/p>\n<\/li>\n<li class=\"\" data-start=\"2685\" data-end=\"2752\">\n<p class=\"\" data-start=\"2687\" data-end=\"2752\">Tilpassede boringsst\u00f8rrelser, flangeformer og monteringshuller f\u00e5s<\/p>\n<\/li>\n<\/ul>\n<hr class=\"\" data-start=\"2754\" data-end=\"2757\" \/>\n<h2 class=\"\" data-start=\"2759\" data-end=\"2786\">\u2705 Bestillingsinformation<\/h2>\n<p class=\"\" data-start=\"2788\" data-end=\"2828\">Angiv venligst, n\u00e5r du sender en foresp\u00f8rgsel:<\/p>\n<ul data-start=\"2829\" data-end=\"3002\">\n<li class=\"\" data-start=\"2829\" data-end=\"2854\">\n<p class=\"\" data-start=\"2831\" data-end=\"2854\">Indvendig diameter (boring)<\/p>\n<\/li>\n<li class=\"\" data-start=\"2855\" data-end=\"2896\">\n<p class=\"\" data-start=\"2857\" data-end=\"2896\">Flangens ydre diameter eller boltm\u00f8nster<\/p>\n<\/li>\n<li class=\"\" data-start=\"2897\" data-end=\"2939\">\n<p class=\"\" data-start=\"2899\" data-end=\"2939\">Materiale (aluminium eller rustfrit st\u00e5l)<\/p>\n<\/li>\n<li class=\"\" data-start=\"2940\" data-end=\"2970\">\n<p class=\"\" data-start=\"2942\" data-end=\"2970\">M\u00e6ngde og brugskontekst<\/p>\n<\/li>\n<li class=\"\" data-start=\"2971\" data-end=\"3002\">\n<p class=\"\" data-start=\"2973\" data-end=\"3002\">Brugerdefineret tegning (hvis tilg\u00e6ngelig)<\/p>\n<\/li>\n<\/ul>","protected":false},"excerpt":{"rendered":"<p>Flangemonteret akselkrave med delt klemme og sekskantskrue for sikker aksial fastholdelse og nem positionering. Fremstillet af <strong data-start=\"385\" data-end=\"416\">aluminium eller rustfrit st\u00e5l<\/strong>, egnet til bev\u00e6gelsessystemer og monteringsplader. <strong data-start=\"467\" data-end=\"508\">Materiale og dimensioner kan tilpasses.<\/strong><\/p>","protected":false},"featured_media":1870,"comment_status":"open","ping_status":"closed","template":"","meta":{"site-sidebar-layout":"default","site-content-layout":"","ast-site-content-layout":"default","site-content-style":"default","site-sidebar-style":"default","ast-global-header-display":"","ast-banner-title-visibility":"","ast-main-header-display":"","ast-hfb-above-header-display":"","ast-hfb-below-header-display":"","ast-hfb-mobile-header-display":"","site-post-title":"","ast-breadcrumbs-content":"","ast-featured-img":"","footer-sml-layout":"","ast-disable-related-posts":"","theme-transparent-header-meta":"default","adv-header-id-meta":"","stick-header-meta":"","header-above-stick-meta":"","header-main-stick-meta":"","header-below-stick-meta":"","astra-migrate-meta-layouts":"set","ast-page-background-enabled":"default","ast-page-background-meta":{"desktop":{"background-color":"var(--ast-global-color-4)","background-image":"","background-repeat":"repeat","background-position":"center center","background-size":"auto","background-attachment":"scroll","background-type":"","background-media":"","overlay-type":"","overlay-color":"","overlay-opacity":"","overlay-gradient":""},"tablet":{"background-color":"","background-image":"","background-repeat":"repeat","background-position":"center center","background-size":"auto","background-attachment":"scroll","background-type":"","background-media":"","overlay-type":"","overlay-color":"","overlay-opacity":"","overlay-gradient":""},"mobile":{"background-color":"","background-image":"","background-repeat":"repeat","background-position":"center center","background-size":"auto","background-attachment":"scroll","background-type":"","background-media":"","overlay-type":"","overlay-color":"","overlay-opacity":"","overlay-gradient":""}},"ast-content-background-meta":{"desktop":{"background-color":"var(--ast-global-color-5)","background-image":"","background-repeat":"repeat","background-position":"center center","background-size":"auto","background-attachment":"scroll","background-type":"","background-media":"","overlay-type":"","overlay-color":"","overlay-opacity":"","overlay-gradient":""},"tablet":{"background-color":"var(--ast-global-color-5)","background-image":"","background-repeat":"repeat","background-position":"center center","background-size":"auto","background-attachment":"scroll","background-type":"","background-media":"","overlay-type":"","overlay-color":"","overlay-opacity":"","overlay-gradient":""},"mobile":{"background-color":"var(--ast-global-color-5)","background-image":"","background-repeat":"repeat","background-position":"center center","background-size":"auto","background-attachment":"scroll","background-type":"","background-media":"","overlay-type":"","overlay-color":"","overlay-opacity":"","overlay-gradient":""}}},"product_brand":[],"product_cat":[156],"product_tag":[],"class_list":{"0":"post-1869","1":"product","2":"type-product","3":"status-publish","4":"has-post-thumbnail","6":"product_cat-dowel-pin","8":"first","9":"instock","10":"shipping-taxable","11":"product-type-simple"},"_links":{"self":[{"href":"https:\/\/www.sknfastener.com\/da\/wp-json\/wp\/v2\/product\/1869","targetHints":{"allow":["GET"]}}],"collection":[{"href":"https:\/\/www.sknfastener.com\/da\/wp-json\/wp\/v2\/product"}],"about":[{"href":"https:\/\/www.sknfastener.com\/da\/wp-json\/wp\/v2\/types\/product"}],"replies":[{"embeddable":true,"href":"https:\/\/www.sknfastener.com\/da\/wp-json\/wp\/v2\/comments?post=1869"}],"version-history":[{"count":2,"href":"https:\/\/www.sknfastener.com\/da\/wp-json\/wp\/v2\/product\/1869\/revisions"}],"predecessor-version":[{"id":1878,"href":"https:\/\/www.sknfastener.com\/da\/wp-json\/wp\/v2\/product\/1869\/revisions\/1878"}],"wp:featuredmedia":[{"embeddable":true,"href":"https:\/\/www.sknfastener.com\/da\/wp-json\/wp\/v2\/media\/1870"}],"wp:attachment":[{"href":"https:\/\/www.sknfastener.com\/da\/wp-json\/wp\/v2\/media?parent=1869"}],"wp:term":[{"taxonomy":"product_brand","embeddable":true,"href":"https:\/\/www.sknfastener.com\/da\/wp-json\/wp\/v2\/product_brand?post=1869"},{"taxonomy":"product_cat","embeddable":true,"href":"https:\/\/www.sknfastener.com\/da\/wp-json\/wp\/v2\/product_cat?post=1869"},{"taxonomy":"product_tag","embeddable":true,"href":"https:\/\/www.sknfastener.com\/da\/wp-json\/wp\/v2\/product_tag?post=1869"}],"curies":[{"name":"wp","href":"https:\/\/api.w.org\/{rel}","templated":true}]}}