{"id":1879,"date":"2025-05-20T21:55:15","date_gmt":"2025-05-20T13:55:15","guid":{"rendered":"https:\/\/www.sknfastener.com\/?post_type=product&#038;p=1879"},"modified":"2025-05-20T21:55:15","modified_gmt":"2025-05-20T13:55:15","slug":"threaded-index-plunger","status":"publish","type":"product","link":"https:\/\/www.sknfastener.com\/da\/vare\/threaded-index-plunger\/","title":{"rendered":"Indeksstempel med gevind og tr\u00e6kknap | stift i rustfrit st\u00e5l | f\u00e5s i tilpassede st\u00f8rrelser"},"content":{"rendered":"<h2 class=\"\" data-start=\"461\" data-end=\"487\">Beskrivelse af produktet<\/h2>\n<p class=\"\" data-start=\"489\" data-end=\"881\">Denne <strong data-start=\"494\" data-end=\"520\">indeksstempel med gevind<\/strong> er designet til n\u00f8jagtig positionering og p\u00e5lidelig fastholdelse i mekaniske samlinger. Stemplet har en <strong data-start=\"628\" data-end=\"660\">Stift i h\u00e6rdet rustfrit st\u00e5l<\/strong> indkapslet i et holdbart hus med et udvendigt gevind til panel- eller armaturmontering. Den <strong data-start=\"745\" data-end=\"766\">riflet knophoved<\/strong> giver mulighed for hurtig manuel tilbagetr\u00e6kning og genindkobling af stiften, hvilket giver en sikker og gentagelig l\u00e5sning.<\/p>\n<p class=\"\" data-start=\"883\" data-end=\"1058\">Stemplet bruges ofte i fixturer, jigs, v\u00e6rkt\u00f8jsplader, justerbare arme, h\u00f8jdestyr og industrimaskiner, hvor der er behov for hyppig omplacering eller indeksering.<\/p>\n<p class=\"\" data-start=\"1060\" data-end=\"1243\">Den gevindsk\u00e5rne krop er kompatibel med forskellige installationsoverflader og giver fast forankring under gentagen brug. Der findes forskellige gevindtyper, stiftl\u00e6ngder og knoptyper.<\/p>\n<hr class=\"\" data-start=\"1245\" data-end=\"1248\" \/>\n<h2 class=\"\" data-start=\"1250\" data-end=\"1269\">\u2705 Anvendelser<\/h2>\n<ul data-start=\"1271\" data-end=\"1512\">\n<li class=\"\" data-start=\"1271\" data-end=\"1310\">\n<p class=\"\" data-start=\"1273\" data-end=\"1310\">Positionerings- og indekseringsmekanismer<\/p>\n<\/li>\n<li class=\"\" data-start=\"1311\" data-end=\"1353\">\n<p class=\"\" data-start=\"1313\" data-end=\"1353\">Justerbare stop i automatiseringssystemer<\/p>\n<\/li>\n<li class=\"\" data-start=\"1354\" data-end=\"1394\">\n<p class=\"\" data-start=\"1356\" data-end=\"1394\">L\u00e5sning til at folde eller dreje arme<\/p>\n<\/li>\n<li class=\"\" data-start=\"1395\" data-end=\"1441\">\n<p class=\"\" data-start=\"1397\" data-end=\"1441\">V\u00e6rkt\u00f8jsskift og mekaniske montageops\u00e6tninger<\/p>\n<\/li>\n<li class=\"\" data-start=\"1442\" data-end=\"1474\">\n<p class=\"\" data-start=\"1444\" data-end=\"1474\">Sp\u00e6nde- og fastg\u00f8relsesanordninger<\/p>\n<\/li>\n<li class=\"\" data-start=\"1475\" data-end=\"1512\">\n<p class=\"\" data-start=\"1477\" data-end=\"1512\">Maskiner og produktionsudstyr<\/p>\n<\/li>\n<\/ul>\n<hr class=\"\" data-start=\"1514\" data-end=\"1517\" \/>\n<h2 class=\"\" data-start=\"1519\" data-end=\"1550\">\u2705 Tekniske specifikationer<\/h2>\n<div class=\"_tableContainer_16hzy_1\">\n<div class=\"_tableWrapper_16hzy_14 group flex w-fit flex-col-reverse\" tabindex=\"-1\">\n<table class=\"w-fit min-w-(--thread-content-width)\" data-start=\"1552\" data-end=\"1855\">\n<thead data-start=\"1552\" data-end=\"1609\">\n<tr data-start=\"1552\" data-end=\"1609\">\n<th data-start=\"1552\" data-end=\"1574\" data-col-size=\"sm\">Komponent<\/th>\n<th data-start=\"1574\" data-end=\"1609\" data-col-size=\"md\">Materialevalg<\/th>\n<\/tr>\n<\/thead>\n<tbody data-start=\"1669\" data-end=\"1855\">\n<tr data-start=\"1669\" data-end=\"1720\">\n<td data-start=\"1669\" data-end=\"1691\" data-col-size=\"sm\">Stempelstift<\/td>\n<td data-col-size=\"md\" data-start=\"1691\" data-end=\"1720\">Rustfrit st\u00e5l 304 \/ 303<\/td>\n<\/tr>\n<tr data-start=\"1721\" data-end=\"1784\">\n<td data-start=\"1721\" data-end=\"1743\" data-col-size=\"sm\">Knaph\u00e5ndtag<\/td>\n<td data-start=\"1743\" data-end=\"1784\" data-col-size=\"md\">Plast (riflet overflade) eller aluminium<\/td>\n<\/tr>\n<tr data-start=\"1785\" data-end=\"1855\">\n<td data-start=\"1785\" data-end=\"1807\" data-col-size=\"sm\">Kroppen med gevind<\/td>\n<td data-col-size=\"md\" data-start=\"1807\" data-end=\"1855\">Rustfrit st\u00e5l \/ Forzinket st\u00e5l \/ Brugerdefineret<\/td>\n<\/tr>\n<\/tbody>\n<\/table>\n<div class=\"sticky end-(--thread-content-margin) h-0 self-end select-none\">\n<div class=\"absolute end-0 flex items-end\"><\/div>\n<\/div>\n<\/div>\n<\/div>\n<p class=\"\" data-start=\"1857\" data-end=\"1880\"><strong data-start=\"1857\" data-end=\"1880\">Typiske dimensioner:<\/strong><\/p>\n<div class=\"_tableContainer_16hzy_1\">\n<div class=\"_tableWrapper_16hzy_14 group flex w-fit flex-col-reverse\" tabindex=\"-1\">\n<table class=\"w-fit min-w-(--thread-content-width)\" data-start=\"1882\" data-end=\"2198\">\n<thead data-start=\"1882\" data-end=\"1931\">\n<tr data-start=\"1882\" data-end=\"1931\">\n<th data-start=\"1882\" data-end=\"1902\" data-col-size=\"sm\">Parameter<\/th>\n<th data-start=\"1902\" data-end=\"1931\" data-col-size=\"md\">R\u00e6kkevidde<\/th>\n<\/tr>\n<\/thead>\n<tbody data-start=\"1981\" data-end=\"2198\">\n<tr data-start=\"1981\" data-end=\"2048\">\n<td data-start=\"1981\" data-end=\"2001\" data-col-size=\"sm\">Gevindst\u00f8rrelser<\/td>\n<td data-col-size=\"md\" data-start=\"2001\" data-end=\"2048\">M8 \u00d7 1,25, M10 \u00d7 1,5, M12 \u00d7 1,75 eller brugerdefineret<\/td>\n<\/tr>\n<tr data-start=\"2049\" data-end=\"2086\">\n<td data-start=\"2049\" data-end=\"2069\" data-col-size=\"sm\">Gevindl\u00e6ngde<\/td>\n<td data-col-size=\"md\" data-start=\"2069\" data-end=\"2086\">10 mm - 30 mm<\/td>\n<\/tr>\n<tr data-start=\"2087\" data-end=\"2123\">\n<td data-start=\"2087\" data-end=\"2107\" data-col-size=\"sm\">Pindens diameter<\/td>\n<td data-start=\"2107\" data-end=\"2123\" data-col-size=\"md\">3 mm - 12 mm<\/td>\n<\/tr>\n<tr data-start=\"2124\" data-end=\"2160\">\n<td data-start=\"2124\" data-end=\"2144\" data-col-size=\"sm\">Stiftenes slagl\u00e6ngde<\/td>\n<td data-col-size=\"md\" data-start=\"2144\" data-end=\"2160\">5 mm - 20 mm<\/td>\n<\/tr>\n<tr data-start=\"2161\" data-end=\"2198\">\n<td data-start=\"2161\" data-end=\"2181\" data-col-size=\"sm\">Knapdiameter<\/td>\n<td data-start=\"2181\" data-end=\"2198\" data-col-size=\"md\">20 mm - 30 mm<\/td>\n<\/tr>\n<\/tbody>\n<\/table>\n<div class=\"sticky end-(--thread-content-margin) h-0 self-end select-none\">\n<div class=\"absolute end-0 flex items-end\"><\/div>\n<\/div>\n<\/div>\n<\/div>\n<p class=\"\" data-start=\"2200\" data-end=\"2253\"> Kan tilpasses fuldt ud efter tegning eller pr\u00f8ve.<\/p>\n<hr class=\"\" data-start=\"2255\" data-end=\"2258\" \/>\n<h2 class=\"\" data-start=\"2260\" data-end=\"2279\">\u2705 N\u00f8glefunktioner<\/h2>\n<ul data-start=\"2281\" data-end=\"2604\">\n<li class=\"\" data-start=\"2281\" data-end=\"2326\">\n<p class=\"\" data-start=\"2283\" data-end=\"2326\"> Positiv fjederbelastet indeksering<\/p>\n<\/li>\n<li class=\"\" data-start=\"2327\" data-end=\"2369\">\n<p class=\"\" data-start=\"2329\" data-end=\"2369\"> Nem installation via gevindsk\u00e5ret krop<\/p>\n<\/li>\n<li class=\"\" data-start=\"2370\" data-end=\"2422\">\n<p class=\"\" data-start=\"2372\" data-end=\"2422\">\u270b Manuel tilbagetr\u00e6kning ved hj\u00e6lp af ergonomisk drejeknap<\/p>\n<\/li>\n<li class=\"\" data-start=\"2423\" data-end=\"2487\">\n<p class=\"\" data-start=\"2425\" data-end=\"2487\"> Ideel til hurtig justering, l\u00e5sning og kontrol af placering<\/p>\n<\/li>\n<li class=\"\" data-start=\"2488\" data-end=\"2554\">\n<p class=\"\" data-start=\"2490\" data-end=\"2554\"> Valgfri lock-out-funktion og typer med stiftskulder f\u00e5s<\/p>\n<\/li>\n<li class=\"\" data-start=\"2555\" data-end=\"2604\">\n<p class=\"\" data-start=\"2557\" data-end=\"2604\"> Tilpassede dimensioner og gevindtyper accepteres<\/p>\n<\/li>\n<\/ul>\n<hr class=\"\" data-start=\"2606\" data-end=\"2609\" \/>\n<h2 class=\"\" data-start=\"2611\" data-end=\"2638\">\u2705 Bestillingsinformation<\/h2>\n<p class=\"\" data-start=\"2640\" data-end=\"2680\">N\u00e5r du sender en foresp\u00f8rgsel, bedes du inkludere:<\/p>\n<ul data-start=\"2681\" data-end=\"2836\">\n<li class=\"\" data-start=\"2681\" data-end=\"2707\">\n<p class=\"\" data-start=\"2683\" data-end=\"2707\">Gevindst\u00f8rrelse og -l\u00e6ngde<\/p>\n<\/li>\n<li class=\"\" data-start=\"2708\" data-end=\"2735\">\n<p class=\"\" data-start=\"2710\" data-end=\"2735\">Stiftdiameter og slagl\u00e6ngde<\/p>\n<\/li>\n<li class=\"\" data-start=\"2736\" data-end=\"2788\">\n<p class=\"\" data-start=\"2738\" data-end=\"2788\">H\u00e5ndtagstype (standard, lock-out, aluminium osv.)<\/p>\n<\/li>\n<li class=\"\" data-start=\"2789\" data-end=\"2801\">\n<p class=\"\" data-start=\"2791\" data-end=\"2801\">M\u00e6ngde<\/p>\n<\/li>\n<li class=\"\" data-start=\"2802\" data-end=\"2836\">\n<p class=\"\" data-start=\"2804\" data-end=\"2836\">Tegning eller CAD-fil, hvis tilg\u00e6ngelig<\/p>\n<\/li>\n<\/ul>","protected":false},"excerpt":{"rendered":"<p>Pr\u00e6cision <strong data-start=\"267\" data-end=\"293\">indeksstempel med gevind<\/strong> med stift i rustfrit st\u00e5l og riflet tr\u00e6kknap. Ideel til mekanisk indeksering, lokalisering eller l\u00e5sning. <strong data-start=\"408\" data-end=\"454\">Materiale og dimensioner kan tilpasses.<\/strong><\/p>","protected":false},"featured_media":1880,"comment_status":"open","ping_status":"closed","template":"","meta":{"site-sidebar-layout":"default","site-content-layout":"","ast-site-content-layout":"default","site-content-style":"default","site-sidebar-style":"default","ast-global-header-display":"","ast-banner-title-visibility":"","ast-main-header-display":"","ast-hfb-above-header-display":"","ast-hfb-below-header-display":"","ast-hfb-mobile-header-display":"","site-post-title":"","ast-breadcrumbs-content":"","ast-featured-img":"","footer-sml-layout":"","ast-disable-related-posts":"","theme-transparent-header-meta":"default","adv-header-id-meta":"","stick-header-meta":"","header-above-stick-meta":"","header-main-stick-meta":"","header-below-stick-meta":"","astra-migrate-meta-layouts":"set","ast-page-background-enabled":"default","ast-page-background-meta":{"desktop":{"background-color":"var(--ast-global-color-4)","background-image":"","background-repeat":"repeat","background-position":"center center","background-size":"auto","background-attachment":"scroll","background-type":"","background-media":"","overlay-type":"","overlay-color":"","overlay-opacity":"","overlay-gradient":""},"tablet":{"background-color":"","background-image":"","background-repeat":"repeat","background-position":"center center","background-size":"auto","background-attachment":"scroll","background-type":"","background-media":"","overlay-type":"","overlay-color":"","overlay-opacity":"","overlay-gradient":""},"mobile":{"background-color":"","background-image":"","background-repeat":"repeat","background-position":"center center","background-size":"auto","background-attachment":"scroll","background-type":"","background-media":"","overlay-type":"","overlay-color":"","overlay-opacity":"","overlay-gradient":""}},"ast-content-background-meta":{"desktop":{"background-color":"var(--ast-global-color-5)","background-image":"","background-repeat":"repeat","background-position":"center center","background-size":"auto","background-attachment":"scroll","background-type":"","background-media":"","overlay-type":"","overlay-color":"","overlay-opacity":"","overlay-gradient":""},"tablet":{"background-color":"var(--ast-global-color-5)","background-image":"","background-repeat":"repeat","background-position":"center center","background-size":"auto","background-attachment":"scroll","background-type":"","background-media":"","overlay-type":"","overlay-color":"","overlay-opacity":"","overlay-gradient":""},"mobile":{"background-color":"var(--ast-global-color-5)","background-image":"","background-repeat":"repeat","background-position":"center center","background-size":"auto","background-attachment":"scroll","background-type":"","background-media":"","overlay-type":"","overlay-color":"","overlay-opacity":"","overlay-gradient":""}}},"product_brand":[],"product_cat":[25],"product_tag":[],"class_list":{"0":"post-1879","1":"product","2":"type-product","3":"status-publish","4":"has-post-thumbnail","6":"product_cat-indexing-plunger","8":"first","9":"instock","10":"shipping-taxable","11":"product-type-simple"},"_links":{"self":[{"href":"https:\/\/www.sknfastener.com\/da\/wp-json\/wp\/v2\/product\/1879","targetHints":{"allow":["GET"]}}],"collection":[{"href":"https:\/\/www.sknfastener.com\/da\/wp-json\/wp\/v2\/product"}],"about":[{"href":"https:\/\/www.sknfastener.com\/da\/wp-json\/wp\/v2\/types\/product"}],"replies":[{"embeddable":true,"href":"https:\/\/www.sknfastener.com\/da\/wp-json\/wp\/v2\/comments?post=1879"}],"version-history":[{"count":1,"href":"https:\/\/www.sknfastener.com\/da\/wp-json\/wp\/v2\/product\/1879\/revisions"}],"predecessor-version":[{"id":1886,"href":"https:\/\/www.sknfastener.com\/da\/wp-json\/wp\/v2\/product\/1879\/revisions\/1886"}],"wp:featuredmedia":[{"embeddable":true,"href":"https:\/\/www.sknfastener.com\/da\/wp-json\/wp\/v2\/media\/1880"}],"wp:attachment":[{"href":"https:\/\/www.sknfastener.com\/da\/wp-json\/wp\/v2\/media?parent=1879"}],"wp:term":[{"taxonomy":"product_brand","embeddable":true,"href":"https:\/\/www.sknfastener.com\/da\/wp-json\/wp\/v2\/product_brand?post=1879"},{"taxonomy":"product_cat","embeddable":true,"href":"https:\/\/www.sknfastener.com\/da\/wp-json\/wp\/v2\/product_cat?post=1879"},{"taxonomy":"product_tag","embeddable":true,"href":"https:\/\/www.sknfastener.com\/da\/wp-json\/wp\/v2\/product_tag?post=1879"}],"curies":[{"name":"wp","href":"https:\/\/api.w.org\/{rel}","templated":true}]}}