{"id":1887,"date":"2025-05-20T22:02:17","date_gmt":"2025-05-20T14:02:17","guid":{"rendered":"https:\/\/www.sknfastener.com\/?post_type=product&#038;p=1887"},"modified":"2025-05-20T22:21:17","modified_gmt":"2025-05-20T14:21:17","slug":"plug-screw","status":"publish","type":"product","link":"https:\/\/www.sknfastener.com\/da\/vare\/plug-screw\/","title":{"rendered":"Stikskrue"},"content":{"rendered":"<h4 class=\"\" data-start=\"187\" data-end=\"215\"><strong data-start=\"192\" data-end=\"215\">Stikskrue Produktbeskrivelse<\/strong><\/h4>\n<p class=\"\" data-start=\"216\" data-end=\"600\">Denne stikskrue i rustfrit st\u00e5l er konstrueret til pr\u00e6cisionsjustering og sikker positionering i mekaniske samlinger. Fremstillet af h\u00f8jkvalitets <strong data-start=\"364\" data-end=\"391\">SUS 304 rustfrit st\u00e5l<\/strong>Den har en cylindrisk krop med en affaset spids og et indvendigt sekskantet hoved for nem montering og afmontering. Den del, der ikke har gevind, sikrer n\u00f8jagtig placering, mens den del, der har gevind, giver god fastg\u00f8relse.<\/p>\n<p class=\"\" data-start=\"602\" data-end=\"887\">Plug-skruen bruges ofte i jigs, fixturer, forme og pr\u00e6cisionsmaskiner og giver fremragende korrosionsbestandighed og langsigtet dimensionsstabilitet. Den f\u00e5s i et bredt udvalg af diametre og l\u00e6ngder med <strong data-start=\"821\" data-end=\"886\">Tilpassede st\u00f8rrelser og gevindspecifikationer f\u00e5s p\u00e5 foresp\u00f8rgsel<\/strong>.<\/p>\n<h4 class=\"\" data-start=\"889\" data-end=\"914\"><strong data-start=\"894\" data-end=\"914\">Produktfunktioner<\/strong><\/h4>\n<ul data-start=\"915\" data-end=\"1394\">\n<li class=\"\" data-start=\"915\" data-end=\"956\">\n<p class=\"\" data-start=\"917\" data-end=\"956\"><strong data-start=\"917\" data-end=\"929\">Materiale<\/strong>: SUS 304 rustfrit st\u00e5l<\/p>\n<\/li>\n<li class=\"\" data-start=\"957\" data-end=\"1010\">\n<p class=\"\" data-start=\"959\" data-end=\"1010\"><strong data-start=\"959\" data-end=\"974\">Tr\u00e5dtype<\/strong>: Metrisk eller UNC\/UNF (kan tilpasses)<\/p>\n<\/li>\n<li class=\"\" data-start=\"1011\" data-end=\"1061\">\n<p class=\"\" data-start=\"1013\" data-end=\"1061\"><strong data-start=\"1013\" data-end=\"1026\">Hovedtype<\/strong>: Sekskantet indf\u00f8ringshoved for adgang til v\u00e6rkt\u00f8j<\/p>\n<\/li>\n<li class=\"\" data-start=\"1062\" data-end=\"1123\">\n<p class=\"\" data-start=\"1064\" data-end=\"1123\"><strong data-start=\"1064\" data-end=\"1075\">Overflade<\/strong>: Glat bearbejdet krop med pr\u00e6cise tolerancer<\/p>\n<\/li>\n<li class=\"\" data-start=\"1124\" data-end=\"1200\">\n<p class=\"\" data-start=\"1126\" data-end=\"1200\"><strong data-start=\"1126\" data-end=\"1141\">Anvendelse<\/strong>: Pr\u00e6cisionspositionering, anti-rotation, justering af fikstur<\/p>\n<\/li>\n<li class=\"\" data-start=\"1201\" data-end=\"1279\">\n<p class=\"\" data-start=\"1203\" data-end=\"1279\"><strong data-start=\"1203\" data-end=\"1232\">Gevind + jordet sektion<\/strong>: Kombinerer holdestyrke med pr\u00e6cis pasform<\/p>\n<\/li>\n<li class=\"\" data-start=\"1280\" data-end=\"1394\">\n<p class=\"\" data-start=\"1282\" data-end=\"1394\"><strong data-start=\"1282\" data-end=\"1299\">Tilpasning<\/strong>: Gevindl\u00e6ngde, samlet l\u00e6ngde og kropsdiameter kan skr\u00e6ddersys til dine projektkrav<\/p>\n<\/li>\n<\/ul>\n<h4 class=\"\" data-start=\"1396\" data-end=\"1425\"><strong data-start=\"1401\" data-end=\"1425\">Typiske anvendelser<\/strong><\/h4>\n<ul data-start=\"1426\" data-end=\"1604\">\n<li class=\"\" data-start=\"1426\" data-end=\"1457\">\n<p class=\"\" data-start=\"1428\" data-end=\"1457\">Pr\u00e6cisionsfiksturer og jigs<\/p>\n<\/li>\n<li class=\"\" data-start=\"1458\" data-end=\"1494\">\n<p class=\"\" data-start=\"1460\" data-end=\"1494\">Justering af v\u00e6rkt\u00f8j til spr\u00f8jtest\u00f8bning<\/p>\n<\/li>\n<li class=\"\" data-start=\"1495\" data-end=\"1526\">\n<p class=\"\" data-start=\"1497\" data-end=\"1526\">Mekaniske stop og f\u00f8ringer<\/p>\n<\/li>\n<li class=\"\" data-start=\"1527\" data-end=\"1566\">\n<p class=\"\" data-start=\"1529\" data-end=\"1566\">Positionering i automatiseringsudstyr<\/p>\n<\/li>\n<li class=\"\" data-start=\"1567\" data-end=\"1604\">\n<p class=\"\" data-start=\"1569\" data-end=\"1604\">Fastg\u00f8relse med gentagelig pr\u00e6cision<\/p>\n<\/li>\n<\/ul>\n<h4 class=\"\" data-start=\"1606\" data-end=\"1649\"><strong data-start=\"1611\" data-end=\"1649\">Tekniske specifikationer (eksempel)<\/strong><\/h4>\n<div class=\"_tableContainer_16hzy_1\">\n<div class=\"_tableWrapper_16hzy_14 group flex w-fit flex-col-reverse\" tabindex=\"-1\">\n<table class=\"w-fit min-w-(--thread-content-width)\" data-start=\"1650\" data-end=\"1977\">\n<thead data-start=\"1650\" data-end=\"1728\">\n<tr data-start=\"1650\" data-end=\"1728\">\n<th data-start=\"1650\" data-end=\"1665\" data-col-size=\"sm\">Diameter (D)<\/th>\n<th data-start=\"1665\" data-end=\"1686\" data-col-size=\"sm\">Samlet l\u00e6ngde (L)<\/th>\n<th data-start=\"1686\" data-end=\"1702\" data-col-size=\"sm\">Gevindl\u00e6ngde<\/th>\n<th data-start=\"1702\" data-end=\"1716\" data-col-size=\"sm\">Gevindst\u00f8rrelse<\/th>\n<th data-start=\"1716\" data-end=\"1728\" data-col-size=\"sm\">Materiale<\/th>\n<\/tr>\n<\/thead>\n<tbody data-start=\"1812\" data-end=\"1977\">\n<tr data-start=\"1812\" data-end=\"1894\">\n<td data-start=\"1812\" data-end=\"1827\" data-col-size=\"sm\">6 mm<\/td>\n<td data-col-size=\"sm\" data-start=\"1827\" data-end=\"1849\">40 mm<\/td>\n<td data-col-size=\"sm\" data-start=\"1849\" data-end=\"1866\">10 mm<\/td>\n<td data-col-size=\"sm\" data-start=\"1866\" data-end=\"1882\">M6 x 1,0<\/td>\n<td data-col-size=\"sm\" data-start=\"1882\" data-end=\"1894\">SUS 304<\/td>\n<\/tr>\n<tr data-start=\"1895\" data-end=\"1977\">\n<td data-start=\"1895\" data-end=\"1910\" data-col-size=\"sm\">8 mm<\/td>\n<td data-col-size=\"sm\" data-start=\"1910\" data-end=\"1932\">50 mm<\/td>\n<td data-col-size=\"sm\" data-start=\"1932\" data-end=\"1949\">12 mm<\/td>\n<td data-col-size=\"sm\" data-start=\"1949\" data-end=\"1965\">M8 x 1,25<\/td>\n<td data-col-size=\"sm\" data-start=\"1965\" data-end=\"1977\">SUS 304<\/td>\n<\/tr>\n<\/tbody>\n<\/table>\n<div class=\"sticky end-(--thread-content-margin) h-0 self-end select-none\">\n<div class=\"absolute end-0 flex items-end\"><\/div>\n<\/div>\n<\/div>\n<\/div>\n<blockquote data-start=\"1978\" data-end=\"2035\">\n<p class=\"\" data-start=\"1980\" data-end=\"2035\"><em data-start=\"1980\" data-end=\"2035\">Tilpassede dimensioner og gevind f\u00e5s p\u00e5 foresp\u00f8rgsel.<\/em><\/p>\n<\/blockquote>","protected":false},"excerpt":{"rendered":"<p>Stikskrue i rustfrit st\u00e5l til pr\u00e6cis positionering i industrielt inventar og v\u00e6rkt\u00f8j. Fremstillet af SUS 304. St\u00f8rrelser og gevindtyper kan tilpasses.<\/p>","protected":false},"featured_media":1888,"comment_status":"open","ping_status":"closed","template":"","meta":{"site-sidebar-layout":"default","site-content-layout":"","ast-site-content-layout":"default","site-content-style":"default","site-sidebar-style":"default","ast-global-header-display":"","ast-banner-title-visibility":"","ast-main-header-display":"","ast-hfb-above-header-display":"","ast-hfb-below-header-display":"","ast-hfb-mobile-header-display":"","site-post-title":"","ast-breadcrumbs-content":"","ast-featured-img":"","footer-sml-layout":"","ast-disable-related-posts":"","theme-transparent-header-meta":"default","adv-header-id-meta":"","stick-header-meta":"","header-above-stick-meta":"","header-main-stick-meta":"","header-below-stick-meta":"","astra-migrate-meta-layouts":"set","ast-page-background-enabled":"default","ast-page-background-meta":{"desktop":{"background-color":"var(--ast-global-color-4)","background-image":"","background-repeat":"repeat","background-position":"center center","background-size":"auto","background-attachment":"scroll","background-type":"","background-media":"","overlay-type":"","overlay-color":"","overlay-opacity":"","overlay-gradient":""},"tablet":{"background-color":"","background-image":"","background-repeat":"repeat","background-position":"center center","background-size":"auto","background-attachment":"scroll","background-type":"","background-media":"","overlay-type":"","overlay-color":"","overlay-opacity":"","overlay-gradient":""},"mobile":{"background-color":"","background-image":"","background-repeat":"repeat","background-position":"center center","background-size":"auto","background-attachment":"scroll","background-type":"","background-media":"","overlay-type":"","overlay-color":"","overlay-opacity":"","overlay-gradient":""}},"ast-content-background-meta":{"desktop":{"background-color":"var(--ast-global-color-5)","background-image":"","background-repeat":"repeat","background-position":"center center","background-size":"auto","background-attachment":"scroll","background-type":"","background-media":"","overlay-type":"","overlay-color":"","overlay-opacity":"","overlay-gradient":""},"tablet":{"background-color":"var(--ast-global-color-5)","background-image":"","background-repeat":"repeat","background-position":"center center","background-size":"auto","background-attachment":"scroll","background-type":"","background-media":"","overlay-type":"","overlay-color":"","overlay-opacity":"","overlay-gradient":""},"mobile":{"background-color":"var(--ast-global-color-5)","background-image":"","background-repeat":"repeat","background-position":"center center","background-size":"auto","background-attachment":"scroll","background-type":"","background-media":"","overlay-type":"","overlay-color":"","overlay-opacity":"","overlay-gradient":""}}},"product_brand":[],"product_cat":[25],"product_tag":[],"class_list":{"0":"post-1887","1":"product","2":"type-product","3":"status-publish","4":"has-post-thumbnail","6":"product_cat-indexing-plunger","8":"first","9":"instock","10":"shipping-taxable","11":"product-type-simple"},"_links":{"self":[{"href":"https:\/\/www.sknfastener.com\/da\/wp-json\/wp\/v2\/product\/1887","targetHints":{"allow":["GET"]}}],"collection":[{"href":"https:\/\/www.sknfastener.com\/da\/wp-json\/wp\/v2\/product"}],"about":[{"href":"https:\/\/www.sknfastener.com\/da\/wp-json\/wp\/v2\/types\/product"}],"replies":[{"embeddable":true,"href":"https:\/\/www.sknfastener.com\/da\/wp-json\/wp\/v2\/comments?post=1887"}],"version-history":[{"count":1,"href":"https:\/\/www.sknfastener.com\/da\/wp-json\/wp\/v2\/product\/1887\/revisions"}],"predecessor-version":[{"id":1894,"href":"https:\/\/www.sknfastener.com\/da\/wp-json\/wp\/v2\/product\/1887\/revisions\/1894"}],"wp:featuredmedia":[{"embeddable":true,"href":"https:\/\/www.sknfastener.com\/da\/wp-json\/wp\/v2\/media\/1888"}],"wp:attachment":[{"href":"https:\/\/www.sknfastener.com\/da\/wp-json\/wp\/v2\/media?parent=1887"}],"wp:term":[{"taxonomy":"product_brand","embeddable":true,"href":"https:\/\/www.sknfastener.com\/da\/wp-json\/wp\/v2\/product_brand?post=1887"},{"taxonomy":"product_cat","embeddable":true,"href":"https:\/\/www.sknfastener.com\/da\/wp-json\/wp\/v2\/product_cat?post=1887"},{"taxonomy":"product_tag","embeddable":true,"href":"https:\/\/www.sknfastener.com\/da\/wp-json\/wp\/v2\/product_tag?post=1887"}],"curies":[{"name":"wp","href":"https:\/\/api.w.org\/{rel}","templated":true}]}}