{"id":1896,"date":"2025-05-20T22:26:58","date_gmt":"2025-05-20T14:26:58","guid":{"rendered":"https:\/\/www.sknfastener.com\/?post_type=product&#038;p=1896"},"modified":"2025-05-20T22:26:58","modified_gmt":"2025-05-20T14:26:58","slug":"heavy-duty-index-plunger","status":"publish","type":"product","link":"https:\/\/www.sknfastener.com\/da\/vare\/heavy-duty-index-plunger\/","title":{"rendered":"Kraftigt indeksstempel"},"content":{"rendered":"<h4 class=\"\" data-start=\"162\" data-end=\"190\"><strong data-start=\"167\" data-end=\"190\">Kraftigt indeksstempel Produktbeskrivelse<\/strong><\/h4>\n<p class=\"\" data-start=\"191\" data-end=\"564\">Dette kraftige indeksstempel er designet til pr\u00e6cis positionering og l\u00e5sning i kr\u00e6vende mekaniske opstillinger. Kroppen i kulstofst\u00e5l giver fremragende styrke og holdbarhed i milj\u00f8er med h\u00f8j belastning. Det har en base med gevind og en tilbagetr\u00e6kkelig stift, der aktiveres af en sidemonteret <strong data-start=\"471\" data-end=\"483\">L-h\u00e5ndtag<\/strong>hvilket giver mulighed for hurtig tilbagetr\u00e6kning og omplacering uden brug af v\u00e6rkt\u00f8j.<\/p>\n<p class=\"\" data-start=\"566\" data-end=\"856\">Denne komponent bruges ofte i v\u00e6rkt\u00f8jsmaskiner, svejsefiksturer, monteringsjigs og modul\u00e6re v\u00e6rkt\u00f8jssystemer, hvor gentagne justeringer eller sikker indeksering er p\u00e5kr\u00e6vet. Den solide konstruktion sikrer en lang levetid, selv i industrielle milj\u00f8er med vibrationer og hyppige bev\u00e6gelser.<\/p>\n<h4 class=\"\" data-start=\"858\" data-end=\"879\"><strong data-start=\"863\" data-end=\"879\">Vigtige funktioner<\/strong><\/h4>\n<ul data-start=\"880\" data-end=\"1330\">\n<li class=\"\" data-start=\"880\" data-end=\"939\">\n<p class=\"\" data-start=\"882\" data-end=\"939\"><strong data-start=\"882\" data-end=\"894\">Materiale<\/strong>: Krop - kulstofst\u00e5l; stift - h\u00e6rdet st\u00e5l<\/p>\n<\/li>\n<li class=\"\" data-start=\"940\" data-end=\"996\">\n<p class=\"\" data-start=\"942\" data-end=\"996\"><strong data-start=\"942\" data-end=\"955\">Aktivering<\/strong>: Manuelt L-h\u00e5ndtag til hurtigt tr\u00e6k og l\u00e5s<\/p>\n<\/li>\n<li class=\"\" data-start=\"997\" data-end=\"1050\">\n<p class=\"\" data-start=\"999\" data-end=\"1050\"><strong data-start=\"999\" data-end=\"1015\">Installation<\/strong>: Sidemontering med dobbelte bolthuller<\/p>\n<\/li>\n<li class=\"\" data-start=\"1051\" data-end=\"1137\">\n<p class=\"\" data-start=\"1053\" data-end=\"1137\"><strong data-start=\"1053\" data-end=\"1070\">L\u00e5sestil<\/strong>: Ikke-l\u00e5sende (fjederbelastet retur) eller l\u00e5sende version (valgfrit)<\/p>\n<\/li>\n<li class=\"\" data-start=\"1138\" data-end=\"1196\">\n<p class=\"\" data-start=\"1140\" data-end=\"1196\"><strong data-start=\"1140\" data-end=\"1152\">Montering<\/strong>: Kompatibel med gennemg\u00e5ende hul eller overflademontering<\/p>\n<\/li>\n<li class=\"\" data-start=\"1197\" data-end=\"1236\">\n<p class=\"\" data-start=\"1199\" data-end=\"1236\"><strong data-start=\"1199\" data-end=\"1209\">F\u00e6rdigg\u00f8r<\/strong>: (Ikke p\u00e5kr\u00e6vet for tekst)<\/p>\n<\/li>\n<li class=\"\" data-start=\"1237\" data-end=\"1330\">\n<p class=\"\" data-start=\"1239\" data-end=\"1330\"><strong data-start=\"1239\" data-end=\"1257\">Tilpassede indstillinger<\/strong>: Gevindsektion, stiftdiameter og stiftl\u00e6ngde kan tilpasses efter anmodning<\/p>\n<\/li>\n<\/ul>\n<h4 class=\"\" data-start=\"1332\" data-end=\"1360\"><strong data-start=\"1337\" data-end=\"1360\">Almindelige anvendelser<\/strong><\/h4>\n<ul data-start=\"1361\" data-end=\"1550\">\n<li class=\"\" data-start=\"1361\" data-end=\"1398\">\n<p class=\"\" data-start=\"1363\" data-end=\"1398\">Industrielle positioneringsmekanismer<\/p>\n<\/li>\n<li class=\"\" data-start=\"1399\" data-end=\"1437\">\n<p class=\"\" data-start=\"1401\" data-end=\"1437\">Systemer til h\u00f8jde- eller vinkeljustering<\/p>\n<\/li>\n<li class=\"\" data-start=\"1438\" data-end=\"1470\">\n<p class=\"\" data-start=\"1440\" data-end=\"1470\">Svejse- eller fastsp\u00e6ndingsudstyr<\/p>\n<\/li>\n<li class=\"\" data-start=\"1471\" data-end=\"1503\">\n<p class=\"\" data-start=\"1473\" data-end=\"1503\">Modul\u00e6rt automatiseringsudstyr<\/p>\n<\/li>\n<li class=\"\" data-start=\"1504\" data-end=\"1550\">\n<p class=\"\" data-start=\"1506\" data-end=\"1550\">Pr\u00e6cisionsindeksl\u00e5sning i montagestationer<\/p>\n<\/li>\n<\/ul>\n<h4 class=\"\" data-start=\"1552\" data-end=\"1579\"><strong data-start=\"1557\" data-end=\"1579\">Teknisk oversigt<\/strong><\/h4>\n<div class=\"_tableContainer_16hzy_1\">\n<div class=\"_tableWrapper_16hzy_14 group flex w-fit flex-col-reverse\" tabindex=\"-1\">\n<table class=\"w-fit min-w-(--thread-content-width)\" data-start=\"1580\" data-end=\"1934\">\n<thead data-start=\"1580\" data-end=\"1627\">\n<tr data-start=\"1580\" data-end=\"1627\">\n<th data-start=\"1580\" data-end=\"1598\" data-col-size=\"sm\">Parameter<\/th>\n<th data-start=\"1598\" data-end=\"1627\" data-col-size=\"sm\">V\u00e6rdi<\/th>\n<\/tr>\n<\/thead>\n<tbody data-start=\"1676\" data-end=\"1934\">\n<tr data-start=\"1676\" data-end=\"1730\">\n<td data-start=\"1676\" data-end=\"1694\" data-col-size=\"sm\">Pindens diameter<\/td>\n<td data-start=\"1694\" data-end=\"1730\" data-col-size=\"sm\">6 mm, 8 mm, 10 mm (kan tilpasses)<\/td>\n<\/tr>\n<tr data-start=\"1731\" data-end=\"1778\">\n<td data-start=\"1731\" data-end=\"1749\" data-col-size=\"sm\">H\u00e5ndtagets stil<\/td>\n<td data-col-size=\"sm\" data-start=\"1749\" data-end=\"1778\">L-h\u00e5ndtag, fjederbelastet<\/td>\n<\/tr>\n<tr data-start=\"1779\" data-end=\"1826\">\n<td data-start=\"1779\" data-end=\"1797\" data-col-size=\"sm\">Kropstr\u00e5d<\/td>\n<td data-col-size=\"sm\" data-start=\"1797\" data-end=\"1826\">M12 x 1,5 eller efter \u00f8nske<\/td>\n<\/tr>\n<tr data-start=\"1827\" data-end=\"1874\">\n<td data-start=\"1827\" data-end=\"1845\" data-col-size=\"sm\">Monteringshuller<\/td>\n<td data-col-size=\"sm\" data-start=\"1845\" data-end=\"1874\">2 \u00d7 gevind M6 eller M8<\/td>\n<\/tr>\n<tr data-start=\"1875\" data-end=\"1934\">\n<td data-start=\"1875\" data-end=\"1893\" data-col-size=\"sm\">Materiale<\/td>\n<td data-col-size=\"sm\" data-start=\"1893\" data-end=\"1934\">Kulstofst\u00e5l \/ varmebehandlet st\u00e5lstift<\/td>\n<\/tr>\n<\/tbody>\n<\/table>\n<div class=\"sticky end-(--thread-content-margin) h-0 self-end select-none\">\n<div class=\"absolute end-0 flex items-end\"><\/div>\n<\/div>\n<\/div>\n<\/div>\n<blockquote data-start=\"1935\" data-end=\"2023\">\n<p class=\"\" data-start=\"1937\" data-end=\"2023\"><em data-start=\"1937\" data-end=\"2023\">Bem\u00e6rk: Andre dimensioner, materialer og monteringskonfigurationer f\u00e5s p\u00e5 foresp\u00f8rgsel.<\/em><\/p>\n<\/blockquote>","protected":false},"excerpt":{"rendered":"<p>Kraftigt indekseringsstempel med L-h\u00e5ndtag, fremstillet af kulstofst\u00e5l. Ideel til sikker positionering i jigs og maskiner. Materiale og st\u00f8rrelse kan tilpasses.<\/p>","protected":false},"featured_media":1898,"comment_status":"open","ping_status":"closed","template":"","meta":{"site-sidebar-layout":"default","site-content-layout":"","ast-site-content-layout":"default","site-content-style":"default","site-sidebar-style":"default","ast-global-header-display":"","ast-banner-title-visibility":"","ast-main-header-display":"","ast-hfb-above-header-display":"","ast-hfb-below-header-display":"","ast-hfb-mobile-header-display":"","site-post-title":"","ast-breadcrumbs-content":"","ast-featured-img":"","footer-sml-layout":"","ast-disable-related-posts":"","theme-transparent-header-meta":"default","adv-header-id-meta":"","stick-header-meta":"","header-above-stick-meta":"","header-main-stick-meta":"","header-below-stick-meta":"","astra-migrate-meta-layouts":"set","ast-page-background-enabled":"default","ast-page-background-meta":{"desktop":{"background-color":"var(--ast-global-color-4)","background-image":"","background-repeat":"repeat","background-position":"center center","background-size":"auto","background-attachment":"scroll","background-type":"","background-media":"","overlay-type":"","overlay-color":"","overlay-opacity":"","overlay-gradient":""},"tablet":{"background-color":"","background-image":"","background-repeat":"repeat","background-position":"center center","background-size":"auto","background-attachment":"scroll","background-type":"","background-media":"","overlay-type":"","overlay-color":"","overlay-opacity":"","overlay-gradient":""},"mobile":{"background-color":"","background-image":"","background-repeat":"repeat","background-position":"center center","background-size":"auto","background-attachment":"scroll","background-type":"","background-media":"","overlay-type":"","overlay-color":"","overlay-opacity":"","overlay-gradient":""}},"ast-content-background-meta":{"desktop":{"background-color":"var(--ast-global-color-5)","background-image":"","background-repeat":"repeat","background-position":"center center","background-size":"auto","background-attachment":"scroll","background-type":"","background-media":"","overlay-type":"","overlay-color":"","overlay-opacity":"","overlay-gradient":""},"tablet":{"background-color":"var(--ast-global-color-5)","background-image":"","background-repeat":"repeat","background-position":"center center","background-size":"auto","background-attachment":"scroll","background-type":"","background-media":"","overlay-type":"","overlay-color":"","overlay-opacity":"","overlay-gradient":""},"mobile":{"background-color":"var(--ast-global-color-5)","background-image":"","background-repeat":"repeat","background-position":"center center","background-size":"auto","background-attachment":"scroll","background-type":"","background-media":"","overlay-type":"","overlay-color":"","overlay-opacity":"","overlay-gradient":""}}},"product_brand":[],"product_cat":[25],"product_tag":[],"class_list":{"0":"post-1896","1":"product","2":"type-product","3":"status-publish","4":"has-post-thumbnail","6":"product_cat-indexing-plunger","8":"first","9":"instock","10":"shipping-taxable","11":"product-type-simple"},"_links":{"self":[{"href":"https:\/\/www.sknfastener.com\/da\/wp-json\/wp\/v2\/product\/1896","targetHints":{"allow":["GET"]}}],"collection":[{"href":"https:\/\/www.sknfastener.com\/da\/wp-json\/wp\/v2\/product"}],"about":[{"href":"https:\/\/www.sknfastener.com\/da\/wp-json\/wp\/v2\/types\/product"}],"replies":[{"embeddable":true,"href":"https:\/\/www.sknfastener.com\/da\/wp-json\/wp\/v2\/comments?post=1896"}],"version-history":[{"count":1,"href":"https:\/\/www.sknfastener.com\/da\/wp-json\/wp\/v2\/product\/1896\/revisions"}],"predecessor-version":[{"id":1901,"href":"https:\/\/www.sknfastener.com\/da\/wp-json\/wp\/v2\/product\/1896\/revisions\/1901"}],"wp:featuredmedia":[{"embeddable":true,"href":"https:\/\/www.sknfastener.com\/da\/wp-json\/wp\/v2\/media\/1898"}],"wp:attachment":[{"href":"https:\/\/www.sknfastener.com\/da\/wp-json\/wp\/v2\/media?parent=1896"}],"wp:term":[{"taxonomy":"product_brand","embeddable":true,"href":"https:\/\/www.sknfastener.com\/da\/wp-json\/wp\/v2\/product_brand?post=1896"},{"taxonomy":"product_cat","embeddable":true,"href":"https:\/\/www.sknfastener.com\/da\/wp-json\/wp\/v2\/product_cat?post=1896"},{"taxonomy":"product_tag","embeddable":true,"href":"https:\/\/www.sknfastener.com\/da\/wp-json\/wp\/v2\/product_tag?post=1896"}],"curies":[{"name":"wp","href":"https:\/\/api.w.org\/{rel}","templated":true}]}}