{"id":1879,"date":"2025-05-20T21:55:15","date_gmt":"2025-05-20T13:55:15","guid":{"rendered":"https:\/\/www.sknfastener.com\/?post_type=product&#038;p=1879"},"modified":"2025-05-20T21:55:15","modified_gmt":"2025-05-20T13:55:15","slug":"threaded-index-plunger","status":"publish","type":"product","link":"https:\/\/www.sknfastener.com\/el\/product\/threaded-index-plunger\/","title":{"rendered":"\u0388\u03bc\u03b2\u03bf\u03bb\u03bf \u03b4\u03b5\u03af\u03ba\u03c4\u03b7 \u03bc\u03b5 \u03c3\u03c0\u03b5\u03af\u03c1\u03c9\u03bc\u03b1 \u03bc\u03b5 \u03ba\u03bf\u03c5\u03bc\u03c0\u03af \u03ad\u03bb\u03be\u03b7\u03c2 | \u0391\u03ba\u03af\u03b4\u03b1 \u03b1\u03c0\u03cc \u03b1\u03bd\u03bf\u03be\u03b5\u03af\u03b4\u03c9\u03c4\u03bf \u03c7\u03ac\u03bb\u03c5\u03b2\u03b1 | \u0394\u03b9\u03b1\u03b8\u03ad\u03c3\u03b9\u03bc\u03b1 \u03c0\u03c1\u03bf\u03c3\u03b1\u03c1\u03bc\u03bf\u03c3\u03bc\u03ad\u03bd\u03b1 \u03bc\u03b5\u03b3\u03ad\u03b8\u03b7"},"content":{"rendered":"<h2 class=\"\" data-start=\"461\" data-end=\"487\">\u03a0\u03b5\u03c1\u03b9\u03b3\u03c1\u03b1\u03c6\u03ae \u03c0\u03c1\u03bf\u03ca\u03cc\u03bd\u03c4\u03bf\u03c2<\/h2>\n<p class=\"\" data-start=\"489\" data-end=\"881\">\u0391\u03c5\u03c4\u03cc \u03c4\u03bf <strong data-start=\"494\" data-end=\"520\">\u03ad\u03bc\u03b2\u03bf\u03bb\u03bf \u03b4\u03b5\u03af\u03ba\u03c4\u03b7 \u03bc\u03b5 \u03c3\u03c0\u03b5\u03af\u03c1\u03c9\u03bc\u03b1<\/strong> \u03ad\u03c7\u03b5\u03b9 \u03c3\u03c7\u03b5\u03b4\u03b9\u03b1\u03c3\u03c4\u03b5\u03af \u03b3\u03b9\u03b1 \u03b1\u03ba\u03c1\u03b9\u03b2\u03ae \u03c4\u03bf\u03c0\u03bf\u03b8\u03ad\u03c4\u03b7\u03c3\u03b7 \u03ba\u03b1\u03b9 \u03b1\u03be\u03b9\u03cc\u03c0\u03b9\u03c3\u03c4\u03b7 \u03c3\u03c5\u03b3\u03ba\u03c1\u03ac\u03c4\u03b7\u03c3\u03b7 \u03c3\u03b5 \u03bc\u03b7\u03c7\u03b1\u03bd\u03b9\u03ba\u03ad\u03c2 \u03c3\u03c5\u03bd\u03b1\u03c1\u03bc\u03bf\u03bb\u03bf\u03b3\u03ae\u03c3\u03b5\u03b9\u03c2. \u03a4\u03bf \u03ad\u03bc\u03b2\u03bf\u03bb\u03bf \u03b4\u03b9\u03b1\u03b8\u03ad\u03c4\u03b5\u03b9 <strong data-start=\"628\" data-end=\"660\">\u03ba\u03b1\u03c1\u03c6\u03af\u03c4\u03c3\u03b1 \u03b1\u03c0\u03cc \u03c3\u03ba\u03bb\u03b7\u03c1\u03c5\u03bc\u03ad\u03bd\u03bf \u03b1\u03bd\u03bf\u03be\u03b5\u03af\u03b4\u03c9\u03c4\u03bf \u03c7\u03ac\u03bb\u03c5\u03b2\u03b1<\/strong> \u03c3\u03c4\u03b5\u03b3\u03ac\u03b6\u03b5\u03c4\u03b1\u03b9 \u03c3\u03b5 \u03ad\u03bd\u03b1 \u03b1\u03bd\u03b8\u03b5\u03ba\u03c4\u03b9\u03ba\u03cc \u03c3\u03ce\u03bc\u03b1 \u03bc\u03b5 \u03b5\u03be\u03c9\u03c4\u03b5\u03c1\u03b9\u03ba\u03cc \u03c3\u03c0\u03b5\u03af\u03c1\u03c9\u03bc\u03b1 \u03b3\u03b9\u03b1 \u03c4\u03bf\u03c0\u03bf\u03b8\u03ad\u03c4\u03b7\u03c3\u03b7 \u03c3\u03b5 \u03c0\u03af\u03bd\u03b1\u03ba\u03b1 \u03ae \u03c6\u03c9\u03c4\u03b9\u03c3\u03c4\u03b9\u03ba\u03cc. \u03a4\u03bf <strong data-start=\"745\" data-end=\"766\">\u03ba\u03b5\u03c6\u03b1\u03bb\u03ae \u03ba\u03bf\u03c5\u03bc\u03c0\u03b9\u03bf\u03cd \u03bc\u03b5 \u03c0\u03c4\u03b5\u03c1\u03cd\u03b3\u03b9\u03b1<\/strong> \u03b5\u03c0\u03b9\u03c4\u03c1\u03ad\u03c0\u03b5\u03b9 \u03c4\u03b7 \u03b3\u03c1\u03ae\u03b3\u03bf\u03c1\u03b7 \u03c7\u03b5\u03b9\u03c1\u03bf\u03ba\u03af\u03bd\u03b7\u03c4\u03b7 \u03b1\u03bd\u03ac\u03c3\u03c5\u03c1\u03c3\u03b7 \u03ba\u03b1\u03b9 \u03b5\u03c0\u03b1\u03bd\u03b1\u03c4\u03bf\u03c0\u03bf\u03b8\u03ad\u03c4\u03b7\u03c3\u03b7 \u03c4\u03bf\u03c5 \u03c0\u03b5\u03af\u03c1\u03bf\u03c5, \u03c0\u03b1\u03c1\u03ad\u03c7\u03bf\u03bd\u03c4\u03b1\u03c2 \u03bc\u03b9\u03b1 \u03b1\u03c3\u03c6\u03b1\u03bb\u03ae \u03ba\u03b1\u03b9 \u03b5\u03c0\u03b1\u03bd\u03b1\u03bb\u03b1\u03bc\u03b2\u03b1\u03bd\u03cc\u03bc\u03b5\u03bd\u03b7 \u03b4\u03c1\u03ac\u03c3\u03b7 \u03b1\u03c3\u03c6\u03ac\u03bb\u03b9\u03c3\u03b7\u03c2.<\/p>\n<p class=\"\" data-start=\"883\" data-end=\"1058\">\u03a4\u03bf \u03ad\u03bc\u03b2\u03bf\u03bb\u03bf \u03c7\u03c1\u03b7\u03c3\u03b9\u03bc\u03bf\u03c0\u03bf\u03b9\u03b5\u03af\u03c4\u03b1\u03b9 \u03c3\u03c5\u03bd\u03ae\u03b8\u03c9\u03c2 \u03c3\u03b5 \u03b5\u03be\u03b1\u03c1\u03c4\u03ae\u03bc\u03b1\u03c4\u03b1, \u03b4\u03b9\u03b1\u03c4\u03ac\u03be\u03b5\u03b9\u03c2, \u03c0\u03bb\u03ac\u03ba\u03b5\u03c2 \u03b5\u03c1\u03b3\u03b1\u03bb\u03b5\u03af\u03c9\u03bd, \u03c1\u03c5\u03b8\u03bc\u03b9\u03b6\u03cc\u03bc\u03b5\u03bd\u03bf\u03c5\u03c2 \u03b2\u03c1\u03b1\u03c7\u03af\u03bf\u03bd\u03b5\u03c2, \u03bf\u03b4\u03b7\u03b3\u03bf\u03cd\u03c2 \u03cd\u03c8\u03bf\u03c5\u03c2 \u03ba\u03b1\u03b9 \u03b2\u03b9\u03bf\u03bc\u03b7\u03c7\u03b1\u03bd\u03b9\u03ba\u03ac \u03bc\u03b7\u03c7\u03b1\u03bd\u03ae\u03bc\u03b1\u03c4\u03b1, \u03cc\u03c0\u03bf\u03c5 \u03b1\u03c0\u03b1\u03b9\u03c4\u03b5\u03af\u03c4\u03b1\u03b9 \u03c3\u03c5\u03c7\u03bd\u03ae \u03b5\u03c0\u03b1\u03bd\u03b1\u03c4\u03bf\u03c0\u03bf\u03b8\u03ad\u03c4\u03b7\u03c3\u03b7 \u03ae \u03b1\u03bd\u03b1\u03c0\u03c1\u03bf\u03c3\u03b1\u03c1\u03bc\u03bf\u03b3\u03ae.<\/p>\n<p class=\"\" data-start=\"1060\" data-end=\"1243\">\u03a4\u03bf \u03c3\u03ce\u03bc\u03b1 \u03bc\u03b5 \u03c3\u03c0\u03b5\u03af\u03c1\u03c9\u03bc\u03b1 \u03b5\u03af\u03bd\u03b1\u03b9 \u03c3\u03c5\u03bc\u03b2\u03b1\u03c4\u03cc \u03bc\u03b5 \u03b4\u03b9\u03ac\u03c6\u03bf\u03c1\u03b5\u03c2 \u03b5\u03c0\u03b9\u03c6\u03ac\u03bd\u03b5\u03b9\u03b5\u03c2 \u03b5\u03b3\u03ba\u03b1\u03c4\u03ac\u03c3\u03c4\u03b1\u03c3\u03b7\u03c2 \u03ba\u03b1\u03b9 \u03c0\u03b1\u03c1\u03ad\u03c7\u03b5\u03b9 \u03c3\u03c4\u03b1\u03b8\u03b5\u03c1\u03ae \u03b1\u03b3\u03ba\u03cd\u03c1\u03c9\u03c3\u03b7 \u03ba\u03b1\u03c4\u03ac \u03c4\u03b7\u03bd \u03b5\u03c0\u03b1\u03bd\u03b1\u03bb\u03b1\u03bc\u03b2\u03b1\u03bd\u03cc\u03bc\u03b5\u03bd\u03b7 \u03c7\u03c1\u03ae\u03c3\u03b7. \u0394\u03b9\u03b1\u03c4\u03af\u03b8\u03b5\u03bd\u03c4\u03b1\u03b9 \u03b4\u03b9\u03b1\u03c6\u03bf\u03c1\u03b5\u03c4\u03b9\u03ba\u03bf\u03af \u03c4\u03cd\u03c0\u03bf\u03b9 \u03c3\u03c0\u03b5\u03b9\u03c1\u03c9\u03bc\u03ac\u03c4\u03c9\u03bd, \u03bc\u03ae\u03ba\u03b7 \u03c0\u03b5\u03af\u03c1\u03c9\u03bd \u03ba\u03b1\u03b9 \u03bc\u03bf\u03c1\u03c6\u03ad\u03c2 \u03ba\u03bf\u03c5\u03bc\u03c0\u03b9\u03ce\u03bd.<\/p>\n<hr class=\"\" data-start=\"1245\" data-end=\"1248\" \/>\n<h2 class=\"\" data-start=\"1250\" data-end=\"1269\">\u2705 \u0395\u03c6\u03b1\u03c1\u03bc\u03bf\u03b3\u03ad\u03c2<\/h2>\n<ul data-start=\"1271\" data-end=\"1512\">\n<li class=\"\" data-start=\"1271\" data-end=\"1310\">\n<p class=\"\" data-start=\"1273\" data-end=\"1310\">\u039c\u03b7\u03c7\u03b1\u03bd\u03b9\u03c3\u03bc\u03bf\u03af \u03c4\u03bf\u03c0\u03bf\u03b8\u03ad\u03c4\u03b7\u03c3\u03b7\u03c2 \u03ba\u03b1\u03b9 \u03b5\u03c5\u03c1\u03b5\u03c4\u03b7\u03c1\u03af\u03b1\u03c3\u03b7\u03c2<\/p>\n<\/li>\n<li class=\"\" data-start=\"1311\" data-end=\"1353\">\n<p class=\"\" data-start=\"1313\" data-end=\"1353\">\u03a1\u03c5\u03b8\u03bc\u03b9\u03b6\u03cc\u03bc\u03b5\u03bd\u03b5\u03c2 \u03c3\u03c4\u03ac\u03c3\u03b5\u03b9\u03c2 \u03c3\u03b5 \u03c3\u03c5\u03c3\u03c4\u03ae\u03bc\u03b1\u03c4\u03b1 \u03b1\u03c5\u03c4\u03bf\u03bc\u03b1\u03c4\u03b9\u03c3\u03bc\u03bf\u03cd<\/p>\n<\/li>\n<li class=\"\" data-start=\"1354\" data-end=\"1394\">\n<p class=\"\" data-start=\"1356\" data-end=\"1394\">\u039a\u03bb\u03b5\u03af\u03b4\u03c9\u03bc\u03b1 \u03b3\u03b9\u03b1 \u03b1\u03bd\u03b1\u03b4\u03b9\u03c0\u03bb\u03bf\u03cd\u03bc\u03b5\u03bd\u03bf\u03c5\u03c2 \u03ae \u03c0\u03b5\u03c1\u03b9\u03c3\u03c4\u03c1\u03b5\u03c6\u03cc\u03bc\u03b5\u03bd\u03bf\u03c5\u03c2 \u03b2\u03c1\u03b1\u03c7\u03af\u03bf\u03bd\u03b5\u03c2<\/p>\n<\/li>\n<li class=\"\" data-start=\"1395\" data-end=\"1441\">\n<p class=\"\" data-start=\"1397\" data-end=\"1441\">\u0391\u03bb\u03bb\u03b1\u03b3\u03ae \u03b5\u03c1\u03b3\u03b1\u03bb\u03b5\u03af\u03c9\u03bd \u03ba\u03b1\u03b9 \u03c1\u03c5\u03b8\u03bc\u03af\u03c3\u03b5\u03b9\u03c2 \u03bc\u03b7\u03c7\u03b1\u03bd\u03b9\u03ba\u03ae\u03c2 \u03c3\u03c5\u03bd\u03b1\u03c1\u03bc\u03bf\u03bb\u03cc\u03b3\u03b7\u03c3\u03b7\u03c2<\/p>\n<\/li>\n<li class=\"\" data-start=\"1442\" data-end=\"1474\">\n<p class=\"\" data-start=\"1444\" data-end=\"1474\">\u03a3\u03c5\u03c3\u03ba\u03b5\u03c5\u03ad\u03c2 \u03c3\u03cd\u03c3\u03c6\u03b9\u03be\u03b7\u03c2 \u03ba\u03b1\u03b9 \u03c3\u03c4\u03b5\u03c1\u03ad\u03c9\u03c3\u03b7\u03c2<\/p>\n<\/li>\n<li class=\"\" data-start=\"1475\" data-end=\"1512\">\n<p class=\"\" data-start=\"1477\" data-end=\"1512\">\u039c\u03b7\u03c7\u03b1\u03bd\u03ae\u03bc\u03b1\u03c4\u03b1 \u03ba\u03b1\u03b9 \u03b5\u03be\u03bf\u03c0\u03bb\u03b9\u03c3\u03bc\u03cc\u03c2 \u03ba\u03b1\u03c4\u03b1\u03c3\u03ba\u03b5\u03c5\u03ae\u03c2<\/p>\n<\/li>\n<\/ul>\n<hr class=\"\" data-start=\"1514\" data-end=\"1517\" \/>\n<h2 class=\"\" data-start=\"1519\" data-end=\"1550\">\u2705 \u03a4\u03b5\u03c7\u03bd\u03b9\u03ba\u03ad\u03c2 \u03c0\u03c1\u03bf\u03b4\u03b9\u03b1\u03b3\u03c1\u03b1\u03c6\u03ad\u03c2<\/h2>\n<div class=\"_tableContainer_16hzy_1\">\n<div class=\"_tableWrapper_16hzy_14 group flex w-fit flex-col-reverse\" tabindex=\"-1\">\n<table class=\"w-fit min-w-(--thread-content-width)\" data-start=\"1552\" data-end=\"1855\">\n<thead data-start=\"1552\" data-end=\"1609\">\n<tr data-start=\"1552\" data-end=\"1609\">\n<th data-start=\"1552\" data-end=\"1574\" data-col-size=\"sm\">\u03a3\u03c4\u03bf\u03b9\u03c7\u03b5\u03af\u03bf<\/th>\n<th data-start=\"1574\" data-end=\"1609\" data-col-size=\"md\">\u0395\u03c0\u03b9\u03bb\u03bf\u03b3\u03ad\u03c2 \u03c5\u03bb\u03b9\u03ba\u03bf\u03cd<\/th>\n<\/tr>\n<\/thead>\n<tbody data-start=\"1669\" data-end=\"1855\">\n<tr data-start=\"1669\" data-end=\"1720\">\n<td data-start=\"1669\" data-end=\"1691\" data-col-size=\"sm\">\u03a0\u03b9\u03bd\u03ad\u03b6\u03b1 \u03b5\u03bc\u03b2\u03cc\u03bb\u03bf\u03c5<\/td>\n<td data-col-size=\"md\" data-start=\"1691\" data-end=\"1720\">\u0391\u03bd\u03bf\u03be\u03b5\u03af\u03b4\u03c9\u03c4\u03bf \u03c7\u03ac\u03bb\u03c5\u03b2\u03b1 304 \/ 303<\/td>\n<\/tr>\n<tr data-start=\"1721\" data-end=\"1784\">\n<td data-start=\"1721\" data-end=\"1743\" data-col-size=\"sm\">\u03a7\u03b5\u03b9\u03c1\u03bf\u03bb\u03b1\u03b2\u03ae \u03c0\u03cc\u03bc\u03bf\u03bb\u03bf\u03c5<\/td>\n<td data-start=\"1743\" data-end=\"1784\" data-col-size=\"md\">\u03a0\u03bb\u03b1\u03c3\u03c4\u03b9\u03ba\u03cc (\u03bc\u03b5 \u03bf\u03b4\u03bf\u03bd\u03c4\u03c9\u03c4\u03ae \u03b5\u03c0\u03b9\u03c6\u03ac\u03bd\u03b5\u03b9\u03b1) \u03ae \u03b1\u03bb\u03bf\u03c5\u03bc\u03af\u03bd\u03b9\u03bf<\/td>\n<\/tr>\n<tr data-start=\"1785\" data-end=\"1855\">\n<td data-start=\"1785\" data-end=\"1807\" data-col-size=\"sm\">\u03a3\u03ce\u03bc\u03b1 \u03bc\u03b5 \u03c3\u03c0\u03b5\u03af\u03c1\u03c9\u03bc\u03b1<\/td>\n<td data-col-size=\"md\" data-start=\"1807\" data-end=\"1855\">\u0391\u03bd\u03bf\u03be\u03b5\u03af\u03b4\u03c9\u03c4\u03bf\u03c2 \u03c7\u03ac\u03bb\u03c5\u03b2\u03b1\u03c2\/\u03c8\u03b5\u03c5\u03b4\u03b1\u03c1\u03b3\u03c5\u03c1\u03c9\u03bc\u03ad\u03bd\u03bf\u03c2 \u03c7\u03ac\u03bb\u03c5\u03b2\u03b1\u03c2\/\u03c0\u03c1\u03bf\u03c3\u03b1\u03c1\u03bc\u03bf\u03c3\u03bc\u03ad\u03bd\u03bf\u03c2<\/td>\n<\/tr>\n<\/tbody>\n<\/table>\n<div class=\"sticky end-(--thread-content-margin) h-0 self-end select-none\">\n<div class=\"absolute end-0 flex items-end\"><\/div>\n<\/div>\n<\/div>\n<\/div>\n<p class=\"\" data-start=\"1857\" data-end=\"1880\"><strong data-start=\"1857\" data-end=\"1880\">\u03a4\u03c5\u03c0\u03b9\u03ba\u03ad\u03c2 \u03b4\u03b9\u03b1\u03c3\u03c4\u03ac\u03c3\u03b5\u03b9\u03c2:<\/strong><\/p>\n<div class=\"_tableContainer_16hzy_1\">\n<div class=\"_tableWrapper_16hzy_14 group flex w-fit flex-col-reverse\" tabindex=\"-1\">\n<table class=\"w-fit min-w-(--thread-content-width)\" data-start=\"1882\" data-end=\"2198\">\n<thead data-start=\"1882\" data-end=\"1931\">\n<tr data-start=\"1882\" data-end=\"1931\">\n<th data-start=\"1882\" data-end=\"1902\" data-col-size=\"sm\">\u03a0\u03b1\u03c1\u03ac\u03bc\u03b5\u03c4\u03c1\u03bf\u03c2<\/th>\n<th data-start=\"1902\" data-end=\"1931\" data-col-size=\"md\">\u0395\u03cd\u03c1\u03bf\u03c2<\/th>\n<\/tr>\n<\/thead>\n<tbody data-start=\"1981\" data-end=\"2198\">\n<tr data-start=\"1981\" data-end=\"2048\">\n<td data-start=\"1981\" data-end=\"2001\" data-col-size=\"sm\">\u039c\u03b5\u03b3\u03ad\u03b8\u03b7 \u03c3\u03c0\u03b5\u03b9\u03c1\u03ce\u03bc\u03b1\u03c4\u03bf\u03c2<\/td>\n<td data-col-size=\"md\" data-start=\"2001\" data-end=\"2048\">M8 \u00d7 1,25, M10 \u00d7 1,5, M12 \u00d7 1,75, \u03ae \u03ba\u03b1\u03c4\u03ac \u03c0\u03b1\u03c1\u03b1\u03b3\u03b3\u03b5\u03bb\u03af\u03b1<\/td>\n<\/tr>\n<tr data-start=\"2049\" data-end=\"2086\">\n<td data-start=\"2049\" data-end=\"2069\" data-col-size=\"sm\">\u039c\u03ae\u03ba\u03bf\u03c2 \u03c3\u03c0\u03b5\u03b9\u03c1\u03ce\u03bc\u03b1\u03c4\u03bf\u03c2<\/td>\n<td data-col-size=\"md\" data-start=\"2069\" data-end=\"2086\">10 mm - 30 mm<\/td>\n<\/tr>\n<tr data-start=\"2087\" data-end=\"2123\">\n<td data-start=\"2087\" data-end=\"2107\" data-col-size=\"sm\">\u0394\u03b9\u03ac\u03bc\u03b5\u03c4\u03c1\u03bf\u03c2 \u03b1\u03ba\u03af\u03b4\u03b1\u03c2<\/td>\n<td data-start=\"2107\" data-end=\"2123\" data-col-size=\"md\">3 mm - 12 mm<\/td>\n<\/tr>\n<tr data-start=\"2124\" data-end=\"2160\">\n<td data-start=\"2124\" data-end=\"2144\" data-col-size=\"sm\">\u03a7\u03c4\u03cd\u03c0\u03b7\u03bc\u03b1 \u03ba\u03b1\u03c1\u03c6\u03af\u03c4\u03c3\u03b1\u03c2<\/td>\n<td data-col-size=\"md\" data-start=\"2144\" data-end=\"2160\">5 mm - 20 mm<\/td>\n<\/tr>\n<tr data-start=\"2161\" data-end=\"2198\">\n<td data-start=\"2161\" data-end=\"2181\" data-col-size=\"sm\">\u0394\u03b9\u03ac\u03bc\u03b5\u03c4\u03c1\u03bf\u03c2 \u03ba\u03bf\u03c5\u03bc\u03c0\u03b9\u03bf\u03cd<\/td>\n<td data-start=\"2181\" data-end=\"2198\" data-col-size=\"md\">20 mm - 30 mm<\/td>\n<\/tr>\n<\/tbody>\n<\/table>\n<div class=\"sticky end-(--thread-content-margin) h-0 self-end select-none\">\n<div class=\"absolute end-0 flex items-end\"><\/div>\n<\/div>\n<\/div>\n<\/div>\n<p class=\"\" data-start=\"2200\" data-end=\"2253\"> \u03a0\u03bb\u03ae\u03c1\u03c9\u03c2 \u03c0\u03c1\u03bf\u03c3\u03b1\u03c1\u03bc\u03cc\u03c3\u03b9\u03bc\u03bf \u03c3\u03cd\u03bc\u03c6\u03c9\u03bd\u03b1 \u03bc\u03b5 \u03c4\u03bf \u03c3\u03c7\u03ad\u03b4\u03b9\u03bf \u03ae \u03c4\u03bf \u03b4\u03b5\u03af\u03b3\u03bc\u03b1.<\/p>\n<hr class=\"\" data-start=\"2255\" data-end=\"2258\" \/>\n<h2 class=\"\" data-start=\"2260\" data-end=\"2279\">\u2705 \u0392\u03b1\u03c3\u03b9\u03ba\u03ac \u03c7\u03b1\u03c1\u03b1\u03ba\u03c4\u03b7\u03c1\u03b9\u03c3\u03c4\u03b9\u03ba\u03ac<\/h2>\n<ul data-start=\"2281\" data-end=\"2604\">\n<li class=\"\" data-start=\"2281\" data-end=\"2326\">\n<p class=\"\" data-start=\"2283\" data-end=\"2326\"> \u0398\u03b5\u03c4\u03b9\u03ba\u03ae \u03b4\u03c1\u03ac\u03c3\u03b7 \u03b5\u03c5\u03b8\u03c5\u03b3\u03c1\u03ac\u03bc\u03bc\u03b9\u03c3\u03b7\u03c2 \u03bc\u03b5 \u03b5\u03bb\u03b1\u03c4\u03ae\u03c1\u03b9\u03bf<\/p>\n<\/li>\n<li class=\"\" data-start=\"2327\" data-end=\"2369\">\n<p class=\"\" data-start=\"2329\" data-end=\"2369\"> \u0395\u03cd\u03ba\u03bf\u03bb\u03b7 \u03b5\u03b3\u03ba\u03b1\u03c4\u03ac\u03c3\u03c4\u03b1\u03c3\u03b7 \u03bc\u03ad\u03c3\u03c9 \u03c3\u03ce\u03bc\u03b1\u03c4\u03bf\u03c2 \u03bc\u03b5 \u03c3\u03c0\u03b5\u03af\u03c1\u03c9\u03bc\u03b1<\/p>\n<\/li>\n<li class=\"\" data-start=\"2370\" data-end=\"2422\">\n<p class=\"\" data-start=\"2372\" data-end=\"2422\">\u270b \u03a7\u03b5\u03b9\u03c1\u03bf\u03ba\u03af\u03bd\u03b7\u03c4\u03b7 \u03b1\u03bd\u03ac\u03c3\u03c5\u03c1\u03c3\u03b7 \u03bc\u03b5 \u03c7\u03c1\u03ae\u03c3\u03b7 \u03b5\u03c1\u03b3\u03bf\u03bd\u03bf\u03bc\u03b9\u03ba\u03bf\u03cd \u03ba\u03bf\u03c5\u03bc\u03c0\u03b9\u03bf\u03cd \u03bc\u03b5 \u03b5\u03be\u03bf\u03b3\u03ba\u03ce\u03bc\u03b1\u03c4\u03b1<\/p>\n<\/li>\n<li class=\"\" data-start=\"2423\" data-end=\"2487\">\n<p class=\"\" data-start=\"2425\" data-end=\"2487\"> \u0399\u03b4\u03b1\u03bd\u03b9\u03ba\u03cc \u03b3\u03b9\u03b1 \u03b3\u03c1\u03ae\u03b3\u03bf\u03c1\u03b7 \u03c1\u03cd\u03b8\u03bc\u03b9\u03c3\u03b7, \u03ba\u03bb\u03b5\u03af\u03b4\u03c9\u03bc\u03b1 \u03ba\u03b1\u03b9 \u03ad\u03bb\u03b5\u03b3\u03c7\u03bf \u03b8\u03ad\u03c3\u03b7\u03c2<\/p>\n<\/li>\n<li class=\"\" data-start=\"2488\" data-end=\"2554\">\n<p class=\"\" data-start=\"2490\" data-end=\"2554\"> \u0394\u03b9\u03b1\u03c4\u03af\u03b8\u03b5\u03bd\u03c4\u03b1\u03b9 \u03c0\u03c1\u03bf\u03b1\u03b9\u03c1\u03b5\u03c4\u03b9\u03ba\u03ad\u03c2 \u03bb\u03b5\u03b9\u03c4\u03bf\u03c5\u03c1\u03b3\u03af\u03b5\u03c2 \u03ba\u03bb\u03b5\u03b9\u03b4\u03ce\u03bc\u03b1\u03c4\u03bf\u03c2 \u03ba\u03b1\u03b9 \u03c4\u03cd\u03c0\u03bf\u03b9 \u03ce\u03bc\u03bf\u03c5 \u03ba\u03b1\u03c1\u03c6\u03af\u03c4\u03c3\u03b1\u03c2<\/p>\n<\/li>\n<li class=\"\" data-start=\"2555\" data-end=\"2604\">\n<p class=\"\" data-start=\"2557\" data-end=\"2604\"> \u0394\u03b5\u03ba\u03c4\u03ad\u03c2 \u03c0\u03c1\u03bf\u03c3\u03b1\u03c1\u03bc\u03bf\u03c3\u03bc\u03ad\u03bd\u03b5\u03c2 \u03b4\u03b9\u03b1\u03c3\u03c4\u03ac\u03c3\u03b5\u03b9\u03c2 \u03ba\u03b1\u03b9 \u03bc\u03bf\u03c1\u03c6\u03ad\u03c2 \u03bd\u03ae\u03bc\u03b1\u03c4\u03bf\u03c2<\/p>\n<\/li>\n<\/ul>\n<hr class=\"\" data-start=\"2606\" data-end=\"2609\" \/>\n<h2 class=\"\" data-start=\"2611\" data-end=\"2638\">\u2705 \u03a0\u03bb\u03b7\u03c1\u03bf\u03c6\u03bf\u03c1\u03af\u03b5\u03c2 \u03c0\u03b1\u03c1\u03b1\u03b3\u03b3\u03b5\u03bb\u03af\u03b1\u03c2<\/h2>\n<p class=\"\" data-start=\"2640\" data-end=\"2680\">\u038c\u03c4\u03b1\u03bd \u03c3\u03c4\u03ad\u03bb\u03bd\u03b5\u03c4\u03b5 \u03ad\u03bd\u03b1 \u03b5\u03c1\u03ce\u03c4\u03b7\u03bc\u03b1, \u03c0\u03b1\u03c1\u03b1\u03ba\u03b1\u03bb\u03b5\u03af\u03c3\u03c4\u03b5 \u03bd\u03b1 \u03b1\u03bd\u03b1\u03c6\u03ad\u03c1\u03b5\u03c4\u03b5:<\/p>\n<ul data-start=\"2681\" data-end=\"2836\">\n<li class=\"\" data-start=\"2681\" data-end=\"2707\">\n<p class=\"\" data-start=\"2683\" data-end=\"2707\">\u039c\u03ad\u03b3\u03b5\u03b8\u03bf\u03c2 \u03ba\u03b1\u03b9 \u03bc\u03ae\u03ba\u03bf\u03c2 \u03c3\u03c0\u03b5\u03b9\u03c1\u03ce\u03bc\u03b1\u03c4\u03bf\u03c2<\/p>\n<\/li>\n<li class=\"\" data-start=\"2708\" data-end=\"2735\">\n<p class=\"\" data-start=\"2710\" data-end=\"2735\">\u0394\u03b9\u03ac\u03bc\u03b5\u03c4\u03c1\u03bf\u03c2 \u03ba\u03b1\u03b9 \u03b4\u03b9\u03b1\u03b4\u03c1\u03bf\u03bc\u03ae \u03c0\u03b5\u03af\u03c1\u03bf\u03c5<\/p>\n<\/li>\n<li class=\"\" data-start=\"2736\" data-end=\"2788\">\n<p class=\"\" data-start=\"2738\" data-end=\"2788\">\u03a4\u03cd\u03c0\u03bf\u03c2 \u03bb\u03b1\u03b2\u03ae\u03c2 (\u03c4\u03c5\u03c0\u03b9\u03ba\u03ae, \u03ba\u03bb\u03b5\u03b9\u03b4\u03c9\u03bc\u03ad\u03bd\u03b7, \u03b1\u03bb\u03bf\u03c5\u03bc\u03b9\u03bd\u03af\u03bf\u03c5, \u03ba.\u03bb\u03c0.)<\/p>\n<\/li>\n<li class=\"\" data-start=\"2789\" data-end=\"2801\">\n<p class=\"\" data-start=\"2791\" data-end=\"2801\">\u03a0\u03bf\u03c3\u03cc\u03c4\u03b7\u03c4\u03b1<\/p>\n<\/li>\n<li class=\"\" data-start=\"2802\" data-end=\"2836\">\n<p class=\"\" data-start=\"2804\" data-end=\"2836\">\u03a3\u03c7\u03ad\u03b4\u03b9\u03bf \u03ae \u03b1\u03c1\u03c7\u03b5\u03af\u03bf CAD \u03b5\u03ac\u03bd \u03c5\u03c0\u03ac\u03c1\u03c7\u03b5\u03b9<\/p>\n<\/li>\n<\/ul>","protected":false},"excerpt":{"rendered":"<p>\u0391\u03ba\u03c1\u03af\u03b2\u03b5\u03b9\u03b1 <strong data-start=\"267\" data-end=\"293\">\u03ad\u03bc\u03b2\u03bf\u03bb\u03bf \u03b4\u03b5\u03af\u03ba\u03c4\u03b7 \u03bc\u03b5 \u03c3\u03c0\u03b5\u03af\u03c1\u03c9\u03bc\u03b1<\/strong> \u03bc\u03b5 \u03b1\u03bd\u03bf\u03be\u03b5\u03af\u03b4\u03c9\u03c4\u03bf \u03b1\u03c4\u03c3\u03ac\u03bb\u03b9\u03bd\u03bf \u03c0\u03b5\u03af\u03c1\u03bf \u03ba\u03b1\u03b9 \u03ba\u03bf\u03bc\u03b2\u03af\u03bf \u03ad\u03bb\u03be\u03b7\u03c2. \u0399\u03b4\u03b1\u03bd\u03b9\u03ba\u03cc \u03b3\u03b9\u03b1 \u03b5\u03c6\u03b1\u03c1\u03bc\u03bf\u03b3\u03ad\u03c2 \u03bc\u03b7\u03c7\u03b1\u03bd\u03b9\u03ba\u03ae\u03c2 \u03b5\u03c5\u03b8\u03c5\u03b3\u03c1\u03ac\u03bc\u03bc\u03b9\u03c3\u03b7\u03c2, \u03b5\u03bd\u03c4\u03bf\u03c0\u03b9\u03c3\u03bc\u03bf\u03cd \u03ae \u03b1\u03c3\u03c6\u03ac\u03bb\u03b9\u03c3\u03b7\u03c2. <strong data-start=\"408\" data-end=\"454\">\u03a4\u03bf \u03c5\u03bb\u03b9\u03ba\u03cc \u03ba\u03b1\u03b9 \u03bf\u03b9 \u03b4\u03b9\u03b1\u03c3\u03c4\u03ac\u03c3\u03b5\u03b9\u03c2 \u03bc\u03c0\u03bf\u03c1\u03bf\u03cd\u03bd \u03bd\u03b1 \u03c0\u03c1\u03bf\u03c3\u03b1\u03c1\u03bc\u03bf\u03c3\u03c4\u03bf\u03cd\u03bd.<\/strong><\/p>","protected":false},"featured_media":1880,"comment_status":"open","ping_status":"closed","template":"","meta":{"site-sidebar-layout":"default","site-content-layout":"","ast-site-content-layout":"default","site-content-style":"default","site-sidebar-style":"default","ast-global-header-display":"","ast-banner-title-visibility":"","ast-main-header-display":"","ast-hfb-above-header-display":"","ast-hfb-below-header-display":"","ast-hfb-mobile-header-display":"","site-post-title":"","ast-breadcrumbs-content":"","ast-featured-img":"","footer-sml-layout":"","ast-disable-related-posts":"","theme-transparent-header-meta":"default","adv-header-id-meta":"","stick-header-meta":"","header-above-stick-meta":"","header-main-stick-meta":"","header-below-stick-meta":"","astra-migrate-meta-layouts":"set","ast-page-background-enabled":"default","ast-page-background-meta":{"desktop":{"background-color":"var(--ast-global-color-4)","background-image":"","background-repeat":"repeat","background-position":"center center","background-size":"auto","background-attachment":"scroll","background-type":"","background-media":"","overlay-type":"","overlay-color":"","overlay-opacity":"","overlay-gradient":""},"tablet":{"background-color":"","background-image":"","background-repeat":"repeat","background-position":"center center","background-size":"auto","background-attachment":"scroll","background-type":"","background-media":"","overlay-type":"","overlay-color":"","overlay-opacity":"","overlay-gradient":""},"mobile":{"background-color":"","background-image":"","background-repeat":"repeat","background-position":"center center","background-size":"auto","background-attachment":"scroll","background-type":"","background-media":"","overlay-type":"","overlay-color":"","overlay-opacity":"","overlay-gradient":""}},"ast-content-background-meta":{"desktop":{"background-color":"var(--ast-global-color-5)","background-image":"","background-repeat":"repeat","background-position":"center center","background-size":"auto","background-attachment":"scroll","background-type":"","background-media":"","overlay-type":"","overlay-color":"","overlay-opacity":"","overlay-gradient":""},"tablet":{"background-color":"var(--ast-global-color-5)","background-image":"","background-repeat":"repeat","background-position":"center center","background-size":"auto","background-attachment":"scroll","background-type":"","background-media":"","overlay-type":"","overlay-color":"","overlay-opacity":"","overlay-gradient":""},"mobile":{"background-color":"var(--ast-global-color-5)","background-image":"","background-repeat":"repeat","background-position":"center center","background-size":"auto","background-attachment":"scroll","background-type":"","background-media":"","overlay-type":"","overlay-color":"","overlay-opacity":"","overlay-gradient":""}}},"product_brand":[],"product_cat":[25],"product_tag":[],"class_list":{"0":"post-1879","1":"product","2":"type-product","3":"status-publish","4":"has-post-thumbnail","6":"product_cat-indexing-plunger","8":"first","9":"instock","10":"shipping-taxable","11":"product-type-simple"},"_links":{"self":[{"href":"https:\/\/www.sknfastener.com\/el\/wp-json\/wp\/v2\/product\/1879","targetHints":{"allow":["GET"]}}],"collection":[{"href":"https:\/\/www.sknfastener.com\/el\/wp-json\/wp\/v2\/product"}],"about":[{"href":"https:\/\/www.sknfastener.com\/el\/wp-json\/wp\/v2\/types\/product"}],"replies":[{"embeddable":true,"href":"https:\/\/www.sknfastener.com\/el\/wp-json\/wp\/v2\/comments?post=1879"}],"version-history":[{"count":1,"href":"https:\/\/www.sknfastener.com\/el\/wp-json\/wp\/v2\/product\/1879\/revisions"}],"predecessor-version":[{"id":1886,"href":"https:\/\/www.sknfastener.com\/el\/wp-json\/wp\/v2\/product\/1879\/revisions\/1886"}],"wp:featuredmedia":[{"embeddable":true,"href":"https:\/\/www.sknfastener.com\/el\/wp-json\/wp\/v2\/media\/1880"}],"wp:attachment":[{"href":"https:\/\/www.sknfastener.com\/el\/wp-json\/wp\/v2\/media?parent=1879"}],"wp:term":[{"taxonomy":"product_brand","embeddable":true,"href":"https:\/\/www.sknfastener.com\/el\/wp-json\/wp\/v2\/product_brand?post=1879"},{"taxonomy":"product_cat","embeddable":true,"href":"https:\/\/www.sknfastener.com\/el\/wp-json\/wp\/v2\/product_cat?post=1879"},{"taxonomy":"product_tag","embeddable":true,"href":"https:\/\/www.sknfastener.com\/el\/wp-json\/wp\/v2\/product_tag?post=1879"}],"curies":[{"name":"wp","href":"https:\/\/api.w.org\/{rel}","templated":true}]}}