{"id":1208,"date":"2025-05-06T15:25:38","date_gmt":"2025-05-06T15:25:38","guid":{"rendered":"https:\/\/sknfastener.com\/?post_type=product&#038;p=1208"},"modified":"2025-05-17T18:33:07","modified_gmt":"2025-05-17T10:33:07","slug":"t-handle-quick-release-pin","status":"publish","type":"product","link":"https:\/\/www.sknfastener.com\/es\/producto\/t-handle-quick-release-pin\/","title":{"rendered":"Pasador de liberaci\u00f3n r\u00e1pida del asa en T"},"content":{"rendered":"<p>Funciones b\u00e1sicas del pasador de liberaci\u00f3n r\u00e1pida del asa en T<br \/>\n\u25b6\ufe0f Cierre de seguridad de grado militar: innovador mecanismo de desbloqueo mediante bot\u00f3n (se necesitan dos dedos para pulsar y desbloquear), que elimina el riesgo de ca\u00edda accidental durante el funcionamiento.<br \/>\n\u25b6\ufe0f Adaptaci\u00f3n a 360\u00b0 de toda la escena: posicionamiento de equipos de precisi\u00f3n\/cambio r\u00e1pido de moldes de la l\u00ednea de producci\u00f3n\/refuerzo de bisagras de maquinaria pesada<\/p>\n<p>\u258cConfiguraci\u00f3n de materiales de calidad militar.<br \/>\n\u221a Pasador: acero inoxidable 17-4PH endurecido por precipitaci\u00f3n (certificaci\u00f3n AMS 5643).<\/p>\n<p>Resistencia a la tracci\u00f3n \u22651300MPa\uff5cPrueba de niebla salina 2000h sin \u00f3xido.<br \/>\n\u221a Mango: Aluminio fundido a presi\u00f3n de grado de aviaci\u00f3n 380 (anodizado duro negro).<\/p>\n<p>Reducci\u00f3n de peso de 40%\uff5cNivel de resistencia a los ara\u00f1azos HB200+<\/p>\n<p>\u258cDestacados del dise\u00f1o humanizado<br \/>\n\u2611\ufe0f Hebilla est\u00e1ndar antip\u00e9rdida de acero inoxidable 304 (adaptada al cable de acero de seguridad de \u03a65 mm).<br \/>\n\u2611\ufe0f Carrera personalizada de 30-500mm bajo demanda (entrega de muestras en 48h\uff5cSoporta grabado l\u00e1ser).<br \/>\n\u2611\ufe0f Precisi\u00f3n de posicionamiento del cabezal esf\u00e9rico \u00b10,05 mm (tolerancia ISO 2768-m)<\/p>\n<p>[Escenarios de aplicaci\u00f3n]<br \/>\nPasadores de seguridad para maquinaria de ingenier\u00eda\uff5cFijaciones de cambio r\u00e1pido para l\u00edneas de producci\u00f3n automatizadas\uff5cInspecci\u00f3n y posicionamiento de \u00e1labes de turbinas e\u00f3licas\uff5cMontaje y desmontaje modular de equipos militares.<\/p>\n<p>(Se adjunta un manual de selecci\u00f3n de 16 p\u00e1ginas\uff5cque incluye las especificaciones de instalaci\u00f3n est\u00e1ndar de la NASA)<br \/>\n\u2192 Haz clic para obtener toda la gama de dibujos 3D\/herramientas de c\u00e1lculo de cargas \u2190.<\/p>\n<p>&nbsp;<\/p>","protected":false},"excerpt":{"rendered":"<p>El pasador de liberaci\u00f3n r\u00e1pida con mango en T es popular. Dise\u00f1o de liberaci\u00f3n de acci\u00f3n simple: desmontaje y montaje de tipo empuje en segundos, adecuado para requisitos de conmutaci\u00f3n de alta intensidad como cambio de molde de l\u00ednea de producci\u00f3n\/mantenimiento de equipos.<br \/>\n\u2705 10.000 ciclos de vida \u00fatil: estructura de bloqueo de grado militar, que mantiene una precisi\u00f3n de posicionamiento de \u00b10,1 mm bajo fluctuaciones de carga.<br \/>\n\u2705 Soluci\u00f3n completa: posicionamiento y bloqueo de precisi\u00f3n | calibrado din\u00e1mico | sistema modular de cambio r\u00e1pido<\/p>","protected":false},"featured_media":1799,"comment_status":"closed","ping_status":"closed","template":"","meta":{"site-sidebar-layout":"default","site-content-layout":"","ast-site-content-layout":"full-width-container","site-content-style":"boxed","site-sidebar-style":"boxed","ast-global-header-display":"","ast-banner-title-visibility":"","ast-main-header-display":"","ast-hfb-above-header-display":"","ast-hfb-below-header-display":"","ast-hfb-mobile-header-display":"","site-post-title":"","ast-breadcrumbs-content":"","ast-featured-img":"","footer-sml-layout":"","ast-disable-related-posts":"","theme-transparent-header-meta":"default","adv-header-id-meta":"","stick-header-meta":"","header-above-stick-meta":"","header-main-stick-meta":"","header-below-stick-meta":"","astra-migrate-meta-layouts":"set","ast-page-background-enabled":"default","ast-page-background-meta":{"desktop":{"background-color":"var(--ast-global-color-4)","background-image":"","background-repeat":"repeat","background-position":"center center","background-size":"auto","background-attachment":"scroll","background-type":"","background-media":"","overlay-type":"","overlay-color":"","overlay-opacity":"","overlay-gradient":""},"tablet":{"background-color":"","background-image":"","background-repeat":"repeat","background-position":"center center","background-size":"auto","background-attachment":"scroll","background-type":"","background-media":"","overlay-type":"","overlay-color":"","overlay-opacity":"","overlay-gradient":""},"mobile":{"background-color":"","background-image":"","background-repeat":"repeat","background-position":"center center","background-size":"auto","background-attachment":"scroll","background-type":"","background-media":"","overlay-type":"","overlay-color":"","overlay-opacity":"","overlay-gradient":""}},"ast-content-background-meta":{"desktop":{"background-color":"var(--ast-global-color-5)","background-image":"","background-repeat":"repeat","background-position":"center center","background-size":"auto","background-attachment":"scroll","background-type":"","background-media":"","overlay-type":"","overlay-color":"","overlay-opacity":"","overlay-gradient":""},"tablet":{"background-color":"var(--ast-global-color-5)","background-image":"","background-repeat":"repeat","background-position":"center center","background-size":"auto","background-attachment":"scroll","background-type":"","background-media":"","overlay-type":"","overlay-color":"","overlay-opacity":"","overlay-gradient":""},"mobile":{"background-color":"var(--ast-global-color-5)","background-image":"","background-repeat":"repeat","background-position":"center center","background-size":"auto","background-attachment":"scroll","background-type":"","background-media":"","overlay-type":"","overlay-color":"","overlay-opacity":"","overlay-gradient":""}}},"product_brand":[],"product_cat":[19],"product_tag":[],"class_list":{"0":"post-1208","1":"product","2":"type-product","3":"status-publish","4":"has-post-thumbnail","6":"product_cat-fasteners","8":"first","9":"instock","10":"shipping-taxable","11":"product-type-simple"},"_links":{"self":[{"href":"https:\/\/www.sknfastener.com\/es\/wp-json\/wp\/v2\/product\/1208","targetHints":{"allow":["GET"]}}],"collection":[{"href":"https:\/\/www.sknfastener.com\/es\/wp-json\/wp\/v2\/product"}],"about":[{"href":"https:\/\/www.sknfastener.com\/es\/wp-json\/wp\/v2\/types\/product"}],"replies":[{"embeddable":true,"href":"https:\/\/www.sknfastener.com\/es\/wp-json\/wp\/v2\/comments?post=1208"}],"version-history":[{"count":2,"href":"https:\/\/www.sknfastener.com\/es\/wp-json\/wp\/v2\/product\/1208\/revisions"}],"predecessor-version":[{"id":1846,"href":"https:\/\/www.sknfastener.com\/es\/wp-json\/wp\/v2\/product\/1208\/revisions\/1846"}],"wp:featuredmedia":[{"embeddable":true,"href":"https:\/\/www.sknfastener.com\/es\/wp-json\/wp\/v2\/media\/1799"}],"wp:attachment":[{"href":"https:\/\/www.sknfastener.com\/es\/wp-json\/wp\/v2\/media?parent=1208"}],"wp:term":[{"taxonomy":"product_brand","embeddable":true,"href":"https:\/\/www.sknfastener.com\/es\/wp-json\/wp\/v2\/product_brand?post=1208"},{"taxonomy":"product_cat","embeddable":true,"href":"https:\/\/www.sknfastener.com\/es\/wp-json\/wp\/v2\/product_cat?post=1208"},{"taxonomy":"product_tag","embeddable":true,"href":"https:\/\/www.sknfastener.com\/es\/wp-json\/wp\/v2\/product_tag?post=1208"}],"curies":[{"name":"wp","href":"https:\/\/api.w.org\/{rel}","templated":true}]}}