{"id":1622,"date":"2025-05-15T06:58:48","date_gmt":"2025-05-15T06:58:48","guid":{"rendered":"https:\/\/www.sknfastener.com\/?post_type=product&#038;p=1622"},"modified":"2025-05-17T18:24:46","modified_gmt":"2025-05-17T10:24:46","slug":"quick-release-ball-lock-pin","status":"publish","type":"product","link":"https:\/\/www.sknfastener.com\/es\/producto\/quick-release-ball-lock-pin\/","title":{"rendered":"Pasador de bloqueo de bola de liberaci\u00f3n r\u00e1pida"},"content":{"rendered":"<ul>\n<li class=\"\" data-start=\"831\" data-end=\"899\">\n<p class=\"\" data-start=\"833\" data-end=\"899\"><strong data-start=\"833\" data-end=\"845\">Material<\/strong>: Cuerpo - Acero inoxidable 304, Anillo - Acero inoxidable<\/p>\n<\/li>\n<li class=\"\" data-start=\"900\" data-end=\"943\">\n<p class=\"\" data-start=\"902\" data-end=\"943\"><strong data-start=\"902\" data-end=\"920\">Acabado superficial<\/strong>: Pulido<\/p>\n<\/li>\n<li class=\"\" data-start=\"944\" data-end=\"982\">\n<p class=\"\" data-start=\"946\" data-end=\"982\"><strong data-start=\"946\" data-end=\"967\">Di\u00e1metro de los pasadores (A)<\/strong>: De 5 mm a 25 mm<\/p>\n<\/li>\n<li class=\"\" data-start=\"983\" data-end=\"1039\">\n<p class=\"\" data-start=\"985\" data-end=\"1039\"><strong data-start=\"985\" data-end=\"1007\">Longitudes utilizables (H)<\/strong>: De 10 mm a 100 mm (personalizable)<\/p>\n<\/li>\n<li class=\"\" data-start=\"1040\" data-end=\"1075\">\n<p class=\"\" data-start=\"1042\" data-end=\"1075\"><strong data-start=\"1042\" data-end=\"1055\">Tolerancia<\/strong>: +0,00 \/ -1,00 mm<\/p>\n<\/li>\n<li class=\"\" data-start=\"1076\" data-end=\"1108\">\n<p class=\"\" data-start=\"1078\" data-end=\"1108\"><strong data-start=\"1078\" data-end=\"1094\">Estilo de asa<\/strong>: Anillo redondo<\/p>\n<\/li>\n<li class=\"\" data-start=\"1109\" data-end=\"1155\">\n<p class=\"\" data-start=\"1111\" data-end=\"1155\"><strong data-start=\"1111\" data-end=\"1124\">Tipo de bola<\/strong>: Mecanismo de bloqueo de doble bola<\/p>\n<\/li>\n<li class=\"\" data-start=\"1156\" data-end=\"1225\">\n<p class=\"\" data-start=\"1158\" data-end=\"1225\"><strong data-start=\"1158\" data-end=\"1179\">\u00c1mbito de aplicaci\u00f3n<\/strong>: Hasta 100 ciclos diarios sin deformaci\u00f3n<\/p>\n<\/li>\n<\/ul>\n<p>&nbsp;<\/p>\n<h2 class=\"\" data-start=\"1232\" data-end=\"1259\">Tabla de dimensiones (mm)<\/h2>\n<div class=\"_tableContainer_16hzy_1\">\n<div class=\"_tableWrapper_16hzy_14 group flex w-fit flex-col-reverse\" tabindex=\"-1\">\n<table class=\"w-fit min-w-(--thread-content-width)\" data-start=\"1261\" data-end=\"2467\">\n<thead data-start=\"1261\" data-end=\"1382\">\n<tr data-start=\"1261\" data-end=\"1382\">\n<th data-start=\"1261\" data-end=\"1276\" data-col-size=\"sm\">Di\u00e1metro (A)<\/th>\n<th data-start=\"1276\" data-end=\"1296\" data-col-size=\"sm\">Longitud \u00fatil (H)<\/th>\n<th data-start=\"1296\" data-end=\"1305\" data-col-size=\"sm\">\u03a6A<\/th>\n<th data-start=\"1305\" data-end=\"1315\" data-col-size=\"sm\">B<\/th>\n<th data-start=\"1315\" data-end=\"1326\" data-col-size=\"sm\">C<\/th>\n<th data-start=\"1326\" data-end=\"1336\" data-col-size=\"sm\">D<\/th>\n<th data-start=\"1336\" data-end=\"1346\" data-col-size=\"sm\">E<\/th>\n<th data-start=\"1346\" data-end=\"1356\" data-col-size=\"sm\">G<\/th>\n<th data-start=\"1356\" data-end=\"1366\" data-col-size=\"sm\">H<\/th>\n<th data-start=\"1366\" data-end=\"1376\" data-col-size=\"sm\">I<\/th>\n<th data-start=\"1376\" data-end=\"1382\" data-col-size=\"sm\">J<\/th>\n<\/tr>\n<\/thead>\n<tbody data-start=\"1504\" data-end=\"2467\">\n<tr data-start=\"1504\" data-end=\"1624\">\n<td data-start=\"1504\" data-end=\"1519\" data-col-size=\"sm\">5 mm<\/td>\n<td data-col-size=\"sm\" data-start=\"1519\" data-end=\"1538\">10 - 50 mm<\/td>\n<td data-col-size=\"sm\" data-start=\"1538\" data-end=\"1550\">4.92-4.96<\/td>\n<td data-col-size=\"sm\" data-start=\"1550\" data-end=\"1560\">5.54-7<\/td>\n<td data-col-size=\"sm\" data-start=\"1560\" data-end=\"1574\">\u00b10.00\/-1.00<\/td>\n<td data-col-size=\"sm\" data-start=\"1574\" data-end=\"1584\">6.4-7.9<\/td>\n<td data-col-size=\"sm\" data-start=\"1584\" data-end=\"1595\">7.9-13.5<\/td>\n<td data-col-size=\"sm\" data-start=\"1595\" data-end=\"1607\">18.5-37.8<\/td>\n<td data-col-size=\"sm\" data-start=\"1607\" data-end=\"1619\">26.9-36.8<\/td>\n<td data-col-size=\"sm\" data-start=\"1619\" data-end=\"1624\">2<\/td>\n<td data-col-size=\"sm\"><\/td>\n<\/tr>\n<tr data-start=\"1625\" data-end=\"1745\">\n<td data-start=\"1625\" data-end=\"1640\" data-col-size=\"sm\">6 mm<\/td>\n<td data-col-size=\"sm\" data-start=\"1640\" data-end=\"1659\">10 - 50 mm<\/td>\n<td data-col-size=\"sm\" data-start=\"1659\" data-end=\"1671\">5.92-5.96<\/td>\n<td data-col-size=\"sm\" data-start=\"1671\" data-end=\"1681\">6.54-8<\/td>\n<td data-col-size=\"sm\" data-start=\"1681\" data-end=\"1695\">\u00b10.00\/-1.00<\/td>\n<td data-col-size=\"sm\" data-start=\"1695\" data-end=\"1705\">6.4-7.9<\/td>\n<td data-col-size=\"sm\" data-start=\"1705\" data-end=\"1716\">7.9-13.5<\/td>\n<td data-col-size=\"sm\" data-start=\"1716\" data-end=\"1728\">18.5-37.8<\/td>\n<td data-col-size=\"sm\" data-start=\"1728\" data-end=\"1740\">26.9-36.8<\/td>\n<td data-col-size=\"sm\" data-start=\"1740\" data-end=\"1745\">2<\/td>\n<td data-col-size=\"sm\"><\/td>\n<\/tr>\n<tr data-start=\"1746\" data-end=\"1866\">\n<td data-start=\"1746\" data-end=\"1761\" data-col-size=\"sm\">8 mm<\/td>\n<td data-col-size=\"sm\" data-start=\"1761\" data-end=\"1780\">10 - 50 mm<\/td>\n<td data-col-size=\"sm\" data-start=\"1780\" data-end=\"1792\">7.92-7.96<\/td>\n<td data-col-size=\"sm\" data-start=\"1792\" data-end=\"1802\">8.54-9<\/td>\n<td data-col-size=\"sm\" data-start=\"1802\" data-end=\"1816\">\u00b10.00\/-1.00<\/td>\n<td data-col-size=\"sm\" data-start=\"1816\" data-end=\"1826\">6.4-7.9<\/td>\n<td data-col-size=\"sm\" data-start=\"1826\" data-end=\"1837\">7.9-13.5<\/td>\n<td data-col-size=\"sm\" data-start=\"1837\" data-end=\"1849\">18.5-37.8<\/td>\n<td data-col-size=\"sm\" data-start=\"1849\" data-end=\"1861\">26.9-36.8<\/td>\n<td data-col-size=\"sm\" data-start=\"1861\" data-end=\"1866\">2<\/td>\n<td data-col-size=\"sm\"><\/td>\n<\/tr>\n<tr data-start=\"1867\" data-end=\"1987\">\n<td data-start=\"1867\" data-end=\"1882\" data-col-size=\"sm\">10 mm<\/td>\n<td data-col-size=\"sm\" data-start=\"1882\" data-end=\"1901\">10 - 50 mm<\/td>\n<td data-col-size=\"sm\" data-start=\"1901\" data-end=\"1913\">9.92-9.96<\/td>\n<td data-col-size=\"sm\" data-start=\"1913\" data-end=\"1923\">11.86-9<\/td>\n<td data-col-size=\"sm\" data-start=\"1923\" data-end=\"1937\">\u00b10.00\/-1.00<\/td>\n<td data-col-size=\"sm\" data-start=\"1937\" data-end=\"1947\">7.6-9.9<\/td>\n<td data-col-size=\"sm\" data-start=\"1947\" data-end=\"1958\">11.4-16.5<\/td>\n<td data-col-size=\"sm\" data-start=\"1958\" data-end=\"1970\">23.9-37.8<\/td>\n<td data-col-size=\"sm\" data-start=\"1970\" data-end=\"1982\">26.9-36.8<\/td>\n<td data-col-size=\"sm\" data-start=\"1982\" data-end=\"1987\">2<\/td>\n<td data-col-size=\"sm\"><\/td>\n<\/tr>\n<tr data-start=\"1988\" data-end=\"2110\">\n<td data-start=\"1988\" data-end=\"2003\" data-col-size=\"sm\">12 mm<\/td>\n<td data-col-size=\"sm\" data-start=\"2003\" data-end=\"2022\">15 - 60 mm<\/td>\n<td data-col-size=\"sm\" data-start=\"2022\" data-end=\"2036\">11.92-11.96<\/td>\n<td data-col-size=\"sm\" data-start=\"2036\" data-end=\"2047\">14.15-10<\/td>\n<td data-col-size=\"sm\" data-start=\"2047\" data-end=\"2061\">\u00b10.00\/-1.00<\/td>\n<td data-col-size=\"sm\" data-start=\"2061\" data-end=\"2071\">7.6-9.9<\/td>\n<td data-col-size=\"sm\" data-start=\"2071\" data-end=\"2082\">14-18<\/td>\n<td data-col-size=\"sm\" data-start=\"2082\" data-end=\"2094\">24.9-40.1<\/td>\n<td data-col-size=\"sm\" data-start=\"2094\" data-end=\"2105\">27.7-47<\/td>\n<td data-col-size=\"sm\" data-start=\"2105\" data-end=\"2110\">2<\/td>\n<td data-col-size=\"sm\"><\/td>\n<\/tr>\n<tr data-start=\"2111\" data-end=\"2229\">\n<td data-start=\"2111\" data-end=\"2126\" data-col-size=\"sm\">16 mm<\/td>\n<td data-start=\"2126\" data-end=\"2145\" data-col-size=\"sm\">15 - 60 mm<\/td>\n<td data-col-size=\"sm\" data-start=\"2145\" data-end=\"2159\">15.92-15.96<\/td>\n<td data-col-size=\"sm\" data-start=\"2159\" data-end=\"2170\">18.14-14<\/td>\n<td data-col-size=\"sm\" data-start=\"2170\" data-end=\"2184\">\u00b10.00\/-1.00<\/td>\n<td data-col-size=\"sm\" data-start=\"2184\" data-end=\"2195\">14.7-19.1<\/td>\n<td data-col-size=\"sm\" data-start=\"2195\" data-end=\"2206\">23-35.6<\/td>\n<td data-col-size=\"sm\" data-start=\"2206\" data-end=\"2218\">46.7-57.2<\/td>\n<td data-col-size=\"sm\" data-start=\"2218\" data-end=\"2229\">3<\/td>\n<td data-col-size=\"sm\"><\/td>\n<td data-col-size=\"sm\"><\/td>\n<\/tr>\n<tr data-start=\"2230\" data-end=\"2348\">\n<td data-start=\"2230\" data-end=\"2245\" data-col-size=\"sm\">20 mm<\/td>\n<td data-col-size=\"sm\" data-start=\"2245\" data-end=\"2264\">20 - 80 mm<\/td>\n<td data-col-size=\"sm\" data-start=\"2264\" data-end=\"2278\">19.92-19.96<\/td>\n<td data-col-size=\"sm\" data-start=\"2278\" data-end=\"2289\">24.08-17<\/td>\n<td data-col-size=\"sm\" data-start=\"2289\" data-end=\"2303\">\u00b10.00\/-1.00<\/td>\n<td data-col-size=\"sm\" data-start=\"2303\" data-end=\"2314\">14.5-22.2<\/td>\n<td data-col-size=\"sm\" data-start=\"2314\" data-end=\"2325\">26.5-41.3<\/td>\n<td data-col-size=\"sm\" data-start=\"2325\" data-end=\"2337\">50.5-67.3<\/td>\n<td data-col-size=\"sm\" data-start=\"2337\" data-end=\"2348\">3<\/td>\n<td data-col-size=\"sm\"><\/td>\n<td data-col-size=\"sm\"><\/td>\n<\/tr>\n<tr data-start=\"2349\" data-end=\"2467\">\n<td data-start=\"2349\" data-end=\"2364\" data-col-size=\"sm\">25 mm<\/td>\n<td data-start=\"2364\" data-end=\"2383\" data-col-size=\"sm\">30 - 100 mm<\/td>\n<td data-col-size=\"sm\" data-start=\"2383\" data-end=\"2397\">24.92-24.96<\/td>\n<td data-col-size=\"sm\" data-start=\"2397\" data-end=\"2408\">30.94-22<\/td>\n<td data-col-size=\"sm\" data-start=\"2408\" data-end=\"2422\">\u00b10.00\/-1.00<\/td>\n<td data-col-size=\"sm\" data-start=\"2422\" data-end=\"2433\">19.1-29.8<\/td>\n<td data-col-size=\"sm\" data-start=\"2433\" data-end=\"2444\">33.8-50.8<\/td>\n<td data-col-size=\"sm\" data-start=\"2444\" data-end=\"2456\">41.7-78.7<\/td>\n<\/tr>\n<\/tbody>\n<\/table>\n<\/div>\n<h2 class=\"\" data-start=\"2527\" data-end=\"2552\">Aplicaciones t\u00edpicas<\/h2>\n<ul data-start=\"2554\" data-end=\"2714\">\n<li class=\"\" data-start=\"2554\" data-end=\"2577\">\n<p class=\"\" data-start=\"2556\" data-end=\"2577\">Sistemas de cambio de moldes<\/p>\n<\/li>\n<li class=\"\" data-start=\"2578\" data-end=\"2607\">\n<p class=\"\" data-start=\"2580\" data-end=\"2607\">Montaje del bastidor del autom\u00f3vil<\/p>\n<\/li>\n<li class=\"\" data-start=\"2608\" data-end=\"2638\">\n<p class=\"\" data-start=\"2610\" data-end=\"2638\">Utillaje y plantillas aeroespaciales<\/p>\n<\/li>\n<li class=\"\" data-start=\"2639\" data-end=\"2675\">\n<p class=\"\" data-start=\"2641\" data-end=\"2675\">Posicionamiento de equipos industriales<\/p>\n<\/li>\n<li class=\"\" data-start=\"2676\" data-end=\"2714\">\n<p class=\"\" data-start=\"2678\" data-end=\"2714\">Estructuras marinas y aparejos<\/p>\n<\/li>\n<\/ul>\n<hr class=\"\" data-start=\"2716\" data-end=\"2719\" \/>\n<h2 class=\"\" data-start=\"2721\" data-end=\"2745\">Caracter\u00edsticas y ventajas<\/h2>\n<ul data-start=\"2747\" data-end=\"3091\">\n<li class=\"\" data-start=\"2747\" data-end=\"2804\">\n<p class=\"\" data-start=\"2749\" data-end=\"2804\"><strong data-start=\"2752\" data-end=\"2770\">Funcionamiento r\u00e1pido<\/strong> - Insertar y soltar en segundos<\/p>\n<\/li>\n<li class=\"\" data-start=\"2805\" data-end=\"2879\">\n<p class=\"\" data-start=\"2807\" data-end=\"2879\">\ufe0f <strong data-start=\"2811\" data-end=\"2844\">Acero inoxidable de alta resistencia<\/strong> - Excelente resistencia a la corrosi\u00f3n<\/p>\n<\/li>\n<li class=\"\" data-start=\"2880\" data-end=\"2948\">\n<p class=\"\" data-start=\"2882\" data-end=\"2948\"><strong data-start=\"2885\" data-end=\"2918\">Cierre de resorte duradero<\/strong> - Soporta el uso repetitivo<\/p>\n<\/li>\n<li class=\"\" data-start=\"2949\" data-end=\"3033\">\n<p class=\"\" data-start=\"2951\" data-end=\"3033\">\ufe0f <strong data-start=\"2955\" data-end=\"2996\">Longitud y di\u00e1metro de empu\u00f1adura personalizables<\/strong> - Adecuado para aplicaciones \u00fanicas<\/p>\n<\/li>\n<li class=\"\" data-start=\"3034\" data-end=\"3091\">\n<p class=\"\" data-start=\"3036\" data-end=\"3091\">\ufe0f <strong data-start=\"3040\" data-end=\"3071\">Marcaje l\u00e1ser del logotipo opcional<\/strong> - Compatible con OEM\/ODM<\/p>\n<\/li>\n<\/ul>\n<hr class=\"\" data-start=\"3093\" data-end=\"3096\" \/>\n<h2 class=\"\" data-start=\"3098\" data-end=\"3120\">Servicios opcionales<\/h2>\n<ul data-start=\"3122\" data-end=\"3276\">\n<li class=\"\" data-start=\"3122\" data-end=\"3145\">\n<p class=\"\" data-start=\"3124\" data-end=\"3145\">Soporte de dibujo OEM<\/p>\n<\/li>\n<li class=\"\" data-start=\"3146\" data-end=\"3211\">\n<p class=\"\" data-start=\"3148\" data-end=\"3211\">Colores personalizados de anilla\/mango (aluminio anodizado, negro\/azul\/rojo)<\/p>\n<\/li>\n<li class=\"\" data-start=\"3212\" data-end=\"3238\">\n<p class=\"\" data-start=\"3214\" data-end=\"3238\">Archivos CAD (STEP, IGES)<\/p>\n<\/li>\n<li class=\"\" data-start=\"3239\" data-end=\"3276\">\n<p class=\"\" data-start=\"3241\" data-end=\"3276\">Informe de pruebas de niebla salina disponible<\/p>\n<\/li>\n<\/ul>\n<hr class=\"\" data-start=\"3278\" data-end=\"3281\" \/>\n<h2 class=\"\" data-start=\"3283\" data-end=\"3308\">Informaci\u00f3n para pedidos<\/h2>\n<p class=\"\" data-start=\"3310\" data-end=\"3377\">Para realizar un pedido o solicitar un presupuesto, facilite la siguiente informaci\u00f3n:<\/p>\n<ol data-start=\"3379\" data-end=\"3523\">\n<li class=\"\" data-start=\"3379\" data-end=\"3413\">\n<p class=\"\" data-start=\"3382\" data-end=\"3413\">Di\u00e1metro del pasador (A): por ejemplo, 10 mm<\/p>\n<\/li>\n<li class=\"\" data-start=\"3414\" data-end=\"3449\">\n<p class=\"\" data-start=\"3417\" data-end=\"3449\">Longitud \u00fatil (H): por ejemplo, 40 mm<\/p>\n<\/li>\n<li class=\"\" data-start=\"3450\" data-end=\"3473\">\n<p class=\"\" data-start=\"3453\" data-end=\"3473\">Estilo de asa: Anillo<\/p>\n<\/li>\n<li class=\"\" data-start=\"3474\" data-end=\"3487\">\n<p class=\"\" data-start=\"3477\" data-end=\"3487\">Cantidad<\/p>\n<\/li>\n<li class=\"\" data-start=\"3488\" data-end=\"3523\">\n<p class=\"\" data-start=\"3491\" data-end=\"3523\">Cualquier revestimiento o grabado especial<\/p>\n<\/li>\n<\/ol>\n<h2 class=\"\" data-start=\"3530\" data-end=\"3547\"><\/h2>\n<p class=\"\" data-start=\"3549\" data-end=\"3675\">\n<\/div>","protected":false},"excerpt":{"rendered":"<p class=\"\" data-start=\"274\" data-end=\"558\">Este pasador de bloqueo de bola de liberaci\u00f3n r\u00e1pida est\u00e1 dise\u00f1ado para un montaje r\u00e1pido y una fijaci\u00f3n segura en aplicaciones mec\u00e1nicas, aeroespaciales e industriales. Con un <strong data-start=\"426\" data-end=\"473\">cuerpo de acero inoxidable 304 mecanizado con precisi\u00f3n<\/strong> y un <strong data-start=\"480\" data-end=\"503\">asa de anillo duradera<\/strong>Permite una r\u00e1pida inserci\u00f3n y extracci\u00f3n sin herramientas.<\/p>\n<p class=\"\" data-start=\"560\" data-end=\"803\">El pasador utiliza un mecanismo de bolas con resorte para un bloqueo positivo. Una vez insertado, las bolas se enganchan autom\u00e1ticamente para evitar su extracci\u00f3n accidental. Es la soluci\u00f3n ideal para aplicaciones que requieren un enclavamiento frecuente, r\u00e1pido y seguro del pasador.<\/p>","protected":false},"featured_media":1807,"comment_status":"closed","ping_status":"closed","template":"","meta":{"site-sidebar-layout":"default","site-content-layout":"","ast-site-content-layout":"default","site-content-style":"default","site-sidebar-style":"default","ast-global-header-display":"","ast-banner-title-visibility":"","ast-main-header-display":"","ast-hfb-above-header-display":"","ast-hfb-below-header-display":"","ast-hfb-mobile-header-display":"","site-post-title":"","ast-breadcrumbs-content":"","ast-featured-img":"","footer-sml-layout":"","ast-disable-related-posts":"","theme-transparent-header-meta":"default","adv-header-id-meta":"","stick-header-meta":"","header-above-stick-meta":"","header-main-stick-meta":"","header-below-stick-meta":"","astra-migrate-meta-layouts":"set","ast-page-background-enabled":"default","ast-page-background-meta":{"desktop":{"background-color":"var(--ast-global-color-4)","background-image":"","background-repeat":"repeat","background-position":"center center","background-size":"auto","background-attachment":"scroll","background-type":"","background-media":"","overlay-type":"","overlay-color":"","overlay-opacity":"","overlay-gradient":""},"tablet":{"background-color":"","background-image":"","background-repeat":"repeat","background-position":"center center","background-size":"auto","background-attachment":"scroll","background-type":"","background-media":"","overlay-type":"","overlay-color":"","overlay-opacity":"","overlay-gradient":""},"mobile":{"background-color":"","background-image":"","background-repeat":"repeat","background-position":"center center","background-size":"auto","background-attachment":"scroll","background-type":"","background-media":"","overlay-type":"","overlay-color":"","overlay-opacity":"","overlay-gradient":""}},"ast-content-background-meta":{"desktop":{"background-color":"var(--ast-global-color-5)","background-image":"","background-repeat":"repeat","background-position":"center center","background-size":"auto","background-attachment":"scroll","background-type":"","background-media":"","overlay-type":"","overlay-color":"","overlay-opacity":"","overlay-gradient":""},"tablet":{"background-color":"var(--ast-global-color-5)","background-image":"","background-repeat":"repeat","background-position":"center center","background-size":"auto","background-attachment":"scroll","background-type":"","background-media":"","overlay-type":"","overlay-color":"","overlay-opacity":"","overlay-gradient":""},"mobile":{"background-color":"var(--ast-global-color-5)","background-image":"","background-repeat":"repeat","background-position":"center center","background-size":"auto","background-attachment":"scroll","background-type":"","background-media":"","overlay-type":"","overlay-color":"","overlay-opacity":"","overlay-gradient":""}}},"product_brand":[],"product_cat":[19],"product_tag":[],"class_list":{"0":"post-1622","1":"product","2":"type-product","3":"status-publish","4":"has-post-thumbnail","6":"product_cat-fasteners","8":"first","9":"instock","10":"shipping-taxable","11":"product-type-simple"},"_links":{"self":[{"href":"https:\/\/www.sknfastener.com\/es\/wp-json\/wp\/v2\/product\/1622","targetHints":{"allow":["GET"]}}],"collection":[{"href":"https:\/\/www.sknfastener.com\/es\/wp-json\/wp\/v2\/product"}],"about":[{"href":"https:\/\/www.sknfastener.com\/es\/wp-json\/wp\/v2\/types\/product"}],"replies":[{"embeddable":true,"href":"https:\/\/www.sknfastener.com\/es\/wp-json\/wp\/v2\/comments?post=1622"}],"version-history":[{"count":2,"href":"https:\/\/www.sknfastener.com\/es\/wp-json\/wp\/v2\/product\/1622\/revisions"}],"predecessor-version":[{"id":1843,"href":"https:\/\/www.sknfastener.com\/es\/wp-json\/wp\/v2\/product\/1622\/revisions\/1843"}],"wp:featuredmedia":[{"embeddable":true,"href":"https:\/\/www.sknfastener.com\/es\/wp-json\/wp\/v2\/media\/1807"}],"wp:attachment":[{"href":"https:\/\/www.sknfastener.com\/es\/wp-json\/wp\/v2\/media?parent=1622"}],"wp:term":[{"taxonomy":"product_brand","embeddable":true,"href":"https:\/\/www.sknfastener.com\/es\/wp-json\/wp\/v2\/product_brand?post=1622"},{"taxonomy":"product_cat","embeddable":true,"href":"https:\/\/www.sknfastener.com\/es\/wp-json\/wp\/v2\/product_cat?post=1622"},{"taxonomy":"product_tag","embeddable":true,"href":"https:\/\/www.sknfastener.com\/es\/wp-json\/wp\/v2\/product_tag?post=1622"}],"curies":[{"name":"wp","href":"https:\/\/api.w.org\/{rel}","templated":true}]}}