{"id":1648,"date":"2025-05-15T08:00:32","date_gmt":"2025-05-15T08:00:32","guid":{"rendered":"https:\/\/www.sknfastener.com\/?post_type=product&#038;p=1648"},"modified":"2025-05-17T18:15:38","modified_gmt":"2025-05-17T10:15:38","slug":"push-button-quick-release-pin","status":"publish","type":"product","link":"https:\/\/www.sknfastener.com\/es\/producto\/push-button-quick-release-pin\/","title":{"rendered":"Pasador de liberaci\u00f3n r\u00e1pida con pulsador"},"content":{"rendered":"<p class=\"\" data-start=\"564\" data-end=\"833\">Este pasador de cierre r\u00e1pido con pulsador est\u00e1 dise\u00f1ado para fijaciones pesadas en las que <strong data-start=\"644\" data-end=\"676\">rapidez, seguridad y precisi\u00f3n<\/strong> son esenciales. El pasador presenta un <strong data-start=\"711\" data-end=\"731\">mango contorneado<\/strong> para un agarre c\u00f3modo, lo que permite a los operarios insertar y extraer el pasador con eficacia, incluso con guantes.<\/p>\n<p class=\"\" data-start=\"835\" data-end=\"1160\">Fabricado con <strong data-start=\"857\" data-end=\"876\">acero inoxidable<\/strong>, el eje y el mango ofrecen una excelente resistencia a la corrosi\u00f3n y al desgaste, lo que hace que este pasador sea ideal para entornos industriales interiores y exteriores. El resorte <strong data-start=\"1039\" data-end=\"1070\">mecanismo de bloqueo de doble bola<\/strong> encaja con seguridad en el orificio de acoplamiento, evitando la retirada accidental durante el funcionamiento.<\/p>\n<p class=\"\" data-start=\"1162\" data-end=\"1324\">Su elegante perfil y sus precisas tolerancias garantizan un ajuste suave y un rendimiento repetible en dispositivos aeroespaciales, brazos rob\u00f3ticos, sistemas modulares de utillaje, etc.<\/p>\n<h2 class=\"\" data-start=\"1331\" data-end=\"1360\">Especificaciones t\u00e9cnicas<\/h2>\n<ul data-start=\"1362\" data-end=\"1820\">\n<li class=\"\" data-start=\"1362\" data-end=\"1420\">\n<p class=\"\" data-start=\"1364\" data-end=\"1420\"><strong data-start=\"1364\" data-end=\"1376\">Material<\/strong>: Acero inoxidable 304 \/ 316 (personalizable)<\/p>\n<\/li>\n<li class=\"\" data-start=\"1421\" data-end=\"1468\">\n<p class=\"\" data-start=\"1423\" data-end=\"1468\"><strong data-start=\"1423\" data-end=\"1440\">Material de la bola<\/strong>: SUS440C, HRC55+ endurecido<\/p>\n<\/li>\n<li class=\"\" data-start=\"1469\" data-end=\"1526\">\n<p class=\"\" data-start=\"1471\" data-end=\"1526\"><strong data-start=\"1471\" data-end=\"1492\">Mecanismo de bloqueo<\/strong>: Sistema de doble bola con resorte<\/p>\n<\/li>\n<li class=\"\" data-start=\"1527\" data-end=\"1604\">\n<p class=\"\" data-start=\"1529\" data-end=\"1604\"><strong data-start=\"1529\" data-end=\"1544\">Tipo de asa<\/strong>: Empu\u00f1adura ergon\u00f3mica contorneada, bot\u00f3n de liberaci\u00f3n integrado<\/p>\n<\/li>\n<li class=\"\" data-start=\"1605\" data-end=\"1644\">\n<p class=\"\" data-start=\"1607\" data-end=\"1644\"><strong data-start=\"1607\" data-end=\"1625\">Di\u00e1metro<\/strong>: \u00d85 mm a \u00d820 mm<\/p>\n<\/li>\n<li class=\"\" data-start=\"1645\" data-end=\"1700\">\n<p class=\"\" data-start=\"1647\" data-end=\"1700\"><strong data-start=\"1647\" data-end=\"1663\">Longitudes de agarre<\/strong>: 10 mm - 100 mm (a medida)<\/p>\n<\/li>\n<li class=\"\" data-start=\"1701\" data-end=\"1755\">\n<p class=\"\" data-start=\"1703\" data-end=\"1755\"><strong data-start=\"1703\" data-end=\"1721\">Acabado superficial<\/strong>: Natural \/ Pasivado \/ Cepillado<\/p>\n<\/li>\n<li class=\"\" data-start=\"1756\" data-end=\"1783\">\n<p class=\"\" data-start=\"1758\" data-end=\"1783\"><strong data-start=\"1758\" data-end=\"1771\">Tolerancia<\/strong>\u00b10,05 mm<\/p>\n<\/li>\n<li class=\"\" data-start=\"1784\" data-end=\"1820\">\n<p class=\"\" data-start=\"1786\" data-end=\"1820\"><strong data-start=\"1786\" data-end=\"1800\">Ciclo de vida<\/strong>: M\u00e1s de 10.000 ciclos<\/p>\n<\/li>\n<\/ul>\n<hr class=\"\" data-start=\"1822\" data-end=\"1825\" \/>\n<h2 class=\"\" data-start=\"1827\" data-end=\"1844\">Aplicaciones<\/h2>\n<ul data-start=\"1846\" data-end=\"2051\">\n<li class=\"\" data-start=\"1846\" data-end=\"1880\">\n<p class=\"\" data-start=\"1848\" data-end=\"1880\">\u00datiles de posicionamiento aeroespacial<\/p>\n<\/li>\n<li class=\"\" data-start=\"1881\" data-end=\"1923\">\n<p class=\"\" data-start=\"1883\" data-end=\"1923\">Sistemas de cambio de moldes y matrices de alta velocidad<\/p>\n<\/li>\n<li class=\"\" data-start=\"1924\" data-end=\"1954\">\n<p class=\"\" data-start=\"1926\" data-end=\"1954\">Dispositivos modulares de cambio de herramientas<\/p>\n<\/li>\n<li class=\"\" data-start=\"1955\" data-end=\"1986\">\n<p class=\"\" data-start=\"1957\" data-end=\"1986\">Utillaje de montaje para automoci\u00f3n<\/p>\n<\/li>\n<li class=\"\" data-start=\"1987\" data-end=\"2022\">\n<p class=\"\" data-start=\"1989\" data-end=\"2022\">Montajes mec\u00e1nicos de precisi\u00f3n<\/p>\n<\/li>\n<li class=\"\" data-start=\"2023\" data-end=\"2051\">\n<p class=\"\" data-start=\"2025\" data-end=\"2051\">Rob\u00f3tica y automatizaci\u00f3n de brazos<\/p>\n<\/li>\n<\/ul>\n<hr class=\"\" data-start=\"2053\" data-end=\"2056\" \/>\n<h2 class=\"\" data-start=\"2058\" data-end=\"2086\">Principales caracter\u00edsticas y ventajas<\/h2>\n<ul data-start=\"2088\" data-end=\"2456\">\n<li class=\"\" data-start=\"2088\" data-end=\"2151\">\n<p class=\"\" data-start=\"2090\" data-end=\"2151\"><strong data-start=\"2093\" data-end=\"2116\">Desbloqueo mediante pulsador<\/strong> para un funcionamiento r\u00e1pido y sin herramientas<\/p>\n<\/li>\n<li class=\"\" data-start=\"2152\" data-end=\"2215\">\n<p class=\"\" data-start=\"2154\" data-end=\"2215\"><strong data-start=\"2157\" data-end=\"2185\">Cierre seguro de doble bola<\/strong> evita la liberaci\u00f3n accidental<\/p>\n<\/li>\n<li class=\"\" data-start=\"2216\" data-end=\"2263\">\n<p class=\"\" data-start=\"2218\" data-end=\"2263\">\ufe0f <strong data-start=\"2222\" data-end=\"2239\">Ajuste de precisi\u00f3n<\/strong> con tolerancias estrictas<\/p>\n<\/li>\n<li class=\"\" data-start=\"2264\" data-end=\"2329\">\n<p class=\"\" data-start=\"2266\" data-end=\"2329\"><strong data-start=\"2269\" data-end=\"2299\">Mango ergon\u00f3mico contorneado<\/strong> para un mejor agarre y control<\/p>\n<\/li>\n<li class=\"\" data-start=\"2330\" data-end=\"2389\">\n<p class=\"\" data-start=\"2332\" data-end=\"2389\"><strong data-start=\"2335\" data-end=\"2374\">Acero inoxidable resistente a la corrosi\u00f3n<\/strong> construcci\u00f3n<\/p>\n<\/li>\n<li class=\"\" data-start=\"2390\" data-end=\"2456\">\n<p class=\"\" data-start=\"2392\" data-end=\"2456\">Tama\u00f1os personalizados, grabado de logotipos y mejoras de material disponibles<\/p>\n<\/li>\n<\/ul>\n<hr class=\"\" data-start=\"2458\" data-end=\"2461\" \/>\n<h2 class=\"\" data-start=\"2463\" data-end=\"2487\">Directrices para pedidos<\/h2>\n<p class=\"\" data-start=\"2489\" data-end=\"2524\">Para recibir un presupuesto, incluya:<\/p>\n<ul data-start=\"2525\" data-end=\"2702\">\n<li class=\"\" data-start=\"2525\" data-end=\"2557\">\n<p class=\"\" data-start=\"2527\" data-end=\"2557\">Di\u00e1metro del pasador y longitud de la empu\u00f1adura<\/p>\n<\/li>\n<li class=\"\" data-start=\"2558\" data-end=\"2603\">\n<p class=\"\" data-start=\"2560\" data-end=\"2603\">Material preferido (por ejemplo, SS304 o SS316)<\/p>\n<\/li>\n<li class=\"\" data-start=\"2604\" data-end=\"2638\">\n<p class=\"\" data-start=\"2606\" data-end=\"2638\">Cantidad y plazo de entrega<\/p>\n<\/li>\n<li class=\"\" data-start=\"2639\" data-end=\"2702\">\n<p class=\"\" data-start=\"2641\" data-end=\"2702\">Peticiones especiales (por ejemplo, revestimiento, grabado de asas, embalaje)<\/p>\n<\/li>\n<\/ul>","protected":false},"excerpt":{"rendered":"<p>Pasador de liberaci\u00f3n r\u00e1pida con dise\u00f1o de bot\u00f3n pulsador y mango contorneado ergon\u00f3mico. Construido en acero inoxidable para mayor durabilidad y resistencia a la corrosi\u00f3n, ideal para la industria aeroespacial, accesorios, moldes y cambios de herramienta de alta frecuencia.<\/p>","protected":false},"featured_media":1791,"comment_status":"closed","ping_status":"closed","template":"","meta":{"site-sidebar-layout":"default","site-content-layout":"","ast-site-content-layout":"default","site-content-style":"default","site-sidebar-style":"default","ast-global-header-display":"","ast-banner-title-visibility":"","ast-main-header-display":"","ast-hfb-above-header-display":"","ast-hfb-below-header-display":"","ast-hfb-mobile-header-display":"","site-post-title":"","ast-breadcrumbs-content":"","ast-featured-img":"","footer-sml-layout":"","ast-disable-related-posts":"","theme-transparent-header-meta":"default","adv-header-id-meta":"","stick-header-meta":"","header-above-stick-meta":"","header-main-stick-meta":"","header-below-stick-meta":"","astra-migrate-meta-layouts":"set","ast-page-background-enabled":"default","ast-page-background-meta":{"desktop":{"background-color":"var(--ast-global-color-4)","background-image":"","background-repeat":"repeat","background-position":"center center","background-size":"auto","background-attachment":"scroll","background-type":"","background-media":"","overlay-type":"","overlay-color":"","overlay-opacity":"","overlay-gradient":""},"tablet":{"background-color":"","background-image":"","background-repeat":"repeat","background-position":"center center","background-size":"auto","background-attachment":"scroll","background-type":"","background-media":"","overlay-type":"","overlay-color":"","overlay-opacity":"","overlay-gradient":""},"mobile":{"background-color":"","background-image":"","background-repeat":"repeat","background-position":"center center","background-size":"auto","background-attachment":"scroll","background-type":"","background-media":"","overlay-type":"","overlay-color":"","overlay-opacity":"","overlay-gradient":""}},"ast-content-background-meta":{"desktop":{"background-color":"var(--ast-global-color-5)","background-image":"","background-repeat":"repeat","background-position":"center center","background-size":"auto","background-attachment":"scroll","background-type":"","background-media":"","overlay-type":"","overlay-color":"","overlay-opacity":"","overlay-gradient":""},"tablet":{"background-color":"var(--ast-global-color-5)","background-image":"","background-repeat":"repeat","background-position":"center center","background-size":"auto","background-attachment":"scroll","background-type":"","background-media":"","overlay-type":"","overlay-color":"","overlay-opacity":"","overlay-gradient":""},"mobile":{"background-color":"var(--ast-global-color-5)","background-image":"","background-repeat":"repeat","background-position":"center center","background-size":"auto","background-attachment":"scroll","background-type":"","background-media":"","overlay-type":"","overlay-color":"","overlay-opacity":"","overlay-gradient":""}}},"product_brand":[],"product_cat":[19],"product_tag":[],"class_list":{"0":"post-1648","1":"product","2":"type-product","3":"status-publish","4":"has-post-thumbnail","6":"product_cat-fasteners","8":"first","9":"instock","10":"shipping-taxable","11":"product-type-simple"},"_links":{"self":[{"href":"https:\/\/www.sknfastener.com\/es\/wp-json\/wp\/v2\/product\/1648","targetHints":{"allow":["GET"]}}],"collection":[{"href":"https:\/\/www.sknfastener.com\/es\/wp-json\/wp\/v2\/product"}],"about":[{"href":"https:\/\/www.sknfastener.com\/es\/wp-json\/wp\/v2\/types\/product"}],"replies":[{"embeddable":true,"href":"https:\/\/www.sknfastener.com\/es\/wp-json\/wp\/v2\/comments?post=1648"}],"version-history":[{"count":1,"href":"https:\/\/www.sknfastener.com\/es\/wp-json\/wp\/v2\/product\/1648\/revisions"}],"predecessor-version":[{"id":1838,"href":"https:\/\/www.sknfastener.com\/es\/wp-json\/wp\/v2\/product\/1648\/revisions\/1838"}],"wp:featuredmedia":[{"embeddable":true,"href":"https:\/\/www.sknfastener.com\/es\/wp-json\/wp\/v2\/media\/1791"}],"wp:attachment":[{"href":"https:\/\/www.sknfastener.com\/es\/wp-json\/wp\/v2\/media?parent=1648"}],"wp:term":[{"taxonomy":"product_brand","embeddable":true,"href":"https:\/\/www.sknfastener.com\/es\/wp-json\/wp\/v2\/product_brand?post=1648"},{"taxonomy":"product_cat","embeddable":true,"href":"https:\/\/www.sknfastener.com\/es\/wp-json\/wp\/v2\/product_cat?post=1648"},{"taxonomy":"product_tag","embeddable":true,"href":"https:\/\/www.sknfastener.com\/es\/wp-json\/wp\/v2\/product_tag?post=1648"}],"curies":[{"name":"wp","href":"https:\/\/api.w.org\/{rel}","templated":true}]}}