{"id":1661,"date":"2025-05-15T08:22:43","date_gmt":"2025-05-15T08:22:43","guid":{"rendered":"https:\/\/www.sknfastener.com\/?post_type=product&#038;p=1661"},"modified":"2025-05-17T16:47:33","modified_gmt":"2025-05-17T08:47:33","slug":"quick-release-pin-manufacturers","status":"publish","type":"product","link":"https:\/\/www.sknfastener.com\/es\/producto\/quick-release-pin-manufacturers\/","title":{"rendered":"fabricantes de pasadores de cierre r\u00e1pido"},"content":{"rendered":"<p class=\"\" data-start=\"621\" data-end=\"915\">Fabricantes de pasadores de liberaci\u00f3n r\u00e1pida este pasador de bloqueo de bola es un <strong data-start=\"636\" data-end=\"685\">pasador de bloqueo de bola de liberaci\u00f3n r\u00e1pida estilo pulsador<\/strong> dise\u00f1ado para una fijaci\u00f3n r\u00e1pida, repetible y sin herramientas en sistemas industriales y mec\u00e1nicos. El pasador combina un <strong data-start=\"798\" data-end=\"823\">eje de acero inoxidable<\/strong> con un <strong data-start=\"831\" data-end=\"868\">mango ligero de aleaci\u00f3n de aluminio<\/strong>Contorno ergon\u00f3mico para un manejo suave.<\/p>\n<p class=\"\" data-start=\"917\" data-end=\"1200\">Internamente, un muelle de acero inoxidable garantiza un accionamiento uniforme, mientras que <strong data-start=\"990\" data-end=\"1029\">bolas de bloqueo de acero al carbono endurecido<\/strong> proporcionan una gran fuerza de sujeci\u00f3n una vez insertadas. El bot\u00f3n superior (disponible en varios colores) activa un mecanismo de resorte que retrae las bolas para extraerlas al instante.<\/p>\n<p class=\"\" data-start=\"1202\" data-end=\"1371\">Este modelo se utiliza habitualmente en <strong data-start=\"1233\" data-end=\"1304\">plantillas, utillajes, rob\u00f3tica, herramientas aeroespaciales y sistemas de automoci\u00f3n<\/strong>-donde se requiera el enganche frecuente de pasadores bajo vibraci\u00f3n o carga.<\/p>\n<h2 class=\"\" data-start=\"1378\" data-end=\"1397\">Especificaciones<\/h2>\n<div class=\"_tableContainer_16hzy_1\">\n<div class=\"_tableWrapper_16hzy_14 group flex w-fit flex-col-reverse\" tabindex=\"-1\">\n<table class=\"w-fit min-w-(--thread-content-width)\" data-start=\"1399\" data-end=\"1702\">\n<thead data-start=\"1399\" data-end=\"1434\">\n<tr data-start=\"1399\" data-end=\"1434\">\n<th data-start=\"1399\" data-end=\"1411\" data-col-size=\"sm\">Componente<\/th>\n<th data-start=\"1411\" data-end=\"1434\" data-col-size=\"sm\">Material<\/th>\n<\/tr>\n<\/thead>\n<tbody data-start=\"1470\" data-end=\"1702\">\n<tr data-start=\"1470\" data-end=\"1504\">\n<td data-start=\"1470\" data-end=\"1481\" data-col-size=\"sm\">Pin<\/td>\n<td data-col-size=\"sm\" data-start=\"1481\" data-end=\"1504\">Acero inoxidable 304<\/td>\n<\/tr>\n<tr data-start=\"1505\" data-end=\"1539\">\n<td data-start=\"1505\" data-end=\"1516\" data-col-size=\"sm\">Primavera<\/td>\n<td data-start=\"1516\" data-end=\"1539\" data-col-size=\"sm\">Acero inoxidable 304<\/td>\n<\/tr>\n<tr data-start=\"1540\" data-end=\"1580\">\n<td data-start=\"1540\" data-end=\"1551\" data-col-size=\"sm\">Mango<\/td>\n<td data-start=\"1551\" data-end=\"1580\" data-col-size=\"sm\">Aleaci\u00f3n de aluminio (anodizado)<\/td>\n<\/tr>\n<tr data-start=\"1581\" data-end=\"1617\">\n<td data-start=\"1581\" data-end=\"1592\" data-col-size=\"sm\">Bola<\/td>\n<td data-start=\"1592\" data-end=\"1617\" data-col-size=\"sm\">Acero al carbono endurecido<\/td>\n<\/tr>\n<tr data-start=\"1618\" data-end=\"1662\">\n<td data-start=\"1618\" data-end=\"1629\" data-col-size=\"sm\">Bot\u00f3n<\/td>\n<td data-col-size=\"sm\" data-start=\"1629\" data-end=\"1662\">Acero inoxidable (codificado por colores)<\/td>\n<\/tr>\n<tr data-start=\"1663\" data-end=\"1702\">\n<td data-start=\"1663\" data-end=\"1674\" data-col-size=\"sm\">Anillo<\/td>\n<td data-start=\"1674\" data-end=\"1702\" data-col-size=\"sm\">Acero inoxidable (opcional)<\/td>\n<\/tr>\n<\/tbody>\n<\/table>\n<div class=\"sticky end-(--thread-content-margin) h-0 self-end select-none\">\n<div class=\"absolute end-0 flex items-end\"><\/div>\n<\/div>\n<\/div>\n<\/div>\n<ul data-start=\"1704\" data-end=\"1959\">\n<li class=\"\" data-start=\"1704\" data-end=\"1744\">\n<p class=\"\" data-start=\"1706\" data-end=\"1744\"><strong data-start=\"1706\" data-end=\"1728\">Gama de di\u00e1metros (A)<\/strong>: 5 mm - 16 mm<\/p>\n<\/li>\n<li class=\"\" data-start=\"1745\" data-end=\"1784\">\n<p class=\"\" data-start=\"1747\" data-end=\"1784\"><strong data-start=\"1747\" data-end=\"1766\">Longitud de la empu\u00f1adura (L)<\/strong>: 10 mm - 100 mm<\/p>\n<\/li>\n<li class=\"\" data-start=\"1785\" data-end=\"1838\">\n<p class=\"\" data-start=\"1787\" data-end=\"1838\"><strong data-start=\"1787\" data-end=\"1804\">Acabado del asa<\/strong>: Negro o color anodizado personalizado<\/p>\n<\/li>\n<li class=\"\" data-start=\"1839\" data-end=\"1867\">\n<p class=\"\" data-start=\"1841\" data-end=\"1867\"><strong data-start=\"1841\" data-end=\"1855\">Tolerancias<\/strong>\u00b10,05 mm<\/p>\n<\/li>\n<li class=\"\" data-start=\"1868\" data-end=\"1910\">\n<p class=\"\" data-start=\"1870\" data-end=\"1910\"><strong data-start=\"1870\" data-end=\"1888\">Vida \u00fatil<\/strong>: M\u00e1s de 10.000 ciclos<\/p>\n<\/li>\n<li class=\"\" data-start=\"1911\" data-end=\"1959\">\n<p class=\"\" data-start=\"1913\" data-end=\"1959\"><strong data-start=\"1913\" data-end=\"1931\">Acabado superficial<\/strong>: Natural \/ Cepillado \/ Personalizado<\/p>\n<\/li>\n<\/ul>\n<p class=\"\" data-start=\"1961\" data-end=\"2040\"><em data-start=\"1964\" data-end=\"2040\">Tama\u00f1os personalizados, opciones de hilo, colores de botones y grabado de logotipos disponibles.<\/em><\/p>\n<hr class=\"\" data-start=\"2042\" data-end=\"2045\" \/>\n<h2 class=\"\" data-start=\"2047\" data-end=\"2079\">\u2705 Referencia de dibujo t\u00e9cnico<\/h2>\n<p class=\"\" data-start=\"2081\" data-end=\"2161\">El producto sigue una sencilla estructura de asa en L con par\u00e1metros dimensionales clave:<\/p>\n<ul data-start=\"2163\" data-end=\"2316\">\n<li class=\"\" data-start=\"2163\" data-end=\"2186\">\n<p class=\"\" data-start=\"2165\" data-end=\"2186\"><strong data-start=\"2165\" data-end=\"2170\">A<\/strong>: Di\u00e1metro del pasador<\/p>\n<\/li>\n<li class=\"\" data-start=\"2187\" data-end=\"2211\">\n<p class=\"\" data-start=\"2189\" data-end=\"2211\"><strong data-start=\"2189\" data-end=\"2194\">L<\/strong>: Longitud \u00fatil<\/p>\n<\/li>\n<li class=\"\" data-start=\"2212\" data-end=\"2267\">\n<p class=\"\" data-start=\"2214\" data-end=\"2267\"><strong data-start=\"2214\" data-end=\"2225\">B, C, D<\/strong>: Cabeza esf\u00e9rica, base del eje y zona de botones<\/p>\n<\/li>\n<li class=\"\" data-start=\"2268\" data-end=\"2316\">\n<p class=\"\" data-start=\"2270\" data-end=\"2316\"><strong data-start=\"2270\" data-end=\"2278\">H, J<\/strong>: Dimensiones de la empu\u00f1adura para mayor agarre y comodidad<\/p>\n<\/li>\n<\/ul>\n<p class=\"\" data-start=\"2318\" data-end=\"2378\">Se pueden facilitar planos CAD y archivos STEP para su integraci\u00f3n.<\/p>\n<hr class=\"\" data-start=\"2380\" data-end=\"2383\" \/>\n<h2 class=\"\" data-start=\"2385\" data-end=\"2402\">Aplicaciones<\/h2>\n<ul data-start=\"2404\" data-end=\"2568\">\n<li class=\"\" data-start=\"2404\" data-end=\"2435\">\n<p class=\"\" data-start=\"2406\" data-end=\"2435\">Sistemas de cambio de moldes y matrices<\/p>\n<\/li>\n<li class=\"\" data-start=\"2436\" data-end=\"2465\">\n<p class=\"\" data-start=\"2438\" data-end=\"2465\">Pinzas y brazos rob\u00f3ticos<\/p>\n<\/li>\n<li class=\"\" data-start=\"2466\" data-end=\"2496\">\n<p class=\"\" data-start=\"2468\" data-end=\"2496\">Posicionamiento de herramientas aeroespaciales<\/p>\n<\/li>\n<li class=\"\" data-start=\"2497\" data-end=\"2524\">\n<p class=\"\" data-start=\"2499\" data-end=\"2524\">Fijaci\u00f3n modular<\/p>\n<\/li>\n<li class=\"\" data-start=\"2525\" data-end=\"2568\">\n<p class=\"\" data-start=\"2527\" data-end=\"2568\">Plataformas de montaje y ensayo de autom\u00f3viles<\/p>\n<\/li>\n<\/ul>\n<hr class=\"\" data-start=\"2570\" data-end=\"2573\" \/>\n<h2 class=\"\" data-start=\"2575\" data-end=\"2599\">Caracter\u00edsticas y ventajas<\/h2>\n<ul data-start=\"2601\" data-end=\"2909\">\n<li class=\"\" data-start=\"2601\" data-end=\"2661\">\n<p class=\"\" data-start=\"2603\" data-end=\"2661\"><strong data-start=\"2606\" data-end=\"2629\">Desbloqueo mediante pulsador<\/strong> con cierre seguro de doble bola<\/p>\n<\/li>\n<li class=\"\" data-start=\"2662\" data-end=\"2722\">\n<p class=\"\" data-start=\"2664\" data-end=\"2722\"><strong data-start=\"2667\" data-end=\"2690\">Funcionamiento sin herramientas<\/strong>ideal para cambios r\u00e1pidos<\/p>\n<\/li>\n<li class=\"\" data-start=\"2723\" data-end=\"2779\">\n<p class=\"\" data-start=\"2725\" data-end=\"2779\">\ufe0f <strong data-start=\"2729\" data-end=\"2768\">Eje inoxidable resistente a la corrosi\u00f3n<\/strong> (SUS304)<\/p>\n<\/li>\n<li class=\"\" data-start=\"2780\" data-end=\"2850\">\n<p class=\"\" data-start=\"2782\" data-end=\"2850\"><strong data-start=\"2785\" data-end=\"2816\">Mango anodizado ligero<\/strong>F\u00e1cil de identificar o codificar por colores<\/p>\n<\/li>\n<li class=\"\" data-start=\"2851\" data-end=\"2909\">\n<p class=\"\" data-start=\"2853\" data-end=\"2909\">\ufe0f Se admiten longitudes, colores y materiales de empu\u00f1adura personalizados<\/p>\n<\/li>\n<\/ul>\n<hr class=\"\" data-start=\"2911\" data-end=\"2914\" \/>\n<h2 class=\"\" data-start=\"2916\" data-end=\"2941\">Informaci\u00f3n para pedidos<\/h2>\n<p class=\"\" data-start=\"2943\" data-end=\"2983\">Cuando env\u00ede una consulta, incluya:<\/p>\n<ul data-start=\"2984\" data-end=\"3183\">\n<li class=\"\" data-start=\"2984\" data-end=\"3022\">\n<p class=\"\" data-start=\"2986\" data-end=\"3022\">Di\u00e1metro del pasador (A) y longitud de la empu\u00f1adura (L)<\/p>\n<\/li>\n<li class=\"\" data-start=\"3023\" data-end=\"3035\">\n<p class=\"\" data-start=\"3025\" data-end=\"3035\">Cantidad<\/p>\n<\/li>\n<li class=\"\" data-start=\"3036\" data-end=\"3088\">\n<p class=\"\" data-start=\"3038\" data-end=\"3088\">Color preferido de la empu\u00f1adura (negro, azul, dorado, etc.)<\/p>\n<\/li>\n<li class=\"\" data-start=\"3089\" data-end=\"3148\">\n<p class=\"\" data-start=\"3091\" data-end=\"3148\">Opcional: logotipo personalizado, marcado por l\u00e1ser o anillo accesorio<\/p>\n<\/li>\n<li class=\"\" data-start=\"3149\" data-end=\"3183\">\n<p class=\"\" data-start=\"3151\" data-end=\"3183\">Requisitos de embalaje o exportaci\u00f3n<\/p>\n<\/li>\n<\/ul>","protected":false},"excerpt":{"rendered":"<p><strong data-start=\"351\" data-end=\"415\">Los fabricantes de pasadores de cierre r\u00e1pido fabrican pasadores de cierre r\u00e1pido con empu\u00f1adura de aluminio con pulsador<\/strong>Ideal para herramientas, montaje y aplicaciones aeroespaciales. Fabricadas en acero inoxidable de alta calidad. <strong data-start=\"512\" data-end=\"588\">Disponibles en di\u00e1metros, longitudes de empu\u00f1adura y materiales personalizados bajo pedido.<\/strong><\/p>","protected":false},"featured_media":1811,"comment_status":"closed","ping_status":"closed","template":"","meta":{"site-sidebar-layout":"default","site-content-layout":"","ast-site-content-layout":"default","site-content-style":"default","site-sidebar-style":"default","ast-global-header-display":"","ast-banner-title-visibility":"","ast-main-header-display":"","ast-hfb-above-header-display":"","ast-hfb-below-header-display":"","ast-hfb-mobile-header-display":"","site-post-title":"","ast-breadcrumbs-content":"","ast-featured-img":"","footer-sml-layout":"","ast-disable-related-posts":"","theme-transparent-header-meta":"default","adv-header-id-meta":"","stick-header-meta":"","header-above-stick-meta":"","header-main-stick-meta":"","header-below-stick-meta":"","astra-migrate-meta-layouts":"set","ast-page-background-enabled":"default","ast-page-background-meta":{"desktop":{"background-color":"var(--ast-global-color-4)","background-image":"","background-repeat":"repeat","background-position":"center center","background-size":"auto","background-attachment":"scroll","background-type":"","background-media":"","overlay-type":"","overlay-color":"","overlay-opacity":"","overlay-gradient":""},"tablet":{"background-color":"","background-image":"","background-repeat":"repeat","background-position":"center center","background-size":"auto","background-attachment":"scroll","background-type":"","background-media":"","overlay-type":"","overlay-color":"","overlay-opacity":"","overlay-gradient":""},"mobile":{"background-color":"","background-image":"","background-repeat":"repeat","background-position":"center center","background-size":"auto","background-attachment":"scroll","background-type":"","background-media":"","overlay-type":"","overlay-color":"","overlay-opacity":"","overlay-gradient":""}},"ast-content-background-meta":{"desktop":{"background-color":"var(--ast-global-color-5)","background-image":"","background-repeat":"repeat","background-position":"center center","background-size":"auto","background-attachment":"scroll","background-type":"","background-media":"","overlay-type":"","overlay-color":"","overlay-opacity":"","overlay-gradient":""},"tablet":{"background-color":"var(--ast-global-color-5)","background-image":"","background-repeat":"repeat","background-position":"center center","background-size":"auto","background-attachment":"scroll","background-type":"","background-media":"","overlay-type":"","overlay-color":"","overlay-opacity":"","overlay-gradient":""},"mobile":{"background-color":"var(--ast-global-color-5)","background-image":"","background-repeat":"repeat","background-position":"center center","background-size":"auto","background-attachment":"scroll","background-type":"","background-media":"","overlay-type":"","overlay-color":"","overlay-opacity":"","overlay-gradient":""}}},"product_brand":[],"product_cat":[19],"product_tag":[],"class_list":{"0":"post-1661","1":"product","2":"type-product","3":"status-publish","4":"has-post-thumbnail","6":"product_cat-fasteners","8":"first","9":"instock","10":"shipping-taxable","11":"product-type-simple"},"_links":{"self":[{"href":"https:\/\/www.sknfastener.com\/es\/wp-json\/wp\/v2\/product\/1661","targetHints":{"allow":["GET"]}}],"collection":[{"href":"https:\/\/www.sknfastener.com\/es\/wp-json\/wp\/v2\/product"}],"about":[{"href":"https:\/\/www.sknfastener.com\/es\/wp-json\/wp\/v2\/types\/product"}],"replies":[{"embeddable":true,"href":"https:\/\/www.sknfastener.com\/es\/wp-json\/wp\/v2\/comments?post=1661"}],"version-history":[{"count":1,"href":"https:\/\/www.sknfastener.com\/es\/wp-json\/wp\/v2\/product\/1661\/revisions"}],"predecessor-version":[{"id":1835,"href":"https:\/\/www.sknfastener.com\/es\/wp-json\/wp\/v2\/product\/1661\/revisions\/1835"}],"wp:featuredmedia":[{"embeddable":true,"href":"https:\/\/www.sknfastener.com\/es\/wp-json\/wp\/v2\/media\/1811"}],"wp:attachment":[{"href":"https:\/\/www.sknfastener.com\/es\/wp-json\/wp\/v2\/media?parent=1661"}],"wp:term":[{"taxonomy":"product_brand","embeddable":true,"href":"https:\/\/www.sknfastener.com\/es\/wp-json\/wp\/v2\/product_brand?post=1661"},{"taxonomy":"product_cat","embeddable":true,"href":"https:\/\/www.sknfastener.com\/es\/wp-json\/wp\/v2\/product_cat?post=1661"},{"taxonomy":"product_tag","embeddable":true,"href":"https:\/\/www.sknfastener.com\/es\/wp-json\/wp\/v2\/product_tag?post=1661"}],"curies":[{"name":"wp","href":"https:\/\/api.w.org\/{rel}","templated":true}]}}