{"id":1669,"date":"2025-05-15T08:32:19","date_gmt":"2025-05-15T08:32:19","guid":{"rendered":"https:\/\/www.sknfastener.com\/?post_type=product&#038;p=1669"},"modified":"2025-05-15T08:32:19","modified_gmt":"2025-05-15T08:32:19","slug":"stainless-steel-quick-release-pin-2","status":"publish","type":"product","link":"https:\/\/www.sknfastener.com\/es\/producto\/stainless-steel-quick-release-pin-2\/","title":{"rendered":"Pasador de liberaci\u00f3n r\u00e1pida de acero inoxidable"},"content":{"rendered":"<p class=\"\" data-start=\"525\" data-end=\"830\">Este pasador de cierre r\u00e1pido de acero inoxidable ofrece una soluci\u00f3n compacta y sencilla para aplicaciones que requieren un montaje o posicionamiento r\u00e1pido y sin herramientas. Cuenta con un <strong data-start=\"685\" data-end=\"731\">pasador ranurado con mecanismo de muelle de retorno<\/strong> y un <strong data-start=\"738\" data-end=\"759\">asa de anillo redondo<\/strong>Permite al usuario tirar y soltar r\u00e1pidamente el pasador con una sola mano.<\/p>\n<p class=\"\" data-start=\"832\" data-end=\"1086\">Fabricado en <strong data-start=\"845\" data-end=\"879\">acero inoxidable 304 de alta calidad<\/strong>, este pasador resiste el \u00f3xido y el desgaste, por lo que es adecuado tanto para uso en interiores como en exteriores. La anilla integrada puede utilizarse para sujetar correas de sujeci\u00f3n, cuerdas de seguridad o simplemente para facilitar el agarre y el manejo.<\/p>\n<p class=\"\" data-start=\"1088\" data-end=\"1301\">Este dise\u00f1o es especialmente adecuado para <strong data-start=\"1127\" data-end=\"1151\">fijaci\u00f3n ligera<\/strong>, peque\u00f1os componentes mec\u00e1nicos, paneles o alineaci\u00f3n de accesorios port\u00e1tiles. Tambi\u00e9n se utiliza con frecuencia en equipos de recreo, cierres y accesorios marinos.<\/p>\n<h2 class=\"\" data-start=\"1308\" data-end=\"1335\">Especificaciones del producto<\/h2>\n<ul data-start=\"1337\" data-end=\"1817\">\n<li class=\"\" data-start=\"1337\" data-end=\"1374\">\n<p class=\"\" data-start=\"1339\" data-end=\"1374\"><strong data-start=\"1339\" data-end=\"1351\">Material<\/strong>: Acero inoxidable 304<\/p>\n<\/li>\n<li class=\"\" data-start=\"1375\" data-end=\"1432\">\n<p class=\"\" data-start=\"1377\" data-end=\"1432\"><strong data-start=\"1377\" data-end=\"1387\">Dise\u00f1o<\/strong>: Pasador ranurado con muelle helicoidal y punta plana<\/p>\n<\/li>\n<li class=\"\" data-start=\"1433\" data-end=\"1481\">\n<p class=\"\" data-start=\"1435\" data-end=\"1481\"><strong data-start=\"1435\" data-end=\"1448\">Tipo de anillo<\/strong>: Llavero redondo, no extra\u00edble<\/p>\n<\/li>\n<li class=\"\" data-start=\"1482\" data-end=\"1539\">\n<p class=\"\" data-start=\"1484\" data-end=\"1539\"><strong data-start=\"1484\" data-end=\"1495\">Superficie<\/strong>: Pulido \/ Pasivado \/ Mate (Opcional)<\/p>\n<\/li>\n<li class=\"\" data-start=\"1540\" data-end=\"1579\">\n<p class=\"\" data-start=\"1542\" data-end=\"1579\"><strong data-start=\"1542\" data-end=\"1564\">Di\u00e1metro del pasador<\/strong>: 2 mm - 8 mm<\/p>\n<\/li>\n<li class=\"\" data-start=\"1580\" data-end=\"1617\">\n<p class=\"\" data-start=\"1582\" data-end=\"1617\"><strong data-start=\"1582\" data-end=\"1600\">Longitud total<\/strong>: 30 mm - 80 mm<\/p>\n<\/li>\n<li class=\"\" data-start=\"1618\" data-end=\"1654\">\n<p class=\"\" data-start=\"1620\" data-end=\"1654\"><strong data-start=\"1620\" data-end=\"1637\">Di\u00e1metro del anillo<\/strong>: 20 mm - 35 mm<\/p>\n<\/li>\n<li class=\"\" data-start=\"1655\" data-end=\"1682\">\n<p class=\"\" data-start=\"1657\" data-end=\"1682\"><strong data-start=\"1657\" data-end=\"1670\">Tolerancia<\/strong>\u00b10,05 mm<\/p>\n<\/li>\n<li class=\"\" data-start=\"1683\" data-end=\"1751\">\n<p class=\"\" data-start=\"1685\" data-end=\"1751\"><strong data-start=\"1685\" data-end=\"1703\">Opciones de acabado<\/strong>: Cepillado, pulido espejo o electropulido<\/p>\n<\/li>\n<li class=\"\" data-start=\"1752\" data-end=\"1817\">\n<p class=\"\" data-start=\"1754\" data-end=\"1817\"><strong data-start=\"1754\" data-end=\"1772\">Opciones personalizadas<\/strong>: Logotipo OEM, embalaje, forma y longitud del anillo<\/p>\n<\/li>\n<\/ul>\n<p class=\"\" data-start=\"1819\" data-end=\"1876\"> Dibujos CAD o datos t\u00e9cnicos disponibles previa solicitud.<\/p>\n<hr class=\"\" data-start=\"1878\" data-end=\"1881\" \/>\n<h2 class=\"\" data-start=\"1883\" data-end=\"1908\">Aplicaciones t\u00edpicas<\/h2>\n<ul data-start=\"1910\" data-end=\"2091\">\n<li class=\"\" data-start=\"1910\" data-end=\"1938\">\n<p class=\"\" data-start=\"1912\" data-end=\"1938\">Cerraduras para equipos port\u00e1tiles<\/p>\n<\/li>\n<li class=\"\" data-start=\"1939\" data-end=\"1977\">\n<p class=\"\" data-start=\"1941\" data-end=\"1977\">Equipamiento deportivo y piezas de desmontaje r\u00e1pido<\/p>\n<\/li>\n<li class=\"\" data-start=\"1978\" data-end=\"2022\">\n<p class=\"\" data-start=\"1980\" data-end=\"2022\">Plantillas a peque\u00f1a escala o alineaci\u00f3n mec\u00e1nica<\/p>\n<\/li>\n<li class=\"\" data-start=\"2023\" data-end=\"2063\">\n<p class=\"\" data-start=\"2025\" data-end=\"2063\">Accesorios marinos y cierres de paneles<\/p>\n<\/li>\n<li class=\"\" data-start=\"2064\" data-end=\"2091\">\n<p class=\"\" data-start=\"2066\" data-end=\"2091\">Aplicaciones de fijaci\u00f3n para bricolaje<\/p>\n<\/li>\n<\/ul>\n<hr class=\"\" data-start=\"2093\" data-end=\"2096\" \/>\n<h2 class=\"\" data-start=\"2098\" data-end=\"2119\">Caracter\u00edsticas del producto<\/h2>\n<ul data-start=\"2121\" data-end=\"2441\">\n<li class=\"\" data-start=\"2121\" data-end=\"2185\">\n<p class=\"\" data-start=\"2123\" data-end=\"2185\"> <strong data-start=\"2126\" data-end=\"2154\">Retracci\u00f3n por muelle<\/strong> para un uso r\u00e1pido y repetible<\/p>\n<\/li>\n<li class=\"\" data-start=\"2186\" data-end=\"2243\">\n<p class=\"\" data-start=\"2188\" data-end=\"2243\"> <strong data-start=\"2191\" data-end=\"2221\">Funcionamiento sencillo mediante anillo de tracci\u00f3n<\/strong> - no se necesitan herramientas<\/p>\n<\/li>\n<li class=\"\" data-start=\"2244\" data-end=\"2313\">\n<p class=\"\" data-start=\"2246\" data-end=\"2313\">\ufe0f <strong data-start=\"2250\" data-end=\"2282\">Construcci\u00f3n de acero inoxidable<\/strong> garantiza la resistencia a la corrosi\u00f3n<\/p>\n<\/li>\n<li class=\"\" data-start=\"2314\" data-end=\"2380\">\n<p class=\"\" data-start=\"2316\" data-end=\"2380\"> <strong data-start=\"2319\" data-end=\"2346\">Pasador compacto y ligero<\/strong> para una fijaci\u00f3n y liberaci\u00f3n r\u00e1pidas<\/p>\n<\/li>\n<li class=\"\" data-start=\"2381\" data-end=\"2441\">\n<p class=\"\" data-start=\"2383\" data-end=\"2441\">\ufe0f <strong data-start=\"2387\" data-end=\"2441\">El tama\u00f1o y el di\u00e1metro del alambre pueden personalizarse a petici\u00f3n del cliente<\/strong><\/p>\n<\/li>\n<\/ul>\n<hr class=\"\" data-start=\"2443\" data-end=\"2446\" \/>\n<h2 class=\"\" data-start=\"2448\" data-end=\"2473\">Informaci\u00f3n para pedidos<\/h2>\n<p class=\"\" data-start=\"2475\" data-end=\"2528\">Especifique lo siguiente al solicitar un presupuesto:<\/p>\n<ul data-start=\"2529\" data-end=\"2675\">\n<li class=\"\" data-start=\"2529\" data-end=\"2557\">\n<p class=\"\" data-start=\"2531\" data-end=\"2557\">Di\u00e1metro de la clavija (por ejemplo, 4 mm)<\/p>\n<\/li>\n<li class=\"\" data-start=\"2558\" data-end=\"2588\">\n<p class=\"\" data-start=\"2560\" data-end=\"2588\">Longitud \u00fatil (por ejemplo, 50 mm)<\/p>\n<\/li>\n<li class=\"\" data-start=\"2589\" data-end=\"2627\">\n<p class=\"\" data-start=\"2591\" data-end=\"2627\">Di\u00e1metro del anillo (est\u00e1ndar o personalizado)<\/p>\n<\/li>\n<li class=\"\" data-start=\"2628\" data-end=\"2640\">\n<p class=\"\" data-start=\"2630\" data-end=\"2640\">Cantidad<\/p>\n<\/li>\n<li class=\"\" data-start=\"2641\" data-end=\"2675\">\n<p class=\"\" data-start=\"2643\" data-end=\"2675\">Requisitos de acabado o envasado<\/p>\n<\/li>\n<\/ul>","protected":false},"excerpt":{"rendered":"<p>Pasador r\u00e1pido de acero inoxidable con dise\u00f1o de llavero, fabricado en acero inoxidable 304 resistente a la corrosi\u00f3n. Ideal para trabajos ligeros de fijaci\u00f3n y alineaci\u00f3n. <strong data-start=\"426\" data-end=\"492\">Disponibles en di\u00e1metros y longitudes personalizados en funci\u00f3n de sus necesidades.<\/strong><\/p>","protected":false},"featured_media":1670,"comment_status":"open","ping_status":"closed","template":"","meta":{"site-sidebar-layout":"default","site-content-layout":"","ast-site-content-layout":"default","site-content-style":"default","site-sidebar-style":"default","ast-global-header-display":"","ast-banner-title-visibility":"","ast-main-header-display":"","ast-hfb-above-header-display":"","ast-hfb-below-header-display":"","ast-hfb-mobile-header-display":"","site-post-title":"","ast-breadcrumbs-content":"","ast-featured-img":"","footer-sml-layout":"","ast-disable-related-posts":"","theme-transparent-header-meta":"default","adv-header-id-meta":"","stick-header-meta":"","header-above-stick-meta":"","header-main-stick-meta":"","header-below-stick-meta":"","astra-migrate-meta-layouts":"set","ast-page-background-enabled":"default","ast-page-background-meta":{"desktop":{"background-color":"var(--ast-global-color-4)","background-image":"","background-repeat":"repeat","background-position":"center center","background-size":"auto","background-attachment":"scroll","background-type":"","background-media":"","overlay-type":"","overlay-color":"","overlay-opacity":"","overlay-gradient":""},"tablet":{"background-color":"","background-image":"","background-repeat":"repeat","background-position":"center center","background-size":"auto","background-attachment":"scroll","background-type":"","background-media":"","overlay-type":"","overlay-color":"","overlay-opacity":"","overlay-gradient":""},"mobile":{"background-color":"","background-image":"","background-repeat":"repeat","background-position":"center center","background-size":"auto","background-attachment":"scroll","background-type":"","background-media":"","overlay-type":"","overlay-color":"","overlay-opacity":"","overlay-gradient":""}},"ast-content-background-meta":{"desktop":{"background-color":"var(--ast-global-color-5)","background-image":"","background-repeat":"repeat","background-position":"center center","background-size":"auto","background-attachment":"scroll","background-type":"","background-media":"","overlay-type":"","overlay-color":"","overlay-opacity":"","overlay-gradient":""},"tablet":{"background-color":"var(--ast-global-color-5)","background-image":"","background-repeat":"repeat","background-position":"center center","background-size":"auto","background-attachment":"scroll","background-type":"","background-media":"","overlay-type":"","overlay-color":"","overlay-opacity":"","overlay-gradient":""},"mobile":{"background-color":"var(--ast-global-color-5)","background-image":"","background-repeat":"repeat","background-position":"center center","background-size":"auto","background-attachment":"scroll","background-type":"","background-media":"","overlay-type":"","overlay-color":"","overlay-opacity":"","overlay-gradient":""}}},"product_brand":[],"product_cat":[19],"product_tag":[],"class_list":{"0":"post-1669","1":"product","2":"type-product","3":"status-publish","4":"has-post-thumbnail","6":"product_cat-fasteners","8":"first","9":"instock","10":"shipping-taxable","11":"product-type-simple"},"_links":{"self":[{"href":"https:\/\/www.sknfastener.com\/es\/wp-json\/wp\/v2\/product\/1669","targetHints":{"allow":["GET"]}}],"collection":[{"href":"https:\/\/www.sknfastener.com\/es\/wp-json\/wp\/v2\/product"}],"about":[{"href":"https:\/\/www.sknfastener.com\/es\/wp-json\/wp\/v2\/types\/product"}],"replies":[{"embeddable":true,"href":"https:\/\/www.sknfastener.com\/es\/wp-json\/wp\/v2\/comments?post=1669"}],"version-history":[{"count":0,"href":"https:\/\/www.sknfastener.com\/es\/wp-json\/wp\/v2\/product\/1669\/revisions"}],"wp:featuredmedia":[{"embeddable":true,"href":"https:\/\/www.sknfastener.com\/es\/wp-json\/wp\/v2\/media\/1670"}],"wp:attachment":[{"href":"https:\/\/www.sknfastener.com\/es\/wp-json\/wp\/v2\/media?parent=1669"}],"wp:term":[{"taxonomy":"product_brand","embeddable":true,"href":"https:\/\/www.sknfastener.com\/es\/wp-json\/wp\/v2\/product_brand?post=1669"},{"taxonomy":"product_cat","embeddable":true,"href":"https:\/\/www.sknfastener.com\/es\/wp-json\/wp\/v2\/product_cat?post=1669"},{"taxonomy":"product_tag","embeddable":true,"href":"https:\/\/www.sknfastener.com\/es\/wp-json\/wp\/v2\/product_tag?post=1669"}],"curies":[{"name":"wp","href":"https:\/\/api.w.org\/{rel}","templated":true}]}}