{"id":1694,"date":"2025-05-15T09:20:42","date_gmt":"2025-05-15T09:20:42","guid":{"rendered":"https:\/\/www.sknfastener.com\/?post_type=product&#038;p=1694"},"modified":"2025-05-20T20:36:42","modified_gmt":"2025-05-20T12:36:42","slug":"ball-lock-pin","status":"publish","type":"product","link":"https:\/\/www.sknfastener.com\/es\/producto\/ball-lock-pin\/","title":{"rendered":"Pasador de bloqueo de bola"},"content":{"rendered":"<h2 class=\"\" data-start=\"669\" data-end=\"695\">\u2705<strong>Pasador de bloqueo de bola <\/strong>Descripci\u00f3n<\/h2>\n<p>&nbsp;<\/p>\n<p class=\"\" data-start=\"697\" data-end=\"1171\">Este <strong data-start=\"702\" data-end=\"735\">Pasador de bloqueo de bola<\/strong>\u00a0ofrece una soluci\u00f3n de cierre pr\u00e1ctica y eficaz para sectores en los que la velocidad, la seguridad y la fiabilidad son esenciales. El pasador presenta un <strong data-start=\"872\" data-end=\"920\">eje de acero inoxidable 304 mecanizado con precisi\u00f3n<\/strong>combinado con un <strong data-start=\"938\" data-end=\"968\">bola de bloqueo con resorte<\/strong> y un pomo ligero de aluminio o pl\u00e1stico para facilitar su manejo. Acero inoxidable <strong data-start=\"1049\" data-end=\"1061\">llavero<\/strong> est\u00e1 integrado para mayor seguridad, lo que permite atarlo o fijarlo r\u00e1pidamente en entornos de trabajo din\u00e1micos.<\/p>\n<p class=\"\" data-start=\"1173\" data-end=\"1474\">Gracias a su <strong data-start=\"1187\" data-end=\"1219\">manejo intuitivo con una sola mano<\/strong>Este pasador es ideal para aplicaciones que requieren una r\u00e1pida inserci\u00f3n y extracci\u00f3n sin necesidad de herramientas. Tanto si se utiliza para montajes estructurales, posicionamiento de equipos o ensamblajes modulares, este pasador ofrece un rendimiento constante en condiciones duras y de uso repetitivo.<\/p>\n<hr class=\"\" data-start=\"1476\" data-end=\"1479\" \/>\n<h2 class=\"\" data-start=\"1481\" data-end=\"1500\">Aplicaciones<\/h2>\n<p class=\"\" data-start=\"1502\" data-end=\"1582\">El dise\u00f1o de este pasador le permite servir a una amplia gama de industrias, incluyendo:<\/p>\n<ul data-start=\"1584\" data-end=\"2242\">\n<li class=\"\" data-start=\"1584\" data-end=\"1677\">\n<p class=\"\" data-start=\"1586\" data-end=\"1677\"><strong data-start=\"1586\" data-end=\"1602\">Construcci\u00f3n<\/strong>: Sistemas de andamiaje, soportes ajustables o estructuras modulares<\/p>\n<\/li>\n<li class=\"\" data-start=\"1678\" data-end=\"1746\">\n<p class=\"\" data-start=\"1680\" data-end=\"1746\"><strong data-start=\"1680\" data-end=\"1693\">Aeroespacial<\/strong>: Sistemas de manipulaci\u00f3n en tierra, bancos de pruebas, bloqueo de paneles<\/p>\n<\/li>\n<li class=\"\" data-start=\"1747\" data-end=\"1817\">\n<p class=\"\" data-start=\"1749\" data-end=\"1817\"><strong data-start=\"1749\" data-end=\"1760\">M\u00e9dico<\/strong>: Montaje r\u00e1pido de mesas quir\u00fargicas, accesorios para equipos<\/p>\n<\/li>\n<li class=\"\" data-start=\"1818\" data-end=\"1910\">\n<p class=\"\" data-start=\"1820\" data-end=\"1910\"><strong data-start=\"1820\" data-end=\"1836\">Tr\u00e1nsito ferroviario<\/strong>: Componentes de desmontaje r\u00e1pido en dise\u00f1os de cabinas y montajes en tierra<\/p>\n<\/li>\n<li class=\"\" data-start=\"1911\" data-end=\"2001\">\n<p class=\"\" data-start=\"1913\" data-end=\"2001\"><strong data-start=\"1913\" data-end=\"1927\">Automoci\u00f3n<\/strong>: Estaciones de utillaje, \u00fatiles para bastidores de autom\u00f3viles, piezas de inspecci\u00f3n de cambio r\u00e1pido<\/p>\n<\/li>\n<li class=\"\" data-start=\"2002\" data-end=\"2083\">\n<p class=\"\" data-start=\"2004\" data-end=\"2083\"><strong data-start=\"2004\" data-end=\"2024\">Campo de la energ\u00eda e\u00f3lica<\/strong>: Plataformas de mantenimiento de turbinas, aplicaciones marinas de fijaci\u00f3n<\/p>\n<\/li>\n<li class=\"\" data-start=\"2084\" data-end=\"2160\">\n<p class=\"\" data-start=\"2086\" data-end=\"2160\"><strong data-start=\"2086\" data-end=\"2100\">Line Array<\/strong>: Montaje\/desmontaje r\u00e1pido de los soportes de aparejos e iluminaci\u00f3n<\/p>\n<\/li>\n<li class=\"\" data-start=\"2161\" data-end=\"2242\">\n<p class=\"\" data-start=\"2163\" data-end=\"2242\"><strong data-start=\"2163\" data-end=\"2184\">Gimnasios<\/strong>: Bloqueo ajustable para bancos de pesas y bastidores de m\u00e1quinas<\/p>\n<\/li>\n<\/ul>\n<hr class=\"\" data-start=\"2244\" data-end=\"2247\" \/>\n<h2 class=\"\" data-start=\"2249\" data-end=\"2278\">Especificaciones del producto<\/h2>\n<div class=\"_tableContainer_16hzy_1\">\n<div class=\"_tableWrapper_16hzy_14 group flex w-fit flex-col-reverse\" tabindex=\"-1\">\n<table class=\"w-fit min-w-(--thread-content-width)\" data-start=\"2280\" data-end=\"2636\">\n<thead data-start=\"2280\" data-end=\"2321\">\n<tr data-start=\"2280\" data-end=\"2321\">\n<th data-start=\"2280\" data-end=\"2296\" data-col-size=\"sm\">Componente<\/th>\n<th data-start=\"2296\" data-end=\"2321\" data-col-size=\"sm\">Material<\/th>\n<\/tr>\n<\/thead>\n<tbody data-start=\"2364\" data-end=\"2636\">\n<tr data-start=\"2364\" data-end=\"2403\">\n<td data-start=\"2364\" data-end=\"2380\" data-col-size=\"sm\">Eje<\/td>\n<td data-start=\"2380\" data-end=\"2403\" data-col-size=\"sm\">Acero inoxidable 304<\/td>\n<\/tr>\n<tr data-start=\"2404\" data-end=\"2448\">\n<td data-start=\"2404\" data-end=\"2420\" data-col-size=\"sm\">Bolas<\/td>\n<td data-col-size=\"sm\" data-start=\"2420\" data-end=\"2448\">Acero inoxidable endurecido<\/td>\n<\/tr>\n<tr data-start=\"2449\" data-end=\"2484\">\n<td data-start=\"2449\" data-end=\"2465\" data-col-size=\"sm\">Primavera<\/td>\n<td data-start=\"2465\" data-end=\"2484\" data-col-size=\"sm\">Acero inoxidable<\/td>\n<\/tr>\n<tr data-start=\"2485\" data-end=\"2543\">\n<td data-start=\"2485\" data-end=\"2501\" data-col-size=\"sm\">Asa (pomo)<\/td>\n<td data-col-size=\"sm\" data-start=\"2501\" data-end=\"2543\">Aleaci\u00f3n de aluminio \/ Pl\u00e1stico de alta resistencia<\/td>\n<\/tr>\n<tr data-start=\"2544\" data-end=\"2600\">\n<td data-start=\"2544\" data-end=\"2560\" data-col-size=\"sm\">Bot\u00f3n<\/td>\n<td data-col-size=\"sm\" data-start=\"2560\" data-end=\"2600\">Aluminio anodizado o pl\u00e1stico de color<\/td>\n<\/tr>\n<tr data-start=\"2601\" data-end=\"2636\">\n<td data-start=\"2601\" data-end=\"2617\" data-col-size=\"sm\">Anillo<\/td>\n<td data-col-size=\"sm\" data-start=\"2617\" data-end=\"2636\">Acero inoxidable<\/td>\n<\/tr>\n<\/tbody>\n<\/table>\n<div class=\"sticky end-(--thread-content-margin) h-0 self-end select-none\">\n<div class=\"absolute end-0 flex items-end\"><\/div>\n<\/div>\n<\/div>\n<\/div>\n<p class=\"\" data-start=\"2638\" data-end=\"2660\"><strong data-start=\"2638\" data-end=\"2657\">Tama\u00f1os disponibles<\/strong>:<\/p>\n<ul data-start=\"2661\" data-end=\"2841\">\n<li class=\"\" data-start=\"2661\" data-end=\"2687\">\n<p class=\"\" data-start=\"2663\" data-end=\"2687\">Di\u00e1metro: 5 mm - 16 mm<\/p>\n<\/li>\n<li class=\"\" data-start=\"2688\" data-end=\"2719\">\n<p class=\"\" data-start=\"2690\" data-end=\"2719\">Longitud de la empu\u00f1adura: 10 mm - 100 mm<\/p>\n<\/li>\n<li class=\"\" data-start=\"2720\" data-end=\"2743\">\n<p class=\"\" data-start=\"2722\" data-end=\"2743\">Tolerancia: \u00b10,05 mm<\/p>\n<\/li>\n<li class=\"\" data-start=\"2744\" data-end=\"2783\">\n<p class=\"\" data-start=\"2746\" data-end=\"2783\">Acabado: Cepillado \/ Pulido \/ Personalizado<\/p>\n<\/li>\n<li class=\"\" data-start=\"2784\" data-end=\"2841\">\n<p class=\"\" data-start=\"2786\" data-end=\"2841\">Opciones de color: Negro, Azul, Rojo, Natural (Personalizable)<\/p>\n<\/li>\n<\/ul>\n<p class=\"\" data-start=\"2843\" data-end=\"2955\"><em data-start=\"2846\" data-end=\"2955\">Ofrecemos grabado OEM, personalizaci\u00f3n de embalajes, servicios de dibujo CAD y acabados especiales a petici\u00f3n del cliente.<\/em><\/p>\n<hr class=\"\" data-start=\"2957\" data-end=\"2960\" \/>\n<h2 class=\"\" data-start=\"2962\" data-end=\"2988\">Caracter\u00edsticas y ventajas<\/h2>\n<ul data-start=\"2990\" data-end=\"3438\">\n<li class=\"\" data-start=\"2990\" data-end=\"3064\">\n<p class=\"\" data-start=\"2992\" data-end=\"3064\"><strong data-start=\"2995\" data-end=\"3023\">Cierre seguro de doble bola<\/strong> con pulsador de liberaci\u00f3n por resorte<\/p>\n<\/li>\n<li class=\"\" data-start=\"3065\" data-end=\"3139\">\n<p class=\"\" data-start=\"3067\" data-end=\"3139\"><strong data-start=\"3070\" data-end=\"3092\">Manejo con una sola mano<\/strong> para un montaje\/desmontaje r\u00e1pido y sin herramientas<\/p>\n<\/li>\n<li class=\"\" data-start=\"3140\" data-end=\"3229\">\n<p class=\"\" data-start=\"3142\" data-end=\"3229\">\ufe0f <strong data-start=\"3146\" data-end=\"3191\">Eje de acero inoxidable resistente a la corrosi\u00f3n<\/strong> apto para uso exterior y marino<\/p>\n<\/li>\n<li class=\"\" data-start=\"3230\" data-end=\"3286\">\n<p class=\"\" data-start=\"3232\" data-end=\"3286\"><strong data-start=\"3235\" data-end=\"3260\">Pomo de dise\u00f1o ergon\u00f3mico<\/strong> para mayor comodidad y control<\/p>\n<\/li>\n<li class=\"\" data-start=\"3287\" data-end=\"3366\">\n<p class=\"\" data-start=\"3289\" data-end=\"3366\"><strong data-start=\"3292\" data-end=\"3315\">Llavero integrado<\/strong> - \u00fatil para eslinga, cable de seguridad o amarre<\/p>\n<\/li>\n<li class=\"\" data-start=\"3367\" data-end=\"3438\">\n<p class=\"\" data-start=\"3369\" data-end=\"3438\">\u2699\ufe0f <strong data-start=\"3372\" data-end=\"3413\">Tama\u00f1os y acabados totalmente personalizables<\/strong> para diferentes industrias<\/p>\n<\/li>\n<\/ul>\n<hr class=\"\" data-start=\"3440\" data-end=\"3443\" \/>\n<h2 class=\"\" data-start=\"3445\" data-end=\"3472\">Informaci\u00f3n para pedidos<\/h2>\n<p class=\"\" data-start=\"3474\" data-end=\"3525\">Al realizar una consulta o un pedido, especifique:<\/p>\n<ul data-start=\"3526\" data-end=\"3673\">\n<li class=\"\" data-start=\"3526\" data-end=\"3556\">\n<p class=\"\" data-start=\"3528\" data-end=\"3556\">Di\u00e1metro del pasador y longitud de la empu\u00f1adura<\/p>\n<\/li>\n<li class=\"\" data-start=\"3557\" data-end=\"3602\">\n<p class=\"\" data-start=\"3559\" data-end=\"3602\">Tipo y color del asa (negra, azul, personalizada)<\/p>\n<\/li>\n<li class=\"\" data-start=\"3603\" data-end=\"3615\">\n<p class=\"\" data-start=\"3605\" data-end=\"3615\">Cantidad<\/p>\n<\/li>\n<li class=\"\" data-start=\"3616\" data-end=\"3673\">\n<p class=\"\" data-start=\"3618\" data-end=\"3673\">Cualquier requisito de embalaje, logotipo o certificado personalizado<\/p>\n<\/li>\n<\/ul>\n<p class=\"\" data-start=\"3675\" data-end=\"3747\">Los planos CAD y el soporte t\u00e9cnico est\u00e1n disponibles para su revisi\u00f3n por ingenieros.<\/p>","protected":false},"excerpt":{"rendered":"<p><strong>Pasador de bloqueo de bola<\/strong> Compacto y fiable con eje y llavero de acero inoxidable. Dise\u00f1ado para un cierre r\u00e1pido y repetible en entornos industriales exigentes. <strong data-start=\"590\" data-end=\"662\">Material y dimensiones personalizables para satisfacer las necesidades de su aplicaci\u00f3n.<\/strong><\/p>","protected":false},"featured_media":1812,"comment_status":"closed","ping_status":"closed","template":"","meta":{"site-sidebar-layout":"default","site-content-layout":"","ast-site-content-layout":"default","site-content-style":"default","site-sidebar-style":"default","ast-global-header-display":"","ast-banner-title-visibility":"","ast-main-header-display":"","ast-hfb-above-header-display":"","ast-hfb-below-header-display":"","ast-hfb-mobile-header-display":"","site-post-title":"","ast-breadcrumbs-content":"","ast-featured-img":"","footer-sml-layout":"","ast-disable-related-posts":"","theme-transparent-header-meta":"default","adv-header-id-meta":"","stick-header-meta":"","header-above-stick-meta":"","header-main-stick-meta":"","header-below-stick-meta":"","astra-migrate-meta-layouts":"set","ast-page-background-enabled":"default","ast-page-background-meta":{"desktop":{"background-color":"var(--ast-global-color-4)","background-image":"","background-repeat":"repeat","background-position":"center center","background-size":"auto","background-attachment":"scroll","background-type":"","background-media":"","overlay-type":"","overlay-color":"","overlay-opacity":"","overlay-gradient":""},"tablet":{"background-color":"","background-image":"","background-repeat":"repeat","background-position":"center center","background-size":"auto","background-attachment":"scroll","background-type":"","background-media":"","overlay-type":"","overlay-color":"","overlay-opacity":"","overlay-gradient":""},"mobile":{"background-color":"","background-image":"","background-repeat":"repeat","background-position":"center center","background-size":"auto","background-attachment":"scroll","background-type":"","background-media":"","overlay-type":"","overlay-color":"","overlay-opacity":"","overlay-gradient":""}},"ast-content-background-meta":{"desktop":{"background-color":"var(--ast-global-color-5)","background-image":"","background-repeat":"repeat","background-position":"center center","background-size":"auto","background-attachment":"scroll","background-type":"","background-media":"","overlay-type":"","overlay-color":"","overlay-opacity":"","overlay-gradient":""},"tablet":{"background-color":"var(--ast-global-color-5)","background-image":"","background-repeat":"repeat","background-position":"center center","background-size":"auto","background-attachment":"scroll","background-type":"","background-media":"","overlay-type":"","overlay-color":"","overlay-opacity":"","overlay-gradient":""},"mobile":{"background-color":"var(--ast-global-color-5)","background-image":"","background-repeat":"repeat","background-position":"center center","background-size":"auto","background-attachment":"scroll","background-type":"","background-media":"","overlay-type":"","overlay-color":"","overlay-opacity":"","overlay-gradient":""}}},"product_brand":[],"product_cat":[159],"product_tag":[],"class_list":{"0":"post-1694","1":"product","2":"type-product","3":"status-publish","4":"has-post-thumbnail","6":"product_cat-quick-release-pin","8":"first","9":"instock","10":"shipping-taxable","11":"product-type-simple"},"_links":{"self":[{"href":"https:\/\/www.sknfastener.com\/es\/wp-json\/wp\/v2\/product\/1694","targetHints":{"allow":["GET"]}}],"collection":[{"href":"https:\/\/www.sknfastener.com\/es\/wp-json\/wp\/v2\/product"}],"about":[{"href":"https:\/\/www.sknfastener.com\/es\/wp-json\/wp\/v2\/types\/product"}],"replies":[{"embeddable":true,"href":"https:\/\/www.sknfastener.com\/es\/wp-json\/wp\/v2\/comments?post=1694"}],"version-history":[{"count":1,"href":"https:\/\/www.sknfastener.com\/es\/wp-json\/wp\/v2\/product\/1694\/revisions"}],"predecessor-version":[{"id":1831,"href":"https:\/\/www.sknfastener.com\/es\/wp-json\/wp\/v2\/product\/1694\/revisions\/1831"}],"wp:featuredmedia":[{"embeddable":true,"href":"https:\/\/www.sknfastener.com\/es\/wp-json\/wp\/v2\/media\/1812"}],"wp:attachment":[{"href":"https:\/\/www.sknfastener.com\/es\/wp-json\/wp\/v2\/media?parent=1694"}],"wp:term":[{"taxonomy":"product_brand","embeddable":true,"href":"https:\/\/www.sknfastener.com\/es\/wp-json\/wp\/v2\/product_brand?post=1694"},{"taxonomy":"product_cat","embeddable":true,"href":"https:\/\/www.sknfastener.com\/es\/wp-json\/wp\/v2\/product_cat?post=1694"},{"taxonomy":"product_tag","embeddable":true,"href":"https:\/\/www.sknfastener.com\/es\/wp-json\/wp\/v2\/product_tag?post=1694"}],"curies":[{"name":"wp","href":"https:\/\/api.w.org\/{rel}","templated":true}]}}