{"id":1706,"date":"2025-05-15T09:38:18","date_gmt":"2025-05-15T09:38:18","guid":{"rendered":"https:\/\/www.sknfastener.com\/?post_type=product&#038;p=1706"},"modified":"2025-05-20T20:38:13","modified_gmt":"2025-05-20T12:38:13","slug":"quick-release-blade-pin","status":"publish","type":"product","link":"https:\/\/www.sknfastener.com\/es\/producto\/quick-release-blade-pin\/","title":{"rendered":"Pasador de cuchilla de liberaci\u00f3n r\u00e1pida"},"content":{"rendered":"<h2 class=\"\" data-start=\"586\" data-end=\"612\">\u2705 Pasador de la cuchilla de liberaci\u00f3n r\u00e1pida Descripci\u00f3n<\/h2>\n<p class=\"\" data-start=\"614\" data-end=\"925\">Este <strong>Pasador de cuchilla de liberaci\u00f3n r\u00e1pida<\/strong>\u00a0est\u00e1 dise\u00f1ado para una fijaci\u00f3n y posicionamiento r\u00e1pidos y seguros en una amplia gama de aplicaciones industriales y mec\u00e1nicas. Fabricado en <strong data-start=\"776\" data-end=\"799\">acero inoxidable 304<\/strong>Este pasador ofrece una excelente solidez y resistencia a la corrosi\u00f3n, lo que garantiza un rendimiento fiable incluso en entornos dif\u00edciles.<\/p>\n<p class=\"\" data-start=\"927\" data-end=\"1316\">El pasador cuenta con un <strong data-start=\"946\" data-end=\"992\">cabeza redonda plana con pulsador central<\/strong>que activa un mecanismo de bloqueo accionado por resorte. Cuando se pulsa el bot\u00f3n, las bolas de la punta se retraen, lo que permite insertar o extraer el pasador de un orificio de acoplamiento. Una vez liberadas, las bolas se expanden para bloquear el pasador en su sitio. Esta sencilla operaci\u00f3n garantiza <strong data-start=\"1268\" data-end=\"1315\">r\u00e1pido montaje y desmontaje sin herramientas<\/strong>.<\/p>\n<p class=\"\" data-start=\"1318\" data-end=\"1462\">El producto est\u00e1 disponible en varios di\u00e1metros y longitudes de agarre, y puede suministrarse con o sin llavero, en funci\u00f3n de las necesidades de la aplicaci\u00f3n.<\/p>\n<hr class=\"\" data-start=\"1464\" data-end=\"1467\" \/>\n<h2 class=\"\" data-start=\"1469\" data-end=\"1486\">Aplicaciones<\/h2>\n<ul data-start=\"1488\" data-end=\"1746\">\n<li class=\"\" data-start=\"1488\" data-end=\"1534\">\n<p class=\"\" data-start=\"1490\" data-end=\"1534\">Sistemas de utillaje y herramientas para el sector aeroespacial<\/p>\n<\/li>\n<li class=\"\" data-start=\"1535\" data-end=\"1581\">\n<p class=\"\" data-start=\"1537\" data-end=\"1581\">Maquinaria industrial y equipos modulares<\/p>\n<\/li>\n<li class=\"\" data-start=\"1582\" data-end=\"1609\">\n<p class=\"\" data-start=\"1584\" data-end=\"1609\">Bloqueo de plantillas y dispositivos<\/p>\n<\/li>\n<li class=\"\" data-start=\"1610\" data-end=\"1655\">\n<p class=\"\" data-start=\"1612\" data-end=\"1655\">Marcos estructurales y conexiones de soporte<\/p>\n<\/li>\n<li class=\"\" data-start=\"1656\" data-end=\"1694\">\n<p class=\"\" data-start=\"1658\" data-end=\"1694\">Componentes para plataformas marinas y offshore<\/p>\n<\/li>\n<li class=\"\" data-start=\"1695\" data-end=\"1746\">\n<p class=\"\" data-start=\"1697\" data-end=\"1746\">Montajes de energ\u00edas renovables (por ejemplo, turbinas e\u00f3licas)<\/p>\n<\/li>\n<\/ul>\n<hr class=\"\" data-start=\"1748\" data-end=\"1751\" \/>\n<h2 class=\"\" data-start=\"1753\" data-end=\"1772\">Especificaciones<\/h2>\n<div class=\"_tableContainer_16hzy_1\">\n<div class=\"_tableWrapper_16hzy_14 group flex w-fit flex-col-reverse\" tabindex=\"-1\">\n<table class=\"w-fit min-w-(--thread-content-width)\" data-start=\"1774\" data-end=\"2066\">\n<thead data-start=\"1774\" data-end=\"1816\">\n<tr data-start=\"1774\" data-end=\"1816\">\n<th data-start=\"1774\" data-end=\"1794\" data-col-size=\"sm\">Componente<\/th>\n<th data-start=\"1794\" data-end=\"1816\" data-col-size=\"sm\">Material<\/th>\n<\/tr>\n<\/thead>\n<tbody data-start=\"1859\" data-end=\"2066\">\n<tr data-start=\"1859\" data-end=\"1902\">\n<td data-start=\"1859\" data-end=\"1879\" data-col-size=\"sm\">Eje del pasador<\/td>\n<td data-col-size=\"sm\" data-start=\"1879\" data-end=\"1902\">Acero inoxidable 304<\/td>\n<\/tr>\n<tr data-start=\"1903\" data-end=\"1944\">\n<td data-start=\"1903\" data-end=\"1925\" data-col-size=\"sm\">Mecanismo de bloqueo de bola<\/td>\n<td data-col-size=\"sm\" data-start=\"1925\" data-end=\"1944\">Acero inoxidable<\/td>\n<\/tr>\n<tr data-start=\"1945\" data-end=\"1984\">\n<td data-start=\"1945\" data-end=\"1965\" data-col-size=\"sm\">Muelle (interno)<\/td>\n<td data-start=\"1965\" data-end=\"1984\" data-col-size=\"sm\">Acero inoxidable<\/td>\n<\/tr>\n<tr data-start=\"1985\" data-end=\"2025\">\n<td data-start=\"1985\" data-end=\"2006\" data-col-size=\"sm\">Cabeza de bot\u00f3n<\/td>\n<td data-col-size=\"sm\" data-start=\"2006\" data-end=\"2025\">Acero inoxidable<\/td>\n<\/tr>\n<tr data-start=\"2026\" data-end=\"2066\">\n<td data-start=\"2026\" data-end=\"2047\" data-col-size=\"sm\">Anillo opcional<\/td>\n<td data-start=\"2047\" data-end=\"2066\" data-col-size=\"sm\">Acero inoxidable<\/td>\n<\/tr>\n<\/tbody>\n<\/table>\n<div class=\"sticky end-(--thread-content-margin) h-0 self-end select-none\">\n<div class=\"absolute end-0 flex items-end\"><\/div>\n<\/div>\n<\/div>\n<\/div>\n<p class=\"\" data-start=\"2068\" data-end=\"2089\"><strong data-start=\"2068\" data-end=\"2086\">Gama est\u00e1ndar<\/strong>:<\/p>\n<ul data-start=\"2090\" data-end=\"2267\">\n<li class=\"\" data-start=\"2090\" data-end=\"2122\">\n<p class=\"\" data-start=\"2092\" data-end=\"2122\">Di\u00e1metros de los pasadores: 5 mm a 20 mm<\/p>\n<\/li>\n<li class=\"\" data-start=\"2123\" data-end=\"2158\">\n<p class=\"\" data-start=\"2125\" data-end=\"2158\">Longitudes utilizables: de 10 mm a 150 mm<\/p>\n<\/li>\n<li class=\"\" data-start=\"2159\" data-end=\"2209\">\n<p class=\"\" data-start=\"2161\" data-end=\"2209\">Cabezal: Estilo redondo plano con pulsador central<\/p>\n<\/li>\n<li class=\"\" data-start=\"2210\" data-end=\"2267\">\n<p class=\"\" data-start=\"2212\" data-end=\"2267\">Anilla: Llavero opcional para accionamiento manual o cord\u00f3n<\/p>\n<\/li>\n<\/ul>\n<p class=\"\" data-start=\"2269\" data-end=\"2335\">Se aceptan dibujos personalizados para tama\u00f1os o estilos de cabeza no est\u00e1ndar.<\/p>\n<hr class=\"\" data-start=\"2337\" data-end=\"2340\" \/>\n<h2 class=\"\" data-start=\"2342\" data-end=\"2359\">Caracter\u00edsticas principales<\/h2>\n<ul data-start=\"2361\" data-end=\"2672\">\n<li class=\"\" data-start=\"2361\" data-end=\"2424\">\n<p class=\"\" data-start=\"2363\" data-end=\"2424\"><strong data-start=\"2366\" data-end=\"2394\">Desbloqueo de bola mediante pulsador<\/strong> para un uso r\u00e1pido y sin herramientas<\/p>\n<\/li>\n<li class=\"\" data-start=\"2425\" data-end=\"2483\">\n<p class=\"\" data-start=\"2427\" data-end=\"2483\"><strong data-start=\"2430\" data-end=\"2456\">Bloqueo autom\u00e1tico de la bola<\/strong> garantiza una retenci\u00f3n segura<\/p>\n<\/li>\n<li class=\"\" data-start=\"2484\" data-end=\"2557\">\n<p class=\"\" data-start=\"2486\" data-end=\"2557\"><strong data-start=\"2489\" data-end=\"2512\">Acero inoxidable 304<\/strong> cuerpo para mayor solidez y resistencia a la corrosi\u00f3n<\/p>\n<\/li>\n<li class=\"\" data-start=\"2558\" data-end=\"2611\">\n<p class=\"\" data-start=\"2560\" data-end=\"2611\">Ideal para ciclos repetidos de instalaci\u00f3n\/desinstalaci\u00f3n<\/p>\n<\/li>\n<li class=\"\" data-start=\"2612\" data-end=\"2672\">\n<p class=\"\" data-start=\"2614\" data-end=\"2672\">\u2699\ufe0f <strong data-start=\"2617\" data-end=\"2672\">Di\u00e1metros y longitudes personalizados disponibles bajo pedido<\/strong><\/p>\n<\/li>\n<\/ul>\n<hr class=\"\" data-start=\"2674\" data-end=\"2677\" \/>\n<h2 class=\"\" data-start=\"2679\" data-end=\"2704\">Informaci\u00f3n para pedidos<\/h2>\n<p class=\"\" data-start=\"2706\" data-end=\"2751\">Para recibir un presupuesto o una muestra, especif\u00edquelo:<\/p>\n<ul data-start=\"2752\" data-end=\"2921\">\n<li class=\"\" data-start=\"2752\" data-end=\"2779\">\n<p class=\"\" data-start=\"2754\" data-end=\"2779\">Di\u00e1metro (por ejemplo, \u00d810 mm)<\/p>\n<\/li>\n<li class=\"\" data-start=\"2780\" data-end=\"2827\">\n<p class=\"\" data-start=\"2782\" data-end=\"2827\">Longitud de la empu\u00f1adura o longitud total (por ejemplo, 50 mm)<\/p>\n<\/li>\n<li class=\"\" data-start=\"2828\" data-end=\"2840\">\n<p class=\"\" data-start=\"2830\" data-end=\"2840\">Cantidad<\/p>\n<\/li>\n<li class=\"\" data-start=\"2841\" data-end=\"2874\">\n<p class=\"\" data-start=\"2843\" data-end=\"2874\">Si se necesita asa anular<\/p>\n<\/li>\n<li class=\"\" data-start=\"2875\" data-end=\"2921\">\n<p class=\"\" data-start=\"2877\" data-end=\"2921\">Cualquier requisito OEM (por ejemplo, logotipo, embalaje)<\/p>\n<\/li>\n<\/ul>","protected":false},"excerpt":{"rendered":"<p><strong>Pasador de cuchilla de liberaci\u00f3n r\u00e1pida<\/strong> Fiable y eficaz con construcci\u00f3n de acero inoxidable 304, cabeza de bot\u00f3n redondo y mango anular opcional. Ideal para un bloqueo y alineaci\u00f3n r\u00e1pidos en montajes mec\u00e1nicos y estructurales. <strong data-start=\"526\" data-end=\"579\">El material y el tama\u00f1o pueden personalizarse a petici\u00f3n del cliente.<\/strong><\/p>","protected":false},"featured_media":1806,"comment_status":"closed","ping_status":"closed","template":"","meta":{"site-sidebar-layout":"default","site-content-layout":"","ast-site-content-layout":"default","site-content-style":"default","site-sidebar-style":"default","ast-global-header-display":"","ast-banner-title-visibility":"","ast-main-header-display":"","ast-hfb-above-header-display":"","ast-hfb-below-header-display":"","ast-hfb-mobile-header-display":"","site-post-title":"","ast-breadcrumbs-content":"","ast-featured-img":"","footer-sml-layout":"","ast-disable-related-posts":"","theme-transparent-header-meta":"default","adv-header-id-meta":"","stick-header-meta":"","header-above-stick-meta":"","header-main-stick-meta":"","header-below-stick-meta":"","astra-migrate-meta-layouts":"set","ast-page-background-enabled":"default","ast-page-background-meta":{"desktop":{"background-color":"var(--ast-global-color-4)","background-image":"","background-repeat":"repeat","background-position":"center center","background-size":"auto","background-attachment":"scroll","background-type":"","background-media":"","overlay-type":"","overlay-color":"","overlay-opacity":"","overlay-gradient":""},"tablet":{"background-color":"","background-image":"","background-repeat":"repeat","background-position":"center center","background-size":"auto","background-attachment":"scroll","background-type":"","background-media":"","overlay-type":"","overlay-color":"","overlay-opacity":"","overlay-gradient":""},"mobile":{"background-color":"","background-image":"","background-repeat":"repeat","background-position":"center center","background-size":"auto","background-attachment":"scroll","background-type":"","background-media":"","overlay-type":"","overlay-color":"","overlay-opacity":"","overlay-gradient":""}},"ast-content-background-meta":{"desktop":{"background-color":"var(--ast-global-color-5)","background-image":"","background-repeat":"repeat","background-position":"center center","background-size":"auto","background-attachment":"scroll","background-type":"","background-media":"","overlay-type":"","overlay-color":"","overlay-opacity":"","overlay-gradient":""},"tablet":{"background-color":"var(--ast-global-color-5)","background-image":"","background-repeat":"repeat","background-position":"center center","background-size":"auto","background-attachment":"scroll","background-type":"","background-media":"","overlay-type":"","overlay-color":"","overlay-opacity":"","overlay-gradient":""},"mobile":{"background-color":"var(--ast-global-color-5)","background-image":"","background-repeat":"repeat","background-position":"center center","background-size":"auto","background-attachment":"scroll","background-type":"","background-media":"","overlay-type":"","overlay-color":"","overlay-opacity":"","overlay-gradient":""}}},"product_brand":[],"product_cat":[159],"product_tag":[],"class_list":{"0":"post-1706","1":"product","2":"type-product","3":"status-publish","4":"has-post-thumbnail","6":"product_cat-quick-release-pin","8":"first","9":"instock","10":"shipping-taxable","11":"product-type-simple"},"_links":{"self":[{"href":"https:\/\/www.sknfastener.com\/es\/wp-json\/wp\/v2\/product\/1706","targetHints":{"allow":["GET"]}}],"collection":[{"href":"https:\/\/www.sknfastener.com\/es\/wp-json\/wp\/v2\/product"}],"about":[{"href":"https:\/\/www.sknfastener.com\/es\/wp-json\/wp\/v2\/types\/product"}],"replies":[{"embeddable":true,"href":"https:\/\/www.sknfastener.com\/es\/wp-json\/wp\/v2\/comments?post=1706"}],"version-history":[{"count":1,"href":"https:\/\/www.sknfastener.com\/es\/wp-json\/wp\/v2\/product\/1706\/revisions"}],"predecessor-version":[{"id":1825,"href":"https:\/\/www.sknfastener.com\/es\/wp-json\/wp\/v2\/product\/1706\/revisions\/1825"}],"wp:featuredmedia":[{"embeddable":true,"href":"https:\/\/www.sknfastener.com\/es\/wp-json\/wp\/v2\/media\/1806"}],"wp:attachment":[{"href":"https:\/\/www.sknfastener.com\/es\/wp-json\/wp\/v2\/media?parent=1706"}],"wp:term":[{"taxonomy":"product_brand","embeddable":true,"href":"https:\/\/www.sknfastener.com\/es\/wp-json\/wp\/v2\/product_brand?post=1706"},{"taxonomy":"product_cat","embeddable":true,"href":"https:\/\/www.sknfastener.com\/es\/wp-json\/wp\/v2\/product_cat?post=1706"},{"taxonomy":"product_tag","embeddable":true,"href":"https:\/\/www.sknfastener.com\/es\/wp-json\/wp\/v2\/product_tag?post=1706"}],"curies":[{"name":"wp","href":"https:\/\/api.w.org\/{rel}","templated":true}]}}