{"id":1712,"date":"2025-05-15T09:45:32","date_gmt":"2025-05-15T09:45:32","guid":{"rendered":"https:\/\/www.sknfastener.com\/?post_type=product&#038;p=1712"},"modified":"2025-05-20T20:31:20","modified_gmt":"2025-05-20T12:31:20","slug":"ball-lock-pins-near-me","status":"publish","type":"product","link":"https:\/\/www.sknfastener.com\/es\/producto\/ball-lock-pins-near-me\/","title":{"rendered":"Pasadores de bola cerca de m\u00ed"},"content":{"rendered":"<h2 class=\"\" data-start=\"552\" data-end=\"578\">\u2705 Pasadores de bloqueo de bola cerca de m\u00ed Descripci\u00f3n.<\/h2>\n<p class=\"\" data-start=\"580\" data-end=\"847\">En <strong data-start=\"584\" data-end=\"626\">Pasador de bloqueo r\u00e1pido de bola serie 301<\/strong> est\u00e1 dise\u00f1ado para una fijaci\u00f3n r\u00e1pida y repetible en entornos de trabajo exigentes. Con un <strong data-start=\"719\" data-end=\"748\">eje de acero inoxidable 304<\/strong>Este pasador ofrece solidez, resistencia a la corrosi\u00f3n y un rendimiento estable en diversos sectores.<\/p>\n<p class=\"\" data-start=\"849\" data-end=\"1258\">Un bot\u00f3n pulsador con resorte situado en la parte superior permite retraer f\u00e1cilmente las bolas de bloqueo, lo que facilita la inserci\u00f3n o extracci\u00f3n del pasador. Una vez liberadas, las bolas endurecidas se bloquean firmemente en su sitio. El sitio <strong data-start=\"1048\" data-end=\"1077\">mango ergon\u00f3mico de aluminio<\/strong> proporciona un agarre firme, mientras que el <strong data-start=\"1110\" data-end=\"1153\">cable de sujeci\u00f3n de acero inoxidable integrado<\/strong> garantiza que el pasador permanezca sujeto a su montaje o bastidor, evitando que se pierda durante el funcionamiento o el transporte.<\/p>\n<p class=\"\" data-start=\"1260\" data-end=\"1413\">Esta serie admite m\u00faltiples di\u00e1metros de pasador y longitudes de agarre, lo que la hace adecuada para fijaciones modulares, plantillas, sistemas aeroespaciales, transporte, etc.<\/p>\n<hr class=\"\" data-start=\"1415\" data-end=\"1418\" \/>\n<h2 class=\"\" data-start=\"1420\" data-end=\"1439\">Aplicaciones<\/h2>\n<ul data-start=\"1441\" data-end=\"1699\">\n<li class=\"\" data-start=\"1441\" data-end=\"1480\">\n<p class=\"\" data-start=\"1443\" data-end=\"1480\">Equipos aeroespaciales de asistencia en tierra<\/p>\n<\/li>\n<li class=\"\" data-start=\"1481\" data-end=\"1519\">\n<p class=\"\" data-start=\"1483\" data-end=\"1519\">Plantillas y utillajes para automoci\u00f3n<\/p>\n<\/li>\n<li class=\"\" data-start=\"1520\" data-end=\"1544\">\n<p class=\"\" data-start=\"1522\" data-end=\"1544\">Herrajes marinos de cubierta<\/p>\n<\/li>\n<li class=\"\" data-start=\"1545\" data-end=\"1578\">\n<p class=\"\" data-start=\"1547\" data-end=\"1578\">Accesorios para maquinaria industrial<\/p>\n<\/li>\n<li class=\"\" data-start=\"1579\" data-end=\"1617\">\n<p class=\"\" data-start=\"1581\" data-end=\"1617\">Plataformas de mantenimiento de aerogeneradores<\/p>\n<\/li>\n<li class=\"\" data-start=\"1618\" data-end=\"1658\">\n<p class=\"\" data-start=\"1620\" data-end=\"1658\">Puntos de cierre para andamios de construcci\u00f3n<\/p>\n<\/li>\n<li class=\"\" data-start=\"1659\" data-end=\"1699\">\n<p class=\"\" data-start=\"1661\" data-end=\"1699\">Montaje de paneles y fijaci\u00f3n de estructuras<\/p>\n<\/li>\n<\/ul>\n<hr class=\"\" data-start=\"1701\" data-end=\"1704\" \/>\n<h2 class=\"\" data-start=\"1706\" data-end=\"1735\">Especificaciones t\u00e9cnicas<\/h2>\n<div class=\"_tableContainer_16hzy_1\">\n<div class=\"_tableWrapper_16hzy_14 group flex w-fit flex-col-reverse\" tabindex=\"-1\">\n<table class=\"w-fit min-w-(--thread-content-width)\" data-start=\"1737\" data-end=\"2094\">\n<thead data-start=\"1737\" data-end=\"1780\">\n<tr data-start=\"1737\" data-end=\"1780\">\n<th data-start=\"1737\" data-end=\"1757\" data-col-size=\"sm\">Componente<\/th>\n<th data-start=\"1757\" data-end=\"1780\" data-col-size=\"sm\">Material<\/th>\n<\/tr>\n<\/thead>\n<tbody data-start=\"1824\" data-end=\"2094\">\n<tr data-start=\"1824\" data-end=\"1866\">\n<td data-start=\"1824\" data-end=\"1843\" data-col-size=\"sm\">Eje del pasador<\/td>\n<td data-col-size=\"sm\" data-start=\"1843\" data-end=\"1866\">Acero inoxidable 304<\/td>\n<\/tr>\n<tr data-start=\"1867\" data-end=\"1905\">\n<td data-start=\"1867\" data-end=\"1886\" data-col-size=\"sm\">Primavera<\/td>\n<td data-col-size=\"sm\" data-start=\"1886\" data-end=\"1905\">Acero inoxidable<\/td>\n<\/tr>\n<tr data-start=\"1906\" data-end=\"1937\">\n<td data-start=\"1906\" data-end=\"1925\" data-col-size=\"sm\">Mango<\/td>\n<td data-col-size=\"sm\" data-start=\"1925\" data-end=\"1937\">Aluminio<\/td>\n<\/tr>\n<tr data-start=\"1938\" data-end=\"1977\">\n<td data-start=\"1938\" data-end=\"1957\" data-col-size=\"sm\">Bolas de bloqueo<\/td>\n<td data-col-size=\"sm\" data-start=\"1957\" data-end=\"1977\">SUS440C endurecido<\/td>\n<\/tr>\n<tr data-start=\"1978\" data-end=\"2016\">\n<td data-start=\"1978\" data-end=\"1997\" data-col-size=\"sm\">Bot\u00f3n<\/td>\n<td data-col-size=\"sm\" data-start=\"1997\" data-end=\"2016\">Acero inoxidable<\/td>\n<\/tr>\n<tr data-start=\"2017\" data-end=\"2055\">\n<td data-start=\"2017\" data-end=\"2036\" data-col-size=\"sm\">Cable de sujeci\u00f3n<\/td>\n<td data-start=\"2036\" data-end=\"2055\" data-col-size=\"sm\">Acero inoxidable<\/td>\n<\/tr>\n<tr data-start=\"2056\" data-end=\"2094\">\n<td data-start=\"2056\" data-end=\"2075\" data-col-size=\"sm\">Anillo (opcional)<\/td>\n<td data-col-size=\"sm\" data-start=\"2075\" data-end=\"2094\">Acero inoxidable<\/td>\n<\/tr>\n<\/tbody>\n<\/table>\n<div class=\"sticky end-(--thread-content-margin) h-0 self-end select-none\">\n<div class=\"absolute end-0 flex items-end\"><\/div>\n<\/div>\n<\/div>\n<\/div>\n<p class=\"\" data-start=\"2096\" data-end=\"2120\"><strong data-start=\"2096\" data-end=\"2120\">Dimensiones est\u00e1ndar:<\/strong><\/p>\n<div class=\"_tableContainer_16hzy_1\">\n<div class=\"_tableWrapper_16hzy_14 group flex w-fit flex-col-reverse\" tabindex=\"-1\">\n<table class=\"w-fit min-w-(--thread-content-width)\" data-start=\"2122\" data-end=\"3141\">\n<thead data-start=\"2122\" data-end=\"2223\">\n<tr data-start=\"2122\" data-end=\"2223\">\n<th data-start=\"2122\" data-end=\"2130\" data-col-size=\"sm\">Modelo<\/th>\n<th data-start=\"2130\" data-end=\"2140\" data-col-size=\"sm\">\u00d8A (mm)<\/th>\n<th data-start=\"2140\" data-end=\"2159\" data-col-size=\"sm\">Longitudes de agarre (L)<\/th>\n<th data-start=\"2159\" data-end=\"2168\" data-col-size=\"sm\">B (mm)<\/th>\n<th data-start=\"2168\" data-end=\"2177\" data-col-size=\"sm\">C (mm)<\/th>\n<th data-start=\"2177\" data-end=\"2186\" data-col-size=\"sm\">D (mm)<\/th>\n<th data-start=\"2186\" data-end=\"2195\" data-col-size=\"sm\">E (mm)<\/th>\n<th data-start=\"2195\" data-end=\"2204\" data-col-size=\"sm\">G (mm)<\/th>\n<th data-start=\"2204\" data-end=\"2213\" data-col-size=\"sm\">H (mm)<\/th>\n<th data-start=\"2213\" data-end=\"2223\" data-col-size=\"sm\">J (mm)<\/th>\n<\/tr>\n<\/thead>\n<tbody data-start=\"2326\" data-end=\"3141\">\n<tr data-start=\"2326\" data-end=\"2427\">\n<td data-start=\"2326\" data-end=\"2334\" data-col-size=\"sm\">5<\/td>\n<td data-col-size=\"sm\" data-start=\"2334\" data-end=\"2344\">4.92<\/td>\n<td data-col-size=\"sm\" data-start=\"2344\" data-end=\"2363\">10-30<\/td>\n<td data-col-size=\"sm\" data-start=\"2363\" data-end=\"2372\">5.54<\/td>\n<td data-col-size=\"sm\" data-start=\"2372\" data-end=\"2381\">6<\/td>\n<td data-col-size=\"sm\" data-start=\"2381\" data-end=\"2390\">4<\/td>\n<td data-col-size=\"sm\" data-start=\"2390\" data-end=\"2399\">10<\/td>\n<td data-col-size=\"sm\" data-start=\"2399\" data-end=\"2408\">4<\/td>\n<td data-col-size=\"sm\" data-start=\"2408\" data-end=\"2417\">21<\/td>\n<td data-col-size=\"sm\" data-start=\"2417\" data-end=\"2427\">18<\/td>\n<\/tr>\n<tr data-start=\"2428\" data-end=\"2529\">\n<td data-start=\"2428\" data-end=\"2436\" data-col-size=\"sm\">6<\/td>\n<td data-col-size=\"sm\" data-start=\"2436\" data-end=\"2446\">5.92<\/td>\n<td data-col-size=\"sm\" data-start=\"2446\" data-end=\"2465\">10-30<\/td>\n<td data-col-size=\"sm\" data-start=\"2465\" data-end=\"2474\">6.99<\/td>\n<td data-col-size=\"sm\" data-start=\"2474\" data-end=\"2483\">7<\/td>\n<td data-col-size=\"sm\" data-start=\"2483\" data-end=\"2492\">4<\/td>\n<td data-col-size=\"sm\" data-start=\"2492\" data-end=\"2501\">10<\/td>\n<td data-col-size=\"sm\" data-start=\"2501\" data-end=\"2510\">4<\/td>\n<td data-col-size=\"sm\" data-start=\"2510\" data-end=\"2519\">21<\/td>\n<td data-col-size=\"sm\" data-start=\"2519\" data-end=\"2529\">18<\/td>\n<\/tr>\n<tr data-start=\"2530\" data-end=\"2631\">\n<td data-start=\"2530\" data-end=\"2538\" data-col-size=\"sm\">8<\/td>\n<td data-col-size=\"sm\" data-start=\"2538\" data-end=\"2548\">7.92<\/td>\n<td data-col-size=\"sm\" data-start=\"2548\" data-end=\"2567\">10-40<\/td>\n<td data-col-size=\"sm\" data-start=\"2567\" data-end=\"2576\">9.42<\/td>\n<td data-col-size=\"sm\" data-start=\"2576\" data-end=\"2585\">8<\/td>\n<td data-col-size=\"sm\" data-start=\"2585\" data-end=\"2594\">5<\/td>\n<td data-col-size=\"sm\" data-start=\"2594\" data-end=\"2603\">13<\/td>\n<td data-col-size=\"sm\" data-start=\"2603\" data-end=\"2612\">4<\/td>\n<td data-col-size=\"sm\" data-start=\"2612\" data-end=\"2621\">22<\/td>\n<td data-col-size=\"sm\" data-start=\"2621\" data-end=\"2631\">20<\/td>\n<\/tr>\n<tr data-start=\"2632\" data-end=\"2733\">\n<td data-start=\"2632\" data-end=\"2640\" data-col-size=\"sm\">10<\/td>\n<td data-col-size=\"sm\" data-start=\"2640\" data-end=\"2650\">9.92<\/td>\n<td data-col-size=\"sm\" data-start=\"2650\" data-end=\"2669\">10-55<\/td>\n<td data-col-size=\"sm\" data-start=\"2669\" data-end=\"2678\">11.86<\/td>\n<td data-col-size=\"sm\" data-start=\"2678\" data-end=\"2687\">8<\/td>\n<td data-col-size=\"sm\" data-start=\"2687\" data-end=\"2696\">6<\/td>\n<td data-col-size=\"sm\" data-start=\"2696\" data-end=\"2705\">13<\/td>\n<td data-col-size=\"sm\" data-start=\"2705\" data-end=\"2714\">4<\/td>\n<td data-col-size=\"sm\" data-start=\"2714\" data-end=\"2723\">24<\/td>\n<td data-col-size=\"sm\" data-start=\"2723\" data-end=\"2733\">22<\/td>\n<\/tr>\n<tr data-start=\"2734\" data-end=\"2835\">\n<td data-start=\"2734\" data-end=\"2742\" data-col-size=\"sm\">12<\/td>\n<td data-col-size=\"sm\" data-start=\"2742\" data-end=\"2752\">11.92<\/td>\n<td data-col-size=\"sm\" data-start=\"2752\" data-end=\"2771\">60-80<\/td>\n<td data-col-size=\"sm\" data-start=\"2771\" data-end=\"2780\">14.45<\/td>\n<td data-col-size=\"sm\" data-start=\"2780\" data-end=\"2789\">9<\/td>\n<td data-col-size=\"sm\" data-start=\"2789\" data-end=\"2798\">7<\/td>\n<td data-col-size=\"sm\" data-start=\"2798\" data-end=\"2807\">16<\/td>\n<td data-col-size=\"sm\" data-start=\"2807\" data-end=\"2816\">5<\/td>\n<td data-col-size=\"sm\" data-start=\"2816\" data-end=\"2825\">26<\/td>\n<td data-col-size=\"sm\" data-start=\"2825\" data-end=\"2835\">24<\/td>\n<\/tr>\n<tr data-start=\"2836\" data-end=\"2937\">\n<td data-start=\"2836\" data-end=\"2844\" data-col-size=\"sm\">16<\/td>\n<td data-col-size=\"sm\" data-start=\"2844\" data-end=\"2854\">15.92<\/td>\n<td data-col-size=\"sm\" data-start=\"2854\" data-end=\"2873\">65-100<\/td>\n<td data-col-size=\"sm\" data-start=\"2873\" data-end=\"2882\">19<\/td>\n<td data-col-size=\"sm\" data-start=\"2882\" data-end=\"2891\">15<\/td>\n<td data-col-size=\"sm\" data-start=\"2891\" data-end=\"2900\">10<\/td>\n<td data-col-size=\"sm\" data-start=\"2900\" data-end=\"2909\">23.8<\/td>\n<td data-col-size=\"sm\" data-start=\"2909\" data-end=\"2918\">12.5<\/td>\n<td data-col-size=\"sm\" data-start=\"2918\" data-end=\"2927\">29<\/td>\n<td data-col-size=\"sm\" data-start=\"2927\" data-end=\"2937\">44<\/td>\n<\/tr>\n<tr data-start=\"2938\" data-end=\"3039\">\n<td data-start=\"2938\" data-end=\"2946\" data-col-size=\"sm\">20<\/td>\n<td data-col-size=\"sm\" data-start=\"2946\" data-end=\"2956\">19.92<\/td>\n<td data-col-size=\"sm\" data-start=\"2956\" data-end=\"2975\">70-120<\/td>\n<td data-col-size=\"sm\" data-start=\"2975\" data-end=\"2984\">24.08<\/td>\n<td data-col-size=\"sm\" data-start=\"2984\" data-end=\"2993\">17<\/td>\n<td data-col-size=\"sm\" data-start=\"2993\" data-end=\"3002\">13<\/td>\n<td data-col-size=\"sm\" data-start=\"3002\" data-end=\"3011\">30<\/td>\n<td data-col-size=\"sm\" data-start=\"3011\" data-end=\"3020\">12.5<\/td>\n<td data-col-size=\"sm\" data-start=\"3020\" data-end=\"3029\">33<\/td>\n<td data-col-size=\"sm\" data-start=\"3029\" data-end=\"3039\">44<\/td>\n<\/tr>\n<tr data-start=\"3040\" data-end=\"3141\">\n<td data-start=\"3040\" data-end=\"3048\" data-col-size=\"sm\">25<\/td>\n<td data-start=\"3048\" data-end=\"3058\" data-col-size=\"sm\">24.92<\/td>\n<td data-col-size=\"sm\" data-start=\"3058\" data-end=\"3077\">80-150<\/td>\n<td data-col-size=\"sm\" data-start=\"3077\" data-end=\"3086\">30.94<\/td>\n<td data-col-size=\"sm\" data-start=\"3086\" data-end=\"3095\">22<\/td>\n<td data-col-size=\"sm\" data-start=\"3095\" data-end=\"3104\">18<\/td>\n<td data-col-size=\"sm\" data-start=\"3104\" data-end=\"3113\">31.8<\/td>\n<td data-col-size=\"sm\" data-start=\"3113\" data-end=\"3122\">17.4<\/td>\n<td data-col-size=\"sm\" data-start=\"3122\" data-end=\"3131\">37<\/td>\n<td data-col-size=\"sm\" data-start=\"3131\" data-end=\"3141\">53<\/td>\n<\/tr>\n<\/tbody>\n<\/table>\n<div class=\"sticky end-(--thread-content-margin) h-0 self-end select-none\">\n<div class=\"absolute end-0 flex items-end\"><\/div>\n<\/div>\n<\/div>\n<\/div>\n<p class=\"\" data-start=\"3143\" data-end=\"3237\">\ufe0f <em data-start=\"3147\" data-end=\"3237\">Se admiten di\u00e1metros, longitudes y accesorios antip\u00e9rdida personalizados (por ejemplo, bucle de alambre, cadena).<\/em><\/p>\n<hr class=\"\" data-start=\"3239\" data-end=\"3242\" \/>\n<h2 class=\"\" data-start=\"3244\" data-end=\"3261\">Caracter\u00edsticas principales<\/h2>\n<ul data-start=\"3263\" data-end=\"3655\">\n<li class=\"\" data-start=\"3263\" data-end=\"3322\">\n<p class=\"\" data-start=\"3265\" data-end=\"3322\"><strong data-start=\"3268\" data-end=\"3293\">Funcionamiento mediante pulsador<\/strong> para un bloqueo\/desbloqueo r\u00e1pido<\/p>\n<\/li>\n<li class=\"\" data-start=\"3323\" data-end=\"3387\">\n<p class=\"\" data-start=\"3325\" data-end=\"3387\"><strong data-start=\"3328\" data-end=\"3356\">Dise\u00f1o de bloqueo de doble bola<\/strong> garantiza una fuerza de sujeci\u00f3n segura<\/p>\n<\/li>\n<li class=\"\" data-start=\"3388\" data-end=\"3456\">\n<p class=\"\" data-start=\"3390\" data-end=\"3456\"><strong data-start=\"3393\" data-end=\"3413\">Anclaje antip\u00e9rdida<\/strong> evita el extrav\u00edo durante el desmontaje<\/p>\n<\/li>\n<li class=\"\" data-start=\"3457\" data-end=\"3531\">\n<p class=\"\" data-start=\"3459\" data-end=\"3531\"><strong data-start=\"3462\" data-end=\"3501\">Eje de acero inoxidable de alta resistencia<\/strong> para uso industrial repetido<\/p>\n<\/li>\n<li class=\"\" data-start=\"3532\" data-end=\"3595\">\n<p class=\"\" data-start=\"3534\" data-end=\"3595\">\ufe0f Disponible en una amplia gama de di\u00e1metros y longitudes de agarre<\/p>\n<\/li>\n<li class=\"\" data-start=\"3596\" data-end=\"3655\">\n<p class=\"\" data-start=\"3598\" data-end=\"3655\">Asistencia OEM para dibujos especiales o tama\u00f1os no est\u00e1ndar<\/p>\n<\/li>\n<\/ul>\n<hr class=\"\" data-start=\"3657\" data-end=\"3660\" \/>\n<h2 class=\"\" data-start=\"3662\" data-end=\"3681\">\u2705 Gu\u00eda para pedidos<\/h2>\n<p class=\"\" data-start=\"3683\" data-end=\"3734\">Cuando haga un pedido o una solicitud, especif\u00edquelo:<\/p>\n<ul data-start=\"3735\" data-end=\"3874\">\n<li class=\"\" data-start=\"3735\" data-end=\"3766\">\n<p class=\"\" data-start=\"3737\" data-end=\"3766\">Di\u00e1metro de la clavija (por ejemplo, \u00d810 mm)<\/p>\n<\/li>\n<li class=\"\" data-start=\"3767\" data-end=\"3796\">\n<p class=\"\" data-start=\"3769\" data-end=\"3796\">Longitud de la empu\u00f1adura (por ejemplo, 40 mm)<\/p>\n<\/li>\n<li class=\"\" data-start=\"3797\" data-end=\"3823\">\n<p class=\"\" data-start=\"3799\" data-end=\"3823\">Con o sin anclaje<\/p>\n<\/li>\n<li class=\"\" data-start=\"3824\" data-end=\"3836\">\n<p class=\"\" data-start=\"3826\" data-end=\"3836\">Cantidad<\/p>\n<\/li>\n<li class=\"\" data-start=\"3837\" data-end=\"3874\">\n<p class=\"\" data-start=\"3839\" data-end=\"3874\">Logotipo l\u00e1ser \/ etiqueta privada opcional<\/p>\n<\/li>\n<\/ul>","protected":false},"excerpt":{"rendered":"<p>Pasadores de bloqueo de bola de alta resistencia cerca de m\u00ed con mango de aluminio, eje de acero inoxidable 304 y cable seguro antip\u00e9rdida. Dise\u00f1ados para un posicionamiento repetible y un bloqueo r\u00e1pido en aplicaciones industriales y estructurales. <strong data-start=\"492\" data-end=\"545\">El material y el tama\u00f1o pueden personalizarse a petici\u00f3n del cliente.<\/strong><\/p>","protected":false},"featured_media":1811,"comment_status":"closed","ping_status":"closed","template":"","meta":{"site-sidebar-layout":"default","site-content-layout":"","ast-site-content-layout":"default","site-content-style":"default","site-sidebar-style":"default","ast-global-header-display":"","ast-banner-title-visibility":"","ast-main-header-display":"","ast-hfb-above-header-display":"","ast-hfb-below-header-display":"","ast-hfb-mobile-header-display":"","site-post-title":"","ast-breadcrumbs-content":"","ast-featured-img":"","footer-sml-layout":"","ast-disable-related-posts":"","theme-transparent-header-meta":"default","adv-header-id-meta":"","stick-header-meta":"","header-above-stick-meta":"","header-main-stick-meta":"","header-below-stick-meta":"","astra-migrate-meta-layouts":"set","ast-page-background-enabled":"default","ast-page-background-meta":{"desktop":{"background-color":"var(--ast-global-color-4)","background-image":"","background-repeat":"repeat","background-position":"center center","background-size":"auto","background-attachment":"scroll","background-type":"","background-media":"","overlay-type":"","overlay-color":"","overlay-opacity":"","overlay-gradient":""},"tablet":{"background-color":"","background-image":"","background-repeat":"repeat","background-position":"center center","background-size":"auto","background-attachment":"scroll","background-type":"","background-media":"","overlay-type":"","overlay-color":"","overlay-opacity":"","overlay-gradient":""},"mobile":{"background-color":"","background-image":"","background-repeat":"repeat","background-position":"center center","background-size":"auto","background-attachment":"scroll","background-type":"","background-media":"","overlay-type":"","overlay-color":"","overlay-opacity":"","overlay-gradient":""}},"ast-content-background-meta":{"desktop":{"background-color":"var(--ast-global-color-5)","background-image":"","background-repeat":"repeat","background-position":"center center","background-size":"auto","background-attachment":"scroll","background-type":"","background-media":"","overlay-type":"","overlay-color":"","overlay-opacity":"","overlay-gradient":""},"tablet":{"background-color":"var(--ast-global-color-5)","background-image":"","background-repeat":"repeat","background-position":"center center","background-size":"auto","background-attachment":"scroll","background-type":"","background-media":"","overlay-type":"","overlay-color":"","overlay-opacity":"","overlay-gradient":""},"mobile":{"background-color":"var(--ast-global-color-5)","background-image":"","background-repeat":"repeat","background-position":"center center","background-size":"auto","background-attachment":"scroll","background-type":"","background-media":"","overlay-type":"","overlay-color":"","overlay-opacity":"","overlay-gradient":""}}},"product_brand":[],"product_cat":[19],"product_tag":[],"class_list":{"0":"post-1712","1":"product","2":"type-product","3":"status-publish","4":"has-post-thumbnail","6":"product_cat-fasteners","8":"first","9":"instock","10":"shipping-taxable","11":"product-type-simple"},"_links":{"self":[{"href":"https:\/\/www.sknfastener.com\/es\/wp-json\/wp\/v2\/product\/1712","targetHints":{"allow":["GET"]}}],"collection":[{"href":"https:\/\/www.sknfastener.com\/es\/wp-json\/wp\/v2\/product"}],"about":[{"href":"https:\/\/www.sknfastener.com\/es\/wp-json\/wp\/v2\/types\/product"}],"replies":[{"embeddable":true,"href":"https:\/\/www.sknfastener.com\/es\/wp-json\/wp\/v2\/comments?post=1712"}],"version-history":[{"count":1,"href":"https:\/\/www.sknfastener.com\/es\/wp-json\/wp\/v2\/product\/1712\/revisions"}],"predecessor-version":[{"id":1824,"href":"https:\/\/www.sknfastener.com\/es\/wp-json\/wp\/v2\/product\/1712\/revisions\/1824"}],"wp:featuredmedia":[{"embeddable":true,"href":"https:\/\/www.sknfastener.com\/es\/wp-json\/wp\/v2\/media\/1811"}],"wp:attachment":[{"href":"https:\/\/www.sknfastener.com\/es\/wp-json\/wp\/v2\/media?parent=1712"}],"wp:term":[{"taxonomy":"product_brand","embeddable":true,"href":"https:\/\/www.sknfastener.com\/es\/wp-json\/wp\/v2\/product_brand?post=1712"},{"taxonomy":"product_cat","embeddable":true,"href":"https:\/\/www.sknfastener.com\/es\/wp-json\/wp\/v2\/product_cat?post=1712"},{"taxonomy":"product_tag","embeddable":true,"href":"https:\/\/www.sknfastener.com\/es\/wp-json\/wp\/v2\/product_tag?post=1712"}],"curies":[{"name":"wp","href":"https:\/\/api.w.org\/{rel}","templated":true}]}}