{"id":1718,"date":"2025-05-15T09:56:16","date_gmt":"2025-05-15T09:56:16","guid":{"rendered":"https:\/\/www.sknfastener.com\/?post_type=product&#038;p=1718"},"modified":"2025-05-20T20:30:35","modified_gmt":"2025-05-20T12:30:35","slug":"quick-release-pin","status":"publish","type":"product","link":"https:\/\/www.sknfastener.com\/es\/producto\/quick-release-pin\/","title":{"rendered":"Pasador de liberaci\u00f3n r\u00e1pida"},"content":{"rendered":"<h2 class=\"\" data-start=\"516\" data-end=\"542\">\u2705 Pasador de liberaci\u00f3n r\u00e1pida Descripci\u00f3n<\/h2>\n<p class=\"\" data-start=\"544\" data-end=\"916\">Este pasador de liberaci\u00f3n r\u00e1pida ofrece una soluci\u00f3n sencilla y eficaz para un bloqueo r\u00e1pido y repetible en entornos de uso intensivo. La estructura central consiste en un <strong data-start=\"705\" data-end=\"740\">eje macizo de acero inoxidable 304<\/strong>Dise\u00f1ado para ofrecer solidez y resistencia a la corrosi\u00f3n. La cabeza superior redonda incluye un <strong data-start=\"825\" data-end=\"848\">pulsador central<\/strong>Las dos bolas de bloqueo de la punta se retraen al presionarlas.<\/p>\n<p class=\"\" data-start=\"918\" data-end=\"1215\">Una vez insertado en un orificio de acoplamiento, al soltar el bot\u00f3n las bolas de bloqueo se expanden y sujetan firmemente el pasador en su sitio. Este mecanismo hace que el producto sea ideal para aplicaciones que requieren <strong data-start=\"1110\" data-end=\"1153\">enganche y desenganche r\u00e1pidos y sin herramientas<\/strong>sobre todo en instalaciones que se cambian o mueven con frecuencia.<\/p>\n<p class=\"\" data-start=\"1217\" data-end=\"1433\">La parte superior del mango est\u00e1 disponible en varios colores anodizados para facilitar su identificaci\u00f3n. De dise\u00f1o compacto y gran durabilidad, este pasador se utiliza habitualmente en fijaciones de plantillas, montajes de bastidores, estaciones de prueba y uniones estructurales.<\/p>\n<hr class=\"\" data-start=\"1435\" data-end=\"1438\" \/>\n<h2 class=\"\" data-start=\"1440\" data-end=\"1459\">Aplicaciones<\/h2>\n<ul data-start=\"1461\" data-end=\"1718\">\n<li class=\"\" data-start=\"1461\" data-end=\"1501\">\n<p class=\"\" data-start=\"1463\" data-end=\"1501\">Placas y equipos de fijaci\u00f3n modulares<\/p>\n<\/li>\n<li class=\"\" data-start=\"1502\" data-end=\"1535\">\n<p class=\"\" data-start=\"1504\" data-end=\"1535\">Configuraciones rob\u00f3ticas y de automatizaci\u00f3n<\/p>\n<\/li>\n<li class=\"\" data-start=\"1536\" data-end=\"1569\">\n<p class=\"\" data-start=\"1538\" data-end=\"1569\">Puestos de ensayo y montaje<\/p>\n<\/li>\n<li class=\"\" data-start=\"1570\" data-end=\"1618\">\n<p class=\"\" data-start=\"1572\" data-end=\"1618\">Plantillas de automoci\u00f3n y configuraciones de posicionamiento r\u00e1pido<\/p>\n<\/li>\n<li class=\"\" data-start=\"1619\" data-end=\"1640\">\n<p class=\"\" data-start=\"1621\" data-end=\"1640\">Utillaje aeroespacial<\/p>\n<\/li>\n<li class=\"\" data-start=\"1641\" data-end=\"1674\">\n<p class=\"\" data-start=\"1643\" data-end=\"1674\">Sistemas de montaje de escenarios o iluminaci\u00f3n<\/p>\n<\/li>\n<li class=\"\" data-start=\"1675\" data-end=\"1718\">\n<p class=\"\" data-start=\"1677\" data-end=\"1718\">Aparatos de ejercicio o estructuras plegables<\/p>\n<\/li>\n<\/ul>\n<hr class=\"\" data-start=\"1720\" data-end=\"1723\" \/>\n<h2 class=\"\" data-start=\"1725\" data-end=\"1756\">Especificaciones t\u00e9cnicas<\/h2>\n<div class=\"_tableContainer_16hzy_1\">\n<div class=\"_tableWrapper_16hzy_14 group flex w-fit flex-col-reverse\" tabindex=\"-1\">\n<table class=\"w-fit min-w-(--thread-content-width)\" data-start=\"1758\" data-end=\"2064\">\n<thead data-start=\"1758\" data-end=\"1801\">\n<tr data-start=\"1758\" data-end=\"1801\">\n<th data-start=\"1758\" data-end=\"1777\" data-col-size=\"sm\">Componente<\/th>\n<th data-start=\"1777\" data-end=\"1801\" data-col-size=\"sm\">Material<\/th>\n<\/tr>\n<\/thead>\n<tbody data-start=\"1846\" data-end=\"2064\">\n<tr data-start=\"1846\" data-end=\"1888\">\n<td data-start=\"1846\" data-end=\"1865\" data-col-size=\"sm\">Cuerpo del pasador<\/td>\n<td data-start=\"1865\" data-end=\"1888\" data-col-size=\"sm\">Acero inoxidable 304<\/td>\n<\/tr>\n<tr data-start=\"1889\" data-end=\"1936\">\n<td data-start=\"1889\" data-end=\"1908\" data-col-size=\"sm\">Bolas de bloqueo<\/td>\n<td data-col-size=\"sm\" data-start=\"1908\" data-end=\"1936\">Acero inoxidable endurecido<\/td>\n<\/tr>\n<tr data-start=\"1937\" data-end=\"1975\">\n<td data-start=\"1937\" data-end=\"1956\" data-col-size=\"sm\">Mecanismo de resorte<\/td>\n<td data-col-size=\"sm\" data-start=\"1956\" data-end=\"1975\">Acero inoxidable<\/td>\n<\/tr>\n<tr data-start=\"1976\" data-end=\"2016\">\n<td data-start=\"1976\" data-end=\"1995\" data-col-size=\"sm\">Cabeza de bot\u00f3n<\/td>\n<td data-col-size=\"sm\" data-start=\"1995\" data-end=\"2016\">Aluminio anodizado<\/td>\n<\/tr>\n<tr data-start=\"2017\" data-end=\"2064\">\n<td data-start=\"2017\" data-end=\"2045\" data-col-size=\"sm\">Anillo de retenci\u00f3n (opcional)<\/td>\n<td data-start=\"2045\" data-end=\"2064\" data-col-size=\"sm\">Acero inoxidable<\/td>\n<\/tr>\n<\/tbody>\n<\/table>\n<div class=\"sticky end-(--thread-content-margin) h-0 self-end select-none\">\n<div class=\"absolute end-0 flex items-end\"><\/div>\n<\/div>\n<\/div>\n<\/div>\n<p class=\"\" data-start=\"2066\" data-end=\"2088\"><strong data-start=\"2066\" data-end=\"2086\">Rangos est\u00e1ndar:<\/strong><\/p>\n<ul data-start=\"2089\" data-end=\"2285\">\n<li class=\"\" data-start=\"2089\" data-end=\"2119\">\n<p class=\"\" data-start=\"2091\" data-end=\"2119\"><strong data-start=\"2091\" data-end=\"2103\">Di\u00e1metro<\/strong>: 5 mm - 16 mm<\/p>\n<\/li>\n<li class=\"\" data-start=\"2120\" data-end=\"2161\">\n<p class=\"\" data-start=\"2122\" data-end=\"2161\"><strong data-start=\"2122\" data-end=\"2143\">Longitud \u00fatil (L)<\/strong>: 10 mm - 120 mm<\/p>\n<\/li>\n<li class=\"\" data-start=\"2162\" data-end=\"2221\">\n<p class=\"\" data-start=\"2164\" data-end=\"2221\"><strong data-start=\"2164\" data-end=\"2177\">Tipo de cabeza<\/strong>: Cabeza redonda plana con pulsador central<\/p>\n<\/li>\n<li class=\"\" data-start=\"2222\" data-end=\"2285\">\n<p class=\"\" data-start=\"2224\" data-end=\"2285\"><strong data-start=\"2224\" data-end=\"2241\">Opciones de color<\/strong>: Negro, Azul, Rojo, Plata (anodizado personalizado)<\/p>\n<\/li>\n<\/ul>\n<p class=\"\" data-start=\"2287\" data-end=\"2382\">Disponibles en longitudes, di\u00e1metros o estilos de mango personalizados seg\u00fan los planos de su aplicaci\u00f3n.<\/p>\n<hr class=\"\" data-start=\"2384\" data-end=\"2387\" \/>\n<h2 class=\"\" data-start=\"2389\" data-end=\"2408\">Caracter\u00edsticas principales<\/h2>\n<ul data-start=\"2410\" data-end=\"2712\">\n<li class=\"\" data-start=\"2410\" data-end=\"2479\">\n<p class=\"\" data-start=\"2412\" data-end=\"2479\"><strong data-start=\"2415\" data-end=\"2445\">Bloqueo de bola con muelle<\/strong> con un simple bot\u00f3n de desbloqueo<\/p>\n<\/li>\n<li class=\"\" data-start=\"2480\" data-end=\"2526\">\n<p class=\"\" data-start=\"2482\" data-end=\"2526\">\ufe0f <strong data-start=\"2486\" data-end=\"2508\">Montaje sin herramientas<\/strong> y desmontaje<\/p>\n<\/li>\n<li class=\"\" data-start=\"2527\" data-end=\"2603\">\n<p class=\"\" data-start=\"2529\" data-end=\"2603\"><strong data-start=\"2532\" data-end=\"2568\">Eje robusto de acero inoxidable 304<\/strong> para una mayor durabilidad en uso industrial<\/p>\n<\/li>\n<li class=\"\" data-start=\"2604\" data-end=\"2661\">\n<p class=\"\" data-start=\"2606\" data-end=\"2661\"><strong data-start=\"2609\" data-end=\"2635\">Tapa de bot\u00f3n codificada por colores<\/strong> para facilitar la identificaci\u00f3n<\/p>\n<\/li>\n<li class=\"\" data-start=\"2662\" data-end=\"2712\">\n<p class=\"\" data-start=\"2664\" data-end=\"2712\"><strong data-start=\"2667\" data-end=\"2702\">Admite especificaciones personalizadas<\/strong> (OEM\/ODM)<\/p>\n<\/li>\n<\/ul>\n<hr class=\"\" data-start=\"2714\" data-end=\"2717\" \/>\n<h2 class=\"\" data-start=\"2719\" data-end=\"2746\">Pedidos<\/h2>\n<h1 data-start=\"516\" data-end=\"542\">Pasador de liberaci\u00f3n r\u00e1pida<\/h1>\n<p class=\"\" data-start=\"2748\" data-end=\"2790\">Cuando solicite un presupuesto, indique:<\/p>\n<ul data-start=\"2791\" data-end=\"2963\">\n<li class=\"\" data-start=\"2791\" data-end=\"2823\">\n<p class=\"\" data-start=\"2793\" data-end=\"2823\">Di\u00e1metro del eje y longitud de agarre<\/p>\n<\/li>\n<li class=\"\" data-start=\"2824\" data-end=\"2845\">\n<p class=\"\" data-start=\"2826\" data-end=\"2845\">Cantidad requerida<\/p>\n<\/li>\n<li class=\"\" data-start=\"2846\" data-end=\"2885\">\n<p class=\"\" data-start=\"2848\" data-end=\"2885\">Color del bot\u00f3n (si lo prefiere)<\/p>\n<\/li>\n<li class=\"\" data-start=\"2886\" data-end=\"2923\">\n<p class=\"\" data-start=\"2888\" data-end=\"2923\">Opci\u00f3n de anilla o anclaje (si es necesario)<\/p>\n<\/li>\n<li class=\"\" data-start=\"2924\" data-end=\"2963\">\n<p class=\"\" data-start=\"2926\" data-end=\"2963\">Requisitos especiales de etiquetado o logotipo<\/p>\n<\/li>\n<\/ul>","protected":false},"excerpt":{"rendered":"<p>Dise\u00f1o de precisi\u00f3n <strong data-start=\"255\" data-end=\"286\">pasador de bloqueo de bola de liberaci\u00f3n r\u00e1pida<\/strong> con eje de acero inoxidable 304 y pulsador de aluminio anodizado. Dise\u00f1ado para una fijaci\u00f3n sin herramientas y un bloqueo r\u00e1pido en montajes modulares e industriales. <strong data-start=\"448\" data-end=\"509\">Material y dimensiones adaptables a su aplicaci\u00f3n.<\/strong><\/p>","protected":false},"featured_media":1810,"comment_status":"closed","ping_status":"closed","template":"","meta":{"site-sidebar-layout":"default","site-content-layout":"","ast-site-content-layout":"default","site-content-style":"default","site-sidebar-style":"default","ast-global-header-display":"","ast-banner-title-visibility":"","ast-main-header-display":"","ast-hfb-above-header-display":"","ast-hfb-below-header-display":"","ast-hfb-mobile-header-display":"","site-post-title":"","ast-breadcrumbs-content":"","ast-featured-img":"","footer-sml-layout":"","ast-disable-related-posts":"","theme-transparent-header-meta":"default","adv-header-id-meta":"","stick-header-meta":"","header-above-stick-meta":"","header-main-stick-meta":"","header-below-stick-meta":"","astra-migrate-meta-layouts":"set","ast-page-background-enabled":"default","ast-page-background-meta":{"desktop":{"background-color":"var(--ast-global-color-4)","background-image":"","background-repeat":"repeat","background-position":"center center","background-size":"auto","background-attachment":"scroll","background-type":"","background-media":"","overlay-type":"","overlay-color":"","overlay-opacity":"","overlay-gradient":""},"tablet":{"background-color":"","background-image":"","background-repeat":"repeat","background-position":"center center","background-size":"auto","background-attachment":"scroll","background-type":"","background-media":"","overlay-type":"","overlay-color":"","overlay-opacity":"","overlay-gradient":""},"mobile":{"background-color":"","background-image":"","background-repeat":"repeat","background-position":"center center","background-size":"auto","background-attachment":"scroll","background-type":"","background-media":"","overlay-type":"","overlay-color":"","overlay-opacity":"","overlay-gradient":""}},"ast-content-background-meta":{"desktop":{"background-color":"var(--ast-global-color-5)","background-image":"","background-repeat":"repeat","background-position":"center center","background-size":"auto","background-attachment":"scroll","background-type":"","background-media":"","overlay-type":"","overlay-color":"","overlay-opacity":"","overlay-gradient":""},"tablet":{"background-color":"var(--ast-global-color-5)","background-image":"","background-repeat":"repeat","background-position":"center center","background-size":"auto","background-attachment":"scroll","background-type":"","background-media":"","overlay-type":"","overlay-color":"","overlay-opacity":"","overlay-gradient":""},"mobile":{"background-color":"var(--ast-global-color-5)","background-image":"","background-repeat":"repeat","background-position":"center center","background-size":"auto","background-attachment":"scroll","background-type":"","background-media":"","overlay-type":"","overlay-color":"","overlay-opacity":"","overlay-gradient":""}}},"product_brand":[],"product_cat":[19],"product_tag":[],"class_list":{"0":"post-1718","1":"product","2":"type-product","3":"status-publish","4":"has-post-thumbnail","6":"product_cat-fasteners","8":"first","9":"instock","10":"shipping-taxable","11":"product-type-simple"},"_links":{"self":[{"href":"https:\/\/www.sknfastener.com\/es\/wp-json\/wp\/v2\/product\/1718","targetHints":{"allow":["GET"]}}],"collection":[{"href":"https:\/\/www.sknfastener.com\/es\/wp-json\/wp\/v2\/product"}],"about":[{"href":"https:\/\/www.sknfastener.com\/es\/wp-json\/wp\/v2\/types\/product"}],"replies":[{"embeddable":true,"href":"https:\/\/www.sknfastener.com\/es\/wp-json\/wp\/v2\/comments?post=1718"}],"version-history":[{"count":1,"href":"https:\/\/www.sknfastener.com\/es\/wp-json\/wp\/v2\/product\/1718\/revisions"}],"predecessor-version":[{"id":1820,"href":"https:\/\/www.sknfastener.com\/es\/wp-json\/wp\/v2\/product\/1718\/revisions\/1820"}],"wp:featuredmedia":[{"embeddable":true,"href":"https:\/\/www.sknfastener.com\/es\/wp-json\/wp\/v2\/media\/1810"}],"wp:attachment":[{"href":"https:\/\/www.sknfastener.com\/es\/wp-json\/wp\/v2\/media?parent=1718"}],"wp:term":[{"taxonomy":"product_brand","embeddable":true,"href":"https:\/\/www.sknfastener.com\/es\/wp-json\/wp\/v2\/product_brand?post=1718"},{"taxonomy":"product_cat","embeddable":true,"href":"https:\/\/www.sknfastener.com\/es\/wp-json\/wp\/v2\/product_cat?post=1718"},{"taxonomy":"product_tag","embeddable":true,"href":"https:\/\/www.sknfastener.com\/es\/wp-json\/wp\/v2\/product_tag?post=1718"}],"curies":[{"name":"wp","href":"https:\/\/api.w.org\/{rel}","templated":true}]}}