{"id":1724,"date":"2025-05-15T10:04:25","date_gmt":"2025-05-15T10:04:25","guid":{"rendered":"https:\/\/www.sknfastener.com\/?post_type=product&#038;p=1724"},"modified":"2025-05-20T20:30:21","modified_gmt":"2025-05-20T12:30:21","slug":"quick-release-locking-pin","status":"publish","type":"product","link":"https:\/\/www.sknfastener.com\/es\/producto\/quick-release-locking-pin\/","title":{"rendered":"Pasador de bloqueo de bola con mango en T"},"content":{"rendered":"<h1><strong>Pasador de bloqueo de liberaci\u00f3n r\u00e1pida<\/strong><\/h1>\n<p class=\"\" data-start=\"521\" data-end=\"827\">combina un funcionamiento sencillo con una gran durabilidad para aplicaciones de bloqueo industriales y estructurales. El eje central, el muelle interno y las dos bolas de bloqueo est\u00e1n fabricados en acero inoxidable. <strong data-start=\"722\" data-end=\"765\">acero inoxidable 304 resistente a la corrosi\u00f3n<\/strong>y ofrecen un rendimiento constante en entornos exigentes.<\/p>\n<p class=\"\" data-start=\"829\" data-end=\"1111\">Este pasador presenta una amplia <strong data-start=\"854\" data-end=\"881\">Mango de pl\u00e1stico en forma de T<\/strong>Dise\u00f1ado para un agarre c\u00f3modo y una liberaci\u00f3n r\u00e1pida con una sola mano. Al pulsar el bot\u00f3n superior, las bolas de bloqueo se retraen en el eje, permitiendo la inserci\u00f3n o extracci\u00f3n. Una vez liberadas, las bolas se bloquean autom\u00e1ticamente en su posici\u00f3n.<\/p>\n<p class=\"\" data-start=\"1113\" data-end=\"1250\">Su estructura es ideal para tareas repetidas de montaje y desmontaje, especialmente en plantillas, dispositivos, estructuras modulares y estaciones de herramientas.<\/p>\n<h2 class=\"\" data-start=\"1257\" data-end=\"1276\">Aplicaciones<\/h2>\n<ul data-start=\"1278\" data-end=\"1511\">\n<li class=\"\" data-start=\"1278\" data-end=\"1305\">\n<p class=\"\" data-start=\"1280\" data-end=\"1305\">Fijaci\u00f3n modular<\/p>\n<\/li>\n<li class=\"\" data-start=\"1306\" data-end=\"1333\">\n<p class=\"\" data-start=\"1308\" data-end=\"1333\">Equipos de l\u00ednea de montaje<\/p>\n<\/li>\n<li class=\"\" data-start=\"1334\" data-end=\"1369\">\n<p class=\"\" data-start=\"1336\" data-end=\"1369\">Sistemas de truss para escenarios o iluminaci\u00f3n<\/p>\n<\/li>\n<li class=\"\" data-start=\"1370\" data-end=\"1409\">\n<p class=\"\" data-start=\"1372\" data-end=\"1409\">Ajuste del cuadro deportivo y de fitness<\/p>\n<\/li>\n<li class=\"\" data-start=\"1410\" data-end=\"1431\">\n<p class=\"\" data-start=\"1412\" data-end=\"1431\">Utillaje aeroespacial<\/p>\n<\/li>\n<li class=\"\" data-start=\"1432\" data-end=\"1474\">\n<p class=\"\" data-start=\"1434\" data-end=\"1474\">Plantillas y montajes para automoci\u00f3n<\/p>\n<\/li>\n<li class=\"\" data-start=\"1475\" data-end=\"1511\">\n<p class=\"\" data-start=\"1477\" data-end=\"1511\">Andamios mar\u00edtimos o de construcci\u00f3n<\/p>\n<\/li>\n<\/ul>\n<hr class=\"\" data-start=\"1513\" data-end=\"1516\" \/>\n<h2 class=\"\" data-start=\"1518\" data-end=\"1549\">Especificaciones t\u00e9cnicas<\/h2>\n<div class=\"_tableContainer_16hzy_1\">\n<div class=\"_tableWrapper_16hzy_14 group flex w-fit flex-col-reverse\" tabindex=\"-1\">\n<table class=\"w-fit min-w-(--thread-content-width)\" data-start=\"1551\" data-end=\"1809\">\n<thead data-start=\"1551\" data-end=\"1593\">\n<tr data-start=\"1551\" data-end=\"1593\">\n<th data-start=\"1551\" data-end=\"1571\" data-col-size=\"sm\">Componente<\/th>\n<th data-start=\"1571\" data-end=\"1593\" data-col-size=\"sm\">Material<\/th>\n<\/tr>\n<\/thead>\n<tbody data-start=\"1636\" data-end=\"1809\">\n<tr data-start=\"1636\" data-end=\"1678\">\n<td data-start=\"1636\" data-end=\"1655\" data-col-size=\"sm\">Pin<\/td>\n<td data-col-size=\"sm\" data-start=\"1655\" data-end=\"1678\">Acero inoxidable 304<\/td>\n<\/tr>\n<tr data-start=\"1679\" data-end=\"1721\">\n<td data-start=\"1679\" data-end=\"1698\" data-col-size=\"sm\">Primavera<\/td>\n<td data-start=\"1698\" data-end=\"1721\" data-col-size=\"sm\">Acero inoxidable 304<\/td>\n<\/tr>\n<tr data-start=\"1722\" data-end=\"1764\">\n<td data-start=\"1722\" data-end=\"1741\" data-col-size=\"sm\">Bola<\/td>\n<td data-col-size=\"sm\" data-start=\"1741\" data-end=\"1764\">Acero inoxidable 304<\/td>\n<\/tr>\n<tr data-start=\"1765\" data-end=\"1809\">\n<td data-start=\"1765\" data-end=\"1784\" data-col-size=\"sm\">Mango<\/td>\n<td data-start=\"1784\" data-end=\"1809\" data-col-size=\"sm\">Pl\u00e1stico de alta resistencia<\/td>\n<\/tr>\n<\/tbody>\n<\/table>\n<div class=\"sticky end-(--thread-content-margin) h-0 self-end select-none\">\n<div class=\"absolute end-0 flex items-end\"><\/div>\n<\/div>\n<\/div>\n<\/div>\n<p class=\"\" data-start=\"1811\" data-end=\"1849\"><strong data-start=\"1811\" data-end=\"1849\">Dimensiones est\u00e1ndar (modelo MT193):<\/strong><\/p>\n<div class=\"_tableContainer_16hzy_1\">\n<div class=\"_tableWrapper_16hzy_14 group flex w-fit flex-col-reverse\" tabindex=\"-1\">\n<table class=\"w-fit min-w-(--thread-content-width)\" data-start=\"1851\" data-end=\"2133\">\n<thead data-start=\"1851\" data-end=\"1881\">\n<tr data-start=\"1851\" data-end=\"1881\">\n<th data-start=\"1851\" data-end=\"1863\" data-col-size=\"sm\">Par\u00e1metro<\/th>\n<th data-start=\"1863\" data-end=\"1881\" data-col-size=\"sm\">Valor<\/th>\n<\/tr>\n<\/thead>\n<tbody data-start=\"1913\" data-end=\"2133\">\n<tr data-start=\"1913\" data-end=\"1947\">\n<td data-start=\"1913\" data-end=\"1926\" data-col-size=\"sm\">Di\u00e1metro A<\/td>\n<td data-start=\"1926\" data-end=\"1947\" data-col-size=\"sm\">5mm-20mm (a medida)<\/td>\n<\/tr>\n<tr data-start=\"1948\" data-end=\"1988\">\n<td data-start=\"1948\" data-end=\"1964\" data-col-size=\"sm\">Longitud de la empu\u00f1adura L<\/td>\n<td data-col-size=\"sm\" data-start=\"1964\" data-end=\"1988\">10 mm-100 mm (\u00b10,5 mm)<\/td>\n<\/tr>\n<tr data-start=\"1989\" data-end=\"2032\">\n<td data-start=\"1989\" data-end=\"2003\" data-col-size=\"sm\">Tipo de asa<\/td>\n<td data-col-size=\"sm\" data-start=\"2003\" data-end=\"2032\">Empu\u00f1adura horizontal en forma de T<\/td>\n<\/tr>\n<tr data-start=\"2033\" data-end=\"2086\">\n<td data-start=\"2033\" data-end=\"2045\" data-col-size=\"sm\">Operaci\u00f3n<\/td>\n<td data-col-size=\"sm\" data-start=\"2045\" data-end=\"2086\">Mecanismo de retracci\u00f3n de bola mediante pulsador<\/td>\n<\/tr>\n<tr data-start=\"2087\" data-end=\"2133\">\n<td data-start=\"2087\" data-end=\"2104\" data-col-size=\"sm\">Anillo de retenci\u00f3n<\/td>\n<td data-col-size=\"sm\" data-start=\"2104\" data-end=\"2133\">Opcional, acero inoxidable<\/td>\n<\/tr>\n<\/tbody>\n<\/table>\n<div class=\"sticky end-(--thread-content-margin) h-0 self-end select-none\">\n<div class=\"absolute end-0 flex items-end\"><\/div>\n<\/div>\n<\/div>\n<\/div>\n<p class=\"\" data-start=\"2135\" data-end=\"2187\">Soporte CAD completo y personalizaci\u00f3n OEM disponible.<\/p>\n<hr class=\"\" data-start=\"2189\" data-end=\"2192\" \/>\n<h2 class=\"\" data-start=\"2194\" data-end=\"2213\">Caracter\u00edsticas principales<\/h2>\n<ul data-start=\"2215\" data-end=\"2506\">\n<li class=\"\" data-start=\"2215\" data-end=\"2277\">\n<p class=\"\" data-start=\"2217\" data-end=\"2277\">Mecanismo de empuje para un manejo r\u00e1pido y sin herramientas<\/p>\n<\/li>\n<li class=\"\" data-start=\"2278\" data-end=\"2327\">\n<p class=\"\" data-start=\"2280\" data-end=\"2327\">Las dos bolas de bloqueo garantizan una fijaci\u00f3n segura<\/p>\n<\/li>\n<li class=\"\" data-start=\"2328\" data-end=\"2403\">\n<p class=\"\" data-start=\"2330\" data-end=\"2403\">Componentes de acero inoxidable 304 para mayor solidez y resistencia a la corrosi\u00f3n<\/p>\n<\/li>\n<li class=\"\" data-start=\"2404\" data-end=\"2454\">\n<p class=\"\" data-start=\"2406\" data-end=\"2454\">\ufe0f Mango en T de gran tama\u00f1o para un agarre manual firme<\/p>\n<\/li>\n<li class=\"\" data-start=\"2455\" data-end=\"2506\">\n<p class=\"\" data-start=\"2457\" data-end=\"2506\">Dimensiones y asas personalizadas<\/p>\n<\/li>\n<\/ul>\n<hr class=\"\" data-start=\"2508\" data-end=\"2511\" \/>\n<h2 class=\"\" data-start=\"2513\" data-end=\"2536\">Detalles del pedido<\/h2>\n<p class=\"\" data-start=\"2538\" data-end=\"2575\">Al enviar la consulta, especifique:<\/p>\n<ul data-start=\"2576\" data-end=\"2766\">\n<li class=\"\" data-start=\"2576\" data-end=\"2629\">\n<p class=\"\" data-start=\"2578\" data-end=\"2629\">Di\u00e1metro de la clavija y longitud de la empu\u00f1adura (por ejemplo, \u00d810mm x 40mm)<\/p>\n<\/li>\n<li class=\"\" data-start=\"2630\" data-end=\"2642\">\n<p class=\"\" data-start=\"2632\" data-end=\"2642\">Cantidad<\/p>\n<\/li>\n<li class=\"\" data-start=\"2643\" data-end=\"2680\">\n<p class=\"\" data-start=\"2645\" data-end=\"2680\">Necesidad de anillo de retenci\u00f3n o anclaje<\/p>\n<\/li>\n<li class=\"\" data-start=\"2681\" data-end=\"2727\">\n<p class=\"\" data-start=\"2683\" data-end=\"2727\">Marca o embalaje personalizados (si es necesario)<\/p>\n<\/li>\n<li class=\"\" data-start=\"2728\" data-end=\"2766\">\n<p class=\"\" data-start=\"2730\" data-end=\"2766\">Archivo de dibujo, si procede (PDF\/DWG)<\/p>\n<\/li>\n<\/ul>","protected":false},"excerpt":{"rendered":"<p><strong>Pasador de bloqueo de liberaci\u00f3n r\u00e1pida<\/strong> Con eje y muelle de acero inoxidable 304 y empu\u00f1adura de pl\u00e1stico resistente. Ideal para bloqueo r\u00e1pido, posicionamiento y liberaci\u00f3n sin herramientas. <strong data-start=\"420\" data-end=\"486\">El material y las dimensiones pueden adaptarse a su aplicaci\u00f3n.<\/strong><\/p>","protected":false},"featured_media":1800,"comment_status":"closed","ping_status":"closed","template":"","meta":{"site-sidebar-layout":"default","site-content-layout":"","ast-site-content-layout":"default","site-content-style":"default","site-sidebar-style":"default","ast-global-header-display":"","ast-banner-title-visibility":"","ast-main-header-display":"","ast-hfb-above-header-display":"","ast-hfb-below-header-display":"","ast-hfb-mobile-header-display":"","site-post-title":"","ast-breadcrumbs-content":"","ast-featured-img":"","footer-sml-layout":"","ast-disable-related-posts":"","theme-transparent-header-meta":"default","adv-header-id-meta":"","stick-header-meta":"","header-above-stick-meta":"","header-main-stick-meta":"","header-below-stick-meta":"","astra-migrate-meta-layouts":"set","ast-page-background-enabled":"default","ast-page-background-meta":{"desktop":{"background-color":"var(--ast-global-color-4)","background-image":"","background-repeat":"repeat","background-position":"center center","background-size":"auto","background-attachment":"scroll","background-type":"","background-media":"","overlay-type":"","overlay-color":"","overlay-opacity":"","overlay-gradient":""},"tablet":{"background-color":"","background-image":"","background-repeat":"repeat","background-position":"center center","background-size":"auto","background-attachment":"scroll","background-type":"","background-media":"","overlay-type":"","overlay-color":"","overlay-opacity":"","overlay-gradient":""},"mobile":{"background-color":"","background-image":"","background-repeat":"repeat","background-position":"center center","background-size":"auto","background-attachment":"scroll","background-type":"","background-media":"","overlay-type":"","overlay-color":"","overlay-opacity":"","overlay-gradient":""}},"ast-content-background-meta":{"desktop":{"background-color":"var(--ast-global-color-5)","background-image":"","background-repeat":"repeat","background-position":"center center","background-size":"auto","background-attachment":"scroll","background-type":"","background-media":"","overlay-type":"","overlay-color":"","overlay-opacity":"","overlay-gradient":""},"tablet":{"background-color":"var(--ast-global-color-5)","background-image":"","background-repeat":"repeat","background-position":"center center","background-size":"auto","background-attachment":"scroll","background-type":"","background-media":"","overlay-type":"","overlay-color":"","overlay-opacity":"","overlay-gradient":""},"mobile":{"background-color":"var(--ast-global-color-5)","background-image":"","background-repeat":"repeat","background-position":"center center","background-size":"auto","background-attachment":"scroll","background-type":"","background-media":"","overlay-type":"","overlay-color":"","overlay-opacity":"","overlay-gradient":""}}},"product_brand":[],"product_cat":[19],"product_tag":[],"class_list":{"0":"post-1724","1":"product","2":"type-product","3":"status-publish","4":"has-post-thumbnail","6":"product_cat-fasteners","8":"first","9":"instock","10":"shipping-taxable","11":"product-type-simple"},"_links":{"self":[{"href":"https:\/\/www.sknfastener.com\/es\/wp-json\/wp\/v2\/product\/1724","targetHints":{"allow":["GET"]}}],"collection":[{"href":"https:\/\/www.sknfastener.com\/es\/wp-json\/wp\/v2\/product"}],"about":[{"href":"https:\/\/www.sknfastener.com\/es\/wp-json\/wp\/v2\/types\/product"}],"replies":[{"embeddable":true,"href":"https:\/\/www.sknfastener.com\/es\/wp-json\/wp\/v2\/comments?post=1724"}],"version-history":[{"count":1,"href":"https:\/\/www.sknfastener.com\/es\/wp-json\/wp\/v2\/product\/1724\/revisions"}],"predecessor-version":[{"id":1819,"href":"https:\/\/www.sknfastener.com\/es\/wp-json\/wp\/v2\/product\/1724\/revisions\/1819"}],"wp:featuredmedia":[{"embeddable":true,"href":"https:\/\/www.sknfastener.com\/es\/wp-json\/wp\/v2\/media\/1800"}],"wp:attachment":[{"href":"https:\/\/www.sknfastener.com\/es\/wp-json\/wp\/v2\/media?parent=1724"}],"wp:term":[{"taxonomy":"product_brand","embeddable":true,"href":"https:\/\/www.sknfastener.com\/es\/wp-json\/wp\/v2\/product_brand?post=1724"},{"taxonomy":"product_cat","embeddable":true,"href":"https:\/\/www.sknfastener.com\/es\/wp-json\/wp\/v2\/product_cat?post=1724"},{"taxonomy":"product_tag","embeddable":true,"href":"https:\/\/www.sknfastener.com\/es\/wp-json\/wp\/v2\/product_tag?post=1724"}],"curies":[{"name":"wp","href":"https:\/\/api.w.org\/{rel}","templated":true}]}}