{"id":1859,"date":"2025-05-20T21:35:23","date_gmt":"2025-05-20T13:35:23","guid":{"rendered":"https:\/\/www.sknfastener.com\/?post_type=product&#038;p=1859"},"modified":"2025-05-20T21:35:38","modified_gmt":"2025-05-20T13:35:38","slug":"precision-shoulder-bolt-hex-socket-head","status":"publish","type":"product","link":"https:\/\/www.sknfastener.com\/es\/producto\/precision-shoulder-bolt-hex-socket-head\/","title":{"rendered":"Tornillo de hombro de precisi\u00f3n - Cabeza hueca hexagonal"},"content":{"rendered":"<p class=\"\" data-start=\"537\" data-end=\"865\">Este <strong data-start=\"542\" data-end=\"559\">perno de hombro<\/strong>-tambi\u00e9n conocido como <strong data-start=\"576\" data-end=\"594\">tornillo de tope<\/strong>-est\u00e1 dise\u00f1ado para aplicaciones de alta resistencia que requieren una alineaci\u00f3n, deslizamiento o rotaci\u00f3n precisos de los componentes. El dise\u00f1o presenta un hombro largo, rectificado con precisi\u00f3n y con un di\u00e1metro uniforme, junto con una secci\u00f3n roscada est\u00e1ndar y una cabeza hexagonal para una fijaci\u00f3n segura.<\/p>\n<p class=\"\" data-start=\"867\" data-end=\"1090\">El hombro act\u00faa como un pasador, espaciador o gu\u00eda, com\u00fanmente utilizado en plantillas, accesorios de herramientas, conjuntos de matrices, piezas m\u00f3viles y enlaces mec\u00e1nicos. La cabeza hexagonal permite una f\u00e1cil instalaci\u00f3n y extracci\u00f3n con una llave Allen.<\/p>\n<p class=\"\" data-start=\"1092\" data-end=\"1341\">Se ofrece en <strong data-start=\"1103\" data-end=\"1127\">acero aleado endurecido<\/strong> o <strong data-start=\"1131\" data-end=\"1158\">acero inoxidable 304\/316<\/strong>Este perno es adecuado tanto para uso industrial general como para entornos de alta corrosi\u00f3n. Personalizaci\u00f3n dimensional completa disponible en base a su dibujo t\u00e9cnico o muestra.<\/p>\n<h2 class=\"\" data-start=\"1348\" data-end=\"1367\">Aplicaciones<\/h2>\n<ul data-start=\"1369\" data-end=\"1575\">\n<li class=\"\" data-start=\"1369\" data-end=\"1406\">\n<p class=\"\" data-start=\"1371\" data-end=\"1406\">Automatizaci\u00f3n y montaje de dispositivos<\/p>\n<\/li>\n<li class=\"\" data-start=\"1407\" data-end=\"1445\">\n<p class=\"\" data-start=\"1409\" data-end=\"1445\">Rob\u00f3tica y sistemas de movimiento lineal<\/p>\n<\/li>\n<li class=\"\" data-start=\"1446\" data-end=\"1478\">\n<p class=\"\" data-start=\"1448\" data-end=\"1478\">Bases de moldes y matrices de estampaci\u00f3n<\/p>\n<\/li>\n<li class=\"\" data-start=\"1479\" data-end=\"1513\">\n<p class=\"\" data-start=\"1481\" data-end=\"1513\">Articulaciones giratorias y brazos pivotantes<\/p>\n<\/li>\n<li class=\"\" data-start=\"1514\" data-end=\"1537\">\n<p class=\"\" data-start=\"1516\" data-end=\"1537\">Puesta a punto de m\u00e1quinas herramienta<\/p>\n<\/li>\n<li class=\"\" data-start=\"1538\" data-end=\"1575\">\n<p class=\"\" data-start=\"1540\" data-end=\"1575\">Componentes de automoci\u00f3n y aeroespaciales<\/p>\n<\/li>\n<\/ul>\n<hr class=\"\" data-start=\"1577\" data-end=\"1580\" \/>\n<h2 class=\"\" data-start=\"1582\" data-end=\"1613\">Especificaciones t\u00e9cnicas<\/h2>\n<div class=\"_tableContainer_16hzy_1\">\n<div class=\"_tableWrapper_16hzy_14 group flex w-fit flex-col-reverse\" tabindex=\"-1\">\n<table class=\"w-fit min-w-(--thread-content-width)\" data-start=\"1615\" data-end=\"1877\">\n<thead data-start=\"1615\" data-end=\"1658\">\n<tr data-start=\"1615\" data-end=\"1658\">\n<th data-start=\"1615\" data-end=\"1634\" data-col-size=\"sm\">Componente<\/th>\n<th data-start=\"1634\" data-end=\"1658\" data-col-size=\"sm\">Opciones de material<\/th>\n<\/tr>\n<\/thead>\n<tbody data-start=\"1703\" data-end=\"1877\">\n<tr data-start=\"1703\" data-end=\"1766\">\n<td data-start=\"1703\" data-end=\"1723\" data-col-size=\"sm\">Hombro e hilo<\/td>\n<td data-col-size=\"sm\" data-start=\"1723\" data-end=\"1766\">Acero aleado \/ Acero inoxidable 304 \/ 316<\/td>\n<\/tr>\n<tr data-start=\"1767\" data-end=\"1822\">\n<td data-start=\"1767\" data-end=\"1786\" data-col-size=\"sm\">Tipo de cabeza<\/td>\n<td data-start=\"1786\" data-end=\"1822\" data-col-size=\"sm\">Cabeza hueca hexagonal (Allen est\u00e1ndar)<\/td>\n<\/tr>\n<tr data-start=\"1823\" data-end=\"1877\">\n<td data-start=\"1823\" data-end=\"1842\" data-col-size=\"sm\">Tipo de hilo<\/td>\n<td data-start=\"1842\" data-end=\"1877\" data-col-size=\"sm\">M\u00e9trico \/ UNC \/ UNF (personalizable)<\/td>\n<\/tr>\n<\/tbody>\n<\/table>\n<div class=\"sticky end-(--thread-content-margin) h-0 self-end select-none\">\n<div class=\"absolute end-0 flex items-end\"><\/div>\n<\/div>\n<\/div>\n<\/div>\n<p class=\"\" data-start=\"1879\" data-end=\"1899\"><strong data-start=\"1879\" data-end=\"1899\">Tallas disponibles:<\/strong><\/p>\n<div class=\"_tableContainer_16hzy_1\">\n<div class=\"_tableWrapper_16hzy_14 group flex w-fit flex-col-reverse\" tabindex=\"-1\">\n<table class=\"w-fit min-w-(--thread-content-width)\" data-start=\"1901\" data-end=\"2220\">\n<thead data-start=\"1901\" data-end=\"1951\">\n<tr data-start=\"1901\" data-end=\"1951\">\n<th data-start=\"1901\" data-end=\"1921\" data-col-size=\"sm\">Par\u00e1metro<\/th>\n<th data-start=\"1921\" data-end=\"1951\" data-col-size=\"sm\">Gama<\/th>\n<\/tr>\n<\/thead>\n<tbody data-start=\"2002\" data-end=\"2220\">\n<tr data-start=\"2002\" data-end=\"2038\">\n<td data-start=\"2002\" data-end=\"2022\" data-col-size=\"sm\">Di\u00e1metro del hombro<\/td>\n<td data-start=\"2022\" data-end=\"2038\" data-col-size=\"sm\">4 mm - 20 mm<\/td>\n<\/tr>\n<tr data-start=\"2039\" data-end=\"2076\">\n<td data-start=\"2039\" data-end=\"2059\" data-col-size=\"sm\">Largo del hombro<\/td>\n<td data-start=\"2059\" data-end=\"2076\" data-col-size=\"sm\">5 mm - 100 mm<\/td>\n<\/tr>\n<tr data-start=\"2077\" data-end=\"2133\">\n<td data-start=\"2077\" data-end=\"2097\" data-col-size=\"sm\">Longitud de la rosca<\/td>\n<td data-col-size=\"sm\" data-start=\"2097\" data-end=\"2133\">Seg\u00fan tama\u00f1o (personalizable)<\/td>\n<\/tr>\n<tr data-start=\"2134\" data-end=\"2174\">\n<td data-start=\"2134\" data-end=\"2154\" data-col-size=\"sm\">Tama\u00f1o de la rosca<\/td>\n<td data-start=\"2154\" data-end=\"2174\" data-col-size=\"sm\">M3-M16 \/ #4-5\/8\"<\/td>\n<\/tr>\n<tr data-start=\"2175\" data-end=\"2220\">\n<td data-start=\"2175\" data-end=\"2195\" data-col-size=\"sm\">Tolerancia<\/td>\n<td data-start=\"2195\" data-end=\"2220\" data-col-size=\"sm\">h9 \/ precisi\u00f3n personalizada<\/td>\n<\/tr>\n<\/tbody>\n<\/table>\n<div class=\"sticky end-(--thread-content-margin) h-0 self-end select-none\">\n<div class=\"absolute end-0 flex items-end\"><\/div>\n<\/div>\n<\/div>\n<\/div>\n<p class=\"\" data-start=\"2222\" data-end=\"2291\">Las dimensiones y tolerancias OEM pueden realizarse seg\u00fan plano o modelo CAD.<\/p>\n<hr class=\"\" data-start=\"2293\" data-end=\"2296\" \/>\n<h2 class=\"\" data-start=\"2298\" data-end=\"2317\">Caracter\u00edsticas principales<\/h2>\n<ul data-start=\"2319\" data-end=\"2601\">\n<li class=\"\" data-start=\"2319\" data-end=\"2384\">\n<p class=\"\" data-start=\"2321\" data-end=\"2384\">Hombro rectificado con precisi\u00f3n para un ajuste y alineaci\u00f3n uniformes<\/p>\n<\/li>\n<li class=\"\" data-start=\"2385\" data-end=\"2447\">\n<p class=\"\" data-start=\"2387\" data-end=\"2447\">Cabeza hueca hexagonal para un apriete fuerte y resistente a la torsi\u00f3n<\/p>\n<\/li>\n<li class=\"\" data-start=\"2448\" data-end=\"2495\">\n<p class=\"\" data-start=\"2450\" data-end=\"2495\">Doble funci\u00f3n como cierre y eje<\/p>\n<\/li>\n<li class=\"\" data-start=\"2496\" data-end=\"2556\">\n<p class=\"\" data-start=\"2498\" data-end=\"2556\">Ideal para aplicaciones de localizaci\u00f3n, giro o deslizamiento<\/p>\n<\/li>\n<li class=\"\" data-start=\"2557\" data-end=\"2601\">\n<p class=\"\" data-start=\"2559\" data-end=\"2601\">Dimensiones y roscas personalizadas disponibles<\/p>\n<\/li>\n<\/ul>\n<hr class=\"\" data-start=\"2603\" data-end=\"2606\" \/>\n<h2 class=\"\" data-start=\"2608\" data-end=\"2635\">Informaci\u00f3n para pedidos<\/h2>\n<p class=\"\" data-start=\"2637\" data-end=\"2668\">Por favor, incluya en su solicitud:<\/p>\n<ul data-start=\"2669\" data-end=\"2840\">\n<li class=\"\" data-start=\"2669\" data-end=\"2699\">\n<p class=\"\" data-start=\"2671\" data-end=\"2699\">Di\u00e1metro y longitud del hombro<\/p>\n<\/li>\n<li class=\"\" data-start=\"2700\" data-end=\"2740\">\n<p class=\"\" data-start=\"2702\" data-end=\"2740\">Tama\u00f1o y tipo de rosca (por ejemplo, M8x1,25)<\/p>\n<\/li>\n<li class=\"\" data-start=\"2741\" data-end=\"2753\">\n<p class=\"\" data-start=\"2743\" data-end=\"2753\">Cantidad<\/p>\n<\/li>\n<li class=\"\" data-start=\"2754\" data-end=\"2804\">\n<p class=\"\" data-start=\"2756\" data-end=\"2804\">Material preferido (por ejemplo, acero inoxidable 304)<\/p>\n<\/li>\n<li class=\"\" data-start=\"2805\" data-end=\"2840\">\n<p class=\"\" data-start=\"2807\" data-end=\"2840\">Planos o archivos CAD, si est\u00e1n disponibles<\/p>\n<\/li>\n<\/ul>","protected":false},"excerpt":{"rendered":"<p>Mecanizado de precisi\u00f3n <strong data-start=\"287\" data-end=\"325\">perno con cabeza hexagonal<\/strong>Ideal para localizar, pivotar o guiar componentes en conjuntos mec\u00e1nicos. Disponibles en acero al carbono o acero inoxidable. <strong data-start=\"451\" data-end=\"502\">El di\u00e1metro y la longitud del hombro pueden personalizarse.<\/strong><\/p>","protected":false},"featured_media":1860,"comment_status":"open","ping_status":"closed","template":"","meta":{"site-sidebar-layout":"default","site-content-layout":"","ast-site-content-layout":"default","site-content-style":"default","site-sidebar-style":"default","ast-global-header-display":"","ast-banner-title-visibility":"","ast-main-header-display":"","ast-hfb-above-header-display":"","ast-hfb-below-header-display":"","ast-hfb-mobile-header-display":"","site-post-title":"","ast-breadcrumbs-content":"","ast-featured-img":"","footer-sml-layout":"","ast-disable-related-posts":"","theme-transparent-header-meta":"default","adv-header-id-meta":"","stick-header-meta":"","header-above-stick-meta":"","header-main-stick-meta":"","header-below-stick-meta":"","astra-migrate-meta-layouts":"set","ast-page-background-enabled":"default","ast-page-background-meta":{"desktop":{"background-color":"var(--ast-global-color-4)","background-image":"","background-repeat":"repeat","background-position":"center center","background-size":"auto","background-attachment":"scroll","background-type":"","background-media":"","overlay-type":"","overlay-color":"","overlay-opacity":"","overlay-gradient":""},"tablet":{"background-color":"","background-image":"","background-repeat":"repeat","background-position":"center center","background-size":"auto","background-attachment":"scroll","background-type":"","background-media":"","overlay-type":"","overlay-color":"","overlay-opacity":"","overlay-gradient":""},"mobile":{"background-color":"","background-image":"","background-repeat":"repeat","background-position":"center center","background-size":"auto","background-attachment":"scroll","background-type":"","background-media":"","overlay-type":"","overlay-color":"","overlay-opacity":"","overlay-gradient":""}},"ast-content-background-meta":{"desktop":{"background-color":"var(--ast-global-color-5)","background-image":"","background-repeat":"repeat","background-position":"center center","background-size":"auto","background-attachment":"scroll","background-type":"","background-media":"","overlay-type":"","overlay-color":"","overlay-opacity":"","overlay-gradient":""},"tablet":{"background-color":"var(--ast-global-color-5)","background-image":"","background-repeat":"repeat","background-position":"center center","background-size":"auto","background-attachment":"scroll","background-type":"","background-media":"","overlay-type":"","overlay-color":"","overlay-opacity":"","overlay-gradient":""},"mobile":{"background-color":"var(--ast-global-color-5)","background-image":"","background-repeat":"repeat","background-position":"center center","background-size":"auto","background-attachment":"scroll","background-type":"","background-media":"","overlay-type":"","overlay-color":"","overlay-opacity":"","overlay-gradient":""}}},"product_brand":[],"product_cat":[156],"product_tag":[],"class_list":{"0":"post-1859","1":"product","2":"type-product","3":"status-publish","4":"has-post-thumbnail","6":"product_cat-dowel-pin","8":"first","9":"instock","10":"shipping-taxable","11":"product-type-simple"},"_links":{"self":[{"href":"https:\/\/www.sknfastener.com\/es\/wp-json\/wp\/v2\/product\/1859","targetHints":{"allow":["GET"]}}],"collection":[{"href":"https:\/\/www.sknfastener.com\/es\/wp-json\/wp\/v2\/product"}],"about":[{"href":"https:\/\/www.sknfastener.com\/es\/wp-json\/wp\/v2\/types\/product"}],"replies":[{"embeddable":true,"href":"https:\/\/www.sknfastener.com\/es\/wp-json\/wp\/v2\/comments?post=1859"}],"version-history":[{"count":2,"href":"https:\/\/www.sknfastener.com\/es\/wp-json\/wp\/v2\/product\/1859\/revisions"}],"predecessor-version":[{"id":1868,"href":"https:\/\/www.sknfastener.com\/es\/wp-json\/wp\/v2\/product\/1859\/revisions\/1868"}],"wp:featuredmedia":[{"embeddable":true,"href":"https:\/\/www.sknfastener.com\/es\/wp-json\/wp\/v2\/media\/1860"}],"wp:attachment":[{"href":"https:\/\/www.sknfastener.com\/es\/wp-json\/wp\/v2\/media?parent=1859"}],"wp:term":[{"taxonomy":"product_brand","embeddable":true,"href":"https:\/\/www.sknfastener.com\/es\/wp-json\/wp\/v2\/product_brand?post=1859"},{"taxonomy":"product_cat","embeddable":true,"href":"https:\/\/www.sknfastener.com\/es\/wp-json\/wp\/v2\/product_cat?post=1859"},{"taxonomy":"product_tag","embeddable":true,"href":"https:\/\/www.sknfastener.com\/es\/wp-json\/wp\/v2\/product_tag?post=1859"}],"curies":[{"name":"wp","href":"https:\/\/api.w.org\/{rel}","templated":true}]}}