{"id":1869,"date":"2025-05-20T21:44:58","date_gmt":"2025-05-20T13:44:58","guid":{"rendered":"https:\/\/www.sknfastener.com\/?post_type=product&#038;p=1869"},"modified":"2025-05-20T21:45:39","modified_gmt":"2025-05-20T13:45:39","slug":"flange-mount-shaft-collar","status":"publish","type":"product","link":"https:\/\/www.sknfastener.com\/es\/producto\/flange-mount-shaft-collar\/","title":{"rendered":"Collar\u00edn de eje con brida y dise\u00f1o de abrazadera dividida"},"content":{"rendered":"<p class=\"\" data-start=\"543\" data-end=\"904\">Este <strong data-start=\"548\" data-end=\"577\">brida de montaje collar del eje<\/strong> ofrece tanto potencia de sujeci\u00f3n axial como facilidad de instalaci\u00f3n, combinando un collar mecanizado de precisi\u00f3n con una <strong data-start=\"690\" data-end=\"709\">brida de montaje<\/strong>. El dise\u00f1o de abrazadera dividida garantiza un agarre firme y uniforme alrededor del eje sin estropearse ni deformarse, mientras que la brida proporciona una base estable para el montaje en superficies, placas o bastidores de equipos.<\/p>\n<p class=\"\" data-start=\"906\" data-end=\"1214\">El collar se sujeta con un <strong data-start=\"937\" data-end=\"957\">tornillo hexagonal<\/strong>que permite un ajuste r\u00e1pido y un bloqueo fiable. Ideal para su uso en automatizaci\u00f3n, sistemas de movimiento lineal, ejes giratorios y conjuntos de fijaci\u00f3n, este producto simplifica la alineaci\u00f3n, limita el movimiento del eje y fija con seguridad los componentes en posiciones fijas.<\/p>\n<p class=\"\" data-start=\"1216\" data-end=\"1375\">Disponible en <strong data-start=\"1229\" data-end=\"1253\">aluminio ligero<\/strong> o <strong data-start=\"1257\" data-end=\"1296\">acero inoxidable resistente a la corrosi\u00f3n<\/strong>y se ofrecen en una amplia gama de di\u00e1metros interiores, patrones de montaje y espesores.<\/p>\n<h2 class=\"\" data-start=\"1382\" data-end=\"1401\">Aplicaciones<\/h2>\n<ul data-start=\"1403\" data-end=\"1642\">\n<li class=\"\" data-start=\"1403\" data-end=\"1429\">\n<p class=\"\" data-start=\"1405\" data-end=\"1429\">Montaje del motor paso a paso<\/p>\n<\/li>\n<li class=\"\" data-start=\"1430\" data-end=\"1465\">\n<p class=\"\" data-start=\"1432\" data-end=\"1465\">Posicionamiento del reductor y del codificador<\/p>\n<\/li>\n<li class=\"\" data-start=\"1466\" data-end=\"1503\">\n<p class=\"\" data-start=\"1468\" data-end=\"1503\">Cilindros neum\u00e1ticos e hidr\u00e1ulicos<\/p>\n<\/li>\n<li class=\"\" data-start=\"1504\" data-end=\"1542\">\n<p class=\"\" data-start=\"1506\" data-end=\"1542\">Actuadores lineales y soporte de eje<\/p>\n<\/li>\n<li class=\"\" data-start=\"1543\" data-end=\"1579\">\n<p class=\"\" data-start=\"1545\" data-end=\"1579\">Maquinaria de impresi\u00f3n y envasado<\/p>\n<\/li>\n<li class=\"\" data-start=\"1580\" data-end=\"1611\">\n<p class=\"\" data-start=\"1582\" data-end=\"1611\">Dispositivos CNC y de automatizaci\u00f3n<\/p>\n<\/li>\n<li class=\"\" data-start=\"1612\" data-end=\"1642\">\n<p class=\"\" data-start=\"1614\" data-end=\"1642\">Montajes mec\u00e1nicos a medida<\/p>\n<\/li>\n<\/ul>\n<hr class=\"\" data-start=\"1644\" data-end=\"1647\" \/>\n<h2 class=\"\" data-start=\"1649\" data-end=\"1680\">Especificaciones t\u00e9cnicas<\/h2>\n<div class=\"_tableContainer_16hzy_1\">\n<div class=\"_tableWrapper_16hzy_14 group flex w-fit flex-col-reverse\" tabindex=\"-1\">\n<table class=\"w-fit min-w-(--thread-content-width)\" data-start=\"1682\" data-end=\"1898\">\n<thead data-start=\"1682\" data-end=\"1732\">\n<tr data-start=\"1682\" data-end=\"1732\">\n<th data-start=\"1682\" data-end=\"1703\" data-col-size=\"sm\">Componente<\/th>\n<th data-start=\"1703\" data-end=\"1732\" data-col-size=\"md\">Opciones de material<\/th>\n<\/tr>\n<\/thead>\n<tbody data-start=\"1783\" data-end=\"1898\">\n<tr data-start=\"1783\" data-end=\"1849\">\n<td data-start=\"1783\" data-end=\"1803\" data-col-size=\"sm\">Collar\u00edn y brida<\/td>\n<td data-col-size=\"md\" data-start=\"1803\" data-end=\"1849\">Aleaci\u00f3n de aluminio \/ Acero inoxidable 304 \/ 316<\/td>\n<\/tr>\n<tr data-start=\"1850\" data-end=\"1898\">\n<td data-start=\"1850\" data-end=\"1870\" data-col-size=\"sm\">Tornillo de apriete<\/td>\n<td data-col-size=\"md\" data-start=\"1870\" data-end=\"1898\">Acero aleado (hexagonal)<\/td>\n<\/tr>\n<\/tbody>\n<\/table>\n<div class=\"sticky end-(--thread-content-margin) h-0 self-end select-none\">\n<div class=\"absolute end-0 flex items-end\"><\/div>\n<\/div>\n<\/div>\n<\/div>\n<p class=\"\" data-start=\"1900\" data-end=\"1925\"><strong data-start=\"1900\" data-end=\"1925\">Dimensiones disponibles:<\/strong><\/p>\n<div class=\"_tableContainer_16hzy_1\">\n<div class=\"_tableWrapper_16hzy_14 group flex w-fit flex-col-reverse\" tabindex=\"-1\">\n<table class=\"w-fit min-w-(--thread-content-width)\" data-start=\"1927\" data-end=\"2277\">\n<thead data-start=\"1927\" data-end=\"1979\">\n<tr data-start=\"1927\" data-end=\"1979\">\n<th data-start=\"1927\" data-end=\"1949\" data-col-size=\"sm\">Par\u00e1metro<\/th>\n<th data-start=\"1949\" data-end=\"1979\" data-col-size=\"sm\">Gama<\/th>\n<\/tr>\n<\/thead>\n<tbody data-start=\"2033\" data-end=\"2277\">\n<tr data-start=\"2033\" data-end=\"2086\">\n<td data-start=\"2033\" data-end=\"2055\" data-col-size=\"sm\">Di\u00e1metro interior<\/td>\n<td data-col-size=\"sm\" data-start=\"2055\" data-end=\"2086\">6 mm - 40 mm (personalizable)<\/td>\n<\/tr>\n<tr data-start=\"2087\" data-end=\"2128\">\n<td data-start=\"2087\" data-end=\"2109\" data-col-size=\"sm\">Di\u00e1metro de la brida<\/td>\n<td data-col-size=\"sm\" data-start=\"2109\" data-end=\"2128\">Var\u00eda seg\u00fan el modelo<\/td>\n<\/tr>\n<tr data-start=\"2129\" data-end=\"2168\">\n<td data-start=\"2129\" data-end=\"2151\" data-col-size=\"sm\">Altura del collar<\/td>\n<td data-col-size=\"sm\" data-start=\"2151\" data-end=\"2168\">10 mm - 30 mm<\/td>\n<\/tr>\n<tr data-start=\"2169\" data-end=\"2223\">\n<td data-start=\"2169\" data-end=\"2191\" data-col-size=\"sm\">Patr\u00f3n de orificios de la brida<\/td>\n<td data-col-size=\"sm\" data-start=\"2191\" data-end=\"2223\">C\u00edrculo de pernos de 3 \u00f3 4 agujeros<\/td>\n<\/tr>\n<tr data-start=\"2224\" data-end=\"2277\">\n<td data-start=\"2224\" data-end=\"2246\" data-col-size=\"sm\">M\u00e9todo de fijaci\u00f3n<\/td>\n<td data-col-size=\"sm\" data-start=\"2246\" data-end=\"2277\">De una sola pieza con tornillo hexagonal<\/td>\n<\/tr>\n<\/tbody>\n<\/table>\n<div class=\"sticky end-(--thread-content-margin) h-0 self-end select-none\">\n<div class=\"absolute end-0 flex items-end\"><\/div>\n<\/div>\n<\/div>\n<\/div>\n<p class=\"\" data-start=\"2279\" data-end=\"2338\">Dimensiones OEM y patrones de agujeros disponibles bajo pedido.<\/p>\n<hr class=\"\" data-start=\"2340\" data-end=\"2343\" \/>\n<h2 class=\"\" data-start=\"2345\" data-end=\"2364\">Caracter\u00edsticas principales<\/h2>\n<ul data-start=\"2366\" data-end=\"2752\">\n<li class=\"\" data-start=\"2366\" data-end=\"2428\">\n<p class=\"\" data-start=\"2368\" data-end=\"2428\">Dise\u00f1o de montaje con bridas para una fijaci\u00f3n segura del equipo<\/p>\n<\/li>\n<li class=\"\" data-start=\"2429\" data-end=\"2495\">\n<p class=\"\" data-start=\"2431\" data-end=\"2495\">La abrazadera dividida garantiza la retenci\u00f3n antideslizante del eje sin da\u00f1arlo<\/p>\n<\/li>\n<li class=\"\" data-start=\"2496\" data-end=\"2553\">\n<p class=\"\" data-start=\"2498\" data-end=\"2553\">El tornillo hexagonal permite reposicionarlo y apretarlo f\u00e1cilmente<\/p>\n<\/li>\n<li class=\"\" data-start=\"2554\" data-end=\"2626\">\n<p class=\"\" data-start=\"2556\" data-end=\"2626\">Disponible en aluminio para mayor ligereza o en acero inoxidable para mayor durabilidad<\/p>\n<\/li>\n<li class=\"\" data-start=\"2627\" data-end=\"2684\">\n<p class=\"\" data-start=\"2629\" data-end=\"2684\">Adecuado para sistemas de movimiento rotativo y lineal<\/p>\n<\/li>\n<li class=\"\" data-start=\"2685\" data-end=\"2752\">\n<p class=\"\" data-start=\"2687\" data-end=\"2752\">Tama\u00f1os de orificio, formas de brida y orificios de montaje personalizados disponibles<\/p>\n<\/li>\n<\/ul>\n<hr class=\"\" data-start=\"2754\" data-end=\"2757\" \/>\n<h2 class=\"\" data-start=\"2759\" data-end=\"2786\">Informaci\u00f3n para pedidos<\/h2>\n<p class=\"\" data-start=\"2788\" data-end=\"2828\">Al realizar una consulta, especifique:<\/p>\n<ul data-start=\"2829\" data-end=\"3002\">\n<li class=\"\" data-start=\"2829\" data-end=\"2854\">\n<p class=\"\" data-start=\"2831\" data-end=\"2854\">Di\u00e1metro interior<\/p>\n<\/li>\n<li class=\"\" data-start=\"2855\" data-end=\"2896\">\n<p class=\"\" data-start=\"2857\" data-end=\"2896\">Di\u00e1metro exterior de la brida o patr\u00f3n de tornillos<\/p>\n<\/li>\n<li class=\"\" data-start=\"2897\" data-end=\"2939\">\n<p class=\"\" data-start=\"2899\" data-end=\"2939\">Material (aluminio o acero inoxidable)<\/p>\n<\/li>\n<li class=\"\" data-start=\"2940\" data-end=\"2970\">\n<p class=\"\" data-start=\"2942\" data-end=\"2970\">Cantidad y contexto de uso<\/p>\n<\/li>\n<li class=\"\" data-start=\"2971\" data-end=\"3002\">\n<p class=\"\" data-start=\"2973\" data-end=\"3002\">Dibujo personalizado (si est\u00e1 disponible)<\/p>\n<\/li>\n<\/ul>","protected":false},"excerpt":{"rendered":"<p>Collar\u00edn de eje montado en brida con abrazadera dividida y tornillo hexagonal para una sujeci\u00f3n axial segura y un posicionamiento sencillo. Fabricado en <strong data-start=\"385\" data-end=\"416\">aluminio o acero inoxidable<\/strong>adecuado para sistemas de movimiento y placas de montaje. <strong data-start=\"467\" data-end=\"508\">Material y dimensiones personalizables.<\/strong><\/p>","protected":false},"featured_media":1870,"comment_status":"open","ping_status":"closed","template":"","meta":{"site-sidebar-layout":"default","site-content-layout":"","ast-site-content-layout":"default","site-content-style":"default","site-sidebar-style":"default","ast-global-header-display":"","ast-banner-title-visibility":"","ast-main-header-display":"","ast-hfb-above-header-display":"","ast-hfb-below-header-display":"","ast-hfb-mobile-header-display":"","site-post-title":"","ast-breadcrumbs-content":"","ast-featured-img":"","footer-sml-layout":"","ast-disable-related-posts":"","theme-transparent-header-meta":"default","adv-header-id-meta":"","stick-header-meta":"","header-above-stick-meta":"","header-main-stick-meta":"","header-below-stick-meta":"","astra-migrate-meta-layouts":"set","ast-page-background-enabled":"default","ast-page-background-meta":{"desktop":{"background-color":"var(--ast-global-color-4)","background-image":"","background-repeat":"repeat","background-position":"center center","background-size":"auto","background-attachment":"scroll","background-type":"","background-media":"","overlay-type":"","overlay-color":"","overlay-opacity":"","overlay-gradient":""},"tablet":{"background-color":"","background-image":"","background-repeat":"repeat","background-position":"center center","background-size":"auto","background-attachment":"scroll","background-type":"","background-media":"","overlay-type":"","overlay-color":"","overlay-opacity":"","overlay-gradient":""},"mobile":{"background-color":"","background-image":"","background-repeat":"repeat","background-position":"center center","background-size":"auto","background-attachment":"scroll","background-type":"","background-media":"","overlay-type":"","overlay-color":"","overlay-opacity":"","overlay-gradient":""}},"ast-content-background-meta":{"desktop":{"background-color":"var(--ast-global-color-5)","background-image":"","background-repeat":"repeat","background-position":"center center","background-size":"auto","background-attachment":"scroll","background-type":"","background-media":"","overlay-type":"","overlay-color":"","overlay-opacity":"","overlay-gradient":""},"tablet":{"background-color":"var(--ast-global-color-5)","background-image":"","background-repeat":"repeat","background-position":"center center","background-size":"auto","background-attachment":"scroll","background-type":"","background-media":"","overlay-type":"","overlay-color":"","overlay-opacity":"","overlay-gradient":""},"mobile":{"background-color":"var(--ast-global-color-5)","background-image":"","background-repeat":"repeat","background-position":"center center","background-size":"auto","background-attachment":"scroll","background-type":"","background-media":"","overlay-type":"","overlay-color":"","overlay-opacity":"","overlay-gradient":""}}},"product_brand":[],"product_cat":[156],"product_tag":[],"class_list":{"0":"post-1869","1":"product","2":"type-product","3":"status-publish","4":"has-post-thumbnail","6":"product_cat-dowel-pin","8":"first","9":"instock","10":"shipping-taxable","11":"product-type-simple"},"_links":{"self":[{"href":"https:\/\/www.sknfastener.com\/es\/wp-json\/wp\/v2\/product\/1869","targetHints":{"allow":["GET"]}}],"collection":[{"href":"https:\/\/www.sknfastener.com\/es\/wp-json\/wp\/v2\/product"}],"about":[{"href":"https:\/\/www.sknfastener.com\/es\/wp-json\/wp\/v2\/types\/product"}],"replies":[{"embeddable":true,"href":"https:\/\/www.sknfastener.com\/es\/wp-json\/wp\/v2\/comments?post=1869"}],"version-history":[{"count":2,"href":"https:\/\/www.sknfastener.com\/es\/wp-json\/wp\/v2\/product\/1869\/revisions"}],"predecessor-version":[{"id":1878,"href":"https:\/\/www.sknfastener.com\/es\/wp-json\/wp\/v2\/product\/1869\/revisions\/1878"}],"wp:featuredmedia":[{"embeddable":true,"href":"https:\/\/www.sknfastener.com\/es\/wp-json\/wp\/v2\/media\/1870"}],"wp:attachment":[{"href":"https:\/\/www.sknfastener.com\/es\/wp-json\/wp\/v2\/media?parent=1869"}],"wp:term":[{"taxonomy":"product_brand","embeddable":true,"href":"https:\/\/www.sknfastener.com\/es\/wp-json\/wp\/v2\/product_brand?post=1869"},{"taxonomy":"product_cat","embeddable":true,"href":"https:\/\/www.sknfastener.com\/es\/wp-json\/wp\/v2\/product_cat?post=1869"},{"taxonomy":"product_tag","embeddable":true,"href":"https:\/\/www.sknfastener.com\/es\/wp-json\/wp\/v2\/product_tag?post=1869"}],"curies":[{"name":"wp","href":"https:\/\/api.w.org\/{rel}","templated":true}]}}