{"id":1896,"date":"2025-05-20T22:26:58","date_gmt":"2025-05-20T14:26:58","guid":{"rendered":"https:\/\/www.sknfastener.com\/?post_type=product&#038;p=1896"},"modified":"2025-05-20T22:26:58","modified_gmt":"2025-05-20T14:26:58","slug":"heavy-duty-index-plunger","status":"publish","type":"product","link":"https:\/\/www.sknfastener.com\/es\/producto\/heavy-duty-index-plunger\/","title":{"rendered":"\u00c9mbolo de \u00edndice de alta resistencia"},"content":{"rendered":"<h4 class=\"\" data-start=\"162\" data-end=\"190\"><strong data-start=\"167\" data-end=\"190\">Descripci\u00f3n del producto<\/strong><\/h4>\n<p class=\"\" data-start=\"191\" data-end=\"564\">Este \u00e9mbolo \u00edndice de alta resistencia est\u00e1 dise\u00f1ado para un posicionamiento y bloqueo precisos en configuraciones mec\u00e1nicas exigentes. El cuerpo de acero al carbono ofrece una excelente resistencia y durabilidad en entornos de alta carga. Cuenta con una base roscada y un pasador retr\u00e1ctil accionado por una palanca lateral. <strong data-start=\"471\" data-end=\"483\">Asa en L<\/strong>que permite una r\u00e1pida retracci\u00f3n y recolocaci\u00f3n sin necesidad de herramientas.<\/p>\n<p class=\"\" data-start=\"566\" data-end=\"856\">Este componente se utiliza habitualmente en m\u00e1quinas herramienta, \u00fatiles de soldadura, plantillas de montaje y sistemas modulares de utillaje en los que se requieren ajustes repetidos o una indexaci\u00f3n segura. Su s\u00f3lida construcci\u00f3n garantiza una larga vida \u00fatil incluso en entornos industriales con vibraciones y movimientos frecuentes.<\/p>\n<h4 class=\"\" data-start=\"858\" data-end=\"879\"><strong data-start=\"863\" data-end=\"879\">Caracter\u00edsticas principales<\/strong><\/h4>\n<ul data-start=\"880\" data-end=\"1330\">\n<li class=\"\" data-start=\"880\" data-end=\"939\">\n<p class=\"\" data-start=\"882\" data-end=\"939\"><strong data-start=\"882\" data-end=\"894\">Material<\/strong>: Cuerpo - Acero al carbono; Pasador - Acero endurecido<\/p>\n<\/li>\n<li class=\"\" data-start=\"940\" data-end=\"996\">\n<p class=\"\" data-start=\"942\" data-end=\"996\"><strong data-start=\"942\" data-end=\"955\">Actuaci\u00f3n<\/strong>: Asa manual en L para tirar y bloquear r\u00e1pidamente<\/p>\n<\/li>\n<li class=\"\" data-start=\"997\" data-end=\"1050\">\n<p class=\"\" data-start=\"999\" data-end=\"1050\"><strong data-start=\"999\" data-end=\"1015\">Instalaci\u00f3n<\/strong>: Montaje lateral con dos orificios para pernos<\/p>\n<\/li>\n<li class=\"\" data-start=\"1051\" data-end=\"1137\">\n<p class=\"\" data-start=\"1053\" data-end=\"1137\"><strong data-start=\"1053\" data-end=\"1070\">Estilo de cierre<\/strong>: Sin bloqueo (retorno por muelle), o versi\u00f3n con bloqueo opcional<\/p>\n<\/li>\n<li class=\"\" data-start=\"1138\" data-end=\"1196\">\n<p class=\"\" data-start=\"1140\" data-end=\"1196\"><strong data-start=\"1140\" data-end=\"1152\">Montaje<\/strong>: Compatible con agujero pasante o montaje en superficie<\/p>\n<\/li>\n<li class=\"\" data-start=\"1197\" data-end=\"1236\">\n<p class=\"\" data-start=\"1199\" data-end=\"1236\"><strong data-start=\"1199\" data-end=\"1209\">Acabado<\/strong>(No es necesario para el texto)<\/p>\n<\/li>\n<li class=\"\" data-start=\"1237\" data-end=\"1330\">\n<p class=\"\" data-start=\"1239\" data-end=\"1330\"><strong data-start=\"1239\" data-end=\"1257\">Opciones personalizadas<\/strong>: Secci\u00f3n roscada, di\u00e1metro del pasador y longitud del pasador personalizables a petici\u00f3n.<\/p>\n<\/li>\n<\/ul>\n<h4 class=\"\" data-start=\"1332\" data-end=\"1360\"><strong data-start=\"1337\" data-end=\"1360\">Aplicaciones comunes<\/strong><\/h4>\n<ul data-start=\"1361\" data-end=\"1550\">\n<li class=\"\" data-start=\"1361\" data-end=\"1398\">\n<p class=\"\" data-start=\"1363\" data-end=\"1398\">Mecanismos de posicionamiento industrial<\/p>\n<\/li>\n<li class=\"\" data-start=\"1399\" data-end=\"1437\">\n<p class=\"\" data-start=\"1401\" data-end=\"1437\">Sistemas de ajuste de altura o \u00e1ngulo<\/p>\n<\/li>\n<li class=\"\" data-start=\"1438\" data-end=\"1470\">\n<p class=\"\" data-start=\"1440\" data-end=\"1470\">\u00datiles de soldadura o sujeci\u00f3n<\/p>\n<\/li>\n<li class=\"\" data-start=\"1471\" data-end=\"1503\">\n<p class=\"\" data-start=\"1473\" data-end=\"1503\">Equipos modulares de automatizaci\u00f3n<\/p>\n<\/li>\n<li class=\"\" data-start=\"1504\" data-end=\"1550\">\n<p class=\"\" data-start=\"1506\" data-end=\"1550\">Bloqueo de \u00edndice de precisi\u00f3n en estaciones de montaje<\/p>\n<\/li>\n<\/ul>\n<h4 class=\"\" data-start=\"1552\" data-end=\"1579\"><strong data-start=\"1557\" data-end=\"1579\">Resumen t\u00e9cnico<\/strong><\/h4>\n<div class=\"_tableContainer_16hzy_1\">\n<div class=\"_tableWrapper_16hzy_14 group flex w-fit flex-col-reverse\" tabindex=\"-1\">\n<table class=\"w-fit min-w-(--thread-content-width)\" data-start=\"1580\" data-end=\"1934\">\n<thead data-start=\"1580\" data-end=\"1627\">\n<tr data-start=\"1580\" data-end=\"1627\">\n<th data-start=\"1580\" data-end=\"1598\" data-col-size=\"sm\">Par\u00e1metro<\/th>\n<th data-start=\"1598\" data-end=\"1627\" data-col-size=\"sm\">Valor<\/th>\n<\/tr>\n<\/thead>\n<tbody data-start=\"1676\" data-end=\"1934\">\n<tr data-start=\"1676\" data-end=\"1730\">\n<td data-start=\"1676\" data-end=\"1694\" data-col-size=\"sm\">Di\u00e1metro del pasador<\/td>\n<td data-start=\"1694\" data-end=\"1730\" data-col-size=\"sm\">6 mm, 8 mm, 10 mm (personalizable)<\/td>\n<\/tr>\n<tr data-start=\"1731\" data-end=\"1778\">\n<td data-start=\"1731\" data-end=\"1749\" data-col-size=\"sm\">Estilo de asa<\/td>\n<td data-col-size=\"sm\" data-start=\"1749\" data-end=\"1778\">Asa en L, con resorte<\/td>\n<\/tr>\n<tr data-start=\"1779\" data-end=\"1826\">\n<td data-start=\"1779\" data-end=\"1797\" data-col-size=\"sm\">Hilo del cuerpo<\/td>\n<td data-col-size=\"sm\" data-start=\"1797\" data-end=\"1826\">M12 x 1,5 o seg\u00fan se solicite<\/td>\n<\/tr>\n<tr data-start=\"1827\" data-end=\"1874\">\n<td data-start=\"1827\" data-end=\"1845\" data-col-size=\"sm\">Orificios de montaje<\/td>\n<td data-col-size=\"sm\" data-start=\"1845\" data-end=\"1874\">2 \u00d7 roscado M6 o M8<\/td>\n<\/tr>\n<tr data-start=\"1875\" data-end=\"1934\">\n<td data-start=\"1875\" data-end=\"1893\" data-col-size=\"sm\">Material<\/td>\n<td data-col-size=\"sm\" data-start=\"1893\" data-end=\"1934\">Acero al carbono \/ Pasador de acero con tratamiento t\u00e9rmico<\/td>\n<\/tr>\n<\/tbody>\n<\/table>\n<div class=\"sticky end-(--thread-content-margin) h-0 self-end select-none\">\n<div class=\"absolute end-0 flex items-end\"><\/div>\n<\/div>\n<\/div>\n<\/div>\n<blockquote data-start=\"1935\" data-end=\"2023\">\n<p class=\"\" data-start=\"1937\" data-end=\"2023\"><em data-start=\"1937\" data-end=\"2023\">Nota: Otras dimensiones, materiales y configuraciones de montaje disponibles bajo pedido.<\/em><\/p>\n<\/blockquote>","protected":false},"excerpt":{"rendered":"<p>\u00c9mbolo de indexaci\u00f3n resistente con mango en L, fabricado en acero al carbono. Ideal para el posicionamiento seguro en plantillas y maquinaria. Material y tama\u00f1o personalizables.<\/p>","protected":false},"featured_media":1898,"comment_status":"open","ping_status":"closed","template":"","meta":{"site-sidebar-layout":"default","site-content-layout":"","ast-site-content-layout":"default","site-content-style":"default","site-sidebar-style":"default","ast-global-header-display":"","ast-banner-title-visibility":"","ast-main-header-display":"","ast-hfb-above-header-display":"","ast-hfb-below-header-display":"","ast-hfb-mobile-header-display":"","site-post-title":"","ast-breadcrumbs-content":"","ast-featured-img":"","footer-sml-layout":"","ast-disable-related-posts":"","theme-transparent-header-meta":"default","adv-header-id-meta":"","stick-header-meta":"","header-above-stick-meta":"","header-main-stick-meta":"","header-below-stick-meta":"","astra-migrate-meta-layouts":"set","ast-page-background-enabled":"default","ast-page-background-meta":{"desktop":{"background-color":"var(--ast-global-color-4)","background-image":"","background-repeat":"repeat","background-position":"center center","background-size":"auto","background-attachment":"scroll","background-type":"","background-media":"","overlay-type":"","overlay-color":"","overlay-opacity":"","overlay-gradient":""},"tablet":{"background-color":"","background-image":"","background-repeat":"repeat","background-position":"center center","background-size":"auto","background-attachment":"scroll","background-type":"","background-media":"","overlay-type":"","overlay-color":"","overlay-opacity":"","overlay-gradient":""},"mobile":{"background-color":"","background-image":"","background-repeat":"repeat","background-position":"center center","background-size":"auto","background-attachment":"scroll","background-type":"","background-media":"","overlay-type":"","overlay-color":"","overlay-opacity":"","overlay-gradient":""}},"ast-content-background-meta":{"desktop":{"background-color":"var(--ast-global-color-5)","background-image":"","background-repeat":"repeat","background-position":"center center","background-size":"auto","background-attachment":"scroll","background-type":"","background-media":"","overlay-type":"","overlay-color":"","overlay-opacity":"","overlay-gradient":""},"tablet":{"background-color":"var(--ast-global-color-5)","background-image":"","background-repeat":"repeat","background-position":"center center","background-size":"auto","background-attachment":"scroll","background-type":"","background-media":"","overlay-type":"","overlay-color":"","overlay-opacity":"","overlay-gradient":""},"mobile":{"background-color":"var(--ast-global-color-5)","background-image":"","background-repeat":"repeat","background-position":"center center","background-size":"auto","background-attachment":"scroll","background-type":"","background-media":"","overlay-type":"","overlay-color":"","overlay-opacity":"","overlay-gradient":""}}},"product_brand":[],"product_cat":[25],"product_tag":[],"class_list":{"0":"post-1896","1":"product","2":"type-product","3":"status-publish","4":"has-post-thumbnail","6":"product_cat-indexing-plunger","8":"first","9":"instock","10":"shipping-taxable","11":"product-type-simple"},"_links":{"self":[{"href":"https:\/\/www.sknfastener.com\/es\/wp-json\/wp\/v2\/product\/1896","targetHints":{"allow":["GET"]}}],"collection":[{"href":"https:\/\/www.sknfastener.com\/es\/wp-json\/wp\/v2\/product"}],"about":[{"href":"https:\/\/www.sknfastener.com\/es\/wp-json\/wp\/v2\/types\/product"}],"replies":[{"embeddable":true,"href":"https:\/\/www.sknfastener.com\/es\/wp-json\/wp\/v2\/comments?post=1896"}],"version-history":[{"count":1,"href":"https:\/\/www.sknfastener.com\/es\/wp-json\/wp\/v2\/product\/1896\/revisions"}],"predecessor-version":[{"id":1901,"href":"https:\/\/www.sknfastener.com\/es\/wp-json\/wp\/v2\/product\/1896\/revisions\/1901"}],"wp:featuredmedia":[{"embeddable":true,"href":"https:\/\/www.sknfastener.com\/es\/wp-json\/wp\/v2\/media\/1898"}],"wp:attachment":[{"href":"https:\/\/www.sknfastener.com\/es\/wp-json\/wp\/v2\/media?parent=1896"}],"wp:term":[{"taxonomy":"product_brand","embeddable":true,"href":"https:\/\/www.sknfastener.com\/es\/wp-json\/wp\/v2\/product_brand?post=1896"},{"taxonomy":"product_cat","embeddable":true,"href":"https:\/\/www.sknfastener.com\/es\/wp-json\/wp\/v2\/product_cat?post=1896"},{"taxonomy":"product_tag","embeddable":true,"href":"https:\/\/www.sknfastener.com\/es\/wp-json\/wp\/v2\/product_tag?post=1896"}],"curies":[{"name":"wp","href":"https:\/\/api.w.org\/{rel}","templated":true}]}}