{"id":1553,"date":"2025-05-14T08:56:29","date_gmt":"2025-05-14T08:56:29","guid":{"rendered":"https:\/\/www.sknfastener.com\/?post_type=product&#038;p=1553"},"modified":"2025-05-17T18:29:02","modified_gmt":"2025-05-17T10:29:02","slug":"quick-release-pin-supplier","status":"publish","type":"product","link":"https:\/\/www.sknfastener.com\/fr\/produit\/quick-release-pin-supplier\/","title":{"rendered":"Goupille de fixation rapide Fournisseur"},"content":{"rendered":"<h5>En tant que fournisseur de goupilles \u00e0 d\u00e9gagement rapide. Les goupilles \u00e0 d\u00e9gagement rapide sont des solutions de fixation de pr\u00e9cision con\u00e7ues pour un assemblage et un d\u00e9sassemblage rapides sans l'aide d'outils. Dot\u00e9es de m\u00e9canismes de verrouillage s\u00fbrs, tels que les types \u00e0 bille ou \u00e0 bouton-poussoir, elles garantissent des performances fiables dans les applications industrielles, a\u00e9rospatiales, marines et automobiles exigeantes.<\/h5>\n<p><b data-spm-anchor-id=\"a2700.details-description.0.i0.6a35qOHSqOHSKR\">1. Comment puis-je obtenir le prix ? <\/b>Nous \u00e9tablissons g\u00e9n\u00e9ralement un devis dans les 24 heures suivant la r\u00e9ception de votre demande (\u00e0 l'exception des week-ends et des jours f\u00e9ri\u00e9s). Si vous \u00eates tr\u00e8s press\u00e9 d'obtenir le prix, veuillez nous envoyer un e-mail ou nous contacter par d'autres moyens afin que nous puissions vous proposer un devis.<\/p>\n<p><b>2. Puis-je acheter des \u00e9chantillons en passant commande ? <\/b>-N'h\u00e9sitez pas \u00e0 nous contacter.<\/p>\n<p><b>3. quel est votre d\u00e9lai de livraison ? <\/b>-Cela d\u00e9pend de la quantit\u00e9 command\u00e9e et de la saison \u00e0 laquelle vous passez la commande. -En r\u00e8gle g\u00e9n\u00e9rale, nous pouvons exp\u00e9dier les produits dans un d\u00e9lai de 7 \u00e0 15 jours pour les petites quantit\u00e9s, et dans un d\u00e9lai d'environ 30 jours pour les grandes quantit\u00e9s. <b>4<\/b><\/p>\n<p><b>Quel est votre d\u00e9lai de paiement ? <\/b>-T\/T, Western Union, MoneyGram et Paypal, n\u00e9gociables.<\/p>\n<p><b>5. quel est le mode d'exp\u00e9dition ? <\/b>-Il peut \u00eatre exp\u00e9di\u00e9 par voie maritime, a\u00e9rienne ou express (EMS, UPS, DHL, TNT, FEDEX, etc.). Veuillez nous contacter avant de passer commande.<\/p>\n<p><b>6. comment faire en sorte que nos relations commerciales soient durables et de qualit\u00e9 ? <\/b>-1. Nous maintenons une bonne qualit\u00e9 et un prix comp\u00e9titif pour assurer le b\u00e9n\u00e9fice de nos clients ; -2. Nous respectons chaque client comme notre ami et nous faisons sinc\u00e8rement des affaires et des amiti\u00e9s avec eux, peu importe d'o\u00f9 ils viennent.<\/p>","protected":false},"excerpt":{"rendered":"<p>Fournisseur de goupilles de d\u00e9verrouillage rapide Les goupilles de d\u00e9verrouillage \u00e0 bouton-poussoir constituent une solution de verrouillage compacte et discr\u00e8te. Avec une t\u00eate de bouton affleurante et un m\u00e9canisme de verrouillage interne, elles sont parfaites pour les espaces confin\u00e9s et les applications n\u00e9cessitant une finition propre, comme les dispositifs m\u00e9dicaux, l'\u00e9lectronique ou les syst\u00e8mes de transport.<\/p>","protected":false},"featured_media":1792,"comment_status":"closed","ping_status":"closed","template":"","meta":{"site-sidebar-layout":"default","site-content-layout":"","ast-site-content-layout":"default","site-content-style":"default","site-sidebar-style":"default","ast-global-header-display":"","ast-banner-title-visibility":"","ast-main-header-display":"","ast-hfb-above-header-display":"","ast-hfb-below-header-display":"","ast-hfb-mobile-header-display":"","site-post-title":"","ast-breadcrumbs-content":"","ast-featured-img":"","footer-sml-layout":"","ast-disable-related-posts":"","theme-transparent-header-meta":"default","adv-header-id-meta":"","stick-header-meta":"","header-above-stick-meta":"","header-main-stick-meta":"","header-below-stick-meta":"","astra-migrate-meta-layouts":"set","ast-page-background-enabled":"default","ast-page-background-meta":{"desktop":{"background-color":"var(--ast-global-color-4)","background-image":"","background-repeat":"repeat","background-position":"center center","background-size":"auto","background-attachment":"scroll","background-type":"","background-media":"","overlay-type":"","overlay-color":"","overlay-opacity":"","overlay-gradient":""},"tablet":{"background-color":"","background-image":"","background-repeat":"repeat","background-position":"center center","background-size":"auto","background-attachment":"scroll","background-type":"","background-media":"","overlay-type":"","overlay-color":"","overlay-opacity":"","overlay-gradient":""},"mobile":{"background-color":"","background-image":"","background-repeat":"repeat","background-position":"center center","background-size":"auto","background-attachment":"scroll","background-type":"","background-media":"","overlay-type":"","overlay-color":"","overlay-opacity":"","overlay-gradient":""}},"ast-content-background-meta":{"desktop":{"background-color":"var(--ast-global-color-5)","background-image":"","background-repeat":"repeat","background-position":"center center","background-size":"auto","background-attachment":"scroll","background-type":"","background-media":"","overlay-type":"","overlay-color":"","overlay-opacity":"","overlay-gradient":""},"tablet":{"background-color":"var(--ast-global-color-5)","background-image":"","background-repeat":"repeat","background-position":"center center","background-size":"auto","background-attachment":"scroll","background-type":"","background-media":"","overlay-type":"","overlay-color":"","overlay-opacity":"","overlay-gradient":""},"mobile":{"background-color":"var(--ast-global-color-5)","background-image":"","background-repeat":"repeat","background-position":"center center","background-size":"auto","background-attachment":"scroll","background-type":"","background-media":"","overlay-type":"","overlay-color":"","overlay-opacity":"","overlay-gradient":""}}},"product_brand":[],"product_cat":[19],"product_tag":[],"class_list":{"0":"post-1553","1":"product","2":"type-product","3":"status-publish","4":"has-post-thumbnail","6":"product_cat-fasteners","8":"first","9":"instock","10":"shipping-taxable","11":"product-type-simple"},"_links":{"self":[{"href":"https:\/\/www.sknfastener.com\/fr\/wp-json\/wp\/v2\/product\/1553","targetHints":{"allow":["GET"]}}],"collection":[{"href":"https:\/\/www.sknfastener.com\/fr\/wp-json\/wp\/v2\/product"}],"about":[{"href":"https:\/\/www.sknfastener.com\/fr\/wp-json\/wp\/v2\/types\/product"}],"replies":[{"embeddable":true,"href":"https:\/\/www.sknfastener.com\/fr\/wp-json\/wp\/v2\/comments?post=1553"}],"version-history":[{"count":2,"href":"https:\/\/www.sknfastener.com\/fr\/wp-json\/wp\/v2\/product\/1553\/revisions"}],"predecessor-version":[{"id":1845,"href":"https:\/\/www.sknfastener.com\/fr\/wp-json\/wp\/v2\/product\/1553\/revisions\/1845"}],"wp:featuredmedia":[{"embeddable":true,"href":"https:\/\/www.sknfastener.com\/fr\/wp-json\/wp\/v2\/media\/1792"}],"wp:attachment":[{"href":"https:\/\/www.sknfastener.com\/fr\/wp-json\/wp\/v2\/media?parent=1553"}],"wp:term":[{"taxonomy":"product_brand","embeddable":true,"href":"https:\/\/www.sknfastener.com\/fr\/wp-json\/wp\/v2\/product_brand?post=1553"},{"taxonomy":"product_cat","embeddable":true,"href":"https:\/\/www.sknfastener.com\/fr\/wp-json\/wp\/v2\/product_cat?post=1553"},{"taxonomy":"product_tag","embeddable":true,"href":"https:\/\/www.sknfastener.com\/fr\/wp-json\/wp\/v2\/product_tag?post=1553"}],"curies":[{"name":"wp","href":"https:\/\/api.w.org\/{rel}","templated":true}]}}