{"id":1648,"date":"2025-05-15T08:00:32","date_gmt":"2025-05-15T08:00:32","guid":{"rendered":"https:\/\/www.sknfastener.com\/?post_type=product&#038;p=1648"},"modified":"2025-05-17T18:15:38","modified_gmt":"2025-05-17T10:15:38","slug":"push-button-quick-release-pin","status":"publish","type":"product","link":"https:\/\/www.sknfastener.com\/fr\/produit\/push-button-quick-release-pin\/","title":{"rendered":"Bouton poussoir de d\u00e9gagement rapide"},"content":{"rendered":"<p class=\"\" data-start=\"564\" data-end=\"833\">Cette goupille \u00e0 bouton-poussoir \u00e0 d\u00e9gagement rapide est con\u00e7ue pour la fixation de charges lourdes dans les cas suivants <strong data-start=\"644\" data-end=\"676\">vitesse, s\u00e9curit\u00e9 et pr\u00e9cision<\/strong> sont essentiels. L'\u00e9pingle est dot\u00e9e d'un <strong data-start=\"711\" data-end=\"731\">poign\u00e9e profil\u00e9e<\/strong> pour une prise en main confortable, permettant aux op\u00e9rateurs d'ins\u00e9rer et de retirer la goupille efficacement, m\u00eame avec des gants.<\/p>\n<p class=\"\" data-start=\"835\" data-end=\"1160\">Fabriqu\u00e9 \u00e0 partir de mat\u00e9riaux de haute qualit\u00e9 <strong data-start=\"857\" data-end=\"876\">acier inoxydable<\/strong>La tige et la poign\u00e9e offrent une excellente r\u00e9sistance \u00e0 la corrosion et \u00e0 l'usure, ce qui rend cette goupille id\u00e9ale pour les environnements industriels int\u00e9rieurs et ext\u00e9rieurs. Le dispositif \u00e0 ressort <strong data-start=\"1039\" data-end=\"1070\">m\u00e9canisme de verrouillage \u00e0 double bille<\/strong> s'engage fermement dans le trou correspondant, emp\u00eachant tout retrait accidentel en cours d'utilisation.<\/p>\n<p class=\"\" data-start=\"1162\" data-end=\"1324\">Son profil \u00e9l\u00e9gant et ses tol\u00e9rances pr\u00e9cises garantissent un ajustement parfait et des performances r\u00e9p\u00e9tables dans les fixations a\u00e9rospatiales, les bras robotis\u00e9s, les syst\u00e8mes d'outillage modulaires, etc.<\/p>\n<h2 class=\"\" data-start=\"1331\" data-end=\"1360\">\u2705 Sp\u00e9cifications techniques<\/h2>\n<ul data-start=\"1362\" data-end=\"1820\">\n<li class=\"\" data-start=\"1362\" data-end=\"1420\">\n<p class=\"\" data-start=\"1364\" data-end=\"1420\"><strong data-start=\"1364\" data-end=\"1376\">Mat\u00e9riau<\/strong>: Acier inoxydable 304 \/ 316 (personnalisable)<\/p>\n<\/li>\n<li class=\"\" data-start=\"1421\" data-end=\"1468\">\n<p class=\"\" data-start=\"1423\" data-end=\"1468\"><strong data-start=\"1423\" data-end=\"1440\">Mat\u00e9riau de la bille<\/strong>: SUS440C, HRC55+ tremp\u00e9<\/p>\n<\/li>\n<li class=\"\" data-start=\"1469\" data-end=\"1526\">\n<p class=\"\" data-start=\"1471\" data-end=\"1526\"><strong data-start=\"1471\" data-end=\"1492\">M\u00e9canisme de verrouillage<\/strong>: Syst\u00e8me \u00e0 double bille \u00e0 ressort<\/p>\n<\/li>\n<li class=\"\" data-start=\"1527\" data-end=\"1604\">\n<p class=\"\" data-start=\"1529\" data-end=\"1604\"><strong data-start=\"1529\" data-end=\"1544\">Type de poign\u00e9e<\/strong>: Poign\u00e9e ergonomique profil\u00e9e, d\u00e9clenchement par bouton-poussoir int\u00e9gr\u00e9<\/p>\n<\/li>\n<li class=\"\" data-start=\"1605\" data-end=\"1644\">\n<p class=\"\" data-start=\"1607\" data-end=\"1644\"><strong data-start=\"1607\" data-end=\"1625\">Gamme de diam\u00e8tres<\/strong>: \u00d85 mm \u00e0 \u00d820 mm<\/p>\n<\/li>\n<li class=\"\" data-start=\"1645\" data-end=\"1700\">\n<p class=\"\" data-start=\"1647\" data-end=\"1700\"><strong data-start=\"1647\" data-end=\"1663\">Longueur des poign\u00e9es<\/strong>: 10 mm - 100 mm (sur mesure)<\/p>\n<\/li>\n<li class=\"\" data-start=\"1701\" data-end=\"1755\">\n<p class=\"\" data-start=\"1703\" data-end=\"1755\"><strong data-start=\"1703\" data-end=\"1721\">Finition de la surface<\/strong>: Naturel \/ Passiv\u00e9 \/ Bross\u00e9<\/p>\n<\/li>\n<li class=\"\" data-start=\"1756\" data-end=\"1783\">\n<p class=\"\" data-start=\"1758\" data-end=\"1783\"><strong data-start=\"1758\" data-end=\"1771\">Tol\u00e9rance<\/strong>: \u00b10,05 mm<\/p>\n<\/li>\n<li class=\"\" data-start=\"1784\" data-end=\"1820\">\n<p class=\"\" data-start=\"1786\" data-end=\"1820\"><strong data-start=\"1786\" data-end=\"1800\">Cycle de vie<\/strong>: Plus de 10 000 cycles<\/p>\n<\/li>\n<\/ul>\n<hr class=\"\" data-start=\"1822\" data-end=\"1825\" \/>\n<h2 class=\"\" data-start=\"1827\" data-end=\"1844\">\u2705 Applications<\/h2>\n<ul data-start=\"1846\" data-end=\"2051\">\n<li class=\"\" data-start=\"1846\" data-end=\"1880\">\n<p class=\"\" data-start=\"1848\" data-end=\"1880\">Dispositifs de positionnement pour l'a\u00e9rospatiale<\/p>\n<\/li>\n<li class=\"\" data-start=\"1881\" data-end=\"1923\">\n<p class=\"\" data-start=\"1883\" data-end=\"1923\">Syst\u00e8mes de changement de moules et de matrices \u00e0 grande vitesse<\/p>\n<\/li>\n<li class=\"\" data-start=\"1924\" data-end=\"1954\">\n<p class=\"\" data-start=\"1926\" data-end=\"1954\">Dispositifs modulaires de changement d'outils<\/p>\n<\/li>\n<li class=\"\" data-start=\"1955\" data-end=\"1986\">\n<p class=\"\" data-start=\"1957\" data-end=\"1986\">Outillage d'assemblage automobile<\/p>\n<\/li>\n<li class=\"\" data-start=\"1987\" data-end=\"2022\">\n<p class=\"\" data-start=\"1989\" data-end=\"2022\">Assemblages m\u00e9caniques de pr\u00e9cision<\/p>\n<\/li>\n<li class=\"\" data-start=\"2023\" data-end=\"2051\">\n<p class=\"\" data-start=\"2025\" data-end=\"2051\">Bras de robotique et d'automatisation<\/p>\n<\/li>\n<\/ul>\n<hr class=\"\" data-start=\"2053\" data-end=\"2056\" \/>\n<h2 class=\"\" data-start=\"2058\" data-end=\"2086\">\u2705 Principales caract\u00e9ristiques et avantages<\/h2>\n<ul data-start=\"2088\" data-end=\"2456\">\n<li class=\"\" data-start=\"2088\" data-end=\"2151\">\n<p class=\"\" data-start=\"2090\" data-end=\"2151\"><strong data-start=\"2093\" data-end=\"2116\">D\u00e9clenchement par bouton-poussoir<\/strong> pour un fonctionnement rapide et sans outil<\/p>\n<\/li>\n<li class=\"\" data-start=\"2152\" data-end=\"2215\">\n<p class=\"\" data-start=\"2154\" data-end=\"2215\"><strong data-start=\"2157\" data-end=\"2185\">Double verrouillage s\u00e9curis\u00e9 des billes<\/strong> emp\u00eache la lib\u00e9ration accidentelle<\/p>\n<\/li>\n<li class=\"\" data-start=\"2216\" data-end=\"2263\">\n<p class=\"\" data-start=\"2218\" data-end=\"2263\">\ufe0f <strong data-start=\"2222\" data-end=\"2239\">Ajustement de pr\u00e9cision<\/strong> avec des tol\u00e9rances serr\u00e9es<\/p>\n<\/li>\n<li class=\"\" data-start=\"2264\" data-end=\"2329\">\n<p class=\"\" data-start=\"2266\" data-end=\"2329\"><strong data-start=\"2269\" data-end=\"2299\">Poign\u00e9e ergonomique profil\u00e9e<\/strong> pour une meilleure adh\u00e9rence et un meilleur contr\u00f4le<\/p>\n<\/li>\n<li class=\"\" data-start=\"2330\" data-end=\"2389\">\n<p class=\"\" data-start=\"2332\" data-end=\"2389\"><strong data-start=\"2335\" data-end=\"2374\">Acier inoxydable r\u00e9sistant \u00e0 la corrosion<\/strong> construction<\/p>\n<\/li>\n<li class=\"\" data-start=\"2390\" data-end=\"2456\">\n<p class=\"\" data-start=\"2392\" data-end=\"2456\">Dimensions personnalis\u00e9es, gravure de logo et mise \u00e0 niveau des mat\u00e9riaux disponibles<\/p>\n<\/li>\n<\/ul>\n<hr class=\"\" data-start=\"2458\" data-end=\"2461\" \/>\n<h2 class=\"\" data-start=\"2463\" data-end=\"2487\">\u2705 Directives de commande<\/h2>\n<p class=\"\" data-start=\"2489\" data-end=\"2524\">Pour recevoir un devis, veuillez inclure :<\/p>\n<ul data-start=\"2525\" data-end=\"2702\">\n<li class=\"\" data-start=\"2525\" data-end=\"2557\">\n<p class=\"\" data-start=\"2527\" data-end=\"2557\">Diam\u00e8tre de la broche et longueur de la poign\u00e9e<\/p>\n<\/li>\n<li class=\"\" data-start=\"2558\" data-end=\"2603\">\n<p class=\"\" data-start=\"2560\" data-end=\"2603\">Mat\u00e9riau pr\u00e9f\u00e9r\u00e9 (par exemple, SS304 ou SS316)<\/p>\n<\/li>\n<li class=\"\" data-start=\"2604\" data-end=\"2638\">\n<p class=\"\" data-start=\"2606\" data-end=\"2638\">Quantit\u00e9 et d\u00e9lai de livraison<\/p>\n<\/li>\n<li class=\"\" data-start=\"2639\" data-end=\"2702\">\n<p class=\"\" data-start=\"2641\" data-end=\"2702\">Demandes sp\u00e9ciales (par exemple, rev\u00eatement, gravure de la poign\u00e9e, emballage)<\/p>\n<\/li>\n<\/ul>","protected":false},"excerpt":{"rendered":"<p>Goupille de d\u00e9gagement rapide \u00e0 bouton-poussoir dot\u00e9e d'une poign\u00e9e ergonomique profil\u00e9e et d'une conception \u00e0 bouton-poussoir. Fabriqu\u00e9e en acier inoxydable pour sa durabilit\u00e9 et sa r\u00e9sistance \u00e0 la corrosion, elle est id\u00e9ale pour l'a\u00e9rospatiale, les fixations, les moules et les changements d'outils \u00e0 haute fr\u00e9quence.<\/p>","protected":false},"featured_media":1791,"comment_status":"closed","ping_status":"closed","template":"","meta":{"site-sidebar-layout":"default","site-content-layout":"","ast-site-content-layout":"default","site-content-style":"default","site-sidebar-style":"default","ast-global-header-display":"","ast-banner-title-visibility":"","ast-main-header-display":"","ast-hfb-above-header-display":"","ast-hfb-below-header-display":"","ast-hfb-mobile-header-display":"","site-post-title":"","ast-breadcrumbs-content":"","ast-featured-img":"","footer-sml-layout":"","ast-disable-related-posts":"","theme-transparent-header-meta":"default","adv-header-id-meta":"","stick-header-meta":"","header-above-stick-meta":"","header-main-stick-meta":"","header-below-stick-meta":"","astra-migrate-meta-layouts":"set","ast-page-background-enabled":"default","ast-page-background-meta":{"desktop":{"background-color":"var(--ast-global-color-4)","background-image":"","background-repeat":"repeat","background-position":"center center","background-size":"auto","background-attachment":"scroll","background-type":"","background-media":"","overlay-type":"","overlay-color":"","overlay-opacity":"","overlay-gradient":""},"tablet":{"background-color":"","background-image":"","background-repeat":"repeat","background-position":"center center","background-size":"auto","background-attachment":"scroll","background-type":"","background-media":"","overlay-type":"","overlay-color":"","overlay-opacity":"","overlay-gradient":""},"mobile":{"background-color":"","background-image":"","background-repeat":"repeat","background-position":"center center","background-size":"auto","background-attachment":"scroll","background-type":"","background-media":"","overlay-type":"","overlay-color":"","overlay-opacity":"","overlay-gradient":""}},"ast-content-background-meta":{"desktop":{"background-color":"var(--ast-global-color-5)","background-image":"","background-repeat":"repeat","background-position":"center center","background-size":"auto","background-attachment":"scroll","background-type":"","background-media":"","overlay-type":"","overlay-color":"","overlay-opacity":"","overlay-gradient":""},"tablet":{"background-color":"var(--ast-global-color-5)","background-image":"","background-repeat":"repeat","background-position":"center center","background-size":"auto","background-attachment":"scroll","background-type":"","background-media":"","overlay-type":"","overlay-color":"","overlay-opacity":"","overlay-gradient":""},"mobile":{"background-color":"var(--ast-global-color-5)","background-image":"","background-repeat":"repeat","background-position":"center center","background-size":"auto","background-attachment":"scroll","background-type":"","background-media":"","overlay-type":"","overlay-color":"","overlay-opacity":"","overlay-gradient":""}}},"product_brand":[],"product_cat":[19],"product_tag":[],"class_list":{"0":"post-1648","1":"product","2":"type-product","3":"status-publish","4":"has-post-thumbnail","6":"product_cat-fasteners","8":"first","9":"instock","10":"shipping-taxable","11":"product-type-simple"},"_links":{"self":[{"href":"https:\/\/www.sknfastener.com\/fr\/wp-json\/wp\/v2\/product\/1648","targetHints":{"allow":["GET"]}}],"collection":[{"href":"https:\/\/www.sknfastener.com\/fr\/wp-json\/wp\/v2\/product"}],"about":[{"href":"https:\/\/www.sknfastener.com\/fr\/wp-json\/wp\/v2\/types\/product"}],"replies":[{"embeddable":true,"href":"https:\/\/www.sknfastener.com\/fr\/wp-json\/wp\/v2\/comments?post=1648"}],"version-history":[{"count":1,"href":"https:\/\/www.sknfastener.com\/fr\/wp-json\/wp\/v2\/product\/1648\/revisions"}],"predecessor-version":[{"id":1838,"href":"https:\/\/www.sknfastener.com\/fr\/wp-json\/wp\/v2\/product\/1648\/revisions\/1838"}],"wp:featuredmedia":[{"embeddable":true,"href":"https:\/\/www.sknfastener.com\/fr\/wp-json\/wp\/v2\/media\/1791"}],"wp:attachment":[{"href":"https:\/\/www.sknfastener.com\/fr\/wp-json\/wp\/v2\/media?parent=1648"}],"wp:term":[{"taxonomy":"product_brand","embeddable":true,"href":"https:\/\/www.sknfastener.com\/fr\/wp-json\/wp\/v2\/product_brand?post=1648"},{"taxonomy":"product_cat","embeddable":true,"href":"https:\/\/www.sknfastener.com\/fr\/wp-json\/wp\/v2\/product_cat?post=1648"},{"taxonomy":"product_tag","embeddable":true,"href":"https:\/\/www.sknfastener.com\/fr\/wp-json\/wp\/v2\/product_tag?post=1648"}],"curies":[{"name":"wp","href":"https:\/\/api.w.org\/{rel}","templated":true}]}}