{"id":1654,"date":"2025-05-15T08:11:29","date_gmt":"2025-05-15T08:11:29","guid":{"rendered":"https:\/\/www.sknfastener.com\/?post_type=product&#038;p=1654"},"modified":"2025-05-17T16:48:32","modified_gmt":"2025-05-17T08:48:32","slug":"quick-release-pin-fasteners","status":"publish","type":"product","link":"https:\/\/www.sknfastener.com\/fr\/produit\/quick-release-pin-fasteners\/","title":{"rendered":"attaches de goupilles \u00e0 d\u00e9gagement rapide"},"content":{"rendered":"<p class=\"\" data-start=\"641\" data-end=\"904\">Le corps et le ressort interne des attaches de la goupille \u00e0 d\u00e9gagement rapide sont fabriqu\u00e9s en <strong data-start=\"688\" data-end=\"714\">Acier inoxydable SUS304<\/strong>La r\u00e9sistance \u00e0 la corrosion et \u00e0 l'usure est garantie. Le trempage de pr\u00e9cision <strong data-start=\"782\" data-end=\"806\">Billes de verrouillage SUS440<\/strong> s'enclenchent automatiquement lors de l'insertion, assurant un verrouillage positif en cas d'utilisation r\u00e9p\u00e9t\u00e9e.<\/p>\n<p class=\"\" data-start=\"906\" data-end=\"1127\">Chaque goupille est usin\u00e9e avec pr\u00e9cision et avec des tol\u00e9rances serr\u00e9es pour un ajustement et un fonctionnement coh\u00e9rents. Cette conception est id\u00e9ale pour les situations o\u00f9 des insertions et des retraits fr\u00e9quents sont n\u00e9cessaires, tout en garantissant la s\u00e9curit\u00e9 et l'efficacit\u00e9 de l'op\u00e9rateur.<\/p>\n<h2 class=\"\" data-start=\"1134\" data-end=\"1153\">\u2705 Sp\u00e9cifications<\/h2>\n<div class=\"_tableContainer_16hzy_1\">\n<div class=\"_tableWrapper_16hzy_14 group flex w-fit flex-col-reverse\" tabindex=\"-1\">\n<table class=\"w-fit min-w-(--thread-content-width)\" data-start=\"1155\" data-end=\"1480\">\n<thead data-start=\"1155\" data-end=\"1191\">\n<tr data-start=\"1155\" data-end=\"1191\">\n<th data-start=\"1155\" data-end=\"1172\" data-col-size=\"sm\">Partie<\/th>\n<th data-start=\"1172\" data-end=\"1191\" data-col-size=\"sm\">Mat\u00e9riau<\/th>\n<\/tr>\n<\/thead>\n<tbody data-start=\"1230\" data-end=\"1480\">\n<tr data-start=\"1230\" data-end=\"1267\">\n<td data-start=\"1230\" data-end=\"1247\" data-col-size=\"sm\"><strong data-start=\"1232\" data-end=\"1239\">\u00c9pingle<\/strong><\/td>\n<td data-col-size=\"sm\" data-start=\"1247\" data-end=\"1267\">SUS 304<\/td>\n<\/tr>\n<tr data-start=\"1268\" data-end=\"1305\">\n<td data-start=\"1268\" data-end=\"1285\" data-col-size=\"sm\"><strong data-start=\"1270\" data-end=\"1280\">Printemps<\/strong><\/td>\n<td data-col-size=\"sm\" data-start=\"1285\" data-end=\"1305\">SUS 304<\/td>\n<\/tr>\n<tr data-start=\"1306\" data-end=\"1343\">\n<td data-start=\"1306\" data-end=\"1323\" data-col-size=\"sm\"><strong data-start=\"1308\" data-end=\"1316\">Boule<\/strong><\/td>\n<td data-col-size=\"sm\" data-start=\"1323\" data-end=\"1343\">SUS 440 (HRC55+)<\/td>\n<\/tr>\n<tr data-start=\"1344\" data-end=\"1390\">\n<td data-start=\"1344\" data-end=\"1361\" data-col-size=\"sm\"><strong data-start=\"1346\" data-end=\"1356\">Finition<\/strong><\/td>\n<td data-col-size=\"sm\" data-start=\"1361\" data-end=\"1390\">Acier inoxydable (naturel)<\/td>\n<\/tr>\n<tr data-start=\"1391\" data-end=\"1434\">\n<td data-start=\"1391\" data-end=\"1408\" data-col-size=\"sm\"><strong data-start=\"1393\" data-end=\"1408\">Type de poign\u00e9e<\/strong><\/td>\n<td data-col-size=\"sm\" data-start=\"1408\" data-end=\"1434\">Bague double (poign\u00e9e en U)<\/td>\n<\/tr>\n<tr data-start=\"1435\" data-end=\"1480\">\n<td data-start=\"1435\" data-end=\"1452\" data-col-size=\"sm\"><strong data-start=\"1437\" data-end=\"1450\">Accessoire<\/strong><\/td>\n<td data-col-size=\"sm\" data-start=\"1452\" data-end=\"1480\">C\u00e2ble de s\u00e9curit\u00e9 250mm, \u00d86mm<\/td>\n<\/tr>\n<\/tbody>\n<\/table>\n<div class=\"sticky end-(--thread-content-margin) h-0 self-end select-none\">\n<div class=\"absolute end-0 flex items-end\"><\/div>\n<\/div>\n<\/div>\n<\/div>\n<hr class=\"\" data-start=\"1482\" data-end=\"1485\" \/>\n<h2 class=\"\" data-start=\"1487\" data-end=\"1514\">\u2705 Gamme dimensionnelle (mm)<\/h2>\n<div class=\"_tableContainer_16hzy_1\">\n<div class=\"_tableWrapper_16hzy_14 group flex w-fit flex-col-reverse\" tabindex=\"-1\">\n<table class=\"w-fit min-w-(--thread-content-width)\" data-start=\"1516\" data-end=\"2636\">\n<thead data-start=\"1516\" data-end=\"1632\">\n<tr data-start=\"1516\" data-end=\"1632\">\n<th data-start=\"1516\" data-end=\"1531\" data-col-size=\"sm\">Diam\u00e8tre (A)<\/th>\n<th data-start=\"1531\" data-end=\"1551\" data-col-size=\"sm\">Longueur utile (H)<\/th>\n<th data-start=\"1551\" data-end=\"1560\" data-col-size=\"sm\">\u03a6A<\/th>\n<th data-start=\"1560\" data-end=\"1571\" data-col-size=\"sm\">C<\/th>\n<th data-start=\"1571\" data-end=\"1582\" data-col-size=\"sm\">D<\/th>\n<th data-start=\"1582\" data-end=\"1593\" data-col-size=\"sm\">E<\/th>\n<th data-start=\"1593\" data-end=\"1604\" data-col-size=\"sm\">G<\/th>\n<th data-start=\"1604\" data-end=\"1615\" data-col-size=\"sm\">H<\/th>\n<th data-start=\"1615\" data-end=\"1626\" data-col-size=\"sm\">I<\/th>\n<th data-start=\"1626\" data-end=\"1632\" data-col-size=\"sm\">J<\/th>\n<\/tr>\n<\/thead>\n<tbody data-start=\"1750\" data-end=\"2636\">\n<tr data-start=\"1750\" data-end=\"1864\">\n<td data-start=\"1750\" data-end=\"1765\" data-col-size=\"sm\">5 mm<\/td>\n<td data-col-size=\"sm\" data-start=\"1765\" data-end=\"1785\">10 - 50 mm<\/td>\n<td data-col-size=\"sm\" data-start=\"1785\" data-end=\"1797\">4.92-4.96<\/td>\n<td data-col-size=\"sm\" data-start=\"1797\" data-end=\"1808\">5.54-7<\/td>\n<td data-col-size=\"sm\" data-start=\"1808\" data-end=\"1819\">6.4-7.9<\/td>\n<td data-col-size=\"sm\" data-start=\"1819\" data-end=\"1830\">7.9-13.5<\/td>\n<td data-col-size=\"sm\" data-start=\"1830\" data-end=\"1841\">18.5-37.8<\/td>\n<td data-col-size=\"sm\" data-start=\"1841\" data-end=\"1852\">26.9-36.8<\/td>\n<td data-col-size=\"sm\" data-start=\"1852\" data-end=\"1864\">2<\/td>\n<td data-col-size=\"sm\"><\/td>\n<\/tr>\n<tr data-start=\"1865\" data-end=\"1979\">\n<td data-start=\"1865\" data-end=\"1880\" data-col-size=\"sm\">6 mm<\/td>\n<td data-col-size=\"sm\" data-start=\"1880\" data-end=\"1900\">10 - 50 mm<\/td>\n<td data-col-size=\"sm\" data-start=\"1900\" data-end=\"1912\">5.92-5.96<\/td>\n<td data-col-size=\"sm\" data-start=\"1912\" data-end=\"1923\">7<\/td>\n<td data-col-size=\"sm\" data-start=\"1923\" data-end=\"1934\">6.4-7.9<\/td>\n<td data-col-size=\"sm\" data-start=\"1934\" data-end=\"1945\">7.9-13.5<\/td>\n<td data-col-size=\"sm\" data-start=\"1945\" data-end=\"1956\">18.5-37.8<\/td>\n<td data-col-size=\"sm\" data-start=\"1956\" data-end=\"1967\">26.9-36.8<\/td>\n<td data-col-size=\"sm\" data-start=\"1967\" data-end=\"1979\">2<\/td>\n<td data-col-size=\"sm\"><\/td>\n<\/tr>\n<tr data-start=\"1980\" data-end=\"2094\">\n<td data-start=\"1980\" data-end=\"1995\" data-col-size=\"sm\">8 mm<\/td>\n<td data-col-size=\"sm\" data-start=\"1995\" data-end=\"2015\">10 - 50 mm<\/td>\n<td data-col-size=\"sm\" data-start=\"2015\" data-end=\"2027\">7.92-7.96<\/td>\n<td data-col-size=\"sm\" data-start=\"2027\" data-end=\"2038\">8<\/td>\n<td data-col-size=\"sm\" data-start=\"2038\" data-end=\"2049\">6.4-7.9<\/td>\n<td data-col-size=\"sm\" data-start=\"2049\" data-end=\"2060\">7.9-13.5<\/td>\n<td data-col-size=\"sm\" data-start=\"2060\" data-end=\"2071\">18.5-37.8<\/td>\n<td data-col-size=\"sm\" data-start=\"2071\" data-end=\"2082\">26.9-36.8<\/td>\n<td data-col-size=\"sm\" data-start=\"2082\" data-end=\"2094\">2<\/td>\n<td data-col-size=\"sm\"><\/td>\n<\/tr>\n<tr data-start=\"2095\" data-end=\"2209\">\n<td data-start=\"2095\" data-end=\"2110\" data-col-size=\"sm\">10 mm<\/td>\n<td data-start=\"2110\" data-end=\"2130\" data-col-size=\"sm\">10 - 60 mm<\/td>\n<td data-col-size=\"sm\" data-start=\"2130\" data-end=\"2142\">9.92-9.96<\/td>\n<td data-col-size=\"sm\" data-start=\"2142\" data-end=\"2153\">11.86-9<\/td>\n<td data-col-size=\"sm\" data-start=\"2153\" data-end=\"2164\">7.6-9.9<\/td>\n<td data-col-size=\"sm\" data-start=\"2164\" data-end=\"2175\">11.4-16.5<\/td>\n<td data-col-size=\"sm\" data-start=\"2175\" data-end=\"2186\">23.9-37.8<\/td>\n<td data-col-size=\"sm\" data-start=\"2186\" data-end=\"2197\">26.9-36.8<\/td>\n<td data-col-size=\"sm\" data-start=\"2197\" data-end=\"2209\">2<\/td>\n<td data-col-size=\"sm\"><\/td>\n<\/tr>\n<tr data-start=\"2210\" data-end=\"2324\">\n<td data-start=\"2210\" data-end=\"2225\" data-col-size=\"sm\">12 mm<\/td>\n<td data-start=\"2225\" data-end=\"2245\" data-col-size=\"sm\">10 - 60 mm<\/td>\n<td data-col-size=\"sm\" data-start=\"2245\" data-end=\"2258\">11.92-11.96<\/td>\n<td data-col-size=\"sm\" data-start=\"2258\" data-end=\"2268\">14.15-10<\/td>\n<td data-col-size=\"sm\" data-start=\"2268\" data-end=\"2279\">7.6-9.9<\/td>\n<td data-col-size=\"sm\" data-start=\"2279\" data-end=\"2290\">14-18<\/td>\n<td data-col-size=\"sm\" data-start=\"2290\" data-end=\"2301\">24.9-40.1<\/td>\n<td data-col-size=\"sm\" data-start=\"2301\" data-end=\"2312\">27.7-47<\/td>\n<td data-col-size=\"sm\" data-start=\"2312\" data-end=\"2324\">2<\/td>\n<td data-col-size=\"sm\"><\/td>\n<\/tr>\n<tr data-start=\"2325\" data-end=\"2428\">\n<td data-start=\"2325\" data-end=\"2340\" data-col-size=\"sm\">16 mm<\/td>\n<td data-col-size=\"sm\" data-start=\"2340\" data-end=\"2360\">15 - 80 mm<\/td>\n<td data-col-size=\"sm\" data-start=\"2360\" data-end=\"2373\">15.92-15.96<\/td>\n<td data-col-size=\"sm\" data-start=\"2373\" data-end=\"2383\">18.14-14<\/td>\n<td data-col-size=\"sm\" data-start=\"2383\" data-end=\"2394\">14.7-19.1<\/td>\n<td data-col-size=\"sm\" data-start=\"2394\" data-end=\"2405\">23-35.6<\/td>\n<td data-col-size=\"sm\" data-start=\"2405\" data-end=\"2416\">46.7-57.2<\/td>\n<td data-col-size=\"sm\" data-start=\"2416\" data-end=\"2428\">3<\/td>\n<td data-col-size=\"sm\"><\/td>\n<td data-col-size=\"sm\"><\/td>\n<\/tr>\n<tr data-start=\"2429\" data-end=\"2532\">\n<td data-start=\"2429\" data-end=\"2444\" data-col-size=\"sm\">20 mm<\/td>\n<td data-start=\"2444\" data-end=\"2464\" data-col-size=\"sm\">20 - 100 mm<\/td>\n<td data-col-size=\"sm\" data-start=\"2464\" data-end=\"2477\">19.92-19.96<\/td>\n<td data-col-size=\"sm\" data-start=\"2477\" data-end=\"2487\">24.08-17<\/td>\n<td data-col-size=\"sm\" data-start=\"2487\" data-end=\"2498\">14.5-22.2<\/td>\n<td data-col-size=\"sm\" data-start=\"2498\" data-end=\"2509\">26.5-41.3<\/td>\n<td data-col-size=\"sm\" data-start=\"2509\" data-end=\"2520\">50.5-67.3<\/td>\n<td data-col-size=\"sm\" data-start=\"2520\" data-end=\"2532\">3<\/td>\n<td data-col-size=\"sm\"><\/td>\n<td data-col-size=\"sm\"><\/td>\n<\/tr>\n<tr data-start=\"2533\" data-end=\"2636\">\n<td data-start=\"2533\" data-end=\"2548\" data-col-size=\"sm\">25 mm<\/td>\n<td data-col-size=\"sm\" data-start=\"2548\" data-end=\"2568\">30 - 100 mm<\/td>\n<td data-col-size=\"sm\" data-start=\"2568\" data-end=\"2581\">24.92-24.96<\/td>\n<td data-col-size=\"sm\" data-start=\"2581\" data-end=\"2591\">30.94-22<\/td>\n<td data-col-size=\"sm\" data-start=\"2591\" data-end=\"2602\">19.1-29.8<\/td>\n<td data-col-size=\"sm\" data-start=\"2602\" data-end=\"2613\">33.8-50.8<\/td>\n<td data-col-size=\"sm\" data-start=\"2613\" data-end=\"2624\">41.7-78.7<\/td>\n<td data-col-size=\"sm\" data-start=\"2624\" data-end=\"2636\">3<\/td>\n<td data-col-size=\"sm\"><\/td>\n<td data-col-size=\"sm\"><\/td>\n<\/tr>\n<\/tbody>\n<\/table>\n<div class=\"sticky end-(--thread-content-margin) h-0 self-end select-none\">\n<div class=\"absolute end-0 flex items-end\"><\/div>\n<\/div>\n<\/div>\n<\/div>\n<p class=\"\" data-start=\"2638\" data-end=\"2718\"><em data-start=\"2641\" data-end=\"2718\">Des dimensions, tol\u00e9rances et dessins CAO personnalis\u00e9s sont disponibles sur demande.<\/em><\/p>\n<hr class=\"\" data-start=\"2720\" data-end=\"2723\" \/>\n<h2 class=\"\" data-start=\"2725\" data-end=\"2750\">\u2705 Applications typiques<\/h2>\n<ul data-start=\"2752\" data-end=\"2956\">\n<li class=\"\" data-start=\"2752\" data-end=\"2781\">\n<p class=\"\" data-start=\"2754\" data-end=\"2781\">Syst\u00e8mes de changement rapide des moules<\/p>\n<\/li>\n<li class=\"\" data-start=\"2782\" data-end=\"2828\">\n<p class=\"\" data-start=\"2784\" data-end=\"2828\">Machines industrielles et assemblages de cadres<\/p>\n<\/li>\n<li class=\"\" data-start=\"2829\" data-end=\"2862\">\n<p class=\"\" data-start=\"2831\" data-end=\"2862\">Installations marines et de pont<\/p>\n<\/li>\n<li class=\"\" data-start=\"2863\" data-end=\"2899\">\n<p class=\"\" data-start=\"2865\" data-end=\"2899\">Gabarits d'entretien et de remplacement<\/p>\n<\/li>\n<li class=\"\" data-start=\"2900\" data-end=\"2956\">\n<p class=\"\" data-start=\"2902\" data-end=\"2956\">Fixation modulaire dans l'assemblage a\u00e9rospatial et automobile<\/p>\n<\/li>\n<\/ul>\n<hr class=\"\" data-start=\"2958\" data-end=\"2961\" \/>\n<h2 class=\"\" data-start=\"2963\" data-end=\"2976\">\u2705 Caract\u00e9ristiques<\/h2>\n<ul data-start=\"2978\" data-end=\"3355\">\n<li class=\"\" data-start=\"2978\" data-end=\"3034\">\n<p class=\"\" data-start=\"2980\" data-end=\"3034\">\ufe0f <strong data-start=\"2984\" data-end=\"3007\">Fonctionnement sans outil<\/strong> avec verrouillage par bouton-poussoir<\/p>\n<\/li>\n<li class=\"\" data-start=\"3035\" data-end=\"3104\">\n<p class=\"\" data-start=\"3037\" data-end=\"3104\"><strong data-start=\"3040\" data-end=\"3077\">Construction enti\u00e8rement en acier inoxydable<\/strong> pour la r\u00e9sistance \u00e0 la corrosion<\/p>\n<\/li>\n<li class=\"\" data-start=\"3105\" data-end=\"3146\">\n<p class=\"\" data-start=\"3107\" data-end=\"3146\"><strong data-start=\"3110\" data-end=\"3144\">Conception r\u00e9utilisable et \u00e0 cycle \u00e9lev\u00e9<\/strong><\/p>\n<\/li>\n<li class=\"\" data-start=\"3147\" data-end=\"3221\">\n<p class=\"\" data-start=\"3149\" data-end=\"3221\"><strong data-start=\"3152\" data-end=\"3184\">Double serrure \u00e0 bille \u00e0 ressort<\/strong> Le m\u00e9canisme assure une r\u00e9tention s\u00fbre<\/p>\n<\/li>\n<li class=\"\" data-start=\"3222\" data-end=\"3291\">\n<p class=\"\" data-start=\"3224\" data-end=\"3291\"><strong data-start=\"3227\" data-end=\"3252\">C\u00e2ble de s\u00e9curit\u00e9 inclus<\/strong> - emp\u00eache la perte de la broche pendant le fonctionnement<\/p>\n<\/li>\n<li class=\"\" data-start=\"3292\" data-end=\"3355\">\n<p class=\"\" data-start=\"3294\" data-end=\"3355\">\u270d\ufe0f Service OEM disponible avec gravure de logo ou longueur personnalis\u00e9e<\/p>\n<\/li>\n<\/ul>\n<hr class=\"\" data-start=\"3357\" data-end=\"3360\" \/>\n<h2 class=\"\" data-start=\"3362\" data-end=\"3387\">\u2705 Informations sur la commande<\/h2>\n<p class=\"\" data-start=\"3389\" data-end=\"3434\">Lors de la passation d'une commande ou d'un appel d'offres, veuillez fournir les informations suivantes :<\/p>\n<ul data-start=\"3435\" data-end=\"3571\">\n<li class=\"\" data-start=\"3435\" data-end=\"3465\">\n<p class=\"\" data-start=\"3437\" data-end=\"3465\">Diam\u00e8tre de la broche (par exemple, 10 mm)<\/p>\n<\/li>\n<li class=\"\" data-start=\"3466\" data-end=\"3497\">\n<p class=\"\" data-start=\"3468\" data-end=\"3497\">Longueur utilisable (par exemple, 40 mm)<\/p>\n<\/li>\n<li class=\"\" data-start=\"3498\" data-end=\"3510\">\n<p class=\"\" data-start=\"3500\" data-end=\"3510\">Quantit\u00e9<\/p>\n<\/li>\n<li class=\"\" data-start=\"3511\" data-end=\"3571\">\n<p class=\"\" data-start=\"3513\" data-end=\"3571\">Exigences particuli\u00e8res (par exemple, longueur du fil de s\u00e9curit\u00e9, emballage)<\/p>\n<\/li>\n<\/ul>","protected":false},"excerpt":{"rendered":"<p class=\"\" data-start=\"287\" data-end=\"639\">Les attaches rapides \u00e0 goupille sont con\u00e7ues pour une connexion rapide, s\u00fbre et sans outil dans les assemblages industriels, les gabarits, les moules et les fixations marines. Dot\u00e9 d'un<strong data-start=\"460\" data-end=\"493\"> poign\u00e9e en forme d'anneau<\/strong> pour une meilleure prise en main et un meilleur fonctionnement. <strong data-start=\"552\" data-end=\"581\">C\u00e2ble d'acier antigiratoire de 250 mm<\/strong>Les donn\u00e9es sont conserv\u00e9es \u00e0 l'int\u00e9rieur de l'appareil, ce qui permet d'\u00e9viter les pertes dans des environnements dynamiques ou en plein air.<\/p>\n<p class=\"\" data-start=\"906\" data-end=\"1127\">","protected":false},"featured_media":1801,"comment_status":"closed","ping_status":"closed","template":"","meta":{"site-sidebar-layout":"default","site-content-layout":"","ast-site-content-layout":"default","site-content-style":"default","site-sidebar-style":"default","ast-global-header-display":"","ast-banner-title-visibility":"","ast-main-header-display":"","ast-hfb-above-header-display":"","ast-hfb-below-header-display":"","ast-hfb-mobile-header-display":"","site-post-title":"","ast-breadcrumbs-content":"","ast-featured-img":"","footer-sml-layout":"","ast-disable-related-posts":"","theme-transparent-header-meta":"default","adv-header-id-meta":"","stick-header-meta":"","header-above-stick-meta":"","header-main-stick-meta":"","header-below-stick-meta":"","astra-migrate-meta-layouts":"set","ast-page-background-enabled":"default","ast-page-background-meta":{"desktop":{"background-color":"var(--ast-global-color-4)","background-image":"","background-repeat":"repeat","background-position":"center center","background-size":"auto","background-attachment":"scroll","background-type":"","background-media":"","overlay-type":"","overlay-color":"","overlay-opacity":"","overlay-gradient":""},"tablet":{"background-color":"","background-image":"","background-repeat":"repeat","background-position":"center center","background-size":"auto","background-attachment":"scroll","background-type":"","background-media":"","overlay-type":"","overlay-color":"","overlay-opacity":"","overlay-gradient":""},"mobile":{"background-color":"","background-image":"","background-repeat":"repeat","background-position":"center center","background-size":"auto","background-attachment":"scroll","background-type":"","background-media":"","overlay-type":"","overlay-color":"","overlay-opacity":"","overlay-gradient":""}},"ast-content-background-meta":{"desktop":{"background-color":"var(--ast-global-color-5)","background-image":"","background-repeat":"repeat","background-position":"center center","background-size":"auto","background-attachment":"scroll","background-type":"","background-media":"","overlay-type":"","overlay-color":"","overlay-opacity":"","overlay-gradient":""},"tablet":{"background-color":"var(--ast-global-color-5)","background-image":"","background-repeat":"repeat","background-position":"center center","background-size":"auto","background-attachment":"scroll","background-type":"","background-media":"","overlay-type":"","overlay-color":"","overlay-opacity":"","overlay-gradient":""},"mobile":{"background-color":"var(--ast-global-color-5)","background-image":"","background-repeat":"repeat","background-position":"center center","background-size":"auto","background-attachment":"scroll","background-type":"","background-media":"","overlay-type":"","overlay-color":"","overlay-opacity":"","overlay-gradient":""}}},"product_brand":[],"product_cat":[19],"product_tag":[],"class_list":{"0":"post-1654","1":"product","2":"type-product","3":"status-publish","4":"has-post-thumbnail","6":"product_cat-fasteners","8":"first","9":"instock","10":"shipping-taxable","11":"product-type-simple"},"_links":{"self":[{"href":"https:\/\/www.sknfastener.com\/fr\/wp-json\/wp\/v2\/product\/1654","targetHints":{"allow":["GET"]}}],"collection":[{"href":"https:\/\/www.sknfastener.com\/fr\/wp-json\/wp\/v2\/product"}],"about":[{"href":"https:\/\/www.sknfastener.com\/fr\/wp-json\/wp\/v2\/types\/product"}],"replies":[{"embeddable":true,"href":"https:\/\/www.sknfastener.com\/fr\/wp-json\/wp\/v2\/comments?post=1654"}],"version-history":[{"count":1,"href":"https:\/\/www.sknfastener.com\/fr\/wp-json\/wp\/v2\/product\/1654\/revisions"}],"predecessor-version":[{"id":1836,"href":"https:\/\/www.sknfastener.com\/fr\/wp-json\/wp\/v2\/product\/1654\/revisions\/1836"}],"wp:featuredmedia":[{"embeddable":true,"href":"https:\/\/www.sknfastener.com\/fr\/wp-json\/wp\/v2\/media\/1801"}],"wp:attachment":[{"href":"https:\/\/www.sknfastener.com\/fr\/wp-json\/wp\/v2\/media?parent=1654"}],"wp:term":[{"taxonomy":"product_brand","embeddable":true,"href":"https:\/\/www.sknfastener.com\/fr\/wp-json\/wp\/v2\/product_brand?post=1654"},{"taxonomy":"product_cat","embeddable":true,"href":"https:\/\/www.sknfastener.com\/fr\/wp-json\/wp\/v2\/product_cat?post=1654"},{"taxonomy":"product_tag","embeddable":true,"href":"https:\/\/www.sknfastener.com\/fr\/wp-json\/wp\/v2\/product_tag?post=1654"}],"curies":[{"name":"wp","href":"https:\/\/api.w.org\/{rel}","templated":true}]}}