{"id":1661,"date":"2025-05-15T08:22:43","date_gmt":"2025-05-15T08:22:43","guid":{"rendered":"https:\/\/www.sknfastener.com\/?post_type=product&#038;p=1661"},"modified":"2025-05-17T16:47:33","modified_gmt":"2025-05-17T08:47:33","slug":"quick-release-pin-manufacturers","status":"publish","type":"product","link":"https:\/\/www.sknfastener.com\/fr\/produit\/quick-release-pin-manufacturers\/","title":{"rendered":"fabricants de goupilles \u00e0 d\u00e9gagement rapide"},"content":{"rendered":"<p class=\"\" data-start=\"621\" data-end=\"915\">Fabricant de goupilles \u00e0 d\u00e9gagement rapide Cette goupille \u00e0 verrouillage \u00e0 bille est une goupille \u00e0 d\u00e9gagement rapide. <strong data-start=\"636\" data-end=\"685\">goupille de verrouillage \u00e0 bille \u00e0 d\u00e9gagement rapide de type bouton-poussoir<\/strong> con\u00e7u pour une fixation rapide, reproductible et sans outil dans les syst\u00e8mes industriels et m\u00e9caniques. La goupille combine un <strong data-start=\"798\" data-end=\"823\">arbre en acier inoxydable<\/strong> avec un <strong data-start=\"831\" data-end=\"868\">poign\u00e9e l\u00e9g\u00e8re en alliage d'aluminium<\/strong>La forme ergonomique de l'appareil permet une utilisation en douceur.<\/p>\n<p class=\"\" data-start=\"917\" data-end=\"1200\">A l'int\u00e9rieur, un ressort en acier inoxydable assure un actionnement r\u00e9gulier, tandis que <strong data-start=\"990\" data-end=\"1029\">billes de verrouillage en acier au carbone tremp\u00e9<\/strong> offrent une grande force de maintien une fois ins\u00e9r\u00e9es. Le bouton du dessus (disponible en plusieurs couleurs) active un m\u00e9canisme \u00e0 ressort qui r\u00e9tracte les billes pour un retrait instantan\u00e9.<\/p>\n<p class=\"\" data-start=\"1202\" data-end=\"1371\">Ce mod\u00e8le est couramment utilis\u00e9 dans <strong data-start=\"1233\" data-end=\"1304\">gabarits, montages, robotique, outillage a\u00e9rospatial et syst\u00e8mes automobiles<\/strong>-o\u00f9 l'engagement fr\u00e9quent de la goupille est n\u00e9cessaire sous l'effet des vibrations ou de la charge.<\/p>\n<h2 class=\"\" data-start=\"1378\" data-end=\"1397\">Sp\u00e9cifications<\/h2>\n<div class=\"_tableContainer_16hzy_1\">\n<div class=\"_tableWrapper_16hzy_14 group flex w-fit flex-col-reverse\" tabindex=\"-1\">\n<table class=\"w-fit min-w-(--thread-content-width)\" data-start=\"1399\" data-end=\"1702\">\n<thead data-start=\"1399\" data-end=\"1434\">\n<tr data-start=\"1399\" data-end=\"1434\">\n<th data-start=\"1399\" data-end=\"1411\" data-col-size=\"sm\">Composant<\/th>\n<th data-start=\"1411\" data-end=\"1434\" data-col-size=\"sm\">Mat\u00e9riau<\/th>\n<\/tr>\n<\/thead>\n<tbody data-start=\"1470\" data-end=\"1702\">\n<tr data-start=\"1470\" data-end=\"1504\">\n<td data-start=\"1470\" data-end=\"1481\" data-col-size=\"sm\">\u00c9pingle<\/td>\n<td data-col-size=\"sm\" data-start=\"1481\" data-end=\"1504\">Acier inoxydable 304<\/td>\n<\/tr>\n<tr data-start=\"1505\" data-end=\"1539\">\n<td data-start=\"1505\" data-end=\"1516\" data-col-size=\"sm\">Printemps<\/td>\n<td data-start=\"1516\" data-end=\"1539\" data-col-size=\"sm\">Acier inoxydable 304<\/td>\n<\/tr>\n<tr data-start=\"1540\" data-end=\"1580\">\n<td data-start=\"1540\" data-end=\"1551\" data-col-size=\"sm\">Poign\u00e9e<\/td>\n<td data-start=\"1551\" data-end=\"1580\" data-col-size=\"sm\">Alliage d'aluminium (anodis\u00e9)<\/td>\n<\/tr>\n<tr data-start=\"1581\" data-end=\"1617\">\n<td data-start=\"1581\" data-end=\"1592\" data-col-size=\"sm\">Boule<\/td>\n<td data-start=\"1592\" data-end=\"1617\" data-col-size=\"sm\">Acier au carbone tremp\u00e9<\/td>\n<\/tr>\n<tr data-start=\"1618\" data-end=\"1662\">\n<td data-start=\"1618\" data-end=\"1629\" data-col-size=\"sm\">Bouton<\/td>\n<td data-col-size=\"sm\" data-start=\"1629\" data-end=\"1662\">Acier inoxydable (code couleur)<\/td>\n<\/tr>\n<tr data-start=\"1663\" data-end=\"1702\">\n<td data-start=\"1663\" data-end=\"1674\" data-col-size=\"sm\">Anneau<\/td>\n<td data-start=\"1674\" data-end=\"1702\" data-col-size=\"sm\">Acier inoxydable (en option)<\/td>\n<\/tr>\n<\/tbody>\n<\/table>\n<div class=\"sticky end-(--thread-content-margin) h-0 self-end select-none\">\n<div class=\"absolute end-0 flex items-end\"><\/div>\n<\/div>\n<\/div>\n<\/div>\n<ul data-start=\"1704\" data-end=\"1959\">\n<li class=\"\" data-start=\"1704\" data-end=\"1744\">\n<p class=\"\" data-start=\"1706\" data-end=\"1744\"><strong data-start=\"1706\" data-end=\"1728\">Plage de diam\u00e8tre (A)<\/strong>: 5 mm - 16 mm<\/p>\n<\/li>\n<li class=\"\" data-start=\"1745\" data-end=\"1784\">\n<p class=\"\" data-start=\"1747\" data-end=\"1784\"><strong data-start=\"1747\" data-end=\"1766\">Longueur de la poign\u00e9e (L)<\/strong>: 10 mm - 100 mm<\/p>\n<\/li>\n<li class=\"\" data-start=\"1785\" data-end=\"1838\">\n<p class=\"\" data-start=\"1787\" data-end=\"1838\"><strong data-start=\"1787\" data-end=\"1804\">Finition de la poign\u00e9e<\/strong>: Noir ou couleur anodis\u00e9e personnalis\u00e9e<\/p>\n<\/li>\n<li class=\"\" data-start=\"1839\" data-end=\"1867\">\n<p class=\"\" data-start=\"1841\" data-end=\"1867\"><strong data-start=\"1841\" data-end=\"1855\">Tol\u00e9rances<\/strong>: \u00b10,05 mm<\/p>\n<\/li>\n<li class=\"\" data-start=\"1868\" data-end=\"1910\">\n<p class=\"\" data-start=\"1870\" data-end=\"1910\"><strong data-start=\"1870\" data-end=\"1888\">Dur\u00e9e de vie<\/strong>: Plus de 10 000 cycles<\/p>\n<\/li>\n<li class=\"\" data-start=\"1911\" data-end=\"1959\">\n<p class=\"\" data-start=\"1913\" data-end=\"1959\"><strong data-start=\"1913\" data-end=\"1931\">Finition de la surface<\/strong>: Naturel \/ Bross\u00e9 \/ Personnalis\u00e9<\/p>\n<\/li>\n<\/ul>\n<p class=\"\" data-start=\"1961\" data-end=\"2040\"><em data-start=\"1964\" data-end=\"2040\">Tailles personnalis\u00e9es, options de fil, couleurs de bouton et gravure de logo disponibles.<\/em><\/p>\n<hr class=\"\" data-start=\"2042\" data-end=\"2045\" \/>\n<h2 class=\"\" data-start=\"2047\" data-end=\"2079\">\u2705 R\u00e9f\u00e9rence des dessins techniques<\/h2>\n<p class=\"\" data-start=\"2081\" data-end=\"2161\">Le produit suit une structure simple de poign\u00e9e en L avec des param\u00e8tres dimensionnels cl\u00e9s :<\/p>\n<ul data-start=\"2163\" data-end=\"2316\">\n<li class=\"\" data-start=\"2163\" data-end=\"2186\">\n<p class=\"\" data-start=\"2165\" data-end=\"2186\"><strong data-start=\"2165\" data-end=\"2170\">A<\/strong>: Diam\u00e8tre de la broche<\/p>\n<\/li>\n<li class=\"\" data-start=\"2187\" data-end=\"2211\">\n<p class=\"\" data-start=\"2189\" data-end=\"2211\"><strong data-start=\"2189\" data-end=\"2194\">L<\/strong>: Longueur utilisable<\/p>\n<\/li>\n<li class=\"\" data-start=\"2212\" data-end=\"2267\">\n<p class=\"\" data-start=\"2214\" data-end=\"2267\"><strong data-start=\"2214\" data-end=\"2225\">B, C, D<\/strong>: T\u00eate \u00e0 bille, base de l'arbre et zone des boutons<\/p>\n<\/li>\n<li class=\"\" data-start=\"2268\" data-end=\"2316\">\n<p class=\"\" data-start=\"2270\" data-end=\"2316\"><strong data-start=\"2270\" data-end=\"2278\">H, J<\/strong>: Dimensions de la poign\u00e9e pour une meilleure prise en main et un plus grand confort<\/p>\n<\/li>\n<\/ul>\n<p class=\"\" data-start=\"2318\" data-end=\"2378\">Les dessins CAO et les fichiers STEP peuvent \u00eatre fournis pour l'int\u00e9gration.<\/p>\n<hr class=\"\" data-start=\"2380\" data-end=\"2383\" \/>\n<h2 class=\"\" data-start=\"2385\" data-end=\"2402\">\u2705 Applications<\/h2>\n<ul data-start=\"2404\" data-end=\"2568\">\n<li class=\"\" data-start=\"2404\" data-end=\"2435\">\n<p class=\"\" data-start=\"2406\" data-end=\"2435\">Syst\u00e8mes de changement de moules et d'outils<\/p>\n<\/li>\n<li class=\"\" data-start=\"2436\" data-end=\"2465\">\n<p class=\"\" data-start=\"2438\" data-end=\"2465\">Pr\u00e9henseurs et bras robotis\u00e9s<\/p>\n<\/li>\n<li class=\"\" data-start=\"2466\" data-end=\"2496\">\n<p class=\"\" data-start=\"2468\" data-end=\"2496\">Positionnement des outils dans l'a\u00e9rospatiale<\/p>\n<\/li>\n<li class=\"\" data-start=\"2497\" data-end=\"2524\">\n<p class=\"\" data-start=\"2499\" data-end=\"2524\">Verrouillage modulaire des appareils<\/p>\n<\/li>\n<li class=\"\" data-start=\"2525\" data-end=\"2568\">\n<p class=\"\" data-start=\"2527\" data-end=\"2568\">Plates-formes d'assemblage et d'essai pour l'industrie automobile<\/p>\n<\/li>\n<\/ul>\n<hr class=\"\" data-start=\"2570\" data-end=\"2573\" \/>\n<h2 class=\"\" data-start=\"2575\" data-end=\"2599\">\u2705 Caract\u00e9ristiques et avantages<\/h2>\n<ul data-start=\"2601\" data-end=\"2909\">\n<li class=\"\" data-start=\"2601\" data-end=\"2661\">\n<p class=\"\" data-start=\"2603\" data-end=\"2661\"><strong data-start=\"2606\" data-end=\"2629\">D\u00e9clenchement par bouton-poussoir<\/strong> avec verrouillage s\u00e9curis\u00e9 \u00e0 double bille<\/p>\n<\/li>\n<li class=\"\" data-start=\"2662\" data-end=\"2722\">\n<p class=\"\" data-start=\"2664\" data-end=\"2722\"><strong data-start=\"2667\" data-end=\"2690\">Fonctionnement sans outil<\/strong>Id\u00e9al pour les changements rapides<\/p>\n<\/li>\n<li class=\"\" data-start=\"2723\" data-end=\"2779\">\n<p class=\"\" data-start=\"2725\" data-end=\"2779\">\ufe0f <strong data-start=\"2729\" data-end=\"2768\">Arbre en acier inoxydable r\u00e9sistant \u00e0 la corrosion<\/strong> (SUS304)<\/p>\n<\/li>\n<li class=\"\" data-start=\"2780\" data-end=\"2850\">\n<p class=\"\" data-start=\"2782\" data-end=\"2850\"><strong data-start=\"2785\" data-end=\"2816\">Poign\u00e9e l\u00e9g\u00e8re anodis\u00e9e<\/strong>facile \u00e0 identifier ou \u00e0 coder par couleur<\/p>\n<\/li>\n<li class=\"\" data-start=\"2851\" data-end=\"2909\">\n<p class=\"\" data-start=\"2853\" data-end=\"2909\">\ufe0f Possibilit\u00e9 de personnaliser les longueurs, les couleurs et les mat\u00e9riaux des poign\u00e9es<\/p>\n<\/li>\n<\/ul>\n<hr class=\"\" data-start=\"2911\" data-end=\"2914\" \/>\n<h2 class=\"\" data-start=\"2916\" data-end=\"2941\">\u2705 Informations sur la commande<\/h2>\n<p class=\"\" data-start=\"2943\" data-end=\"2983\">Lors de l'envoi d'une demande de renseignements, veuillez indiquer<\/p>\n<ul data-start=\"2984\" data-end=\"3183\">\n<li class=\"\" data-start=\"2984\" data-end=\"3022\">\n<p class=\"\" data-start=\"2986\" data-end=\"3022\">Diam\u00e8tre de la tige (A) et longueur de la poign\u00e9e (L)<\/p>\n<\/li>\n<li class=\"\" data-start=\"3023\" data-end=\"3035\">\n<p class=\"\" data-start=\"3025\" data-end=\"3035\">Quantit\u00e9<\/p>\n<\/li>\n<li class=\"\" data-start=\"3036\" data-end=\"3088\">\n<p class=\"\" data-start=\"3038\" data-end=\"3088\">Couleur pr\u00e9f\u00e9r\u00e9e de la poign\u00e9e (noir, bleu, or, etc.)<\/p>\n<\/li>\n<li class=\"\" data-start=\"3089\" data-end=\"3148\">\n<p class=\"\" data-start=\"3091\" data-end=\"3148\">En option : logo personnalis\u00e9, marquage laser ou anneau d'accessoires<\/p>\n<\/li>\n<li class=\"\" data-start=\"3149\" data-end=\"3183\">\n<p class=\"\" data-start=\"3151\" data-end=\"3183\">Exigences en mati\u00e8re d'emballage ou d'exportation<\/p>\n<\/li>\n<\/ul>","protected":false},"excerpt":{"rendered":"<p><strong data-start=\"351\" data-end=\"415\">Les fabricants de goupilles \u00e0 d\u00e9gagement rapide ont produit des goupilles \u00e0 d\u00e9gagement rapide avec une poign\u00e9e en aluminium \u00e0 bouton-poussoir.<\/strong>Id\u00e9al pour l'outillage, l'assemblage et les applications a\u00e9rospatiales. Fabriqu\u00e9 en acier inoxydable de haute qualit\u00e9. <strong data-start=\"512\" data-end=\"588\">Disponibles sur demande dans des diam\u00e8tres, des longueurs de prise et des mat\u00e9riaux personnalis\u00e9s.<\/strong><\/p>","protected":false},"featured_media":1811,"comment_status":"closed","ping_status":"closed","template":"","meta":{"site-sidebar-layout":"default","site-content-layout":"","ast-site-content-layout":"default","site-content-style":"default","site-sidebar-style":"default","ast-global-header-display":"","ast-banner-title-visibility":"","ast-main-header-display":"","ast-hfb-above-header-display":"","ast-hfb-below-header-display":"","ast-hfb-mobile-header-display":"","site-post-title":"","ast-breadcrumbs-content":"","ast-featured-img":"","footer-sml-layout":"","ast-disable-related-posts":"","theme-transparent-header-meta":"default","adv-header-id-meta":"","stick-header-meta":"","header-above-stick-meta":"","header-main-stick-meta":"","header-below-stick-meta":"","astra-migrate-meta-layouts":"set","ast-page-background-enabled":"default","ast-page-background-meta":{"desktop":{"background-color":"var(--ast-global-color-4)","background-image":"","background-repeat":"repeat","background-position":"center center","background-size":"auto","background-attachment":"scroll","background-type":"","background-media":"","overlay-type":"","overlay-color":"","overlay-opacity":"","overlay-gradient":""},"tablet":{"background-color":"","background-image":"","background-repeat":"repeat","background-position":"center center","background-size":"auto","background-attachment":"scroll","background-type":"","background-media":"","overlay-type":"","overlay-color":"","overlay-opacity":"","overlay-gradient":""},"mobile":{"background-color":"","background-image":"","background-repeat":"repeat","background-position":"center center","background-size":"auto","background-attachment":"scroll","background-type":"","background-media":"","overlay-type":"","overlay-color":"","overlay-opacity":"","overlay-gradient":""}},"ast-content-background-meta":{"desktop":{"background-color":"var(--ast-global-color-5)","background-image":"","background-repeat":"repeat","background-position":"center center","background-size":"auto","background-attachment":"scroll","background-type":"","background-media":"","overlay-type":"","overlay-color":"","overlay-opacity":"","overlay-gradient":""},"tablet":{"background-color":"var(--ast-global-color-5)","background-image":"","background-repeat":"repeat","background-position":"center center","background-size":"auto","background-attachment":"scroll","background-type":"","background-media":"","overlay-type":"","overlay-color":"","overlay-opacity":"","overlay-gradient":""},"mobile":{"background-color":"var(--ast-global-color-5)","background-image":"","background-repeat":"repeat","background-position":"center center","background-size":"auto","background-attachment":"scroll","background-type":"","background-media":"","overlay-type":"","overlay-color":"","overlay-opacity":"","overlay-gradient":""}}},"product_brand":[],"product_cat":[19],"product_tag":[],"class_list":{"0":"post-1661","1":"product","2":"type-product","3":"status-publish","4":"has-post-thumbnail","6":"product_cat-fasteners","8":"first","9":"instock","10":"shipping-taxable","11":"product-type-simple"},"_links":{"self":[{"href":"https:\/\/www.sknfastener.com\/fr\/wp-json\/wp\/v2\/product\/1661","targetHints":{"allow":["GET"]}}],"collection":[{"href":"https:\/\/www.sknfastener.com\/fr\/wp-json\/wp\/v2\/product"}],"about":[{"href":"https:\/\/www.sknfastener.com\/fr\/wp-json\/wp\/v2\/types\/product"}],"replies":[{"embeddable":true,"href":"https:\/\/www.sknfastener.com\/fr\/wp-json\/wp\/v2\/comments?post=1661"}],"version-history":[{"count":1,"href":"https:\/\/www.sknfastener.com\/fr\/wp-json\/wp\/v2\/product\/1661\/revisions"}],"predecessor-version":[{"id":1835,"href":"https:\/\/www.sknfastener.com\/fr\/wp-json\/wp\/v2\/product\/1661\/revisions\/1835"}],"wp:featuredmedia":[{"embeddable":true,"href":"https:\/\/www.sknfastener.com\/fr\/wp-json\/wp\/v2\/media\/1811"}],"wp:attachment":[{"href":"https:\/\/www.sknfastener.com\/fr\/wp-json\/wp\/v2\/media?parent=1661"}],"wp:term":[{"taxonomy":"product_brand","embeddable":true,"href":"https:\/\/www.sknfastener.com\/fr\/wp-json\/wp\/v2\/product_brand?post=1661"},{"taxonomy":"product_cat","embeddable":true,"href":"https:\/\/www.sknfastener.com\/fr\/wp-json\/wp\/v2\/product_cat?post=1661"},{"taxonomy":"product_tag","embeddable":true,"href":"https:\/\/www.sknfastener.com\/fr\/wp-json\/wp\/v2\/product_tag?post=1661"}],"curies":[{"name":"wp","href":"https:\/\/api.w.org\/{rel}","templated":true}]}}