{"id":1674,"date":"2025-05-15T08:42:18","date_gmt":"2025-05-15T08:42:18","guid":{"rendered":"https:\/\/www.sknfastener.com\/?post_type=product&#038;p=1674"},"modified":"2025-05-18T12:31:45","modified_gmt":"2025-05-18T04:31:45","slug":"ryobi-link-quick-release-handle-pins","status":"publish","type":"product","link":"https:\/\/www.sknfastener.com\/fr\/produit\/ryobi-link-quick-release-handle-pins\/","title":{"rendered":"Goupilles de poign\u00e9e \u00e0 d\u00e9gagement rapide Ryobi Link"},"content":{"rendered":"<h2 class=\"\" data-start=\"563\" data-end=\"587\">\u2705 Ryobi Link Goupilles de poign\u00e9e \u00e0 d\u00e9gagement rapide<\/h2>\n<p class=\"\" data-start=\"589\" data-end=\"856\">Cette goupille de poign\u00e9e \u00e0 d\u00e9gagement rapide Ryobi Link offre une solution de fixation simple, fiable et sans outil pour les applications m\u00e9caniques, d'outillage et d'assemblage g\u00e9n\u00e9ral. Con\u00e7ue avec un <strong data-start=\"762\" data-end=\"805\">corps cylindrique lisse et poign\u00e9e annulaire<\/strong>L'\u00e9pingle peut \u00eatre ins\u00e9r\u00e9e et retir\u00e9e en quelques secondes.<\/p>\n<p class=\"\" data-start=\"858\" data-end=\"1067\">Le syst\u00e8me int\u00e9gr\u00e9 <strong data-start=\"873\" data-end=\"901\">bille d'acier \u00e0 ressort<\/strong> \u00e0 l'extr\u00e9mit\u00e9 se bloque en place lorsqu'il est ins\u00e9r\u00e9 dans un trou d'accouplement, ce qui permet d'\u00e9viter un d\u00e9sengagement accidentel. Les <strong data-start=\"1010\" data-end=\"1030\">poign\u00e9e \u00e0 anneau de traction<\/strong> permet de l'enlever facilement en cas de besoin.<\/p>\n<p class=\"\" data-start=\"1069\" data-end=\"1309\">Fabriqu\u00e9 \u00e0 partir de <strong data-start=\"1087\" data-end=\"1130\">acier inoxydable 304 r\u00e9sistant \u00e0 la corrosion<\/strong>Cette broche peut \u00eatre utilis\u00e9e \u00e0 l'int\u00e9rieur comme \u00e0 l'ext\u00e9rieur. Elle est couramment utilis\u00e9e dans <strong data-start=\"1218\" data-end=\"1309\">le positionnement l\u00e9ger, l'\u00e9quipement marin, le verrouillage de panneaux et les structures \u00e0 assemblage rapide.<\/strong><\/p>\n<hr class=\"\" data-start=\"1311\" data-end=\"1314\" \/>\n<h2 class=\"\" data-start=\"1316\" data-end=\"1335\">\u2705 Sp\u00e9cifications<\/h2>\n<ul data-start=\"1337\" data-end=\"1757\">\n<li class=\"\" data-start=\"1337\" data-end=\"1374\">\n<p class=\"\" data-start=\"1339\" data-end=\"1374\"><strong data-start=\"1339\" data-end=\"1351\">Mat\u00e9riau<\/strong>: Acier inoxydable 304<\/p>\n<\/li>\n<li class=\"\" data-start=\"1375\" data-end=\"1426\">\n<p class=\"\" data-start=\"1377\" data-end=\"1426\"><strong data-start=\"1377\" data-end=\"1395\">Finition de la surface<\/strong>: Naturel \/ Poli \/ Personnalis\u00e9<\/p>\n<\/li>\n<li class=\"\" data-start=\"1427\" data-end=\"1472\">\n<p class=\"\" data-start=\"1429\" data-end=\"1472\"><strong data-start=\"1429\" data-end=\"1445\">Diam\u00e8tre de la goupille<\/strong>: 3 mm - 12 mm (standard)<\/p>\n<\/li>\n<li class=\"\" data-start=\"1473\" data-end=\"1510\">\n<p class=\"\" data-start=\"1475\" data-end=\"1510\"><strong data-start=\"1475\" data-end=\"1493\">Longueurs utilisables<\/strong>20 mm - 80 mm<\/p>\n<\/li>\n<li class=\"\" data-start=\"1511\" data-end=\"1560\">\n<p class=\"\" data-start=\"1513\" data-end=\"1560\"><strong data-start=\"1513\" data-end=\"1534\">M\u00e9canisme de verrouillage<\/strong>: Une bille \u00e0 ressort<\/p>\n<\/li>\n<li class=\"\" data-start=\"1561\" data-end=\"1612\">\n<p class=\"\" data-start=\"1563\" data-end=\"1612\"><strong data-start=\"1563\" data-end=\"1578\">Type de poign\u00e9e<\/strong>: Anneau de traction (amovible ou fixe)<\/p>\n<\/li>\n<li class=\"\" data-start=\"1613\" data-end=\"1641\">\n<p class=\"\" data-start=\"1615\" data-end=\"1641\"><strong data-start=\"1615\" data-end=\"1629\">Tol\u00e9rances<\/strong>: \u00b10,05 mm<\/p>\n<\/li>\n<li class=\"\" data-start=\"1642\" data-end=\"1680\">\n<p class=\"\" data-start=\"1644\" data-end=\"1680\"><strong data-start=\"1644\" data-end=\"1658\">Cycle de vie<\/strong>: 10 000+ insertions<\/p>\n<\/li>\n<li class=\"\" data-start=\"1681\" data-end=\"1757\">\n<p class=\"\" data-start=\"1683\" data-end=\"1757\"><strong data-start=\"1683\" data-end=\"1700\">Personnalisation<\/strong>: Disponible pour le diam\u00e8tre, la longueur, le style de poign\u00e9e, le type d'anneau<\/p>\n<\/li>\n<\/ul>\n<p class=\"\" data-start=\"1759\" data-end=\"1839\">Dessins personnalis\u00e9s, gravure de logo au laser et options de c\u00e2ble anti-remous disponibles.<\/p>\n<hr class=\"\" data-start=\"1841\" data-end=\"1844\" \/>\n<h2 class=\"\" data-start=\"1846\" data-end=\"1863\">\u2705 Applications<\/h2>\n<ul data-start=\"1865\" data-end=\"2058\">\n<li class=\"\" data-start=\"1865\" data-end=\"1892\">\n<p class=\"\" data-start=\"1867\" data-end=\"1892\">Verrouillage des montages et des gabarits<\/p>\n<\/li>\n<li class=\"\" data-start=\"1893\" data-end=\"1921\">\n<p class=\"\" data-start=\"1895\" data-end=\"1921\">Fermetures de panneaux et de trappes<\/p>\n<\/li>\n<li class=\"\" data-start=\"1922\" data-end=\"1953\">\n<p class=\"\" data-start=\"1924\" data-end=\"1953\">Assemblages de bateaux et de remorques<\/p>\n<\/li>\n<li class=\"\" data-start=\"1954\" data-end=\"1985\">\n<p class=\"\" data-start=\"1956\" data-end=\"1985\">Composants de bricolage et de quincaillerie<\/p>\n<\/li>\n<li class=\"\" data-start=\"1986\" data-end=\"2021\">\n<p class=\"\" data-start=\"1988\" data-end=\"2021\">Installations de laboratoire ou d'automatisation<\/p>\n<\/li>\n<li class=\"\" data-start=\"2022\" data-end=\"2058\">\n<p class=\"\" data-start=\"2024\" data-end=\"2058\">Syst\u00e8mes de verrouillage de s\u00e9curit\u00e9 l\u00e9gers<\/p>\n<\/li>\n<\/ul>\n<hr class=\"\" data-start=\"2060\" data-end=\"2063\" \/>\n<h2 class=\"\" data-start=\"2065\" data-end=\"2089\">\u2705 Caract\u00e9ristiques et avantages<\/h2>\n<ul data-start=\"2091\" data-end=\"2347\">\n<li class=\"\" data-start=\"2091\" data-end=\"2142\">\n<p class=\"\" data-start=\"2093\" data-end=\"2142\">M\u00e9canisme de verrouillage simple et s\u00fbr \u00e0 une bille<\/p>\n<\/li>\n<li class=\"\" data-start=\"2143\" data-end=\"2186\">\n<p class=\"\" data-start=\"2145\" data-end=\"2186\">Fixation rapide sans outil<\/p>\n<\/li>\n<li class=\"\" data-start=\"2187\" data-end=\"2248\">\n<p class=\"\" data-start=\"2189\" data-end=\"2248\">Fabriqu\u00e9 en acier inoxydable 304 pour r\u00e9sister \u00e0 la corrosion<\/p>\n<\/li>\n<li class=\"\" data-start=\"2249\" data-end=\"2302\">\n<p class=\"\" data-start=\"2251\" data-end=\"2302\">Id\u00e9al pour l'alignement \u00e0 faible charge ou le verrouillage de s\u00e9curit\u00e9<\/p>\n<\/li>\n<li class=\"\" data-start=\"2303\" data-end=\"2347\">\n<p class=\"\" data-start=\"2305\" data-end=\"2347\">Dimensionnement sur mesure et support OEM disponibles<\/p>\n<\/li>\n<\/ul>\n<hr class=\"\" data-start=\"2349\" data-end=\"2352\" \/>\n<h2 class=\"\" data-start=\"2354\" data-end=\"2379\">\u2705 Informations sur la commande<\/h2>\n<p class=\"\" data-start=\"2381\" data-end=\"2434\">Veuillez fournir les informations suivantes lors de votre demande de renseignements :<\/p>\n<ul data-start=\"2435\" data-end=\"2580\">\n<li class=\"\" data-start=\"2435\" data-end=\"2464\">\n<p class=\"\" data-start=\"2437\" data-end=\"2464\">Diam\u00e8tre de la broche (par exemple, 6 mm)<\/p>\n<\/li>\n<li class=\"\" data-start=\"2465\" data-end=\"2504\">\n<p class=\"\" data-start=\"2467\" data-end=\"2504\">Longueur de la poign\u00e9e ou longueur utile (par exemple, 40 mm)<\/p>\n<\/li>\n<li class=\"\" data-start=\"2505\" data-end=\"2517\">\n<p class=\"\" data-start=\"2507\" data-end=\"2517\">Quantit\u00e9<\/p>\n<\/li>\n<li class=\"\" data-start=\"2518\" data-end=\"2580\">\n<p class=\"\" data-start=\"2520\" data-end=\"2580\">Caract\u00e9ristiques optionnelles : logo laser, c\u00e2ble antiperte, anneau color\u00e9<\/p>\n<\/li>\n<\/ul>","protected":false},"excerpt":{"rendered":"<p><strong>Goupilles de poign\u00e9e \u00e0 d\u00e9gagement rapide Ryobi Link durables\u00a0<\/strong>avec poign\u00e9e \u00e0 anneau et bille de verrouillage \u00e0 ressort. Id\u00e9al pour l'alignement, le verrouillage des fixations et les assemblages \u00e0 changement rapide. <strong data-start=\"483\" data-end=\"556\">Le mat\u00e9riau et la taille peuvent \u00eatre personnalis\u00e9s en fonction de vos sp\u00e9cifications.<\/strong><\/p>","protected":false},"featured_media":1798,"comment_status":"closed","ping_status":"closed","template":"","meta":{"site-sidebar-layout":"default","site-content-layout":"","ast-site-content-layout":"default","site-content-style":"default","site-sidebar-style":"default","ast-global-header-display":"","ast-banner-title-visibility":"","ast-main-header-display":"","ast-hfb-above-header-display":"","ast-hfb-below-header-display":"","ast-hfb-mobile-header-display":"","site-post-title":"","ast-breadcrumbs-content":"","ast-featured-img":"","footer-sml-layout":"","ast-disable-related-posts":"","theme-transparent-header-meta":"default","adv-header-id-meta":"","stick-header-meta":"","header-above-stick-meta":"","header-main-stick-meta":"","header-below-stick-meta":"","astra-migrate-meta-layouts":"set","ast-page-background-enabled":"default","ast-page-background-meta":{"desktop":{"background-color":"var(--ast-global-color-4)","background-image":"","background-repeat":"repeat","background-position":"center center","background-size":"auto","background-attachment":"scroll","background-type":"","background-media":"","overlay-type":"","overlay-color":"","overlay-opacity":"","overlay-gradient":""},"tablet":{"background-color":"","background-image":"","background-repeat":"repeat","background-position":"center center","background-size":"auto","background-attachment":"scroll","background-type":"","background-media":"","overlay-type":"","overlay-color":"","overlay-opacity":"","overlay-gradient":""},"mobile":{"background-color":"","background-image":"","background-repeat":"repeat","background-position":"center center","background-size":"auto","background-attachment":"scroll","background-type":"","background-media":"","overlay-type":"","overlay-color":"","overlay-opacity":"","overlay-gradient":""}},"ast-content-background-meta":{"desktop":{"background-color":"var(--ast-global-color-5)","background-image":"","background-repeat":"repeat","background-position":"center center","background-size":"auto","background-attachment":"scroll","background-type":"","background-media":"","overlay-type":"","overlay-color":"","overlay-opacity":"","overlay-gradient":""},"tablet":{"background-color":"var(--ast-global-color-5)","background-image":"","background-repeat":"repeat","background-position":"center center","background-size":"auto","background-attachment":"scroll","background-type":"","background-media":"","overlay-type":"","overlay-color":"","overlay-opacity":"","overlay-gradient":""},"mobile":{"background-color":"var(--ast-global-color-5)","background-image":"","background-repeat":"repeat","background-position":"center center","background-size":"auto","background-attachment":"scroll","background-type":"","background-media":"","overlay-type":"","overlay-color":"","overlay-opacity":"","overlay-gradient":""}}},"product_brand":[],"product_cat":[159],"product_tag":[],"class_list":{"0":"post-1674","1":"product","2":"type-product","3":"status-publish","4":"has-post-thumbnail","6":"product_cat-quick-release-pin","8":"first","9":"instock","10":"shipping-taxable","11":"product-type-simple"},"_links":{"self":[{"href":"https:\/\/www.sknfastener.com\/fr\/wp-json\/wp\/v2\/product\/1674","targetHints":{"allow":["GET"]}}],"collection":[{"href":"https:\/\/www.sknfastener.com\/fr\/wp-json\/wp\/v2\/product"}],"about":[{"href":"https:\/\/www.sknfastener.com\/fr\/wp-json\/wp\/v2\/types\/product"}],"replies":[{"embeddable":true,"href":"https:\/\/www.sknfastener.com\/fr\/wp-json\/wp\/v2\/comments?post=1674"}],"version-history":[{"count":1,"href":"https:\/\/www.sknfastener.com\/fr\/wp-json\/wp\/v2\/product\/1674\/revisions"}],"predecessor-version":[{"id":1834,"href":"https:\/\/www.sknfastener.com\/fr\/wp-json\/wp\/v2\/product\/1674\/revisions\/1834"}],"wp:featuredmedia":[{"embeddable":true,"href":"https:\/\/www.sknfastener.com\/fr\/wp-json\/wp\/v2\/media\/1798"}],"wp:attachment":[{"href":"https:\/\/www.sknfastener.com\/fr\/wp-json\/wp\/v2\/media?parent=1674"}],"wp:term":[{"taxonomy":"product_brand","embeddable":true,"href":"https:\/\/www.sknfastener.com\/fr\/wp-json\/wp\/v2\/product_brand?post=1674"},{"taxonomy":"product_cat","embeddable":true,"href":"https:\/\/www.sknfastener.com\/fr\/wp-json\/wp\/v2\/product_cat?post=1674"},{"taxonomy":"product_tag","embeddable":true,"href":"https:\/\/www.sknfastener.com\/fr\/wp-json\/wp\/v2\/product_tag?post=1674"}],"curies":[{"name":"wp","href":"https:\/\/api.w.org\/{rel}","templated":true}]}}