{"id":1688,"date":"2025-05-15T09:01:53","date_gmt":"2025-05-15T09:01:53","guid":{"rendered":"https:\/\/www.sknfastener.com\/?post_type=product&#038;p=1688"},"modified":"2025-05-18T12:31:21","modified_gmt":"2025-05-18T04:31:21","slug":"quick-release-pin-push-button","status":"publish","type":"product","link":"https:\/\/www.sknfastener.com\/fr\/produit\/quick-release-pin-push-button\/","title":{"rendered":"Bouton-poussoir de la goupille de d\u00e9gagement rapide"},"content":{"rendered":"<p><strong>Bouton-poussoir de la goupille de d\u00e9gagement rapide<\/strong> offrent une solution de verrouillage s\u00fbre et efficace pour les environnements d'assemblage, d'outillage et de machinerie. La conception comporte un <strong data-start=\"771\" data-end=\"800\">arbre en acier inoxydable 304<\/strong>, a <strong data-start=\"804\" data-end=\"849\">m\u00e9canisme de verrouillage \u00e0 double bille et \u00e0 ressort<\/strong>et un <strong data-start=\"857\" data-end=\"885\">poign\u00e9e en T en plastique durable<\/strong> avec bouton de d\u00e9clenchement int\u00e9gr\u00e9.<\/p>\n<p class=\"\" data-start=\"919\" data-end=\"1227\">Pour l'utiliser, il suffit d'appuyer sur le bouton sup\u00e9rieur pour r\u00e9tracter les billes de verrouillage, ce qui permet \u00e0 la goupille de glisser facilement en position. En rel\u00e2chant le bouton, les billes s'enclenchent, ce qui permet d'obtenir un effet de levier. <strong data-start=\"1089\" data-end=\"1106\">verrouillage positif<\/strong> \u00e0 l'int\u00e9rieur du trou d'accouplement. La forme intuitive de la poign\u00e9e garantit <strong data-start=\"1166\" data-end=\"1196\">utilisation confortable d'une seule main<\/strong>m\u00eame dans les espaces de travail restreints.<\/p>\n<p class=\"\" data-start=\"1229\" data-end=\"1372\">Ce produit est id\u00e9al pour <strong data-start=\"1255\" data-end=\"1291\">fixation \u00e0 cycle \u00e9lev\u00e9 et r\u00e9p\u00e9table<\/strong> dans les plaques de fixation modulaires, les composants d'automatisation et les assemblages de cadres portables.<\/p>\n<h2 class=\"\" data-start=\"1379\" data-end=\"1408\">\u2705 Mat\u00e9riaux et construction<\/h2>\n<div class=\"_tableContainer_16hzy_1\">\n<div class=\"_tableWrapper_16hzy_14 group flex w-fit flex-col-reverse\" tabindex=\"-1\">\n<table class=\"w-fit min-w-(--thread-content-width)\" data-start=\"1410\" data-end=\"1723\">\n<thead data-start=\"1410\" data-end=\"1446\">\n<tr data-start=\"1410\" data-end=\"1446\">\n<th data-start=\"1410\" data-end=\"1422\" data-col-size=\"sm\">Composant<\/th>\n<th data-start=\"1422\" data-end=\"1446\" data-col-size=\"sm\">Mat\u00e9riau<\/th>\n<\/tr>\n<\/thead>\n<tbody data-start=\"1484\" data-end=\"1723\">\n<tr data-start=\"1484\" data-end=\"1518\">\n<td data-start=\"1484\" data-end=\"1495\" data-col-size=\"sm\">\u00c9pingle<\/td>\n<td data-col-size=\"sm\" data-start=\"1495\" data-end=\"1518\">Acier inoxydable 304<\/td>\n<\/tr>\n<tr data-start=\"1519\" data-end=\"1553\">\n<td data-start=\"1519\" data-end=\"1530\" data-col-size=\"sm\">Printemps<\/td>\n<td data-start=\"1530\" data-end=\"1553\" data-col-size=\"sm\">Acier inoxydable 304<\/td>\n<\/tr>\n<tr data-start=\"1554\" data-end=\"1593\">\n<td data-start=\"1554\" data-end=\"1565\" data-col-size=\"sm\">Balles<\/td>\n<td data-start=\"1565\" data-end=\"1593\" data-col-size=\"sm\">Acier inoxydable tremp\u00e9<\/td>\n<\/tr>\n<tr data-start=\"1594\" data-end=\"1635\">\n<td data-start=\"1594\" data-end=\"1605\" data-col-size=\"sm\">Poign\u00e9e<\/td>\n<td data-col-size=\"sm\" data-start=\"1605\" data-end=\"1635\">Plastique renforc\u00e9 (noir)<\/td>\n<\/tr>\n<tr data-start=\"1636\" data-end=\"1680\">\n<td data-start=\"1636\" data-end=\"1647\" data-col-size=\"sm\">Bouton<\/td>\n<td data-col-size=\"sm\" data-start=\"1647\" data-end=\"1680\">Plastique haute visibilit\u00e9 (rouge)<\/td>\n<\/tr>\n<tr data-start=\"1681\" data-end=\"1723\">\n<td data-start=\"1681\" data-end=\"1697\" data-col-size=\"sm\">Anneau optionnel<\/td>\n<td data-col-size=\"sm\" data-start=\"1697\" data-end=\"1723\">Acier inoxydable (sur mesure)<\/td>\n<\/tr>\n<\/tbody>\n<\/table>\n<div class=\"sticky end-(--thread-content-margin) h-0 self-end select-none\">\n<div class=\"absolute end-0 flex items-end\"><\/div>\n<\/div>\n<\/div>\n<\/div>\n<hr class=\"\" data-start=\"1725\" data-end=\"1728\" \/>\n<h2 class=\"\" data-start=\"1730\" data-end=\"1760\">\u2705 Dimensions disponibles (mm)<\/h2>\n<div class=\"_tableContainer_16hzy_1\">\n<div class=\"_tableWrapper_16hzy_14 group flex w-fit flex-col-reverse\" tabindex=\"-1\">\n<table class=\"w-fit min-w-(--thread-content-width)\" data-start=\"1762\" data-end=\"2444\">\n<thead data-start=\"1762\" data-end=\"1844\">\n<tr data-start=\"1762\" data-end=\"1844\">\n<th data-start=\"1762\" data-end=\"1770\" data-col-size=\"sm\">Mod\u00e8le<\/th>\n<th data-start=\"1770\" data-end=\"1783\" data-col-size=\"sm\">Diam\u00e8tre A<\/th>\n<th data-start=\"1783\" data-end=\"1809\" data-col-size=\"sm\">Longueur de la poign\u00e9e (L) Options<\/th>\n<th data-start=\"1809\" data-end=\"1817\" data-col-size=\"sm\">B<\/th>\n<th data-start=\"1817\" data-end=\"1825\" data-col-size=\"sm\">C<\/th>\n<th data-start=\"1825\" data-end=\"1832\" data-col-size=\"sm\">D<\/th>\n<th data-start=\"1832\" data-end=\"1837\" data-col-size=\"sm\">E<\/th>\n<th data-start=\"1837\" data-end=\"1844\" data-col-size=\"sm\">H<\/th>\n<\/tr>\n<\/thead>\n<tbody data-start=\"1929\" data-end=\"2444\">\n<tr data-start=\"1929\" data-end=\"2014\">\n<td data-start=\"1929\" data-end=\"1937\" data-col-size=\"sm\">5<\/td>\n<td data-col-size=\"sm\" data-start=\"1937\" data-end=\"1950\">4.92-4.96<\/td>\n<td data-col-size=\"sm\" data-start=\"1950\" data-end=\"1978\">10, 15, 20, 25<\/td>\n<td data-col-size=\"sm\" data-start=\"1978\" data-end=\"1986\">5.23<\/td>\n<td data-col-size=\"sm\" data-start=\"1986\" data-end=\"1994\">8.36<\/td>\n<td data-col-size=\"sm\" data-start=\"1994\" data-end=\"2001\">36<\/td>\n<td data-col-size=\"sm\" data-start=\"2001\" data-end=\"2006\">16<\/td>\n<td data-col-size=\"sm\" data-start=\"2006\" data-end=\"2014\">32.5<\/td>\n<\/tr>\n<tr data-start=\"2015\" data-end=\"2100\">\n<td data-start=\"2015\" data-end=\"2023\" data-col-size=\"sm\">6<\/td>\n<td data-col-size=\"sm\" data-start=\"2023\" data-end=\"2036\">5.92-5.96<\/td>\n<td data-col-size=\"sm\" data-start=\"2036\" data-end=\"2064\">30, 35, 40, 45<\/td>\n<td data-col-size=\"sm\" data-start=\"2064\" data-end=\"2072\">6.88<\/td>\n<td data-col-size=\"sm\" data-start=\"2072\" data-end=\"2080\">8.74<\/td>\n<td data-col-size=\"sm\" data-start=\"2080\" data-end=\"2087\">38<\/td>\n<td data-col-size=\"sm\" data-start=\"2087\" data-end=\"2092\">16<\/td>\n<td data-col-size=\"sm\" data-start=\"2092\" data-end=\"2100\">32.5<\/td>\n<\/tr>\n<tr data-start=\"2101\" data-end=\"2186\">\n<td data-start=\"2101\" data-end=\"2109\" data-col-size=\"sm\">8<\/td>\n<td data-start=\"2109\" data-end=\"2122\" data-col-size=\"sm\">7.92-7.96<\/td>\n<td data-col-size=\"sm\" data-start=\"2122\" data-end=\"2150\">50, 55, 60, 65<\/td>\n<td data-col-size=\"sm\" data-start=\"2150\" data-end=\"2158\">9.35<\/td>\n<td data-col-size=\"sm\" data-start=\"2158\" data-end=\"2166\">9.12<\/td>\n<td data-col-size=\"sm\" data-start=\"2166\" data-end=\"2173\">38<\/td>\n<td data-col-size=\"sm\" data-start=\"2173\" data-end=\"2178\">17<\/td>\n<td data-col-size=\"sm\" data-start=\"2178\" data-end=\"2186\">35<\/td>\n<\/tr>\n<tr data-start=\"2187\" data-end=\"2272\">\n<td data-start=\"2187\" data-end=\"2195\" data-col-size=\"sm\">10<\/td>\n<td data-start=\"2195\" data-end=\"2208\" data-col-size=\"sm\">9.92-9.96<\/td>\n<td data-col-size=\"sm\" data-start=\"2208\" data-end=\"2236\">55, 60, 65<\/td>\n<td data-col-size=\"sm\" data-start=\"2236\" data-end=\"2244\">11.58<\/td>\n<td data-col-size=\"sm\" data-start=\"2244\" data-end=\"2252\">9.90<\/td>\n<td data-col-size=\"sm\" data-start=\"2252\" data-end=\"2259\">40<\/td>\n<td data-col-size=\"sm\" data-start=\"2259\" data-end=\"2264\">17<\/td>\n<td data-col-size=\"sm\" data-start=\"2264\" data-end=\"2272\">35<\/td>\n<\/tr>\n<tr data-start=\"2273\" data-end=\"2358\">\n<td data-start=\"2273\" data-end=\"2281\" data-col-size=\"sm\">12<\/td>\n<td data-start=\"2281\" data-end=\"2294\" data-col-size=\"sm\">11.92-11.96<\/td>\n<td data-col-size=\"sm\" data-start=\"2294\" data-end=\"2322\">70, 75, 80, 85<\/td>\n<td data-col-size=\"sm\" data-start=\"2322\" data-end=\"2330\">13.84<\/td>\n<td data-col-size=\"sm\" data-start=\"2330\" data-end=\"2338\">13.11<\/td>\n<td data-col-size=\"sm\" data-start=\"2338\" data-end=\"2345\">47<\/td>\n<td data-col-size=\"sm\" data-start=\"2345\" data-end=\"2350\">20<\/td>\n<td data-col-size=\"sm\" data-start=\"2350\" data-end=\"2358\">40<\/td>\n<\/tr>\n<tr data-start=\"2359\" data-end=\"2444\">\n<td data-start=\"2359\" data-end=\"2367\" data-col-size=\"sm\">16<\/td>\n<td data-col-size=\"sm\" data-start=\"2367\" data-end=\"2380\">15.92-15.96<\/td>\n<td data-col-size=\"sm\" data-start=\"2380\" data-end=\"2408\">90, 95, 100<\/td>\n<td data-col-size=\"sm\" data-start=\"2408\" data-end=\"2416\">18.54<\/td>\n<td data-col-size=\"sm\" data-start=\"2416\" data-end=\"2424\">17.07<\/td>\n<td data-col-size=\"sm\" data-start=\"2424\" data-end=\"2431\">47<\/td>\n<td data-col-size=\"sm\" data-start=\"2431\" data-end=\"2436\">23<\/td>\n<td data-col-size=\"sm\" data-start=\"2436\" data-end=\"2444\">40<\/td>\n<\/tr>\n<\/tbody>\n<\/table>\n<div class=\"sticky end-(--thread-content-margin) h-0 self-end select-none\">\n<div class=\"absolute end-0 flex items-end\"><\/div>\n<\/div>\n<\/div>\n<\/div>\n<p class=\"\" data-start=\"2446\" data-end=\"2500\"><em data-start=\"2449\" data-end=\"2500\">Tol\u00e9rances : A = -0,08 \/ -0,04 mm ; L = +0,5 \/ 0 mm<\/em><\/p>\n<p class=\"\" data-start=\"2502\" data-end=\"2573\">Des diam\u00e8tres, longueurs ou couleurs de boutons personnalis\u00e9s sont disponibles sur demande.<\/p>\n<hr class=\"\" data-start=\"2575\" data-end=\"2578\" \/>\n<h2 class=\"\" data-start=\"2580\" data-end=\"2603\">\u2705 Champs d'application<\/h2>\n<ul data-start=\"2605\" data-end=\"2798\">\n<li class=\"\" data-start=\"2605\" data-end=\"2640\">\n<p class=\"\" data-start=\"2607\" data-end=\"2640\">Syst\u00e8mes modulaires de gabarits et de fixations<\/p>\n<\/li>\n<li class=\"\" data-start=\"2641\" data-end=\"2677\">\n<p class=\"\" data-start=\"2643\" data-end=\"2677\">Outillage et machines de production<\/p>\n<\/li>\n<li class=\"\" data-start=\"2678\" data-end=\"2711\">\n<p class=\"\" data-start=\"2680\" data-end=\"2711\">Cadres d'\u00e9quipement \u00e0 changement rapide<\/p>\n<\/li>\n<li class=\"\" data-start=\"2712\" data-end=\"2755\">\n<p class=\"\" data-start=\"2714\" data-end=\"2755\">Sous-ensembles pour l'a\u00e9rospatiale et l'automobile<\/p>\n<\/li>\n<li class=\"\" data-start=\"2756\" data-end=\"2798\">\n<p class=\"\" data-start=\"2758\" data-end=\"2798\">Effecteurs de robot et syst\u00e8mes de protection<\/p>\n<\/li>\n<\/ul>\n<hr class=\"\" data-start=\"2800\" data-end=\"2803\" \/>\n<h2 class=\"\" data-start=\"2805\" data-end=\"2822\">\u2705 Caract\u00e9ristiques principales<\/h2>\n<ul data-start=\"2824\" data-end=\"3209\">\n<li class=\"\" data-start=\"2824\" data-end=\"2889\">\n<p class=\"\" data-start=\"2826\" data-end=\"2889\">\u2705 <strong data-start=\"2828\" data-end=\"2859\">Actionnement rapide par bouton-poussoir<\/strong> pour une insertion et une lib\u00e9ration rapides<\/p>\n<\/li>\n<li class=\"\" data-start=\"2890\" data-end=\"2956\">\n<p class=\"\" data-start=\"2892\" data-end=\"2956\"><strong data-start=\"2895\" data-end=\"2930\">Verrouillage \u00e0 double bille ajust\u00e9 avec pr\u00e9cision<\/strong> pour un engagement positif<\/p>\n<\/li>\n<li class=\"\" data-start=\"2957\" data-end=\"3014\">\n<p class=\"\" data-start=\"2959\" data-end=\"3014\">\ufe0f <strong data-start=\"2963\" data-end=\"3012\">Arbre en acier inoxydable 304 r\u00e9sistant \u00e0 la corrosion<\/strong><\/p>\n<\/li>\n<li class=\"\" data-start=\"3015\" data-end=\"3080\">\n<p class=\"\" data-start=\"3017\" data-end=\"3080\"><strong data-start=\"3020\" data-end=\"3050\">Poign\u00e9e en T ergonomique en plastique<\/strong> pour le confort et la s\u00e9curit\u00e9 de la prise<\/p>\n<\/li>\n<li class=\"\" data-start=\"3081\" data-end=\"3131\">\n<p class=\"\" data-start=\"3083\" data-end=\"3131\"><strong data-start=\"3086\" data-end=\"3129\">Disponible en plusieurs tailles et longueurs<\/strong><\/p>\n<\/li>\n<li class=\"\" data-start=\"3132\" data-end=\"3209\">\n<p class=\"\" data-start=\"3134\" data-end=\"3209\">\ufe0f <strong data-start=\"3138\" data-end=\"3173\">Possibilit\u00e9 de personnalisation OEM\/ODM<\/strong> (gravure, emballage, accessoires)<\/p>\n<\/li>\n<\/ul>\n<hr class=\"\" data-start=\"3211\" data-end=\"3214\" \/>\n<h2 class=\"\" data-start=\"3216\" data-end=\"3235\">\u2705 Guide de commande<\/h2>\n<p class=\"\" data-start=\"3237\" data-end=\"3290\">Veuillez fournir les informations suivantes lors de votre demande de devis :<\/p>\n<ul data-start=\"3291\" data-end=\"3446\">\n<li class=\"\" data-start=\"3291\" data-end=\"3320\">\n<p class=\"\" data-start=\"3293\" data-end=\"3320\">Diam\u00e8tre de la broche (par exemple, 8 mm)<\/p>\n<\/li>\n<li class=\"\" data-start=\"3321\" data-end=\"3347\">\n<p class=\"\" data-start=\"3323\" data-end=\"3347\">Longueur utile de la poign\u00e9e (L)<\/p>\n<\/li>\n<li class=\"\" data-start=\"3348\" data-end=\"3360\">\n<p class=\"\" data-start=\"3350\" data-end=\"3360\">Quantit\u00e9<\/p>\n<\/li>\n<li class=\"\" data-start=\"3361\" data-end=\"3408\">\n<p class=\"\" data-start=\"3363\" data-end=\"3408\">Gestion de la personnalisation des couleurs ou du logo (le cas \u00e9ch\u00e9ant)<\/p>\n<\/li>\n<li class=\"\" data-start=\"3409\" data-end=\"3446\">\n<p class=\"\" data-start=\"3411\" data-end=\"3446\">Besoins particuliers en mati\u00e8re d'emballage ou d'\u00e9tiquetage<\/p>\n<\/li>\n<\/ul>","protected":false},"excerpt":{"rendered":"<p><strong>Goupille de d\u00e9verrouillage rapide Fonctionnement par bouton-poussoir<\/strong>La tige est en acier inoxydable 304 et la poign\u00e9e est en plastique renforc\u00e9. Id\u00e9al pour les fixations modulaires, les installations de machines et les lignes industrielles. <strong data-start=\"516\" data-end=\"574\">Les mat\u00e9riaux et les dimensions peuvent \u00eatre personnalis\u00e9s selon les besoins<\/strong><\/p>","protected":false},"featured_media":1790,"comment_status":"closed","ping_status":"closed","template":"","meta":{"site-sidebar-layout":"default","site-content-layout":"","ast-site-content-layout":"default","site-content-style":"default","site-sidebar-style":"default","ast-global-header-display":"","ast-banner-title-visibility":"","ast-main-header-display":"","ast-hfb-above-header-display":"","ast-hfb-below-header-display":"","ast-hfb-mobile-header-display":"","site-post-title":"","ast-breadcrumbs-content":"","ast-featured-img":"","footer-sml-layout":"","ast-disable-related-posts":"","theme-transparent-header-meta":"default","adv-header-id-meta":"","stick-header-meta":"","header-above-stick-meta":"","header-main-stick-meta":"","header-below-stick-meta":"","astra-migrate-meta-layouts":"set","ast-page-background-enabled":"default","ast-page-background-meta":{"desktop":{"background-color":"var(--ast-global-color-4)","background-image":"","background-repeat":"repeat","background-position":"center center","background-size":"auto","background-attachment":"scroll","background-type":"","background-media":"","overlay-type":"","overlay-color":"","overlay-opacity":"","overlay-gradient":""},"tablet":{"background-color":"","background-image":"","background-repeat":"repeat","background-position":"center center","background-size":"auto","background-attachment":"scroll","background-type":"","background-media":"","overlay-type":"","overlay-color":"","overlay-opacity":"","overlay-gradient":""},"mobile":{"background-color":"","background-image":"","background-repeat":"repeat","background-position":"center center","background-size":"auto","background-attachment":"scroll","background-type":"","background-media":"","overlay-type":"","overlay-color":"","overlay-opacity":"","overlay-gradient":""}},"ast-content-background-meta":{"desktop":{"background-color":"var(--ast-global-color-5)","background-image":"","background-repeat":"repeat","background-position":"center center","background-size":"auto","background-attachment":"scroll","background-type":"","background-media":"","overlay-type":"","overlay-color":"","overlay-opacity":"","overlay-gradient":""},"tablet":{"background-color":"var(--ast-global-color-5)","background-image":"","background-repeat":"repeat","background-position":"center center","background-size":"auto","background-attachment":"scroll","background-type":"","background-media":"","overlay-type":"","overlay-color":"","overlay-opacity":"","overlay-gradient":""},"mobile":{"background-color":"var(--ast-global-color-5)","background-image":"","background-repeat":"repeat","background-position":"center center","background-size":"auto","background-attachment":"scroll","background-type":"","background-media":"","overlay-type":"","overlay-color":"","overlay-opacity":"","overlay-gradient":""}}},"product_brand":[],"product_cat":[159],"product_tag":[],"class_list":{"0":"post-1688","1":"product","2":"type-product","3":"status-publish","4":"has-post-thumbnail","6":"product_cat-quick-release-pin","8":"first","9":"instock","10":"shipping-taxable","11":"product-type-simple"},"_links":{"self":[{"href":"https:\/\/www.sknfastener.com\/fr\/wp-json\/wp\/v2\/product\/1688","targetHints":{"allow":["GET"]}}],"collection":[{"href":"https:\/\/www.sknfastener.com\/fr\/wp-json\/wp\/v2\/product"}],"about":[{"href":"https:\/\/www.sknfastener.com\/fr\/wp-json\/wp\/v2\/types\/product"}],"replies":[{"embeddable":true,"href":"https:\/\/www.sknfastener.com\/fr\/wp-json\/wp\/v2\/comments?post=1688"}],"version-history":[{"count":1,"href":"https:\/\/www.sknfastener.com\/fr\/wp-json\/wp\/v2\/product\/1688\/revisions"}],"predecessor-version":[{"id":1832,"href":"https:\/\/www.sknfastener.com\/fr\/wp-json\/wp\/v2\/product\/1688\/revisions\/1832"}],"wp:featuredmedia":[{"embeddable":true,"href":"https:\/\/www.sknfastener.com\/fr\/wp-json\/wp\/v2\/media\/1790"}],"wp:attachment":[{"href":"https:\/\/www.sknfastener.com\/fr\/wp-json\/wp\/v2\/media?parent=1688"}],"wp:term":[{"taxonomy":"product_brand","embeddable":true,"href":"https:\/\/www.sknfastener.com\/fr\/wp-json\/wp\/v2\/product_brand?post=1688"},{"taxonomy":"product_cat","embeddable":true,"href":"https:\/\/www.sknfastener.com\/fr\/wp-json\/wp\/v2\/product_cat?post=1688"},{"taxonomy":"product_tag","embeddable":true,"href":"https:\/\/www.sknfastener.com\/fr\/wp-json\/wp\/v2\/product_tag?post=1688"}],"curies":[{"name":"wp","href":"https:\/\/api.w.org\/{rel}","templated":true}]}}