{"id":1706,"date":"2025-05-15T09:38:18","date_gmt":"2025-05-15T09:38:18","guid":{"rendered":"https:\/\/www.sknfastener.com\/?post_type=product&#038;p=1706"},"modified":"2025-05-20T20:38:13","modified_gmt":"2025-05-20T12:38:13","slug":"quick-release-blade-pin","status":"publish","type":"product","link":"https:\/\/www.sknfastener.com\/fr\/produit\/quick-release-blade-pin\/","title":{"rendered":"Goupille de lame \u00e0 d\u00e9gagement rapide"},"content":{"rendered":"<h2 class=\"\" data-start=\"586\" data-end=\"612\">Description de la goupille de lame \u00e0 d\u00e9gagement rapide<\/h2>\n<p class=\"\" data-start=\"614\" data-end=\"925\">Le pr\u00e9sent <strong>Goupille de lame \u00e0 d\u00e9gagement rapide<\/strong>\u00a0est con\u00e7u pour une fixation et un positionnement rapides et s\u00fbrs dans une large gamme d'applications industrielles et m\u00e9caniques. Fabriqu\u00e9 en <strong data-start=\"776\" data-end=\"799\">acier inoxydable 304<\/strong>Cette broche offre une excellente solidit\u00e9 et une grande r\u00e9sistance \u00e0 la corrosion, ce qui garantit des performances fiables, m\u00eame dans des environnements difficiles.<\/p>\n<p class=\"\" data-start=\"927\" data-end=\"1316\">L'\u00e9pingle est dot\u00e9e d'un <strong data-start=\"946\" data-end=\"992\">t\u00eate ronde plate avec bouton poussoir central<\/strong>qui active un m\u00e9canisme de verrouillage \u00e0 ressort. Lorsque l'on appuie sur le bouton, les billes de l'extr\u00e9mit\u00e9 se r\u00e9tractent, ce qui permet d'ins\u00e9rer ou de retirer la goupille d'un trou correspondant. Une fois rel\u00e2ch\u00e9es, les billes se dilatent pour verrouiller la goupille en toute s\u00e9curit\u00e9. Cette op\u00e9ration simple garantit <strong data-start=\"1268\" data-end=\"1315\">installation et retrait rapides sans outils<\/strong>.<\/p>\n<p class=\"\" data-start=\"1318\" data-end=\"1462\">Le produit est disponible en plusieurs diam\u00e8tres et longueurs de prise, et peut \u00eatre fourni avec ou sans anneau de cl\u00e9, selon les besoins de l'application.<\/p>\n<hr class=\"\" data-start=\"1464\" data-end=\"1467\" \/>\n<h2 class=\"\" data-start=\"1469\" data-end=\"1486\">\u2705 Applications<\/h2>\n<ul data-start=\"1488\" data-end=\"1746\">\n<li class=\"\" data-start=\"1488\" data-end=\"1534\">\n<p class=\"\" data-start=\"1490\" data-end=\"1534\">Fixations au sol et syst\u00e8mes d'outils pour l'a\u00e9rospatiale<\/p>\n<\/li>\n<li class=\"\" data-start=\"1535\" data-end=\"1581\">\n<p class=\"\" data-start=\"1537\" data-end=\"1581\">Machines industrielles et \u00e9quipements modulaires<\/p>\n<\/li>\n<li class=\"\" data-start=\"1582\" data-end=\"1609\">\n<p class=\"\" data-start=\"1584\" data-end=\"1609\">Verrouillage des gabarits et des fixations<\/p>\n<\/li>\n<li class=\"\" data-start=\"1610\" data-end=\"1655\">\n<p class=\"\" data-start=\"1612\" data-end=\"1655\">Cadres structurels et connexions de support<\/p>\n<\/li>\n<li class=\"\" data-start=\"1656\" data-end=\"1694\">\n<p class=\"\" data-start=\"1658\" data-end=\"1694\">Composants pour plates-formes marines et offshore<\/p>\n<\/li>\n<li class=\"\" data-start=\"1695\" data-end=\"1746\">\n<p class=\"\" data-start=\"1697\" data-end=\"1746\">Assemblages d'\u00e9nergie renouvelable (par exemple, turbines \u00e9oliennes)<\/p>\n<\/li>\n<\/ul>\n<hr class=\"\" data-start=\"1748\" data-end=\"1751\" \/>\n<h2 class=\"\" data-start=\"1753\" data-end=\"1772\">\u2705 Sp\u00e9cifications<\/h2>\n<div class=\"_tableContainer_16hzy_1\">\n<div class=\"_tableWrapper_16hzy_14 group flex w-fit flex-col-reverse\" tabindex=\"-1\">\n<table class=\"w-fit min-w-(--thread-content-width)\" data-start=\"1774\" data-end=\"2066\">\n<thead data-start=\"1774\" data-end=\"1816\">\n<tr data-start=\"1774\" data-end=\"1816\">\n<th data-start=\"1774\" data-end=\"1794\" data-col-size=\"sm\">Composant<\/th>\n<th data-start=\"1794\" data-end=\"1816\" data-col-size=\"sm\">Mat\u00e9riau<\/th>\n<\/tr>\n<\/thead>\n<tbody data-start=\"1859\" data-end=\"2066\">\n<tr data-start=\"1859\" data-end=\"1902\">\n<td data-start=\"1859\" data-end=\"1879\" data-col-size=\"sm\">Arbre \u00e0 goupilles<\/td>\n<td data-col-size=\"sm\" data-start=\"1879\" data-end=\"1902\">Acier inoxydable 304<\/td>\n<\/tr>\n<tr data-start=\"1903\" data-end=\"1944\">\n<td data-start=\"1903\" data-end=\"1925\" data-col-size=\"sm\">M\u00e9canisme de verrouillage \u00e0 bille<\/td>\n<td data-col-size=\"sm\" data-start=\"1925\" data-end=\"1944\">Acier inoxydable<\/td>\n<\/tr>\n<tr data-start=\"1945\" data-end=\"1984\">\n<td data-start=\"1945\" data-end=\"1965\" data-col-size=\"sm\">Ressort (interne)<\/td>\n<td data-start=\"1965\" data-end=\"1984\" data-col-size=\"sm\">Acier inoxydable<\/td>\n<\/tr>\n<tr data-start=\"1985\" data-end=\"2025\">\n<td data-start=\"1985\" data-end=\"2006\" data-col-size=\"sm\">T\u00eate de bouton<\/td>\n<td data-col-size=\"sm\" data-start=\"2006\" data-end=\"2025\">Acier inoxydable<\/td>\n<\/tr>\n<tr data-start=\"2026\" data-end=\"2066\">\n<td data-start=\"2026\" data-end=\"2047\" data-col-size=\"sm\">Anneau optionnel<\/td>\n<td data-start=\"2047\" data-end=\"2066\" data-col-size=\"sm\">Acier inoxydable<\/td>\n<\/tr>\n<\/tbody>\n<\/table>\n<div class=\"sticky end-(--thread-content-margin) h-0 self-end select-none\">\n<div class=\"absolute end-0 flex items-end\"><\/div>\n<\/div>\n<\/div>\n<\/div>\n<p class=\"\" data-start=\"2068\" data-end=\"2089\"><strong data-start=\"2068\" data-end=\"2086\">Gamme standard<\/strong>:<\/p>\n<ul data-start=\"2090\" data-end=\"2267\">\n<li class=\"\" data-start=\"2090\" data-end=\"2122\">\n<p class=\"\" data-start=\"2092\" data-end=\"2122\">Diam\u00e8tres des broches : 5 mm \u00e0 20 mm<\/p>\n<\/li>\n<li class=\"\" data-start=\"2123\" data-end=\"2158\">\n<p class=\"\" data-start=\"2125\" data-end=\"2158\">Longueurs utilisables : 10 mm \u00e0 150 mm<\/p>\n<\/li>\n<li class=\"\" data-start=\"2159\" data-end=\"2209\">\n<p class=\"\" data-start=\"2161\" data-end=\"2209\">T\u00eate : Style rond et plat avec bouton-poussoir central<\/p>\n<\/li>\n<li class=\"\" data-start=\"2210\" data-end=\"2267\">\n<p class=\"\" data-start=\"2212\" data-end=\"2267\">Anneau : Anneau de cl\u00e9 optionnel pour la commande manuelle ou la lani\u00e8re<\/p>\n<\/li>\n<\/ul>\n<p class=\"\" data-start=\"2269\" data-end=\"2335\">Les dessins personnalis\u00e9s sont accept\u00e9s pour les tailles ou les styles de t\u00eate non standard.<\/p>\n<hr class=\"\" data-start=\"2337\" data-end=\"2340\" \/>\n<h2 class=\"\" data-start=\"2342\" data-end=\"2359\">\u2705 Caract\u00e9ristiques principales<\/h2>\n<ul data-start=\"2361\" data-end=\"2672\">\n<li class=\"\" data-start=\"2361\" data-end=\"2424\">\n<p class=\"\" data-start=\"2363\" data-end=\"2424\"><strong data-start=\"2366\" data-end=\"2394\">D\u00e9clenchement de la boule par bouton-poussoir<\/strong> pour une utilisation rapide et sans outil<\/p>\n<\/li>\n<li class=\"\" data-start=\"2425\" data-end=\"2483\">\n<p class=\"\" data-start=\"2427\" data-end=\"2483\"><strong data-start=\"2430\" data-end=\"2456\">Verrouillage automatique de la bille<\/strong> assure une r\u00e9tention s\u00fbre<\/p>\n<\/li>\n<li class=\"\" data-start=\"2484\" data-end=\"2557\">\n<p class=\"\" data-start=\"2486\" data-end=\"2557\"><strong data-start=\"2489\" data-end=\"2512\">Acier inoxydable 304<\/strong> corps pour la solidit\u00e9 et la r\u00e9sistance \u00e0 la corrosion<\/p>\n<\/li>\n<li class=\"\" data-start=\"2558\" data-end=\"2611\">\n<p class=\"\" data-start=\"2560\" data-end=\"2611\">Id\u00e9al pour les cycles r\u00e9p\u00e9t\u00e9s de pose et de d\u00e9pose<\/p>\n<\/li>\n<li class=\"\" data-start=\"2612\" data-end=\"2672\">\n<p class=\"\" data-start=\"2614\" data-end=\"2672\">\u2699\ufe0f <strong data-start=\"2617\" data-end=\"2672\">Diam\u00e8tres et longueurs sur mesure disponibles sur demande<\/strong><\/p>\n<\/li>\n<\/ul>\n<hr class=\"\" data-start=\"2674\" data-end=\"2677\" \/>\n<h2 class=\"\" data-start=\"2679\" data-end=\"2704\">\u2705 Informations sur la commande<\/h2>\n<p class=\"\" data-start=\"2706\" data-end=\"2751\">Pour recevoir un devis ou un \u00e9chantillon, veuillez pr\u00e9ciser :<\/p>\n<ul data-start=\"2752\" data-end=\"2921\">\n<li class=\"\" data-start=\"2752\" data-end=\"2779\">\n<p class=\"\" data-start=\"2754\" data-end=\"2779\">Diam\u00e8tre (par exemple, \u00d810 mm)<\/p>\n<\/li>\n<li class=\"\" data-start=\"2780\" data-end=\"2827\">\n<p class=\"\" data-start=\"2782\" data-end=\"2827\">Longueur de la poign\u00e9e ou longueur totale (par exemple, 50 mm)<\/p>\n<\/li>\n<li class=\"\" data-start=\"2828\" data-end=\"2840\">\n<p class=\"\" data-start=\"2830\" data-end=\"2840\">Quantit\u00e9<\/p>\n<\/li>\n<li class=\"\" data-start=\"2841\" data-end=\"2874\">\n<p class=\"\" data-start=\"2843\" data-end=\"2874\">N\u00e9cessit\u00e9 d'une poign\u00e9e en forme d'anneau<\/p>\n<\/li>\n<li class=\"\" data-start=\"2875\" data-end=\"2921\">\n<p class=\"\" data-start=\"2877\" data-end=\"2921\">Exigences \u00e9ventuelles des OEM (par exemple, logo, emballage)<\/p>\n<\/li>\n<\/ul>","protected":false},"excerpt":{"rendered":"<p><strong>Goupille de lame \u00e0 d\u00e9gagement rapide<\/strong> Fiable et efficace gr\u00e2ce \u00e0 sa construction en acier inoxydable 304, sa t\u00eate \u00e0 bouton rond et sa poign\u00e9e \u00e0 anneau en option. Id\u00e9al pour un verrouillage et un alignement rapides dans les assemblages m\u00e9caniques et structurels. <strong data-start=\"526\" data-end=\"579\">Le mat\u00e9riau et la taille peuvent \u00eatre personnalis\u00e9s sur demande.<\/strong><\/p>","protected":false},"featured_media":1806,"comment_status":"closed","ping_status":"closed","template":"","meta":{"site-sidebar-layout":"default","site-content-layout":"","ast-site-content-layout":"default","site-content-style":"default","site-sidebar-style":"default","ast-global-header-display":"","ast-banner-title-visibility":"","ast-main-header-display":"","ast-hfb-above-header-display":"","ast-hfb-below-header-display":"","ast-hfb-mobile-header-display":"","site-post-title":"","ast-breadcrumbs-content":"","ast-featured-img":"","footer-sml-layout":"","ast-disable-related-posts":"","theme-transparent-header-meta":"default","adv-header-id-meta":"","stick-header-meta":"","header-above-stick-meta":"","header-main-stick-meta":"","header-below-stick-meta":"","astra-migrate-meta-layouts":"set","ast-page-background-enabled":"default","ast-page-background-meta":{"desktop":{"background-color":"var(--ast-global-color-4)","background-image":"","background-repeat":"repeat","background-position":"center center","background-size":"auto","background-attachment":"scroll","background-type":"","background-media":"","overlay-type":"","overlay-color":"","overlay-opacity":"","overlay-gradient":""},"tablet":{"background-color":"","background-image":"","background-repeat":"repeat","background-position":"center center","background-size":"auto","background-attachment":"scroll","background-type":"","background-media":"","overlay-type":"","overlay-color":"","overlay-opacity":"","overlay-gradient":""},"mobile":{"background-color":"","background-image":"","background-repeat":"repeat","background-position":"center center","background-size":"auto","background-attachment":"scroll","background-type":"","background-media":"","overlay-type":"","overlay-color":"","overlay-opacity":"","overlay-gradient":""}},"ast-content-background-meta":{"desktop":{"background-color":"var(--ast-global-color-5)","background-image":"","background-repeat":"repeat","background-position":"center center","background-size":"auto","background-attachment":"scroll","background-type":"","background-media":"","overlay-type":"","overlay-color":"","overlay-opacity":"","overlay-gradient":""},"tablet":{"background-color":"var(--ast-global-color-5)","background-image":"","background-repeat":"repeat","background-position":"center center","background-size":"auto","background-attachment":"scroll","background-type":"","background-media":"","overlay-type":"","overlay-color":"","overlay-opacity":"","overlay-gradient":""},"mobile":{"background-color":"var(--ast-global-color-5)","background-image":"","background-repeat":"repeat","background-position":"center center","background-size":"auto","background-attachment":"scroll","background-type":"","background-media":"","overlay-type":"","overlay-color":"","overlay-opacity":"","overlay-gradient":""}}},"product_brand":[],"product_cat":[159],"product_tag":[],"class_list":{"0":"post-1706","1":"product","2":"type-product","3":"status-publish","4":"has-post-thumbnail","6":"product_cat-quick-release-pin","8":"first","9":"instock","10":"shipping-taxable","11":"product-type-simple"},"_links":{"self":[{"href":"https:\/\/www.sknfastener.com\/fr\/wp-json\/wp\/v2\/product\/1706","targetHints":{"allow":["GET"]}}],"collection":[{"href":"https:\/\/www.sknfastener.com\/fr\/wp-json\/wp\/v2\/product"}],"about":[{"href":"https:\/\/www.sknfastener.com\/fr\/wp-json\/wp\/v2\/types\/product"}],"replies":[{"embeddable":true,"href":"https:\/\/www.sknfastener.com\/fr\/wp-json\/wp\/v2\/comments?post=1706"}],"version-history":[{"count":1,"href":"https:\/\/www.sknfastener.com\/fr\/wp-json\/wp\/v2\/product\/1706\/revisions"}],"predecessor-version":[{"id":1825,"href":"https:\/\/www.sknfastener.com\/fr\/wp-json\/wp\/v2\/product\/1706\/revisions\/1825"}],"wp:featuredmedia":[{"embeddable":true,"href":"https:\/\/www.sknfastener.com\/fr\/wp-json\/wp\/v2\/media\/1806"}],"wp:attachment":[{"href":"https:\/\/www.sknfastener.com\/fr\/wp-json\/wp\/v2\/media?parent=1706"}],"wp:term":[{"taxonomy":"product_brand","embeddable":true,"href":"https:\/\/www.sknfastener.com\/fr\/wp-json\/wp\/v2\/product_brand?post=1706"},{"taxonomy":"product_cat","embeddable":true,"href":"https:\/\/www.sknfastener.com\/fr\/wp-json\/wp\/v2\/product_cat?post=1706"},{"taxonomy":"product_tag","embeddable":true,"href":"https:\/\/www.sknfastener.com\/fr\/wp-json\/wp\/v2\/product_tag?post=1706"}],"curies":[{"name":"wp","href":"https:\/\/api.w.org\/{rel}","templated":true}]}}