{"id":1712,"date":"2025-05-15T09:45:32","date_gmt":"2025-05-15T09:45:32","guid":{"rendered":"https:\/\/www.sknfastener.com\/?post_type=product&#038;p=1712"},"modified":"2025-05-20T20:31:20","modified_gmt":"2025-05-20T12:31:20","slug":"ball-lock-pins-near-me","status":"publish","type":"product","link":"https:\/\/www.sknfastener.com\/fr\/produit\/ball-lock-pins-near-me\/","title":{"rendered":"Goupilles de verrouillage \u00e0 bille pr\u00e8s de chez moi"},"content":{"rendered":"<h2 class=\"\" data-start=\"552\" data-end=\"578\">\u2705 Goupilles de verrouillage \u00e0 bille pr\u00e8s de chez moi Description<\/h2>\n<p class=\"\" data-start=\"580\" data-end=\"847\">Le <strong data-start=\"584\" data-end=\"626\">Goupille de blocage rapide \u00e0 bille de la s\u00e9rie 301<\/strong> est con\u00e7u pour une fixation rapide et reproductible dans des environnements de travail exigeants. Dot\u00e9 d'un <strong data-start=\"719\" data-end=\"748\">arbre en acier inoxydable 304<\/strong>Cette goupille offre robustesse, r\u00e9sistance \u00e0 la corrosion et performances stables dans de nombreux secteurs d'activit\u00e9.<\/p>\n<p class=\"\" data-start=\"849\" data-end=\"1258\">Un bouton poussoir \u00e0 ressort situ\u00e9 sur le dessus permet de r\u00e9tracter facilement les billes de verrouillage, ce qui permet d'ins\u00e9rer ou de retirer la goupille en douceur. Une fois rel\u00e2ch\u00e9es, les billes durcies se verrouillent solidement en place. Les <strong data-start=\"1048\" data-end=\"1077\">poign\u00e9e ergonomique en aluminium<\/strong> offre une prise ferme, tandis que le <strong data-start=\"1110\" data-end=\"1153\">c\u00e2ble d'attache int\u00e9gr\u00e9 en acier inoxydable<\/strong> garantit que la goupille reste attach\u00e9e \u00e0 l'assemblage ou au cadre, \u00e9vitant ainsi toute perte pendant le fonctionnement ou le transport.<\/p>\n<p class=\"\" data-start=\"1260\" data-end=\"1413\">Cette s\u00e9rie prend en charge plusieurs diam\u00e8tres de broches et longueurs de pinces, ce qui la rend adapt\u00e9e aux fixations modulaires, aux gabarits, aux syst\u00e8mes a\u00e9rospatiaux, aux transports, etc.<\/p>\n<hr class=\"\" data-start=\"1415\" data-end=\"1418\" \/>\n<h2 class=\"\" data-start=\"1420\" data-end=\"1439\">\u2705 Applications<\/h2>\n<ul data-start=\"1441\" data-end=\"1699\">\n<li class=\"\" data-start=\"1441\" data-end=\"1480\">\n<p class=\"\" data-start=\"1443\" data-end=\"1480\">\u00c9quipement de manutention au sol pour l'a\u00e9rospatiale<\/p>\n<\/li>\n<li class=\"\" data-start=\"1481\" data-end=\"1519\">\n<p class=\"\" data-start=\"1483\" data-end=\"1519\">Gabarits et montages d'outils pour l'industrie automobile<\/p>\n<\/li>\n<li class=\"\" data-start=\"1520\" data-end=\"1544\">\n<p class=\"\" data-start=\"1522\" data-end=\"1544\">Accastillage marin<\/p>\n<\/li>\n<li class=\"\" data-start=\"1545\" data-end=\"1578\">\n<p class=\"\" data-start=\"1547\" data-end=\"1578\">Fixations de machines industrielles<\/p>\n<\/li>\n<li class=\"\" data-start=\"1579\" data-end=\"1617\">\n<p class=\"\" data-start=\"1581\" data-end=\"1617\">Plates-formes de maintenance des \u00e9oliennes<\/p>\n<\/li>\n<li class=\"\" data-start=\"1618\" data-end=\"1658\">\n<p class=\"\" data-start=\"1620\" data-end=\"1658\">Points de verrouillage des \u00e9chafaudages de construction<\/p>\n<\/li>\n<li class=\"\" data-start=\"1659\" data-end=\"1699\">\n<p class=\"\" data-start=\"1661\" data-end=\"1699\">Montage du panneau et fixation de la structure<\/p>\n<\/li>\n<\/ul>\n<hr class=\"\" data-start=\"1701\" data-end=\"1704\" \/>\n<h2 class=\"\" data-start=\"1706\" data-end=\"1735\">\u2705 Sp\u00e9cifications techniques<\/h2>\n<div class=\"_tableContainer_16hzy_1\">\n<div class=\"_tableWrapper_16hzy_14 group flex w-fit flex-col-reverse\" tabindex=\"-1\">\n<table class=\"w-fit min-w-(--thread-content-width)\" data-start=\"1737\" data-end=\"2094\">\n<thead data-start=\"1737\" data-end=\"1780\">\n<tr data-start=\"1737\" data-end=\"1780\">\n<th data-start=\"1737\" data-end=\"1757\" data-col-size=\"sm\">Composant<\/th>\n<th data-start=\"1757\" data-end=\"1780\" data-col-size=\"sm\">Mat\u00e9riau<\/th>\n<\/tr>\n<\/thead>\n<tbody data-start=\"1824\" data-end=\"2094\">\n<tr data-start=\"1824\" data-end=\"1866\">\n<td data-start=\"1824\" data-end=\"1843\" data-col-size=\"sm\">Arbre \u00e0 goupilles<\/td>\n<td data-col-size=\"sm\" data-start=\"1843\" data-end=\"1866\">Acier inoxydable 304<\/td>\n<\/tr>\n<tr data-start=\"1867\" data-end=\"1905\">\n<td data-start=\"1867\" data-end=\"1886\" data-col-size=\"sm\">Printemps<\/td>\n<td data-col-size=\"sm\" data-start=\"1886\" data-end=\"1905\">Acier inoxydable<\/td>\n<\/tr>\n<tr data-start=\"1906\" data-end=\"1937\">\n<td data-start=\"1906\" data-end=\"1925\" data-col-size=\"sm\">Poign\u00e9e<\/td>\n<td data-col-size=\"sm\" data-start=\"1925\" data-end=\"1937\">Aluminium<\/td>\n<\/tr>\n<tr data-start=\"1938\" data-end=\"1977\">\n<td data-start=\"1938\" data-end=\"1957\" data-col-size=\"sm\">Boules de verrouillage<\/td>\n<td data-col-size=\"sm\" data-start=\"1957\" data-end=\"1977\">Tremp\u00e9 SUS440C<\/td>\n<\/tr>\n<tr data-start=\"1978\" data-end=\"2016\">\n<td data-start=\"1978\" data-end=\"1997\" data-col-size=\"sm\">Bouton<\/td>\n<td data-col-size=\"sm\" data-start=\"1997\" data-end=\"2016\">Acier inoxydable<\/td>\n<\/tr>\n<tr data-start=\"2017\" data-end=\"2055\">\n<td data-start=\"2017\" data-end=\"2036\" data-col-size=\"sm\">C\u00e2ble d'attache<\/td>\n<td data-start=\"2036\" data-end=\"2055\" data-col-size=\"sm\">Acier inoxydable<\/td>\n<\/tr>\n<tr data-start=\"2056\" data-end=\"2094\">\n<td data-start=\"2056\" data-end=\"2075\" data-col-size=\"sm\">Anneau (optionnel)<\/td>\n<td data-col-size=\"sm\" data-start=\"2075\" data-end=\"2094\">Acier inoxydable<\/td>\n<\/tr>\n<\/tbody>\n<\/table>\n<div class=\"sticky end-(--thread-content-margin) h-0 self-end select-none\">\n<div class=\"absolute end-0 flex items-end\"><\/div>\n<\/div>\n<\/div>\n<\/div>\n<p class=\"\" data-start=\"2096\" data-end=\"2120\"><strong data-start=\"2096\" data-end=\"2120\">Dimensions standard :<\/strong><\/p>\n<div class=\"_tableContainer_16hzy_1\">\n<div class=\"_tableWrapper_16hzy_14 group flex w-fit flex-col-reverse\" tabindex=\"-1\">\n<table class=\"w-fit min-w-(--thread-content-width)\" data-start=\"2122\" data-end=\"3141\">\n<thead data-start=\"2122\" data-end=\"2223\">\n<tr data-start=\"2122\" data-end=\"2223\">\n<th data-start=\"2122\" data-end=\"2130\" data-col-size=\"sm\">Mod\u00e8le<\/th>\n<th data-start=\"2130\" data-end=\"2140\" data-col-size=\"sm\">\u00d8A (mm)<\/th>\n<th data-start=\"2140\" data-end=\"2159\" data-col-size=\"sm\">Longueur des poign\u00e9es (L)<\/th>\n<th data-start=\"2159\" data-end=\"2168\" data-col-size=\"sm\">B (mm)<\/th>\n<th data-start=\"2168\" data-end=\"2177\" data-col-size=\"sm\">C (mm)<\/th>\n<th data-start=\"2177\" data-end=\"2186\" data-col-size=\"sm\">D (mm)<\/th>\n<th data-start=\"2186\" data-end=\"2195\" data-col-size=\"sm\">E (mm)<\/th>\n<th data-start=\"2195\" data-end=\"2204\" data-col-size=\"sm\">G (mm)<\/th>\n<th data-start=\"2204\" data-end=\"2213\" data-col-size=\"sm\">H (mm)<\/th>\n<th data-start=\"2213\" data-end=\"2223\" data-col-size=\"sm\">J (mm)<\/th>\n<\/tr>\n<\/thead>\n<tbody data-start=\"2326\" data-end=\"3141\">\n<tr data-start=\"2326\" data-end=\"2427\">\n<td data-start=\"2326\" data-end=\"2334\" data-col-size=\"sm\">5<\/td>\n<td data-col-size=\"sm\" data-start=\"2334\" data-end=\"2344\">4.92<\/td>\n<td data-col-size=\"sm\" data-start=\"2344\" data-end=\"2363\">10-30<\/td>\n<td data-col-size=\"sm\" data-start=\"2363\" data-end=\"2372\">5.54<\/td>\n<td data-col-size=\"sm\" data-start=\"2372\" data-end=\"2381\">6<\/td>\n<td data-col-size=\"sm\" data-start=\"2381\" data-end=\"2390\">4<\/td>\n<td data-col-size=\"sm\" data-start=\"2390\" data-end=\"2399\">10<\/td>\n<td data-col-size=\"sm\" data-start=\"2399\" data-end=\"2408\">4<\/td>\n<td data-col-size=\"sm\" data-start=\"2408\" data-end=\"2417\">21<\/td>\n<td data-col-size=\"sm\" data-start=\"2417\" data-end=\"2427\">18<\/td>\n<\/tr>\n<tr data-start=\"2428\" data-end=\"2529\">\n<td data-start=\"2428\" data-end=\"2436\" data-col-size=\"sm\">6<\/td>\n<td data-col-size=\"sm\" data-start=\"2436\" data-end=\"2446\">5.92<\/td>\n<td data-col-size=\"sm\" data-start=\"2446\" data-end=\"2465\">10-30<\/td>\n<td data-col-size=\"sm\" data-start=\"2465\" data-end=\"2474\">6.99<\/td>\n<td data-col-size=\"sm\" data-start=\"2474\" data-end=\"2483\">7<\/td>\n<td data-col-size=\"sm\" data-start=\"2483\" data-end=\"2492\">4<\/td>\n<td data-col-size=\"sm\" data-start=\"2492\" data-end=\"2501\">10<\/td>\n<td data-col-size=\"sm\" data-start=\"2501\" data-end=\"2510\">4<\/td>\n<td data-col-size=\"sm\" data-start=\"2510\" data-end=\"2519\">21<\/td>\n<td data-col-size=\"sm\" data-start=\"2519\" data-end=\"2529\">18<\/td>\n<\/tr>\n<tr data-start=\"2530\" data-end=\"2631\">\n<td data-start=\"2530\" data-end=\"2538\" data-col-size=\"sm\">8<\/td>\n<td data-col-size=\"sm\" data-start=\"2538\" data-end=\"2548\">7.92<\/td>\n<td data-col-size=\"sm\" data-start=\"2548\" data-end=\"2567\">10-40<\/td>\n<td data-col-size=\"sm\" data-start=\"2567\" data-end=\"2576\">9.42<\/td>\n<td data-col-size=\"sm\" data-start=\"2576\" data-end=\"2585\">8<\/td>\n<td data-col-size=\"sm\" data-start=\"2585\" data-end=\"2594\">5<\/td>\n<td data-col-size=\"sm\" data-start=\"2594\" data-end=\"2603\">13<\/td>\n<td data-col-size=\"sm\" data-start=\"2603\" data-end=\"2612\">4<\/td>\n<td data-col-size=\"sm\" data-start=\"2612\" data-end=\"2621\">22<\/td>\n<td data-col-size=\"sm\" data-start=\"2621\" data-end=\"2631\">20<\/td>\n<\/tr>\n<tr data-start=\"2632\" data-end=\"2733\">\n<td data-start=\"2632\" data-end=\"2640\" data-col-size=\"sm\">10<\/td>\n<td data-col-size=\"sm\" data-start=\"2640\" data-end=\"2650\">9.92<\/td>\n<td data-col-size=\"sm\" data-start=\"2650\" data-end=\"2669\">10-55<\/td>\n<td data-col-size=\"sm\" data-start=\"2669\" data-end=\"2678\">11.86<\/td>\n<td data-col-size=\"sm\" data-start=\"2678\" data-end=\"2687\">8<\/td>\n<td data-col-size=\"sm\" data-start=\"2687\" data-end=\"2696\">6<\/td>\n<td data-col-size=\"sm\" data-start=\"2696\" data-end=\"2705\">13<\/td>\n<td data-col-size=\"sm\" data-start=\"2705\" data-end=\"2714\">4<\/td>\n<td data-col-size=\"sm\" data-start=\"2714\" data-end=\"2723\">24<\/td>\n<td data-col-size=\"sm\" data-start=\"2723\" data-end=\"2733\">22<\/td>\n<\/tr>\n<tr data-start=\"2734\" data-end=\"2835\">\n<td data-start=\"2734\" data-end=\"2742\" data-col-size=\"sm\">12<\/td>\n<td data-col-size=\"sm\" data-start=\"2742\" data-end=\"2752\">11.92<\/td>\n<td data-col-size=\"sm\" data-start=\"2752\" data-end=\"2771\">60-80<\/td>\n<td data-col-size=\"sm\" data-start=\"2771\" data-end=\"2780\">14.45<\/td>\n<td data-col-size=\"sm\" data-start=\"2780\" data-end=\"2789\">9<\/td>\n<td data-col-size=\"sm\" data-start=\"2789\" data-end=\"2798\">7<\/td>\n<td data-col-size=\"sm\" data-start=\"2798\" data-end=\"2807\">16<\/td>\n<td data-col-size=\"sm\" data-start=\"2807\" data-end=\"2816\">5<\/td>\n<td data-col-size=\"sm\" data-start=\"2816\" data-end=\"2825\">26<\/td>\n<td data-col-size=\"sm\" data-start=\"2825\" data-end=\"2835\">24<\/td>\n<\/tr>\n<tr data-start=\"2836\" data-end=\"2937\">\n<td data-start=\"2836\" data-end=\"2844\" data-col-size=\"sm\">16<\/td>\n<td data-col-size=\"sm\" data-start=\"2844\" data-end=\"2854\">15.92<\/td>\n<td data-col-size=\"sm\" data-start=\"2854\" data-end=\"2873\">65-100<\/td>\n<td data-col-size=\"sm\" data-start=\"2873\" data-end=\"2882\">19<\/td>\n<td data-col-size=\"sm\" data-start=\"2882\" data-end=\"2891\">15<\/td>\n<td data-col-size=\"sm\" data-start=\"2891\" data-end=\"2900\">10<\/td>\n<td data-col-size=\"sm\" data-start=\"2900\" data-end=\"2909\">23.8<\/td>\n<td data-col-size=\"sm\" data-start=\"2909\" data-end=\"2918\">12.5<\/td>\n<td data-col-size=\"sm\" data-start=\"2918\" data-end=\"2927\">29<\/td>\n<td data-col-size=\"sm\" data-start=\"2927\" data-end=\"2937\">44<\/td>\n<\/tr>\n<tr data-start=\"2938\" data-end=\"3039\">\n<td data-start=\"2938\" data-end=\"2946\" data-col-size=\"sm\">20<\/td>\n<td data-col-size=\"sm\" data-start=\"2946\" data-end=\"2956\">19.92<\/td>\n<td data-col-size=\"sm\" data-start=\"2956\" data-end=\"2975\">70-120<\/td>\n<td data-col-size=\"sm\" data-start=\"2975\" data-end=\"2984\">24.08<\/td>\n<td data-col-size=\"sm\" data-start=\"2984\" data-end=\"2993\">17<\/td>\n<td data-col-size=\"sm\" data-start=\"2993\" data-end=\"3002\">13<\/td>\n<td data-col-size=\"sm\" data-start=\"3002\" data-end=\"3011\">30<\/td>\n<td data-col-size=\"sm\" data-start=\"3011\" data-end=\"3020\">12.5<\/td>\n<td data-col-size=\"sm\" data-start=\"3020\" data-end=\"3029\">33<\/td>\n<td data-col-size=\"sm\" data-start=\"3029\" data-end=\"3039\">44<\/td>\n<\/tr>\n<tr data-start=\"3040\" data-end=\"3141\">\n<td data-start=\"3040\" data-end=\"3048\" data-col-size=\"sm\">25<\/td>\n<td data-start=\"3048\" data-end=\"3058\" data-col-size=\"sm\">24.92<\/td>\n<td data-col-size=\"sm\" data-start=\"3058\" data-end=\"3077\">80-150<\/td>\n<td data-col-size=\"sm\" data-start=\"3077\" data-end=\"3086\">30.94<\/td>\n<td data-col-size=\"sm\" data-start=\"3086\" data-end=\"3095\">22<\/td>\n<td data-col-size=\"sm\" data-start=\"3095\" data-end=\"3104\">18<\/td>\n<td data-col-size=\"sm\" data-start=\"3104\" data-end=\"3113\">31.8<\/td>\n<td data-col-size=\"sm\" data-start=\"3113\" data-end=\"3122\">17.4<\/td>\n<td data-col-size=\"sm\" data-start=\"3122\" data-end=\"3131\">37<\/td>\n<td data-col-size=\"sm\" data-start=\"3131\" data-end=\"3141\">53<\/td>\n<\/tr>\n<\/tbody>\n<\/table>\n<div class=\"sticky end-(--thread-content-margin) h-0 self-end select-none\">\n<div class=\"absolute end-0 flex items-end\"><\/div>\n<\/div>\n<\/div>\n<\/div>\n<p class=\"\" data-start=\"3143\" data-end=\"3237\">\ufe0f <em data-start=\"3147\" data-end=\"3237\">Diam\u00e8tres, longueurs et accessoires anti-perte personnalis\u00e9s (par exemple, boucle de fil, cha\u00eene) possibles.<\/em><\/p>\n<hr class=\"\" data-start=\"3239\" data-end=\"3242\" \/>\n<h2 class=\"\" data-start=\"3244\" data-end=\"3261\">\u2705 Caract\u00e9ristiques principales<\/h2>\n<ul data-start=\"3263\" data-end=\"3655\">\n<li class=\"\" data-start=\"3263\" data-end=\"3322\">\n<p class=\"\" data-start=\"3265\" data-end=\"3322\"><strong data-start=\"3268\" data-end=\"3293\">Fonctionnement par bouton-poussoir<\/strong> pour un verrouillage\/d\u00e9verrouillage rapide<\/p>\n<\/li>\n<li class=\"\" data-start=\"3323\" data-end=\"3387\">\n<p class=\"\" data-start=\"3325\" data-end=\"3387\"><strong data-start=\"3328\" data-end=\"3356\">Conception de verrouillage \u00e0 double bille<\/strong> assure une force de maintien s\u00fbre<\/p>\n<\/li>\n<li class=\"\" data-start=\"3388\" data-end=\"3456\">\n<p class=\"\" data-start=\"3390\" data-end=\"3456\"><strong data-start=\"3393\" data-end=\"3413\">Attache anti-perte<\/strong> \u00e9vite les erreurs de positionnement lors du d\u00e9montage<\/p>\n<\/li>\n<li class=\"\" data-start=\"3457\" data-end=\"3531\">\n<p class=\"\" data-start=\"3459\" data-end=\"3531\"><strong data-start=\"3462\" data-end=\"3501\">Arbre en acier inoxydable \u00e0 haute r\u00e9sistance<\/strong> pour un usage industriel r\u00e9p\u00e9t\u00e9<\/p>\n<\/li>\n<li class=\"\" data-start=\"3532\" data-end=\"3595\">\n<p class=\"\" data-start=\"3534\" data-end=\"3595\">\ufe0f Disponible dans une large gamme de diam\u00e8tres et de longueurs de pr\u00e9hension<\/p>\n<\/li>\n<li class=\"\" data-start=\"3596\" data-end=\"3655\">\n<p class=\"\" data-start=\"3598\" data-end=\"3655\">Support OEM pour les dessins sp\u00e9ciaux ou les tailles non standard<\/p>\n<\/li>\n<\/ul>\n<hr class=\"\" data-start=\"3657\" data-end=\"3660\" \/>\n<h2 class=\"\" data-start=\"3662\" data-end=\"3681\">\u2705 Guide de commande<\/h2>\n<p class=\"\" data-start=\"3683\" data-end=\"3734\">Lors d'une commande ou d'une demande, veuillez pr\u00e9ciser :<\/p>\n<ul data-start=\"3735\" data-end=\"3874\">\n<li class=\"\" data-start=\"3735\" data-end=\"3766\">\n<p class=\"\" data-start=\"3737\" data-end=\"3766\">Diam\u00e8tre de la broche (par exemple, \u00d810 mm)<\/p>\n<\/li>\n<li class=\"\" data-start=\"3767\" data-end=\"3796\">\n<p class=\"\" data-start=\"3769\" data-end=\"3796\">Longueur de la poign\u00e9e (par exemple, 40 mm)<\/p>\n<\/li>\n<li class=\"\" data-start=\"3797\" data-end=\"3823\">\n<p class=\"\" data-start=\"3799\" data-end=\"3823\">Avec ou sans attache<\/p>\n<\/li>\n<li class=\"\" data-start=\"3824\" data-end=\"3836\">\n<p class=\"\" data-start=\"3826\" data-end=\"3836\">Quantit\u00e9<\/p>\n<\/li>\n<li class=\"\" data-start=\"3837\" data-end=\"3874\">\n<p class=\"\" data-start=\"3839\" data-end=\"3874\">Logo laser \/ \u00e9tiquette priv\u00e9e en option<\/p>\n<\/li>\n<\/ul>","protected":false},"excerpt":{"rendered":"<p>Goupilles de verrouillage \u00e0 bille robustes pr\u00e8s de chez moi avec poign\u00e9e en aluminium, tige en acier inoxydable 304 et c\u00e2ble antiperte s\u00e9curis\u00e9. Con\u00e7ues pour un positionnement r\u00e9p\u00e9table et un verrouillage rapide dans les applications industrielles et structurelles. <strong data-start=\"492\" data-end=\"545\">Le mat\u00e9riau et la taille peuvent \u00eatre personnalis\u00e9s sur demande.<\/strong><\/p>","protected":false},"featured_media":1811,"comment_status":"closed","ping_status":"closed","template":"","meta":{"site-sidebar-layout":"default","site-content-layout":"","ast-site-content-layout":"default","site-content-style":"default","site-sidebar-style":"default","ast-global-header-display":"","ast-banner-title-visibility":"","ast-main-header-display":"","ast-hfb-above-header-display":"","ast-hfb-below-header-display":"","ast-hfb-mobile-header-display":"","site-post-title":"","ast-breadcrumbs-content":"","ast-featured-img":"","footer-sml-layout":"","ast-disable-related-posts":"","theme-transparent-header-meta":"default","adv-header-id-meta":"","stick-header-meta":"","header-above-stick-meta":"","header-main-stick-meta":"","header-below-stick-meta":"","astra-migrate-meta-layouts":"set","ast-page-background-enabled":"default","ast-page-background-meta":{"desktop":{"background-color":"var(--ast-global-color-4)","background-image":"","background-repeat":"repeat","background-position":"center center","background-size":"auto","background-attachment":"scroll","background-type":"","background-media":"","overlay-type":"","overlay-color":"","overlay-opacity":"","overlay-gradient":""},"tablet":{"background-color":"","background-image":"","background-repeat":"repeat","background-position":"center center","background-size":"auto","background-attachment":"scroll","background-type":"","background-media":"","overlay-type":"","overlay-color":"","overlay-opacity":"","overlay-gradient":""},"mobile":{"background-color":"","background-image":"","background-repeat":"repeat","background-position":"center center","background-size":"auto","background-attachment":"scroll","background-type":"","background-media":"","overlay-type":"","overlay-color":"","overlay-opacity":"","overlay-gradient":""}},"ast-content-background-meta":{"desktop":{"background-color":"var(--ast-global-color-5)","background-image":"","background-repeat":"repeat","background-position":"center center","background-size":"auto","background-attachment":"scroll","background-type":"","background-media":"","overlay-type":"","overlay-color":"","overlay-opacity":"","overlay-gradient":""},"tablet":{"background-color":"var(--ast-global-color-5)","background-image":"","background-repeat":"repeat","background-position":"center center","background-size":"auto","background-attachment":"scroll","background-type":"","background-media":"","overlay-type":"","overlay-color":"","overlay-opacity":"","overlay-gradient":""},"mobile":{"background-color":"var(--ast-global-color-5)","background-image":"","background-repeat":"repeat","background-position":"center center","background-size":"auto","background-attachment":"scroll","background-type":"","background-media":"","overlay-type":"","overlay-color":"","overlay-opacity":"","overlay-gradient":""}}},"product_brand":[],"product_cat":[19],"product_tag":[],"class_list":{"0":"post-1712","1":"product","2":"type-product","3":"status-publish","4":"has-post-thumbnail","6":"product_cat-fasteners","8":"first","9":"instock","10":"shipping-taxable","11":"product-type-simple"},"_links":{"self":[{"href":"https:\/\/www.sknfastener.com\/fr\/wp-json\/wp\/v2\/product\/1712","targetHints":{"allow":["GET"]}}],"collection":[{"href":"https:\/\/www.sknfastener.com\/fr\/wp-json\/wp\/v2\/product"}],"about":[{"href":"https:\/\/www.sknfastener.com\/fr\/wp-json\/wp\/v2\/types\/product"}],"replies":[{"embeddable":true,"href":"https:\/\/www.sknfastener.com\/fr\/wp-json\/wp\/v2\/comments?post=1712"}],"version-history":[{"count":1,"href":"https:\/\/www.sknfastener.com\/fr\/wp-json\/wp\/v2\/product\/1712\/revisions"}],"predecessor-version":[{"id":1824,"href":"https:\/\/www.sknfastener.com\/fr\/wp-json\/wp\/v2\/product\/1712\/revisions\/1824"}],"wp:featuredmedia":[{"embeddable":true,"href":"https:\/\/www.sknfastener.com\/fr\/wp-json\/wp\/v2\/media\/1811"}],"wp:attachment":[{"href":"https:\/\/www.sknfastener.com\/fr\/wp-json\/wp\/v2\/media?parent=1712"}],"wp:term":[{"taxonomy":"product_brand","embeddable":true,"href":"https:\/\/www.sknfastener.com\/fr\/wp-json\/wp\/v2\/product_brand?post=1712"},{"taxonomy":"product_cat","embeddable":true,"href":"https:\/\/www.sknfastener.com\/fr\/wp-json\/wp\/v2\/product_cat?post=1712"},{"taxonomy":"product_tag","embeddable":true,"href":"https:\/\/www.sknfastener.com\/fr\/wp-json\/wp\/v2\/product_tag?post=1712"}],"curies":[{"name":"wp","href":"https:\/\/api.w.org\/{rel}","templated":true}]}}