{"id":1718,"date":"2025-05-15T09:56:16","date_gmt":"2025-05-15T09:56:16","guid":{"rendered":"https:\/\/www.sknfastener.com\/?post_type=product&#038;p=1718"},"modified":"2025-05-20T20:30:35","modified_gmt":"2025-05-20T12:30:35","slug":"quick-release-pin","status":"publish","type":"product","link":"https:\/\/www.sknfastener.com\/fr\/produit\/quick-release-pin\/","title":{"rendered":"Goupille de d\u00e9verrouillage rapide"},"content":{"rendered":"<h2 class=\"\" data-start=\"516\" data-end=\"542\">Description de la goupille de d\u00e9verrouillage rapide<\/h2>\n<p class=\"\" data-start=\"544\" data-end=\"916\">Cette goupille \u00e0 d\u00e9gagement rapide constitue une solution simple et efficace pour un verrouillage rapide et reproductible dans les environnements \u00e0 usage intensif. La structure de base est constitu\u00e9e d'un <strong data-start=\"705\" data-end=\"740\">arbre solide en acier inoxydable 304<\/strong>La t\u00eate est con\u00e7ue pour \u00eatre solide et r\u00e9sistante \u00e0 la corrosion. La t\u00eate ronde comprend un <strong data-start=\"825\" data-end=\"848\">bouton poussoir central<\/strong>Les deux billes de verrouillage situ\u00e9es \u00e0 l'extr\u00e9mit\u00e9 se r\u00e9tractent lorsque l'on appuie dessus.<\/p>\n<p class=\"\" data-start=\"918\" data-end=\"1215\">Une fois ins\u00e9r\u00e9 dans un trou d'accouplement, le fait de rel\u00e2cher le bouton permet aux billes de verrouillage de se dilater et de maintenir fermement la goupille en place. Ce m\u00e9canisme rend le produit id\u00e9al pour les applications n\u00e9cessitant <strong data-start=\"1110\" data-end=\"1153\">enclenchement et d\u00e9clenchement rapides, sans outil<\/strong>particuli\u00e8rement dans le cas d'installations qui sont fr\u00e9quemment modifi\u00e9es ou d\u00e9plac\u00e9es.<\/p>\n<p class=\"\" data-start=\"1217\" data-end=\"1433\">Le dessus de la poign\u00e9e est disponible en diff\u00e9rentes couleurs anodis\u00e9es pour faciliter l'identification. De conception compacte et tr\u00e8s durable, cette goupille est couramment utilis\u00e9e dans les gabarits, les assemblages de cadres, les stations d'essai et les joints structurels.<\/p>\n<hr class=\"\" data-start=\"1435\" data-end=\"1438\" \/>\n<h2 class=\"\" data-start=\"1440\" data-end=\"1459\">\u2705 Applications<\/h2>\n<ul data-start=\"1461\" data-end=\"1718\">\n<li class=\"\" data-start=\"1461\" data-end=\"1501\">\n<p class=\"\" data-start=\"1463\" data-end=\"1501\">Plaques et \u00e9quipements modulaires<\/p>\n<\/li>\n<li class=\"\" data-start=\"1502\" data-end=\"1535\">\n<p class=\"\" data-start=\"1504\" data-end=\"1535\">Installations robotiques et d'automatisation<\/p>\n<\/li>\n<li class=\"\" data-start=\"1536\" data-end=\"1569\">\n<p class=\"\" data-start=\"1538\" data-end=\"1569\">Postes d'essai et d'assemblage<\/p>\n<\/li>\n<li class=\"\" data-start=\"1570\" data-end=\"1618\">\n<p class=\"\" data-start=\"1572\" data-end=\"1618\">Gabarits pour l'industrie automobile et dispositifs de positionnement rapide<\/p>\n<\/li>\n<li class=\"\" data-start=\"1619\" data-end=\"1640\">\n<p class=\"\" data-start=\"1621\" data-end=\"1640\">Outillage pour l'a\u00e9rospatiale<\/p>\n<\/li>\n<li class=\"\" data-start=\"1641\" data-end=\"1674\">\n<p class=\"\" data-start=\"1643\" data-end=\"1674\">Syst\u00e8mes d'\u00e9clairage ou de sc\u00e8ne<\/p>\n<\/li>\n<li class=\"\" data-start=\"1675\" data-end=\"1718\">\n<p class=\"\" data-start=\"1677\" data-end=\"1718\">Mat\u00e9riel d'exercice ou structures pliables<\/p>\n<\/li>\n<\/ul>\n<hr class=\"\" data-start=\"1720\" data-end=\"1723\" \/>\n<h2 class=\"\" data-start=\"1725\" data-end=\"1756\">\u2705 Sp\u00e9cifications techniques<\/h2>\n<div class=\"_tableContainer_16hzy_1\">\n<div class=\"_tableWrapper_16hzy_14 group flex w-fit flex-col-reverse\" tabindex=\"-1\">\n<table class=\"w-fit min-w-(--thread-content-width)\" data-start=\"1758\" data-end=\"2064\">\n<thead data-start=\"1758\" data-end=\"1801\">\n<tr data-start=\"1758\" data-end=\"1801\">\n<th data-start=\"1758\" data-end=\"1777\" data-col-size=\"sm\">Composant<\/th>\n<th data-start=\"1777\" data-end=\"1801\" data-col-size=\"sm\">Mat\u00e9riau<\/th>\n<\/tr>\n<\/thead>\n<tbody data-start=\"1846\" data-end=\"2064\">\n<tr data-start=\"1846\" data-end=\"1888\">\n<td data-start=\"1846\" data-end=\"1865\" data-col-size=\"sm\">Corps de la broche<\/td>\n<td data-start=\"1865\" data-end=\"1888\" data-col-size=\"sm\">Acier inoxydable 304<\/td>\n<\/tr>\n<tr data-start=\"1889\" data-end=\"1936\">\n<td data-start=\"1889\" data-end=\"1908\" data-col-size=\"sm\">Boules de verrouillage<\/td>\n<td data-col-size=\"sm\" data-start=\"1908\" data-end=\"1936\">Acier inoxydable tremp\u00e9<\/td>\n<\/tr>\n<tr data-start=\"1937\" data-end=\"1975\">\n<td data-start=\"1937\" data-end=\"1956\" data-col-size=\"sm\">M\u00e9canisme \u00e0 ressort<\/td>\n<td data-col-size=\"sm\" data-start=\"1956\" data-end=\"1975\">Acier inoxydable<\/td>\n<\/tr>\n<tr data-start=\"1976\" data-end=\"2016\">\n<td data-start=\"1976\" data-end=\"1995\" data-col-size=\"sm\">T\u00eate de bouton<\/td>\n<td data-col-size=\"sm\" data-start=\"1995\" data-end=\"2016\">Aluminium anodis\u00e9<\/td>\n<\/tr>\n<tr data-start=\"2017\" data-end=\"2064\">\n<td data-start=\"2017\" data-end=\"2045\" data-col-size=\"sm\">Anneau de retenue (en option)<\/td>\n<td data-start=\"2045\" data-end=\"2064\" data-col-size=\"sm\">Acier inoxydable<\/td>\n<\/tr>\n<\/tbody>\n<\/table>\n<div class=\"sticky end-(--thread-content-margin) h-0 self-end select-none\">\n<div class=\"absolute end-0 flex items-end\"><\/div>\n<\/div>\n<\/div>\n<\/div>\n<p class=\"\" data-start=\"2066\" data-end=\"2088\"><strong data-start=\"2066\" data-end=\"2086\">Gammes standard :<\/strong><\/p>\n<ul data-start=\"2089\" data-end=\"2285\">\n<li class=\"\" data-start=\"2089\" data-end=\"2119\">\n<p class=\"\" data-start=\"2091\" data-end=\"2119\"><strong data-start=\"2091\" data-end=\"2103\">Diam\u00e8tre<\/strong>: 5 mm - 16 mm<\/p>\n<\/li>\n<li class=\"\" data-start=\"2120\" data-end=\"2161\">\n<p class=\"\" data-start=\"2122\" data-end=\"2161\"><strong data-start=\"2122\" data-end=\"2143\">Longueur utilisable (L)<\/strong>: 10 mm - 120 mm<\/p>\n<\/li>\n<li class=\"\" data-start=\"2162\" data-end=\"2221\">\n<p class=\"\" data-start=\"2164\" data-end=\"2221\"><strong data-start=\"2164\" data-end=\"2177\">Type de t\u00eate<\/strong>: T\u00eate ronde plate avec bouton central<\/p>\n<\/li>\n<li class=\"\" data-start=\"2222\" data-end=\"2285\">\n<p class=\"\" data-start=\"2224\" data-end=\"2285\"><strong data-start=\"2224\" data-end=\"2241\">Options de couleur<\/strong>: Noir, Bleu, Rouge, Argent (anodis\u00e9 sur mesure)<\/p>\n<\/li>\n<\/ul>\n<p class=\"\" data-start=\"2287\" data-end=\"2382\">Disponibles dans des longueurs, diam\u00e8tres ou styles de poign\u00e9es personnalis\u00e9s selon les dessins de votre application.<\/p>\n<hr class=\"\" data-start=\"2384\" data-end=\"2387\" \/>\n<h2 class=\"\" data-start=\"2389\" data-end=\"2408\">\u2705 Caract\u00e9ristiques principales<\/h2>\n<ul data-start=\"2410\" data-end=\"2712\">\n<li class=\"\" data-start=\"2410\" data-end=\"2479\">\n<p class=\"\" data-start=\"2412\" data-end=\"2479\"><strong data-start=\"2415\" data-end=\"2445\">Verrouillage \u00e0 bille \u00e0 ressort<\/strong> avec un simple bouton-poussoir<\/p>\n<\/li>\n<li class=\"\" data-start=\"2480\" data-end=\"2526\">\n<p class=\"\" data-start=\"2482\" data-end=\"2526\">\ufe0f <strong data-start=\"2486\" data-end=\"2508\">Assemblage sans outil<\/strong> et d\u00e9montage<\/p>\n<\/li>\n<li class=\"\" data-start=\"2527\" data-end=\"2603\">\n<p class=\"\" data-start=\"2529\" data-end=\"2603\"><strong data-start=\"2532\" data-end=\"2568\">Arbre robuste en acier inoxydable 304<\/strong> pour une utilisation industrielle durable<\/p>\n<\/li>\n<li class=\"\" data-start=\"2604\" data-end=\"2661\">\n<p class=\"\" data-start=\"2606\" data-end=\"2661\"><strong data-start=\"2609\" data-end=\"2635\">Capuchon de bouton \u00e0 code couleur<\/strong> pour une identification facile<\/p>\n<\/li>\n<li class=\"\" data-start=\"2662\" data-end=\"2712\">\n<p class=\"\" data-start=\"2664\" data-end=\"2712\"><strong data-start=\"2667\" data-end=\"2702\">Prise en charge des sp\u00e9cifications personnalis\u00e9es<\/strong> (OEM\/ODM)<\/p>\n<\/li>\n<\/ul>\n<hr class=\"\" data-start=\"2714\" data-end=\"2717\" \/>\n<h2 class=\"\" data-start=\"2719\" data-end=\"2746\">\u2705 Commande<\/h2>\n<h1 data-start=\"516\" data-end=\"542\">Goupille de d\u00e9verrouillage rapide<\/h1>\n<p class=\"\" data-start=\"2748\" data-end=\"2790\">Lors de la demande de devis, veuillez fournir<\/p>\n<ul data-start=\"2791\" data-end=\"2963\">\n<li class=\"\" data-start=\"2791\" data-end=\"2823\">\n<p class=\"\" data-start=\"2793\" data-end=\"2823\">Diam\u00e8tre de l'arbre et longueur de la poign\u00e9e<\/p>\n<\/li>\n<li class=\"\" data-start=\"2824\" data-end=\"2845\">\n<p class=\"\" data-start=\"2826\" data-end=\"2845\">Quantit\u00e9 requise<\/p>\n<\/li>\n<li class=\"\" data-start=\"2846\" data-end=\"2885\">\n<p class=\"\" data-start=\"2848\" data-end=\"2885\">Couleur du bouton (si pr\u00e9f\u00e9rence)<\/p>\n<\/li>\n<li class=\"\" data-start=\"2886\" data-end=\"2923\">\n<p class=\"\" data-start=\"2888\" data-end=\"2923\">Possibilit\u00e9 d'anneau ou d'attache (si n\u00e9cessaire)<\/p>\n<\/li>\n<li class=\"\" data-start=\"2924\" data-end=\"2963\">\n<p class=\"\" data-start=\"2926\" data-end=\"2963\">Exigences particuli\u00e8res en mati\u00e8re d'\u00e9tiquetage ou de logo<\/p>\n<\/li>\n<\/ul>","protected":false},"excerpt":{"rendered":"<p>Conception de pr\u00e9cision <strong data-start=\"255\" data-end=\"286\">goupille de verrouillage \u00e0 bille \u00e0 d\u00e9gagement rapide<\/strong> avec une tige en acier inoxydable 304 et un bouton poussoir en aluminium anodis\u00e9. Con\u00e7u pour une fixation sans outil et un verrouillage rapide dans les assemblages modulaires et industriels. <strong data-start=\"448\" data-end=\"509\">Mat\u00e9riau et dimensions adaptables \u00e0 votre application.<\/strong><\/p>","protected":false},"featured_media":1810,"comment_status":"closed","ping_status":"closed","template":"","meta":{"site-sidebar-layout":"default","site-content-layout":"","ast-site-content-layout":"default","site-content-style":"default","site-sidebar-style":"default","ast-global-header-display":"","ast-banner-title-visibility":"","ast-main-header-display":"","ast-hfb-above-header-display":"","ast-hfb-below-header-display":"","ast-hfb-mobile-header-display":"","site-post-title":"","ast-breadcrumbs-content":"","ast-featured-img":"","footer-sml-layout":"","ast-disable-related-posts":"","theme-transparent-header-meta":"default","adv-header-id-meta":"","stick-header-meta":"","header-above-stick-meta":"","header-main-stick-meta":"","header-below-stick-meta":"","astra-migrate-meta-layouts":"set","ast-page-background-enabled":"default","ast-page-background-meta":{"desktop":{"background-color":"var(--ast-global-color-4)","background-image":"","background-repeat":"repeat","background-position":"center center","background-size":"auto","background-attachment":"scroll","background-type":"","background-media":"","overlay-type":"","overlay-color":"","overlay-opacity":"","overlay-gradient":""},"tablet":{"background-color":"","background-image":"","background-repeat":"repeat","background-position":"center center","background-size":"auto","background-attachment":"scroll","background-type":"","background-media":"","overlay-type":"","overlay-color":"","overlay-opacity":"","overlay-gradient":""},"mobile":{"background-color":"","background-image":"","background-repeat":"repeat","background-position":"center center","background-size":"auto","background-attachment":"scroll","background-type":"","background-media":"","overlay-type":"","overlay-color":"","overlay-opacity":"","overlay-gradient":""}},"ast-content-background-meta":{"desktop":{"background-color":"var(--ast-global-color-5)","background-image":"","background-repeat":"repeat","background-position":"center center","background-size":"auto","background-attachment":"scroll","background-type":"","background-media":"","overlay-type":"","overlay-color":"","overlay-opacity":"","overlay-gradient":""},"tablet":{"background-color":"var(--ast-global-color-5)","background-image":"","background-repeat":"repeat","background-position":"center center","background-size":"auto","background-attachment":"scroll","background-type":"","background-media":"","overlay-type":"","overlay-color":"","overlay-opacity":"","overlay-gradient":""},"mobile":{"background-color":"var(--ast-global-color-5)","background-image":"","background-repeat":"repeat","background-position":"center center","background-size":"auto","background-attachment":"scroll","background-type":"","background-media":"","overlay-type":"","overlay-color":"","overlay-opacity":"","overlay-gradient":""}}},"product_brand":[],"product_cat":[19],"product_tag":[],"class_list":{"0":"post-1718","1":"product","2":"type-product","3":"status-publish","4":"has-post-thumbnail","6":"product_cat-fasteners","8":"first","9":"instock","10":"shipping-taxable","11":"product-type-simple"},"_links":{"self":[{"href":"https:\/\/www.sknfastener.com\/fr\/wp-json\/wp\/v2\/product\/1718","targetHints":{"allow":["GET"]}}],"collection":[{"href":"https:\/\/www.sknfastener.com\/fr\/wp-json\/wp\/v2\/product"}],"about":[{"href":"https:\/\/www.sknfastener.com\/fr\/wp-json\/wp\/v2\/types\/product"}],"replies":[{"embeddable":true,"href":"https:\/\/www.sknfastener.com\/fr\/wp-json\/wp\/v2\/comments?post=1718"}],"version-history":[{"count":1,"href":"https:\/\/www.sknfastener.com\/fr\/wp-json\/wp\/v2\/product\/1718\/revisions"}],"predecessor-version":[{"id":1820,"href":"https:\/\/www.sknfastener.com\/fr\/wp-json\/wp\/v2\/product\/1718\/revisions\/1820"}],"wp:featuredmedia":[{"embeddable":true,"href":"https:\/\/www.sknfastener.com\/fr\/wp-json\/wp\/v2\/media\/1810"}],"wp:attachment":[{"href":"https:\/\/www.sknfastener.com\/fr\/wp-json\/wp\/v2\/media?parent=1718"}],"wp:term":[{"taxonomy":"product_brand","embeddable":true,"href":"https:\/\/www.sknfastener.com\/fr\/wp-json\/wp\/v2\/product_brand?post=1718"},{"taxonomy":"product_cat","embeddable":true,"href":"https:\/\/www.sknfastener.com\/fr\/wp-json\/wp\/v2\/product_cat?post=1718"},{"taxonomy":"product_tag","embeddable":true,"href":"https:\/\/www.sknfastener.com\/fr\/wp-json\/wp\/v2\/product_tag?post=1718"}],"curies":[{"name":"wp","href":"https:\/\/api.w.org\/{rel}","templated":true}]}}