{"id":1724,"date":"2025-05-15T10:04:25","date_gmt":"2025-05-15T10:04:25","guid":{"rendered":"https:\/\/www.sknfastener.com\/?post_type=product&#038;p=1724"},"modified":"2025-05-20T20:30:21","modified_gmt":"2025-05-20T12:30:21","slug":"quick-release-locking-pin","status":"publish","type":"product","link":"https:\/\/www.sknfastener.com\/fr\/produit\/quick-release-locking-pin\/","title":{"rendered":"Poign\u00e9e en T Goupille d'arr\u00eat \u00e0 bille"},"content":{"rendered":"<h1><strong>Goupille de verrouillage \u00e0 d\u00e9gagement rapide<\/strong><\/h1>\n<p class=\"\" data-start=\"521\" data-end=\"827\">combine un fonctionnement simple et une grande durabilit\u00e9 pour les applications de verrouillage industriel et structurel. L'arbre central, le ressort interne et les deux billes de verrouillage sont tous fabriqu\u00e9s \u00e0 partir d'acier inoxydable. <strong data-start=\"722\" data-end=\"765\">acier inoxydable 304 r\u00e9sistant \u00e0 la corrosion<\/strong>Le syst\u00e8me de gestion de l'information de la Commission europ\u00e9enne est un syst\u00e8me de gestion de l'information qui permet d'assurer une performance constante dans des environnements exigeants.<\/p>\n<p class=\"\" data-start=\"829\" data-end=\"1111\">Cette \u00e9pingle est dot\u00e9e d'une large <strong data-start=\"854\" data-end=\"881\">Poign\u00e9e en plastique en forme de T<\/strong>Les billes de verrouillage sont con\u00e7ues pour une prise en main confortable et un d\u00e9verrouillage rapide d'une seule main. Lorsqu'on appuie sur le bouton-poussoir sup\u00e9rieur, les billes de verrouillage se r\u00e9tractent dans la tige, ce qui permet de l'ins\u00e9rer ou de la retirer. Une fois rel\u00e2ch\u00e9es, les billes se verrouillent automatiquement en position.<\/p>\n<p class=\"\" data-start=\"1113\" data-end=\"1250\">Sa structure est id\u00e9ale pour les t\u00e2ches d'assemblage et de d\u00e9sassemblage r\u00e9p\u00e9t\u00e9es, en particulier dans les gabarits, les montages, les cadres modulaires et les stations d'outillage.<\/p>\n<h2 class=\"\" data-start=\"1257\" data-end=\"1276\">Applications<\/h2>\n<ul data-start=\"1278\" data-end=\"1511\">\n<li class=\"\" data-start=\"1278\" data-end=\"1305\">\n<p class=\"\" data-start=\"1280\" data-end=\"1305\">Verrouillage modulaire des appareils<\/p>\n<\/li>\n<li class=\"\" data-start=\"1306\" data-end=\"1333\">\n<p class=\"\" data-start=\"1308\" data-end=\"1333\">\u00c9quipement de ligne d'assemblage<\/p>\n<\/li>\n<li class=\"\" data-start=\"1334\" data-end=\"1369\">\n<p class=\"\" data-start=\"1336\" data-end=\"1369\">Syst\u00e8mes de fermes de sc\u00e8ne ou d'\u00e9clairage<\/p>\n<\/li>\n<li class=\"\" data-start=\"1370\" data-end=\"1409\">\n<p class=\"\" data-start=\"1372\" data-end=\"1409\">Ajustement des cadres de sport et de fitness<\/p>\n<\/li>\n<li class=\"\" data-start=\"1410\" data-end=\"1431\">\n<p class=\"\" data-start=\"1412\" data-end=\"1431\">Outillage pour l'a\u00e9rospatiale<\/p>\n<\/li>\n<li class=\"\" data-start=\"1432\" data-end=\"1474\">\n<p class=\"\" data-start=\"1434\" data-end=\"1474\">Gabarits et montages de fabrication pour l'industrie automobile<\/p>\n<\/li>\n<li class=\"\" data-start=\"1475\" data-end=\"1511\">\n<p class=\"\" data-start=\"1477\" data-end=\"1511\">\u00c9chafaudages maritimes ou de construction<\/p>\n<\/li>\n<\/ul>\n<hr class=\"\" data-start=\"1513\" data-end=\"1516\" \/>\n<h2 class=\"\" data-start=\"1518\" data-end=\"1549\">\u2705 Sp\u00e9cifications techniques<\/h2>\n<div class=\"_tableContainer_16hzy_1\">\n<div class=\"_tableWrapper_16hzy_14 group flex w-fit flex-col-reverse\" tabindex=\"-1\">\n<table class=\"w-fit min-w-(--thread-content-width)\" data-start=\"1551\" data-end=\"1809\">\n<thead data-start=\"1551\" data-end=\"1593\">\n<tr data-start=\"1551\" data-end=\"1593\">\n<th data-start=\"1551\" data-end=\"1571\" data-col-size=\"sm\">Composant<\/th>\n<th data-start=\"1571\" data-end=\"1593\" data-col-size=\"sm\">Mat\u00e9riau<\/th>\n<\/tr>\n<\/thead>\n<tbody data-start=\"1636\" data-end=\"1809\">\n<tr data-start=\"1636\" data-end=\"1678\">\n<td data-start=\"1636\" data-end=\"1655\" data-col-size=\"sm\">\u00c9pingle<\/td>\n<td data-col-size=\"sm\" data-start=\"1655\" data-end=\"1678\">Acier inoxydable 304<\/td>\n<\/tr>\n<tr data-start=\"1679\" data-end=\"1721\">\n<td data-start=\"1679\" data-end=\"1698\" data-col-size=\"sm\">Printemps<\/td>\n<td data-start=\"1698\" data-end=\"1721\" data-col-size=\"sm\">Acier inoxydable 304<\/td>\n<\/tr>\n<tr data-start=\"1722\" data-end=\"1764\">\n<td data-start=\"1722\" data-end=\"1741\" data-col-size=\"sm\">Boule<\/td>\n<td data-col-size=\"sm\" data-start=\"1741\" data-end=\"1764\">Acier inoxydable 304<\/td>\n<\/tr>\n<tr data-start=\"1765\" data-end=\"1809\">\n<td data-start=\"1765\" data-end=\"1784\" data-col-size=\"sm\">Poign\u00e9e<\/td>\n<td data-start=\"1784\" data-end=\"1809\" data-col-size=\"sm\">Plastique haute r\u00e9sistance<\/td>\n<\/tr>\n<\/tbody>\n<\/table>\n<div class=\"sticky end-(--thread-content-margin) h-0 self-end select-none\">\n<div class=\"absolute end-0 flex items-end\"><\/div>\n<\/div>\n<\/div>\n<\/div>\n<p class=\"\" data-start=\"1811\" data-end=\"1849\"><strong data-start=\"1811\" data-end=\"1849\">Dimensions standard (mod\u00e8le MT193) :<\/strong><\/p>\n<div class=\"_tableContainer_16hzy_1\">\n<div class=\"_tableWrapper_16hzy_14 group flex w-fit flex-col-reverse\" tabindex=\"-1\">\n<table class=\"w-fit min-w-(--thread-content-width)\" data-start=\"1851\" data-end=\"2133\">\n<thead data-start=\"1851\" data-end=\"1881\">\n<tr data-start=\"1851\" data-end=\"1881\">\n<th data-start=\"1851\" data-end=\"1863\" data-col-size=\"sm\">Param\u00e8tres<\/th>\n<th data-start=\"1863\" data-end=\"1881\" data-col-size=\"sm\">Valeur<\/th>\n<\/tr>\n<\/thead>\n<tbody data-start=\"1913\" data-end=\"2133\">\n<tr data-start=\"1913\" data-end=\"1947\">\n<td data-start=\"1913\" data-end=\"1926\" data-col-size=\"sm\">Diam\u00e8tre A<\/td>\n<td data-start=\"1926\" data-end=\"1947\" data-col-size=\"sm\">5mm-20mm (sur mesure)<\/td>\n<\/tr>\n<tr data-start=\"1948\" data-end=\"1988\">\n<td data-start=\"1948\" data-end=\"1964\" data-col-size=\"sm\">Longueur de la poign\u00e9e L<\/td>\n<td data-col-size=\"sm\" data-start=\"1964\" data-end=\"1988\">10mm-100mm (\u00b10,5 mm)<\/td>\n<\/tr>\n<tr data-start=\"1989\" data-end=\"2032\">\n<td data-start=\"1989\" data-end=\"2003\" data-col-size=\"sm\">Type de poign\u00e9e<\/td>\n<td data-col-size=\"sm\" data-start=\"2003\" data-end=\"2032\">Poign\u00e9e horizontale en forme de T<\/td>\n<\/tr>\n<tr data-start=\"2033\" data-end=\"2086\">\n<td data-start=\"2033\" data-end=\"2045\" data-col-size=\"sm\">Fonctionnement<\/td>\n<td data-col-size=\"sm\" data-start=\"2045\" data-end=\"2086\">M\u00e9canisme de r\u00e9traction de la bille par bouton-poussoir<\/td>\n<\/tr>\n<tr data-start=\"2087\" data-end=\"2133\">\n<td data-start=\"2087\" data-end=\"2104\" data-col-size=\"sm\">Anneau de retenue<\/td>\n<td data-col-size=\"sm\" data-start=\"2104\" data-end=\"2133\">En option, acier inoxydable<\/td>\n<\/tr>\n<\/tbody>\n<\/table>\n<div class=\"sticky end-(--thread-content-margin) h-0 self-end select-none\">\n<div class=\"absolute end-0 flex items-end\"><\/div>\n<\/div>\n<\/div>\n<\/div>\n<p class=\"\" data-start=\"2135\" data-end=\"2187\">Support CAO complet et personnalisation OEM disponibles.<\/p>\n<hr class=\"\" data-start=\"2189\" data-end=\"2192\" \/>\n<h2 class=\"\" data-start=\"2194\" data-end=\"2213\">\u2705 Caract\u00e9ristiques principales<\/h2>\n<ul data-start=\"2215\" data-end=\"2506\">\n<li class=\"\" data-start=\"2215\" data-end=\"2277\">\n<p class=\"\" data-start=\"2217\" data-end=\"2277\">M\u00e9canisme push-to-release pour un fonctionnement rapide et sans outil<\/p>\n<\/li>\n<li class=\"\" data-start=\"2278\" data-end=\"2327\">\n<p class=\"\" data-start=\"2280\" data-end=\"2327\">Deux billes de verrouillage garantissent une fixation s\u00fbre<\/p>\n<\/li>\n<li class=\"\" data-start=\"2328\" data-end=\"2403\">\n<p class=\"\" data-start=\"2330\" data-end=\"2403\">Composants en acier inoxydable 304 pour la solidit\u00e9 et la r\u00e9sistance \u00e0 la corrosion<\/p>\n<\/li>\n<li class=\"\" data-start=\"2404\" data-end=\"2454\">\n<p class=\"\" data-start=\"2406\" data-end=\"2454\">\ufe0f Large poign\u00e9e en T pour une bonne prise en main<\/p>\n<\/li>\n<li class=\"\" data-start=\"2455\" data-end=\"2506\">\n<p class=\"\" data-start=\"2457\" data-end=\"2506\">Dimensions et options de poign\u00e9e personnalis\u00e9es disponibles<\/p>\n<\/li>\n<\/ul>\n<hr class=\"\" data-start=\"2508\" data-end=\"2511\" \/>\n<h2 class=\"\" data-start=\"2513\" data-end=\"2536\">\u2705 D\u00e9tails de la commande<\/h2>\n<p class=\"\" data-start=\"2538\" data-end=\"2575\">Lors de l'envoi de la demande, veuillez pr\u00e9ciser :<\/p>\n<ul data-start=\"2576\" data-end=\"2766\">\n<li class=\"\" data-start=\"2576\" data-end=\"2629\">\n<p class=\"\" data-start=\"2578\" data-end=\"2629\">Diam\u00e8tre de la broche et longueur de la poign\u00e9e (par exemple, \u00d810mm x 40mm)<\/p>\n<\/li>\n<li class=\"\" data-start=\"2630\" data-end=\"2642\">\n<p class=\"\" data-start=\"2632\" data-end=\"2642\">Quantit\u00e9<\/p>\n<\/li>\n<li class=\"\" data-start=\"2643\" data-end=\"2680\">\n<p class=\"\" data-start=\"2645\" data-end=\"2680\">N\u00e9cessit\u00e9 d'un anneau de maintien ou d'une attache<\/p>\n<\/li>\n<li class=\"\" data-start=\"2681\" data-end=\"2727\">\n<p class=\"\" data-start=\"2683\" data-end=\"2727\">Marquage ou emballage personnalis\u00e9 (si n\u00e9cessaire)<\/p>\n<\/li>\n<li class=\"\" data-start=\"2728\" data-end=\"2766\">\n<p class=\"\" data-start=\"2730\" data-end=\"2766\">Fichier de dessins, le cas \u00e9ch\u00e9ant (PDF\/DWG)<\/p>\n<\/li>\n<\/ul>","protected":false},"excerpt":{"rendered":"<p><strong>Goupille de verrouillage \u00e0 d\u00e9gagement rapide<\/strong> avec une tige et un ressort en acier inoxydable 304, et une poign\u00e9e en plastique durable. Id\u00e9al pour un verrouillage et un positionnement rapides, ainsi qu'un d\u00e9verrouillage sans outil. <strong data-start=\"420\" data-end=\"486\">Les mat\u00e9riaux et les dimensions peuvent \u00eatre adapt\u00e9s \u00e0 votre application.<\/strong><\/p>","protected":false},"featured_media":1800,"comment_status":"closed","ping_status":"closed","template":"","meta":{"site-sidebar-layout":"default","site-content-layout":"","ast-site-content-layout":"default","site-content-style":"default","site-sidebar-style":"default","ast-global-header-display":"","ast-banner-title-visibility":"","ast-main-header-display":"","ast-hfb-above-header-display":"","ast-hfb-below-header-display":"","ast-hfb-mobile-header-display":"","site-post-title":"","ast-breadcrumbs-content":"","ast-featured-img":"","footer-sml-layout":"","ast-disable-related-posts":"","theme-transparent-header-meta":"default","adv-header-id-meta":"","stick-header-meta":"","header-above-stick-meta":"","header-main-stick-meta":"","header-below-stick-meta":"","astra-migrate-meta-layouts":"set","ast-page-background-enabled":"default","ast-page-background-meta":{"desktop":{"background-color":"var(--ast-global-color-4)","background-image":"","background-repeat":"repeat","background-position":"center center","background-size":"auto","background-attachment":"scroll","background-type":"","background-media":"","overlay-type":"","overlay-color":"","overlay-opacity":"","overlay-gradient":""},"tablet":{"background-color":"","background-image":"","background-repeat":"repeat","background-position":"center center","background-size":"auto","background-attachment":"scroll","background-type":"","background-media":"","overlay-type":"","overlay-color":"","overlay-opacity":"","overlay-gradient":""},"mobile":{"background-color":"","background-image":"","background-repeat":"repeat","background-position":"center center","background-size":"auto","background-attachment":"scroll","background-type":"","background-media":"","overlay-type":"","overlay-color":"","overlay-opacity":"","overlay-gradient":""}},"ast-content-background-meta":{"desktop":{"background-color":"var(--ast-global-color-5)","background-image":"","background-repeat":"repeat","background-position":"center center","background-size":"auto","background-attachment":"scroll","background-type":"","background-media":"","overlay-type":"","overlay-color":"","overlay-opacity":"","overlay-gradient":""},"tablet":{"background-color":"var(--ast-global-color-5)","background-image":"","background-repeat":"repeat","background-position":"center center","background-size":"auto","background-attachment":"scroll","background-type":"","background-media":"","overlay-type":"","overlay-color":"","overlay-opacity":"","overlay-gradient":""},"mobile":{"background-color":"var(--ast-global-color-5)","background-image":"","background-repeat":"repeat","background-position":"center center","background-size":"auto","background-attachment":"scroll","background-type":"","background-media":"","overlay-type":"","overlay-color":"","overlay-opacity":"","overlay-gradient":""}}},"product_brand":[],"product_cat":[19],"product_tag":[],"class_list":{"0":"post-1724","1":"product","2":"type-product","3":"status-publish","4":"has-post-thumbnail","6":"product_cat-fasteners","8":"first","9":"instock","10":"shipping-taxable","11":"product-type-simple"},"_links":{"self":[{"href":"https:\/\/www.sknfastener.com\/fr\/wp-json\/wp\/v2\/product\/1724","targetHints":{"allow":["GET"]}}],"collection":[{"href":"https:\/\/www.sknfastener.com\/fr\/wp-json\/wp\/v2\/product"}],"about":[{"href":"https:\/\/www.sknfastener.com\/fr\/wp-json\/wp\/v2\/types\/product"}],"replies":[{"embeddable":true,"href":"https:\/\/www.sknfastener.com\/fr\/wp-json\/wp\/v2\/comments?post=1724"}],"version-history":[{"count":1,"href":"https:\/\/www.sknfastener.com\/fr\/wp-json\/wp\/v2\/product\/1724\/revisions"}],"predecessor-version":[{"id":1819,"href":"https:\/\/www.sknfastener.com\/fr\/wp-json\/wp\/v2\/product\/1724\/revisions\/1819"}],"wp:featuredmedia":[{"embeddable":true,"href":"https:\/\/www.sknfastener.com\/fr\/wp-json\/wp\/v2\/media\/1800"}],"wp:attachment":[{"href":"https:\/\/www.sknfastener.com\/fr\/wp-json\/wp\/v2\/media?parent=1724"}],"wp:term":[{"taxonomy":"product_brand","embeddable":true,"href":"https:\/\/www.sknfastener.com\/fr\/wp-json\/wp\/v2\/product_brand?post=1724"},{"taxonomy":"product_cat","embeddable":true,"href":"https:\/\/www.sknfastener.com\/fr\/wp-json\/wp\/v2\/product_cat?post=1724"},{"taxonomy":"product_tag","embeddable":true,"href":"https:\/\/www.sknfastener.com\/fr\/wp-json\/wp\/v2\/product_tag?post=1724"}],"curies":[{"name":"wp","href":"https:\/\/api.w.org\/{rel}","templated":true}]}}