{"id":1859,"date":"2025-05-20T21:35:23","date_gmt":"2025-05-20T13:35:23","guid":{"rendered":"https:\/\/www.sknfastener.com\/?post_type=product&#038;p=1859"},"modified":"2025-05-20T21:35:38","modified_gmt":"2025-05-20T13:35:38","slug":"precision-shoulder-bolt-hex-socket-head","status":"publish","type":"product","link":"https:\/\/www.sknfastener.com\/fr\/produit\/precision-shoulder-bolt-hex-socket-head\/","title":{"rendered":"Boulon \u00e0 \u00e9paulement de pr\u00e9cision - t\u00eate hexagonale"},"content":{"rendered":"<p class=\"\" data-start=\"537\" data-end=\"865\">Le pr\u00e9sent <strong data-start=\"542\" data-end=\"559\">boulon d'\u00e9paulement<\/strong>-\u00e9galement connu sous le nom de <strong data-start=\"576\" data-end=\"594\">vis \u00e0 \u00e9paulement<\/strong>-est con\u00e7u pour les applications \u00e0 haute r\u00e9sistance n\u00e9cessitant un alignement, un glissement ou une rotation pr\u00e9cis des composants. La conception comprend un \u00e9paulement long, rectifi\u00e9 avec pr\u00e9cision et d'un diam\u00e8tre constant, associ\u00e9 \u00e0 une section filet\u00e9e standard et \u00e0 une t\u00eate \u00e0 six pans creux pour une fixation s\u00fbre.<\/p>\n<p class=\"\" data-start=\"867\" data-end=\"1090\">L'\u00e9paulement sert de goujon, d'entretoise ou de guide, couramment utilis\u00e9 dans les gabarits, les fixations d'outils, les assemblages de matrices, les pi\u00e8ces mobiles et les liaisons m\u00e9caniques. La t\u00eate hexagonale permet une installation et un retrait faciles \u00e0 l'aide d'une cl\u00e9 Allen.<\/p>\n<p class=\"\" data-start=\"1092\" data-end=\"1341\">Propos\u00e9 en <strong data-start=\"1103\" data-end=\"1127\">acier alli\u00e9 tremp\u00e9<\/strong> ou <strong data-start=\"1131\" data-end=\"1158\">acier inoxydable 304\/316<\/strong>Ce boulon convient \u00e0 la fois \u00e0 une utilisation industrielle g\u00e9n\u00e9rale et \u00e0 des environnements hautement corrosifs. Une personnalisation compl\u00e8te des dimensions est possible sur la base de votre dessin technique ou d'un \u00e9chantillon.<\/p>\n<h2 class=\"\" data-start=\"1348\" data-end=\"1367\">Applications<\/h2>\n<ul data-start=\"1369\" data-end=\"1575\">\n<li class=\"\" data-start=\"1369\" data-end=\"1406\">\n<p class=\"\" data-start=\"1371\" data-end=\"1406\">Automatismes et montages<\/p>\n<\/li>\n<li class=\"\" data-start=\"1407\" data-end=\"1445\">\n<p class=\"\" data-start=\"1409\" data-end=\"1445\">Robotique et syst\u00e8mes de mouvement lin\u00e9aire<\/p>\n<\/li>\n<li class=\"\" data-start=\"1446\" data-end=\"1478\">\n<p class=\"\" data-start=\"1448\" data-end=\"1478\">Socles de moules et matrices d'emboutissage<\/p>\n<\/li>\n<li class=\"\" data-start=\"1479\" data-end=\"1513\">\n<p class=\"\" data-start=\"1481\" data-end=\"1513\">Articulations tournantes et bras pivotants<\/p>\n<\/li>\n<li class=\"\" data-start=\"1514\" data-end=\"1537\">\n<p class=\"\" data-start=\"1516\" data-end=\"1537\">R\u00e9glage des machines-outils<\/p>\n<\/li>\n<li class=\"\" data-start=\"1538\" data-end=\"1575\">\n<p class=\"\" data-start=\"1540\" data-end=\"1575\">Composants automobiles et a\u00e9rospatiaux<\/p>\n<\/li>\n<\/ul>\n<hr class=\"\" data-start=\"1577\" data-end=\"1580\" \/>\n<h2 class=\"\" data-start=\"1582\" data-end=\"1613\">\u2705 Sp\u00e9cifications techniques<\/h2>\n<div class=\"_tableContainer_16hzy_1\">\n<div class=\"_tableWrapper_16hzy_14 group flex w-fit flex-col-reverse\" tabindex=\"-1\">\n<table class=\"w-fit min-w-(--thread-content-width)\" data-start=\"1615\" data-end=\"1877\">\n<thead data-start=\"1615\" data-end=\"1658\">\n<tr data-start=\"1615\" data-end=\"1658\">\n<th data-start=\"1615\" data-end=\"1634\" data-col-size=\"sm\">Composant<\/th>\n<th data-start=\"1634\" data-end=\"1658\" data-col-size=\"sm\">Options de mat\u00e9riaux<\/th>\n<\/tr>\n<\/thead>\n<tbody data-start=\"1703\" data-end=\"1877\">\n<tr data-start=\"1703\" data-end=\"1766\">\n<td data-start=\"1703\" data-end=\"1723\" data-col-size=\"sm\">\u00c9paule et fil<\/td>\n<td data-col-size=\"sm\" data-start=\"1723\" data-end=\"1766\">Acier alli\u00e9 \/ Acier inoxydable 304 \/ 316<\/td>\n<\/tr>\n<tr data-start=\"1767\" data-end=\"1822\">\n<td data-start=\"1767\" data-end=\"1786\" data-col-size=\"sm\">Type de t\u00eate<\/td>\n<td data-start=\"1786\" data-end=\"1822\" data-col-size=\"sm\">T\u00eate \u00e0 douille hexagonale (Allen standard)<\/td>\n<\/tr>\n<tr data-start=\"1823\" data-end=\"1877\">\n<td data-start=\"1823\" data-end=\"1842\" data-col-size=\"sm\">Type de fil<\/td>\n<td data-start=\"1842\" data-end=\"1877\" data-col-size=\"sm\">M\u00e9trique \/ UNC \/ UNF (personnalisable)<\/td>\n<\/tr>\n<\/tbody>\n<\/table>\n<div class=\"sticky end-(--thread-content-margin) h-0 self-end select-none\">\n<div class=\"absolute end-0 flex items-end\"><\/div>\n<\/div>\n<\/div>\n<\/div>\n<p class=\"\" data-start=\"1879\" data-end=\"1899\"><strong data-start=\"1879\" data-end=\"1899\">Tailles disponibles :<\/strong><\/p>\n<div class=\"_tableContainer_16hzy_1\">\n<div class=\"_tableWrapper_16hzy_14 group flex w-fit flex-col-reverse\" tabindex=\"-1\">\n<table class=\"w-fit min-w-(--thread-content-width)\" data-start=\"1901\" data-end=\"2220\">\n<thead data-start=\"1901\" data-end=\"1951\">\n<tr data-start=\"1901\" data-end=\"1951\">\n<th data-start=\"1901\" data-end=\"1921\" data-col-size=\"sm\">Param\u00e8tres<\/th>\n<th data-start=\"1921\" data-end=\"1951\" data-col-size=\"sm\">Gamme<\/th>\n<\/tr>\n<\/thead>\n<tbody data-start=\"2002\" data-end=\"2220\">\n<tr data-start=\"2002\" data-end=\"2038\">\n<td data-start=\"2002\" data-end=\"2022\" data-col-size=\"sm\">Diam\u00e8tre de l'\u00e9paule<\/td>\n<td data-start=\"2022\" data-end=\"2038\" data-col-size=\"sm\">4 mm - 20 mm<\/td>\n<\/tr>\n<tr data-start=\"2039\" data-end=\"2076\">\n<td data-start=\"2039\" data-end=\"2059\" data-col-size=\"sm\">Longueur des \u00e9paules<\/td>\n<td data-start=\"2059\" data-end=\"2076\" data-col-size=\"sm\">5 mm - 100 mm<\/td>\n<\/tr>\n<tr data-start=\"2077\" data-end=\"2133\">\n<td data-start=\"2077\" data-end=\"2097\" data-col-size=\"sm\">Longueur du filet<\/td>\n<td data-col-size=\"sm\" data-start=\"2097\" data-end=\"2133\">Selon la taille (personnalisable)<\/td>\n<\/tr>\n<tr data-start=\"2134\" data-end=\"2174\">\n<td data-start=\"2134\" data-end=\"2154\" data-col-size=\"sm\">Taille du filet<\/td>\n<td data-start=\"2154\" data-end=\"2174\" data-col-size=\"sm\">M3-M16 \/ #4-5\/8\"<\/td>\n<\/tr>\n<tr data-start=\"2175\" data-end=\"2220\">\n<td data-start=\"2175\" data-end=\"2195\" data-col-size=\"sm\">Tol\u00e9rance<\/td>\n<td data-start=\"2195\" data-end=\"2220\" data-col-size=\"sm\">h9 \/ pr\u00e9cision personnalis\u00e9e<\/td>\n<\/tr>\n<\/tbody>\n<\/table>\n<div class=\"sticky end-(--thread-content-margin) h-0 self-end select-none\">\n<div class=\"absolute end-0 flex items-end\"><\/div>\n<\/div>\n<\/div>\n<\/div>\n<p class=\"\" data-start=\"2222\" data-end=\"2291\">Les dimensions et les tol\u00e9rances OEM peuvent \u00eatre r\u00e9alis\u00e9es sur la base d'un dessin ou d'un mod\u00e8le CAO.<\/p>\n<hr class=\"\" data-start=\"2293\" data-end=\"2296\" \/>\n<h2 class=\"\" data-start=\"2298\" data-end=\"2317\">\u2705 Caract\u00e9ristiques principales<\/h2>\n<ul data-start=\"2319\" data-end=\"2601\">\n<li class=\"\" data-start=\"2319\" data-end=\"2384\">\n<p class=\"\" data-start=\"2321\" data-end=\"2384\">\u00c9paulement rectifi\u00e9 avec pr\u00e9cision pour un ajustement et un alignement coh\u00e9rents<\/p>\n<\/li>\n<li class=\"\" data-start=\"2385\" data-end=\"2447\">\n<p class=\"\" data-start=\"2387\" data-end=\"2447\">T\u00eate de douille hexagonale pour un serrage solide et r\u00e9sistant au couple<\/p>\n<\/li>\n<li class=\"\" data-start=\"2448\" data-end=\"2495\">\n<p class=\"\" data-start=\"2450\" data-end=\"2495\">Double fonction : fixation et arbre<\/p>\n<\/li>\n<li class=\"\" data-start=\"2496\" data-end=\"2556\">\n<p class=\"\" data-start=\"2498\" data-end=\"2556\">Id\u00e9al pour les applications de localisation, de pivotement ou de glissement<\/p>\n<\/li>\n<li class=\"\" data-start=\"2557\" data-end=\"2601\">\n<p class=\"\" data-start=\"2559\" data-end=\"2601\">Dimensions et filetages sur mesure disponibles<\/p>\n<\/li>\n<\/ul>\n<hr class=\"\" data-start=\"2603\" data-end=\"2606\" \/>\n<h2 class=\"\" data-start=\"2608\" data-end=\"2635\">\u2705 Informations sur la commande<\/h2>\n<p class=\"\" data-start=\"2637\" data-end=\"2668\">Veuillez inclure dans votre demande :<\/p>\n<ul data-start=\"2669\" data-end=\"2840\">\n<li class=\"\" data-start=\"2669\" data-end=\"2699\">\n<p class=\"\" data-start=\"2671\" data-end=\"2699\">Diam\u00e8tre et longueur des \u00e9paules<\/p>\n<\/li>\n<li class=\"\" data-start=\"2700\" data-end=\"2740\">\n<p class=\"\" data-start=\"2702\" data-end=\"2740\">Taille et type de filetage (par exemple, M8x1,25)<\/p>\n<\/li>\n<li class=\"\" data-start=\"2741\" data-end=\"2753\">\n<p class=\"\" data-start=\"2743\" data-end=\"2753\">Quantit\u00e9<\/p>\n<\/li>\n<li class=\"\" data-start=\"2754\" data-end=\"2804\">\n<p class=\"\" data-start=\"2756\" data-end=\"2804\">Mat\u00e9riau pr\u00e9f\u00e9r\u00e9 (par exemple, acier inoxydable 304)<\/p>\n<\/li>\n<li class=\"\" data-start=\"2805\" data-end=\"2840\">\n<p class=\"\" data-start=\"2807\" data-end=\"2840\">Dessins ou fichiers CAO si disponibles<\/p>\n<\/li>\n<\/ul>","protected":false},"excerpt":{"rendered":"<p>Usinage de pr\u00e9cision <strong data-start=\"287\" data-end=\"325\">boulon \u00e0 \u00e9paulement \u00e0 t\u00eate hexagonale<\/strong>Les vis de fixation sont id\u00e9ales pour localiser, faire pivoter ou guider des composants dans des assemblages m\u00e9caniques. Disponibles en acier au carbone ou en acier inoxydable. <strong data-start=\"451\" data-end=\"502\">Le diam\u00e8tre et la longueur de l'\u00e9paule peuvent \u00eatre personnalis\u00e9s.<\/strong><\/p>","protected":false},"featured_media":1860,"comment_status":"open","ping_status":"closed","template":"","meta":{"site-sidebar-layout":"default","site-content-layout":"","ast-site-content-layout":"default","site-content-style":"default","site-sidebar-style":"default","ast-global-header-display":"","ast-banner-title-visibility":"","ast-main-header-display":"","ast-hfb-above-header-display":"","ast-hfb-below-header-display":"","ast-hfb-mobile-header-display":"","site-post-title":"","ast-breadcrumbs-content":"","ast-featured-img":"","footer-sml-layout":"","ast-disable-related-posts":"","theme-transparent-header-meta":"default","adv-header-id-meta":"","stick-header-meta":"","header-above-stick-meta":"","header-main-stick-meta":"","header-below-stick-meta":"","astra-migrate-meta-layouts":"set","ast-page-background-enabled":"default","ast-page-background-meta":{"desktop":{"background-color":"var(--ast-global-color-4)","background-image":"","background-repeat":"repeat","background-position":"center center","background-size":"auto","background-attachment":"scroll","background-type":"","background-media":"","overlay-type":"","overlay-color":"","overlay-opacity":"","overlay-gradient":""},"tablet":{"background-color":"","background-image":"","background-repeat":"repeat","background-position":"center center","background-size":"auto","background-attachment":"scroll","background-type":"","background-media":"","overlay-type":"","overlay-color":"","overlay-opacity":"","overlay-gradient":""},"mobile":{"background-color":"","background-image":"","background-repeat":"repeat","background-position":"center center","background-size":"auto","background-attachment":"scroll","background-type":"","background-media":"","overlay-type":"","overlay-color":"","overlay-opacity":"","overlay-gradient":""}},"ast-content-background-meta":{"desktop":{"background-color":"var(--ast-global-color-5)","background-image":"","background-repeat":"repeat","background-position":"center center","background-size":"auto","background-attachment":"scroll","background-type":"","background-media":"","overlay-type":"","overlay-color":"","overlay-opacity":"","overlay-gradient":""},"tablet":{"background-color":"var(--ast-global-color-5)","background-image":"","background-repeat":"repeat","background-position":"center center","background-size":"auto","background-attachment":"scroll","background-type":"","background-media":"","overlay-type":"","overlay-color":"","overlay-opacity":"","overlay-gradient":""},"mobile":{"background-color":"var(--ast-global-color-5)","background-image":"","background-repeat":"repeat","background-position":"center center","background-size":"auto","background-attachment":"scroll","background-type":"","background-media":"","overlay-type":"","overlay-color":"","overlay-opacity":"","overlay-gradient":""}}},"product_brand":[],"product_cat":[156],"product_tag":[],"class_list":{"0":"post-1859","1":"product","2":"type-product","3":"status-publish","4":"has-post-thumbnail","6":"product_cat-dowel-pin","8":"first","9":"instock","10":"shipping-taxable","11":"product-type-simple"},"_links":{"self":[{"href":"https:\/\/www.sknfastener.com\/fr\/wp-json\/wp\/v2\/product\/1859","targetHints":{"allow":["GET"]}}],"collection":[{"href":"https:\/\/www.sknfastener.com\/fr\/wp-json\/wp\/v2\/product"}],"about":[{"href":"https:\/\/www.sknfastener.com\/fr\/wp-json\/wp\/v2\/types\/product"}],"replies":[{"embeddable":true,"href":"https:\/\/www.sknfastener.com\/fr\/wp-json\/wp\/v2\/comments?post=1859"}],"version-history":[{"count":2,"href":"https:\/\/www.sknfastener.com\/fr\/wp-json\/wp\/v2\/product\/1859\/revisions"}],"predecessor-version":[{"id":1868,"href":"https:\/\/www.sknfastener.com\/fr\/wp-json\/wp\/v2\/product\/1859\/revisions\/1868"}],"wp:featuredmedia":[{"embeddable":true,"href":"https:\/\/www.sknfastener.com\/fr\/wp-json\/wp\/v2\/media\/1860"}],"wp:attachment":[{"href":"https:\/\/www.sknfastener.com\/fr\/wp-json\/wp\/v2\/media?parent=1859"}],"wp:term":[{"taxonomy":"product_brand","embeddable":true,"href":"https:\/\/www.sknfastener.com\/fr\/wp-json\/wp\/v2\/product_brand?post=1859"},{"taxonomy":"product_cat","embeddable":true,"href":"https:\/\/www.sknfastener.com\/fr\/wp-json\/wp\/v2\/product_cat?post=1859"},{"taxonomy":"product_tag","embeddable":true,"href":"https:\/\/www.sknfastener.com\/fr\/wp-json\/wp\/v2\/product_tag?post=1859"}],"curies":[{"name":"wp","href":"https:\/\/api.w.org\/{rel}","templated":true}]}}