{"id":1869,"date":"2025-05-20T21:44:58","date_gmt":"2025-05-20T13:44:58","guid":{"rendered":"https:\/\/www.sknfastener.com\/?post_type=product&#038;p=1869"},"modified":"2025-05-20T21:45:39","modified_gmt":"2025-05-20T13:45:39","slug":"flange-mount-shaft-collar","status":"publish","type":"product","link":"https:\/\/www.sknfastener.com\/fr\/produit\/flange-mount-shaft-collar\/","title":{"rendered":"Collier d'arbre \u00e0 montage par bride avec conception \u00e0 collier divis\u00e9"},"content":{"rendered":"<p class=\"\" data-start=\"543\" data-end=\"904\">Le pr\u00e9sent <strong data-start=\"548\" data-end=\"577\">montage \u00e0 bride collier d'arbre<\/strong> offre \u00e0 la fois une puissance de maintien axial et une facilit\u00e9 d'installation, en combinant un collier usin\u00e9 avec pr\u00e9cision et un syst\u00e8me de fixation int\u00e9gr\u00e9. <strong data-start=\"690\" data-end=\"709\">bride de montage<\/strong>. La conception de la pince en deux parties assure une prise serr\u00e9e et r\u00e9guli\u00e8re autour de l'arbre sans marquage ni d\u00e9formation, tandis que la bride fournit une base stable pour le montage sur des surfaces, des plaques ou des ch\u00e2ssis d'\u00e9quipement.<\/p>\n<p class=\"\" data-start=\"906\" data-end=\"1214\">Le collier est fix\u00e9 \u00e0 l'aide d'un <strong data-start=\"937\" data-end=\"957\">vis \u00e0 six pans creux<\/strong>qui permet un r\u00e9glage rapide et un verrouillage fiable. Id\u00e9al pour l'automatisation, les syst\u00e8mes de mouvement lin\u00e9aire, les arbres rotatifs et les assemblages de fixation, ce produit simplifie l'alignement, limite le mouvement de l'arbre et fixe solidement les composants dans des positions fixes.<\/p>\n<p class=\"\" data-start=\"1216\" data-end=\"1375\">Disponible en <strong data-start=\"1229\" data-end=\"1253\">aluminium l\u00e9ger<\/strong> ou <strong data-start=\"1257\" data-end=\"1296\">acier inoxydable r\u00e9sistant \u00e0 la corrosion<\/strong>et sont propos\u00e9s dans une gamme de diam\u00e8tres d'al\u00e9sage, de mod\u00e8les de montage et d'\u00e9paisseurs.<\/p>\n<h2 class=\"\" data-start=\"1382\" data-end=\"1401\">Applications<\/h2>\n<ul data-start=\"1403\" data-end=\"1642\">\n<li class=\"\" data-start=\"1403\" data-end=\"1429\">\n<p class=\"\" data-start=\"1405\" data-end=\"1429\">Montage du moteur pas \u00e0 pas<\/p>\n<\/li>\n<li class=\"\" data-start=\"1430\" data-end=\"1465\">\n<p class=\"\" data-start=\"1432\" data-end=\"1465\">Positionnement de la bo\u00eete de vitesses et de l'encodeur<\/p>\n<\/li>\n<li class=\"\" data-start=\"1466\" data-end=\"1503\">\n<p class=\"\" data-start=\"1468\" data-end=\"1503\">Cylindres pneumatiques et hydrauliques<\/p>\n<\/li>\n<li class=\"\" data-start=\"1504\" data-end=\"1542\">\n<p class=\"\" data-start=\"1506\" data-end=\"1542\">Actionneurs lin\u00e9aires et support d'arbre<\/p>\n<\/li>\n<li class=\"\" data-start=\"1543\" data-end=\"1579\">\n<p class=\"\" data-start=\"1545\" data-end=\"1579\">Machines d'impression et d'emballage<\/p>\n<\/li>\n<li class=\"\" data-start=\"1580\" data-end=\"1611\">\n<p class=\"\" data-start=\"1582\" data-end=\"1611\">Montages CNC et d'automatisation<\/p>\n<\/li>\n<li class=\"\" data-start=\"1612\" data-end=\"1642\">\n<p class=\"\" data-start=\"1614\" data-end=\"1642\">Assemblages m\u00e9caniques sur mesure<\/p>\n<\/li>\n<\/ul>\n<hr class=\"\" data-start=\"1644\" data-end=\"1647\" \/>\n<h2 class=\"\" data-start=\"1649\" data-end=\"1680\">\u2705 Sp\u00e9cifications techniques<\/h2>\n<div class=\"_tableContainer_16hzy_1\">\n<div class=\"_tableWrapper_16hzy_14 group flex w-fit flex-col-reverse\" tabindex=\"-1\">\n<table class=\"w-fit min-w-(--thread-content-width)\" data-start=\"1682\" data-end=\"1898\">\n<thead data-start=\"1682\" data-end=\"1732\">\n<tr data-start=\"1682\" data-end=\"1732\">\n<th data-start=\"1682\" data-end=\"1703\" data-col-size=\"sm\">Composant<\/th>\n<th data-start=\"1703\" data-end=\"1732\" data-col-size=\"md\">Options de mat\u00e9riaux<\/th>\n<\/tr>\n<\/thead>\n<tbody data-start=\"1783\" data-end=\"1898\">\n<tr data-start=\"1783\" data-end=\"1849\">\n<td data-start=\"1783\" data-end=\"1803\" data-col-size=\"sm\">Collier et bride<\/td>\n<td data-col-size=\"md\" data-start=\"1803\" data-end=\"1849\">Alliage d'aluminium \/ Acier inoxydable 304 \/ 316<\/td>\n<\/tr>\n<tr data-start=\"1850\" data-end=\"1898\">\n<td data-start=\"1850\" data-end=\"1870\" data-col-size=\"sm\">Vis de serrage<\/td>\n<td data-col-size=\"md\" data-start=\"1870\" data-end=\"1898\">Acier alli\u00e9 (douille hexagonale)<\/td>\n<\/tr>\n<\/tbody>\n<\/table>\n<div class=\"sticky end-(--thread-content-margin) h-0 self-end select-none\">\n<div class=\"absolute end-0 flex items-end\"><\/div>\n<\/div>\n<\/div>\n<\/div>\n<p class=\"\" data-start=\"1900\" data-end=\"1925\"><strong data-start=\"1900\" data-end=\"1925\">Dimensions disponibles :<\/strong><\/p>\n<div class=\"_tableContainer_16hzy_1\">\n<div class=\"_tableWrapper_16hzy_14 group flex w-fit flex-col-reverse\" tabindex=\"-1\">\n<table class=\"w-fit min-w-(--thread-content-width)\" data-start=\"1927\" data-end=\"2277\">\n<thead data-start=\"1927\" data-end=\"1979\">\n<tr data-start=\"1927\" data-end=\"1979\">\n<th data-start=\"1927\" data-end=\"1949\" data-col-size=\"sm\">Param\u00e8tres<\/th>\n<th data-start=\"1949\" data-end=\"1979\" data-col-size=\"sm\">Gamme<\/th>\n<\/tr>\n<\/thead>\n<tbody data-start=\"2033\" data-end=\"2277\">\n<tr data-start=\"2033\" data-end=\"2086\">\n<td data-start=\"2033\" data-end=\"2055\" data-col-size=\"sm\">Diam\u00e8tre de l'al\u00e9sage<\/td>\n<td data-col-size=\"sm\" data-start=\"2055\" data-end=\"2086\">6 mm - 40 mm (personnalisable)<\/td>\n<\/tr>\n<tr data-start=\"2087\" data-end=\"2128\">\n<td data-start=\"2087\" data-end=\"2109\" data-col-size=\"sm\">Diam\u00e8tre de la bride<\/td>\n<td data-col-size=\"sm\" data-start=\"2109\" data-end=\"2128\">Varie selon le mod\u00e8le<\/td>\n<\/tr>\n<tr data-start=\"2129\" data-end=\"2168\">\n<td data-start=\"2129\" data-end=\"2151\" data-col-size=\"sm\">Hauteur du collier<\/td>\n<td data-col-size=\"sm\" data-start=\"2151\" data-end=\"2168\">10 mm - 30 mm<\/td>\n<\/tr>\n<tr data-start=\"2169\" data-end=\"2223\">\n<td data-start=\"2169\" data-end=\"2191\" data-col-size=\"sm\">Sch\u00e9ma des trous de la bride<\/td>\n<td data-col-size=\"sm\" data-start=\"2191\" data-end=\"2223\">Cercle de boulons \u00e0 3 ou 4 trous<\/td>\n<\/tr>\n<tr data-start=\"2224\" data-end=\"2277\">\n<td data-start=\"2224\" data-end=\"2246\" data-col-size=\"sm\">M\u00e9thode de fixation<\/td>\n<td data-col-size=\"sm\" data-start=\"2246\" data-end=\"2277\">Simple fente avec vis \u00e0 t\u00eate hexagonale<\/td>\n<\/tr>\n<\/tbody>\n<\/table>\n<div class=\"sticky end-(--thread-content-margin) h-0 self-end select-none\">\n<div class=\"absolute end-0 flex items-end\"><\/div>\n<\/div>\n<\/div>\n<\/div>\n<p class=\"\" data-start=\"2279\" data-end=\"2338\">Dimensions et sch\u00e9mas de per\u00e7age OEM disponibles sur demande.<\/p>\n<hr class=\"\" data-start=\"2340\" data-end=\"2343\" \/>\n<h2 class=\"\" data-start=\"2345\" data-end=\"2364\">\u2705 Caract\u00e9ristiques principales<\/h2>\n<ul data-start=\"2366\" data-end=\"2752\">\n<li class=\"\" data-start=\"2366\" data-end=\"2428\">\n<p class=\"\" data-start=\"2368\" data-end=\"2428\">Conception de montage \u00e0 bride pour une fixation s\u00fbre de l'\u00e9quipement<\/p>\n<\/li>\n<li class=\"\" data-start=\"2429\" data-end=\"2495\">\n<p class=\"\" data-start=\"2431\" data-end=\"2495\">Le collier de serrage en deux parties assure un maintien antid\u00e9rapant de l'arbre sans l'endommager.<\/p>\n<\/li>\n<li class=\"\" data-start=\"2496\" data-end=\"2553\">\n<p class=\"\" data-start=\"2498\" data-end=\"2553\">La vis hexagonale permet un repositionnement et un serrage faciles.<\/p>\n<\/li>\n<li class=\"\" data-start=\"2554\" data-end=\"2626\">\n<p class=\"\" data-start=\"2556\" data-end=\"2626\">Disponible en aluminium pour la l\u00e9g\u00e8ret\u00e9 ou en acier inoxydable pour la durabilit\u00e9<\/p>\n<\/li>\n<li class=\"\" data-start=\"2627\" data-end=\"2684\">\n<p class=\"\" data-start=\"2629\" data-end=\"2684\">Convient aux syst\u00e8mes de mouvement rotatif et lin\u00e9aire<\/p>\n<\/li>\n<li class=\"\" data-start=\"2685\" data-end=\"2752\">\n<p class=\"\" data-start=\"2687\" data-end=\"2752\">Dimensions de l'al\u00e9sage, formes de la bride et trous de montage disponibles sur mesure<\/p>\n<\/li>\n<\/ul>\n<hr class=\"\" data-start=\"2754\" data-end=\"2757\" \/>\n<h2 class=\"\" data-start=\"2759\" data-end=\"2786\">\u2705 Informations sur la commande<\/h2>\n<p class=\"\" data-start=\"2788\" data-end=\"2828\">Lors de la demande de renseignements, veuillez pr\u00e9ciser :<\/p>\n<ul data-start=\"2829\" data-end=\"3002\">\n<li class=\"\" data-start=\"2829\" data-end=\"2854\">\n<p class=\"\" data-start=\"2831\" data-end=\"2854\">Diam\u00e8tre int\u00e9rieur (al\u00e9sage)<\/p>\n<\/li>\n<li class=\"\" data-start=\"2855\" data-end=\"2896\">\n<p class=\"\" data-start=\"2857\" data-end=\"2896\">Diam\u00e8tre ext\u00e9rieur de la bride ou sch\u00e9ma de boulonnage<\/p>\n<\/li>\n<li class=\"\" data-start=\"2897\" data-end=\"2939\">\n<p class=\"\" data-start=\"2899\" data-end=\"2939\">Mat\u00e9riau (aluminium ou acier inoxydable)<\/p>\n<\/li>\n<li class=\"\" data-start=\"2940\" data-end=\"2970\">\n<p class=\"\" data-start=\"2942\" data-end=\"2970\">Quantit\u00e9 et contexte d'utilisation<\/p>\n<\/li>\n<li class=\"\" data-start=\"2971\" data-end=\"3002\">\n<p class=\"\" data-start=\"2973\" data-end=\"3002\">Dessin personnalis\u00e9 (si disponible)<\/p>\n<\/li>\n<\/ul>","protected":false},"excerpt":{"rendered":"<p>Collier d'arbre mont\u00e9 sur bride avec collier en deux parties et vis hexagonale pour un maintien axial s\u00fbr et un positionnement facile. Fabriqu\u00e9 en <strong data-start=\"385\" data-end=\"416\">aluminium ou acier inoxydable<\/strong>La gamme de produits de l'UE est adapt\u00e9e aux syst\u00e8mes de mouvement et aux plaques de montage. <strong data-start=\"467\" data-end=\"508\">Mat\u00e9riau et dimensions personnalisables.<\/strong><\/p>","protected":false},"featured_media":1870,"comment_status":"open","ping_status":"closed","template":"","meta":{"site-sidebar-layout":"default","site-content-layout":"","ast-site-content-layout":"default","site-content-style":"default","site-sidebar-style":"default","ast-global-header-display":"","ast-banner-title-visibility":"","ast-main-header-display":"","ast-hfb-above-header-display":"","ast-hfb-below-header-display":"","ast-hfb-mobile-header-display":"","site-post-title":"","ast-breadcrumbs-content":"","ast-featured-img":"","footer-sml-layout":"","ast-disable-related-posts":"","theme-transparent-header-meta":"default","adv-header-id-meta":"","stick-header-meta":"","header-above-stick-meta":"","header-main-stick-meta":"","header-below-stick-meta":"","astra-migrate-meta-layouts":"set","ast-page-background-enabled":"default","ast-page-background-meta":{"desktop":{"background-color":"var(--ast-global-color-4)","background-image":"","background-repeat":"repeat","background-position":"center center","background-size":"auto","background-attachment":"scroll","background-type":"","background-media":"","overlay-type":"","overlay-color":"","overlay-opacity":"","overlay-gradient":""},"tablet":{"background-color":"","background-image":"","background-repeat":"repeat","background-position":"center center","background-size":"auto","background-attachment":"scroll","background-type":"","background-media":"","overlay-type":"","overlay-color":"","overlay-opacity":"","overlay-gradient":""},"mobile":{"background-color":"","background-image":"","background-repeat":"repeat","background-position":"center center","background-size":"auto","background-attachment":"scroll","background-type":"","background-media":"","overlay-type":"","overlay-color":"","overlay-opacity":"","overlay-gradient":""}},"ast-content-background-meta":{"desktop":{"background-color":"var(--ast-global-color-5)","background-image":"","background-repeat":"repeat","background-position":"center center","background-size":"auto","background-attachment":"scroll","background-type":"","background-media":"","overlay-type":"","overlay-color":"","overlay-opacity":"","overlay-gradient":""},"tablet":{"background-color":"var(--ast-global-color-5)","background-image":"","background-repeat":"repeat","background-position":"center center","background-size":"auto","background-attachment":"scroll","background-type":"","background-media":"","overlay-type":"","overlay-color":"","overlay-opacity":"","overlay-gradient":""},"mobile":{"background-color":"var(--ast-global-color-5)","background-image":"","background-repeat":"repeat","background-position":"center center","background-size":"auto","background-attachment":"scroll","background-type":"","background-media":"","overlay-type":"","overlay-color":"","overlay-opacity":"","overlay-gradient":""}}},"product_brand":[],"product_cat":[156],"product_tag":[],"class_list":{"0":"post-1869","1":"product","2":"type-product","3":"status-publish","4":"has-post-thumbnail","6":"product_cat-dowel-pin","8":"first","9":"instock","10":"shipping-taxable","11":"product-type-simple"},"_links":{"self":[{"href":"https:\/\/www.sknfastener.com\/fr\/wp-json\/wp\/v2\/product\/1869","targetHints":{"allow":["GET"]}}],"collection":[{"href":"https:\/\/www.sknfastener.com\/fr\/wp-json\/wp\/v2\/product"}],"about":[{"href":"https:\/\/www.sknfastener.com\/fr\/wp-json\/wp\/v2\/types\/product"}],"replies":[{"embeddable":true,"href":"https:\/\/www.sknfastener.com\/fr\/wp-json\/wp\/v2\/comments?post=1869"}],"version-history":[{"count":2,"href":"https:\/\/www.sknfastener.com\/fr\/wp-json\/wp\/v2\/product\/1869\/revisions"}],"predecessor-version":[{"id":1878,"href":"https:\/\/www.sknfastener.com\/fr\/wp-json\/wp\/v2\/product\/1869\/revisions\/1878"}],"wp:featuredmedia":[{"embeddable":true,"href":"https:\/\/www.sknfastener.com\/fr\/wp-json\/wp\/v2\/media\/1870"}],"wp:attachment":[{"href":"https:\/\/www.sknfastener.com\/fr\/wp-json\/wp\/v2\/media?parent=1869"}],"wp:term":[{"taxonomy":"product_brand","embeddable":true,"href":"https:\/\/www.sknfastener.com\/fr\/wp-json\/wp\/v2\/product_brand?post=1869"},{"taxonomy":"product_cat","embeddable":true,"href":"https:\/\/www.sknfastener.com\/fr\/wp-json\/wp\/v2\/product_cat?post=1869"},{"taxonomy":"product_tag","embeddable":true,"href":"https:\/\/www.sknfastener.com\/fr\/wp-json\/wp\/v2\/product_tag?post=1869"}],"curies":[{"name":"wp","href":"https:\/\/api.w.org\/{rel}","templated":true}]}}