{"id":1879,"date":"2025-05-20T21:55:15","date_gmt":"2025-05-20T13:55:15","guid":{"rendered":"https:\/\/www.sknfastener.com\/?post_type=product&#038;p=1879"},"modified":"2025-05-20T21:55:15","modified_gmt":"2025-05-20T13:55:15","slug":"threaded-index-plunger","status":"publish","type":"product","link":"https:\/\/www.sknfastener.com\/fr\/produit\/threaded-index-plunger\/","title":{"rendered":"Piston d'indexation filet\u00e9 avec bouton de traction | Goupille en acier inoxydable | Dimensions personnalis\u00e9es disponibles"},"content":{"rendered":"<h2 class=\"\" data-start=\"461\" data-end=\"487\">Description du produit<\/h2>\n<p class=\"\" data-start=\"489\" data-end=\"881\">Le pr\u00e9sent <strong data-start=\"494\" data-end=\"520\">piston index\u00e9 filet\u00e9<\/strong> est con\u00e7u pour un positionnement pr\u00e9cis et un maintien fiable dans les assemblages m\u00e9caniques. Le piston est dot\u00e9 d'une <strong data-start=\"628\" data-end=\"660\">axe en acier inoxydable tremp\u00e9<\/strong> dans un bo\u00eetier durable avec un filetage externe pour le montage sur panneau ou sur appareil. Les <strong data-start=\"745\" data-end=\"766\">t\u00eate de bouton molet\u00e9<\/strong> permet une r\u00e9traction et un r\u00e9engagement manuels rapides de la goupille, ce qui assure un verrouillage s\u00fbr et reproductible.<\/p>\n<p class=\"\" data-start=\"883\" data-end=\"1058\">Le plongeur est couramment utilis\u00e9 dans les montages, les gabarits, les plaques d'outillage, les bras r\u00e9glables, les guides de hauteur et les machines industrielles, o\u00f9 un repositionnement ou une indexation fr\u00e9quents sont n\u00e9cessaires.<\/p>\n<p class=\"\" data-start=\"1060\" data-end=\"1243\">Le corps filet\u00e9 est compatible avec diverses surfaces d'installation et assure un ancrage solide en cas d'utilisation r\u00e9p\u00e9t\u00e9e. Diff\u00e9rents types de filetage, longueurs de goupilles et styles de boutons sont disponibles.<\/p>\n<hr class=\"\" data-start=\"1245\" data-end=\"1248\" \/>\n<h2 class=\"\" data-start=\"1250\" data-end=\"1269\">\u2705 Applications<\/h2>\n<ul data-start=\"1271\" data-end=\"1512\">\n<li class=\"\" data-start=\"1271\" data-end=\"1310\">\n<p class=\"\" data-start=\"1273\" data-end=\"1310\">M\u00e9canismes de positionnement et d'indexation<\/p>\n<\/li>\n<li class=\"\" data-start=\"1311\" data-end=\"1353\">\n<p class=\"\" data-start=\"1313\" data-end=\"1353\">Arr\u00eats r\u00e9glables dans les syst\u00e8mes d'automatisation<\/p>\n<\/li>\n<li class=\"\" data-start=\"1354\" data-end=\"1394\">\n<p class=\"\" data-start=\"1356\" data-end=\"1394\">Verrouillage pour le pliage ou la rotation des bras<\/p>\n<\/li>\n<li class=\"\" data-start=\"1395\" data-end=\"1441\">\n<p class=\"\" data-start=\"1397\" data-end=\"1441\">Changement d'outils et mise en place d'assemblages m\u00e9caniques<\/p>\n<\/li>\n<li class=\"\" data-start=\"1442\" data-end=\"1474\">\n<p class=\"\" data-start=\"1444\" data-end=\"1474\">Dispositifs de serrage et de fixation<\/p>\n<\/li>\n<li class=\"\" data-start=\"1475\" data-end=\"1512\">\n<p class=\"\" data-start=\"1477\" data-end=\"1512\">Machines et \u00e9quipements de fabrication<\/p>\n<\/li>\n<\/ul>\n<hr class=\"\" data-start=\"1514\" data-end=\"1517\" \/>\n<h2 class=\"\" data-start=\"1519\" data-end=\"1550\">\u2705 Sp\u00e9cifications techniques<\/h2>\n<div class=\"_tableContainer_16hzy_1\">\n<div class=\"_tableWrapper_16hzy_14 group flex w-fit flex-col-reverse\" tabindex=\"-1\">\n<table class=\"w-fit min-w-(--thread-content-width)\" data-start=\"1552\" data-end=\"1855\">\n<thead data-start=\"1552\" data-end=\"1609\">\n<tr data-start=\"1552\" data-end=\"1609\">\n<th data-start=\"1552\" data-end=\"1574\" data-col-size=\"sm\">Composant<\/th>\n<th data-start=\"1574\" data-end=\"1609\" data-col-size=\"md\">Options de mat\u00e9riaux<\/th>\n<\/tr>\n<\/thead>\n<tbody data-start=\"1669\" data-end=\"1855\">\n<tr data-start=\"1669\" data-end=\"1720\">\n<td data-start=\"1669\" data-end=\"1691\" data-col-size=\"sm\">Goupille du plongeur<\/td>\n<td data-col-size=\"md\" data-start=\"1691\" data-end=\"1720\">Acier inoxydable 304 \/ 303<\/td>\n<\/tr>\n<tr data-start=\"1721\" data-end=\"1784\">\n<td data-start=\"1721\" data-end=\"1743\" data-col-size=\"sm\">Bouton Poign\u00e9e<\/td>\n<td data-start=\"1743\" data-end=\"1784\" data-col-size=\"md\">Plastique (surface molet\u00e9e) ou aluminium<\/td>\n<\/tr>\n<tr data-start=\"1785\" data-end=\"1855\">\n<td data-start=\"1785\" data-end=\"1807\" data-col-size=\"sm\">Corps filet\u00e9<\/td>\n<td data-col-size=\"md\" data-start=\"1807\" data-end=\"1855\">Acier inoxydable \/ Acier zingu\u00e9 \/ Sur mesure<\/td>\n<\/tr>\n<\/tbody>\n<\/table>\n<div class=\"sticky end-(--thread-content-margin) h-0 self-end select-none\">\n<div class=\"absolute end-0 flex items-end\"><\/div>\n<\/div>\n<\/div>\n<\/div>\n<p class=\"\" data-start=\"1857\" data-end=\"1880\"><strong data-start=\"1857\" data-end=\"1880\">Dimensions typiques :<\/strong><\/p>\n<div class=\"_tableContainer_16hzy_1\">\n<div class=\"_tableWrapper_16hzy_14 group flex w-fit flex-col-reverse\" tabindex=\"-1\">\n<table class=\"w-fit min-w-(--thread-content-width)\" data-start=\"1882\" data-end=\"2198\">\n<thead data-start=\"1882\" data-end=\"1931\">\n<tr data-start=\"1882\" data-end=\"1931\">\n<th data-start=\"1882\" data-end=\"1902\" data-col-size=\"sm\">Param\u00e8tres<\/th>\n<th data-start=\"1902\" data-end=\"1931\" data-col-size=\"md\">Gamme<\/th>\n<\/tr>\n<\/thead>\n<tbody data-start=\"1981\" data-end=\"2198\">\n<tr data-start=\"1981\" data-end=\"2048\">\n<td data-start=\"1981\" data-end=\"2001\" data-col-size=\"sm\">Taille des filets<\/td>\n<td data-col-size=\"md\" data-start=\"2001\" data-end=\"2048\">M8 \u00d7 1,25, M10 \u00d7 1,5, M12 \u00d7 1,75, ou sur mesure<\/td>\n<\/tr>\n<tr data-start=\"2049\" data-end=\"2086\">\n<td data-start=\"2049\" data-end=\"2069\" data-col-size=\"sm\">Longueur du filet<\/td>\n<td data-col-size=\"md\" data-start=\"2069\" data-end=\"2086\">10 mm - 30 mm<\/td>\n<\/tr>\n<tr data-start=\"2087\" data-end=\"2123\">\n<td data-start=\"2087\" data-end=\"2107\" data-col-size=\"sm\">Diam\u00e8tre de la goupille<\/td>\n<td data-start=\"2107\" data-end=\"2123\" data-col-size=\"md\">3 mm - 12 mm<\/td>\n<\/tr>\n<tr data-start=\"2124\" data-end=\"2160\">\n<td data-start=\"2124\" data-end=\"2144\" data-col-size=\"sm\">Course de la goupille<\/td>\n<td data-col-size=\"md\" data-start=\"2144\" data-end=\"2160\">5 mm - 20 mm<\/td>\n<\/tr>\n<tr data-start=\"2161\" data-end=\"2198\">\n<td data-start=\"2161\" data-end=\"2181\" data-col-size=\"sm\">Diam\u00e8tre du bouton<\/td>\n<td data-start=\"2181\" data-end=\"2198\" data-col-size=\"md\">20 mm - 30 mm<\/td>\n<\/tr>\n<\/tbody>\n<\/table>\n<div class=\"sticky end-(--thread-content-margin) h-0 self-end select-none\">\n<div class=\"absolute end-0 flex items-end\"><\/div>\n<\/div>\n<\/div>\n<\/div>\n<p class=\"\" data-start=\"2200\" data-end=\"2253\"> Enti\u00e8rement personnalisable selon le dessin ou l'\u00e9chantillon.<\/p>\n<hr class=\"\" data-start=\"2255\" data-end=\"2258\" \/>\n<h2 class=\"\" data-start=\"2260\" data-end=\"2279\">\u2705 Caract\u00e9ristiques principales<\/h2>\n<ul data-start=\"2281\" data-end=\"2604\">\n<li class=\"\" data-start=\"2281\" data-end=\"2326\">\n<p class=\"\" data-start=\"2283\" data-end=\"2326\"> Action d'indexation positive \u00e0 ressort<\/p>\n<\/li>\n<li class=\"\" data-start=\"2327\" data-end=\"2369\">\n<p class=\"\" data-start=\"2329\" data-end=\"2369\"> Installation facile gr\u00e2ce au corps filet\u00e9<\/p>\n<\/li>\n<li class=\"\" data-start=\"2370\" data-end=\"2422\">\n<p class=\"\" data-start=\"2372\" data-end=\"2422\">\u270b R\u00e9traction manuelle \u00e0 l'aide d'un bouton ergonomique molet\u00e9<\/p>\n<\/li>\n<li class=\"\" data-start=\"2423\" data-end=\"2487\">\n<p class=\"\" data-start=\"2425\" data-end=\"2487\"> Id\u00e9al pour un ajustement rapide, un verrouillage et un contr\u00f4le de l'emplacement<\/p>\n<\/li>\n<li class=\"\" data-start=\"2488\" data-end=\"2554\">\n<p class=\"\" data-start=\"2490\" data-end=\"2554\"> Fonction de verrouillage et types d'\u00e9paulement disponibles en option<\/p>\n<\/li>\n<li class=\"\" data-start=\"2555\" data-end=\"2604\">\n<p class=\"\" data-start=\"2557\" data-end=\"2604\"> Dimensions et styles de filetage personnalis\u00e9s accept\u00e9s<\/p>\n<\/li>\n<\/ul>\n<hr class=\"\" data-start=\"2606\" data-end=\"2609\" \/>\n<h2 class=\"\" data-start=\"2611\" data-end=\"2638\">\u2705 Informations sur la commande<\/h2>\n<p class=\"\" data-start=\"2640\" data-end=\"2680\">Lors de l'envoi d'une demande de renseignements, veuillez indiquer<\/p>\n<ul data-start=\"2681\" data-end=\"2836\">\n<li class=\"\" data-start=\"2681\" data-end=\"2707\">\n<p class=\"\" data-start=\"2683\" data-end=\"2707\">Taille et longueur du filetage<\/p>\n<\/li>\n<li class=\"\" data-start=\"2708\" data-end=\"2735\">\n<p class=\"\" data-start=\"2710\" data-end=\"2735\">Diam\u00e8tre et course de l'axe<\/p>\n<\/li>\n<li class=\"\" data-start=\"2736\" data-end=\"2788\">\n<p class=\"\" data-start=\"2738\" data-end=\"2788\">Type de poign\u00e9e (standard, verrouillage, aluminium, etc.)<\/p>\n<\/li>\n<li class=\"\" data-start=\"2789\" data-end=\"2801\">\n<p class=\"\" data-start=\"2791\" data-end=\"2801\">Quantit\u00e9<\/p>\n<\/li>\n<li class=\"\" data-start=\"2802\" data-end=\"2836\">\n<p class=\"\" data-start=\"2804\" data-end=\"2836\">Dessin ou fichier CAO si disponible<\/p>\n<\/li>\n<\/ul>","protected":false},"excerpt":{"rendered":"<p>Pr\u00e9cision <strong data-start=\"267\" data-end=\"293\">piston index\u00e9 filet\u00e9<\/strong> avec goupille en acier inoxydable et bouton de traction molet\u00e9. Id\u00e9al pour les applications d'indexation m\u00e9canique, de localisation ou de verrouillage. <strong data-start=\"408\" data-end=\"454\">Les mat\u00e9riaux et les dimensions peuvent \u00eatre personnalis\u00e9s.<\/strong><\/p>","protected":false},"featured_media":1880,"comment_status":"open","ping_status":"closed","template":"","meta":{"site-sidebar-layout":"default","site-content-layout":"","ast-site-content-layout":"default","site-content-style":"default","site-sidebar-style":"default","ast-global-header-display":"","ast-banner-title-visibility":"","ast-main-header-display":"","ast-hfb-above-header-display":"","ast-hfb-below-header-display":"","ast-hfb-mobile-header-display":"","site-post-title":"","ast-breadcrumbs-content":"","ast-featured-img":"","footer-sml-layout":"","ast-disable-related-posts":"","theme-transparent-header-meta":"default","adv-header-id-meta":"","stick-header-meta":"","header-above-stick-meta":"","header-main-stick-meta":"","header-below-stick-meta":"","astra-migrate-meta-layouts":"set","ast-page-background-enabled":"default","ast-page-background-meta":{"desktop":{"background-color":"var(--ast-global-color-4)","background-image":"","background-repeat":"repeat","background-position":"center center","background-size":"auto","background-attachment":"scroll","background-type":"","background-media":"","overlay-type":"","overlay-color":"","overlay-opacity":"","overlay-gradient":""},"tablet":{"background-color":"","background-image":"","background-repeat":"repeat","background-position":"center center","background-size":"auto","background-attachment":"scroll","background-type":"","background-media":"","overlay-type":"","overlay-color":"","overlay-opacity":"","overlay-gradient":""},"mobile":{"background-color":"","background-image":"","background-repeat":"repeat","background-position":"center center","background-size":"auto","background-attachment":"scroll","background-type":"","background-media":"","overlay-type":"","overlay-color":"","overlay-opacity":"","overlay-gradient":""}},"ast-content-background-meta":{"desktop":{"background-color":"var(--ast-global-color-5)","background-image":"","background-repeat":"repeat","background-position":"center center","background-size":"auto","background-attachment":"scroll","background-type":"","background-media":"","overlay-type":"","overlay-color":"","overlay-opacity":"","overlay-gradient":""},"tablet":{"background-color":"var(--ast-global-color-5)","background-image":"","background-repeat":"repeat","background-position":"center center","background-size":"auto","background-attachment":"scroll","background-type":"","background-media":"","overlay-type":"","overlay-color":"","overlay-opacity":"","overlay-gradient":""},"mobile":{"background-color":"var(--ast-global-color-5)","background-image":"","background-repeat":"repeat","background-position":"center center","background-size":"auto","background-attachment":"scroll","background-type":"","background-media":"","overlay-type":"","overlay-color":"","overlay-opacity":"","overlay-gradient":""}}},"product_brand":[],"product_cat":[25],"product_tag":[],"class_list":{"0":"post-1879","1":"product","2":"type-product","3":"status-publish","4":"has-post-thumbnail","6":"product_cat-indexing-plunger","8":"first","9":"instock","10":"shipping-taxable","11":"product-type-simple"},"_links":{"self":[{"href":"https:\/\/www.sknfastener.com\/fr\/wp-json\/wp\/v2\/product\/1879","targetHints":{"allow":["GET"]}}],"collection":[{"href":"https:\/\/www.sknfastener.com\/fr\/wp-json\/wp\/v2\/product"}],"about":[{"href":"https:\/\/www.sknfastener.com\/fr\/wp-json\/wp\/v2\/types\/product"}],"replies":[{"embeddable":true,"href":"https:\/\/www.sknfastener.com\/fr\/wp-json\/wp\/v2\/comments?post=1879"}],"version-history":[{"count":1,"href":"https:\/\/www.sknfastener.com\/fr\/wp-json\/wp\/v2\/product\/1879\/revisions"}],"predecessor-version":[{"id":1886,"href":"https:\/\/www.sknfastener.com\/fr\/wp-json\/wp\/v2\/product\/1879\/revisions\/1886"}],"wp:featuredmedia":[{"embeddable":true,"href":"https:\/\/www.sknfastener.com\/fr\/wp-json\/wp\/v2\/media\/1880"}],"wp:attachment":[{"href":"https:\/\/www.sknfastener.com\/fr\/wp-json\/wp\/v2\/media?parent=1879"}],"wp:term":[{"taxonomy":"product_brand","embeddable":true,"href":"https:\/\/www.sknfastener.com\/fr\/wp-json\/wp\/v2\/product_brand?post=1879"},{"taxonomy":"product_cat","embeddable":true,"href":"https:\/\/www.sknfastener.com\/fr\/wp-json\/wp\/v2\/product_cat?post=1879"},{"taxonomy":"product_tag","embeddable":true,"href":"https:\/\/www.sknfastener.com\/fr\/wp-json\/wp\/v2\/product_tag?post=1879"}],"curies":[{"name":"wp","href":"https:\/\/api.w.org\/{rel}","templated":true}]}}