{"id":1887,"date":"2025-05-20T22:02:17","date_gmt":"2025-05-20T14:02:17","guid":{"rendered":"https:\/\/www.sknfastener.com\/?post_type=product&#038;p=1887"},"modified":"2025-05-20T22:21:17","modified_gmt":"2025-05-20T14:21:17","slug":"plug-screw","status":"publish","type":"product","link":"https:\/\/www.sknfastener.com\/fr\/produit\/plug-screw\/","title":{"rendered":"Vis d'obturation"},"content":{"rendered":"<h4 class=\"\" data-start=\"187\" data-end=\"215\"><strong data-start=\"192\" data-end=\"215\">Vis d'obturation Description du produit<\/strong><\/h4>\n<p class=\"\" data-start=\"216\" data-end=\"600\">Cette vis \u00e0 t\u00eate cylindrique en acier inoxydable est con\u00e7ue pour un alignement de pr\u00e9cision et un positionnement s\u00fbr dans les assemblages m\u00e9caniques. Fabriqu\u00e9e en acier inoxydable de haute qualit\u00e9 <strong data-start=\"364\" data-end=\"391\">Acier inoxydable SUS 304<\/strong>Il se compose d'un corps cylindrique avec une pointe chanfrein\u00e9e et une t\u00eate \u00e0 six pans creux pour faciliter l'installation et le retrait. La partie non filet\u00e9e assure un rep\u00e9rage pr\u00e9cis, tandis que la partie filet\u00e9e permet une fixation solide.<\/p>\n<p class=\"\" data-start=\"602\" data-end=\"887\">Couramment utilis\u00e9e dans les gabarits, les montages, les moules et les machines de pr\u00e9cision, la vis \u00e0 t\u00eate cylindrique offre une excellente r\u00e9sistance \u00e0 la corrosion et une stabilit\u00e9 dimensionnelle \u00e0 long terme. Elle est disponible dans une large gamme de diam\u00e8tres et de longueurs, avec des caract\u00e9ristiques suivantes <strong data-start=\"821\" data-end=\"886\">dimensions et sp\u00e9cifications de filetage personnalis\u00e9es disponibles sur demande<\/strong>.<\/p>\n<h4 class=\"\" data-start=\"889\" data-end=\"914\"><strong data-start=\"894\" data-end=\"914\">Caract\u00e9ristiques du produit<\/strong><\/h4>\n<ul data-start=\"915\" data-end=\"1394\">\n<li class=\"\" data-start=\"915\" data-end=\"956\">\n<p class=\"\" data-start=\"917\" data-end=\"956\"><strong data-start=\"917\" data-end=\"929\">Mat\u00e9riau<\/strong>: Acier inoxydable SUS 304<\/p>\n<\/li>\n<li class=\"\" data-start=\"957\" data-end=\"1010\">\n<p class=\"\" data-start=\"959\" data-end=\"1010\"><strong data-start=\"959\" data-end=\"974\">Type de fil<\/strong>: M\u00e9trique ou UNC\/UNF (personnalisable)<\/p>\n<\/li>\n<li class=\"\" data-start=\"1011\" data-end=\"1061\">\n<p class=\"\" data-start=\"1013\" data-end=\"1061\"><strong data-start=\"1013\" data-end=\"1026\">Type de t\u00eate<\/strong>: T\u00eate de douille hexagonale pour l'acc\u00e8s aux outils<\/p>\n<\/li>\n<li class=\"\" data-start=\"1062\" data-end=\"1123\">\n<p class=\"\" data-start=\"1064\" data-end=\"1123\"><strong data-start=\"1064\" data-end=\"1075\">Surface<\/strong>: Corps usin\u00e9 lisse avec des tol\u00e9rances pr\u00e9cises<\/p>\n<\/li>\n<li class=\"\" data-start=\"1124\" data-end=\"1200\">\n<p class=\"\" data-start=\"1126\" data-end=\"1200\"><strong data-start=\"1126\" data-end=\"1141\">Application<\/strong>: Positionnement de pr\u00e9cision, anti-rotation, alignement des fixations<\/p>\n<\/li>\n<li class=\"\" data-start=\"1201\" data-end=\"1279\">\n<p class=\"\" data-start=\"1203\" data-end=\"1279\"><strong data-start=\"1203\" data-end=\"1232\">Section filet\u00e9e + mise \u00e0 la terre<\/strong>: Combine la force de maintien avec un ajustement pr\u00e9cis<\/p>\n<\/li>\n<li class=\"\" data-start=\"1280\" data-end=\"1394\">\n<p class=\"\" data-start=\"1282\" data-end=\"1394\"><strong data-start=\"1282\" data-end=\"1299\">Personnalisation<\/strong>: La longueur du fil, la longueur totale et le diam\u00e8tre du corps peuvent \u00eatre adapt\u00e9s aux exigences de votre projet.<\/p>\n<\/li>\n<\/ul>\n<h4 class=\"\" data-start=\"1396\" data-end=\"1425\"><strong data-start=\"1401\" data-end=\"1425\">Applications typiques<\/strong><\/h4>\n<ul data-start=\"1426\" data-end=\"1604\">\n<li class=\"\" data-start=\"1426\" data-end=\"1457\">\n<p class=\"\" data-start=\"1428\" data-end=\"1457\">Montages et gabarits de pr\u00e9cision<\/p>\n<\/li>\n<li class=\"\" data-start=\"1458\" data-end=\"1494\">\n<p class=\"\" data-start=\"1460\" data-end=\"1494\">Alignement de l'outillage des moules d'injection<\/p>\n<\/li>\n<li class=\"\" data-start=\"1495\" data-end=\"1526\">\n<p class=\"\" data-start=\"1497\" data-end=\"1526\">But\u00e9es et guides m\u00e9caniques<\/p>\n<\/li>\n<li class=\"\" data-start=\"1527\" data-end=\"1566\">\n<p class=\"\" data-start=\"1529\" data-end=\"1566\">Positionnement dans les \u00e9quipements d'automatisation<\/p>\n<\/li>\n<li class=\"\" data-start=\"1567\" data-end=\"1604\">\n<p class=\"\" data-start=\"1569\" data-end=\"1604\">Fixation avec une pr\u00e9cision r\u00e9p\u00e9table<\/p>\n<\/li>\n<\/ul>\n<h4 class=\"\" data-start=\"1606\" data-end=\"1649\"><strong data-start=\"1611\" data-end=\"1649\">Sp\u00e9cifications techniques (exemple)<\/strong><\/h4>\n<div class=\"_tableContainer_16hzy_1\">\n<div class=\"_tableWrapper_16hzy_14 group flex w-fit flex-col-reverse\" tabindex=\"-1\">\n<table class=\"w-fit min-w-(--thread-content-width)\" data-start=\"1650\" data-end=\"1977\">\n<thead data-start=\"1650\" data-end=\"1728\">\n<tr data-start=\"1650\" data-end=\"1728\">\n<th data-start=\"1650\" data-end=\"1665\" data-col-size=\"sm\">Diam\u00e8tre (D)<\/th>\n<th data-start=\"1665\" data-end=\"1686\" data-col-size=\"sm\">Longueur totale (L)<\/th>\n<th data-start=\"1686\" data-end=\"1702\" data-col-size=\"sm\">Longueur du filet<\/th>\n<th data-start=\"1702\" data-end=\"1716\" data-col-size=\"sm\">Taille du filet<\/th>\n<th data-start=\"1716\" data-end=\"1728\" data-col-size=\"sm\">Mat\u00e9riau<\/th>\n<\/tr>\n<\/thead>\n<tbody data-start=\"1812\" data-end=\"1977\">\n<tr data-start=\"1812\" data-end=\"1894\">\n<td data-start=\"1812\" data-end=\"1827\" data-col-size=\"sm\">6 mm<\/td>\n<td data-col-size=\"sm\" data-start=\"1827\" data-end=\"1849\">40 mm<\/td>\n<td data-col-size=\"sm\" data-start=\"1849\" data-end=\"1866\">10 mm<\/td>\n<td data-col-size=\"sm\" data-start=\"1866\" data-end=\"1882\">M6 x 1,0<\/td>\n<td data-col-size=\"sm\" data-start=\"1882\" data-end=\"1894\">SUS 304<\/td>\n<\/tr>\n<tr data-start=\"1895\" data-end=\"1977\">\n<td data-start=\"1895\" data-end=\"1910\" data-col-size=\"sm\">8 mm<\/td>\n<td data-col-size=\"sm\" data-start=\"1910\" data-end=\"1932\">50 mm<\/td>\n<td data-col-size=\"sm\" data-start=\"1932\" data-end=\"1949\">12 mm<\/td>\n<td data-col-size=\"sm\" data-start=\"1949\" data-end=\"1965\">M8 x 1,25<\/td>\n<td data-col-size=\"sm\" data-start=\"1965\" data-end=\"1977\">SUS 304<\/td>\n<\/tr>\n<\/tbody>\n<\/table>\n<div class=\"sticky end-(--thread-content-margin) h-0 self-end select-none\">\n<div class=\"absolute end-0 flex items-end\"><\/div>\n<\/div>\n<\/div>\n<\/div>\n<blockquote data-start=\"1978\" data-end=\"2035\">\n<p class=\"\" data-start=\"1980\" data-end=\"2035\"><em data-start=\"1980\" data-end=\"2035\">Dimensions et filetages personnalis\u00e9s disponibles sur demande.<\/em><\/p>\n<\/blockquote>","protected":false},"excerpt":{"rendered":"<p>Vis \u00e0 t\u00eate cylindrique en acier inoxydable pour un positionnement pr\u00e9cis dans les montages industriels et l'outillage. Fabriqu\u00e9e en SUS 304. Les dimensions et les types de filetage peuvent \u00eatre personnalis\u00e9s.<\/p>","protected":false},"featured_media":1888,"comment_status":"open","ping_status":"closed","template":"","meta":{"site-sidebar-layout":"default","site-content-layout":"","ast-site-content-layout":"default","site-content-style":"default","site-sidebar-style":"default","ast-global-header-display":"","ast-banner-title-visibility":"","ast-main-header-display":"","ast-hfb-above-header-display":"","ast-hfb-below-header-display":"","ast-hfb-mobile-header-display":"","site-post-title":"","ast-breadcrumbs-content":"","ast-featured-img":"","footer-sml-layout":"","ast-disable-related-posts":"","theme-transparent-header-meta":"default","adv-header-id-meta":"","stick-header-meta":"","header-above-stick-meta":"","header-main-stick-meta":"","header-below-stick-meta":"","astra-migrate-meta-layouts":"set","ast-page-background-enabled":"default","ast-page-background-meta":{"desktop":{"background-color":"var(--ast-global-color-4)","background-image":"","background-repeat":"repeat","background-position":"center center","background-size":"auto","background-attachment":"scroll","background-type":"","background-media":"","overlay-type":"","overlay-color":"","overlay-opacity":"","overlay-gradient":""},"tablet":{"background-color":"","background-image":"","background-repeat":"repeat","background-position":"center center","background-size":"auto","background-attachment":"scroll","background-type":"","background-media":"","overlay-type":"","overlay-color":"","overlay-opacity":"","overlay-gradient":""},"mobile":{"background-color":"","background-image":"","background-repeat":"repeat","background-position":"center center","background-size":"auto","background-attachment":"scroll","background-type":"","background-media":"","overlay-type":"","overlay-color":"","overlay-opacity":"","overlay-gradient":""}},"ast-content-background-meta":{"desktop":{"background-color":"var(--ast-global-color-5)","background-image":"","background-repeat":"repeat","background-position":"center center","background-size":"auto","background-attachment":"scroll","background-type":"","background-media":"","overlay-type":"","overlay-color":"","overlay-opacity":"","overlay-gradient":""},"tablet":{"background-color":"var(--ast-global-color-5)","background-image":"","background-repeat":"repeat","background-position":"center center","background-size":"auto","background-attachment":"scroll","background-type":"","background-media":"","overlay-type":"","overlay-color":"","overlay-opacity":"","overlay-gradient":""},"mobile":{"background-color":"var(--ast-global-color-5)","background-image":"","background-repeat":"repeat","background-position":"center center","background-size":"auto","background-attachment":"scroll","background-type":"","background-media":"","overlay-type":"","overlay-color":"","overlay-opacity":"","overlay-gradient":""}}},"product_brand":[],"product_cat":[25],"product_tag":[],"class_list":{"0":"post-1887","1":"product","2":"type-product","3":"status-publish","4":"has-post-thumbnail","6":"product_cat-indexing-plunger","8":"first","9":"instock","10":"shipping-taxable","11":"product-type-simple"},"_links":{"self":[{"href":"https:\/\/www.sknfastener.com\/fr\/wp-json\/wp\/v2\/product\/1887","targetHints":{"allow":["GET"]}}],"collection":[{"href":"https:\/\/www.sknfastener.com\/fr\/wp-json\/wp\/v2\/product"}],"about":[{"href":"https:\/\/www.sknfastener.com\/fr\/wp-json\/wp\/v2\/types\/product"}],"replies":[{"embeddable":true,"href":"https:\/\/www.sknfastener.com\/fr\/wp-json\/wp\/v2\/comments?post=1887"}],"version-history":[{"count":1,"href":"https:\/\/www.sknfastener.com\/fr\/wp-json\/wp\/v2\/product\/1887\/revisions"}],"predecessor-version":[{"id":1894,"href":"https:\/\/www.sknfastener.com\/fr\/wp-json\/wp\/v2\/product\/1887\/revisions\/1894"}],"wp:featuredmedia":[{"embeddable":true,"href":"https:\/\/www.sknfastener.com\/fr\/wp-json\/wp\/v2\/media\/1888"}],"wp:attachment":[{"href":"https:\/\/www.sknfastener.com\/fr\/wp-json\/wp\/v2\/media?parent=1887"}],"wp:term":[{"taxonomy":"product_brand","embeddable":true,"href":"https:\/\/www.sknfastener.com\/fr\/wp-json\/wp\/v2\/product_brand?post=1887"},{"taxonomy":"product_cat","embeddable":true,"href":"https:\/\/www.sknfastener.com\/fr\/wp-json\/wp\/v2\/product_cat?post=1887"},{"taxonomy":"product_tag","embeddable":true,"href":"https:\/\/www.sknfastener.com\/fr\/wp-json\/wp\/v2\/product_tag?post=1887"}],"curies":[{"name":"wp","href":"https:\/\/api.w.org\/{rel}","templated":true}]}}