{"id":1896,"date":"2025-05-20T22:26:58","date_gmt":"2025-05-20T14:26:58","guid":{"rendered":"https:\/\/www.sknfastener.com\/?post_type=product&#038;p=1896"},"modified":"2025-05-20T22:26:58","modified_gmt":"2025-05-20T14:26:58","slug":"heavy-duty-index-plunger","status":"publish","type":"product","link":"https:\/\/www.sknfastener.com\/fr\/produit\/heavy-duty-index-plunger\/","title":{"rendered":"Piston d'indexation \u00e0 usage intensif"},"content":{"rendered":"<h4 class=\"\" data-start=\"162\" data-end=\"190\"><strong data-start=\"167\" data-end=\"190\">Piston d'indexation robuste Description du produit<\/strong><\/h4>\n<p class=\"\" data-start=\"191\" data-end=\"564\">Ce poussoir d'indexation robuste est con\u00e7u pour un positionnement et un verrouillage pr\u00e9cis dans les installations m\u00e9caniques exigeantes. Le corps en acier au carbone offre une excellente r\u00e9sistance et une grande durabilit\u00e9 dans les environnements \u00e0 forte charge. Il est dot\u00e9 d'une base filet\u00e9e et d'un axe r\u00e9tractable actionn\u00e9 par un v\u00e9rin lat\u00e9ral. <strong data-start=\"471\" data-end=\"483\">Poign\u00e9e en L<\/strong>qui permet une r\u00e9traction et un repositionnement rapides sans outil.<\/p>\n<p class=\"\" data-start=\"566\" data-end=\"856\">Ce composant est couramment utilis\u00e9 dans les machines-outils, les montages de soudage, les gabarits d'assemblage et les syst\u00e8mes d'outillage modulaires qui n\u00e9cessitent des ajustements r\u00e9p\u00e9t\u00e9s ou un indexage s\u00fbr. La construction solide garantit une longue dur\u00e9e de vie, m\u00eame dans les environnements industriels soumis \u00e0 des vibrations et \u00e0 des mouvements fr\u00e9quents.<\/p>\n<h4 class=\"\" data-start=\"858\" data-end=\"879\"><strong data-start=\"863\" data-end=\"879\">Caract\u00e9ristiques principales<\/strong><\/h4>\n<ul data-start=\"880\" data-end=\"1330\">\n<li class=\"\" data-start=\"880\" data-end=\"939\">\n<p class=\"\" data-start=\"882\" data-end=\"939\"><strong data-start=\"882\" data-end=\"894\">Mat\u00e9riau<\/strong>: Corps - Acier au carbone ; Goupille - Acier tremp\u00e9<\/p>\n<\/li>\n<li class=\"\" data-start=\"940\" data-end=\"996\">\n<p class=\"\" data-start=\"942\" data-end=\"996\"><strong data-start=\"942\" data-end=\"955\">Actionnement<\/strong>: Poign\u00e9e manuelle en L pour une traction et un verrouillage rapides<\/p>\n<\/li>\n<li class=\"\" data-start=\"997\" data-end=\"1050\">\n<p class=\"\" data-start=\"999\" data-end=\"1050\"><strong data-start=\"999\" data-end=\"1015\">Installation<\/strong>: Montage lat\u00e9ral avec deux trous de fixation<\/p>\n<\/li>\n<li class=\"\" data-start=\"1051\" data-end=\"1137\">\n<p class=\"\" data-start=\"1053\" data-end=\"1137\"><strong data-start=\"1053\" data-end=\"1070\">Style de verrouillage<\/strong>: Non verrouill\u00e9 (retour par ressort), ou version verrouill\u00e9e en option<\/p>\n<\/li>\n<li class=\"\" data-start=\"1138\" data-end=\"1196\">\n<p class=\"\" data-start=\"1140\" data-end=\"1196\"><strong data-start=\"1140\" data-end=\"1152\">Montage<\/strong>: Compatible avec les trous de passage ou le montage en surface<\/p>\n<\/li>\n<li class=\"\" data-start=\"1197\" data-end=\"1236\">\n<p class=\"\" data-start=\"1199\" data-end=\"1236\"><strong data-start=\"1199\" data-end=\"1209\">Finition<\/strong>: (non requis pour le texte)<\/p>\n<\/li>\n<li class=\"\" data-start=\"1237\" data-end=\"1330\">\n<p class=\"\" data-start=\"1239\" data-end=\"1330\"><strong data-start=\"1239\" data-end=\"1257\">Options personnalis\u00e9es<\/strong>: Section filet\u00e9e, diam\u00e8tre et longueur de l'axe personnalisables sur demande<\/p>\n<\/li>\n<\/ul>\n<h4 class=\"\" data-start=\"1332\" data-end=\"1360\"><strong data-start=\"1337\" data-end=\"1360\">Applications courantes<\/strong><\/h4>\n<ul data-start=\"1361\" data-end=\"1550\">\n<li class=\"\" data-start=\"1361\" data-end=\"1398\">\n<p class=\"\" data-start=\"1363\" data-end=\"1398\">M\u00e9canismes de positionnement industriels<\/p>\n<\/li>\n<li class=\"\" data-start=\"1399\" data-end=\"1437\">\n<p class=\"\" data-start=\"1401\" data-end=\"1437\">Syst\u00e8mes de r\u00e9glage de la hauteur ou de l'angle<\/p>\n<\/li>\n<li class=\"\" data-start=\"1438\" data-end=\"1470\">\n<p class=\"\" data-start=\"1440\" data-end=\"1470\">Dispositifs de soudage ou de serrage<\/p>\n<\/li>\n<li class=\"\" data-start=\"1471\" data-end=\"1503\">\n<p class=\"\" data-start=\"1473\" data-end=\"1503\">\u00c9quipement d'automatisation modulaire<\/p>\n<\/li>\n<li class=\"\" data-start=\"1504\" data-end=\"1550\">\n<p class=\"\" data-start=\"1506\" data-end=\"1550\">Verrouillage pr\u00e9cis de l'index dans les stations d'assemblage<\/p>\n<\/li>\n<\/ul>\n<h4 class=\"\" data-start=\"1552\" data-end=\"1579\"><strong data-start=\"1557\" data-end=\"1579\">Aper\u00e7u technique<\/strong><\/h4>\n<div class=\"_tableContainer_16hzy_1\">\n<div class=\"_tableWrapper_16hzy_14 group flex w-fit flex-col-reverse\" tabindex=\"-1\">\n<table class=\"w-fit min-w-(--thread-content-width)\" data-start=\"1580\" data-end=\"1934\">\n<thead data-start=\"1580\" data-end=\"1627\">\n<tr data-start=\"1580\" data-end=\"1627\">\n<th data-start=\"1580\" data-end=\"1598\" data-col-size=\"sm\">Param\u00e8tres<\/th>\n<th data-start=\"1598\" data-end=\"1627\" data-col-size=\"sm\">Valeur<\/th>\n<\/tr>\n<\/thead>\n<tbody data-start=\"1676\" data-end=\"1934\">\n<tr data-start=\"1676\" data-end=\"1730\">\n<td data-start=\"1676\" data-end=\"1694\" data-col-size=\"sm\">Diam\u00e8tre de la goupille<\/td>\n<td data-start=\"1694\" data-end=\"1730\" data-col-size=\"sm\">6 mm, 8 mm, 10 mm (personnalisable)<\/td>\n<\/tr>\n<tr data-start=\"1731\" data-end=\"1778\">\n<td data-start=\"1731\" data-end=\"1749\" data-col-size=\"sm\">Style de poign\u00e9e<\/td>\n<td data-col-size=\"sm\" data-start=\"1749\" data-end=\"1778\">Poign\u00e9e en L, \u00e0 ressort<\/td>\n<\/tr>\n<tr data-start=\"1779\" data-end=\"1826\">\n<td data-start=\"1779\" data-end=\"1797\" data-col-size=\"sm\">Fil du corps<\/td>\n<td data-col-size=\"sm\" data-start=\"1797\" data-end=\"1826\">M12 x 1,5 ou sur demande<\/td>\n<\/tr>\n<tr data-start=\"1827\" data-end=\"1874\">\n<td data-start=\"1827\" data-end=\"1845\" data-col-size=\"sm\">Trous de montage<\/td>\n<td data-col-size=\"sm\" data-start=\"1845\" data-end=\"1874\">2 \u00d7 taraud\u00e9s M6 ou M8<\/td>\n<\/tr>\n<tr data-start=\"1875\" data-end=\"1934\">\n<td data-start=\"1875\" data-end=\"1893\" data-col-size=\"sm\">Mat\u00e9riau<\/td>\n<td data-col-size=\"sm\" data-start=\"1893\" data-end=\"1934\">Acier au carbone \/ Axe en acier trait\u00e9 thermiquement<\/td>\n<\/tr>\n<\/tbody>\n<\/table>\n<div class=\"sticky end-(--thread-content-margin) h-0 self-end select-none\">\n<div class=\"absolute end-0 flex items-end\"><\/div>\n<\/div>\n<\/div>\n<\/div>\n<blockquote data-start=\"1935\" data-end=\"2023\">\n<p class=\"\" data-start=\"1937\" data-end=\"2023\"><em data-start=\"1937\" data-end=\"2023\">Note : D'autres dimensions, mat\u00e9riaux et configurations de montage sont disponibles sur demande.<\/em><\/p>\n<\/blockquote>","protected":false},"excerpt":{"rendered":"<p>Piston d'indexation robuste avec poign\u00e9e en L, en acier au carbone. Id\u00e9al pour un positionnement s\u00fbr dans les gabarits et les machines. Mat\u00e9riau et taille personnalisables.<\/p>","protected":false},"featured_media":1898,"comment_status":"open","ping_status":"closed","template":"","meta":{"site-sidebar-layout":"default","site-content-layout":"","ast-site-content-layout":"default","site-content-style":"default","site-sidebar-style":"default","ast-global-header-display":"","ast-banner-title-visibility":"","ast-main-header-display":"","ast-hfb-above-header-display":"","ast-hfb-below-header-display":"","ast-hfb-mobile-header-display":"","site-post-title":"","ast-breadcrumbs-content":"","ast-featured-img":"","footer-sml-layout":"","ast-disable-related-posts":"","theme-transparent-header-meta":"default","adv-header-id-meta":"","stick-header-meta":"","header-above-stick-meta":"","header-main-stick-meta":"","header-below-stick-meta":"","astra-migrate-meta-layouts":"set","ast-page-background-enabled":"default","ast-page-background-meta":{"desktop":{"background-color":"var(--ast-global-color-4)","background-image":"","background-repeat":"repeat","background-position":"center center","background-size":"auto","background-attachment":"scroll","background-type":"","background-media":"","overlay-type":"","overlay-color":"","overlay-opacity":"","overlay-gradient":""},"tablet":{"background-color":"","background-image":"","background-repeat":"repeat","background-position":"center center","background-size":"auto","background-attachment":"scroll","background-type":"","background-media":"","overlay-type":"","overlay-color":"","overlay-opacity":"","overlay-gradient":""},"mobile":{"background-color":"","background-image":"","background-repeat":"repeat","background-position":"center center","background-size":"auto","background-attachment":"scroll","background-type":"","background-media":"","overlay-type":"","overlay-color":"","overlay-opacity":"","overlay-gradient":""}},"ast-content-background-meta":{"desktop":{"background-color":"var(--ast-global-color-5)","background-image":"","background-repeat":"repeat","background-position":"center center","background-size":"auto","background-attachment":"scroll","background-type":"","background-media":"","overlay-type":"","overlay-color":"","overlay-opacity":"","overlay-gradient":""},"tablet":{"background-color":"var(--ast-global-color-5)","background-image":"","background-repeat":"repeat","background-position":"center center","background-size":"auto","background-attachment":"scroll","background-type":"","background-media":"","overlay-type":"","overlay-color":"","overlay-opacity":"","overlay-gradient":""},"mobile":{"background-color":"var(--ast-global-color-5)","background-image":"","background-repeat":"repeat","background-position":"center center","background-size":"auto","background-attachment":"scroll","background-type":"","background-media":"","overlay-type":"","overlay-color":"","overlay-opacity":"","overlay-gradient":""}}},"product_brand":[],"product_cat":[25],"product_tag":[],"class_list":{"0":"post-1896","1":"product","2":"type-product","3":"status-publish","4":"has-post-thumbnail","6":"product_cat-indexing-plunger","8":"first","9":"instock","10":"shipping-taxable","11":"product-type-simple"},"_links":{"self":[{"href":"https:\/\/www.sknfastener.com\/fr\/wp-json\/wp\/v2\/product\/1896","targetHints":{"allow":["GET"]}}],"collection":[{"href":"https:\/\/www.sknfastener.com\/fr\/wp-json\/wp\/v2\/product"}],"about":[{"href":"https:\/\/www.sknfastener.com\/fr\/wp-json\/wp\/v2\/types\/product"}],"replies":[{"embeddable":true,"href":"https:\/\/www.sknfastener.com\/fr\/wp-json\/wp\/v2\/comments?post=1896"}],"version-history":[{"count":1,"href":"https:\/\/www.sknfastener.com\/fr\/wp-json\/wp\/v2\/product\/1896\/revisions"}],"predecessor-version":[{"id":1901,"href":"https:\/\/www.sknfastener.com\/fr\/wp-json\/wp\/v2\/product\/1896\/revisions\/1901"}],"wp:featuredmedia":[{"embeddable":true,"href":"https:\/\/www.sknfastener.com\/fr\/wp-json\/wp\/v2\/media\/1898"}],"wp:attachment":[{"href":"https:\/\/www.sknfastener.com\/fr\/wp-json\/wp\/v2\/media?parent=1896"}],"wp:term":[{"taxonomy":"product_brand","embeddable":true,"href":"https:\/\/www.sknfastener.com\/fr\/wp-json\/wp\/v2\/product_brand?post=1896"},{"taxonomy":"product_cat","embeddable":true,"href":"https:\/\/www.sknfastener.com\/fr\/wp-json\/wp\/v2\/product_cat?post=1896"},{"taxonomy":"product_tag","embeddable":true,"href":"https:\/\/www.sknfastener.com\/fr\/wp-json\/wp\/v2\/product_tag?post=1896"}],"curies":[{"name":"wp","href":"https:\/\/api.w.org\/{rel}","templated":true}]}}