{"id":1902,"date":"2025-05-20T22:33:51","date_gmt":"2025-05-20T14:33:51","guid":{"rendered":"https:\/\/www.sknfastener.com\/?post_type=product&#038;p=1902"},"modified":"2025-05-20T22:36:23","modified_gmt":"2025-05-20T14:36:23","slug":"stainless-steel-indexing-plunger","status":"publish","type":"product","link":"https:\/\/www.sknfastener.com\/fr\/produit\/stainless-steel-indexing-plunger\/","title":{"rendered":"Piston d'indexation en acier inoxydable"},"content":{"rendered":"<h4 class=\"\" data-start=\"161\" data-end=\"189\"><strong data-start=\"166\" data-end=\"189\">Piston d'indexation en acier inoxydable Description du produit<\/strong><\/h4>\n<p class=\"\" data-start=\"190\" data-end=\"499\">Ce piston d'indexation en acier inoxydable offre un positionnement s\u00fbr et une fonctionnalit\u00e9 de lib\u00e9ration rapide pour une large gamme d'assemblages industriels et m\u00e9caniques. Il est dot\u00e9 d'un corps filet\u00e9 pour faciliter l'installation dans des trous pr\u00e9-taraud\u00e9s et d'un axe \u00e0 ressort qui peut \u00eatre r\u00e9tract\u00e9 en tirant sur le bouton externe.<\/p>\n<p class=\"\" data-start=\"501\" data-end=\"792\">Une fois rel\u00e2ch\u00e9e, la goupille se verrouille automatiquement en place, garantissant un positionnement r\u00e9p\u00e9titif pr\u00e9cis sans qu'il soit n\u00e9cessaire de proc\u00e9der \u00e0 un serrage suppl\u00e9mentaire. L'axe et le corps en acier inoxydable robuste conviennent aux environnements \u00e0 forte charge, et le bouton molet\u00e9 offre une prise fiable pour les op\u00e9rations manuelles fr\u00e9quentes.<\/p>\n<h4 class=\"\" data-start=\"794\" data-end=\"815\"><strong data-start=\"799\" data-end=\"815\">Caract\u00e9ristiques principales<\/strong><\/h4>\n<ul data-start=\"816\" data-end=\"1232\">\n<li class=\"\" data-start=\"816\" data-end=\"871\">\n<p class=\"\" data-start=\"818\" data-end=\"871\"><strong data-start=\"818\" data-end=\"830\">Mat\u00e9riau<\/strong>: Acier inoxydable SUS304 (corps et goupille)<\/p>\n<\/li>\n<li class=\"\" data-start=\"872\" data-end=\"915\">\n<p class=\"\" data-start=\"874\" data-end=\"915\"><strong data-start=\"874\" data-end=\"889\">Type de fil<\/strong>: M\u00e9trique \/ UNC disponible<\/p>\n<\/li>\n<li class=\"\" data-start=\"916\" data-end=\"987\">\n<p class=\"\" data-start=\"918\" data-end=\"987\"><strong data-start=\"918\" data-end=\"931\">Fonctionnement<\/strong>: Tirer le bouton pour r\u00e9tracter, le ressort bloque automatiquement la goupille.<\/p>\n<\/li>\n<li class=\"\" data-start=\"988\" data-end=\"1055\">\n<p class=\"\" data-start=\"990\" data-end=\"1055\"><strong data-start=\"990\" data-end=\"1002\">Montage<\/strong>: Corps filet\u00e9 avec base hexagonale pour le serrage \u00e0 la cl\u00e9<\/p>\n<\/li>\n<li class=\"\" data-start=\"1056\" data-end=\"1105\">\n<p class=\"\" data-start=\"1058\" data-end=\"1105\"><strong data-start=\"1058\" data-end=\"1070\">Type de broche<\/strong>: Goupille de positionnement cylindrique rectifi\u00e9e<\/p>\n<\/li>\n<li class=\"\" data-start=\"1106\" data-end=\"1169\">\n<p class=\"\" data-start=\"1108\" data-end=\"1169\"><strong data-start=\"1108\" data-end=\"1117\">Tailles<\/strong>: M8, M10, M12, M16, M20 - personnalisable sur demande<\/p>\n<\/li>\n<li class=\"\" data-start=\"1170\" data-end=\"1232\">\n<p class=\"\" data-start=\"1172\" data-end=\"1232\"><strong data-start=\"1172\" data-end=\"1189\">Mat\u00e9riau du bouton<\/strong>: Bouton en plastique noir pour une manipulation ergonomique<\/p>\n<\/li>\n<\/ul>\n<h4 class=\"\" data-start=\"1234\" data-end=\"1263\"><strong data-start=\"1239\" data-end=\"1263\">Applications typiques<\/strong><\/h4>\n<ul data-start=\"1264\" data-end=\"1478\">\n<li class=\"\" data-start=\"1264\" data-end=\"1308\">\n<p class=\"\" data-start=\"1266\" data-end=\"1308\">Dispositifs de positionnement dans les gabarits et les montages<\/p>\n<\/li>\n<li class=\"\" data-start=\"1309\" data-end=\"1360\">\n<p class=\"\" data-start=\"1311\" data-end=\"1360\">\u00c9l\u00e9ments de verrouillage dans les cadres ou guides r\u00e9glables<\/p>\n<\/li>\n<li class=\"\" data-start=\"1361\" data-end=\"1417\">\n<p class=\"\" data-start=\"1363\" data-end=\"1417\">Indexation de la hauteur et de l'alignement sur les machines industrielles<\/p>\n<\/li>\n<li class=\"\" data-start=\"1418\" data-end=\"1478\">\n<p class=\"\" data-start=\"1420\" data-end=\"1478\">Positionnement r\u00e9p\u00e9titif s\u00fbr dans les lignes d'emballage ou d'automatisation<\/p>\n<\/li>\n<\/ul>\n<h4 class=\"\" data-start=\"1480\" data-end=\"1507\"><strong data-start=\"1485\" data-end=\"1507\">Aper\u00e7u technique<\/strong><\/h4>\n<div class=\"_tableContainer_16hzy_1\">\n<div class=\"_tableWrapper_16hzy_14 group flex w-fit flex-col-reverse\" tabindex=\"-1\">\n<table class=\"w-fit min-w-(--thread-content-width)\" data-start=\"1508\" data-end=\"1911\">\n<thead data-start=\"1508\" data-end=\"1564\">\n<tr data-start=\"1508\" data-end=\"1564\">\n<th data-start=\"1508\" data-end=\"1529\" data-col-size=\"sm\">Param\u00e8tres<\/th>\n<th data-start=\"1529\" data-end=\"1564\" data-col-size=\"sm\">Valeur<\/th>\n<\/tr>\n<\/thead>\n<tbody data-start=\"1622\" data-end=\"1911\">\n<tr data-start=\"1622\" data-end=\"1679\">\n<td data-start=\"1622\" data-end=\"1643\" data-col-size=\"sm\">Taille des filets<\/td>\n<td data-col-size=\"sm\" data-start=\"1643\" data-end=\"1679\">M8, M10, M12, M16, M20<\/td>\n<\/tr>\n<tr data-start=\"1680\" data-end=\"1737\">\n<td data-start=\"1680\" data-end=\"1701\" data-col-size=\"sm\">Diam\u00e8tre de la goupille<\/td>\n<td data-col-size=\"sm\" data-start=\"1701\" data-end=\"1737\">5 mm - 12 mm<\/td>\n<\/tr>\n<tr data-start=\"1738\" data-end=\"1795\">\n<td data-start=\"1738\" data-end=\"1759\" data-col-size=\"sm\">Course de la goupille<\/td>\n<td data-col-size=\"sm\" data-start=\"1759\" data-end=\"1795\">5 mm - 10 mm<\/td>\n<\/tr>\n<tr data-start=\"1796\" data-end=\"1853\">\n<td data-start=\"1796\" data-end=\"1817\" data-col-size=\"sm\">Longueur totale<\/td>\n<td data-col-size=\"sm\" data-start=\"1817\" data-end=\"1853\">Selon le mod\u00e8le (personnalisable)<\/td>\n<\/tr>\n<tr data-start=\"1854\" data-end=\"1911\">\n<td data-start=\"1854\" data-end=\"1875\" data-col-size=\"sm\">Force d'actionnement<\/td>\n<td data-col-size=\"sm\" data-start=\"1875\" data-end=\"1911\">25 - 40 N (selon le type de ressort)<\/td>\n<\/tr>\n<\/tbody>\n<\/table>\n<div class=\"sticky end-(--thread-content-margin) h-0 self-end select-none\">\n<div class=\"absolute end-0 flex items-end\"><\/div>\n<\/div>\n<\/div>\n<\/div>\n<blockquote data-start=\"1912\" data-end=\"1985\">\n<p class=\"\" data-start=\"1914\" data-end=\"1985\">Longueur de goupille, taille de filetage ou type de verrouillage personnalis\u00e9s disponibles sur demande.<\/p>\n<\/blockquote>","protected":false},"excerpt":{"rendered":"<p>Piston d'indexation en acier inoxydable avec corps filet\u00e9 et bouton de traction. Id\u00e9al pour les gabarits, les machines et les syst\u00e8mes de positionnement modulaires. Le mat\u00e9riau et la taille peuvent \u00eatre personnalis\u00e9s.<\/p>","protected":false},"featured_media":1907,"comment_status":"open","ping_status":"closed","template":"","meta":{"site-sidebar-layout":"default","site-content-layout":"","ast-site-content-layout":"default","site-content-style":"default","site-sidebar-style":"default","ast-global-header-display":"","ast-banner-title-visibility":"","ast-main-header-display":"","ast-hfb-above-header-display":"","ast-hfb-below-header-display":"","ast-hfb-mobile-header-display":"","site-post-title":"","ast-breadcrumbs-content":"","ast-featured-img":"","footer-sml-layout":"","ast-disable-related-posts":"","theme-transparent-header-meta":"default","adv-header-id-meta":"","stick-header-meta":"","header-above-stick-meta":"","header-main-stick-meta":"","header-below-stick-meta":"","astra-migrate-meta-layouts":"set","ast-page-background-enabled":"default","ast-page-background-meta":{"desktop":{"background-color":"var(--ast-global-color-4)","background-image":"","background-repeat":"repeat","background-position":"center center","background-size":"auto","background-attachment":"scroll","background-type":"","background-media":"","overlay-type":"","overlay-color":"","overlay-opacity":"","overlay-gradient":""},"tablet":{"background-color":"","background-image":"","background-repeat":"repeat","background-position":"center center","background-size":"auto","background-attachment":"scroll","background-type":"","background-media":"","overlay-type":"","overlay-color":"","overlay-opacity":"","overlay-gradient":""},"mobile":{"background-color":"","background-image":"","background-repeat":"repeat","background-position":"center center","background-size":"auto","background-attachment":"scroll","background-type":"","background-media":"","overlay-type":"","overlay-color":"","overlay-opacity":"","overlay-gradient":""}},"ast-content-background-meta":{"desktop":{"background-color":"var(--ast-global-color-5)","background-image":"","background-repeat":"repeat","background-position":"center center","background-size":"auto","background-attachment":"scroll","background-type":"","background-media":"","overlay-type":"","overlay-color":"","overlay-opacity":"","overlay-gradient":""},"tablet":{"background-color":"var(--ast-global-color-5)","background-image":"","background-repeat":"repeat","background-position":"center center","background-size":"auto","background-attachment":"scroll","background-type":"","background-media":"","overlay-type":"","overlay-color":"","overlay-opacity":"","overlay-gradient":""},"mobile":{"background-color":"var(--ast-global-color-5)","background-image":"","background-repeat":"repeat","background-position":"center center","background-size":"auto","background-attachment":"scroll","background-type":"","background-media":"","overlay-type":"","overlay-color":"","overlay-opacity":"","overlay-gradient":""}}},"product_brand":[],"product_cat":[25],"product_tag":[],"class_list":{"0":"post-1902","1":"product","2":"type-product","3":"status-publish","4":"has-post-thumbnail","6":"product_cat-indexing-plunger","8":"first","9":"instock","10":"shipping-taxable","11":"product-type-simple"},"_links":{"self":[{"href":"https:\/\/www.sknfastener.com\/fr\/wp-json\/wp\/v2\/product\/1902","targetHints":{"allow":["GET"]}}],"collection":[{"href":"https:\/\/www.sknfastener.com\/fr\/wp-json\/wp\/v2\/product"}],"about":[{"href":"https:\/\/www.sknfastener.com\/fr\/wp-json\/wp\/v2\/types\/product"}],"replies":[{"embeddable":true,"href":"https:\/\/www.sknfastener.com\/fr\/wp-json\/wp\/v2\/comments?post=1902"}],"version-history":[{"count":1,"href":"https:\/\/www.sknfastener.com\/fr\/wp-json\/wp\/v2\/product\/1902\/revisions"}],"predecessor-version":[{"id":1908,"href":"https:\/\/www.sknfastener.com\/fr\/wp-json\/wp\/v2\/product\/1902\/revisions\/1908"}],"wp:featuredmedia":[{"embeddable":true,"href":"https:\/\/www.sknfastener.com\/fr\/wp-json\/wp\/v2\/media\/1907"}],"wp:attachment":[{"href":"https:\/\/www.sknfastener.com\/fr\/wp-json\/wp\/v2\/media?parent=1902"}],"wp:term":[{"taxonomy":"product_brand","embeddable":true,"href":"https:\/\/www.sknfastener.com\/fr\/wp-json\/wp\/v2\/product_brand?post=1902"},{"taxonomy":"product_cat","embeddable":true,"href":"https:\/\/www.sknfastener.com\/fr\/wp-json\/wp\/v2\/product_cat?post=1902"},{"taxonomy":"product_tag","embeddable":true,"href":"https:\/\/www.sknfastener.com\/fr\/wp-json\/wp\/v2\/product_tag?post=1902"}],"curies":[{"name":"wp","href":"https:\/\/api.w.org\/{rel}","templated":true}]}}