{"id":1208,"date":"2025-05-06T15:25:38","date_gmt":"2025-05-06T15:25:38","guid":{"rendered":"https:\/\/sknfastener.com\/?post_type=product&#038;p=1208"},"modified":"2025-05-17T18:33:07","modified_gmt":"2025-05-17T10:33:07","slug":"t-handle-quick-release-pin","status":"publish","type":"product","link":"https:\/\/www.sknfastener.com\/pt\/produto\/t-handle-quick-release-pin\/","title":{"rendered":"Pino de libera\u00e7\u00e3o r\u00e1pida da al\u00e7a em T"},"content":{"rendered":"<p>Pino de libera\u00e7\u00e3o r\u00e1pida da al\u00e7a em T Fun\u00e7\u00f5es principais<br \/>\n\u25b6\ufe0f Trava de seguran\u00e7a de n\u00edvel militar: mecanismo inovador de libera\u00e7\u00e3o por bot\u00e3o (requer dois dedos para pressionar e destravar), eliminando o risco de queda acidental durante a opera\u00e7\u00e3o<br \/>\n\u25b6\ufe0f Adapta\u00e7\u00e3o de 360\u00b0 em cena completa: posicionamento de equipamentos de precis\u00e3o\/troca r\u00e1pida de molde da linha de produ\u00e7\u00e3o\/refor\u00e7o da dobradi\u00e7a de m\u00e1quinas pesadas<\/p>\n<p>Configura\u00e7\u00e3o de material de n\u00edvel militar<br \/>\n\u221a Pino: a\u00e7o inoxid\u00e1vel 17-4PH endurecido por precipita\u00e7\u00e3o (certifica\u00e7\u00e3o AMS 5643)<\/p>\n<p>Resist\u00eancia \u00e0 tra\u00e7\u00e3o \u22651300MPa\uff5c Teste de pulveriza\u00e7\u00e3o de sal 2000h sem ferrugem<br \/>\n\u221a Cabo: Alum\u00ednio fundido sob press\u00e3o 380 de grau de avia\u00e7\u00e3o (anodizado preto)<\/p>\n<p>Redu\u00e7\u00e3o de peso de 40%\uff5cN\u00edvel de resist\u00eancia a arranh\u00f5es HB200+<\/p>\n<p>Destaques do design humanizado<br \/>\n\u2611\ufe0f Fivela padr\u00e3o de a\u00e7o inoxid\u00e1vel 304 antiperda (adaptada ao cabo de a\u00e7o de seguran\u00e7a de \u03a65 mm)<br \/>\n\u2611\ufe0f Curso personalizado de 30 a 500 mm sob demanda (entrega de amostra em 48 horas, suporte para grava\u00e7\u00e3o a laser)<br \/>\n\u2611\ufe0f Precis\u00e3o de posicionamento da cabe\u00e7a esf\u00e9rica \u00b10,05 mm (toler\u00e2ncia ISO 2768-m)<\/p>\n<p>[Cen\u00e1rios de aplicativos].<br \/>\nPinos de seguran\u00e7a para m\u00e1quinas de engenharia \uff5c Dispositivos de troca r\u00e1pida da linha de produ\u00e7\u00e3o automatizada \uff5c Inspe\u00e7\u00e3o e posicionamento da l\u00e2mina da turbina e\u00f3lica \uff5c Desmontagem e montagem modular de equipamentos militares<\/p>\n<p>(Acompanha um manual de sele\u00e7\u00e3o de 16 p\u00e1ginas, incluindo especifica\u00e7\u00f5es de instala\u00e7\u00e3o padr\u00e3o da NASA)<br \/>\n\u2192 Clique para obter toda a gama de desenhos 3D\/ferramentas de c\u00e1lculo de carga \u2190<\/p>\n<p>&nbsp;<\/p>","protected":false},"excerpt":{"rendered":"<p>O pino de libera\u00e7\u00e3o r\u00e1pida com al\u00e7a em T \u00e9 popular. Design de libera\u00e7\u00e3o de a\u00e7\u00e3o \u00fanica: desmontagem e montagem do tipo push em segundos, adequado para requisitos de comuta\u00e7\u00e3o de alta intensidade, como troca de molde da linha de produ\u00e7\u00e3o\/manuten\u00e7\u00e3o de equipamentos<br \/>\nVida \u00fatil de 10.000 ciclos: estrutura de travamento de n\u00edvel militar, mantendo a precis\u00e3o de posicionamento de \u00b10,1 mm sob flutua\u00e7\u00f5es de carga<br \/>\nSolu\u00e7\u00e3o para todos os cen\u00e1rios: posicionamento e travamento precisos | calibra\u00e7\u00e3o din\u00e2mica | sistema modular de troca r\u00e1pida<\/p>","protected":false},"featured_media":1799,"comment_status":"closed","ping_status":"closed","template":"","meta":{"site-sidebar-layout":"default","site-content-layout":"","ast-site-content-layout":"full-width-container","site-content-style":"boxed","site-sidebar-style":"boxed","ast-global-header-display":"","ast-banner-title-visibility":"","ast-main-header-display":"","ast-hfb-above-header-display":"","ast-hfb-below-header-display":"","ast-hfb-mobile-header-display":"","site-post-title":"","ast-breadcrumbs-content":"","ast-featured-img":"","footer-sml-layout":"","ast-disable-related-posts":"","theme-transparent-header-meta":"default","adv-header-id-meta":"","stick-header-meta":"","header-above-stick-meta":"","header-main-stick-meta":"","header-below-stick-meta":"","astra-migrate-meta-layouts":"set","ast-page-background-enabled":"default","ast-page-background-meta":{"desktop":{"background-color":"var(--ast-global-color-4)","background-image":"","background-repeat":"repeat","background-position":"center center","background-size":"auto","background-attachment":"scroll","background-type":"","background-media":"","overlay-type":"","overlay-color":"","overlay-opacity":"","overlay-gradient":""},"tablet":{"background-color":"","background-image":"","background-repeat":"repeat","background-position":"center center","background-size":"auto","background-attachment":"scroll","background-type":"","background-media":"","overlay-type":"","overlay-color":"","overlay-opacity":"","overlay-gradient":""},"mobile":{"background-color":"","background-image":"","background-repeat":"repeat","background-position":"center center","background-size":"auto","background-attachment":"scroll","background-type":"","background-media":"","overlay-type":"","overlay-color":"","overlay-opacity":"","overlay-gradient":""}},"ast-content-background-meta":{"desktop":{"background-color":"var(--ast-global-color-5)","background-image":"","background-repeat":"repeat","background-position":"center center","background-size":"auto","background-attachment":"scroll","background-type":"","background-media":"","overlay-type":"","overlay-color":"","overlay-opacity":"","overlay-gradient":""},"tablet":{"background-color":"var(--ast-global-color-5)","background-image":"","background-repeat":"repeat","background-position":"center center","background-size":"auto","background-attachment":"scroll","background-type":"","background-media":"","overlay-type":"","overlay-color":"","overlay-opacity":"","overlay-gradient":""},"mobile":{"background-color":"var(--ast-global-color-5)","background-image":"","background-repeat":"repeat","background-position":"center center","background-size":"auto","background-attachment":"scroll","background-type":"","background-media":"","overlay-type":"","overlay-color":"","overlay-opacity":"","overlay-gradient":""}}},"product_brand":[],"product_cat":[19],"product_tag":[],"class_list":{"0":"post-1208","1":"product","2":"type-product","3":"status-publish","4":"has-post-thumbnail","6":"product_cat-fasteners","8":"first","9":"instock","10":"shipping-taxable","11":"product-type-simple"},"_links":{"self":[{"href":"https:\/\/www.sknfastener.com\/pt\/wp-json\/wp\/v2\/product\/1208","targetHints":{"allow":["GET"]}}],"collection":[{"href":"https:\/\/www.sknfastener.com\/pt\/wp-json\/wp\/v2\/product"}],"about":[{"href":"https:\/\/www.sknfastener.com\/pt\/wp-json\/wp\/v2\/types\/product"}],"replies":[{"embeddable":true,"href":"https:\/\/www.sknfastener.com\/pt\/wp-json\/wp\/v2\/comments?post=1208"}],"version-history":[{"count":2,"href":"https:\/\/www.sknfastener.com\/pt\/wp-json\/wp\/v2\/product\/1208\/revisions"}],"predecessor-version":[{"id":1846,"href":"https:\/\/www.sknfastener.com\/pt\/wp-json\/wp\/v2\/product\/1208\/revisions\/1846"}],"wp:featuredmedia":[{"embeddable":true,"href":"https:\/\/www.sknfastener.com\/pt\/wp-json\/wp\/v2\/media\/1799"}],"wp:attachment":[{"href":"https:\/\/www.sknfastener.com\/pt\/wp-json\/wp\/v2\/media?parent=1208"}],"wp:term":[{"taxonomy":"product_brand","embeddable":true,"href":"https:\/\/www.sknfastener.com\/pt\/wp-json\/wp\/v2\/product_brand?post=1208"},{"taxonomy":"product_cat","embeddable":true,"href":"https:\/\/www.sknfastener.com\/pt\/wp-json\/wp\/v2\/product_cat?post=1208"},{"taxonomy":"product_tag","embeddable":true,"href":"https:\/\/www.sknfastener.com\/pt\/wp-json\/wp\/v2\/product_tag?post=1208"}],"curies":[{"name":"wp","href":"https:\/\/api.w.org\/{rel}","templated":true}]}}