{"id":1553,"date":"2025-05-14T08:56:29","date_gmt":"2025-05-14T08:56:29","guid":{"rendered":"https:\/\/www.sknfastener.com\/?post_type=product&#038;p=1553"},"modified":"2025-05-17T18:29:02","modified_gmt":"2025-05-17T10:29:02","slug":"quick-release-pin-supplier","status":"publish","type":"product","link":"https:\/\/www.sknfastener.com\/pt\/produto\/quick-release-pin-supplier\/","title":{"rendered":"Fornecedor de pinos de libera\u00e7\u00e3o r\u00e1pida"},"content":{"rendered":"<h5>Como fornecedor de pinos de libera\u00e7\u00e3o r\u00e1pida. Os pinos de libera\u00e7\u00e3o r\u00e1pida s\u00e3o solu\u00e7\u00f5es de fixa\u00e7\u00e3o de engenharia de precis\u00e3o projetadas para montagem e desmontagem r\u00e1pidas sem a necessidade de ferramentas. Com mecanismos de travamento seguros, como os tipos de trava esf\u00e9rica ou bot\u00e3o de press\u00e3o, eles garantem um desempenho confi\u00e1vel em aplica\u00e7\u00f5es industriais, aeroespaciais, mar\u00edtimas e automotivas exigentes.<\/h5>\n<p><b data-spm-anchor-id=\"a2700.details-description.0.i0.6a35qOHSqOHSKR\">1. como posso obter o pre\u00e7o? <\/b>-Geralmente, fazemos a cota\u00e7\u00e3o dentro de 24 horas ap\u00f3s recebermos sua consulta (exceto finais de semana e feriados). Se estiver com muita urg\u00eancia para obter o pre\u00e7o, envie-nos um e-mail ou entre em contato conosco de outra forma para que possamos oferecer uma cota\u00e7\u00e3o.<\/p>\n<p><b>2. Posso comprar amostras ao fazer pedidos? <\/b>-Sim. Fique \u00e0 vontade para entrar em contato conosco.<\/p>\n<p><b>3) Qual \u00e9 o seu prazo de entrega? <\/b>-Depende da quantidade do pedido e da \u00e9poca em que voc\u00ea faz o pedido. -Geralmente, podemos enviar dentro de 7 a 15 dias para pequenas quantidades e cerca de 30 dias para grandes quantidades. <b>4<\/b><\/p>\n<p><b>Qual \u00e9 seu prazo de pagamento? <\/b>-T\/T, Western Union, MoneyGram e Paypal, que podem ser negociados.<\/p>\n<p><b>5) Qual \u00e9 o m\u00e9todo de envio? <\/b>-Ele pode ser enviado por via mar\u00edtima, a\u00e9rea ou expressa (EMS, UPS, DHL, TNT, FEDEX e outros). Confirme conosco antes de fazer pedidos.<\/p>\n<p><b>6) Como voc\u00ea faz para que nosso neg\u00f3cio seja de longo prazo e tenha um bom relacionamento? <\/b>-1. Mantemos a boa qualidade e o pre\u00e7o competitivo para garantir o benef\u00edcio de nossos clientes; -2. Respeitamos cada cliente como nosso amigo e sinceramente fazemos neg\u00f3cios e amizade com eles, n\u00e3o importa de onde venham.<\/p>","protected":false},"excerpt":{"rendered":"<p>Fornecedor de pinos de libera\u00e7\u00e3o r\u00e1pida Os pinos de libera\u00e7\u00e3o com bot\u00e3o de press\u00e3o oferecem uma solu\u00e7\u00e3o de travamento compacta e de baixo perfil. Com uma cabe\u00e7a de bot\u00e3o embutida e mecanismo de travamento interno, eles s\u00e3o perfeitos para espa\u00e7os confinados e aplica\u00e7\u00f5es que exigem um acabamento limpo, como dispositivos m\u00e9dicos, eletr\u00f4nicos ou sistemas de transporte.<\/p>","protected":false},"featured_media":1792,"comment_status":"closed","ping_status":"closed","template":"","meta":{"site-sidebar-layout":"default","site-content-layout":"","ast-site-content-layout":"default","site-content-style":"default","site-sidebar-style":"default","ast-global-header-display":"","ast-banner-title-visibility":"","ast-main-header-display":"","ast-hfb-above-header-display":"","ast-hfb-below-header-display":"","ast-hfb-mobile-header-display":"","site-post-title":"","ast-breadcrumbs-content":"","ast-featured-img":"","footer-sml-layout":"","ast-disable-related-posts":"","theme-transparent-header-meta":"default","adv-header-id-meta":"","stick-header-meta":"","header-above-stick-meta":"","header-main-stick-meta":"","header-below-stick-meta":"","astra-migrate-meta-layouts":"set","ast-page-background-enabled":"default","ast-page-background-meta":{"desktop":{"background-color":"var(--ast-global-color-4)","background-image":"","background-repeat":"repeat","background-position":"center center","background-size":"auto","background-attachment":"scroll","background-type":"","background-media":"","overlay-type":"","overlay-color":"","overlay-opacity":"","overlay-gradient":""},"tablet":{"background-color":"","background-image":"","background-repeat":"repeat","background-position":"center center","background-size":"auto","background-attachment":"scroll","background-type":"","background-media":"","overlay-type":"","overlay-color":"","overlay-opacity":"","overlay-gradient":""},"mobile":{"background-color":"","background-image":"","background-repeat":"repeat","background-position":"center center","background-size":"auto","background-attachment":"scroll","background-type":"","background-media":"","overlay-type":"","overlay-color":"","overlay-opacity":"","overlay-gradient":""}},"ast-content-background-meta":{"desktop":{"background-color":"var(--ast-global-color-5)","background-image":"","background-repeat":"repeat","background-position":"center center","background-size":"auto","background-attachment":"scroll","background-type":"","background-media":"","overlay-type":"","overlay-color":"","overlay-opacity":"","overlay-gradient":""},"tablet":{"background-color":"var(--ast-global-color-5)","background-image":"","background-repeat":"repeat","background-position":"center center","background-size":"auto","background-attachment":"scroll","background-type":"","background-media":"","overlay-type":"","overlay-color":"","overlay-opacity":"","overlay-gradient":""},"mobile":{"background-color":"var(--ast-global-color-5)","background-image":"","background-repeat":"repeat","background-position":"center center","background-size":"auto","background-attachment":"scroll","background-type":"","background-media":"","overlay-type":"","overlay-color":"","overlay-opacity":"","overlay-gradient":""}}},"product_brand":[],"product_cat":[19],"product_tag":[],"class_list":{"0":"post-1553","1":"product","2":"type-product","3":"status-publish","4":"has-post-thumbnail","6":"product_cat-fasteners","8":"first","9":"instock","10":"shipping-taxable","11":"product-type-simple"},"_links":{"self":[{"href":"https:\/\/www.sknfastener.com\/pt\/wp-json\/wp\/v2\/product\/1553","targetHints":{"allow":["GET"]}}],"collection":[{"href":"https:\/\/www.sknfastener.com\/pt\/wp-json\/wp\/v2\/product"}],"about":[{"href":"https:\/\/www.sknfastener.com\/pt\/wp-json\/wp\/v2\/types\/product"}],"replies":[{"embeddable":true,"href":"https:\/\/www.sknfastener.com\/pt\/wp-json\/wp\/v2\/comments?post=1553"}],"version-history":[{"count":2,"href":"https:\/\/www.sknfastener.com\/pt\/wp-json\/wp\/v2\/product\/1553\/revisions"}],"predecessor-version":[{"id":1845,"href":"https:\/\/www.sknfastener.com\/pt\/wp-json\/wp\/v2\/product\/1553\/revisions\/1845"}],"wp:featuredmedia":[{"embeddable":true,"href":"https:\/\/www.sknfastener.com\/pt\/wp-json\/wp\/v2\/media\/1792"}],"wp:attachment":[{"href":"https:\/\/www.sknfastener.com\/pt\/wp-json\/wp\/v2\/media?parent=1553"}],"wp:term":[{"taxonomy":"product_brand","embeddable":true,"href":"https:\/\/www.sknfastener.com\/pt\/wp-json\/wp\/v2\/product_brand?post=1553"},{"taxonomy":"product_cat","embeddable":true,"href":"https:\/\/www.sknfastener.com\/pt\/wp-json\/wp\/v2\/product_cat?post=1553"},{"taxonomy":"product_tag","embeddable":true,"href":"https:\/\/www.sknfastener.com\/pt\/wp-json\/wp\/v2\/product_tag?post=1553"}],"curies":[{"name":"wp","href":"https:\/\/api.w.org\/{rel}","templated":true}]}}