{"id":1628,"date":"2025-05-15T07:25:55","date_gmt":"2025-05-15T07:25:55","guid":{"rendered":"https:\/\/www.sknfastener.com\/?post_type=product&#038;p=1628"},"modified":"2025-05-17T18:23:01","modified_gmt":"2025-05-17T10:23:01","slug":"garage-door-quick-release-pin","status":"publish","type":"product","link":"https:\/\/www.sknfastener.com\/pt\/produto\/garage-door-quick-release-pin\/","title":{"rendered":"Pino de libera\u00e7\u00e3o r\u00e1pida da porta da garagem"},"content":{"rendered":"<h2 class=\"\" data-start=\"1077\" data-end=\"1106\">Especifica\u00e7\u00f5es t\u00e9cnicas do pino de libera\u00e7\u00e3o r\u00e1pida da porta da garagem<\/h2>\n<ul data-start=\"1108\" data-end=\"1452\">\n<li class=\"\" data-start=\"1108\" data-end=\"1160\">\n<p class=\"\" data-start=\"1110\" data-end=\"1160\"><strong data-start=\"1110\" data-end=\"1122\">Material<\/strong>: A\u00e7o inoxid\u00e1vel 304 (pino + al\u00e7a)<\/p>\n<\/li>\n<li class=\"\" data-start=\"1161\" data-end=\"1196\">\n<p class=\"\" data-start=\"1163\" data-end=\"1196\"><strong data-start=\"1163\" data-end=\"1173\">Acabamento<\/strong>: Natural ou polido<\/p>\n<\/li>\n<li class=\"\" data-start=\"1197\" data-end=\"1237\">\n<p class=\"\" data-start=\"1199\" data-end=\"1237\"><strong data-start=\"1199\" data-end=\"1220\">Di\u00e2metros dos pinos (A)<\/strong>: 5 mm a 25 mm<\/p>\n<\/li>\n<li class=\"\" data-start=\"1238\" data-end=\"1281\">\n<p class=\"\" data-start=\"1240\" data-end=\"1281\"><strong data-start=\"1240\" data-end=\"1262\">Comprimentos utiliz\u00e1veis (H)<\/strong>: 10 mm a 100 mm<\/p>\n<\/li>\n<li class=\"\" data-start=\"1282\" data-end=\"1317\">\n<p class=\"\" data-start=\"1284\" data-end=\"1317\"><strong data-start=\"1284\" data-end=\"1297\">Toler\u00e2ncia<\/strong>: +0,00 \/ -1,00 mm<\/p>\n<\/li>\n<li class=\"\" data-start=\"1318\" data-end=\"1365\">\n<p class=\"\" data-start=\"1320\" data-end=\"1365\"><strong data-start=\"1320\" data-end=\"1336\">Estilo da al\u00e7a<\/strong>: Anel em D \/ Al\u00e7a borboleta<\/p>\n<\/li>\n<li class=\"\" data-start=\"1366\" data-end=\"1413\">\n<p class=\"\" data-start=\"1368\" data-end=\"1413\"><strong data-start=\"1368\" data-end=\"1386\">Mecanismo de trava<\/strong>: Esfera dupla com mola<\/p>\n<\/li>\n<li class=\"\" data-start=\"1414\" data-end=\"1452\">\n<p class=\"\" data-start=\"1416\" data-end=\"1452\"><strong data-start=\"1416\" data-end=\"1432\">Classifica\u00e7\u00e3o do ciclo<\/strong>: Mais de 10.000 opera\u00e7\u00f5es<\/p>\n<\/li>\n<\/ul>\n<hr class=\"\" data-start=\"1454\" data-end=\"1457\" \/>\n<h2 class=\"\" data-start=\"1459\" data-end=\"1486\">\u2705 Tabela dimensional (mm)<\/h2>\n<div class=\"_tableContainer_16hzy_1\">\n<div class=\"_tableWrapper_16hzy_14 group flex w-fit flex-col-reverse\" tabindex=\"-1\">\n<table class=\"w-fit min-w-(--thread-content-width)\" data-start=\"1488\" data-end=\"2694\">\n<thead data-start=\"1488\" data-end=\"1609\">\n<tr data-start=\"1488\" data-end=\"1609\">\n<th data-start=\"1488\" data-end=\"1503\" data-col-size=\"sm\">Di\u00e2metro (A)<\/th>\n<th data-start=\"1503\" data-end=\"1523\" data-col-size=\"sm\">Comprimento utiliz\u00e1vel (H)<\/th>\n<th data-start=\"1523\" data-end=\"1532\" data-col-size=\"sm\">\u03a6A<\/th>\n<th data-start=\"1532\" data-end=\"1542\" data-col-size=\"sm\">B<\/th>\n<th data-start=\"1542\" data-end=\"1553\" data-col-size=\"sm\">C<\/th>\n<th data-start=\"1553\" data-end=\"1563\" data-col-size=\"sm\">D<\/th>\n<th data-start=\"1563\" data-end=\"1573\" data-col-size=\"sm\">E<\/th>\n<th data-start=\"1573\" data-end=\"1583\" data-col-size=\"sm\">G<\/th>\n<th data-start=\"1583\" data-end=\"1593\" data-col-size=\"sm\">H<\/th>\n<th data-start=\"1593\" data-end=\"1603\" data-col-size=\"sm\">I<\/th>\n<th data-start=\"1603\" data-end=\"1609\" data-col-size=\"sm\">J<\/th>\n<\/tr>\n<\/thead>\n<tbody data-start=\"1731\" data-end=\"2694\">\n<tr data-start=\"1731\" data-end=\"1851\">\n<td data-start=\"1731\" data-end=\"1746\" data-col-size=\"sm\">5 mm<\/td>\n<td data-col-size=\"sm\" data-start=\"1746\" data-end=\"1765\">10 - 50 mm<\/td>\n<td data-col-size=\"sm\" data-start=\"1765\" data-end=\"1777\">4.92-4.96<\/td>\n<td data-col-size=\"sm\" data-start=\"1777\" data-end=\"1787\">5.54-7<\/td>\n<td data-col-size=\"sm\" data-start=\"1787\" data-end=\"1801\">\u00b10.00\/-1.00<\/td>\n<td data-col-size=\"sm\" data-start=\"1801\" data-end=\"1811\">6.4-7.9<\/td>\n<td data-col-size=\"sm\" data-start=\"1811\" data-end=\"1822\">7.9-13.5<\/td>\n<td data-col-size=\"sm\" data-start=\"1822\" data-end=\"1834\">18.5-37.8<\/td>\n<td data-col-size=\"sm\" data-start=\"1834\" data-end=\"1846\">26.9-36.8<\/td>\n<td data-col-size=\"sm\" data-start=\"1846\" data-end=\"1851\">2<\/td>\n<td data-col-size=\"sm\"><\/td>\n<\/tr>\n<tr data-start=\"1852\" data-end=\"1972\">\n<td data-start=\"1852\" data-end=\"1867\" data-col-size=\"sm\">6 mm<\/td>\n<td data-col-size=\"sm\" data-start=\"1867\" data-end=\"1886\">10 - 50 mm<\/td>\n<td data-col-size=\"sm\" data-start=\"1886\" data-end=\"1898\">5.92-5.96<\/td>\n<td data-col-size=\"sm\" data-start=\"1898\" data-end=\"1908\">6.54-8<\/td>\n<td data-col-size=\"sm\" data-start=\"1908\" data-end=\"1922\">\u00b10.00\/-1.00<\/td>\n<td data-col-size=\"sm\" data-start=\"1922\" data-end=\"1932\">6.4-7.9<\/td>\n<td data-col-size=\"sm\" data-start=\"1932\" data-end=\"1943\">7.9-13.5<\/td>\n<td data-col-size=\"sm\" data-start=\"1943\" data-end=\"1955\">18.5-37.8<\/td>\n<td data-col-size=\"sm\" data-start=\"1955\" data-end=\"1967\">26.9-36.8<\/td>\n<td data-col-size=\"sm\" data-start=\"1967\" data-end=\"1972\">2<\/td>\n<td data-col-size=\"sm\"><\/td>\n<\/tr>\n<tr data-start=\"1973\" data-end=\"2093\">\n<td data-start=\"1973\" data-end=\"1988\" data-col-size=\"sm\">8 mm<\/td>\n<td data-start=\"1988\" data-end=\"2007\" data-col-size=\"sm\">10 - 50 mm<\/td>\n<td data-col-size=\"sm\" data-start=\"2007\" data-end=\"2019\">7.92-7.96<\/td>\n<td data-col-size=\"sm\" data-start=\"2019\" data-end=\"2029\">8.54-9<\/td>\n<td data-col-size=\"sm\" data-start=\"2029\" data-end=\"2043\">\u00b10.00\/-1.00<\/td>\n<td data-col-size=\"sm\" data-start=\"2043\" data-end=\"2053\">6.4-7.9<\/td>\n<td data-col-size=\"sm\" data-start=\"2053\" data-end=\"2064\">7.9-13.5<\/td>\n<td data-col-size=\"sm\" data-start=\"2064\" data-end=\"2076\">18.5-37.8<\/td>\n<td data-col-size=\"sm\" data-start=\"2076\" data-end=\"2088\">26.9-36.8<\/td>\n<td data-col-size=\"sm\" data-start=\"2088\" data-end=\"2093\">2<\/td>\n<td data-col-size=\"sm\"><\/td>\n<\/tr>\n<tr data-start=\"2094\" data-end=\"2214\">\n<td data-start=\"2094\" data-end=\"2109\" data-col-size=\"sm\">10 mm<\/td>\n<td data-col-size=\"sm\" data-start=\"2109\" data-end=\"2128\">10 - 50 mm<\/td>\n<td data-col-size=\"sm\" data-start=\"2128\" data-end=\"2140\">9.92-9.96<\/td>\n<td data-col-size=\"sm\" data-start=\"2140\" data-end=\"2150\">11.86-9<\/td>\n<td data-col-size=\"sm\" data-start=\"2150\" data-end=\"2164\">\u00b10.00\/-1.00<\/td>\n<td data-col-size=\"sm\" data-start=\"2164\" data-end=\"2174\">7.6-9.9<\/td>\n<td data-col-size=\"sm\" data-start=\"2174\" data-end=\"2185\">11.4-16.5<\/td>\n<td data-col-size=\"sm\" data-start=\"2185\" data-end=\"2197\">23.9-37.8<\/td>\n<td data-col-size=\"sm\" data-start=\"2197\" data-end=\"2209\">26.9-36.8<\/td>\n<td data-col-size=\"sm\" data-start=\"2209\" data-end=\"2214\">2<\/td>\n<td data-col-size=\"sm\"><\/td>\n<\/tr>\n<tr data-start=\"2215\" data-end=\"2337\">\n<td data-start=\"2215\" data-end=\"2230\" data-col-size=\"sm\">12 mm<\/td>\n<td data-col-size=\"sm\" data-start=\"2230\" data-end=\"2249\">15 - 60 mm<\/td>\n<td data-col-size=\"sm\" data-start=\"2249\" data-end=\"2263\">11.92-11.96<\/td>\n<td data-col-size=\"sm\" data-start=\"2263\" data-end=\"2274\">14.15-10<\/td>\n<td data-col-size=\"sm\" data-start=\"2274\" data-end=\"2288\">\u00b10.00\/-1.00<\/td>\n<td data-col-size=\"sm\" data-start=\"2288\" data-end=\"2298\">7.6-9.9<\/td>\n<td data-col-size=\"sm\" data-start=\"2298\" data-end=\"2309\">14-18<\/td>\n<td data-col-size=\"sm\" data-start=\"2309\" data-end=\"2321\">24.9-40.1<\/td>\n<td data-col-size=\"sm\" data-start=\"2321\" data-end=\"2332\">27.7-47<\/td>\n<td data-col-size=\"sm\" data-start=\"2332\" data-end=\"2337\">2<\/td>\n<td data-col-size=\"sm\"><\/td>\n<\/tr>\n<tr data-start=\"2338\" data-end=\"2456\">\n<td data-start=\"2338\" data-end=\"2353\" data-col-size=\"sm\">16 mm<\/td>\n<td data-col-size=\"sm\" data-start=\"2353\" data-end=\"2372\">15 - 60 mm<\/td>\n<td data-col-size=\"sm\" data-start=\"2372\" data-end=\"2386\">15.92-15.96<\/td>\n<td data-col-size=\"sm\" data-start=\"2386\" data-end=\"2397\">18.14-14<\/td>\n<td data-col-size=\"sm\" data-start=\"2397\" data-end=\"2411\">\u00b10.00\/-1.00<\/td>\n<td data-col-size=\"sm\" data-start=\"2411\" data-end=\"2422\">14.7-19.1<\/td>\n<td data-col-size=\"sm\" data-start=\"2422\" data-end=\"2433\">23-35.6<\/td>\n<td data-col-size=\"sm\" data-start=\"2433\" data-end=\"2445\">46.7-57.2<\/td>\n<td data-col-size=\"sm\" data-start=\"2445\" data-end=\"2456\">3<\/td>\n<td data-col-size=\"sm\"><\/td>\n<td data-col-size=\"sm\"><\/td>\n<\/tr>\n<tr data-start=\"2457\" data-end=\"2575\">\n<td data-start=\"2457\" data-end=\"2472\" data-col-size=\"sm\">20 mm<\/td>\n<td data-start=\"2472\" data-end=\"2491\" data-col-size=\"sm\">20 - 80 mm<\/td>\n<td data-col-size=\"sm\" data-start=\"2491\" data-end=\"2505\">19.92-19.96<\/td>\n<td data-col-size=\"sm\" data-start=\"2505\" data-end=\"2516\">24.08-17<\/td>\n<td data-col-size=\"sm\" data-start=\"2516\" data-end=\"2530\">\u00b10.00\/-1.00<\/td>\n<td data-col-size=\"sm\" data-start=\"2530\" data-end=\"2541\">14.5-22.2<\/td>\n<td data-col-size=\"sm\" data-start=\"2541\" data-end=\"2552\">26.5-41.3<\/td>\n<td data-col-size=\"sm\" data-start=\"2552\" data-end=\"2564\">50.5-67.3<\/td>\n<td data-col-size=\"sm\" data-start=\"2564\" data-end=\"2575\">3<\/td>\n<td data-col-size=\"sm\"><\/td>\n<td data-col-size=\"sm\"><\/td>\n<\/tr>\n<tr data-start=\"2576\" data-end=\"2694\">\n<td data-start=\"2576\" data-end=\"2591\" data-col-size=\"sm\">25 mm<\/td>\n<td data-col-size=\"sm\" data-start=\"2591\" data-end=\"2610\">30 - 100 mm<\/td>\n<td data-col-size=\"sm\" data-start=\"2610\" data-end=\"2624\">24.92-24.96<\/td>\n<td data-col-size=\"sm\" data-start=\"2624\" data-end=\"2635\">30.94-22<\/td>\n<td data-col-size=\"sm\" data-start=\"2635\" data-end=\"2649\">\u00b10.00\/-1.00<\/td>\n<td data-col-size=\"sm\" data-start=\"2649\" data-end=\"2660\">19.1-29.8<\/td>\n<td data-col-size=\"sm\" data-start=\"2660\" data-end=\"2671\">33.8-50.8<\/td>\n<td data-col-size=\"sm\" data-start=\"2671\" data-end=\"2683\">41.7-78.7<\/td>\n<td data-col-size=\"sm\" data-start=\"2683\" data-end=\"2694\">3<\/td>\n<td data-col-size=\"sm\"><\/td>\n<td data-col-size=\"sm\"><\/td>\n<\/tr>\n<\/tbody>\n<\/table>\n<div class=\"sticky end-(--thread-content-margin) h-0 self-end select-none\">\n<div class=\"absolute end-0 flex items-end\"><\/div>\n<\/div>\n<\/div>\n<\/div>\n<p class=\"\" data-start=\"2696\" data-end=\"2762\"><em data-start=\"2699\" data-end=\"2762\">Tamanhos personalizados e desenhos t\u00e9cnicos est\u00e3o dispon\u00edveis mediante solicita\u00e7\u00e3o.<\/em><\/p>\n<hr class=\"\" data-start=\"2764\" data-end=\"2767\" \/>\n<h2 class=\"\" data-start=\"2769\" data-end=\"2786\">\u2705 Aplicativos<\/h2>\n<ul data-start=\"2788\" data-end=\"2924\">\n<li class=\"\" data-start=\"2788\" data-end=\"2813\">\n<p class=\"\" data-start=\"2790\" data-end=\"2813\">Sistemas de troca de molde<\/p>\n<\/li>\n<li class=\"\" data-start=\"2814\" data-end=\"2845\">\n<p class=\"\" data-start=\"2816\" data-end=\"2845\">Posicionamento de gabaritos e dispositivos<\/p>\n<\/li>\n<li class=\"\" data-start=\"2846\" data-end=\"2867\">\n<p class=\"\" data-start=\"2848\" data-end=\"2867\">Ferramentas aeroespaciais<\/p>\n<\/li>\n<li class=\"\" data-start=\"2868\" data-end=\"2897\">\n<p class=\"\" data-start=\"2870\" data-end=\"2897\">Equipamentos mar\u00edtimos e de conv\u00e9s<\/p>\n<\/li>\n<li class=\"\" data-start=\"2898\" data-end=\"2924\">\n<p class=\"\" data-start=\"2900\" data-end=\"2924\">Configura\u00e7\u00f5es de m\u00e1quinas automatizadas<\/p>\n<\/li>\n<\/ul>\n<hr class=\"\" data-start=\"2926\" data-end=\"2929\" \/>\n<h2 class=\"\" data-start=\"2931\" data-end=\"2952\">Recursos do produto<\/h2>\n<ul data-start=\"2954\" data-end=\"3292\">\n<li class=\"\" data-start=\"2954\" data-end=\"3011\">\n<p class=\"\" data-start=\"2956\" data-end=\"3011\"><strong data-start=\"2959\" data-end=\"2989\">Fixa\u00e7\u00e3o r\u00e1pida e segura<\/strong> - N\u00e3o s\u00e3o necess\u00e1rias ferramentas<\/p>\n<\/li>\n<li class=\"\" data-start=\"3012\" data-end=\"3103\">\n<p class=\"\" data-start=\"3014\" data-end=\"3103\"><strong data-start=\"3017\" data-end=\"3048\">Esferas de travamento com mola<\/strong> - O mecanismo de travamento autom\u00e1tico evita a extra\u00e7\u00e3o acidental<\/p>\n<\/li>\n<li class=\"\" data-start=\"3104\" data-end=\"3179\">\n<p class=\"\" data-start=\"3106\" data-end=\"3179\"><strong data-start=\"3109\" data-end=\"3132\">Resistente \u00e0 corros\u00e3o<\/strong> - A\u00e7o inoxid\u00e1vel 304 para ambientes agressivos<\/p>\n<\/li>\n<li class=\"\" data-start=\"3180\" data-end=\"3239\">\n<p class=\"\" data-start=\"3182\" data-end=\"3239\">\ufe0f <strong data-start=\"3186\" data-end=\"3203\">Al\u00e7a com anel em D<\/strong> - f\u00e1cil opera\u00e7\u00e3o mesmo com luvas<\/p>\n<\/li>\n<li class=\"\" data-start=\"3240\" data-end=\"3292\">\n<p class=\"\" data-start=\"3242\" data-end=\"3292\"><strong data-start=\"3245\" data-end=\"3292\">Comprimentos e di\u00e2metros personalizados das garras dispon\u00edveis<\/strong><\/p>\n<\/li>\n<\/ul>\n<hr class=\"\" data-start=\"3294\" data-end=\"3297\" \/>\n<h2 class=\"\" data-start=\"3299\" data-end=\"3316\">Como fazer o pedido<\/h2>\n<p class=\"\" data-start=\"3318\" data-end=\"3353\">Para solicitar uma cota\u00e7\u00e3o, forne\u00e7a:<\/p>\n<ul data-start=\"3354\" data-end=\"3530\">\n<li class=\"\" data-start=\"3354\" data-end=\"3395\">\n<p class=\"\" data-start=\"3356\" data-end=\"3395\">Di\u00e2metro necess\u00e1rio do pino e comprimento da garra<\/p>\n<\/li>\n<li class=\"\" data-start=\"3396\" data-end=\"3418\">\n<p class=\"\" data-start=\"3398\" data-end=\"3418\">Quantidade estimada<\/p>\n<\/li>\n<li class=\"\" data-start=\"3419\" data-end=\"3487\">\n<p class=\"\" data-start=\"3421\" data-end=\"3487\">Ambiente de aplica\u00e7\u00e3o (se for necess\u00e1rio um tratamento especial da superf\u00edcie)<\/p>\n<\/li>\n<li class=\"\" data-start=\"3488\" data-end=\"3530\">\n<p class=\"\" data-start=\"3490\" data-end=\"3530\">Qualquer desenho CAD ou solicita\u00e7\u00e3o de personaliza\u00e7\u00e3o<\/p>\n<\/li>\n<\/ul>\n<p>&nbsp;<\/p>\n<p>Entre em contato comigo para obter um<\/p>\n<h1 data-start=\"259\" data-end=\"569\">Pino de libera\u00e7\u00e3o r\u00e1pida da porta da garagem<\/h1>","protected":false},"excerpt":{"rendered":"<h6 data-start=\"259\" data-end=\"569\">Pino de libera\u00e7\u00e3o r\u00e1pida da porta da garagem<\/h6>\n<p class=\"\" data-start=\"259\" data-end=\"569\">foi projetado para fixa\u00e7\u00e3o de alta resist\u00eancia e uso repetido em m\u00e1quinas, configura\u00e7\u00f5es de moldes, sistemas de automa\u00e7\u00e3o e ferramentas aeroespaciais. Apresentando um <strong data-start=\"431\" data-end=\"448\">Al\u00e7a com anel em D<\/strong> para f\u00e1cil ader\u00eancia e tra\u00e7\u00e3o, permite <strong data-start=\"487\" data-end=\"522\">inser\u00e7\u00e3o e remo\u00e7\u00e3o sem ferramentas<\/strong> enquanto mant\u00e9m a reten\u00e7\u00e3o segura sob carga.<\/p>\n<p class=\"\" data-start=\"571\" data-end=\"834\">Fabricado a partir de <strong data-start=\"589\" data-end=\"612\">a\u00e7o inoxid\u00e1vel 304<\/strong>Com o pino de a\u00e7o, ele oferece excelente resist\u00eancia \u00e0 corros\u00e3o e ao desgaste, o que o torna adequado para aplica\u00e7\u00f5es internas e externas. A al\u00e7a com anel em D proporciona uma ader\u00eancia confi\u00e1vel, especialmente ao trabalhar com luvas ou em espa\u00e7os apertados.<\/p>\n<p class=\"\" data-start=\"836\" data-end=\"1070\">O mecanismo de esfera com mola garante o engate autom\u00e1tico ap\u00f3s a inser\u00e7\u00e3o, evitando o desengate acidental. Esse design \u00e9 ideal para ferramentas de troca r\u00e1pida, posicionamento de gabaritos e acess\u00f3rios de montagem que exigem ajustes frequentes.<\/p>","protected":false},"featured_media":1801,"comment_status":"closed","ping_status":"closed","template":"","meta":{"site-sidebar-layout":"default","site-content-layout":"","ast-site-content-layout":"default","site-content-style":"default","site-sidebar-style":"default","ast-global-header-display":"","ast-banner-title-visibility":"","ast-main-header-display":"","ast-hfb-above-header-display":"","ast-hfb-below-header-display":"","ast-hfb-mobile-header-display":"","site-post-title":"","ast-breadcrumbs-content":"","ast-featured-img":"","footer-sml-layout":"","ast-disable-related-posts":"","theme-transparent-header-meta":"default","adv-header-id-meta":"","stick-header-meta":"","header-above-stick-meta":"","header-main-stick-meta":"","header-below-stick-meta":"","astra-migrate-meta-layouts":"set","ast-page-background-enabled":"default","ast-page-background-meta":{"desktop":{"background-color":"var(--ast-global-color-4)","background-image":"","background-repeat":"repeat","background-position":"center center","background-size":"auto","background-attachment":"scroll","background-type":"","background-media":"","overlay-type":"","overlay-color":"","overlay-opacity":"","overlay-gradient":""},"tablet":{"background-color":"","background-image":"","background-repeat":"repeat","background-position":"center center","background-size":"auto","background-attachment":"scroll","background-type":"","background-media":"","overlay-type":"","overlay-color":"","overlay-opacity":"","overlay-gradient":""},"mobile":{"background-color":"","background-image":"","background-repeat":"repeat","background-position":"center center","background-size":"auto","background-attachment":"scroll","background-type":"","background-media":"","overlay-type":"","overlay-color":"","overlay-opacity":"","overlay-gradient":""}},"ast-content-background-meta":{"desktop":{"background-color":"var(--ast-global-color-5)","background-image":"","background-repeat":"repeat","background-position":"center center","background-size":"auto","background-attachment":"scroll","background-type":"","background-media":"","overlay-type":"","overlay-color":"","overlay-opacity":"","overlay-gradient":""},"tablet":{"background-color":"var(--ast-global-color-5)","background-image":"","background-repeat":"repeat","background-position":"center center","background-size":"auto","background-attachment":"scroll","background-type":"","background-media":"","overlay-type":"","overlay-color":"","overlay-opacity":"","overlay-gradient":""},"mobile":{"background-color":"var(--ast-global-color-5)","background-image":"","background-repeat":"repeat","background-position":"center center","background-size":"auto","background-attachment":"scroll","background-type":"","background-media":"","overlay-type":"","overlay-color":"","overlay-opacity":"","overlay-gradient":""}}},"product_brand":[],"product_cat":[19],"product_tag":[],"class_list":{"0":"post-1628","1":"product","2":"type-product","3":"status-publish","4":"has-post-thumbnail","6":"product_cat-fasteners","8":"first","9":"instock","10":"shipping-taxable","11":"product-type-simple"},"_links":{"self":[{"href":"https:\/\/www.sknfastener.com\/pt\/wp-json\/wp\/v2\/product\/1628","targetHints":{"allow":["GET"]}}],"collection":[{"href":"https:\/\/www.sknfastener.com\/pt\/wp-json\/wp\/v2\/product"}],"about":[{"href":"https:\/\/www.sknfastener.com\/pt\/wp-json\/wp\/v2\/types\/product"}],"replies":[{"embeddable":true,"href":"https:\/\/www.sknfastener.com\/pt\/wp-json\/wp\/v2\/comments?post=1628"}],"version-history":[{"count":1,"href":"https:\/\/www.sknfastener.com\/pt\/wp-json\/wp\/v2\/product\/1628\/revisions"}],"predecessor-version":[{"id":1842,"href":"https:\/\/www.sknfastener.com\/pt\/wp-json\/wp\/v2\/product\/1628\/revisions\/1842"}],"wp:featuredmedia":[{"embeddable":true,"href":"https:\/\/www.sknfastener.com\/pt\/wp-json\/wp\/v2\/media\/1801"}],"wp:attachment":[{"href":"https:\/\/www.sknfastener.com\/pt\/wp-json\/wp\/v2\/media?parent=1628"}],"wp:term":[{"taxonomy":"product_brand","embeddable":true,"href":"https:\/\/www.sknfastener.com\/pt\/wp-json\/wp\/v2\/product_brand?post=1628"},{"taxonomy":"product_cat","embeddable":true,"href":"https:\/\/www.sknfastener.com\/pt\/wp-json\/wp\/v2\/product_cat?post=1628"},{"taxonomy":"product_tag","embeddable":true,"href":"https:\/\/www.sknfastener.com\/pt\/wp-json\/wp\/v2\/product_tag?post=1628"}],"curies":[{"name":"wp","href":"https:\/\/api.w.org\/{rel}","templated":true}]}}